{"id":13767,"date":"2025-01-09T10:08:38","date_gmt":"2025-01-09T10:08:38","guid":{"rendered":"https:\/\/botiga.saiga.es\/producte\/motosierra-hs37-pro-extensible-arvipo\/"},"modified":"2025-01-09T10:08:38","modified_gmt":"2025-01-09T10:08:38","slug":"motosierra-hs37-pro-extensible-arvipo","status":"publish","type":"product","link":"https:\/\/saiga.es\/es\/producto\/motosierra-hs37-pro-extensible-arvipo\/","title":{"rendered":"Motosierra HS37 PRO extensible Arvipo"},"content":{"rendered":"<p>La sierra el\u00e9ctrica ARVIPO HS37 PRO es una soluci\u00f3n \u00f3ptima para trabajos de poda en altura exigentes. La p\u00e9rtiga telesc\u00f3pica permite adaptar la altura y el alcance, conservando su equilibrio. Destaca su ligereza, manejabilidad y velocidad de corte. Todo sumado resulta en una herramienta que nos permite trabajar con comodidad y rapidez en trabajos de poda que de otra forma resultan lentos y peligrosos. Presenta un corte excelente tanto en ramas finas como de gran di\u00e1metro. Permite completar al 100% la poda de cualquier \u00e1rbol. Adem\u00e1s, como su nombre indica, pasa a aumentar la familia ARVIPO 37 dando mayor versatilidad a sus bater\u00edas y creando un conjunto de herramientas para la poda muy potente por sus cualidades de alto rendimiento en el trabajo. La nueva ARVIPO HS37 PRO incorpora el sistema de lubricaci\u00f3n autom\u00e1tico que evita las paradas innecesarias en la jornada de poda, convirti\u00e9ndola en una herramienta m\u00e1s eficiente. <\/p>\n","protected":false},"excerpt":{"rendered":"<p>La sierra el\u00e9ctrica ARVIPO HS37 PRO es una soluci\u00f3n \u00f3ptima para trabajos de poda en altura exigentes. La p\u00e9rtiga telesc\u00f3pica permite adaptar la altura y el alcance, conservando su equilibrio. <\/p>\n","protected":false},"featured_media":13766,"comment_status":"closed","ping_status":"closed","template":"","meta":[],"product_brand":[],"product_cat":[1689,1709],"product_tag":[382,1669,553],"class_list":{"0":"post-13767","1":"product","2":"type-product","3":"status-publish","4":"has-post-thumbnail","6":"product_cat-motossierras","7":"product_cat-sierras-electricas-arvipo","8":"product_tag-arvipo-es","9":"product_tag-motosierra","10":"product_tag-poda-es","12":"first","13":"instock","14":"taxable","15":"shipping-taxable","16":"purchasable","17":"product-type-simple"},"yoast_head":"<!-- This site is optimized with the Yoast SEO plugin v27.4 - https:\/\/yoast.com\/product\/yoast-seo-wordpress\/ -->\n<title>Motosierra HS37 PRO extensible Arvipo | SAIGA<\/title>\n<meta name=\"robots\" content=\"index, follow, max-snippet:-1, max-image-preview:large, max-video-preview:-1\" \/>\n<link rel=\"canonical\" href=\"https:\/\/saiga.es\/es\/producto\/motosierra-hs37-pro-extensible-arvipo\/\" \/>\n<meta property=\"og:locale\" content=\"es_ES\" \/>\n<meta property=\"og:type\" content=\"article\" \/>\n<meta property=\"og:title\" content=\"Motosierra HS37 PRO extensible Arvipo | SAIGA\" \/>\n<meta property=\"og:description\" content=\"La sierra el\u00e9ctrica ARVIPO HS37 PRO es una soluci\u00f3n \u00f3ptima para trabajos de poda en altura exigentes. La p\u00e9rtiga telesc\u00f3pica permite adaptar la altura y el alcance, conservando su equilibrio.\" \/>\n<meta property=\"og:url\" content=\"https:\/\/saiga.es\/es\/producto\/motosierra-hs37-pro-extensible-arvipo\/\" \/>\n<meta property=\"og:site_name\" content=\"SAIGA\" \/>\n<meta property=\"og:image\" content=\"https:\/\/saiga.es\/wp-content\/uploads\/2025\/01\/HS-37-PRO.jpg\" \/>\n\t<meta property=\"og:image:width\" content=\"1080\" \/>\n\t<meta property=\"og:image:height\" content=\"1080\" \/>\n\t<meta property=\"og:image:type\" content=\"image\/jpeg\" \/>\n<meta name=\"twitter:card\" content=\"summary_large_image\" \/>\n<meta name=\"twitter:site\" content=\"@saiga_agro\" \/>\n<meta name=\"twitter:label1\" content=\"Tiempo de lectura\" \/>\n\t<meta name=\"twitter:data1\" content=\"1 minuto\" \/>\n<script type=\"application\/ld+json\" class=\"yoast-schema-graph\">{\"@context\":\"https:\\\/\\\/schema.org\",\"@graph\":[{\"@type\":\"WebPage\",\"@id\":\"https:\\\/\\\/saiga.es\\\/es\\\/producto\\\/motosierra-hs37-pro-extensible-arvipo\\\/\",\"url\":\"https:\\\/\\\/saiga.es\\\/es\\\/producto\\\/motosierra-hs37-pro-extensible-arvipo\\\/\",\"name\":\"Motosierra HS37 PRO extensible Arvipo | SAIGA\",\"isPartOf\":{\"@id\":\"https:\\\/\\\/saiga.es\\\/es\\\/#website\"},\"primaryImageOfPage\":{\"@id\":\"https:\\\/\\\/saiga.es\\\/es\\\/producto\\\/motosierra-hs37-pro-extensible-arvipo\\\/#primaryimage\"},\"image\":{\"@id\":\"https:\\\/\\\/saiga.es\\\/es\\\/producto\\\/motosierra-hs37-pro-extensible-arvipo\\\/#primaryimage\"},\"thumbnailUrl\":\"https:\\\/\\\/saiga.es\\\/wp-content\\\/uploads\\\/2025\\\/01\\\/HS-37-PRO.jpg\",\"datePublished\":\"2025-01-09T10:08:38+00:00\",\"breadcrumb\":{\"@id\":\"https:\\\/\\\/saiga.es\\\/es\\\/producto\\\/motosierra-hs37-pro-extensible-arvipo\\\/#breadcrumb\"},\"inLanguage\":\"es\",\"potentialAction\":[{\"@type\":\"ReadAction\",\"target\":[\"https:\\\/\\\/saiga.es\\\/es\\\/producto\\\/motosierra-hs37-pro-extensible-arvipo\\\/\"]}]},{\"@type\":\"ImageObject\",\"inLanguage\":\"es\",\"@id\":\"https:\\\/\\\/saiga.es\\\/es\\\/producto\\\/motosierra-hs37-pro-extensible-arvipo\\\/#primaryimage\",\"url\":\"https:\\\/\\\/saiga.es\\\/wp-content\\\/uploads\\\/2025\\\/01\\\/HS-37-PRO.jpg\",\"contentUrl\":\"https:\\\/\\\/saiga.es\\\/wp-content\\\/uploads\\\/2025\\\/01\\\/HS-37-PRO.jpg\",\"width\":1080,\"height\":1080,\"caption\":\"HS 31 PRO\"},{\"@type\":\"BreadcrumbList\",\"@id\":\"https:\\\/\\\/saiga.es\\\/es\\\/producto\\\/motosierra-hs37-pro-extensible-arvipo\\\/#breadcrumb\",\"itemListElement\":[{\"@type\":\"ListItem\",\"position\":1,\"name\":\"Inici\",\"item\":\"https:\\\/\\\/saiga.es\\\/es\\\/\"},{\"@type\":\"ListItem\",\"position\":2,\"name\":\"Tienda\",\"item\":\"https:\\\/\\\/saiga.es\\\/es\\\/tienda\\\/\"},{\"@type\":\"ListItem\",\"position\":3,\"name\":\"Motosierra HS37 PRO extensible Arvipo\"}]},{\"@type\":\"WebSite\",\"@id\":\"https:\\\/\\\/saiga.es\\\/es\\\/#website\",\"url\":\"https:\\\/\\\/saiga.es\\\/es\\\/\",\"name\":\"SAIGA\",\"description\":\"M\u00e9s de 50 anys al servei de la terra i treballant per a un \u00fas eficient de l\u2019aigua!\",\"publisher\":{\"@id\":\"https:\\\/\\\/saiga.es\\\/es\\\/#organization\"},\"potentialAction\":[{\"@type\":\"SearchAction\",\"target\":{\"@type\":\"EntryPoint\",\"urlTemplate\":\"https:\\\/\\\/saiga.es\\\/es\\\/?s={search_term_string}\"},\"query-input\":{\"@type\":\"PropertyValueSpecification\",\"valueRequired\":true,\"valueName\":\"search_term_string\"}}],\"inLanguage\":\"es\"},{\"@type\":\"Organization\",\"@id\":\"https:\\\/\\\/saiga.es\\\/es\\\/#organization\",\"name\":\"SAIGA\",\"url\":\"https:\\\/\\\/saiga.es\\\/es\\\/\",\"logo\":{\"@type\":\"ImageObject\",\"inLanguage\":\"es\",\"@id\":\"https:\\\/\\\/saiga.es\\\/es\\\/#\\\/schema\\\/logo\\\/image\\\/\",\"url\":\"https:\\\/\\\/saiga.es\\\/wp-content\\\/uploads\\\/2025\\\/07\\\/logo_saiga_baseline_optimitzat.svg\",\"contentUrl\":\"https:\\\/\\\/saiga.es\\\/wp-content\\\/uploads\\\/2025\\\/07\\\/logo_saiga_baseline_optimitzat.svg\",\"caption\":\"SAIGA\"},\"image\":{\"@id\":\"https:\\\/\\\/saiga.es\\\/es\\\/#\\\/schema\\\/logo\\\/image\\\/\"},\"sameAs\":[\"https:\\\/\\\/x.com\\\/saiga_agro\",\"https:\\\/\\\/www.instagram.com\\\/saiga_agro\\\/\"]}]}<\/script>\n<!-- \/ Yoast SEO plugin. -->","yoast_head_json":{"title":"Motosierra HS37 PRO extensible Arvipo | SAIGA","robots":{"index":"index","follow":"follow","max-snippet":"max-snippet:-1","max-image-preview":"max-image-preview:large","max-video-preview":"max-video-preview:-1"},"canonical":"https:\/\/saiga.es\/es\/producto\/motosierra-hs37-pro-extensible-arvipo\/","og_locale":"es_ES","og_type":"article","og_title":"Motosierra HS37 PRO extensible Arvipo | SAIGA","og_description":"La sierra el\u00e9ctrica ARVIPO HS37 PRO es una soluci\u00f3n \u00f3ptima para trabajos de poda en altura exigentes. La p\u00e9rtiga telesc\u00f3pica permite adaptar la altura y el alcance, conservando su equilibrio.","og_url":"https:\/\/saiga.es\/es\/producto\/motosierra-hs37-pro-extensible-arvipo\/","og_site_name":"SAIGA","og_image":[{"width":1080,"height":1080,"url":"https:\/\/saiga.es\/wp-content\/uploads\/2025\/01\/HS-37-PRO.jpg","type":"image\/jpeg"}],"twitter_card":"summary_large_image","twitter_site":"@saiga_agro","twitter_misc":{"Tiempo de lectura":"1 minuto"},"schema":{"@context":"https:\/\/schema.org","@graph":[{"@type":"WebPage","@id":"https:\/\/saiga.es\/es\/producto\/motosierra-hs37-pro-extensible-arvipo\/","url":"https:\/\/saiga.es\/es\/producto\/motosierra-hs37-pro-extensible-arvipo\/","name":"Motosierra HS37 PRO extensible Arvipo | SAIGA","isPartOf":{"@id":"https:\/\/saiga.es\/es\/#website"},"primaryImageOfPage":{"@id":"https:\/\/saiga.es\/es\/producto\/motosierra-hs37-pro-extensible-arvipo\/#primaryimage"},"image":{"@id":"https:\/\/saiga.es\/es\/producto\/motosierra-hs37-pro-extensible-arvipo\/#primaryimage"},"thumbnailUrl":"https:\/\/saiga.es\/wp-content\/uploads\/2025\/01\/HS-37-PRO.jpg","datePublished":"2025-01-09T10:08:38+00:00","breadcrumb":{"@id":"https:\/\/saiga.es\/es\/producto\/motosierra-hs37-pro-extensible-arvipo\/#breadcrumb"},"inLanguage":"es","potentialAction":[{"@type":"ReadAction","target":["https:\/\/saiga.es\/es\/producto\/motosierra-hs37-pro-extensible-arvipo\/"]}]},{"@type":"ImageObject","inLanguage":"es","@id":"https:\/\/saiga.es\/es\/producto\/motosierra-hs37-pro-extensible-arvipo\/#primaryimage","url":"https:\/\/saiga.es\/wp-content\/uploads\/2025\/01\/HS-37-PRO.jpg","contentUrl":"https:\/\/saiga.es\/wp-content\/uploads\/2025\/01\/HS-37-PRO.jpg","width":1080,"height":1080,"caption":"HS 31 PRO"},{"@type":"BreadcrumbList","@id":"https:\/\/saiga.es\/es\/producto\/motosierra-hs37-pro-extensible-arvipo\/#breadcrumb","itemListElement":[{"@type":"ListItem","position":1,"name":"Inici","item":"https:\/\/saiga.es\/es\/"},{"@type":"ListItem","position":2,"name":"Tienda","item":"https:\/\/saiga.es\/es\/tienda\/"},{"@type":"ListItem","position":3,"name":"Motosierra HS37 PRO extensible Arvipo"}]},{"@type":"WebSite","@id":"https:\/\/saiga.es\/es\/#website","url":"https:\/\/saiga.es\/es\/","name":"SAIGA","description":"M\u00e9s de 50 anys al servei de la terra i treballant per a un \u00fas eficient de l\u2019aigua!","publisher":{"@id":"https:\/\/saiga.es\/es\/#organization"},"potentialAction":[{"@type":"SearchAction","target":{"@type":"EntryPoint","urlTemplate":"https:\/\/saiga.es\/es\/?s={search_term_string}"},"query-input":{"@type":"PropertyValueSpecification","valueRequired":true,"valueName":"search_term_string"}}],"inLanguage":"es"},{"@type":"Organization","@id":"https:\/\/saiga.es\/es\/#organization","name":"SAIGA","url":"https:\/\/saiga.es\/es\/","logo":{"@type":"ImageObject","inLanguage":"es","@id":"https:\/\/saiga.es\/es\/#\/schema\/logo\/image\/","url":"https:\/\/saiga.es\/wp-content\/uploads\/2025\/07\/logo_saiga_baseline_optimitzat.svg","contentUrl":"https:\/\/saiga.es\/wp-content\/uploads\/2025\/07\/logo_saiga_baseline_optimitzat.svg","caption":"SAIGA"},"image":{"@id":"https:\/\/saiga.es\/es\/#\/schema\/logo\/image\/"},"sameAs":["https:\/\/x.com\/saiga_agro","https:\/\/www.instagram.com\/saiga_agro\/"]}]}},"_links":{"self":[{"href":"https:\/\/saiga.es\/es\/wp-json\/wp\/v2\/product\/13767","targetHints":{"allow":["GET"]}}],"collection":[{"href":"https:\/\/saiga.es\/es\/wp-json\/wp\/v2\/product"}],"about":[{"href":"https:\/\/saiga.es\/es\/wp-json\/wp\/v2\/types\/product"}],"replies":[{"embeddable":true,"href":"https:\/\/saiga.es\/es\/wp-json\/wp\/v2\/comments?post=13767"}],"wp:featuredmedia":[{"embeddable":true,"href":"https:\/\/saiga.es\/es\/wp-json\/wp\/v2\/media\/13766"}],"wp:attachment":[{"href":"https:\/\/saiga.es\/es\/wp-json\/wp\/v2\/media?parent=13767"}],"wp:term":[{"taxonomy":"product_brand","embeddable":true,"href":"https:\/\/saiga.es\/es\/wp-json\/wp\/v2\/product_brand?post=13767"},{"taxonomy":"product_cat","embeddable":true,"href":"https:\/\/saiga.es\/es\/wp-json\/wp\/v2\/product_cat?post=13767"},{"taxonomy":"product_tag","embeddable":true,"href":"https:\/\/saiga.es\/es\/wp-json\/wp\/v2\/product_tag?post=13767"}],"curies":[{"name":"wp","href":"https:\/\/api.w.org\/{rel}","templated":true}]}}