{"id":13774,"date":"2024-10-07T09:25:16","date_gmt":"2024-10-07T09:25:16","guid":{"rendered":"https:\/\/botiga.saiga.es\/producte\/escoba-plastica-43cm-combisystem\/"},"modified":"2024-10-07T09:25:16","modified_gmt":"2024-10-07T09:25:16","slug":"escoba-plastica-43cm-combisystem","status":"publish","type":"product","link":"https:\/\/saiga.es\/es\/producto\/escoba-plastica-43cm-combisystem\/","title":{"rendered":"Escoba pl\u00e1stica 43cm combisystem"},"content":{"rendered":"<p>Escoba pl\u00e1stica 43cm combisystem La rascladora para c\u00e9sped del sistema combisystem de GARDENA te ayuda a recoger f\u00e1cilmente hojas, recortes de c\u00e9sped y otros residuos de tu jard\u00edn. El combisystem de GARDENA es vers\u00e1til gracias a los accesorios que pueden cambiarse seg\u00fan la tarea. Esta escoba es compatible con cualquier mango del sistema combi de GARDENA, y se puede fijar con seguridad en el mango. Para trabajar de forma \u00f3ptima, GARDENA recomienda un mango de 130 cm, pero puedes escoger uno diferente seg\u00fan tu altura y necesidades de trabajo. La conexi\u00f3n fuerte entre la escoba y el mango garantiza un trabajo c\u00f3modo. Los dientes resistentes de pl\u00e1stico de calidad y un ancho de trabajo de 43 cm hacen que sea sencillo de utilizar sin da\u00f1ar el c\u00e9sped. El soporte de herramientas Flex (Art. No. 3505-20) te ayuda a guardar la rascladora de forma compacta y organizada.<\/p>\n","protected":false},"excerpt":{"rendered":"<p>&nbsp;<\/p>\n<p>Escoba pl\u00e1stica 43cm combisystem La rascladora para el c\u00e9sped del sistema combisystem de GARDENA te ayuda a recoger f\u00e1cilmente hojas, recortes de c\u00e9sped y otros residuos de tu jard\u00edn. escoba es compatible con cualquier mango del sistema combi de GARDENA, y se puede fijar con seguridad en el mango. \u00f3ptima, GARDENA recomienda un mango de 130 cm, pero puedes escoger uno diferente seg\u00fan tu altura y las necesidades de trabajo. La conexi\u00f3n fuerte entre la escoba y el mango garantiza un trabajo c\u00f3modo. y un ancho de trabajo de 43 cm hacen que sea sencillo de utilizar sin da\u00f1ar el c\u00e9sped. te ayuda a guardar la rascladora de forma compacta y organizada.<\/p>\n","protected":false},"featured_media":14719,"comment_status":"open","ping_status":"closed","template":"","meta":[],"product_brand":[],"product_cat":[406,1638,174],"product_tag":[1789,1790],"class_list":{"0":"post-13774","1":"product","2":"type-product","3":"status-publish","4":"has-post-thumbnail","6":"product_cat-jardineria-domestica-es","7":"product_cat-otros","8":"product_cat-productos-jardineria-exterior-domestica","9":"product_tag-gardena-es","10":"product_tag-rasclet-es","12":"first","13":"instock","14":"taxable","15":"shipping-taxable","16":"purchasable","17":"product-type-simple"},"yoast_head":"<!-- This site is optimized with the Yoast SEO plugin v27.4 - https:\/\/yoast.com\/product\/yoast-seo-wordpress\/ -->\n<title>Escoba pl\u00e1stica 43cm combisystem | SAIGA<\/title>\n<meta name=\"description\" content=\"La escoba para c\u00e9sped combisystem de GARDENA es ideal para recoger hojas y residuos del jard\u00edn de forma eficiente, con accesorios intercambiables.\" \/>\n<meta name=\"robots\" content=\"index, follow, max-snippet:-1, max-image-preview:large, max-video-preview:-1\" \/>\n<link rel=\"canonical\" href=\"https:\/\/saiga.es\/es\/producto\/escoba-plastica-43cm-combisystem\/\" \/>\n<meta property=\"og:locale\" content=\"es_ES\" \/>\n<meta property=\"og:type\" content=\"article\" \/>\n<meta property=\"og:title\" content=\"Escoba pl\u00e1stica 43cm combisystem | SAIGA\" \/>\n<meta property=\"og:description\" content=\"La escoba para c\u00e9sped combisystem de GARDENA es ideal para recoger hojas y residuos del jard\u00edn de forma eficiente, con accesorios intercambiables.\" \/>\n<meta property=\"og:url\" content=\"https:\/\/saiga.es\/es\/producto\/escoba-plastica-43cm-combisystem\/\" \/>\n<meta property=\"og:site_name\" content=\"SAIGA\" \/>\n<meta property=\"og:image\" content=\"https:\/\/saiga.es\/wp-content\/uploads\/2024\/10\/Escombra-plastica-combisystem.jpg\" \/>\n\t<meta property=\"og:image:width\" content=\"1080\" \/>\n\t<meta property=\"og:image:height\" content=\"1080\" \/>\n\t<meta property=\"og:image:type\" content=\"image\/jpeg\" \/>\n<meta name=\"twitter:card\" content=\"summary_large_image\" \/>\n<meta name=\"twitter:site\" content=\"@saiga_agro\" \/>\n<meta name=\"twitter:label1\" content=\"Tiempo de lectura\" \/>\n\t<meta name=\"twitter:data1\" content=\"1 minuto\" \/>\n<script type=\"application\/ld+json\" class=\"yoast-schema-graph\">{\"@context\":\"https:\\\/\\\/schema.org\",\"@graph\":[{\"@type\":\"WebPage\",\"@id\":\"https:\\\/\\\/saiga.es\\\/es\\\/producto\\\/escoba-plastica-43cm-combisystem\\\/\",\"url\":\"https:\\\/\\\/saiga.es\\\/es\\\/producto\\\/escoba-plastica-43cm-combisystem\\\/\",\"name\":\"Escoba pl\u00e1stica 43cm combisystem | SAIGA\",\"isPartOf\":{\"@id\":\"https:\\\/\\\/saiga.es\\\/es\\\/#website\"},\"primaryImageOfPage\":{\"@id\":\"https:\\\/\\\/saiga.es\\\/es\\\/producto\\\/escoba-plastica-43cm-combisystem\\\/#primaryimage\"},\"image\":{\"@id\":\"https:\\\/\\\/saiga.es\\\/es\\\/producto\\\/escoba-plastica-43cm-combisystem\\\/#primaryimage\"},\"thumbnailUrl\":\"https:\\\/\\\/saiga.es\\\/wp-content\\\/uploads\\\/2024\\\/10\\\/Escombra-plastica-combisystem.jpg\",\"datePublished\":\"2024-10-07T09:25:16+00:00\",\"description\":\"La escoba para c\u00e9sped combisystem de GARDENA es ideal para recoger hojas y residuos del jard\u00edn de forma eficiente, con accesorios intercambiables.\",\"breadcrumb\":{\"@id\":\"https:\\\/\\\/saiga.es\\\/es\\\/producto\\\/escoba-plastica-43cm-combisystem\\\/#breadcrumb\"},\"inLanguage\":\"es\",\"potentialAction\":[{\"@type\":\"ReadAction\",\"target\":[\"https:\\\/\\\/saiga.es\\\/es\\\/producto\\\/escoba-plastica-43cm-combisystem\\\/\"]}]},{\"@type\":\"ImageObject\",\"inLanguage\":\"es\",\"@id\":\"https:\\\/\\\/saiga.es\\\/es\\\/producto\\\/escoba-plastica-43cm-combisystem\\\/#primaryimage\",\"url\":\"https:\\\/\\\/saiga.es\\\/wp-content\\\/uploads\\\/2024\\\/10\\\/Escombra-plastica-combisystem.jpg\",\"contentUrl\":\"https:\\\/\\\/saiga.es\\\/wp-content\\\/uploads\\\/2024\\\/10\\\/Escombra-plastica-combisystem.jpg\",\"width\":1080,\"height\":1080,\"caption\":\"Escombra pl\u00e0stica\"},{\"@type\":\"BreadcrumbList\",\"@id\":\"https:\\\/\\\/saiga.es\\\/es\\\/producto\\\/escoba-plastica-43cm-combisystem\\\/#breadcrumb\",\"itemListElement\":[{\"@type\":\"ListItem\",\"position\":1,\"name\":\"Inici\",\"item\":\"https:\\\/\\\/saiga.es\\\/es\\\/\"},{\"@type\":\"ListItem\",\"position\":2,\"name\":\"Tienda\",\"item\":\"https:\\\/\\\/saiga.es\\\/es\\\/tienda\\\/\"},{\"@type\":\"ListItem\",\"position\":3,\"name\":\"Escoba pl\u00e1stica 43cm combisystem\"}]},{\"@type\":\"WebSite\",\"@id\":\"https:\\\/\\\/saiga.es\\\/es\\\/#website\",\"url\":\"https:\\\/\\\/saiga.es\\\/es\\\/\",\"name\":\"SAIGA\",\"description\":\"M\u00e9s de 50 anys al servei de la terra i treballant per a un \u00fas eficient de l\u2019aigua!\",\"publisher\":{\"@id\":\"https:\\\/\\\/saiga.es\\\/es\\\/#organization\"},\"potentialAction\":[{\"@type\":\"SearchAction\",\"target\":{\"@type\":\"EntryPoint\",\"urlTemplate\":\"https:\\\/\\\/saiga.es\\\/es\\\/?s={search_term_string}\"},\"query-input\":{\"@type\":\"PropertyValueSpecification\",\"valueRequired\":true,\"valueName\":\"search_term_string\"}}],\"inLanguage\":\"es\"},{\"@type\":\"Organization\",\"@id\":\"https:\\\/\\\/saiga.es\\\/es\\\/#organization\",\"name\":\"SAIGA\",\"url\":\"https:\\\/\\\/saiga.es\\\/es\\\/\",\"logo\":{\"@type\":\"ImageObject\",\"inLanguage\":\"es\",\"@id\":\"https:\\\/\\\/saiga.es\\\/es\\\/#\\\/schema\\\/logo\\\/image\\\/\",\"url\":\"https:\\\/\\\/saiga.es\\\/wp-content\\\/uploads\\\/2025\\\/07\\\/logo_saiga_baseline_optimitzat.svg\",\"contentUrl\":\"https:\\\/\\\/saiga.es\\\/wp-content\\\/uploads\\\/2025\\\/07\\\/logo_saiga_baseline_optimitzat.svg\",\"caption\":\"SAIGA\"},\"image\":{\"@id\":\"https:\\\/\\\/saiga.es\\\/es\\\/#\\\/schema\\\/logo\\\/image\\\/\"},\"sameAs\":[\"https:\\\/\\\/x.com\\\/saiga_agro\",\"https:\\\/\\\/www.instagram.com\\\/saiga_agro\\\/\"]}]}<\/script>\n<!-- \/ Yoast SEO plugin. -->","yoast_head_json":{"title":"Escoba pl\u00e1stica 43cm combisystem | SAIGA","description":"La escoba para c\u00e9sped combisystem de GARDENA es ideal para recoger hojas y residuos del jard\u00edn de forma eficiente, con accesorios intercambiables.","robots":{"index":"index","follow":"follow","max-snippet":"max-snippet:-1","max-image-preview":"max-image-preview:large","max-video-preview":"max-video-preview:-1"},"canonical":"https:\/\/saiga.es\/es\/producto\/escoba-plastica-43cm-combisystem\/","og_locale":"es_ES","og_type":"article","og_title":"Escoba pl\u00e1stica 43cm combisystem | SAIGA","og_description":"La escoba para c\u00e9sped combisystem de GARDENA es ideal para recoger hojas y residuos del jard\u00edn de forma eficiente, con accesorios intercambiables.","og_url":"https:\/\/saiga.es\/es\/producto\/escoba-plastica-43cm-combisystem\/","og_site_name":"SAIGA","og_image":[{"width":1080,"height":1080,"url":"https:\/\/saiga.es\/wp-content\/uploads\/2024\/10\/Escombra-plastica-combisystem.jpg","type":"image\/jpeg"}],"twitter_card":"summary_large_image","twitter_site":"@saiga_agro","twitter_misc":{"Tiempo de lectura":"1 minuto"},"schema":{"@context":"https:\/\/schema.org","@graph":[{"@type":"WebPage","@id":"https:\/\/saiga.es\/es\/producto\/escoba-plastica-43cm-combisystem\/","url":"https:\/\/saiga.es\/es\/producto\/escoba-plastica-43cm-combisystem\/","name":"Escoba pl\u00e1stica 43cm combisystem | SAIGA","isPartOf":{"@id":"https:\/\/saiga.es\/es\/#website"},"primaryImageOfPage":{"@id":"https:\/\/saiga.es\/es\/producto\/escoba-plastica-43cm-combisystem\/#primaryimage"},"image":{"@id":"https:\/\/saiga.es\/es\/producto\/escoba-plastica-43cm-combisystem\/#primaryimage"},"thumbnailUrl":"https:\/\/saiga.es\/wp-content\/uploads\/2024\/10\/Escombra-plastica-combisystem.jpg","datePublished":"2024-10-07T09:25:16+00:00","description":"La escoba para c\u00e9sped combisystem de GARDENA es ideal para recoger hojas y residuos del jard\u00edn de forma eficiente, con accesorios intercambiables.","breadcrumb":{"@id":"https:\/\/saiga.es\/es\/producto\/escoba-plastica-43cm-combisystem\/#breadcrumb"},"inLanguage":"es","potentialAction":[{"@type":"ReadAction","target":["https:\/\/saiga.es\/es\/producto\/escoba-plastica-43cm-combisystem\/"]}]},{"@type":"ImageObject","inLanguage":"es","@id":"https:\/\/saiga.es\/es\/producto\/escoba-plastica-43cm-combisystem\/#primaryimage","url":"https:\/\/saiga.es\/wp-content\/uploads\/2024\/10\/Escombra-plastica-combisystem.jpg","contentUrl":"https:\/\/saiga.es\/wp-content\/uploads\/2024\/10\/Escombra-plastica-combisystem.jpg","width":1080,"height":1080,"caption":"Escombra pl\u00e0stica"},{"@type":"BreadcrumbList","@id":"https:\/\/saiga.es\/es\/producto\/escoba-plastica-43cm-combisystem\/#breadcrumb","itemListElement":[{"@type":"ListItem","position":1,"name":"Inici","item":"https:\/\/saiga.es\/es\/"},{"@type":"ListItem","position":2,"name":"Tienda","item":"https:\/\/saiga.es\/es\/tienda\/"},{"@type":"ListItem","position":3,"name":"Escoba pl\u00e1stica 43cm combisystem"}]},{"@type":"WebSite","@id":"https:\/\/saiga.es\/es\/#website","url":"https:\/\/saiga.es\/es\/","name":"SAIGA","description":"M\u00e9s de 50 anys al servei de la terra i treballant per a un \u00fas eficient de l\u2019aigua!","publisher":{"@id":"https:\/\/saiga.es\/es\/#organization"},"potentialAction":[{"@type":"SearchAction","target":{"@type":"EntryPoint","urlTemplate":"https:\/\/saiga.es\/es\/?s={search_term_string}"},"query-input":{"@type":"PropertyValueSpecification","valueRequired":true,"valueName":"search_term_string"}}],"inLanguage":"es"},{"@type":"Organization","@id":"https:\/\/saiga.es\/es\/#organization","name":"SAIGA","url":"https:\/\/saiga.es\/es\/","logo":{"@type":"ImageObject","inLanguage":"es","@id":"https:\/\/saiga.es\/es\/#\/schema\/logo\/image\/","url":"https:\/\/saiga.es\/wp-content\/uploads\/2025\/07\/logo_saiga_baseline_optimitzat.svg","contentUrl":"https:\/\/saiga.es\/wp-content\/uploads\/2025\/07\/logo_saiga_baseline_optimitzat.svg","caption":"SAIGA"},"image":{"@id":"https:\/\/saiga.es\/es\/#\/schema\/logo\/image\/"},"sameAs":["https:\/\/x.com\/saiga_agro","https:\/\/www.instagram.com\/saiga_agro\/"]}]}},"_links":{"self":[{"href":"https:\/\/saiga.es\/es\/wp-json\/wp\/v2\/product\/13774","targetHints":{"allow":["GET"]}}],"collection":[{"href":"https:\/\/saiga.es\/es\/wp-json\/wp\/v2\/product"}],"about":[{"href":"https:\/\/saiga.es\/es\/wp-json\/wp\/v2\/types\/product"}],"replies":[{"embeddable":true,"href":"https:\/\/saiga.es\/es\/wp-json\/wp\/v2\/comments?post=13774"}],"wp:featuredmedia":[{"embeddable":true,"href":"https:\/\/saiga.es\/es\/wp-json\/wp\/v2\/media\/14719"}],"wp:attachment":[{"href":"https:\/\/saiga.es\/es\/wp-json\/wp\/v2\/media?parent=13774"}],"wp:term":[{"taxonomy":"product_brand","embeddable":true,"href":"https:\/\/saiga.es\/es\/wp-json\/wp\/v2\/product_brand?post=13774"},{"taxonomy":"product_cat","embeddable":true,"href":"https:\/\/saiga.es\/es\/wp-json\/wp\/v2\/product_cat?post=13774"},{"taxonomy":"product_tag","embeddable":true,"href":"https:\/\/saiga.es\/es\/wp-json\/wp\/v2\/product_tag?post=13774"}],"curies":[{"name":"wp","href":"https:\/\/api.w.org\/{rel}","templated":true}]}}