{"id":13782,"date":"2024-10-01T14:16:48","date_gmt":"2024-10-01T14:16:48","guid":{"rendered":"https:\/\/botiga.saiga.es\/producte\/rastrillo-41cm-comisystem\/"},"modified":"2024-10-01T14:16:48","modified_gmt":"2024-10-01T14:16:48","slug":"rastrillo-41cm-comisystem","status":"publish","type":"product","link":"https:\/\/saiga.es\/es\/producto\/rastrillo-41cm-comisystem\/","title":{"rendered":"Rastrillo 41cm comisystem"},"content":{"rendered":"<p>Rastrillo 41cm comisystem El rastrillo combisystem GARDENA es un pr\u00e1ctico rastrillo multiuso, ideal para barrer, nivelar o trabajar la tierra. El sistema combisystem de GARDENA permite un uso flexible gracias a sus accesorios intercambiables. El rastrillo es compatible con todos los mangos del sistema combi de GARDENA y se puede montar y fijar f\u00e1cilmente. GARDENA recomienda un mango de 150 cm de largo, dependiendo de las condiciones de trabajo y de la altura de la persona. La conexi\u00f3n segura entre el rastrillo y el mango asegura un trabajo c\u00f3modo en todo momento. Con 16 p\u00faas y un ancho de trabajo de 41 cm, el rastrillo est\u00e1 fabricado en acero de alta calidad y tiene un recubrimiento Duroplast para ofrecer protecci\u00f3n contra la corrosi\u00f3n y durabilidad. Deje que su colecci\u00f3n de herramientas crezca. Combisystem GARDENA. Intercambiable. Durable. Para cualquier labor de jardiner\u00eda.<\/p>\n","protected":false},"excerpt":{"rendered":"<p>Rastrillo 41cm comisystem El rastrillo combisystem GARDENA es un pr\u00e1ctico rastrillo multiuso, ideal para barrer, nivelar o trabajar la tierra. El sistema combisystem de GARDENA permite un uso flexible gracias a sus accesorios intercambiables. El rastrillo es compatible con todos los mangos del sistema combi de GARDENA y se puede montar y fijar f\u00e1cilmente. GARDENA recomienda un mango de 150 cm de largo, dependiendo de las condiciones de trabajo y de la altura de la persona. La conexi\u00f3n segura entre el rastrillo y el mango asegura un trabajo c\u00f3modo en todo momento. Con 16 p\u00faas y un ancho de trabajo de 41 cm, el rastrillo est\u00e1 fabricado en acero de alta calidad y tiene un recubrimiento Duroplast para ofrecer protecci\u00f3n contra la corrosi\u00f3n y durabilidad. Deje que su colecci\u00f3n de herramientas crezca. Combisystem GARDENA. Intercambiable. Durable. Para cualquier labor de jardiner\u00eda.<\/p>\n","protected":false},"featured_media":12202,"comment_status":"open","ping_status":"closed","template":"","meta":[],"product_brand":[],"product_cat":[1638],"product_tag":[],"class_list":{"0":"post-13782","1":"product","2":"type-product","3":"status-publish","4":"has-post-thumbnail","6":"product_cat-otros","8":"first","9":"instock","10":"taxable","11":"shipping-taxable","12":"purchasable","13":"product-type-simple"},"yoast_head":"<!-- This site is optimized with the Yoast SEO plugin v27.4 - https:\/\/yoast.com\/product\/yoast-seo-wordpress\/ -->\n<title>Rastrillo 41cm comisystem | SAIGA<\/title>\n<meta name=\"description\" content=\"El rastrillo combisystem GARDENA es ideal para barrer, alisar y trabajar la tierra con flexibilidad gracias a sus accesorios intercambiables.\" \/>\n<meta name=\"robots\" content=\"index, follow, max-snippet:-1, max-image-preview:large, max-video-preview:-1\" \/>\n<link rel=\"canonical\" href=\"https:\/\/saiga.es\/es\/producto\/rastrillo-41cm-comisystem\/\" \/>\n<meta property=\"og:locale\" content=\"es_ES\" \/>\n<meta property=\"og:type\" content=\"article\" \/>\n<meta property=\"og:title\" content=\"Rastrillo 41cm comisystem | SAIGA\" \/>\n<meta property=\"og:description\" content=\"El rastrillo combisystem GARDENA es ideal para barrer, alisar y trabajar la tierra con flexibilidad gracias a sus accesorios intercambiables.\" \/>\n<meta property=\"og:url\" content=\"https:\/\/saiga.es\/es\/producto\/rastrillo-41cm-comisystem\/\" \/>\n<meta property=\"og:site_name\" content=\"SAIGA\" \/>\n<meta property=\"og:image\" content=\"https:\/\/saiga.es\/wp-content\/uploads\/2024\/10\/GA410-0120_HighResPng.webp\" \/>\n\t<meta property=\"og:image:width\" content=\"530\" \/>\n\t<meta property=\"og:image:height\" content=\"530\" \/>\n\t<meta property=\"og:image:type\" content=\"image\/webp\" \/>\n<meta name=\"twitter:card\" content=\"summary_large_image\" \/>\n<meta name=\"twitter:site\" content=\"@saiga_agro\" \/>\n<meta name=\"twitter:label1\" content=\"Tiempo de lectura\" \/>\n\t<meta name=\"twitter:data1\" content=\"1 minuto\" \/>\n<script type=\"application\/ld+json\" class=\"yoast-schema-graph\">{\"@context\":\"https:\\\/\\\/schema.org\",\"@graph\":[{\"@type\":\"WebPage\",\"@id\":\"https:\\\/\\\/saiga.es\\\/es\\\/producto\\\/rastrillo-41cm-comisystem\\\/\",\"url\":\"https:\\\/\\\/saiga.es\\\/es\\\/producto\\\/rastrillo-41cm-comisystem\\\/\",\"name\":\"Rastrillo 41cm comisystem | SAIGA\",\"isPartOf\":{\"@id\":\"https:\\\/\\\/saiga.es\\\/es\\\/#website\"},\"primaryImageOfPage\":{\"@id\":\"https:\\\/\\\/saiga.es\\\/es\\\/producto\\\/rastrillo-41cm-comisystem\\\/#primaryimage\"},\"image\":{\"@id\":\"https:\\\/\\\/saiga.es\\\/es\\\/producto\\\/rastrillo-41cm-comisystem\\\/#primaryimage\"},\"thumbnailUrl\":\"https:\\\/\\\/saiga.es\\\/wp-content\\\/uploads\\\/2024\\\/10\\\/GA410-0120_HighResPng.webp\",\"datePublished\":\"2024-10-01T14:16:48+00:00\",\"description\":\"El rastrillo combisystem GARDENA es ideal para barrer, alisar y trabajar la tierra con flexibilidad gracias a sus accesorios intercambiables.\",\"breadcrumb\":{\"@id\":\"https:\\\/\\\/saiga.es\\\/es\\\/producto\\\/rastrillo-41cm-comisystem\\\/#breadcrumb\"},\"inLanguage\":\"es\",\"potentialAction\":[{\"@type\":\"ReadAction\",\"target\":[\"https:\\\/\\\/saiga.es\\\/es\\\/producto\\\/rastrillo-41cm-comisystem\\\/\"]}]},{\"@type\":\"ImageObject\",\"inLanguage\":\"es\",\"@id\":\"https:\\\/\\\/saiga.es\\\/es\\\/producto\\\/rastrillo-41cm-comisystem\\\/#primaryimage\",\"url\":\"https:\\\/\\\/saiga.es\\\/wp-content\\\/uploads\\\/2024\\\/10\\\/GA410-0120_HighResPng.webp\",\"contentUrl\":\"https:\\\/\\\/saiga.es\\\/wp-content\\\/uploads\\\/2024\\\/10\\\/GA410-0120_HighResPng.webp\",\"width\":530,\"height\":530},{\"@type\":\"BreadcrumbList\",\"@id\":\"https:\\\/\\\/saiga.es\\\/es\\\/producto\\\/rastrillo-41cm-comisystem\\\/#breadcrumb\",\"itemListElement\":[{\"@type\":\"ListItem\",\"position\":1,\"name\":\"Inici\",\"item\":\"https:\\\/\\\/saiga.es\\\/es\\\/\"},{\"@type\":\"ListItem\",\"position\":2,\"name\":\"Tienda\",\"item\":\"https:\\\/\\\/saiga.es\\\/es\\\/tienda\\\/\"},{\"@type\":\"ListItem\",\"position\":3,\"name\":\"Rastrillo 41cm comisystem\"}]},{\"@type\":\"WebSite\",\"@id\":\"https:\\\/\\\/saiga.es\\\/es\\\/#website\",\"url\":\"https:\\\/\\\/saiga.es\\\/es\\\/\",\"name\":\"SAIGA\",\"description\":\"M\u00e9s de 50 anys al servei de la terra i treballant per a un \u00fas eficient de l\u2019aigua!\",\"publisher\":{\"@id\":\"https:\\\/\\\/saiga.es\\\/es\\\/#organization\"},\"potentialAction\":[{\"@type\":\"SearchAction\",\"target\":{\"@type\":\"EntryPoint\",\"urlTemplate\":\"https:\\\/\\\/saiga.es\\\/es\\\/?s={search_term_string}\"},\"query-input\":{\"@type\":\"PropertyValueSpecification\",\"valueRequired\":true,\"valueName\":\"search_term_string\"}}],\"inLanguage\":\"es\"},{\"@type\":\"Organization\",\"@id\":\"https:\\\/\\\/saiga.es\\\/es\\\/#organization\",\"name\":\"SAIGA\",\"url\":\"https:\\\/\\\/saiga.es\\\/es\\\/\",\"logo\":{\"@type\":\"ImageObject\",\"inLanguage\":\"es\",\"@id\":\"https:\\\/\\\/saiga.es\\\/es\\\/#\\\/schema\\\/logo\\\/image\\\/\",\"url\":\"https:\\\/\\\/saiga.es\\\/wp-content\\\/uploads\\\/2025\\\/07\\\/logo_saiga_baseline_optimitzat.svg\",\"contentUrl\":\"https:\\\/\\\/saiga.es\\\/wp-content\\\/uploads\\\/2025\\\/07\\\/logo_saiga_baseline_optimitzat.svg\",\"caption\":\"SAIGA\"},\"image\":{\"@id\":\"https:\\\/\\\/saiga.es\\\/es\\\/#\\\/schema\\\/logo\\\/image\\\/\"},\"sameAs\":[\"https:\\\/\\\/x.com\\\/saiga_agro\",\"https:\\\/\\\/www.instagram.com\\\/saiga_agro\\\/\"]}]}<\/script>\n<!-- \/ Yoast SEO plugin. -->","yoast_head_json":{"title":"Rastrillo 41cm comisystem | SAIGA","description":"El rastrillo combisystem GARDENA es ideal para barrer, alisar y trabajar la tierra con flexibilidad gracias a sus accesorios intercambiables.","robots":{"index":"index","follow":"follow","max-snippet":"max-snippet:-1","max-image-preview":"max-image-preview:large","max-video-preview":"max-video-preview:-1"},"canonical":"https:\/\/saiga.es\/es\/producto\/rastrillo-41cm-comisystem\/","og_locale":"es_ES","og_type":"article","og_title":"Rastrillo 41cm comisystem | SAIGA","og_description":"El rastrillo combisystem GARDENA es ideal para barrer, alisar y trabajar la tierra con flexibilidad gracias a sus accesorios intercambiables.","og_url":"https:\/\/saiga.es\/es\/producto\/rastrillo-41cm-comisystem\/","og_site_name":"SAIGA","og_image":[{"width":530,"height":530,"url":"https:\/\/saiga.es\/wp-content\/uploads\/2024\/10\/GA410-0120_HighResPng.webp","type":"image\/webp"}],"twitter_card":"summary_large_image","twitter_site":"@saiga_agro","twitter_misc":{"Tiempo de lectura":"1 minuto"},"schema":{"@context":"https:\/\/schema.org","@graph":[{"@type":"WebPage","@id":"https:\/\/saiga.es\/es\/producto\/rastrillo-41cm-comisystem\/","url":"https:\/\/saiga.es\/es\/producto\/rastrillo-41cm-comisystem\/","name":"Rastrillo 41cm comisystem | SAIGA","isPartOf":{"@id":"https:\/\/saiga.es\/es\/#website"},"primaryImageOfPage":{"@id":"https:\/\/saiga.es\/es\/producto\/rastrillo-41cm-comisystem\/#primaryimage"},"image":{"@id":"https:\/\/saiga.es\/es\/producto\/rastrillo-41cm-comisystem\/#primaryimage"},"thumbnailUrl":"https:\/\/saiga.es\/wp-content\/uploads\/2024\/10\/GA410-0120_HighResPng.webp","datePublished":"2024-10-01T14:16:48+00:00","description":"El rastrillo combisystem GARDENA es ideal para barrer, alisar y trabajar la tierra con flexibilidad gracias a sus accesorios intercambiables.","breadcrumb":{"@id":"https:\/\/saiga.es\/es\/producto\/rastrillo-41cm-comisystem\/#breadcrumb"},"inLanguage":"es","potentialAction":[{"@type":"ReadAction","target":["https:\/\/saiga.es\/es\/producto\/rastrillo-41cm-comisystem\/"]}]},{"@type":"ImageObject","inLanguage":"es","@id":"https:\/\/saiga.es\/es\/producto\/rastrillo-41cm-comisystem\/#primaryimage","url":"https:\/\/saiga.es\/wp-content\/uploads\/2024\/10\/GA410-0120_HighResPng.webp","contentUrl":"https:\/\/saiga.es\/wp-content\/uploads\/2024\/10\/GA410-0120_HighResPng.webp","width":530,"height":530},{"@type":"BreadcrumbList","@id":"https:\/\/saiga.es\/es\/producto\/rastrillo-41cm-comisystem\/#breadcrumb","itemListElement":[{"@type":"ListItem","position":1,"name":"Inici","item":"https:\/\/saiga.es\/es\/"},{"@type":"ListItem","position":2,"name":"Tienda","item":"https:\/\/saiga.es\/es\/tienda\/"},{"@type":"ListItem","position":3,"name":"Rastrillo 41cm comisystem"}]},{"@type":"WebSite","@id":"https:\/\/saiga.es\/es\/#website","url":"https:\/\/saiga.es\/es\/","name":"SAIGA","description":"M\u00e9s de 50 anys al servei de la terra i treballant per a un \u00fas eficient de l\u2019aigua!","publisher":{"@id":"https:\/\/saiga.es\/es\/#organization"},"potentialAction":[{"@type":"SearchAction","target":{"@type":"EntryPoint","urlTemplate":"https:\/\/saiga.es\/es\/?s={search_term_string}"},"query-input":{"@type":"PropertyValueSpecification","valueRequired":true,"valueName":"search_term_string"}}],"inLanguage":"es"},{"@type":"Organization","@id":"https:\/\/saiga.es\/es\/#organization","name":"SAIGA","url":"https:\/\/saiga.es\/es\/","logo":{"@type":"ImageObject","inLanguage":"es","@id":"https:\/\/saiga.es\/es\/#\/schema\/logo\/image\/","url":"https:\/\/saiga.es\/wp-content\/uploads\/2025\/07\/logo_saiga_baseline_optimitzat.svg","contentUrl":"https:\/\/saiga.es\/wp-content\/uploads\/2025\/07\/logo_saiga_baseline_optimitzat.svg","caption":"SAIGA"},"image":{"@id":"https:\/\/saiga.es\/es\/#\/schema\/logo\/image\/"},"sameAs":["https:\/\/x.com\/saiga_agro","https:\/\/www.instagram.com\/saiga_agro\/"]}]}},"_links":{"self":[{"href":"https:\/\/saiga.es\/es\/wp-json\/wp\/v2\/product\/13782","targetHints":{"allow":["GET"]}}],"collection":[{"href":"https:\/\/saiga.es\/es\/wp-json\/wp\/v2\/product"}],"about":[{"href":"https:\/\/saiga.es\/es\/wp-json\/wp\/v2\/types\/product"}],"replies":[{"embeddable":true,"href":"https:\/\/saiga.es\/es\/wp-json\/wp\/v2\/comments?post=13782"}],"wp:featuredmedia":[{"embeddable":true,"href":"https:\/\/saiga.es\/es\/wp-json\/wp\/v2\/media\/12202"}],"wp:attachment":[{"href":"https:\/\/saiga.es\/es\/wp-json\/wp\/v2\/media?parent=13782"}],"wp:term":[{"taxonomy":"product_brand","embeddable":true,"href":"https:\/\/saiga.es\/es\/wp-json\/wp\/v2\/product_brand?post=13782"},{"taxonomy":"product_cat","embeddable":true,"href":"https:\/\/saiga.es\/es\/wp-json\/wp\/v2\/product_cat?post=13782"},{"taxonomy":"product_tag","embeddable":true,"href":"https:\/\/saiga.es\/es\/wp-json\/wp\/v2\/product_tag?post=13782"}],"curies":[{"name":"wp","href":"https:\/\/api.w.org\/{rel}","templated":true}]}}