{"id":13812,"date":"2024-10-10T09:45:15","date_gmt":"2024-10-10T09:45:15","guid":{"rendered":"https:\/\/botiga.saiga.es\/producte\/reguladora-manga-diam-19\/"},"modified":"2025-01-13T11:39:06","modified_gmt":"2025-01-13T11:39:06","slug":"reguladora-manga-diam-19","status":"publish","type":"product","link":"https:\/\/saiga.es\/es\/producto\/reguladora-manga-diam-19\/","title":{"rendered":"Reguladora manga diam.19"},"content":{"rendered":"<p>Reguladora manguera <span class=\"hiddenSpellError\">diam<\/span>.19 Facilita el cambio de herramientas de conexi\u00f3n, incluso con alta presi\u00f3n de agua. Permite extraer agua de forma c\u00f3moda y ajustar o interrumpir el flujo de agua al final de la manguera.<\/p>\n","protected":false},"excerpt":{"rendered":"<p>Reguladora manguera <span class=\"hiddenSpellError\">diam<\/span>.19 Facilita el cambio de herramientas de conexi\u00f3n, incluso con alta presi\u00f3n de agua. Permite extraer agua de forma c\u00f3moda y ajustar o interrumpir el flujo de agua al final de la manguera.<\/p>\n","protected":false},"featured_media":12363,"comment_status":"open","ping_status":"closed","template":"","meta":[],"product_brand":[],"product_cat":[198],"product_tag":[],"class_list":{"0":"post-13812","1":"product","2":"type-product","3":"status-publish","4":"has-post-thumbnail","6":"product_cat-mangueras-y-accesorios","8":"first","9":"instock","10":"taxable","11":"shipping-taxable","12":"purchasable","13":"product-type-simple"},"yoast_head":"<!-- This site is optimized with the Yoast SEO plugin v27.3 - https:\/\/yoast.com\/product\/yoast-seo-wordpress\/ -->\n<title>Reguladora manga diam.19 | SAIGA<\/title>\n<meta name=\"description\" content=\"Facilita el cambio de herramientas de conexi\u00f3n incluso con alta presi\u00f3n de agua. Permite extraer agua de forma c\u00f3moda y ajustarlo.\" \/>\n<meta name=\"robots\" content=\"index, follow, max-snippet:-1, max-image-preview:large, max-video-preview:-1\" \/>\n<link rel=\"canonical\" href=\"https:\/\/saiga.es\/es\/producto\/reguladora-manga-diam-19\/\" \/>\n<meta property=\"og:locale\" content=\"es_ES\" \/>\n<meta property=\"og:type\" content=\"article\" \/>\n<meta property=\"og:title\" content=\"Reguladora manga diam.19 | SAIGA\" \/>\n<meta property=\"og:description\" content=\"Facilita el cambio de herramientas de conexi\u00f3n incluso con alta presi\u00f3n de agua. Permite extraer agua de forma c\u00f3moda y ajustarlo.\" \/>\n<meta property=\"og:url\" content=\"https:\/\/saiga.es\/es\/producto\/reguladora-manga-diam-19\/\" \/>\n<meta property=\"og:site_name\" content=\"SAIGA\" \/>\n<meta property=\"article:modified_time\" content=\"2025-01-13T11:39:06+00:00\" \/>\n<meta property=\"og:image\" content=\"https:\/\/saiga.es\/wp-content\/uploads\/2024\/10\/GA110-1398_HighResPng.webp\" \/>\n\t<meta property=\"og:image:width\" content=\"660\" \/>\n\t<meta property=\"og:image:height\" content=\"530\" \/>\n\t<meta property=\"og:image:type\" content=\"image\/webp\" \/>\n<meta name=\"twitter:card\" content=\"summary_large_image\" \/>\n<meta name=\"twitter:site\" content=\"@saiga_agro\" \/>\n<script type=\"application\/ld+json\" class=\"yoast-schema-graph\">{\"@context\":\"https:\\\/\\\/schema.org\",\"@graph\":[{\"@type\":\"WebPage\",\"@id\":\"https:\\\/\\\/saiga.es\\\/es\\\/producto\\\/reguladora-manga-diam-19\\\/\",\"url\":\"https:\\\/\\\/saiga.es\\\/es\\\/producto\\\/reguladora-manga-diam-19\\\/\",\"name\":\"Reguladora manga diam.19 | SAIGA\",\"isPartOf\":{\"@id\":\"https:\\\/\\\/saiga.es\\\/es\\\/#website\"},\"primaryImageOfPage\":{\"@id\":\"https:\\\/\\\/saiga.es\\\/es\\\/producto\\\/reguladora-manga-diam-19\\\/#primaryimage\"},\"image\":{\"@id\":\"https:\\\/\\\/saiga.es\\\/es\\\/producto\\\/reguladora-manga-diam-19\\\/#primaryimage\"},\"thumbnailUrl\":\"https:\\\/\\\/saiga.es\\\/wp-content\\\/uploads\\\/2024\\\/10\\\/GA110-1398_HighResPng.webp\",\"datePublished\":\"2024-10-10T09:45:15+00:00\",\"dateModified\":\"2025-01-13T11:39:06+00:00\",\"description\":\"Facilita el cambio de herramientas de conexi\u00f3n incluso con alta presi\u00f3n de agua. Permite extraer agua de forma c\u00f3moda y ajustarlo.\",\"breadcrumb\":{\"@id\":\"https:\\\/\\\/saiga.es\\\/es\\\/producto\\\/reguladora-manga-diam-19\\\/#breadcrumb\"},\"inLanguage\":\"es\",\"potentialAction\":[{\"@type\":\"ReadAction\",\"target\":[\"https:\\\/\\\/saiga.es\\\/es\\\/producto\\\/reguladora-manga-diam-19\\\/\"]}]},{\"@type\":\"ImageObject\",\"inLanguage\":\"es\",\"@id\":\"https:\\\/\\\/saiga.es\\\/es\\\/producto\\\/reguladora-manga-diam-19\\\/#primaryimage\",\"url\":\"https:\\\/\\\/saiga.es\\\/wp-content\\\/uploads\\\/2024\\\/10\\\/GA110-1398_HighResPng.webp\",\"contentUrl\":\"https:\\\/\\\/saiga.es\\\/wp-content\\\/uploads\\\/2024\\\/10\\\/GA110-1398_HighResPng.webp\",\"width\":660,\"height\":530},{\"@type\":\"BreadcrumbList\",\"@id\":\"https:\\\/\\\/saiga.es\\\/es\\\/producto\\\/reguladora-manga-diam-19\\\/#breadcrumb\",\"itemListElement\":[{\"@type\":\"ListItem\",\"position\":1,\"name\":\"Inici\",\"item\":\"https:\\\/\\\/saiga.es\\\/es\\\/\"},{\"@type\":\"ListItem\",\"position\":2,\"name\":\"Tienda\",\"item\":\"https:\\\/\\\/saiga.es\\\/es\\\/tienda\\\/\"},{\"@type\":\"ListItem\",\"position\":3,\"name\":\"Reguladora manga diam.19\"}]},{\"@type\":\"WebSite\",\"@id\":\"https:\\\/\\\/saiga.es\\\/es\\\/#website\",\"url\":\"https:\\\/\\\/saiga.es\\\/es\\\/\",\"name\":\"SAIGA\",\"description\":\"M\u00e9s de 50 anys al servei de la terra i treballant per a un \u00fas eficient de l\u2019aigua!\",\"publisher\":{\"@id\":\"https:\\\/\\\/saiga.es\\\/es\\\/#organization\"},\"potentialAction\":[{\"@type\":\"SearchAction\",\"target\":{\"@type\":\"EntryPoint\",\"urlTemplate\":\"https:\\\/\\\/saiga.es\\\/es\\\/?s={search_term_string}\"},\"query-input\":{\"@type\":\"PropertyValueSpecification\",\"valueRequired\":true,\"valueName\":\"search_term_string\"}}],\"inLanguage\":\"es\"},{\"@type\":\"Organization\",\"@id\":\"https:\\\/\\\/saiga.es\\\/es\\\/#organization\",\"name\":\"SAIGA\",\"url\":\"https:\\\/\\\/saiga.es\\\/es\\\/\",\"logo\":{\"@type\":\"ImageObject\",\"inLanguage\":\"es\",\"@id\":\"https:\\\/\\\/saiga.es\\\/es\\\/#\\\/schema\\\/logo\\\/image\\\/\",\"url\":\"https:\\\/\\\/saiga.es\\\/wp-content\\\/uploads\\\/2025\\\/07\\\/logo_saiga_baseline_optimitzat.svg\",\"contentUrl\":\"https:\\\/\\\/saiga.es\\\/wp-content\\\/uploads\\\/2025\\\/07\\\/logo_saiga_baseline_optimitzat.svg\",\"caption\":\"SAIGA\"},\"image\":{\"@id\":\"https:\\\/\\\/saiga.es\\\/es\\\/#\\\/schema\\\/logo\\\/image\\\/\"},\"sameAs\":[\"https:\\\/\\\/x.com\\\/saiga_agro\",\"https:\\\/\\\/www.instagram.com\\\/saiga_agro\\\/\"]}]}<\/script>\n<!-- \/ Yoast SEO plugin. -->","yoast_head_json":{"title":"Reguladora manga diam.19 | SAIGA","description":"Facilita el cambio de herramientas de conexi\u00f3n incluso con alta presi\u00f3n de agua. Permite extraer agua de forma c\u00f3moda y ajustarlo.","robots":{"index":"index","follow":"follow","max-snippet":"max-snippet:-1","max-image-preview":"max-image-preview:large","max-video-preview":"max-video-preview:-1"},"canonical":"https:\/\/saiga.es\/es\/producto\/reguladora-manga-diam-19\/","og_locale":"es_ES","og_type":"article","og_title":"Reguladora manga diam.19 | SAIGA","og_description":"Facilita el cambio de herramientas de conexi\u00f3n incluso con alta presi\u00f3n de agua. Permite extraer agua de forma c\u00f3moda y ajustarlo.","og_url":"https:\/\/saiga.es\/es\/producto\/reguladora-manga-diam-19\/","og_site_name":"SAIGA","article_modified_time":"2025-01-13T11:39:06+00:00","og_image":[{"width":660,"height":530,"url":"https:\/\/saiga.es\/wp-content\/uploads\/2024\/10\/GA110-1398_HighResPng.webp","type":"image\/webp"}],"twitter_card":"summary_large_image","twitter_site":"@saiga_agro","schema":{"@context":"https:\/\/schema.org","@graph":[{"@type":"WebPage","@id":"https:\/\/saiga.es\/es\/producto\/reguladora-manga-diam-19\/","url":"https:\/\/saiga.es\/es\/producto\/reguladora-manga-diam-19\/","name":"Reguladora manga diam.19 | SAIGA","isPartOf":{"@id":"https:\/\/saiga.es\/es\/#website"},"primaryImageOfPage":{"@id":"https:\/\/saiga.es\/es\/producto\/reguladora-manga-diam-19\/#primaryimage"},"image":{"@id":"https:\/\/saiga.es\/es\/producto\/reguladora-manga-diam-19\/#primaryimage"},"thumbnailUrl":"https:\/\/saiga.es\/wp-content\/uploads\/2024\/10\/GA110-1398_HighResPng.webp","datePublished":"2024-10-10T09:45:15+00:00","dateModified":"2025-01-13T11:39:06+00:00","description":"Facilita el cambio de herramientas de conexi\u00f3n incluso con alta presi\u00f3n de agua. Permite extraer agua de forma c\u00f3moda y ajustarlo.","breadcrumb":{"@id":"https:\/\/saiga.es\/es\/producto\/reguladora-manga-diam-19\/#breadcrumb"},"inLanguage":"es","potentialAction":[{"@type":"ReadAction","target":["https:\/\/saiga.es\/es\/producto\/reguladora-manga-diam-19\/"]}]},{"@type":"ImageObject","inLanguage":"es","@id":"https:\/\/saiga.es\/es\/producto\/reguladora-manga-diam-19\/#primaryimage","url":"https:\/\/saiga.es\/wp-content\/uploads\/2024\/10\/GA110-1398_HighResPng.webp","contentUrl":"https:\/\/saiga.es\/wp-content\/uploads\/2024\/10\/GA110-1398_HighResPng.webp","width":660,"height":530},{"@type":"BreadcrumbList","@id":"https:\/\/saiga.es\/es\/producto\/reguladora-manga-diam-19\/#breadcrumb","itemListElement":[{"@type":"ListItem","position":1,"name":"Inici","item":"https:\/\/saiga.es\/es\/"},{"@type":"ListItem","position":2,"name":"Tienda","item":"https:\/\/saiga.es\/es\/tienda\/"},{"@type":"ListItem","position":3,"name":"Reguladora manga diam.19"}]},{"@type":"WebSite","@id":"https:\/\/saiga.es\/es\/#website","url":"https:\/\/saiga.es\/es\/","name":"SAIGA","description":"M\u00e9s de 50 anys al servei de la terra i treballant per a un \u00fas eficient de l\u2019aigua!","publisher":{"@id":"https:\/\/saiga.es\/es\/#organization"},"potentialAction":[{"@type":"SearchAction","target":{"@type":"EntryPoint","urlTemplate":"https:\/\/saiga.es\/es\/?s={search_term_string}"},"query-input":{"@type":"PropertyValueSpecification","valueRequired":true,"valueName":"search_term_string"}}],"inLanguage":"es"},{"@type":"Organization","@id":"https:\/\/saiga.es\/es\/#organization","name":"SAIGA","url":"https:\/\/saiga.es\/es\/","logo":{"@type":"ImageObject","inLanguage":"es","@id":"https:\/\/saiga.es\/es\/#\/schema\/logo\/image\/","url":"https:\/\/saiga.es\/wp-content\/uploads\/2025\/07\/logo_saiga_baseline_optimitzat.svg","contentUrl":"https:\/\/saiga.es\/wp-content\/uploads\/2025\/07\/logo_saiga_baseline_optimitzat.svg","caption":"SAIGA"},"image":{"@id":"https:\/\/saiga.es\/es\/#\/schema\/logo\/image\/"},"sameAs":["https:\/\/x.com\/saiga_agro","https:\/\/www.instagram.com\/saiga_agro\/"]}]}},"_links":{"self":[{"href":"https:\/\/saiga.es\/es\/wp-json\/wp\/v2\/product\/13812","targetHints":{"allow":["GET"]}}],"collection":[{"href":"https:\/\/saiga.es\/es\/wp-json\/wp\/v2\/product"}],"about":[{"href":"https:\/\/saiga.es\/es\/wp-json\/wp\/v2\/types\/product"}],"replies":[{"embeddable":true,"href":"https:\/\/saiga.es\/es\/wp-json\/wp\/v2\/comments?post=13812"}],"wp:featuredmedia":[{"embeddable":true,"href":"https:\/\/saiga.es\/es\/wp-json\/wp\/v2\/media\/12363"}],"wp:attachment":[{"href":"https:\/\/saiga.es\/es\/wp-json\/wp\/v2\/media?parent=13812"}],"wp:term":[{"taxonomy":"product_brand","embeddable":true,"href":"https:\/\/saiga.es\/es\/wp-json\/wp\/v2\/product_brand?post=13812"},{"taxonomy":"product_cat","embeddable":true,"href":"https:\/\/saiga.es\/es\/wp-json\/wp\/v2\/product_cat?post=13812"},{"taxonomy":"product_tag","embeddable":true,"href":"https:\/\/saiga.es\/es\/wp-json\/wp\/v2\/product_tag?post=13812"}],"curies":[{"name":"wp","href":"https:\/\/api.w.org\/{rel}","templated":true}]}}