{"id":13925,"date":"2025-01-23T14:01:56","date_gmt":"2025-01-23T14:01:56","guid":{"rendered":"https:\/\/botiga.saiga.es\/producte\/malla-de-seguridad-para-construccion\/"},"modified":"2025-01-23T14:01:56","modified_gmt":"2025-01-23T14:01:56","slug":"malla-de-seguridad-para-construccion","status":"publish","type":"product","link":"https:\/\/saiga.es\/es\/producto\/malla-de-seguridad-para-construccion\/","title":{"rendered":"Malla de seguridad para construcci\u00f3n"},"content":{"rendered":"<p>Esta valla de seguridad es una soluci\u00f3n del cerrado temporal excelente para los sitios de la construcci\u00f3n, las \u00e1reas de esqu\u00ed, granja y ranchos. Tambi\u00e9n es ideal para el control del tr\u00e1fico y los eventos deportivos al aire libre, etc. Fabricado con materiales de alta calidad, no se oxida, ni se pudre. El cierre es incre\u00edblemente fuerte pero ligero y flexible debido al proceso de la extrusi\u00f3n y el estiramiento especial utilizado en la fabricaci\u00f3n. El color brillante y el dise\u00f1o de l\u00e1mina plana ofrecen una estupenda visibilidad. Nuestra valla de seguridad es flexible, plegable y duradera, haci\u00e9ndolo f\u00e1cil de instalar incluso en la tierra desigual. El montaje es bastante f\u00e1cil.      <\/p>\n","protected":false},"excerpt":{"rendered":"<p>Esta valla de seguridad es una soluci\u00f3n del cerrado temporal excelente para los sitios de la construcci\u00f3n, las \u00e1reas de esqu\u00ed, granja y ranchos.<\/p>\n","protected":false},"featured_media":13923,"comment_status":"closed","ping_status":"closed","template":"","meta":[],"product_brand":[],"product_cat":[173],"product_tag":[557,169],"class_list":{"0":"post-13925","1":"product","2":"type-product","3":"status-publish","4":"has-post-thumbnail","6":"product_cat-mallas-y-plasticos","7":"product_tag-cercos","8":"product_tag-malla-es","10":"first","11":"instock","12":"taxable","13":"shipping-taxable","14":"purchasable","15":"product-type-simple"},"yoast_head":"<!-- This site is optimized with the Yoast SEO plugin v27.4 - https:\/\/yoast.com\/product\/yoast-seo-wordpress\/ -->\n<title>Malla de seguridad para construcci\u00f3n | SAIGA<\/title>\n<meta name=\"description\" content=\"Esta valla de seguridad es una soluci\u00f3n del cerrado temporal excelente para los sitios de la construcci\u00f3n, las \u00e1reas de esqu\u00ed, granja y ranchos.\" \/>\n<meta name=\"robots\" content=\"index, follow, max-snippet:-1, max-image-preview:large, max-video-preview:-1\" \/>\n<link rel=\"canonical\" href=\"https:\/\/saiga.es\/es\/producto\/malla-de-seguridad-para-construccion\/\" \/>\n<meta property=\"og:locale\" content=\"es_ES\" \/>\n<meta property=\"og:type\" content=\"article\" \/>\n<meta property=\"og:title\" content=\"Malla de seguridad para construcci\u00f3n | SAIGA\" \/>\n<meta property=\"og:description\" content=\"Esta valla de seguridad es una soluci\u00f3n del cerrado temporal excelente para los sitios de la construcci\u00f3n, las \u00e1reas de esqu\u00ed, granja y ranchos.\" \/>\n<meta property=\"og:url\" content=\"https:\/\/saiga.es\/es\/producto\/malla-de-seguridad-para-construccion\/\" \/>\n<meta property=\"og:site_name\" content=\"SAIGA\" \/>\n<meta property=\"og:image\" content=\"https:\/\/saiga.es\/wp-content\/uploads\/2025\/01\/Malla-abalisament.jpg\" \/>\n\t<meta property=\"og:image:width\" content=\"1080\" \/>\n\t<meta property=\"og:image:height\" content=\"1080\" \/>\n\t<meta property=\"og:image:type\" content=\"image\/jpeg\" \/>\n<meta name=\"twitter:card\" content=\"summary_large_image\" \/>\n<meta name=\"twitter:site\" content=\"@saiga_agro\" \/>\n<meta name=\"twitter:label1\" content=\"Tiempo de lectura\" \/>\n\t<meta name=\"twitter:data1\" content=\"1 minuto\" \/>\n<script type=\"application\/ld+json\" class=\"yoast-schema-graph\">{\"@context\":\"https:\\\/\\\/schema.org\",\"@graph\":[{\"@type\":\"WebPage\",\"@id\":\"https:\\\/\\\/saiga.es\\\/es\\\/producto\\\/malla-de-seguridad-para-construccion\\\/\",\"url\":\"https:\\\/\\\/saiga.es\\\/es\\\/producto\\\/malla-de-seguridad-para-construccion\\\/\",\"name\":\"Malla de seguridad para construcci\u00f3n | SAIGA\",\"isPartOf\":{\"@id\":\"https:\\\/\\\/saiga.es\\\/es\\\/#website\"},\"primaryImageOfPage\":{\"@id\":\"https:\\\/\\\/saiga.es\\\/es\\\/producto\\\/malla-de-seguridad-para-construccion\\\/#primaryimage\"},\"image\":{\"@id\":\"https:\\\/\\\/saiga.es\\\/es\\\/producto\\\/malla-de-seguridad-para-construccion\\\/#primaryimage\"},\"thumbnailUrl\":\"https:\\\/\\\/saiga.es\\\/wp-content\\\/uploads\\\/2025\\\/01\\\/Malla-abalisament.jpg\",\"datePublished\":\"2025-01-23T14:01:56+00:00\",\"description\":\"Esta valla de seguridad es una soluci\u00f3n del cerrado temporal excelente para los sitios de la construcci\u00f3n, las \u00e1reas de esqu\u00ed, granja y ranchos.\",\"breadcrumb\":{\"@id\":\"https:\\\/\\\/saiga.es\\\/es\\\/producto\\\/malla-de-seguridad-para-construccion\\\/#breadcrumb\"},\"inLanguage\":\"es\",\"potentialAction\":[{\"@type\":\"ReadAction\",\"target\":[\"https:\\\/\\\/saiga.es\\\/es\\\/producto\\\/malla-de-seguridad-para-construccion\\\/\"]}]},{\"@type\":\"ImageObject\",\"inLanguage\":\"es\",\"@id\":\"https:\\\/\\\/saiga.es\\\/es\\\/producto\\\/malla-de-seguridad-para-construccion\\\/#primaryimage\",\"url\":\"https:\\\/\\\/saiga.es\\\/wp-content\\\/uploads\\\/2025\\\/01\\\/Malla-abalisament.jpg\",\"contentUrl\":\"https:\\\/\\\/saiga.es\\\/wp-content\\\/uploads\\\/2025\\\/01\\\/Malla-abalisament.jpg\",\"width\":1080,\"height\":1080,\"caption\":\"Malla obra naranja\"},{\"@type\":\"BreadcrumbList\",\"@id\":\"https:\\\/\\\/saiga.es\\\/es\\\/producto\\\/malla-de-seguridad-para-construccion\\\/#breadcrumb\",\"itemListElement\":[{\"@type\":\"ListItem\",\"position\":1,\"name\":\"Inici\",\"item\":\"https:\\\/\\\/saiga.es\\\/es\\\/\"},{\"@type\":\"ListItem\",\"position\":2,\"name\":\"Tienda\",\"item\":\"https:\\\/\\\/saiga.es\\\/es\\\/tienda\\\/\"},{\"@type\":\"ListItem\",\"position\":3,\"name\":\"Malla de seguridad para construcci\u00f3n\"}]},{\"@type\":\"WebSite\",\"@id\":\"https:\\\/\\\/saiga.es\\\/es\\\/#website\",\"url\":\"https:\\\/\\\/saiga.es\\\/es\\\/\",\"name\":\"SAIGA\",\"description\":\"M\u00e9s de 50 anys al servei de la terra i treballant per a un \u00fas eficient de l\u2019aigua!\",\"publisher\":{\"@id\":\"https:\\\/\\\/saiga.es\\\/es\\\/#organization\"},\"potentialAction\":[{\"@type\":\"SearchAction\",\"target\":{\"@type\":\"EntryPoint\",\"urlTemplate\":\"https:\\\/\\\/saiga.es\\\/es\\\/?s={search_term_string}\"},\"query-input\":{\"@type\":\"PropertyValueSpecification\",\"valueRequired\":true,\"valueName\":\"search_term_string\"}}],\"inLanguage\":\"es\"},{\"@type\":\"Organization\",\"@id\":\"https:\\\/\\\/saiga.es\\\/es\\\/#organization\",\"name\":\"SAIGA\",\"url\":\"https:\\\/\\\/saiga.es\\\/es\\\/\",\"logo\":{\"@type\":\"ImageObject\",\"inLanguage\":\"es\",\"@id\":\"https:\\\/\\\/saiga.es\\\/es\\\/#\\\/schema\\\/logo\\\/image\\\/\",\"url\":\"https:\\\/\\\/saiga.es\\\/wp-content\\\/uploads\\\/2025\\\/07\\\/logo_saiga_baseline_optimitzat.svg\",\"contentUrl\":\"https:\\\/\\\/saiga.es\\\/wp-content\\\/uploads\\\/2025\\\/07\\\/logo_saiga_baseline_optimitzat.svg\",\"caption\":\"SAIGA\"},\"image\":{\"@id\":\"https:\\\/\\\/saiga.es\\\/es\\\/#\\\/schema\\\/logo\\\/image\\\/\"},\"sameAs\":[\"https:\\\/\\\/x.com\\\/saiga_agro\",\"https:\\\/\\\/www.instagram.com\\\/saiga_agro\\\/\"]}]}<\/script>\n<!-- \/ Yoast SEO plugin. -->","yoast_head_json":{"title":"Malla de seguridad para construcci\u00f3n | SAIGA","description":"Esta valla de seguridad es una soluci\u00f3n del cerrado temporal excelente para los sitios de la construcci\u00f3n, las \u00e1reas de esqu\u00ed, granja y ranchos.","robots":{"index":"index","follow":"follow","max-snippet":"max-snippet:-1","max-image-preview":"max-image-preview:large","max-video-preview":"max-video-preview:-1"},"canonical":"https:\/\/saiga.es\/es\/producto\/malla-de-seguridad-para-construccion\/","og_locale":"es_ES","og_type":"article","og_title":"Malla de seguridad para construcci\u00f3n | SAIGA","og_description":"Esta valla de seguridad es una soluci\u00f3n del cerrado temporal excelente para los sitios de la construcci\u00f3n, las \u00e1reas de esqu\u00ed, granja y ranchos.","og_url":"https:\/\/saiga.es\/es\/producto\/malla-de-seguridad-para-construccion\/","og_site_name":"SAIGA","og_image":[{"width":1080,"height":1080,"url":"https:\/\/saiga.es\/wp-content\/uploads\/2025\/01\/Malla-abalisament.jpg","type":"image\/jpeg"}],"twitter_card":"summary_large_image","twitter_site":"@saiga_agro","twitter_misc":{"Tiempo de lectura":"1 minuto"},"schema":{"@context":"https:\/\/schema.org","@graph":[{"@type":"WebPage","@id":"https:\/\/saiga.es\/es\/producto\/malla-de-seguridad-para-construccion\/","url":"https:\/\/saiga.es\/es\/producto\/malla-de-seguridad-para-construccion\/","name":"Malla de seguridad para construcci\u00f3n | SAIGA","isPartOf":{"@id":"https:\/\/saiga.es\/es\/#website"},"primaryImageOfPage":{"@id":"https:\/\/saiga.es\/es\/producto\/malla-de-seguridad-para-construccion\/#primaryimage"},"image":{"@id":"https:\/\/saiga.es\/es\/producto\/malla-de-seguridad-para-construccion\/#primaryimage"},"thumbnailUrl":"https:\/\/saiga.es\/wp-content\/uploads\/2025\/01\/Malla-abalisament.jpg","datePublished":"2025-01-23T14:01:56+00:00","description":"Esta valla de seguridad es una soluci\u00f3n del cerrado temporal excelente para los sitios de la construcci\u00f3n, las \u00e1reas de esqu\u00ed, granja y ranchos.","breadcrumb":{"@id":"https:\/\/saiga.es\/es\/producto\/malla-de-seguridad-para-construccion\/#breadcrumb"},"inLanguage":"es","potentialAction":[{"@type":"ReadAction","target":["https:\/\/saiga.es\/es\/producto\/malla-de-seguridad-para-construccion\/"]}]},{"@type":"ImageObject","inLanguage":"es","@id":"https:\/\/saiga.es\/es\/producto\/malla-de-seguridad-para-construccion\/#primaryimage","url":"https:\/\/saiga.es\/wp-content\/uploads\/2025\/01\/Malla-abalisament.jpg","contentUrl":"https:\/\/saiga.es\/wp-content\/uploads\/2025\/01\/Malla-abalisament.jpg","width":1080,"height":1080,"caption":"Malla obra naranja"},{"@type":"BreadcrumbList","@id":"https:\/\/saiga.es\/es\/producto\/malla-de-seguridad-para-construccion\/#breadcrumb","itemListElement":[{"@type":"ListItem","position":1,"name":"Inici","item":"https:\/\/saiga.es\/es\/"},{"@type":"ListItem","position":2,"name":"Tienda","item":"https:\/\/saiga.es\/es\/tienda\/"},{"@type":"ListItem","position":3,"name":"Malla de seguridad para construcci\u00f3n"}]},{"@type":"WebSite","@id":"https:\/\/saiga.es\/es\/#website","url":"https:\/\/saiga.es\/es\/","name":"SAIGA","description":"M\u00e9s de 50 anys al servei de la terra i treballant per a un \u00fas eficient de l\u2019aigua!","publisher":{"@id":"https:\/\/saiga.es\/es\/#organization"},"potentialAction":[{"@type":"SearchAction","target":{"@type":"EntryPoint","urlTemplate":"https:\/\/saiga.es\/es\/?s={search_term_string}"},"query-input":{"@type":"PropertyValueSpecification","valueRequired":true,"valueName":"search_term_string"}}],"inLanguage":"es"},{"@type":"Organization","@id":"https:\/\/saiga.es\/es\/#organization","name":"SAIGA","url":"https:\/\/saiga.es\/es\/","logo":{"@type":"ImageObject","inLanguage":"es","@id":"https:\/\/saiga.es\/es\/#\/schema\/logo\/image\/","url":"https:\/\/saiga.es\/wp-content\/uploads\/2025\/07\/logo_saiga_baseline_optimitzat.svg","contentUrl":"https:\/\/saiga.es\/wp-content\/uploads\/2025\/07\/logo_saiga_baseline_optimitzat.svg","caption":"SAIGA"},"image":{"@id":"https:\/\/saiga.es\/es\/#\/schema\/logo\/image\/"},"sameAs":["https:\/\/x.com\/saiga_agro","https:\/\/www.instagram.com\/saiga_agro\/"]}]}},"_links":{"self":[{"href":"https:\/\/saiga.es\/es\/wp-json\/wp\/v2\/product\/13925","targetHints":{"allow":["GET"]}}],"collection":[{"href":"https:\/\/saiga.es\/es\/wp-json\/wp\/v2\/product"}],"about":[{"href":"https:\/\/saiga.es\/es\/wp-json\/wp\/v2\/types\/product"}],"replies":[{"embeddable":true,"href":"https:\/\/saiga.es\/es\/wp-json\/wp\/v2\/comments?post=13925"}],"wp:featuredmedia":[{"embeddable":true,"href":"https:\/\/saiga.es\/es\/wp-json\/wp\/v2\/media\/13923"}],"wp:attachment":[{"href":"https:\/\/saiga.es\/es\/wp-json\/wp\/v2\/media?parent=13925"}],"wp:term":[{"taxonomy":"product_brand","embeddable":true,"href":"https:\/\/saiga.es\/es\/wp-json\/wp\/v2\/product_brand?post=13925"},{"taxonomy":"product_cat","embeddable":true,"href":"https:\/\/saiga.es\/es\/wp-json\/wp\/v2\/product_cat?post=13925"},{"taxonomy":"product_tag","embeddable":true,"href":"https:\/\/saiga.es\/es\/wp-json\/wp\/v2\/product_tag?post=13925"}],"curies":[{"name":"wp","href":"https:\/\/api.w.org\/{rel}","templated":true}]}}