{"id":13942,"date":"2025-01-27T12:15:35","date_gmt":"2025-01-27T12:15:35","guid":{"rendered":"https:\/\/botiga.saiga.es\/producte\/herbicida-hoja-ancha-y-selectivo-cesped\/"},"modified":"2025-01-27T12:15:35","modified_gmt":"2025-01-27T12:15:35","slug":"herbicida-hoja-ancha-y-selectivo-cesped","status":"publish","type":"product","link":"https:\/\/saiga.es\/es\/producto\/herbicida-hoja-ancha-y-selectivo-cesped\/","title":{"rendered":"Herbicida hoja ancha y selectivo c\u00e9sped"},"content":{"rendered":"<p>Autorizado contra malezas anuales y perennes de hoja ancha, 1 aplicaci\u00f3n m\u00e1xima por a\u00f1o con un volumen de caldo de 2-4 l\/100 m2. Por c\u00e9sped la dosis es de 10 ml\/100 m2 (2,5-5 ml\/l ). Aplicar en formaci\u00f3n de ahijados o brotes laterales BBCH 20-25, no procede plazo de seguridad. a c\u00e9sped recreativo. Para C\u00edtricos y Frutales de semilla la dosis es de 15 ml\/100 m2 (3,75-7,5 ml\/l). a bandas. Para Olivo la dosis es de 15 ml\/100 m2 (3,75-7,5 ml\/l). de primavera u oto\u00f1o (despu\u00e9s de la recolecci\u00f3n), 120 d\u00edas de plazo de seguridad. Aplicaci\u00f3n a bandas.          <\/p>\n","protected":false},"excerpt":{"rendered":"<p>Herbicida hoja ancha y selectivo gespa. Autorizado contra malas hierbas anuales y perennes de hoja ancha, 1 aplicaci\u00f3n m\u00e1xima por a\u00f1o con un volumen de caldo de 2-4 l\/100 m2. <\/p>\n","protected":false},"featured_media":14344,"comment_status":"open","ping_status":"closed","template":"","meta":[],"product_brand":[2201],"product_cat":[1845],"product_tag":[1846],"class_list":{"0":"post-13942","1":"product","2":"type-product","3":"status-publish","4":"has-post-thumbnail","6":"product_brand-sipcam-es","7":"product_cat-herbicidas","8":"product_tag-herbicidas","10":"first","11":"instock","12":"taxable","13":"shipping-taxable","14":"purchasable","15":"product-type-variable"},"yoast_head":"<!-- This site is optimized with the Yoast SEO plugin v27.4 - https:\/\/yoast.com\/product\/yoast-seo-wordpress\/ -->\n<title>Herbicida hoja ancha y selectivo c\u00e9sped | SAIGA<\/title>\n<meta name=\"description\" content=\"Herbicida hoja ancha y selectivo c\u00e9sped. Autorizado contra malas hierbas anuales y perennes de hoja ancha, 1 aplicaci\u00f3n m\u00e1xima por a\u00f1o con un volumen de caldo de 2-4 l\/100 m2.\" \/>\n<meta name=\"robots\" content=\"index, follow, max-snippet:-1, max-image-preview:large, max-video-preview:-1\" \/>\n<link rel=\"canonical\" href=\"https:\/\/saiga.es\/es\/producto\/herbicida-hoja-ancha-y-selectivo-cesped\/\" \/>\n<meta property=\"og:locale\" content=\"es_ES\" \/>\n<meta property=\"og:type\" content=\"article\" \/>\n<meta property=\"og:title\" content=\"Herbicida hoja ancha y selectivo c\u00e9sped | SAIGA\" \/>\n<meta property=\"og:description\" content=\"Herbicida hoja ancha y selectivo c\u00e9sped. Autorizado contra malas hierbas anuales y perennes de hoja ancha, 1 aplicaci\u00f3n m\u00e1xima por a\u00f1o con un volumen de caldo de 2-4 l\/100 m2.\" \/>\n<meta property=\"og:url\" content=\"https:\/\/saiga.es\/es\/producto\/herbicida-hoja-ancha-y-selectivo-cesped\/\" \/>\n<meta property=\"og:site_name\" content=\"SAIGA\" \/>\n<meta property=\"og:image\" content=\"https:\/\/saiga.es\/wp-content\/uploads\/2025\/01\/Terter-Duo.jpg\" \/>\n\t<meta property=\"og:image:width\" content=\"1080\" \/>\n\t<meta property=\"og:image:height\" content=\"1080\" \/>\n\t<meta property=\"og:image:type\" content=\"image\/jpeg\" \/>\n<meta name=\"twitter:card\" content=\"summary_large_image\" \/>\n<meta name=\"twitter:site\" content=\"@saiga_agro\" \/>\n<meta name=\"twitter:label1\" content=\"Tiempo de lectura\" \/>\n\t<meta name=\"twitter:data1\" content=\"1 minuto\" \/>\n<script type=\"application\/ld+json\" class=\"yoast-schema-graph\">{\"@context\":\"https:\\\/\\\/schema.org\",\"@graph\":[{\"@type\":\"WebPage\",\"@id\":\"https:\\\/\\\/saiga.es\\\/es\\\/producto\\\/herbicida-hoja-ancha-y-selectivo-cesped\\\/\",\"url\":\"https:\\\/\\\/saiga.es\\\/es\\\/producto\\\/herbicida-hoja-ancha-y-selectivo-cesped\\\/\",\"name\":\"Herbicida hoja ancha y selectivo c\u00e9sped | SAIGA\",\"isPartOf\":{\"@id\":\"https:\\\/\\\/saiga.es\\\/es\\\/#website\"},\"primaryImageOfPage\":{\"@id\":\"https:\\\/\\\/saiga.es\\\/es\\\/producto\\\/herbicida-hoja-ancha-y-selectivo-cesped\\\/#primaryimage\"},\"image\":{\"@id\":\"https:\\\/\\\/saiga.es\\\/es\\\/producto\\\/herbicida-hoja-ancha-y-selectivo-cesped\\\/#primaryimage\"},\"thumbnailUrl\":\"https:\\\/\\\/saiga.es\\\/wp-content\\\/uploads\\\/2025\\\/01\\\/Terter-Duo.jpg\",\"datePublished\":\"2025-01-27T12:15:35+00:00\",\"description\":\"Herbicida hoja ancha y selectivo c\u00e9sped. Autorizado contra malas hierbas anuales y perennes de hoja ancha, 1 aplicaci\u00f3n m\u00e1xima por a\u00f1o con un volumen de caldo de 2-4 l\\\/100 m2.\",\"breadcrumb\":{\"@id\":\"https:\\\/\\\/saiga.es\\\/es\\\/producto\\\/herbicida-hoja-ancha-y-selectivo-cesped\\\/#breadcrumb\"},\"inLanguage\":\"es\",\"potentialAction\":[{\"@type\":\"ReadAction\",\"target\":[\"https:\\\/\\\/saiga.es\\\/es\\\/producto\\\/herbicida-hoja-ancha-y-selectivo-cesped\\\/\"]}]},{\"@type\":\"ImageObject\",\"inLanguage\":\"es\",\"@id\":\"https:\\\/\\\/saiga.es\\\/es\\\/producto\\\/herbicida-hoja-ancha-y-selectivo-cesped\\\/#primaryimage\",\"url\":\"https:\\\/\\\/saiga.es\\\/wp-content\\\/uploads\\\/2025\\\/01\\\/Terter-Duo.jpg\",\"contentUrl\":\"https:\\\/\\\/saiga.es\\\/wp-content\\\/uploads\\\/2025\\\/01\\\/Terter-Duo.jpg\",\"width\":1080,\"height\":1080,\"caption\":\"Herbicida Terter Duo\"},{\"@type\":\"BreadcrumbList\",\"@id\":\"https:\\\/\\\/saiga.es\\\/es\\\/producto\\\/herbicida-hoja-ancha-y-selectivo-cesped\\\/#breadcrumb\",\"itemListElement\":[{\"@type\":\"ListItem\",\"position\":1,\"name\":\"Inici\",\"item\":\"https:\\\/\\\/saiga.es\\\/es\\\/\"},{\"@type\":\"ListItem\",\"position\":2,\"name\":\"Tienda\",\"item\":\"https:\\\/\\\/saiga.es\\\/es\\\/tienda\\\/\"},{\"@type\":\"ListItem\",\"position\":3,\"name\":\"Herbicida hoja ancha y selectivo c\u00e9sped\"}]},{\"@type\":\"WebSite\",\"@id\":\"https:\\\/\\\/saiga.es\\\/es\\\/#website\",\"url\":\"https:\\\/\\\/saiga.es\\\/es\\\/\",\"name\":\"SAIGA\",\"description\":\"M\u00e9s de 50 anys al servei de la terra i treballant per a un \u00fas eficient de l\u2019aigua!\",\"publisher\":{\"@id\":\"https:\\\/\\\/saiga.es\\\/es\\\/#organization\"},\"potentialAction\":[{\"@type\":\"SearchAction\",\"target\":{\"@type\":\"EntryPoint\",\"urlTemplate\":\"https:\\\/\\\/saiga.es\\\/es\\\/?s={search_term_string}\"},\"query-input\":{\"@type\":\"PropertyValueSpecification\",\"valueRequired\":true,\"valueName\":\"search_term_string\"}}],\"inLanguage\":\"es\"},{\"@type\":\"Organization\",\"@id\":\"https:\\\/\\\/saiga.es\\\/es\\\/#organization\",\"name\":\"SAIGA\",\"url\":\"https:\\\/\\\/saiga.es\\\/es\\\/\",\"logo\":{\"@type\":\"ImageObject\",\"inLanguage\":\"es\",\"@id\":\"https:\\\/\\\/saiga.es\\\/es\\\/#\\\/schema\\\/logo\\\/image\\\/\",\"url\":\"https:\\\/\\\/saiga.es\\\/wp-content\\\/uploads\\\/2025\\\/07\\\/logo_saiga_baseline_optimitzat.svg\",\"contentUrl\":\"https:\\\/\\\/saiga.es\\\/wp-content\\\/uploads\\\/2025\\\/07\\\/logo_saiga_baseline_optimitzat.svg\",\"caption\":\"SAIGA\"},\"image\":{\"@id\":\"https:\\\/\\\/saiga.es\\\/es\\\/#\\\/schema\\\/logo\\\/image\\\/\"},\"sameAs\":[\"https:\\\/\\\/x.com\\\/saiga_agro\",\"https:\\\/\\\/www.instagram.com\\\/saiga_agro\\\/\"]}]}<\/script>\n<!-- \/ Yoast SEO plugin. -->","yoast_head_json":{"title":"Herbicida hoja ancha y selectivo c\u00e9sped | SAIGA","description":"Herbicida hoja ancha y selectivo c\u00e9sped. Autorizado contra malas hierbas anuales y perennes de hoja ancha, 1 aplicaci\u00f3n m\u00e1xima por a\u00f1o con un volumen de caldo de 2-4 l\/100 m2.","robots":{"index":"index","follow":"follow","max-snippet":"max-snippet:-1","max-image-preview":"max-image-preview:large","max-video-preview":"max-video-preview:-1"},"canonical":"https:\/\/saiga.es\/es\/producto\/herbicida-hoja-ancha-y-selectivo-cesped\/","og_locale":"es_ES","og_type":"article","og_title":"Herbicida hoja ancha y selectivo c\u00e9sped | SAIGA","og_description":"Herbicida hoja ancha y selectivo c\u00e9sped. Autorizado contra malas hierbas anuales y perennes de hoja ancha, 1 aplicaci\u00f3n m\u00e1xima por a\u00f1o con un volumen de caldo de 2-4 l\/100 m2.","og_url":"https:\/\/saiga.es\/es\/producto\/herbicida-hoja-ancha-y-selectivo-cesped\/","og_site_name":"SAIGA","og_image":[{"width":1080,"height":1080,"url":"https:\/\/saiga.es\/wp-content\/uploads\/2025\/01\/Terter-Duo.jpg","type":"image\/jpeg"}],"twitter_card":"summary_large_image","twitter_site":"@saiga_agro","twitter_misc":{"Tiempo de lectura":"1 minuto"},"schema":{"@context":"https:\/\/schema.org","@graph":[{"@type":"WebPage","@id":"https:\/\/saiga.es\/es\/producto\/herbicida-hoja-ancha-y-selectivo-cesped\/","url":"https:\/\/saiga.es\/es\/producto\/herbicida-hoja-ancha-y-selectivo-cesped\/","name":"Herbicida hoja ancha y selectivo c\u00e9sped | SAIGA","isPartOf":{"@id":"https:\/\/saiga.es\/es\/#website"},"primaryImageOfPage":{"@id":"https:\/\/saiga.es\/es\/producto\/herbicida-hoja-ancha-y-selectivo-cesped\/#primaryimage"},"image":{"@id":"https:\/\/saiga.es\/es\/producto\/herbicida-hoja-ancha-y-selectivo-cesped\/#primaryimage"},"thumbnailUrl":"https:\/\/saiga.es\/wp-content\/uploads\/2025\/01\/Terter-Duo.jpg","datePublished":"2025-01-27T12:15:35+00:00","description":"Herbicida hoja ancha y selectivo c\u00e9sped. Autorizado contra malas hierbas anuales y perennes de hoja ancha, 1 aplicaci\u00f3n m\u00e1xima por a\u00f1o con un volumen de caldo de 2-4 l\/100 m2.","breadcrumb":{"@id":"https:\/\/saiga.es\/es\/producto\/herbicida-hoja-ancha-y-selectivo-cesped\/#breadcrumb"},"inLanguage":"es","potentialAction":[{"@type":"ReadAction","target":["https:\/\/saiga.es\/es\/producto\/herbicida-hoja-ancha-y-selectivo-cesped\/"]}]},{"@type":"ImageObject","inLanguage":"es","@id":"https:\/\/saiga.es\/es\/producto\/herbicida-hoja-ancha-y-selectivo-cesped\/#primaryimage","url":"https:\/\/saiga.es\/wp-content\/uploads\/2025\/01\/Terter-Duo.jpg","contentUrl":"https:\/\/saiga.es\/wp-content\/uploads\/2025\/01\/Terter-Duo.jpg","width":1080,"height":1080,"caption":"Herbicida Terter Duo"},{"@type":"BreadcrumbList","@id":"https:\/\/saiga.es\/es\/producto\/herbicida-hoja-ancha-y-selectivo-cesped\/#breadcrumb","itemListElement":[{"@type":"ListItem","position":1,"name":"Inici","item":"https:\/\/saiga.es\/es\/"},{"@type":"ListItem","position":2,"name":"Tienda","item":"https:\/\/saiga.es\/es\/tienda\/"},{"@type":"ListItem","position":3,"name":"Herbicida hoja ancha y selectivo c\u00e9sped"}]},{"@type":"WebSite","@id":"https:\/\/saiga.es\/es\/#website","url":"https:\/\/saiga.es\/es\/","name":"SAIGA","description":"M\u00e9s de 50 anys al servei de la terra i treballant per a un \u00fas eficient de l\u2019aigua!","publisher":{"@id":"https:\/\/saiga.es\/es\/#organization"},"potentialAction":[{"@type":"SearchAction","target":{"@type":"EntryPoint","urlTemplate":"https:\/\/saiga.es\/es\/?s={search_term_string}"},"query-input":{"@type":"PropertyValueSpecification","valueRequired":true,"valueName":"search_term_string"}}],"inLanguage":"es"},{"@type":"Organization","@id":"https:\/\/saiga.es\/es\/#organization","name":"SAIGA","url":"https:\/\/saiga.es\/es\/","logo":{"@type":"ImageObject","inLanguage":"es","@id":"https:\/\/saiga.es\/es\/#\/schema\/logo\/image\/","url":"https:\/\/saiga.es\/wp-content\/uploads\/2025\/07\/logo_saiga_baseline_optimitzat.svg","contentUrl":"https:\/\/saiga.es\/wp-content\/uploads\/2025\/07\/logo_saiga_baseline_optimitzat.svg","caption":"SAIGA"},"image":{"@id":"https:\/\/saiga.es\/es\/#\/schema\/logo\/image\/"},"sameAs":["https:\/\/x.com\/saiga_agro","https:\/\/www.instagram.com\/saiga_agro\/"]}]}},"_links":{"self":[{"href":"https:\/\/saiga.es\/es\/wp-json\/wp\/v2\/product\/13942","targetHints":{"allow":["GET"]}}],"collection":[{"href":"https:\/\/saiga.es\/es\/wp-json\/wp\/v2\/product"}],"about":[{"href":"https:\/\/saiga.es\/es\/wp-json\/wp\/v2\/types\/product"}],"replies":[{"embeddable":true,"href":"https:\/\/saiga.es\/es\/wp-json\/wp\/v2\/comments?post=13942"}],"wp:featuredmedia":[{"embeddable":true,"href":"https:\/\/saiga.es\/es\/wp-json\/wp\/v2\/media\/14344"}],"wp:attachment":[{"href":"https:\/\/saiga.es\/es\/wp-json\/wp\/v2\/media?parent=13942"}],"wp:term":[{"taxonomy":"product_brand","embeddable":true,"href":"https:\/\/saiga.es\/es\/wp-json\/wp\/v2\/product_brand?post=13942"},{"taxonomy":"product_cat","embeddable":true,"href":"https:\/\/saiga.es\/es\/wp-json\/wp\/v2\/product_cat?post=13942"},{"taxonomy":"product_tag","embeddable":true,"href":"https:\/\/saiga.es\/es\/wp-json\/wp\/v2\/product_tag?post=13942"}],"curies":[{"name":"wp","href":"https:\/\/api.w.org\/{rel}","templated":true}]}}