{"id":13961,"date":"2025-01-29T09:37:06","date_gmt":"2025-01-29T09:37:06","guid":{"rendered":"https:\/\/botiga.saiga.es\/producte\/malla-geotextil-m2\/"},"modified":"2025-01-29T09:37:06","modified_gmt":"2025-01-29T09:37:06","slug":"malla-geotextil-m2","status":"publish","type":"product","link":"https:\/\/saiga.es\/es\/producto\/malla-geotextil-m2\/","title":{"rendered":"Malla geotextil M2"},"content":{"rendered":"<p>Malla geotextil de color blanco de 2 m de ancho y alargado personalizado. El precio est\u00e1 en el m2. La malla geotextil se puede utilizar para mulching, ya que mantiene una buena estructura del terreno al reducir la erosi\u00f3n. Ayuda al drenaje y evita la saturaci\u00f3n del suelo. Reduce el impacto de las temperaturas extremas (fr\u00edo y calor). Reduce el crecimiento de malas hierbas. Es un material resistente que puede aguantado varios a\u00f1os sin deteriorarse. Si quieres utilizar malla <strong>geotextil para el mulching<\/strong>, te recomendamos cubrirla con una capa de <strong>paja, corteza o grava<\/strong> para obtener los beneficios de protecci\u00f3n del suelo y, al mismo tiempo, evitar sobrecalentamiento y mantener un buen equilibrio de humedad. *** Es necesario realizar la reserva contactando con la tienda para encargar la alargada de la malla, por tel\u00e9fono oa trav\u00e9s del correo electr\u00f3nico (info@saiga.es).      <\/p>\n<p>&nbsp;<\/p>\n","protected":false},"excerpt":{"rendered":"<p>Malla geotextil de color blanco de 2 m de ancho y alargado personalizado.<\/p>\n","protected":false},"featured_media":13955,"comment_status":"closed","ping_status":"closed","template":"","meta":[],"product_brand":[],"product_cat":[173],"product_tag":[1849,1020,190,169],"class_list":{"0":"post-13961","1":"product","2":"type-product","3":"status-publish","4":"has-post-thumbnail","6":"product_cat-mallas-y-plasticos","7":"product_tag-geotextil","8":"product_tag-horticultura-es","9":"product_tag-huerto-es-2","10":"product_tag-malla-es","12":"first","13":"instock","14":"taxable","15":"shipping-taxable","16":"purchasable","17":"product-type-simple"},"yoast_head":"<!-- This site is optimized with the Yoast SEO plugin v27.4 - https:\/\/yoast.com\/product\/yoast-seo-wordpress\/ -->\n<title>Malla geotextil M2 | SAIGA<\/title>\n<meta name=\"description\" content=\"Malla geotextil de color blanco de 2 m de ancho y alargado personalizado.\" \/>\n<meta name=\"robots\" content=\"index, follow, max-snippet:-1, max-image-preview:large, max-video-preview:-1\" \/>\n<link rel=\"canonical\" href=\"https:\/\/saiga.es\/es\/producto\/malla-geotextil-m2\/\" \/>\n<meta property=\"og:locale\" content=\"es_ES\" \/>\n<meta property=\"og:type\" content=\"article\" \/>\n<meta property=\"og:title\" content=\"Malla geotextil M2 | SAIGA\" \/>\n<meta property=\"og:description\" content=\"Malla geotextil de color blanco de 2 m de ancho y alargado personalizado.\" \/>\n<meta property=\"og:url\" content=\"https:\/\/saiga.es\/es\/producto\/malla-geotextil-m2\/\" \/>\n<meta property=\"og:site_name\" content=\"SAIGA\" \/>\n<meta property=\"og:image\" content=\"https:\/\/saiga.es\/wp-content\/uploads\/2025\/01\/Malla-geotextil.jpg\" \/>\n\t<meta property=\"og:image:width\" content=\"1080\" \/>\n\t<meta property=\"og:image:height\" content=\"1080\" \/>\n\t<meta property=\"og:image:type\" content=\"image\/jpeg\" \/>\n<meta name=\"twitter:card\" content=\"summary_large_image\" \/>\n<meta name=\"twitter:site\" content=\"@saiga_agro\" \/>\n<meta name=\"twitter:label1\" content=\"Tiempo de lectura\" \/>\n\t<meta name=\"twitter:data1\" content=\"1 minuto\" \/>\n<script type=\"application\/ld+json\" class=\"yoast-schema-graph\">{\"@context\":\"https:\\\/\\\/schema.org\",\"@graph\":[{\"@type\":\"WebPage\",\"@id\":\"https:\\\/\\\/saiga.es\\\/es\\\/producto\\\/malla-geotextil-m2\\\/\",\"url\":\"https:\\\/\\\/saiga.es\\\/es\\\/producto\\\/malla-geotextil-m2\\\/\",\"name\":\"Malla geotextil M2 | SAIGA\",\"isPartOf\":{\"@id\":\"https:\\\/\\\/saiga.es\\\/es\\\/#website\"},\"primaryImageOfPage\":{\"@id\":\"https:\\\/\\\/saiga.es\\\/es\\\/producto\\\/malla-geotextil-m2\\\/#primaryimage\"},\"image\":{\"@id\":\"https:\\\/\\\/saiga.es\\\/es\\\/producto\\\/malla-geotextil-m2\\\/#primaryimage\"},\"thumbnailUrl\":\"https:\\\/\\\/saiga.es\\\/wp-content\\\/uploads\\\/2025\\\/01\\\/Malla-geotextil.jpg\",\"datePublished\":\"2025-01-29T09:37:06+00:00\",\"description\":\"Malla geotextil de color blanco de 2 m de ancho y alargado personalizado.\",\"breadcrumb\":{\"@id\":\"https:\\\/\\\/saiga.es\\\/es\\\/producto\\\/malla-geotextil-m2\\\/#breadcrumb\"},\"inLanguage\":\"es\",\"potentialAction\":[{\"@type\":\"ReadAction\",\"target\":[\"https:\\\/\\\/saiga.es\\\/es\\\/producto\\\/malla-geotextil-m2\\\/\"]}]},{\"@type\":\"ImageObject\",\"inLanguage\":\"es\",\"@id\":\"https:\\\/\\\/saiga.es\\\/es\\\/producto\\\/malla-geotextil-m2\\\/#primaryimage\",\"url\":\"https:\\\/\\\/saiga.es\\\/wp-content\\\/uploads\\\/2025\\\/01\\\/Malla-geotextil.jpg\",\"contentUrl\":\"https:\\\/\\\/saiga.es\\\/wp-content\\\/uploads\\\/2025\\\/01\\\/Malla-geotextil.jpg\",\"width\":1080,\"height\":1080,\"caption\":\"Malla geotextil\"},{\"@type\":\"BreadcrumbList\",\"@id\":\"https:\\\/\\\/saiga.es\\\/es\\\/producto\\\/malla-geotextil-m2\\\/#breadcrumb\",\"itemListElement\":[{\"@type\":\"ListItem\",\"position\":1,\"name\":\"Inici\",\"item\":\"https:\\\/\\\/saiga.es\\\/es\\\/\"},{\"@type\":\"ListItem\",\"position\":2,\"name\":\"Tienda\",\"item\":\"https:\\\/\\\/saiga.es\\\/es\\\/tienda\\\/\"},{\"@type\":\"ListItem\",\"position\":3,\"name\":\"Malla geotextil M2\"}]},{\"@type\":\"WebSite\",\"@id\":\"https:\\\/\\\/saiga.es\\\/es\\\/#website\",\"url\":\"https:\\\/\\\/saiga.es\\\/es\\\/\",\"name\":\"SAIGA\",\"description\":\"M\u00e9s de 50 anys al servei de la terra i treballant per a un \u00fas eficient de l\u2019aigua!\",\"publisher\":{\"@id\":\"https:\\\/\\\/saiga.es\\\/es\\\/#organization\"},\"potentialAction\":[{\"@type\":\"SearchAction\",\"target\":{\"@type\":\"EntryPoint\",\"urlTemplate\":\"https:\\\/\\\/saiga.es\\\/es\\\/?s={search_term_string}\"},\"query-input\":{\"@type\":\"PropertyValueSpecification\",\"valueRequired\":true,\"valueName\":\"search_term_string\"}}],\"inLanguage\":\"es\"},{\"@type\":\"Organization\",\"@id\":\"https:\\\/\\\/saiga.es\\\/es\\\/#organization\",\"name\":\"SAIGA\",\"url\":\"https:\\\/\\\/saiga.es\\\/es\\\/\",\"logo\":{\"@type\":\"ImageObject\",\"inLanguage\":\"es\",\"@id\":\"https:\\\/\\\/saiga.es\\\/es\\\/#\\\/schema\\\/logo\\\/image\\\/\",\"url\":\"https:\\\/\\\/saiga.es\\\/wp-content\\\/uploads\\\/2025\\\/07\\\/logo_saiga_baseline_optimitzat.svg\",\"contentUrl\":\"https:\\\/\\\/saiga.es\\\/wp-content\\\/uploads\\\/2025\\\/07\\\/logo_saiga_baseline_optimitzat.svg\",\"caption\":\"SAIGA\"},\"image\":{\"@id\":\"https:\\\/\\\/saiga.es\\\/es\\\/#\\\/schema\\\/logo\\\/image\\\/\"},\"sameAs\":[\"https:\\\/\\\/x.com\\\/saiga_agro\",\"https:\\\/\\\/www.instagram.com\\\/saiga_agro\\\/\"]}]}<\/script>\n<!-- \/ Yoast SEO plugin. -->","yoast_head_json":{"title":"Malla geotextil M2 | SAIGA","description":"Malla geotextil de color blanco de 2 m de ancho y alargado personalizado.","robots":{"index":"index","follow":"follow","max-snippet":"max-snippet:-1","max-image-preview":"max-image-preview:large","max-video-preview":"max-video-preview:-1"},"canonical":"https:\/\/saiga.es\/es\/producto\/malla-geotextil-m2\/","og_locale":"es_ES","og_type":"article","og_title":"Malla geotextil M2 | SAIGA","og_description":"Malla geotextil de color blanco de 2 m de ancho y alargado personalizado.","og_url":"https:\/\/saiga.es\/es\/producto\/malla-geotextil-m2\/","og_site_name":"SAIGA","og_image":[{"width":1080,"height":1080,"url":"https:\/\/saiga.es\/wp-content\/uploads\/2025\/01\/Malla-geotextil.jpg","type":"image\/jpeg"}],"twitter_card":"summary_large_image","twitter_site":"@saiga_agro","twitter_misc":{"Tiempo de lectura":"1 minuto"},"schema":{"@context":"https:\/\/schema.org","@graph":[{"@type":"WebPage","@id":"https:\/\/saiga.es\/es\/producto\/malla-geotextil-m2\/","url":"https:\/\/saiga.es\/es\/producto\/malla-geotextil-m2\/","name":"Malla geotextil M2 | SAIGA","isPartOf":{"@id":"https:\/\/saiga.es\/es\/#website"},"primaryImageOfPage":{"@id":"https:\/\/saiga.es\/es\/producto\/malla-geotextil-m2\/#primaryimage"},"image":{"@id":"https:\/\/saiga.es\/es\/producto\/malla-geotextil-m2\/#primaryimage"},"thumbnailUrl":"https:\/\/saiga.es\/wp-content\/uploads\/2025\/01\/Malla-geotextil.jpg","datePublished":"2025-01-29T09:37:06+00:00","description":"Malla geotextil de color blanco de 2 m de ancho y alargado personalizado.","breadcrumb":{"@id":"https:\/\/saiga.es\/es\/producto\/malla-geotextil-m2\/#breadcrumb"},"inLanguage":"es","potentialAction":[{"@type":"ReadAction","target":["https:\/\/saiga.es\/es\/producto\/malla-geotextil-m2\/"]}]},{"@type":"ImageObject","inLanguage":"es","@id":"https:\/\/saiga.es\/es\/producto\/malla-geotextil-m2\/#primaryimage","url":"https:\/\/saiga.es\/wp-content\/uploads\/2025\/01\/Malla-geotextil.jpg","contentUrl":"https:\/\/saiga.es\/wp-content\/uploads\/2025\/01\/Malla-geotextil.jpg","width":1080,"height":1080,"caption":"Malla geotextil"},{"@type":"BreadcrumbList","@id":"https:\/\/saiga.es\/es\/producto\/malla-geotextil-m2\/#breadcrumb","itemListElement":[{"@type":"ListItem","position":1,"name":"Inici","item":"https:\/\/saiga.es\/es\/"},{"@type":"ListItem","position":2,"name":"Tienda","item":"https:\/\/saiga.es\/es\/tienda\/"},{"@type":"ListItem","position":3,"name":"Malla geotextil M2"}]},{"@type":"WebSite","@id":"https:\/\/saiga.es\/es\/#website","url":"https:\/\/saiga.es\/es\/","name":"SAIGA","description":"M\u00e9s de 50 anys al servei de la terra i treballant per a un \u00fas eficient de l\u2019aigua!","publisher":{"@id":"https:\/\/saiga.es\/es\/#organization"},"potentialAction":[{"@type":"SearchAction","target":{"@type":"EntryPoint","urlTemplate":"https:\/\/saiga.es\/es\/?s={search_term_string}"},"query-input":{"@type":"PropertyValueSpecification","valueRequired":true,"valueName":"search_term_string"}}],"inLanguage":"es"},{"@type":"Organization","@id":"https:\/\/saiga.es\/es\/#organization","name":"SAIGA","url":"https:\/\/saiga.es\/es\/","logo":{"@type":"ImageObject","inLanguage":"es","@id":"https:\/\/saiga.es\/es\/#\/schema\/logo\/image\/","url":"https:\/\/saiga.es\/wp-content\/uploads\/2025\/07\/logo_saiga_baseline_optimitzat.svg","contentUrl":"https:\/\/saiga.es\/wp-content\/uploads\/2025\/07\/logo_saiga_baseline_optimitzat.svg","caption":"SAIGA"},"image":{"@id":"https:\/\/saiga.es\/es\/#\/schema\/logo\/image\/"},"sameAs":["https:\/\/x.com\/saiga_agro","https:\/\/www.instagram.com\/saiga_agro\/"]}]}},"_links":{"self":[{"href":"https:\/\/saiga.es\/es\/wp-json\/wp\/v2\/product\/13961","targetHints":{"allow":["GET"]}}],"collection":[{"href":"https:\/\/saiga.es\/es\/wp-json\/wp\/v2\/product"}],"about":[{"href":"https:\/\/saiga.es\/es\/wp-json\/wp\/v2\/types\/product"}],"replies":[{"embeddable":true,"href":"https:\/\/saiga.es\/es\/wp-json\/wp\/v2\/comments?post=13961"}],"wp:featuredmedia":[{"embeddable":true,"href":"https:\/\/saiga.es\/es\/wp-json\/wp\/v2\/media\/13955"}],"wp:attachment":[{"href":"https:\/\/saiga.es\/es\/wp-json\/wp\/v2\/media?parent=13961"}],"wp:term":[{"taxonomy":"product_brand","embeddable":true,"href":"https:\/\/saiga.es\/es\/wp-json\/wp\/v2\/product_brand?post=13961"},{"taxonomy":"product_cat","embeddable":true,"href":"https:\/\/saiga.es\/es\/wp-json\/wp\/v2\/product_cat?post=13961"},{"taxonomy":"product_tag","embeddable":true,"href":"https:\/\/saiga.es\/es\/wp-json\/wp\/v2\/product_tag?post=13961"}],"curies":[{"name":"wp","href":"https:\/\/api.w.org\/{rel}","templated":true}]}}