{"id":14020,"date":"2025-02-04T09:38:48","date_gmt":"2025-02-04T09:38:48","guid":{"rendered":"https:\/\/botiga.saiga.es\/producte\/desinfectante-per-a-fulles-de-tall\/"},"modified":"2025-10-24T10:19:29","modified_gmt":"2025-10-24T10:19:29","slug":"desinfectante-per-a-fulles-de-tall","status":"publish","type":"product","link":"https:\/\/saiga.es\/es\/producto\/desinfectante-per-a-fulles-de-tall\/","title":{"rendered":"Desinfectante per a fulles de tall"},"content":{"rendered":"<p>Desinfectante para chicas altas. Evita la propagaci\u00f3n de enfermedades entre tus frutales y plantas amb con nuestro desinfectante para plantas altas. Un producto profesional que elimina bacterias, hongos y virus de la piel, garantiza una higiene \u00f3ptima desde cada d\u00eda. Y una r\u00e1pida aplicaci\u00f3n y detecci\u00f3n, asegura que los tisores, invernaderos y otros sean afectados por agentes pat\u00f3genos. Ideal para jardines, hortalizas y cultivos, un desinfectante Quest es esencial para mantener la salud de su espacio verde durante todo el a\u00f1o.    <\/p>\n","protected":false},"excerpt":{"rendered":"<p>Evita la propagaci\u00f3n de enfermedades entre tus frutales y plantas con nuestro desinfectante para plantas altas.<\/p>\n","protected":false},"featured_media":14019,"comment_status":"closed","ping_status":"closed","template":"","meta":[],"product_brand":[2202],"product_cat":[413,193],"product_tag":[382,1858],"class_list":{"0":"post-14020","1":"product","2":"type-product","3":"status-publish","4":"has-post-thumbnail","6":"product_brand-arvipo-es","7":"product_cat-poda-es","8":"product_cat-repuestos","9":"product_tag-arvipo-es","10":"product_tag-desinfectante","12":"first","13":"instock","14":"taxable","15":"shipping-taxable","16":"purchasable","17":"product-type-simple"},"yoast_head":"<!-- This site is optimized with the Yoast SEO plugin v27.3 - https:\/\/yoast.com\/product\/yoast-seo-wordpress\/ -->\n<title>Desinfectante per a fulles de tall | SAIGA<\/title>\n<meta name=\"description\" content=\"Evita la propagaci\u00f3n de enfermedades entre tus frutales y plantas con nuestro desinfectante para plantas altas.\" \/>\n<meta name=\"robots\" content=\"index, follow, max-snippet:-1, max-image-preview:large, max-video-preview:-1\" \/>\n<link rel=\"canonical\" href=\"https:\/\/saiga.es\/es\/producto\/desinfectante-per-a-fulles-de-tall\/\" \/>\n<meta property=\"og:locale\" content=\"es_ES\" \/>\n<meta property=\"og:type\" content=\"article\" \/>\n<meta property=\"og:title\" content=\"Desinfectante per a fulles de tall | SAIGA\" \/>\n<meta property=\"og:description\" content=\"Evita la propagaci\u00f3n de enfermedades entre tus frutales y plantas con nuestro desinfectante para plantas altas.\" \/>\n<meta property=\"og:url\" content=\"https:\/\/saiga.es\/es\/producto\/desinfectante-per-a-fulles-de-tall\/\" \/>\n<meta property=\"og:site_name\" content=\"SAIGA\" \/>\n<meta property=\"article:modified_time\" content=\"2025-10-24T10:19:29+00:00\" \/>\n<meta property=\"og:image\" content=\"https:\/\/saiga.es\/wp-content\/uploads\/2025\/02\/Desinfectant-fulla-de-tall.jpg\" \/>\n\t<meta property=\"og:image:width\" content=\"1080\" \/>\n\t<meta property=\"og:image:height\" content=\"1080\" \/>\n\t<meta property=\"og:image:type\" content=\"image\/jpeg\" \/>\n<meta name=\"twitter:card\" content=\"summary_large_image\" \/>\n<meta name=\"twitter:site\" content=\"@saiga_agro\" \/>\n<meta name=\"twitter:label1\" content=\"Tiempo de lectura\" \/>\n\t<meta name=\"twitter:data1\" content=\"1 minuto\" \/>\n<script type=\"application\/ld+json\" class=\"yoast-schema-graph\">{\"@context\":\"https:\\\/\\\/schema.org\",\"@graph\":[{\"@type\":\"WebPage\",\"@id\":\"https:\\\/\\\/saiga.es\\\/es\\\/producto\\\/desinfectante-per-a-fulles-de-tall\\\/\",\"url\":\"https:\\\/\\\/saiga.es\\\/es\\\/producto\\\/desinfectante-per-a-fulles-de-tall\\\/\",\"name\":\"Desinfectante per a fulles de tall | SAIGA\",\"isPartOf\":{\"@id\":\"https:\\\/\\\/saiga.es\\\/es\\\/#website\"},\"primaryImageOfPage\":{\"@id\":\"https:\\\/\\\/saiga.es\\\/es\\\/producto\\\/desinfectante-per-a-fulles-de-tall\\\/#primaryimage\"},\"image\":{\"@id\":\"https:\\\/\\\/saiga.es\\\/es\\\/producto\\\/desinfectante-per-a-fulles-de-tall\\\/#primaryimage\"},\"thumbnailUrl\":\"https:\\\/\\\/saiga.es\\\/wp-content\\\/uploads\\\/2025\\\/02\\\/Desinfectant-fulla-de-tall.jpg\",\"datePublished\":\"2025-02-04T09:38:48+00:00\",\"dateModified\":\"2025-10-24T10:19:29+00:00\",\"description\":\"Evita la propagaci\u00f3n de enfermedades entre tus frutales y plantas con nuestro desinfectante para plantas altas.\",\"breadcrumb\":{\"@id\":\"https:\\\/\\\/saiga.es\\\/es\\\/producto\\\/desinfectante-per-a-fulles-de-tall\\\/#breadcrumb\"},\"inLanguage\":\"es\",\"potentialAction\":[{\"@type\":\"ReadAction\",\"target\":[\"https:\\\/\\\/saiga.es\\\/es\\\/producto\\\/desinfectante-per-a-fulles-de-tall\\\/\"]}]},{\"@type\":\"ImageObject\",\"inLanguage\":\"es\",\"@id\":\"https:\\\/\\\/saiga.es\\\/es\\\/producto\\\/desinfectante-per-a-fulles-de-tall\\\/#primaryimage\",\"url\":\"https:\\\/\\\/saiga.es\\\/wp-content\\\/uploads\\\/2025\\\/02\\\/Desinfectant-fulla-de-tall.jpg\",\"contentUrl\":\"https:\\\/\\\/saiga.es\\\/wp-content\\\/uploads\\\/2025\\\/02\\\/Desinfectant-fulla-de-tall.jpg\",\"width\":1080,\"height\":1080,\"caption\":\"Desinfectante hoja de corte\"},{\"@type\":\"BreadcrumbList\",\"@id\":\"https:\\\/\\\/saiga.es\\\/es\\\/producto\\\/desinfectante-per-a-fulles-de-tall\\\/#breadcrumb\",\"itemListElement\":[{\"@type\":\"ListItem\",\"position\":1,\"name\":\"Inici\",\"item\":\"https:\\\/\\\/saiga.es\\\/es\\\/\"},{\"@type\":\"ListItem\",\"position\":2,\"name\":\"Tienda\",\"item\":\"https:\\\/\\\/saiga.es\\\/es\\\/tienda\\\/\"},{\"@type\":\"ListItem\",\"position\":3,\"name\":\"Desinfectante per a fulles de tall\"}]},{\"@type\":\"WebSite\",\"@id\":\"https:\\\/\\\/saiga.es\\\/es\\\/#website\",\"url\":\"https:\\\/\\\/saiga.es\\\/es\\\/\",\"name\":\"SAIGA\",\"description\":\"M\u00e9s de 50 anys al servei de la terra i treballant per a un \u00fas eficient de l\u2019aigua!\",\"publisher\":{\"@id\":\"https:\\\/\\\/saiga.es\\\/es\\\/#organization\"},\"potentialAction\":[{\"@type\":\"SearchAction\",\"target\":{\"@type\":\"EntryPoint\",\"urlTemplate\":\"https:\\\/\\\/saiga.es\\\/es\\\/?s={search_term_string}\"},\"query-input\":{\"@type\":\"PropertyValueSpecification\",\"valueRequired\":true,\"valueName\":\"search_term_string\"}}],\"inLanguage\":\"es\"},{\"@type\":\"Organization\",\"@id\":\"https:\\\/\\\/saiga.es\\\/es\\\/#organization\",\"name\":\"SAIGA\",\"url\":\"https:\\\/\\\/saiga.es\\\/es\\\/\",\"logo\":{\"@type\":\"ImageObject\",\"inLanguage\":\"es\",\"@id\":\"https:\\\/\\\/saiga.es\\\/es\\\/#\\\/schema\\\/logo\\\/image\\\/\",\"url\":\"https:\\\/\\\/saiga.es\\\/wp-content\\\/uploads\\\/2025\\\/07\\\/logo_saiga_baseline_optimitzat.svg\",\"contentUrl\":\"https:\\\/\\\/saiga.es\\\/wp-content\\\/uploads\\\/2025\\\/07\\\/logo_saiga_baseline_optimitzat.svg\",\"caption\":\"SAIGA\"},\"image\":{\"@id\":\"https:\\\/\\\/saiga.es\\\/es\\\/#\\\/schema\\\/logo\\\/image\\\/\"},\"sameAs\":[\"https:\\\/\\\/x.com\\\/saiga_agro\",\"https:\\\/\\\/www.instagram.com\\\/saiga_agro\\\/\"]}]}<\/script>\n<!-- \/ Yoast SEO plugin. -->","yoast_head_json":{"title":"Desinfectante per a fulles de tall | SAIGA","description":"Evita la propagaci\u00f3n de enfermedades entre tus frutales y plantas con nuestro desinfectante para plantas altas.","robots":{"index":"index","follow":"follow","max-snippet":"max-snippet:-1","max-image-preview":"max-image-preview:large","max-video-preview":"max-video-preview:-1"},"canonical":"https:\/\/saiga.es\/es\/producto\/desinfectante-per-a-fulles-de-tall\/","og_locale":"es_ES","og_type":"article","og_title":"Desinfectante per a fulles de tall | SAIGA","og_description":"Evita la propagaci\u00f3n de enfermedades entre tus frutales y plantas con nuestro desinfectante para plantas altas.","og_url":"https:\/\/saiga.es\/es\/producto\/desinfectante-per-a-fulles-de-tall\/","og_site_name":"SAIGA","article_modified_time":"2025-10-24T10:19:29+00:00","og_image":[{"width":1080,"height":1080,"url":"https:\/\/saiga.es\/wp-content\/uploads\/2025\/02\/Desinfectant-fulla-de-tall.jpg","type":"image\/jpeg"}],"twitter_card":"summary_large_image","twitter_site":"@saiga_agro","twitter_misc":{"Tiempo de lectura":"1 minuto"},"schema":{"@context":"https:\/\/schema.org","@graph":[{"@type":"WebPage","@id":"https:\/\/saiga.es\/es\/producto\/desinfectante-per-a-fulles-de-tall\/","url":"https:\/\/saiga.es\/es\/producto\/desinfectante-per-a-fulles-de-tall\/","name":"Desinfectante per a fulles de tall | SAIGA","isPartOf":{"@id":"https:\/\/saiga.es\/es\/#website"},"primaryImageOfPage":{"@id":"https:\/\/saiga.es\/es\/producto\/desinfectante-per-a-fulles-de-tall\/#primaryimage"},"image":{"@id":"https:\/\/saiga.es\/es\/producto\/desinfectante-per-a-fulles-de-tall\/#primaryimage"},"thumbnailUrl":"https:\/\/saiga.es\/wp-content\/uploads\/2025\/02\/Desinfectant-fulla-de-tall.jpg","datePublished":"2025-02-04T09:38:48+00:00","dateModified":"2025-10-24T10:19:29+00:00","description":"Evita la propagaci\u00f3n de enfermedades entre tus frutales y plantas con nuestro desinfectante para plantas altas.","breadcrumb":{"@id":"https:\/\/saiga.es\/es\/producto\/desinfectante-per-a-fulles-de-tall\/#breadcrumb"},"inLanguage":"es","potentialAction":[{"@type":"ReadAction","target":["https:\/\/saiga.es\/es\/producto\/desinfectante-per-a-fulles-de-tall\/"]}]},{"@type":"ImageObject","inLanguage":"es","@id":"https:\/\/saiga.es\/es\/producto\/desinfectante-per-a-fulles-de-tall\/#primaryimage","url":"https:\/\/saiga.es\/wp-content\/uploads\/2025\/02\/Desinfectant-fulla-de-tall.jpg","contentUrl":"https:\/\/saiga.es\/wp-content\/uploads\/2025\/02\/Desinfectant-fulla-de-tall.jpg","width":1080,"height":1080,"caption":"Desinfectante hoja de corte"},{"@type":"BreadcrumbList","@id":"https:\/\/saiga.es\/es\/producto\/desinfectante-per-a-fulles-de-tall\/#breadcrumb","itemListElement":[{"@type":"ListItem","position":1,"name":"Inici","item":"https:\/\/saiga.es\/es\/"},{"@type":"ListItem","position":2,"name":"Tienda","item":"https:\/\/saiga.es\/es\/tienda\/"},{"@type":"ListItem","position":3,"name":"Desinfectante per a fulles de tall"}]},{"@type":"WebSite","@id":"https:\/\/saiga.es\/es\/#website","url":"https:\/\/saiga.es\/es\/","name":"SAIGA","description":"M\u00e9s de 50 anys al servei de la terra i treballant per a un \u00fas eficient de l\u2019aigua!","publisher":{"@id":"https:\/\/saiga.es\/es\/#organization"},"potentialAction":[{"@type":"SearchAction","target":{"@type":"EntryPoint","urlTemplate":"https:\/\/saiga.es\/es\/?s={search_term_string}"},"query-input":{"@type":"PropertyValueSpecification","valueRequired":true,"valueName":"search_term_string"}}],"inLanguage":"es"},{"@type":"Organization","@id":"https:\/\/saiga.es\/es\/#organization","name":"SAIGA","url":"https:\/\/saiga.es\/es\/","logo":{"@type":"ImageObject","inLanguage":"es","@id":"https:\/\/saiga.es\/es\/#\/schema\/logo\/image\/","url":"https:\/\/saiga.es\/wp-content\/uploads\/2025\/07\/logo_saiga_baseline_optimitzat.svg","contentUrl":"https:\/\/saiga.es\/wp-content\/uploads\/2025\/07\/logo_saiga_baseline_optimitzat.svg","caption":"SAIGA"},"image":{"@id":"https:\/\/saiga.es\/es\/#\/schema\/logo\/image\/"},"sameAs":["https:\/\/x.com\/saiga_agro","https:\/\/www.instagram.com\/saiga_agro\/"]}]}},"_links":{"self":[{"href":"https:\/\/saiga.es\/es\/wp-json\/wp\/v2\/product\/14020","targetHints":{"allow":["GET"]}}],"collection":[{"href":"https:\/\/saiga.es\/es\/wp-json\/wp\/v2\/product"}],"about":[{"href":"https:\/\/saiga.es\/es\/wp-json\/wp\/v2\/types\/product"}],"replies":[{"embeddable":true,"href":"https:\/\/saiga.es\/es\/wp-json\/wp\/v2\/comments?post=14020"}],"wp:featuredmedia":[{"embeddable":true,"href":"https:\/\/saiga.es\/es\/wp-json\/wp\/v2\/media\/14019"}],"wp:attachment":[{"href":"https:\/\/saiga.es\/es\/wp-json\/wp\/v2\/media?parent=14020"}],"wp:term":[{"taxonomy":"product_brand","embeddable":true,"href":"https:\/\/saiga.es\/es\/wp-json\/wp\/v2\/product_brand?post=14020"},{"taxonomy":"product_cat","embeddable":true,"href":"https:\/\/saiga.es\/es\/wp-json\/wp\/v2\/product_cat?post=14020"},{"taxonomy":"product_tag","embeddable":true,"href":"https:\/\/saiga.es\/es\/wp-json\/wp\/v2\/product_tag?post=14020"}],"curies":[{"name":"wp","href":"https:\/\/api.w.org\/{rel}","templated":true}]}}