{"id":14023,"date":"2024-10-03T08:53:25","date_gmt":"2024-10-03T08:53:25","guid":{"rendered":"https:\/\/botiga.saiga.es\/producte\/cuchillo-multifuncion-bahco\/"},"modified":"2024-10-03T08:53:25","modified_gmt":"2024-10-03T08:53:25","slug":"cuchillo-multifuncion-bahco","status":"publish","type":"product","link":"https:\/\/saiga.es\/es\/producto\/cuchillo-multifuncion-bahco\/","title":{"rendered":"Cuchillo multifunci\u00f3n Bahco"},"content":{"rendered":"<p>El cuchillo multifunci\u00f3n Bahco 2446 es una herramienta robusta y vers\u00e1til, ideal para m\u00faltiples usos. Dispone de un mango bi-componente c\u00f3modo, que proporciona una excelente adherencia para un uso seguro y eficiente. La hoja de 100 mm de largo, fabricada en acero inoxidable resistente, garantiza durabilidad y precisi\u00f3n en cada corte. Con una longitud total de 220 mm, este cuchillo ofrece un perfecto equilibrio entre tama\u00f1o y maniobrabilidad. Se incluye una funda pr\u00e1ctica con doble bot\u00f3n para llevarlo c\u00f3modamente al cintur\u00f3n, asegurando un acceso r\u00e1pido y seguro durante su uso.    <\/p>\n","protected":false},"excerpt":{"rendered":"<p>El cuchillo multifunci\u00f3n Bahco 2446 es una herramienta robusta y vers\u00e1til, ideal para m\u00faltiples usos.<\/p>\n","protected":false},"featured_media":12208,"comment_status":"closed","ping_status":"closed","template":"","meta":[],"product_brand":[],"product_cat":[1860,398,399],"product_tag":[1863,1861,1862],"class_list":{"0":"post-14023","1":"product","2":"type-product","3":"status-publish","4":"has-post-thumbnail","6":"product_cat-bahco-es","7":"product_cat-podadoras","8":"product_cat-serruchos","9":"product_tag-bahco-es-2","10":"product_tag-cuchillo","11":"product_tag-cuchillo-multifuncion","13":"first","14":"instock","15":"taxable","16":"shipping-taxable","17":"purchasable","18":"product-type-simple"},"yoast_head":"<!-- This site is optimized with the Yoast SEO plugin v27.4 - https:\/\/yoast.com\/product\/yoast-seo-wordpress\/ -->\n<title>Cuchillo multifunci\u00f3n Bahco | SAIGA<\/title>\n<meta name=\"description\" content=\"El cuchillo multifunci\u00f3n Bahco 2446 es una herramienta robusta y vers\u00e1til, ideal para m\u00faltiples usos.\" \/>\n<meta name=\"robots\" content=\"index, follow, max-snippet:-1, max-image-preview:large, max-video-preview:-1\" \/>\n<link rel=\"canonical\" href=\"https:\/\/saiga.es\/es\/producto\/cuchillo-multifuncion-bahco\/\" \/>\n<meta property=\"og:locale\" content=\"es_ES\" \/>\n<meta property=\"og:type\" content=\"article\" \/>\n<meta property=\"og:title\" content=\"Cuchillo multifunci\u00f3n Bahco | SAIGA\" \/>\n<meta property=\"og:description\" content=\"El cuchillo multifunci\u00f3n Bahco 2446 es una herramienta robusta y vers\u00e1til, ideal para m\u00faltiples usos.\" \/>\n<meta property=\"og:url\" content=\"https:\/\/saiga.es\/es\/producto\/cuchillo-multifuncion-bahco\/\" \/>\n<meta property=\"og:site_name\" content=\"SAIGA\" \/>\n<meta property=\"og:image\" content=\"https:\/\/saiga.es\/wp-content\/uploads\/2024\/10\/ganivet-multifuncio.jpg\" \/>\n\t<meta property=\"og:image:width\" content=\"1080\" \/>\n\t<meta property=\"og:image:height\" content=\"1080\" \/>\n\t<meta property=\"og:image:type\" content=\"image\/jpeg\" \/>\n<meta name=\"twitter:card\" content=\"summary_large_image\" \/>\n<meta name=\"twitter:site\" content=\"@saiga_agro\" \/>\n<script type=\"application\/ld+json\" class=\"yoast-schema-graph\">{\"@context\":\"https:\\\/\\\/schema.org\",\"@graph\":[{\"@type\":\"WebPage\",\"@id\":\"https:\\\/\\\/saiga.es\\\/es\\\/producto\\\/cuchillo-multifuncion-bahco\\\/\",\"url\":\"https:\\\/\\\/saiga.es\\\/es\\\/producto\\\/cuchillo-multifuncion-bahco\\\/\",\"name\":\"Cuchillo multifunci\u00f3n Bahco | SAIGA\",\"isPartOf\":{\"@id\":\"https:\\\/\\\/saiga.es\\\/es\\\/#website\"},\"primaryImageOfPage\":{\"@id\":\"https:\\\/\\\/saiga.es\\\/es\\\/producto\\\/cuchillo-multifuncion-bahco\\\/#primaryimage\"},\"image\":{\"@id\":\"https:\\\/\\\/saiga.es\\\/es\\\/producto\\\/cuchillo-multifuncion-bahco\\\/#primaryimage\"},\"thumbnailUrl\":\"https:\\\/\\\/saiga.es\\\/wp-content\\\/uploads\\\/2024\\\/10\\\/ganivet-multifuncio.jpg\",\"datePublished\":\"2024-10-03T08:53:25+00:00\",\"description\":\"El cuchillo multifunci\u00f3n Bahco 2446 es una herramienta robusta y vers\u00e1til, ideal para m\u00faltiples usos.\",\"breadcrumb\":{\"@id\":\"https:\\\/\\\/saiga.es\\\/es\\\/producto\\\/cuchillo-multifuncion-bahco\\\/#breadcrumb\"},\"inLanguage\":\"es\",\"potentialAction\":[{\"@type\":\"ReadAction\",\"target\":[\"https:\\\/\\\/saiga.es\\\/es\\\/producto\\\/cuchillo-multifuncion-bahco\\\/\"]}]},{\"@type\":\"ImageObject\",\"inLanguage\":\"es\",\"@id\":\"https:\\\/\\\/saiga.es\\\/es\\\/producto\\\/cuchillo-multifuncion-bahco\\\/#primaryimage\",\"url\":\"https:\\\/\\\/saiga.es\\\/wp-content\\\/uploads\\\/2024\\\/10\\\/ganivet-multifuncio.jpg\",\"contentUrl\":\"https:\\\/\\\/saiga.es\\\/wp-content\\\/uploads\\\/2024\\\/10\\\/ganivet-multifuncio.jpg\",\"width\":1080,\"height\":1080,\"caption\":\"cuchillo multifunci\u00f3n Bahco\"},{\"@type\":\"BreadcrumbList\",\"@id\":\"https:\\\/\\\/saiga.es\\\/es\\\/producto\\\/cuchillo-multifuncion-bahco\\\/#breadcrumb\",\"itemListElement\":[{\"@type\":\"ListItem\",\"position\":1,\"name\":\"Inici\",\"item\":\"https:\\\/\\\/saiga.es\\\/es\\\/\"},{\"@type\":\"ListItem\",\"position\":2,\"name\":\"Tienda\",\"item\":\"https:\\\/\\\/saiga.es\\\/es\\\/tienda\\\/\"},{\"@type\":\"ListItem\",\"position\":3,\"name\":\"Cuchillo multifunci\u00f3n Bahco\"}]},{\"@type\":\"WebSite\",\"@id\":\"https:\\\/\\\/saiga.es\\\/es\\\/#website\",\"url\":\"https:\\\/\\\/saiga.es\\\/es\\\/\",\"name\":\"SAIGA\",\"description\":\"M\u00e9s de 50 anys al servei de la terra i treballant per a un \u00fas eficient de l\u2019aigua!\",\"publisher\":{\"@id\":\"https:\\\/\\\/saiga.es\\\/es\\\/#organization\"},\"potentialAction\":[{\"@type\":\"SearchAction\",\"target\":{\"@type\":\"EntryPoint\",\"urlTemplate\":\"https:\\\/\\\/saiga.es\\\/es\\\/?s={search_term_string}\"},\"query-input\":{\"@type\":\"PropertyValueSpecification\",\"valueRequired\":true,\"valueName\":\"search_term_string\"}}],\"inLanguage\":\"es\"},{\"@type\":\"Organization\",\"@id\":\"https:\\\/\\\/saiga.es\\\/es\\\/#organization\",\"name\":\"SAIGA\",\"url\":\"https:\\\/\\\/saiga.es\\\/es\\\/\",\"logo\":{\"@type\":\"ImageObject\",\"inLanguage\":\"es\",\"@id\":\"https:\\\/\\\/saiga.es\\\/es\\\/#\\\/schema\\\/logo\\\/image\\\/\",\"url\":\"https:\\\/\\\/saiga.es\\\/wp-content\\\/uploads\\\/2025\\\/07\\\/logo_saiga_baseline_optimitzat.svg\",\"contentUrl\":\"https:\\\/\\\/saiga.es\\\/wp-content\\\/uploads\\\/2025\\\/07\\\/logo_saiga_baseline_optimitzat.svg\",\"caption\":\"SAIGA\"},\"image\":{\"@id\":\"https:\\\/\\\/saiga.es\\\/es\\\/#\\\/schema\\\/logo\\\/image\\\/\"},\"sameAs\":[\"https:\\\/\\\/x.com\\\/saiga_agro\",\"https:\\\/\\\/www.instagram.com\\\/saiga_agro\\\/\"]}]}<\/script>\n<!-- \/ Yoast SEO plugin. -->","yoast_head_json":{"title":"Cuchillo multifunci\u00f3n Bahco | SAIGA","description":"El cuchillo multifunci\u00f3n Bahco 2446 es una herramienta robusta y vers\u00e1til, ideal para m\u00faltiples usos.","robots":{"index":"index","follow":"follow","max-snippet":"max-snippet:-1","max-image-preview":"max-image-preview:large","max-video-preview":"max-video-preview:-1"},"canonical":"https:\/\/saiga.es\/es\/producto\/cuchillo-multifuncion-bahco\/","og_locale":"es_ES","og_type":"article","og_title":"Cuchillo multifunci\u00f3n Bahco | SAIGA","og_description":"El cuchillo multifunci\u00f3n Bahco 2446 es una herramienta robusta y vers\u00e1til, ideal para m\u00faltiples usos.","og_url":"https:\/\/saiga.es\/es\/producto\/cuchillo-multifuncion-bahco\/","og_site_name":"SAIGA","og_image":[{"width":1080,"height":1080,"url":"https:\/\/saiga.es\/wp-content\/uploads\/2024\/10\/ganivet-multifuncio.jpg","type":"image\/jpeg"}],"twitter_card":"summary_large_image","twitter_site":"@saiga_agro","schema":{"@context":"https:\/\/schema.org","@graph":[{"@type":"WebPage","@id":"https:\/\/saiga.es\/es\/producto\/cuchillo-multifuncion-bahco\/","url":"https:\/\/saiga.es\/es\/producto\/cuchillo-multifuncion-bahco\/","name":"Cuchillo multifunci\u00f3n Bahco | SAIGA","isPartOf":{"@id":"https:\/\/saiga.es\/es\/#website"},"primaryImageOfPage":{"@id":"https:\/\/saiga.es\/es\/producto\/cuchillo-multifuncion-bahco\/#primaryimage"},"image":{"@id":"https:\/\/saiga.es\/es\/producto\/cuchillo-multifuncion-bahco\/#primaryimage"},"thumbnailUrl":"https:\/\/saiga.es\/wp-content\/uploads\/2024\/10\/ganivet-multifuncio.jpg","datePublished":"2024-10-03T08:53:25+00:00","description":"El cuchillo multifunci\u00f3n Bahco 2446 es una herramienta robusta y vers\u00e1til, ideal para m\u00faltiples usos.","breadcrumb":{"@id":"https:\/\/saiga.es\/es\/producto\/cuchillo-multifuncion-bahco\/#breadcrumb"},"inLanguage":"es","potentialAction":[{"@type":"ReadAction","target":["https:\/\/saiga.es\/es\/producto\/cuchillo-multifuncion-bahco\/"]}]},{"@type":"ImageObject","inLanguage":"es","@id":"https:\/\/saiga.es\/es\/producto\/cuchillo-multifuncion-bahco\/#primaryimage","url":"https:\/\/saiga.es\/wp-content\/uploads\/2024\/10\/ganivet-multifuncio.jpg","contentUrl":"https:\/\/saiga.es\/wp-content\/uploads\/2024\/10\/ganivet-multifuncio.jpg","width":1080,"height":1080,"caption":"cuchillo multifunci\u00f3n Bahco"},{"@type":"BreadcrumbList","@id":"https:\/\/saiga.es\/es\/producto\/cuchillo-multifuncion-bahco\/#breadcrumb","itemListElement":[{"@type":"ListItem","position":1,"name":"Inici","item":"https:\/\/saiga.es\/es\/"},{"@type":"ListItem","position":2,"name":"Tienda","item":"https:\/\/saiga.es\/es\/tienda\/"},{"@type":"ListItem","position":3,"name":"Cuchillo multifunci\u00f3n Bahco"}]},{"@type":"WebSite","@id":"https:\/\/saiga.es\/es\/#website","url":"https:\/\/saiga.es\/es\/","name":"SAIGA","description":"M\u00e9s de 50 anys al servei de la terra i treballant per a un \u00fas eficient de l\u2019aigua!","publisher":{"@id":"https:\/\/saiga.es\/es\/#organization"},"potentialAction":[{"@type":"SearchAction","target":{"@type":"EntryPoint","urlTemplate":"https:\/\/saiga.es\/es\/?s={search_term_string}"},"query-input":{"@type":"PropertyValueSpecification","valueRequired":true,"valueName":"search_term_string"}}],"inLanguage":"es"},{"@type":"Organization","@id":"https:\/\/saiga.es\/es\/#organization","name":"SAIGA","url":"https:\/\/saiga.es\/es\/","logo":{"@type":"ImageObject","inLanguage":"es","@id":"https:\/\/saiga.es\/es\/#\/schema\/logo\/image\/","url":"https:\/\/saiga.es\/wp-content\/uploads\/2025\/07\/logo_saiga_baseline_optimitzat.svg","contentUrl":"https:\/\/saiga.es\/wp-content\/uploads\/2025\/07\/logo_saiga_baseline_optimitzat.svg","caption":"SAIGA"},"image":{"@id":"https:\/\/saiga.es\/es\/#\/schema\/logo\/image\/"},"sameAs":["https:\/\/x.com\/saiga_agro","https:\/\/www.instagram.com\/saiga_agro\/"]}]}},"_links":{"self":[{"href":"https:\/\/saiga.es\/es\/wp-json\/wp\/v2\/product\/14023","targetHints":{"allow":["GET"]}}],"collection":[{"href":"https:\/\/saiga.es\/es\/wp-json\/wp\/v2\/product"}],"about":[{"href":"https:\/\/saiga.es\/es\/wp-json\/wp\/v2\/types\/product"}],"replies":[{"embeddable":true,"href":"https:\/\/saiga.es\/es\/wp-json\/wp\/v2\/comments?post=14023"}],"wp:featuredmedia":[{"embeddable":true,"href":"https:\/\/saiga.es\/es\/wp-json\/wp\/v2\/media\/12208"}],"wp:attachment":[{"href":"https:\/\/saiga.es\/es\/wp-json\/wp\/v2\/media?parent=14023"}],"wp:term":[{"taxonomy":"product_brand","embeddable":true,"href":"https:\/\/saiga.es\/es\/wp-json\/wp\/v2\/product_brand?post=14023"},{"taxonomy":"product_cat","embeddable":true,"href":"https:\/\/saiga.es\/es\/wp-json\/wp\/v2\/product_cat?post=14023"},{"taxonomy":"product_tag","embeddable":true,"href":"https:\/\/saiga.es\/es\/wp-json\/wp\/v2\/product_tag?post=14023"}],"curies":[{"name":"wp","href":"https:\/\/api.w.org\/{rel}","templated":true}]}}