{"id":14036,"date":"2025-02-06T11:03:33","date_gmt":"2025-02-06T11:03:33","guid":{"rendered":"https:\/\/botiga.saiga.es\/producte\/protector-cactus-protector-de-plantas\/"},"modified":"2025-02-06T11:03:33","modified_gmt":"2025-02-06T11:03:33","slug":"protector-cactus-protector-de-plantas","status":"publish","type":"product","link":"https:\/\/saiga.es\/es\/producto\/protector-cactus-protector-de-plantas\/","title":{"rendered":"Protector cactus, protector de plantas"},"content":{"rendered":"<p>El Protector Cactus es la soluci\u00f3n ideal para proteger tus plantas y \u00e1rboles en crecimiento de los animales herb\u00edvoros y roedores. Con un dise\u00f1o resistente y f\u00e1cil de instalar, crea una barrera de seguridad que impide que conejos, ciervos y otros animales se coman la corteza o las hojas tiernas. <\/p>\n<p>-Protecci\u00f3n eficaz contra da\u00f1os causados \u200b\u200bpor animales<br \/>\n-Material resistente y duradero, apto para exteriores<br \/>\n-F\u00e1cil instalaci\u00f3n y adaptabilidad a diferentes tipos de plantas<br \/>\n-Permite la ventilaci\u00f3n y el crecimiento natural del \u00e1rbol<\/p>\n<p>Ideal para jardines, huertos y reforestaciones, Protector Cactus ayuda a garantizar el desarrollo saludable de tus plantas sin necesidad de qu\u00edmicos ni barreras invasivas.<\/p>\n","protected":false},"excerpt":{"rendered":"<p>El Protector Cactus es la soluci\u00f3n ideal para proteger tus plantas y \u00e1rboles en crecimiento de los animales herb\u00edvoros y roedores. Con un dise\u00f1o resistente y f\u00e1cil de instalar, crea una barrera de seguridad que impide que conejos, ciervos y otros animales se coman la corteza o las hojas tiernas. <\/p>\n","protected":false},"featured_media":14028,"comment_status":"closed","ping_status":"closed","template":"","meta":[],"product_brand":[],"product_cat":[173],"product_tag":[920,1868],"class_list":{"0":"post-14036","1":"product","2":"type-product","3":"status-publish","4":"has-post-thumbnail","6":"product_cat-mallas-y-plasticos","7":"product_tag-mallas-protectoras","8":"product_tag-protector-plantes-es","10":"first","11":"outofstock","12":"taxable","13":"shipping-taxable","14":"purchasable","15":"product-type-simple"},"yoast_head":"<!-- This site is optimized with the Yoast SEO plugin v27.4 - https:\/\/yoast.com\/product\/yoast-seo-wordpress\/ -->\n<title>Protector cactus, protector de plantas | SAIGA<\/title>\n<meta name=\"description\" content=\"El Protector Cactus es la soluci\u00f3n ideal para proteger tus plantas y \u00e1rboles en crecimiento de los animales herb\u00edvoros y roedores.\" \/>\n<meta name=\"robots\" content=\"index, follow, max-snippet:-1, max-image-preview:large, max-video-preview:-1\" \/>\n<link rel=\"canonical\" href=\"https:\/\/saiga.es\/es\/producto\/protector-cactus-protector-de-plantas\/\" \/>\n<meta property=\"og:locale\" content=\"es_ES\" \/>\n<meta property=\"og:type\" content=\"article\" \/>\n<meta property=\"og:title\" content=\"Protector cactus, protector de plantas | SAIGA\" \/>\n<meta property=\"og:description\" content=\"El Protector Cactus es la soluci\u00f3n ideal para proteger tus plantas y \u00e1rboles en crecimiento de los animales herb\u00edvoros y roedores.\" \/>\n<meta property=\"og:url\" content=\"https:\/\/saiga.es\/es\/producto\/protector-cactus-protector-de-plantas\/\" \/>\n<meta property=\"og:site_name\" content=\"SAIGA\" \/>\n<meta property=\"og:image\" content=\"https:\/\/saiga.es\/wp-content\/uploads\/2025\/02\/cactus.jpg\" \/>\n\t<meta property=\"og:image:width\" content=\"1024\" \/>\n\t<meta property=\"og:image:height\" content=\"678\" \/>\n\t<meta property=\"og:image:type\" content=\"image\/jpeg\" \/>\n<meta name=\"twitter:card\" content=\"summary_large_image\" \/>\n<meta name=\"twitter:site\" content=\"@saiga_agro\" \/>\n<meta name=\"twitter:label1\" content=\"Tiempo de lectura\" \/>\n\t<meta name=\"twitter:data1\" content=\"1 minuto\" \/>\n<script type=\"application\/ld+json\" class=\"yoast-schema-graph\">{\"@context\":\"https:\\\/\\\/schema.org\",\"@graph\":[{\"@type\":\"WebPage\",\"@id\":\"https:\\\/\\\/saiga.es\\\/es\\\/producto\\\/protector-cactus-protector-de-plantas\\\/\",\"url\":\"https:\\\/\\\/saiga.es\\\/es\\\/producto\\\/protector-cactus-protector-de-plantas\\\/\",\"name\":\"Protector cactus, protector de plantas | SAIGA\",\"isPartOf\":{\"@id\":\"https:\\\/\\\/saiga.es\\\/es\\\/#website\"},\"primaryImageOfPage\":{\"@id\":\"https:\\\/\\\/saiga.es\\\/es\\\/producto\\\/protector-cactus-protector-de-plantas\\\/#primaryimage\"},\"image\":{\"@id\":\"https:\\\/\\\/saiga.es\\\/es\\\/producto\\\/protector-cactus-protector-de-plantas\\\/#primaryimage\"},\"thumbnailUrl\":\"https:\\\/\\\/saiga.es\\\/wp-content\\\/uploads\\\/2025\\\/02\\\/cactus.jpg\",\"datePublished\":\"2025-02-06T11:03:33+00:00\",\"description\":\"El Protector Cactus es la soluci\u00f3n ideal para proteger tus plantas y \u00e1rboles en crecimiento de los animales herb\u00edvoros y roedores.\",\"breadcrumb\":{\"@id\":\"https:\\\/\\\/saiga.es\\\/es\\\/producto\\\/protector-cactus-protector-de-plantas\\\/#breadcrumb\"},\"inLanguage\":\"es\",\"potentialAction\":[{\"@type\":\"ReadAction\",\"target\":[\"https:\\\/\\\/saiga.es\\\/es\\\/producto\\\/protector-cactus-protector-de-plantas\\\/\"]}]},{\"@type\":\"ImageObject\",\"inLanguage\":\"es\",\"@id\":\"https:\\\/\\\/saiga.es\\\/es\\\/producto\\\/protector-cactus-protector-de-plantas\\\/#primaryimage\",\"url\":\"https:\\\/\\\/saiga.es\\\/wp-content\\\/uploads\\\/2025\\\/02\\\/cactus.jpg\",\"contentUrl\":\"https:\\\/\\\/saiga.es\\\/wp-content\\\/uploads\\\/2025\\\/02\\\/cactus.jpg\",\"width\":1024,\"height\":678,\"caption\":\"Protector plantas de animales y roedores\"},{\"@type\":\"BreadcrumbList\",\"@id\":\"https:\\\/\\\/saiga.es\\\/es\\\/producto\\\/protector-cactus-protector-de-plantas\\\/#breadcrumb\",\"itemListElement\":[{\"@type\":\"ListItem\",\"position\":1,\"name\":\"Inici\",\"item\":\"https:\\\/\\\/saiga.es\\\/es\\\/\"},{\"@type\":\"ListItem\",\"position\":2,\"name\":\"Tienda\",\"item\":\"https:\\\/\\\/saiga.es\\\/es\\\/tienda\\\/\"},{\"@type\":\"ListItem\",\"position\":3,\"name\":\"Protector cactus, protector de plantas\"}]},{\"@type\":\"WebSite\",\"@id\":\"https:\\\/\\\/saiga.es\\\/es\\\/#website\",\"url\":\"https:\\\/\\\/saiga.es\\\/es\\\/\",\"name\":\"SAIGA\",\"description\":\"M\u00e9s de 50 anys al servei de la terra i treballant per a un \u00fas eficient de l\u2019aigua!\",\"publisher\":{\"@id\":\"https:\\\/\\\/saiga.es\\\/es\\\/#organization\"},\"potentialAction\":[{\"@type\":\"SearchAction\",\"target\":{\"@type\":\"EntryPoint\",\"urlTemplate\":\"https:\\\/\\\/saiga.es\\\/es\\\/?s={search_term_string}\"},\"query-input\":{\"@type\":\"PropertyValueSpecification\",\"valueRequired\":true,\"valueName\":\"search_term_string\"}}],\"inLanguage\":\"es\"},{\"@type\":\"Organization\",\"@id\":\"https:\\\/\\\/saiga.es\\\/es\\\/#organization\",\"name\":\"SAIGA\",\"url\":\"https:\\\/\\\/saiga.es\\\/es\\\/\",\"logo\":{\"@type\":\"ImageObject\",\"inLanguage\":\"es\",\"@id\":\"https:\\\/\\\/saiga.es\\\/es\\\/#\\\/schema\\\/logo\\\/image\\\/\",\"url\":\"https:\\\/\\\/saiga.es\\\/wp-content\\\/uploads\\\/2025\\\/07\\\/logo_saiga_baseline_optimitzat.svg\",\"contentUrl\":\"https:\\\/\\\/saiga.es\\\/wp-content\\\/uploads\\\/2025\\\/07\\\/logo_saiga_baseline_optimitzat.svg\",\"caption\":\"SAIGA\"},\"image\":{\"@id\":\"https:\\\/\\\/saiga.es\\\/es\\\/#\\\/schema\\\/logo\\\/image\\\/\"},\"sameAs\":[\"https:\\\/\\\/x.com\\\/saiga_agro\",\"https:\\\/\\\/www.instagram.com\\\/saiga_agro\\\/\"]}]}<\/script>\n<!-- \/ Yoast SEO plugin. -->","yoast_head_json":{"title":"Protector cactus, protector de plantas | SAIGA","description":"El Protector Cactus es la soluci\u00f3n ideal para proteger tus plantas y \u00e1rboles en crecimiento de los animales herb\u00edvoros y roedores.","robots":{"index":"index","follow":"follow","max-snippet":"max-snippet:-1","max-image-preview":"max-image-preview:large","max-video-preview":"max-video-preview:-1"},"canonical":"https:\/\/saiga.es\/es\/producto\/protector-cactus-protector-de-plantas\/","og_locale":"es_ES","og_type":"article","og_title":"Protector cactus, protector de plantas | SAIGA","og_description":"El Protector Cactus es la soluci\u00f3n ideal para proteger tus plantas y \u00e1rboles en crecimiento de los animales herb\u00edvoros y roedores.","og_url":"https:\/\/saiga.es\/es\/producto\/protector-cactus-protector-de-plantas\/","og_site_name":"SAIGA","og_image":[{"width":1024,"height":678,"url":"https:\/\/saiga.es\/wp-content\/uploads\/2025\/02\/cactus.jpg","type":"image\/jpeg"}],"twitter_card":"summary_large_image","twitter_site":"@saiga_agro","twitter_misc":{"Tiempo de lectura":"1 minuto"},"schema":{"@context":"https:\/\/schema.org","@graph":[{"@type":"WebPage","@id":"https:\/\/saiga.es\/es\/producto\/protector-cactus-protector-de-plantas\/","url":"https:\/\/saiga.es\/es\/producto\/protector-cactus-protector-de-plantas\/","name":"Protector cactus, protector de plantas | SAIGA","isPartOf":{"@id":"https:\/\/saiga.es\/es\/#website"},"primaryImageOfPage":{"@id":"https:\/\/saiga.es\/es\/producto\/protector-cactus-protector-de-plantas\/#primaryimage"},"image":{"@id":"https:\/\/saiga.es\/es\/producto\/protector-cactus-protector-de-plantas\/#primaryimage"},"thumbnailUrl":"https:\/\/saiga.es\/wp-content\/uploads\/2025\/02\/cactus.jpg","datePublished":"2025-02-06T11:03:33+00:00","description":"El Protector Cactus es la soluci\u00f3n ideal para proteger tus plantas y \u00e1rboles en crecimiento de los animales herb\u00edvoros y roedores.","breadcrumb":{"@id":"https:\/\/saiga.es\/es\/producto\/protector-cactus-protector-de-plantas\/#breadcrumb"},"inLanguage":"es","potentialAction":[{"@type":"ReadAction","target":["https:\/\/saiga.es\/es\/producto\/protector-cactus-protector-de-plantas\/"]}]},{"@type":"ImageObject","inLanguage":"es","@id":"https:\/\/saiga.es\/es\/producto\/protector-cactus-protector-de-plantas\/#primaryimage","url":"https:\/\/saiga.es\/wp-content\/uploads\/2025\/02\/cactus.jpg","contentUrl":"https:\/\/saiga.es\/wp-content\/uploads\/2025\/02\/cactus.jpg","width":1024,"height":678,"caption":"Protector plantas de animales y roedores"},{"@type":"BreadcrumbList","@id":"https:\/\/saiga.es\/es\/producto\/protector-cactus-protector-de-plantas\/#breadcrumb","itemListElement":[{"@type":"ListItem","position":1,"name":"Inici","item":"https:\/\/saiga.es\/es\/"},{"@type":"ListItem","position":2,"name":"Tienda","item":"https:\/\/saiga.es\/es\/tienda\/"},{"@type":"ListItem","position":3,"name":"Protector cactus, protector de plantas"}]},{"@type":"WebSite","@id":"https:\/\/saiga.es\/es\/#website","url":"https:\/\/saiga.es\/es\/","name":"SAIGA","description":"M\u00e9s de 50 anys al servei de la terra i treballant per a un \u00fas eficient de l\u2019aigua!","publisher":{"@id":"https:\/\/saiga.es\/es\/#organization"},"potentialAction":[{"@type":"SearchAction","target":{"@type":"EntryPoint","urlTemplate":"https:\/\/saiga.es\/es\/?s={search_term_string}"},"query-input":{"@type":"PropertyValueSpecification","valueRequired":true,"valueName":"search_term_string"}}],"inLanguage":"es"},{"@type":"Organization","@id":"https:\/\/saiga.es\/es\/#organization","name":"SAIGA","url":"https:\/\/saiga.es\/es\/","logo":{"@type":"ImageObject","inLanguage":"es","@id":"https:\/\/saiga.es\/es\/#\/schema\/logo\/image\/","url":"https:\/\/saiga.es\/wp-content\/uploads\/2025\/07\/logo_saiga_baseline_optimitzat.svg","contentUrl":"https:\/\/saiga.es\/wp-content\/uploads\/2025\/07\/logo_saiga_baseline_optimitzat.svg","caption":"SAIGA"},"image":{"@id":"https:\/\/saiga.es\/es\/#\/schema\/logo\/image\/"},"sameAs":["https:\/\/x.com\/saiga_agro","https:\/\/www.instagram.com\/saiga_agro\/"]}]}},"_links":{"self":[{"href":"https:\/\/saiga.es\/es\/wp-json\/wp\/v2\/product\/14036","targetHints":{"allow":["GET"]}}],"collection":[{"href":"https:\/\/saiga.es\/es\/wp-json\/wp\/v2\/product"}],"about":[{"href":"https:\/\/saiga.es\/es\/wp-json\/wp\/v2\/types\/product"}],"replies":[{"embeddable":true,"href":"https:\/\/saiga.es\/es\/wp-json\/wp\/v2\/comments?post=14036"}],"wp:featuredmedia":[{"embeddable":true,"href":"https:\/\/saiga.es\/es\/wp-json\/wp\/v2\/media\/14028"}],"wp:attachment":[{"href":"https:\/\/saiga.es\/es\/wp-json\/wp\/v2\/media?parent=14036"}],"wp:term":[{"taxonomy":"product_brand","embeddable":true,"href":"https:\/\/saiga.es\/es\/wp-json\/wp\/v2\/product_brand?post=14036"},{"taxonomy":"product_cat","embeddable":true,"href":"https:\/\/saiga.es\/es\/wp-json\/wp\/v2\/product_cat?post=14036"},{"taxonomy":"product_tag","embeddable":true,"href":"https:\/\/saiga.es\/es\/wp-json\/wp\/v2\/product_tag?post=14036"}],"curies":[{"name":"wp","href":"https:\/\/api.w.org\/{rel}","templated":true}]}}