{"id":14069,"date":"2025-02-20T11:16:31","date_gmt":"2025-02-20T11:16:31","guid":{"rendered":"https:\/\/botiga.saiga.es\/producte\/insecticida-adybac-1001-descarga-total-100-ml\/"},"modified":"2025-06-30T10:52:27","modified_gmt":"2025-06-30T10:52:27","slug":"insecticida-adybac-1001-descarga-total-100-ml","status":"publish","type":"product","link":"https:\/\/saiga.es\/es\/producto\/insecticida-adybac-1001-descarga-total-100-ml\/","title":{"rendered":"Insecticida Adybac 1001 descarga localizada 100 ml"},"content":{"rendered":"<p>Adybac 1001 \u2013 Insecticida de descarga total, ovicida, larvicida y adulticida<\/p>\n<p>Adybac 1001 es un potente insecticida en aerosol de descarga total que elimina definitivamente todo tipo de plagas: huevos, larvas e insectos adultos. Su f\u00f3rmula avanzada con hormona de crecimiento (IGR) garantiza una completa desinsectaci\u00f3n.<\/p>\n<p>Eficaz contra: moscas, mosquitos, \u00e1caros, cucarachas, hormigas, pulgas, piojos, garrapatas y m\u00e1s.<br \/>\nUso dom\u00e9stico seguro: no mancha, es inodoro y no irrita. Apto para camas, alfombras y sof\u00e1s.<br \/>\nF\u00e1cil aplicaci\u00f3n: activa la v\u00e1lvula 360 \u00ba y el producto se liberar\u00e1 totalmente.\u00das dom\u00e8stic segur: no taca, \u00e9s inodor i no irrita. Apte per llits, catifes i sof\u00e0s.<br \/>F\u00e0cil aplicaci\u00f3: activa la v\u00e0lvula 360\u00ba i el producte s&#8217;alliberar\u00e0 totalment. <\/p>\n<p>\u00a1La soluci\u00f3n definitiva contra los insectos!<\/p>\n","protected":false},"excerpt":{"rendered":"<p>Adybac 1001 es un potente insecticida en aerosol de descarga total que elimina definitivamente todo tipo de plagas: huevos, larvas e insectos adultos.<\/p>\n","protected":false},"featured_media":14914,"comment_status":"closed","ping_status":"closed","template":"","meta":[],"product_brand":[1869],"product_cat":[181],"product_tag":[886,1875,1874],"class_list":{"0":"post-14069","1":"product","2":"type-product","3":"status-publish","4":"has-post-thumbnail","6":"product_brand-pba","7":"product_cat-insecticidas","8":"product_tag-insecticida-es","9":"product_tag-larvicida-es","10":"product_tag-ovicida-es","12":"first","13":"instock","14":"taxable","15":"shipping-taxable","16":"purchasable","17":"product-type-simple"},"yoast_head":"<!-- This site is optimized with the Yoast SEO plugin v27.4 - https:\/\/yoast.com\/product\/yoast-seo-wordpress\/ -->\n<title>Insecticida Adybac 1001 descarga localizada 100 ml | SAIGA<\/title>\n<meta name=\"description\" content=\"Adybac 1001 es un potente insecticida en aerosol de descarga total que elimina definitivamente todo tipo de plagas: huevos, larvas e insectos adultos.\" \/>\n<meta name=\"robots\" content=\"index, follow, max-snippet:-1, max-image-preview:large, max-video-preview:-1\" \/>\n<link rel=\"canonical\" href=\"https:\/\/saiga.es\/es\/producto\/insecticida-adybac-1001-descarga-total-100-ml\/\" \/>\n<meta property=\"og:locale\" content=\"es_ES\" \/>\n<meta property=\"og:type\" content=\"article\" \/>\n<meta property=\"og:title\" content=\"Insecticida Adybac 1001 descarga localizada 100 ml | SAIGA\" \/>\n<meta property=\"og:description\" content=\"Adybac 1001 es un potente insecticida en aerosol de descarga total que elimina definitivamente todo tipo de plagas: huevos, larvas e insectos adultos.\" \/>\n<meta property=\"og:url\" content=\"https:\/\/saiga.es\/es\/producto\/insecticida-adybac-1001-descarga-total-100-ml\/\" \/>\n<meta property=\"og:site_name\" content=\"SAIGA\" \/>\n<meta property=\"article:modified_time\" content=\"2025-06-30T10:52:27+00:00\" \/>\n<meta property=\"og:image\" content=\"https:\/\/saiga.es\/wp-content\/uploads\/2025\/02\/Adybac-aerosol-descarrega-localitzada-1.jpg\" \/>\n\t<meta property=\"og:image:width\" content=\"1080\" \/>\n\t<meta property=\"og:image:height\" content=\"1080\" \/>\n\t<meta property=\"og:image:type\" content=\"image\/jpeg\" \/>\n<meta name=\"twitter:card\" content=\"summary_large_image\" \/>\n<meta name=\"twitter:site\" content=\"@saiga_agro\" \/>\n<meta name=\"twitter:label1\" content=\"Tiempo de lectura\" \/>\n\t<meta name=\"twitter:data1\" content=\"1 minuto\" \/>\n<script type=\"application\/ld+json\" class=\"yoast-schema-graph\">{\"@context\":\"https:\\\/\\\/schema.org\",\"@graph\":[{\"@type\":\"WebPage\",\"@id\":\"https:\\\/\\\/saiga.es\\\/es\\\/producto\\\/insecticida-adybac-1001-descarga-total-100-ml\\\/\",\"url\":\"https:\\\/\\\/saiga.es\\\/es\\\/producto\\\/insecticida-adybac-1001-descarga-total-100-ml\\\/\",\"name\":\"Insecticida Adybac 1001 descarga localizada 100 ml | SAIGA\",\"isPartOf\":{\"@id\":\"https:\\\/\\\/saiga.es\\\/es\\\/#website\"},\"primaryImageOfPage\":{\"@id\":\"https:\\\/\\\/saiga.es\\\/es\\\/producto\\\/insecticida-adybac-1001-descarga-total-100-ml\\\/#primaryimage\"},\"image\":{\"@id\":\"https:\\\/\\\/saiga.es\\\/es\\\/producto\\\/insecticida-adybac-1001-descarga-total-100-ml\\\/#primaryimage\"},\"thumbnailUrl\":\"https:\\\/\\\/saiga.es\\\/wp-content\\\/uploads\\\/2025\\\/02\\\/Adybac-aerosol-descarrega-localitzada-1.jpg\",\"datePublished\":\"2025-02-20T11:16:31+00:00\",\"dateModified\":\"2025-06-30T10:52:27+00:00\",\"description\":\"Adybac 1001 es un potente insecticida en aerosol de descarga total que elimina definitivamente todo tipo de plagas: huevos, larvas e insectos adultos.\",\"breadcrumb\":{\"@id\":\"https:\\\/\\\/saiga.es\\\/es\\\/producto\\\/insecticida-adybac-1001-descarga-total-100-ml\\\/#breadcrumb\"},\"inLanguage\":\"es\",\"potentialAction\":[{\"@type\":\"ReadAction\",\"target\":[\"https:\\\/\\\/saiga.es\\\/es\\\/producto\\\/insecticida-adybac-1001-descarga-total-100-ml\\\/\"]}]},{\"@type\":\"ImageObject\",\"inLanguage\":\"es\",\"@id\":\"https:\\\/\\\/saiga.es\\\/es\\\/producto\\\/insecticida-adybac-1001-descarga-total-100-ml\\\/#primaryimage\",\"url\":\"https:\\\/\\\/saiga.es\\\/wp-content\\\/uploads\\\/2025\\\/02\\\/Adybac-aerosol-descarrega-localitzada-1.jpg\",\"contentUrl\":\"https:\\\/\\\/saiga.es\\\/wp-content\\\/uploads\\\/2025\\\/02\\\/Adybac-aerosol-descarrega-localitzada-1.jpg\",\"width\":1080,\"height\":1080,\"caption\":\"Adybac desc\u00e0rrega localitzada\"},{\"@type\":\"BreadcrumbList\",\"@id\":\"https:\\\/\\\/saiga.es\\\/es\\\/producto\\\/insecticida-adybac-1001-descarga-total-100-ml\\\/#breadcrumb\",\"itemListElement\":[{\"@type\":\"ListItem\",\"position\":1,\"name\":\"Inici\",\"item\":\"https:\\\/\\\/saiga.es\\\/es\\\/\"},{\"@type\":\"ListItem\",\"position\":2,\"name\":\"Tienda\",\"item\":\"https:\\\/\\\/saiga.es\\\/es\\\/tienda\\\/\"},{\"@type\":\"ListItem\",\"position\":3,\"name\":\"Insecticida Adybac 1001 descarga localizada 100 ml\"}]},{\"@type\":\"WebSite\",\"@id\":\"https:\\\/\\\/saiga.es\\\/es\\\/#website\",\"url\":\"https:\\\/\\\/saiga.es\\\/es\\\/\",\"name\":\"SAIGA\",\"description\":\"M\u00e9s de 50 anys al servei de la terra i treballant per a un \u00fas eficient de l\u2019aigua!\",\"publisher\":{\"@id\":\"https:\\\/\\\/saiga.es\\\/es\\\/#organization\"},\"potentialAction\":[{\"@type\":\"SearchAction\",\"target\":{\"@type\":\"EntryPoint\",\"urlTemplate\":\"https:\\\/\\\/saiga.es\\\/es\\\/?s={search_term_string}\"},\"query-input\":{\"@type\":\"PropertyValueSpecification\",\"valueRequired\":true,\"valueName\":\"search_term_string\"}}],\"inLanguage\":\"es\"},{\"@type\":\"Organization\",\"@id\":\"https:\\\/\\\/saiga.es\\\/es\\\/#organization\",\"name\":\"SAIGA\",\"url\":\"https:\\\/\\\/saiga.es\\\/es\\\/\",\"logo\":{\"@type\":\"ImageObject\",\"inLanguage\":\"es\",\"@id\":\"https:\\\/\\\/saiga.es\\\/es\\\/#\\\/schema\\\/logo\\\/image\\\/\",\"url\":\"https:\\\/\\\/saiga.es\\\/wp-content\\\/uploads\\\/2025\\\/07\\\/logo_saiga_baseline_optimitzat.svg\",\"contentUrl\":\"https:\\\/\\\/saiga.es\\\/wp-content\\\/uploads\\\/2025\\\/07\\\/logo_saiga_baseline_optimitzat.svg\",\"caption\":\"SAIGA\"},\"image\":{\"@id\":\"https:\\\/\\\/saiga.es\\\/es\\\/#\\\/schema\\\/logo\\\/image\\\/\"},\"sameAs\":[\"https:\\\/\\\/x.com\\\/saiga_agro\",\"https:\\\/\\\/www.instagram.com\\\/saiga_agro\\\/\"]}]}<\/script>\n<!-- \/ Yoast SEO plugin. -->","yoast_head_json":{"title":"Insecticida Adybac 1001 descarga localizada 100 ml | SAIGA","description":"Adybac 1001 es un potente insecticida en aerosol de descarga total que elimina definitivamente todo tipo de plagas: huevos, larvas e insectos adultos.","robots":{"index":"index","follow":"follow","max-snippet":"max-snippet:-1","max-image-preview":"max-image-preview:large","max-video-preview":"max-video-preview:-1"},"canonical":"https:\/\/saiga.es\/es\/producto\/insecticida-adybac-1001-descarga-total-100-ml\/","og_locale":"es_ES","og_type":"article","og_title":"Insecticida Adybac 1001 descarga localizada 100 ml | SAIGA","og_description":"Adybac 1001 es un potente insecticida en aerosol de descarga total que elimina definitivamente todo tipo de plagas: huevos, larvas e insectos adultos.","og_url":"https:\/\/saiga.es\/es\/producto\/insecticida-adybac-1001-descarga-total-100-ml\/","og_site_name":"SAIGA","article_modified_time":"2025-06-30T10:52:27+00:00","og_image":[{"width":1080,"height":1080,"url":"https:\/\/saiga.es\/wp-content\/uploads\/2025\/02\/Adybac-aerosol-descarrega-localitzada-1.jpg","type":"image\/jpeg"}],"twitter_card":"summary_large_image","twitter_site":"@saiga_agro","twitter_misc":{"Tiempo de lectura":"1 minuto"},"schema":{"@context":"https:\/\/schema.org","@graph":[{"@type":"WebPage","@id":"https:\/\/saiga.es\/es\/producto\/insecticida-adybac-1001-descarga-total-100-ml\/","url":"https:\/\/saiga.es\/es\/producto\/insecticida-adybac-1001-descarga-total-100-ml\/","name":"Insecticida Adybac 1001 descarga localizada 100 ml | SAIGA","isPartOf":{"@id":"https:\/\/saiga.es\/es\/#website"},"primaryImageOfPage":{"@id":"https:\/\/saiga.es\/es\/producto\/insecticida-adybac-1001-descarga-total-100-ml\/#primaryimage"},"image":{"@id":"https:\/\/saiga.es\/es\/producto\/insecticida-adybac-1001-descarga-total-100-ml\/#primaryimage"},"thumbnailUrl":"https:\/\/saiga.es\/wp-content\/uploads\/2025\/02\/Adybac-aerosol-descarrega-localitzada-1.jpg","datePublished":"2025-02-20T11:16:31+00:00","dateModified":"2025-06-30T10:52:27+00:00","description":"Adybac 1001 es un potente insecticida en aerosol de descarga total que elimina definitivamente todo tipo de plagas: huevos, larvas e insectos adultos.","breadcrumb":{"@id":"https:\/\/saiga.es\/es\/producto\/insecticida-adybac-1001-descarga-total-100-ml\/#breadcrumb"},"inLanguage":"es","potentialAction":[{"@type":"ReadAction","target":["https:\/\/saiga.es\/es\/producto\/insecticida-adybac-1001-descarga-total-100-ml\/"]}]},{"@type":"ImageObject","inLanguage":"es","@id":"https:\/\/saiga.es\/es\/producto\/insecticida-adybac-1001-descarga-total-100-ml\/#primaryimage","url":"https:\/\/saiga.es\/wp-content\/uploads\/2025\/02\/Adybac-aerosol-descarrega-localitzada-1.jpg","contentUrl":"https:\/\/saiga.es\/wp-content\/uploads\/2025\/02\/Adybac-aerosol-descarrega-localitzada-1.jpg","width":1080,"height":1080,"caption":"Adybac desc\u00e0rrega localitzada"},{"@type":"BreadcrumbList","@id":"https:\/\/saiga.es\/es\/producto\/insecticida-adybac-1001-descarga-total-100-ml\/#breadcrumb","itemListElement":[{"@type":"ListItem","position":1,"name":"Inici","item":"https:\/\/saiga.es\/es\/"},{"@type":"ListItem","position":2,"name":"Tienda","item":"https:\/\/saiga.es\/es\/tienda\/"},{"@type":"ListItem","position":3,"name":"Insecticida Adybac 1001 descarga localizada 100 ml"}]},{"@type":"WebSite","@id":"https:\/\/saiga.es\/es\/#website","url":"https:\/\/saiga.es\/es\/","name":"SAIGA","description":"M\u00e9s de 50 anys al servei de la terra i treballant per a un \u00fas eficient de l\u2019aigua!","publisher":{"@id":"https:\/\/saiga.es\/es\/#organization"},"potentialAction":[{"@type":"SearchAction","target":{"@type":"EntryPoint","urlTemplate":"https:\/\/saiga.es\/es\/?s={search_term_string}"},"query-input":{"@type":"PropertyValueSpecification","valueRequired":true,"valueName":"search_term_string"}}],"inLanguage":"es"},{"@type":"Organization","@id":"https:\/\/saiga.es\/es\/#organization","name":"SAIGA","url":"https:\/\/saiga.es\/es\/","logo":{"@type":"ImageObject","inLanguage":"es","@id":"https:\/\/saiga.es\/es\/#\/schema\/logo\/image\/","url":"https:\/\/saiga.es\/wp-content\/uploads\/2025\/07\/logo_saiga_baseline_optimitzat.svg","contentUrl":"https:\/\/saiga.es\/wp-content\/uploads\/2025\/07\/logo_saiga_baseline_optimitzat.svg","caption":"SAIGA"},"image":{"@id":"https:\/\/saiga.es\/es\/#\/schema\/logo\/image\/"},"sameAs":["https:\/\/x.com\/saiga_agro","https:\/\/www.instagram.com\/saiga_agro\/"]}]}},"_links":{"self":[{"href":"https:\/\/saiga.es\/es\/wp-json\/wp\/v2\/product\/14069","targetHints":{"allow":["GET"]}}],"collection":[{"href":"https:\/\/saiga.es\/es\/wp-json\/wp\/v2\/product"}],"about":[{"href":"https:\/\/saiga.es\/es\/wp-json\/wp\/v2\/types\/product"}],"replies":[{"embeddable":true,"href":"https:\/\/saiga.es\/es\/wp-json\/wp\/v2\/comments?post=14069"}],"wp:featuredmedia":[{"embeddable":true,"href":"https:\/\/saiga.es\/es\/wp-json\/wp\/v2\/media\/14914"}],"wp:attachment":[{"href":"https:\/\/saiga.es\/es\/wp-json\/wp\/v2\/media?parent=14069"}],"wp:term":[{"taxonomy":"product_brand","embeddable":true,"href":"https:\/\/saiga.es\/es\/wp-json\/wp\/v2\/product_brand?post=14069"},{"taxonomy":"product_cat","embeddable":true,"href":"https:\/\/saiga.es\/es\/wp-json\/wp\/v2\/product_cat?post=14069"},{"taxonomy":"product_tag","embeddable":true,"href":"https:\/\/saiga.es\/es\/wp-json\/wp\/v2\/product_tag?post=14069"}],"curies":[{"name":"wp","href":"https:\/\/api.w.org\/{rel}","templated":true}]}}