{"id":14075,"date":"2025-02-21T11:49:26","date_gmt":"2025-02-21T11:49:26","guid":{"rendered":"https:\/\/botiga.saiga.es\/producte\/abono-granulado-citricos\/"},"modified":"2025-10-27T07:54:07","modified_gmt":"2025-10-27T07:54:07","slug":"abono-granulado-citricos","status":"publish","type":"product","link":"https:\/\/saiga.es\/es\/producto\/abono-granulado-citricos\/","title":{"rendered":"Abono granulado c\u00edtricos"},"content":{"rendered":"<p data-start=\"217\" data-end=\"510\">El <strong data-start=\"219\" data-end=\"244\">Adobo granulado c\u00edtricos<\/strong> de <strong data-start=\"248\" data-end=\"262\">Fertiberia <\/strong>es un fertilizante pensado espec\u00edficamente para naranjos, limoneros, mandarines y pomelos. Gracias a su f\u00f3rmula equilibrada, ayuda a potenciar la floraci\u00f3n, alargar el per\u00edodo de crecimiento y mejorar tanto el aspecto como el sabor de los frutos. <\/p>\n<p data-start=\"512\" data-end=\"838\">El formato granulado facilita su aplicaci\u00f3n, ya sea en peque\u00f1os huertos dom\u00e9sticos o en cultivos m\u00e1s extensos. Con una presentaci\u00f3n de <strong data-start=\"638\" data-end=\"646\">2 Kg<\/strong>., es f\u00e1cil de manejar y permite ajustar la dosis seg\u00fan la etapa del cultivo: desde la plantaci\u00f3n hasta la fructificaci\u00f3n. Se adapta a la edad de cada \u00e1rbol y sus necesidades nutricionales.  <\/p>\n<p data-start=\"840\" data-end=\"1045\">La composici\u00f3n, con nutrientes NPK 12-7-12 y un 26% de SO\u2083, proporciona una nutrici\u00f3n completa y equilibrada. Favorece el arraigo, estimula una floraci\u00f3n abundante y garantiza frutos m\u00e1s sanos y vigorosos. <\/p>\n<p data-start=\"1047\" data-end=\"1399\">Otra de las grandes ventajas es su acci\u00f3n protectora. Este abono refuerza la resistencia de los \u00e1rboles frente a factores adversos como el fr\u00edo, la sequ\u00eda u otras situaciones de estr\u00e9s ambiental. Adem\u00e1s, la granulaci\u00f3n asegura una distribuci\u00f3n uniforme y una progresiva absorci\u00f3n, por lo que los nutrientes se mantienen disponibles durante m\u00e1s tiempo.  <\/p>\n<p data-start=\"1401\" data-end=\"1740\">En resumen, es un fertilizante vers\u00e1til y de confianza. Funciona tanto en huertos familiares como en jardines con \u00e1rboles frutales o producciones m\u00e1s exigentes. Su facilidad de uso, eficacia demostrada y formato pr\u00e1ctico de 2 kg lo convierten en la elecci\u00f3n perfecta para jardineros y agricultores que buscan resultados visibles y de calidad.  <\/p>\n","protected":false},"excerpt":{"rendered":"<p>Abono granulado formulado para la nutrici\u00f3n de todo tipo de c\u00edtricos: naranjos, limoneros, pomelos y mandarinos.<\/p>\n","protected":false},"featured_media":14078,"comment_status":"closed","ping_status":"closed","template":"","meta":[],"product_brand":[],"product_cat":[1879],"product_tag":[897,674],"class_list":{"0":"post-14075","1":"product","2":"type-product","3":"status-publish","4":"has-post-thumbnail","6":"product_cat-frutales","7":"product_tag-abono-es","8":"product_tag-frutales","10":"first","11":"instock","12":"taxable","13":"shipping-taxable","14":"purchasable","15":"product-type-simple"},"yoast_head":"<!-- This site is optimized with the Yoast SEO plugin v27.4 - https:\/\/yoast.com\/product\/yoast-seo-wordpress\/ -->\n<title>Abono granulado c\u00edtricos | SAIGA<\/title>\n<meta name=\"description\" content=\"Abono granulado formulado para la nutrici\u00f3n de todo tipo de c\u00edtricos: naranjos, limoneros, pomelos y mandarinos.\" \/>\n<meta name=\"robots\" content=\"index, follow, max-snippet:-1, max-image-preview:large, max-video-preview:-1\" \/>\n<link rel=\"canonical\" href=\"https:\/\/saiga.es\/es\/producto\/abono-granulado-citricos\/\" \/>\n<meta property=\"og:locale\" content=\"es_ES\" \/>\n<meta property=\"og:type\" content=\"article\" \/>\n<meta property=\"og:title\" content=\"Abono granulado c\u00edtricos | SAIGA\" \/>\n<meta property=\"og:description\" content=\"Abono granulado formulado para la nutrici\u00f3n de todo tipo de c\u00edtricos: naranjos, limoneros, pomelos y mandarinos.\" \/>\n<meta property=\"og:url\" content=\"https:\/\/saiga.es\/es\/producto\/abono-granulado-citricos\/\" \/>\n<meta property=\"og:site_name\" content=\"SAIGA\" \/>\n<meta property=\"article:modified_time\" content=\"2025-10-27T07:54:07+00:00\" \/>\n<meta property=\"og:image\" content=\"https:\/\/saiga.es\/wp-content\/uploads\/2025\/02\/Adob-granulat-citrics.jpg\" \/>\n\t<meta property=\"og:image:width\" content=\"1080\" \/>\n\t<meta property=\"og:image:height\" content=\"1080\" \/>\n\t<meta property=\"og:image:type\" content=\"image\/jpeg\" \/>\n<meta name=\"twitter:card\" content=\"summary_large_image\" \/>\n<meta name=\"twitter:site\" content=\"@saiga_agro\" \/>\n<meta name=\"twitter:label1\" content=\"Tiempo de lectura\" \/>\n\t<meta name=\"twitter:data1\" content=\"1 minuto\" \/>\n<script type=\"application\/ld+json\" class=\"yoast-schema-graph\">{\"@context\":\"https:\\\/\\\/schema.org\",\"@graph\":[{\"@type\":\"WebPage\",\"@id\":\"https:\\\/\\\/saiga.es\\\/es\\\/producto\\\/abono-granulado-citricos\\\/\",\"url\":\"https:\\\/\\\/saiga.es\\\/es\\\/producto\\\/abono-granulado-citricos\\\/\",\"name\":\"Abono granulado c\u00edtricos | SAIGA\",\"isPartOf\":{\"@id\":\"https:\\\/\\\/saiga.es\\\/es\\\/#website\"},\"primaryImageOfPage\":{\"@id\":\"https:\\\/\\\/saiga.es\\\/es\\\/producto\\\/abono-granulado-citricos\\\/#primaryimage\"},\"image\":{\"@id\":\"https:\\\/\\\/saiga.es\\\/es\\\/producto\\\/abono-granulado-citricos\\\/#primaryimage\"},\"thumbnailUrl\":\"https:\\\/\\\/saiga.es\\\/wp-content\\\/uploads\\\/2025\\\/02\\\/Adob-granulat-citrics.jpg\",\"datePublished\":\"2025-02-21T11:49:26+00:00\",\"dateModified\":\"2025-10-27T07:54:07+00:00\",\"description\":\"Abono granulado formulado para la nutrici\u00f3n de todo tipo de c\u00edtricos: naranjos, limoneros, pomelos y mandarinos.\",\"breadcrumb\":{\"@id\":\"https:\\\/\\\/saiga.es\\\/es\\\/producto\\\/abono-granulado-citricos\\\/#breadcrumb\"},\"inLanguage\":\"es\",\"potentialAction\":[{\"@type\":\"ReadAction\",\"target\":[\"https:\\\/\\\/saiga.es\\\/es\\\/producto\\\/abono-granulado-citricos\\\/\"]}]},{\"@type\":\"ImageObject\",\"inLanguage\":\"es\",\"@id\":\"https:\\\/\\\/saiga.es\\\/es\\\/producto\\\/abono-granulado-citricos\\\/#primaryimage\",\"url\":\"https:\\\/\\\/saiga.es\\\/wp-content\\\/uploads\\\/2025\\\/02\\\/Adob-granulat-citrics.jpg\",\"contentUrl\":\"https:\\\/\\\/saiga.es\\\/wp-content\\\/uploads\\\/2025\\\/02\\\/Adob-granulat-citrics.jpg\",\"width\":1080,\"height\":1080,\"caption\":\"Abono granulado c\u00edtricos\"},{\"@type\":\"BreadcrumbList\",\"@id\":\"https:\\\/\\\/saiga.es\\\/es\\\/producto\\\/abono-granulado-citricos\\\/#breadcrumb\",\"itemListElement\":[{\"@type\":\"ListItem\",\"position\":1,\"name\":\"Inici\",\"item\":\"https:\\\/\\\/saiga.es\\\/es\\\/\"},{\"@type\":\"ListItem\",\"position\":2,\"name\":\"Tienda\",\"item\":\"https:\\\/\\\/saiga.es\\\/es\\\/tienda\\\/\"},{\"@type\":\"ListItem\",\"position\":3,\"name\":\"Abono granulado c\u00edtricos\"}]},{\"@type\":\"WebSite\",\"@id\":\"https:\\\/\\\/saiga.es\\\/es\\\/#website\",\"url\":\"https:\\\/\\\/saiga.es\\\/es\\\/\",\"name\":\"SAIGA\",\"description\":\"M\u00e9s de 50 anys al servei de la terra i treballant per a un \u00fas eficient de l\u2019aigua!\",\"publisher\":{\"@id\":\"https:\\\/\\\/saiga.es\\\/es\\\/#organization\"},\"potentialAction\":[{\"@type\":\"SearchAction\",\"target\":{\"@type\":\"EntryPoint\",\"urlTemplate\":\"https:\\\/\\\/saiga.es\\\/es\\\/?s={search_term_string}\"},\"query-input\":{\"@type\":\"PropertyValueSpecification\",\"valueRequired\":true,\"valueName\":\"search_term_string\"}}],\"inLanguage\":\"es\"},{\"@type\":\"Organization\",\"@id\":\"https:\\\/\\\/saiga.es\\\/es\\\/#organization\",\"name\":\"SAIGA\",\"url\":\"https:\\\/\\\/saiga.es\\\/es\\\/\",\"logo\":{\"@type\":\"ImageObject\",\"inLanguage\":\"es\",\"@id\":\"https:\\\/\\\/saiga.es\\\/es\\\/#\\\/schema\\\/logo\\\/image\\\/\",\"url\":\"https:\\\/\\\/saiga.es\\\/wp-content\\\/uploads\\\/2025\\\/07\\\/logo_saiga_baseline_optimitzat.svg\",\"contentUrl\":\"https:\\\/\\\/saiga.es\\\/wp-content\\\/uploads\\\/2025\\\/07\\\/logo_saiga_baseline_optimitzat.svg\",\"caption\":\"SAIGA\"},\"image\":{\"@id\":\"https:\\\/\\\/saiga.es\\\/es\\\/#\\\/schema\\\/logo\\\/image\\\/\"},\"sameAs\":[\"https:\\\/\\\/x.com\\\/saiga_agro\",\"https:\\\/\\\/www.instagram.com\\\/saiga_agro\\\/\"]}]}<\/script>\n<!-- \/ Yoast SEO plugin. -->","yoast_head_json":{"title":"Abono granulado c\u00edtricos | SAIGA","description":"Abono granulado formulado para la nutrici\u00f3n de todo tipo de c\u00edtricos: naranjos, limoneros, pomelos y mandarinos.","robots":{"index":"index","follow":"follow","max-snippet":"max-snippet:-1","max-image-preview":"max-image-preview:large","max-video-preview":"max-video-preview:-1"},"canonical":"https:\/\/saiga.es\/es\/producto\/abono-granulado-citricos\/","og_locale":"es_ES","og_type":"article","og_title":"Abono granulado c\u00edtricos | SAIGA","og_description":"Abono granulado formulado para la nutrici\u00f3n de todo tipo de c\u00edtricos: naranjos, limoneros, pomelos y mandarinos.","og_url":"https:\/\/saiga.es\/es\/producto\/abono-granulado-citricos\/","og_site_name":"SAIGA","article_modified_time":"2025-10-27T07:54:07+00:00","og_image":[{"width":1080,"height":1080,"url":"https:\/\/saiga.es\/wp-content\/uploads\/2025\/02\/Adob-granulat-citrics.jpg","type":"image\/jpeg"}],"twitter_card":"summary_large_image","twitter_site":"@saiga_agro","twitter_misc":{"Tiempo de lectura":"1 minuto"},"schema":{"@context":"https:\/\/schema.org","@graph":[{"@type":"WebPage","@id":"https:\/\/saiga.es\/es\/producto\/abono-granulado-citricos\/","url":"https:\/\/saiga.es\/es\/producto\/abono-granulado-citricos\/","name":"Abono granulado c\u00edtricos | SAIGA","isPartOf":{"@id":"https:\/\/saiga.es\/es\/#website"},"primaryImageOfPage":{"@id":"https:\/\/saiga.es\/es\/producto\/abono-granulado-citricos\/#primaryimage"},"image":{"@id":"https:\/\/saiga.es\/es\/producto\/abono-granulado-citricos\/#primaryimage"},"thumbnailUrl":"https:\/\/saiga.es\/wp-content\/uploads\/2025\/02\/Adob-granulat-citrics.jpg","datePublished":"2025-02-21T11:49:26+00:00","dateModified":"2025-10-27T07:54:07+00:00","description":"Abono granulado formulado para la nutrici\u00f3n de todo tipo de c\u00edtricos: naranjos, limoneros, pomelos y mandarinos.","breadcrumb":{"@id":"https:\/\/saiga.es\/es\/producto\/abono-granulado-citricos\/#breadcrumb"},"inLanguage":"es","potentialAction":[{"@type":"ReadAction","target":["https:\/\/saiga.es\/es\/producto\/abono-granulado-citricos\/"]}]},{"@type":"ImageObject","inLanguage":"es","@id":"https:\/\/saiga.es\/es\/producto\/abono-granulado-citricos\/#primaryimage","url":"https:\/\/saiga.es\/wp-content\/uploads\/2025\/02\/Adob-granulat-citrics.jpg","contentUrl":"https:\/\/saiga.es\/wp-content\/uploads\/2025\/02\/Adob-granulat-citrics.jpg","width":1080,"height":1080,"caption":"Abono granulado c\u00edtricos"},{"@type":"BreadcrumbList","@id":"https:\/\/saiga.es\/es\/producto\/abono-granulado-citricos\/#breadcrumb","itemListElement":[{"@type":"ListItem","position":1,"name":"Inici","item":"https:\/\/saiga.es\/es\/"},{"@type":"ListItem","position":2,"name":"Tienda","item":"https:\/\/saiga.es\/es\/tienda\/"},{"@type":"ListItem","position":3,"name":"Abono granulado c\u00edtricos"}]},{"@type":"WebSite","@id":"https:\/\/saiga.es\/es\/#website","url":"https:\/\/saiga.es\/es\/","name":"SAIGA","description":"M\u00e9s de 50 anys al servei de la terra i treballant per a un \u00fas eficient de l\u2019aigua!","publisher":{"@id":"https:\/\/saiga.es\/es\/#organization"},"potentialAction":[{"@type":"SearchAction","target":{"@type":"EntryPoint","urlTemplate":"https:\/\/saiga.es\/es\/?s={search_term_string}"},"query-input":{"@type":"PropertyValueSpecification","valueRequired":true,"valueName":"search_term_string"}}],"inLanguage":"es"},{"@type":"Organization","@id":"https:\/\/saiga.es\/es\/#organization","name":"SAIGA","url":"https:\/\/saiga.es\/es\/","logo":{"@type":"ImageObject","inLanguage":"es","@id":"https:\/\/saiga.es\/es\/#\/schema\/logo\/image\/","url":"https:\/\/saiga.es\/wp-content\/uploads\/2025\/07\/logo_saiga_baseline_optimitzat.svg","contentUrl":"https:\/\/saiga.es\/wp-content\/uploads\/2025\/07\/logo_saiga_baseline_optimitzat.svg","caption":"SAIGA"},"image":{"@id":"https:\/\/saiga.es\/es\/#\/schema\/logo\/image\/"},"sameAs":["https:\/\/x.com\/saiga_agro","https:\/\/www.instagram.com\/saiga_agro\/"]}]}},"_links":{"self":[{"href":"https:\/\/saiga.es\/es\/wp-json\/wp\/v2\/product\/14075","targetHints":{"allow":["GET"]}}],"collection":[{"href":"https:\/\/saiga.es\/es\/wp-json\/wp\/v2\/product"}],"about":[{"href":"https:\/\/saiga.es\/es\/wp-json\/wp\/v2\/types\/product"}],"replies":[{"embeddable":true,"href":"https:\/\/saiga.es\/es\/wp-json\/wp\/v2\/comments?post=14075"}],"wp:featuredmedia":[{"embeddable":true,"href":"https:\/\/saiga.es\/es\/wp-json\/wp\/v2\/media\/14078"}],"wp:attachment":[{"href":"https:\/\/saiga.es\/es\/wp-json\/wp\/v2\/media?parent=14075"}],"wp:term":[{"taxonomy":"product_brand","embeddable":true,"href":"https:\/\/saiga.es\/es\/wp-json\/wp\/v2\/product_brand?post=14075"},{"taxonomy":"product_cat","embeddable":true,"href":"https:\/\/saiga.es\/es\/wp-json\/wp\/v2\/product_cat?post=14075"},{"taxonomy":"product_tag","embeddable":true,"href":"https:\/\/saiga.es\/es\/wp-json\/wp\/v2\/product_tag?post=14075"}],"curies":[{"name":"wp","href":"https:\/\/api.w.org\/{rel}","templated":true}]}}