{"id":14099,"date":"2025-03-06T14:13:21","date_gmt":"2025-03-06T14:13:21","guid":{"rendered":"https:\/\/botiga.saiga.es\/producte\/sustrato-orquideas-5l\/"},"modified":"2025-12-11T09:27:38","modified_gmt":"2025-12-11T09:27:38","slug":"sustrato-orquideas-5l","status":"publish","type":"product","link":"https:\/\/saiga.es\/es\/producto\/sustrato-orquideas-5l\/","title":{"rendered":"Sustrato orqu\u00eddeas 5L"},"content":{"rendered":"<p>Sustrato de alta calidad adecuado para todo tipo de orqu\u00eddeas. Mejora la aireaci\u00f3n y la permeabilidad en la zona de las ra\u00edces.<x id=\"gid_0\"><\/x>Beneficios: Perlita. Mineral de origen volc\u00e1nico que mejora el aireaci\u00f3n y la retenci\u00f3n de agua.<x id=\"gid_1\"><\/x>Corteza de pino. Regula la temperatura y mejora el drenaje.   <\/p>\n","protected":false},"excerpt":{"rendered":"<p>Sustrato de alta calidad adecuado para todo tipo de orqu\u00eddeas. Mejora el aireaci\u00f3n y permeabilidad en la zona de las ra\u00edces. <\/p>\n","protected":false},"featured_media":14097,"comment_status":"open","ping_status":"closed","template":"","meta":[],"product_brand":[1876],"product_cat":[195],"product_tag":[1902,727],"class_list":{"0":"post-14099","1":"product","2":"type-product","3":"status-publish","4":"has-post-thumbnail","6":"product_brand-fertiberia","7":"product_cat-tierras-vegetales","8":"product_tag-orquideas","9":"product_tag-sustrato","11":"first","12":"instock","13":"taxable","14":"shipping-taxable","15":"purchasable","16":"product-type-simple"},"yoast_head":"<!-- This site is optimized with the Yoast SEO plugin v27.4 - https:\/\/yoast.com\/product\/yoast-seo-wordpress\/ -->\n<title>Sustrato orqu\u00eddeas 5L | SAIGA<\/title>\n<meta name=\"description\" content=\"Sustrato de alta calidad adecuado para todo tipo de orqu\u00eddeas. Mejora el aireaci\u00f3n y permeabilidad en la zona de las ra\u00edces.\" \/>\n<meta name=\"robots\" content=\"index, follow, max-snippet:-1, max-image-preview:large, max-video-preview:-1\" \/>\n<link rel=\"canonical\" href=\"https:\/\/saiga.es\/es\/producto\/sustrato-orquideas-5l\/\" \/>\n<meta property=\"og:locale\" content=\"es_ES\" \/>\n<meta property=\"og:type\" content=\"article\" \/>\n<meta property=\"og:title\" content=\"Sustrato orqu\u00eddeas 5L | SAIGA\" \/>\n<meta property=\"og:description\" content=\"Sustrato de alta calidad adecuado para todo tipo de orqu\u00eddeas. Mejora el aireaci\u00f3n y permeabilidad en la zona de las ra\u00edces.\" \/>\n<meta property=\"og:url\" content=\"https:\/\/saiga.es\/es\/producto\/sustrato-orquideas-5l\/\" \/>\n<meta property=\"og:site_name\" content=\"SAIGA\" \/>\n<meta property=\"article:modified_time\" content=\"2025-12-11T09:27:38+00:00\" \/>\n<meta property=\"og:image\" content=\"https:\/\/saiga.es\/wp-content\/uploads\/2025\/03\/Substrat-orquidies.jpg\" \/>\n\t<meta property=\"og:image:width\" content=\"1080\" \/>\n\t<meta property=\"og:image:height\" content=\"1080\" \/>\n\t<meta property=\"og:image:type\" content=\"image\/jpeg\" \/>\n<meta name=\"twitter:card\" content=\"summary_large_image\" \/>\n<meta name=\"twitter:site\" content=\"@saiga_agro\" \/>\n<script type=\"application\/ld+json\" class=\"yoast-schema-graph\">{\"@context\":\"https:\\\/\\\/schema.org\",\"@graph\":[{\"@type\":\"WebPage\",\"@id\":\"https:\\\/\\\/saiga.es\\\/es\\\/producto\\\/sustrato-orquideas-5l\\\/\",\"url\":\"https:\\\/\\\/saiga.es\\\/es\\\/producto\\\/sustrato-orquideas-5l\\\/\",\"name\":\"Sustrato orqu\u00eddeas 5L | SAIGA\",\"isPartOf\":{\"@id\":\"https:\\\/\\\/saiga.es\\\/es\\\/#website\"},\"primaryImageOfPage\":{\"@id\":\"https:\\\/\\\/saiga.es\\\/es\\\/producto\\\/sustrato-orquideas-5l\\\/#primaryimage\"},\"image\":{\"@id\":\"https:\\\/\\\/saiga.es\\\/es\\\/producto\\\/sustrato-orquideas-5l\\\/#primaryimage\"},\"thumbnailUrl\":\"https:\\\/\\\/saiga.es\\\/wp-content\\\/uploads\\\/2025\\\/03\\\/Substrat-orquidies.jpg\",\"datePublished\":\"2025-03-06T14:13:21+00:00\",\"dateModified\":\"2025-12-11T09:27:38+00:00\",\"description\":\"Sustrato de alta calidad adecuado para todo tipo de orqu\u00eddeas. Mejora el aireaci\u00f3n y permeabilidad en la zona de las ra\u00edces.\",\"breadcrumb\":{\"@id\":\"https:\\\/\\\/saiga.es\\\/es\\\/producto\\\/sustrato-orquideas-5l\\\/#breadcrumb\"},\"inLanguage\":\"es\",\"potentialAction\":[{\"@type\":\"ReadAction\",\"target\":[\"https:\\\/\\\/saiga.es\\\/es\\\/producto\\\/sustrato-orquideas-5l\\\/\"]}]},{\"@type\":\"ImageObject\",\"inLanguage\":\"es\",\"@id\":\"https:\\\/\\\/saiga.es\\\/es\\\/producto\\\/sustrato-orquideas-5l\\\/#primaryimage\",\"url\":\"https:\\\/\\\/saiga.es\\\/wp-content\\\/uploads\\\/2025\\\/03\\\/Substrat-orquidies.jpg\",\"contentUrl\":\"https:\\\/\\\/saiga.es\\\/wp-content\\\/uploads\\\/2025\\\/03\\\/Substrat-orquidies.jpg\",\"width\":1080,\"height\":1080,\"caption\":\"Sustrato orqu\u00eddeas\"},{\"@type\":\"BreadcrumbList\",\"@id\":\"https:\\\/\\\/saiga.es\\\/es\\\/producto\\\/sustrato-orquideas-5l\\\/#breadcrumb\",\"itemListElement\":[{\"@type\":\"ListItem\",\"position\":1,\"name\":\"Inici\",\"item\":\"https:\\\/\\\/saiga.es\\\/es\\\/\"},{\"@type\":\"ListItem\",\"position\":2,\"name\":\"Tienda\",\"item\":\"https:\\\/\\\/saiga.es\\\/es\\\/tienda\\\/\"},{\"@type\":\"ListItem\",\"position\":3,\"name\":\"Sustrato orqu\u00eddeas 5L\"}]},{\"@type\":\"WebSite\",\"@id\":\"https:\\\/\\\/saiga.es\\\/es\\\/#website\",\"url\":\"https:\\\/\\\/saiga.es\\\/es\\\/\",\"name\":\"SAIGA\",\"description\":\"M\u00e9s de 50 anys al servei de la terra i treballant per a un \u00fas eficient de l\u2019aigua!\",\"publisher\":{\"@id\":\"https:\\\/\\\/saiga.es\\\/es\\\/#organization\"},\"potentialAction\":[{\"@type\":\"SearchAction\",\"target\":{\"@type\":\"EntryPoint\",\"urlTemplate\":\"https:\\\/\\\/saiga.es\\\/es\\\/?s={search_term_string}\"},\"query-input\":{\"@type\":\"PropertyValueSpecification\",\"valueRequired\":true,\"valueName\":\"search_term_string\"}}],\"inLanguage\":\"es\"},{\"@type\":\"Organization\",\"@id\":\"https:\\\/\\\/saiga.es\\\/es\\\/#organization\",\"name\":\"SAIGA\",\"url\":\"https:\\\/\\\/saiga.es\\\/es\\\/\",\"logo\":{\"@type\":\"ImageObject\",\"inLanguage\":\"es\",\"@id\":\"https:\\\/\\\/saiga.es\\\/es\\\/#\\\/schema\\\/logo\\\/image\\\/\",\"url\":\"https:\\\/\\\/saiga.es\\\/wp-content\\\/uploads\\\/2025\\\/07\\\/logo_saiga_baseline_optimitzat.svg\",\"contentUrl\":\"https:\\\/\\\/saiga.es\\\/wp-content\\\/uploads\\\/2025\\\/07\\\/logo_saiga_baseline_optimitzat.svg\",\"caption\":\"SAIGA\"},\"image\":{\"@id\":\"https:\\\/\\\/saiga.es\\\/es\\\/#\\\/schema\\\/logo\\\/image\\\/\"},\"sameAs\":[\"https:\\\/\\\/x.com\\\/saiga_agro\",\"https:\\\/\\\/www.instagram.com\\\/saiga_agro\\\/\"]}]}<\/script>\n<!-- \/ Yoast SEO plugin. -->","yoast_head_json":{"title":"Sustrato orqu\u00eddeas 5L | SAIGA","description":"Sustrato de alta calidad adecuado para todo tipo de orqu\u00eddeas. Mejora el aireaci\u00f3n y permeabilidad en la zona de las ra\u00edces.","robots":{"index":"index","follow":"follow","max-snippet":"max-snippet:-1","max-image-preview":"max-image-preview:large","max-video-preview":"max-video-preview:-1"},"canonical":"https:\/\/saiga.es\/es\/producto\/sustrato-orquideas-5l\/","og_locale":"es_ES","og_type":"article","og_title":"Sustrato orqu\u00eddeas 5L | SAIGA","og_description":"Sustrato de alta calidad adecuado para todo tipo de orqu\u00eddeas. Mejora el aireaci\u00f3n y permeabilidad en la zona de las ra\u00edces.","og_url":"https:\/\/saiga.es\/es\/producto\/sustrato-orquideas-5l\/","og_site_name":"SAIGA","article_modified_time":"2025-12-11T09:27:38+00:00","og_image":[{"width":1080,"height":1080,"url":"https:\/\/saiga.es\/wp-content\/uploads\/2025\/03\/Substrat-orquidies.jpg","type":"image\/jpeg"}],"twitter_card":"summary_large_image","twitter_site":"@saiga_agro","schema":{"@context":"https:\/\/schema.org","@graph":[{"@type":"WebPage","@id":"https:\/\/saiga.es\/es\/producto\/sustrato-orquideas-5l\/","url":"https:\/\/saiga.es\/es\/producto\/sustrato-orquideas-5l\/","name":"Sustrato orqu\u00eddeas 5L | SAIGA","isPartOf":{"@id":"https:\/\/saiga.es\/es\/#website"},"primaryImageOfPage":{"@id":"https:\/\/saiga.es\/es\/producto\/sustrato-orquideas-5l\/#primaryimage"},"image":{"@id":"https:\/\/saiga.es\/es\/producto\/sustrato-orquideas-5l\/#primaryimage"},"thumbnailUrl":"https:\/\/saiga.es\/wp-content\/uploads\/2025\/03\/Substrat-orquidies.jpg","datePublished":"2025-03-06T14:13:21+00:00","dateModified":"2025-12-11T09:27:38+00:00","description":"Sustrato de alta calidad adecuado para todo tipo de orqu\u00eddeas. Mejora el aireaci\u00f3n y permeabilidad en la zona de las ra\u00edces.","breadcrumb":{"@id":"https:\/\/saiga.es\/es\/producto\/sustrato-orquideas-5l\/#breadcrumb"},"inLanguage":"es","potentialAction":[{"@type":"ReadAction","target":["https:\/\/saiga.es\/es\/producto\/sustrato-orquideas-5l\/"]}]},{"@type":"ImageObject","inLanguage":"es","@id":"https:\/\/saiga.es\/es\/producto\/sustrato-orquideas-5l\/#primaryimage","url":"https:\/\/saiga.es\/wp-content\/uploads\/2025\/03\/Substrat-orquidies.jpg","contentUrl":"https:\/\/saiga.es\/wp-content\/uploads\/2025\/03\/Substrat-orquidies.jpg","width":1080,"height":1080,"caption":"Sustrato orqu\u00eddeas"},{"@type":"BreadcrumbList","@id":"https:\/\/saiga.es\/es\/producto\/sustrato-orquideas-5l\/#breadcrumb","itemListElement":[{"@type":"ListItem","position":1,"name":"Inici","item":"https:\/\/saiga.es\/es\/"},{"@type":"ListItem","position":2,"name":"Tienda","item":"https:\/\/saiga.es\/es\/tienda\/"},{"@type":"ListItem","position":3,"name":"Sustrato orqu\u00eddeas 5L"}]},{"@type":"WebSite","@id":"https:\/\/saiga.es\/es\/#website","url":"https:\/\/saiga.es\/es\/","name":"SAIGA","description":"M\u00e9s de 50 anys al servei de la terra i treballant per a un \u00fas eficient de l\u2019aigua!","publisher":{"@id":"https:\/\/saiga.es\/es\/#organization"},"potentialAction":[{"@type":"SearchAction","target":{"@type":"EntryPoint","urlTemplate":"https:\/\/saiga.es\/es\/?s={search_term_string}"},"query-input":{"@type":"PropertyValueSpecification","valueRequired":true,"valueName":"search_term_string"}}],"inLanguage":"es"},{"@type":"Organization","@id":"https:\/\/saiga.es\/es\/#organization","name":"SAIGA","url":"https:\/\/saiga.es\/es\/","logo":{"@type":"ImageObject","inLanguage":"es","@id":"https:\/\/saiga.es\/es\/#\/schema\/logo\/image\/","url":"https:\/\/saiga.es\/wp-content\/uploads\/2025\/07\/logo_saiga_baseline_optimitzat.svg","contentUrl":"https:\/\/saiga.es\/wp-content\/uploads\/2025\/07\/logo_saiga_baseline_optimitzat.svg","caption":"SAIGA"},"image":{"@id":"https:\/\/saiga.es\/es\/#\/schema\/logo\/image\/"},"sameAs":["https:\/\/x.com\/saiga_agro","https:\/\/www.instagram.com\/saiga_agro\/"]}]}},"_links":{"self":[{"href":"https:\/\/saiga.es\/es\/wp-json\/wp\/v2\/product\/14099","targetHints":{"allow":["GET"]}}],"collection":[{"href":"https:\/\/saiga.es\/es\/wp-json\/wp\/v2\/product"}],"about":[{"href":"https:\/\/saiga.es\/es\/wp-json\/wp\/v2\/types\/product"}],"replies":[{"embeddable":true,"href":"https:\/\/saiga.es\/es\/wp-json\/wp\/v2\/comments?post=14099"}],"wp:featuredmedia":[{"embeddable":true,"href":"https:\/\/saiga.es\/es\/wp-json\/wp\/v2\/media\/14097"}],"wp:attachment":[{"href":"https:\/\/saiga.es\/es\/wp-json\/wp\/v2\/media?parent=14099"}],"wp:term":[{"taxonomy":"product_brand","embeddable":true,"href":"https:\/\/saiga.es\/es\/wp-json\/wp\/v2\/product_brand?post=14099"},{"taxonomy":"product_cat","embeddable":true,"href":"https:\/\/saiga.es\/es\/wp-json\/wp\/v2\/product_cat?post=14099"},{"taxonomy":"product_tag","embeddable":true,"href":"https:\/\/saiga.es\/es\/wp-json\/wp\/v2\/product_tag?post=14099"}],"curies":[{"name":"wp","href":"https:\/\/api.w.org\/{rel}","templated":true}]}}