{"id":14133,"date":"2025-03-07T14:50:50","date_gmt":"2025-03-07T14:50:50","guid":{"rendered":"https:\/\/botiga.saiga.es\/producte\/bebedero-cubo-16-l-con-patas\/"},"modified":"2025-10-27T07:54:08","modified_gmt":"2025-10-27T07:54:08","slug":"bebedero-cubo-16-l-con-patas","status":"publish","type":"product","link":"https:\/\/saiga.es\/es\/producto\/bebedero-cubo-16-l-con-patas\/","title":{"rendered":"Bebedero cubo 16 L con patas"},"content":{"rendered":"<p>El bebedero de cubo con patas para aves es la soluci\u00f3n perfecta para mantener tus aves bien hidratadas en todo momento. Con una capacidad de 16 litros, este bebedero est\u00e1 dise\u00f1ado para satisfacer las necesidades de gallinas, faisanes, pavos y otras aves de corral. El innovador sistema de chupete permite un suministro controlado de agua, minimizando los vertidos y asegurando que el agua se mantenga siempre fresca y limpia.  <\/p>\n","protected":false},"excerpt":{"rendered":"<p>El bebedero de cubo con patas para aves es la soluci\u00f3n perfecta para mantener tus aves bien hidratadas en todo momento.<\/p>\n","protected":false},"featured_media":14131,"comment_status":"open","ping_status":"closed","template":"","meta":[],"product_brand":[1909],"product_cat":[686],"product_tag":[687,1826],"class_list":{"0":"post-14133","1":"product","2":"type-product","3":"status-publish","4":"has-post-thumbnail","6":"product_brand-gaun","7":"product_cat-bebederos","8":"product_tag-bebedero","9":"product_tag-gallinas","11":"first","12":"instock","13":"taxable","14":"shipping-taxable","15":"purchasable","16":"product-type-simple"},"yoast_head":"<!-- This site is optimized with the Yoast SEO plugin v27.4 - https:\/\/yoast.com\/product\/yoast-seo-wordpress\/ -->\n<title>Bebedero cubo 16 L con patas | SAIGA<\/title>\n<meta name=\"description\" content=\"El bebedero de cubo con patas para aves es la soluci\u00f3n perfecta para mantener tus aves bien hidratadas en todo momento.\" \/>\n<meta name=\"robots\" content=\"index, follow, max-snippet:-1, max-image-preview:large, max-video-preview:-1\" \/>\n<link rel=\"canonical\" href=\"https:\/\/saiga.es\/es\/producto\/bebedero-cubo-16-l-con-patas\/\" \/>\n<meta property=\"og:locale\" content=\"es_ES\" \/>\n<meta property=\"og:type\" content=\"article\" \/>\n<meta property=\"og:title\" content=\"Bebedero cubo 16 L con patas | SAIGA\" \/>\n<meta property=\"og:description\" content=\"El bebedero de cubo con patas para aves es la soluci\u00f3n perfecta para mantener tus aves bien hidratadas en todo momento.\" \/>\n<meta property=\"og:url\" content=\"https:\/\/saiga.es\/es\/producto\/bebedero-cubo-16-l-con-patas\/\" \/>\n<meta property=\"og:site_name\" content=\"SAIGA\" \/>\n<meta property=\"article:modified_time\" content=\"2025-10-27T07:54:08+00:00\" \/>\n<meta property=\"og:image\" content=\"https:\/\/saiga.es\/wp-content\/uploads\/2025\/03\/Abeurador-galleda.jpg\" \/>\n\t<meta property=\"og:image:width\" content=\"1080\" \/>\n\t<meta property=\"og:image:height\" content=\"1080\" \/>\n\t<meta property=\"og:image:type\" content=\"image\/jpeg\" \/>\n<meta name=\"twitter:card\" content=\"summary_large_image\" \/>\n<meta name=\"twitter:site\" content=\"@saiga_agro\" \/>\n<script type=\"application\/ld+json\" class=\"yoast-schema-graph\">{\"@context\":\"https:\\\/\\\/schema.org\",\"@graph\":[{\"@type\":\"WebPage\",\"@id\":\"https:\\\/\\\/saiga.es\\\/es\\\/producto\\\/bebedero-cubo-16-l-con-patas\\\/\",\"url\":\"https:\\\/\\\/saiga.es\\\/es\\\/producto\\\/bebedero-cubo-16-l-con-patas\\\/\",\"name\":\"Bebedero cubo 16 L con patas | SAIGA\",\"isPartOf\":{\"@id\":\"https:\\\/\\\/saiga.es\\\/es\\\/#website\"},\"primaryImageOfPage\":{\"@id\":\"https:\\\/\\\/saiga.es\\\/es\\\/producto\\\/bebedero-cubo-16-l-con-patas\\\/#primaryimage\"},\"image\":{\"@id\":\"https:\\\/\\\/saiga.es\\\/es\\\/producto\\\/bebedero-cubo-16-l-con-patas\\\/#primaryimage\"},\"thumbnailUrl\":\"https:\\\/\\\/saiga.es\\\/wp-content\\\/uploads\\\/2025\\\/03\\\/Abeurador-galleda.jpg\",\"datePublished\":\"2025-03-07T14:50:50+00:00\",\"dateModified\":\"2025-10-27T07:54:08+00:00\",\"description\":\"El bebedero de cubo con patas para aves es la soluci\u00f3n perfecta para mantener tus aves bien hidratadas en todo momento.\",\"breadcrumb\":{\"@id\":\"https:\\\/\\\/saiga.es\\\/es\\\/producto\\\/bebedero-cubo-16-l-con-patas\\\/#breadcrumb\"},\"inLanguage\":\"es\",\"potentialAction\":[{\"@type\":\"ReadAction\",\"target\":[\"https:\\\/\\\/saiga.es\\\/es\\\/producto\\\/bebedero-cubo-16-l-con-patas\\\/\"]}]},{\"@type\":\"ImageObject\",\"inLanguage\":\"es\",\"@id\":\"https:\\\/\\\/saiga.es\\\/es\\\/producto\\\/bebedero-cubo-16-l-con-patas\\\/#primaryimage\",\"url\":\"https:\\\/\\\/saiga.es\\\/wp-content\\\/uploads\\\/2025\\\/03\\\/Abeurador-galleda.jpg\",\"contentUrl\":\"https:\\\/\\\/saiga.es\\\/wp-content\\\/uploads\\\/2025\\\/03\\\/Abeurador-galleda.jpg\",\"width\":1080,\"height\":1080,\"caption\":\"Bebedero cubo\"},{\"@type\":\"BreadcrumbList\",\"@id\":\"https:\\\/\\\/saiga.es\\\/es\\\/producto\\\/bebedero-cubo-16-l-con-patas\\\/#breadcrumb\",\"itemListElement\":[{\"@type\":\"ListItem\",\"position\":1,\"name\":\"Inici\",\"item\":\"https:\\\/\\\/saiga.es\\\/es\\\/\"},{\"@type\":\"ListItem\",\"position\":2,\"name\":\"Tienda\",\"item\":\"https:\\\/\\\/saiga.es\\\/es\\\/tienda\\\/\"},{\"@type\":\"ListItem\",\"position\":3,\"name\":\"Bebedero cubo 16 L con patas\"}]},{\"@type\":\"WebSite\",\"@id\":\"https:\\\/\\\/saiga.es\\\/es\\\/#website\",\"url\":\"https:\\\/\\\/saiga.es\\\/es\\\/\",\"name\":\"SAIGA\",\"description\":\"M\u00e9s de 50 anys al servei de la terra i treballant per a un \u00fas eficient de l\u2019aigua!\",\"publisher\":{\"@id\":\"https:\\\/\\\/saiga.es\\\/es\\\/#organization\"},\"potentialAction\":[{\"@type\":\"SearchAction\",\"target\":{\"@type\":\"EntryPoint\",\"urlTemplate\":\"https:\\\/\\\/saiga.es\\\/es\\\/?s={search_term_string}\"},\"query-input\":{\"@type\":\"PropertyValueSpecification\",\"valueRequired\":true,\"valueName\":\"search_term_string\"}}],\"inLanguage\":\"es\"},{\"@type\":\"Organization\",\"@id\":\"https:\\\/\\\/saiga.es\\\/es\\\/#organization\",\"name\":\"SAIGA\",\"url\":\"https:\\\/\\\/saiga.es\\\/es\\\/\",\"logo\":{\"@type\":\"ImageObject\",\"inLanguage\":\"es\",\"@id\":\"https:\\\/\\\/saiga.es\\\/es\\\/#\\\/schema\\\/logo\\\/image\\\/\",\"url\":\"https:\\\/\\\/saiga.es\\\/wp-content\\\/uploads\\\/2025\\\/07\\\/logo_saiga_baseline_optimitzat.svg\",\"contentUrl\":\"https:\\\/\\\/saiga.es\\\/wp-content\\\/uploads\\\/2025\\\/07\\\/logo_saiga_baseline_optimitzat.svg\",\"caption\":\"SAIGA\"},\"image\":{\"@id\":\"https:\\\/\\\/saiga.es\\\/es\\\/#\\\/schema\\\/logo\\\/image\\\/\"},\"sameAs\":[\"https:\\\/\\\/x.com\\\/saiga_agro\",\"https:\\\/\\\/www.instagram.com\\\/saiga_agro\\\/\"]}]}<\/script>\n<!-- \/ Yoast SEO plugin. -->","yoast_head_json":{"title":"Bebedero cubo 16 L con patas | SAIGA","description":"El bebedero de cubo con patas para aves es la soluci\u00f3n perfecta para mantener tus aves bien hidratadas en todo momento.","robots":{"index":"index","follow":"follow","max-snippet":"max-snippet:-1","max-image-preview":"max-image-preview:large","max-video-preview":"max-video-preview:-1"},"canonical":"https:\/\/saiga.es\/es\/producto\/bebedero-cubo-16-l-con-patas\/","og_locale":"es_ES","og_type":"article","og_title":"Bebedero cubo 16 L con patas | SAIGA","og_description":"El bebedero de cubo con patas para aves es la soluci\u00f3n perfecta para mantener tus aves bien hidratadas en todo momento.","og_url":"https:\/\/saiga.es\/es\/producto\/bebedero-cubo-16-l-con-patas\/","og_site_name":"SAIGA","article_modified_time":"2025-10-27T07:54:08+00:00","og_image":[{"width":1080,"height":1080,"url":"https:\/\/saiga.es\/wp-content\/uploads\/2025\/03\/Abeurador-galleda.jpg","type":"image\/jpeg"}],"twitter_card":"summary_large_image","twitter_site":"@saiga_agro","schema":{"@context":"https:\/\/schema.org","@graph":[{"@type":"WebPage","@id":"https:\/\/saiga.es\/es\/producto\/bebedero-cubo-16-l-con-patas\/","url":"https:\/\/saiga.es\/es\/producto\/bebedero-cubo-16-l-con-patas\/","name":"Bebedero cubo 16 L con patas | SAIGA","isPartOf":{"@id":"https:\/\/saiga.es\/es\/#website"},"primaryImageOfPage":{"@id":"https:\/\/saiga.es\/es\/producto\/bebedero-cubo-16-l-con-patas\/#primaryimage"},"image":{"@id":"https:\/\/saiga.es\/es\/producto\/bebedero-cubo-16-l-con-patas\/#primaryimage"},"thumbnailUrl":"https:\/\/saiga.es\/wp-content\/uploads\/2025\/03\/Abeurador-galleda.jpg","datePublished":"2025-03-07T14:50:50+00:00","dateModified":"2025-10-27T07:54:08+00:00","description":"El bebedero de cubo con patas para aves es la soluci\u00f3n perfecta para mantener tus aves bien hidratadas en todo momento.","breadcrumb":{"@id":"https:\/\/saiga.es\/es\/producto\/bebedero-cubo-16-l-con-patas\/#breadcrumb"},"inLanguage":"es","potentialAction":[{"@type":"ReadAction","target":["https:\/\/saiga.es\/es\/producto\/bebedero-cubo-16-l-con-patas\/"]}]},{"@type":"ImageObject","inLanguage":"es","@id":"https:\/\/saiga.es\/es\/producto\/bebedero-cubo-16-l-con-patas\/#primaryimage","url":"https:\/\/saiga.es\/wp-content\/uploads\/2025\/03\/Abeurador-galleda.jpg","contentUrl":"https:\/\/saiga.es\/wp-content\/uploads\/2025\/03\/Abeurador-galleda.jpg","width":1080,"height":1080,"caption":"Bebedero cubo"},{"@type":"BreadcrumbList","@id":"https:\/\/saiga.es\/es\/producto\/bebedero-cubo-16-l-con-patas\/#breadcrumb","itemListElement":[{"@type":"ListItem","position":1,"name":"Inici","item":"https:\/\/saiga.es\/es\/"},{"@type":"ListItem","position":2,"name":"Tienda","item":"https:\/\/saiga.es\/es\/tienda\/"},{"@type":"ListItem","position":3,"name":"Bebedero cubo 16 L con patas"}]},{"@type":"WebSite","@id":"https:\/\/saiga.es\/es\/#website","url":"https:\/\/saiga.es\/es\/","name":"SAIGA","description":"M\u00e9s de 50 anys al servei de la terra i treballant per a un \u00fas eficient de l\u2019aigua!","publisher":{"@id":"https:\/\/saiga.es\/es\/#organization"},"potentialAction":[{"@type":"SearchAction","target":{"@type":"EntryPoint","urlTemplate":"https:\/\/saiga.es\/es\/?s={search_term_string}"},"query-input":{"@type":"PropertyValueSpecification","valueRequired":true,"valueName":"search_term_string"}}],"inLanguage":"es"},{"@type":"Organization","@id":"https:\/\/saiga.es\/es\/#organization","name":"SAIGA","url":"https:\/\/saiga.es\/es\/","logo":{"@type":"ImageObject","inLanguage":"es","@id":"https:\/\/saiga.es\/es\/#\/schema\/logo\/image\/","url":"https:\/\/saiga.es\/wp-content\/uploads\/2025\/07\/logo_saiga_baseline_optimitzat.svg","contentUrl":"https:\/\/saiga.es\/wp-content\/uploads\/2025\/07\/logo_saiga_baseline_optimitzat.svg","caption":"SAIGA"},"image":{"@id":"https:\/\/saiga.es\/es\/#\/schema\/logo\/image\/"},"sameAs":["https:\/\/x.com\/saiga_agro","https:\/\/www.instagram.com\/saiga_agro\/"]}]}},"_links":{"self":[{"href":"https:\/\/saiga.es\/es\/wp-json\/wp\/v2\/product\/14133","targetHints":{"allow":["GET"]}}],"collection":[{"href":"https:\/\/saiga.es\/es\/wp-json\/wp\/v2\/product"}],"about":[{"href":"https:\/\/saiga.es\/es\/wp-json\/wp\/v2\/types\/product"}],"replies":[{"embeddable":true,"href":"https:\/\/saiga.es\/es\/wp-json\/wp\/v2\/comments?post=14133"}],"wp:featuredmedia":[{"embeddable":true,"href":"https:\/\/saiga.es\/es\/wp-json\/wp\/v2\/media\/14131"}],"wp:attachment":[{"href":"https:\/\/saiga.es\/es\/wp-json\/wp\/v2\/media?parent=14133"}],"wp:term":[{"taxonomy":"product_brand","embeddable":true,"href":"https:\/\/saiga.es\/es\/wp-json\/wp\/v2\/product_brand?post=14133"},{"taxonomy":"product_cat","embeddable":true,"href":"https:\/\/saiga.es\/es\/wp-json\/wp\/v2\/product_cat?post=14133"},{"taxonomy":"product_tag","embeddable":true,"href":"https:\/\/saiga.es\/es\/wp-json\/wp\/v2\/product_tag?post=14133"}],"curies":[{"name":"wp","href":"https:\/\/api.w.org\/{rel}","templated":true}]}}