{"id":14140,"date":"2025-03-10T08:14:58","date_gmt":"2025-03-10T08:14:58","guid":{"rendered":"https:\/\/botiga.saiga.es\/producte\/gallinero-mod-marsella-de-gaun\/"},"modified":"2025-03-10T08:14:58","modified_gmt":"2025-03-10T08:14:58","slug":"gallinero-mod-marsella-de-gaun","status":"publish","type":"product","link":"https:\/\/saiga.es\/es\/producto\/gallinero-mod-marsella-de-gaun\/","title":{"rendered":"Gallinero Mod. Marsella de Gaun"},"content":{"rendered":"<p>Caseta Aves Mod. Marsella: Comodidad y Estilo para Tus Gallinas. El gallinero Mod. Marsella ofrece un espacio ideal para que tus gallinas se sientan c\u00f3modas y seguras. En la planta baja, cuenta con un \u00e1rea para andar y descansar, adem\u00e1s de una amplia puerta que permite un f\u00e1cil acceso para la limpieza y tambi\u00e9n para que las aves puedan pasear libremente. El gallinero incluye una rampa antideslizante que conecta con el segundo piso, donde hay un nido accesible para que las gallinas pongan sus huevos y descansen. Este nido dispone de una bandeja extra\u00edble que facilita su limpieza, manteniendo as\u00ed un ambiente higi\u00e9nico.      <\/p>\n<p>Con un dise\u00f1o atractivo, el techo a dos aguas es impermeable, evitando la entrada de agua y la formaci\u00f3n de charcos en el interior. Fabricada en madera tratada y pintada en blanco con un tono madera-rojizo, la Caseta Aves Mod.   <\/p>\n","protected":false},"excerpt":{"rendered":"<p>El gallinero Mod. Marsella ofrece un espacio ideal para que tus gallinas se sientan c\u00f3modas y seguras. <\/p>\n","protected":false},"featured_media":14137,"comment_status":"closed","ping_status":"closed","template":"","meta":[],"product_brand":[1909],"product_cat":[1812],"product_tag":[1933,1826,1932],"class_list":{"0":"post-14140","1":"product","2":"type-product","3":"status-publish","4":"has-post-thumbnail","6":"product_brand-gaun","7":"product_cat-gallineros","8":"product_tag-casa-aves","9":"product_tag-gallinas","10":"product_tag-gallinero","12":"first","13":"instock","14":"taxable","15":"shipping-taxable","16":"purchasable","17":"product-type-simple"},"yoast_head":"<!-- This site is optimized with the Yoast SEO plugin v27.4 - https:\/\/yoast.com\/product\/yoast-seo-wordpress\/ -->\n<title>Gallinero Mod. Marsella de Gaun | SAIGA<\/title>\n<meta name=\"description\" content=\"El gallinero Mod. Marsella ofrece un espacio ideal para que tus gallinas se sientan c\u00f3modas y seguras.\" \/>\n<meta name=\"robots\" content=\"index, follow, max-snippet:-1, max-image-preview:large, max-video-preview:-1\" \/>\n<link rel=\"canonical\" href=\"https:\/\/saiga.es\/es\/producto\/gallinero-mod-marsella-de-gaun\/\" \/>\n<meta property=\"og:locale\" content=\"es_ES\" \/>\n<meta property=\"og:type\" content=\"article\" \/>\n<meta property=\"og:title\" content=\"Gallinero Mod. Marsella de Gaun | SAIGA\" \/>\n<meta property=\"og:description\" content=\"El gallinero Mod. Marsella ofrece un espacio ideal para que tus gallinas se sientan c\u00f3modas y seguras.\" \/>\n<meta property=\"og:url\" content=\"https:\/\/saiga.es\/es\/producto\/gallinero-mod-marsella-de-gaun\/\" \/>\n<meta property=\"og:site_name\" content=\"SAIGA\" \/>\n<meta property=\"og:image\" content=\"https:\/\/saiga.es\/wp-content\/uploads\/2025\/03\/Galliner-model-Marsella-Gaun.jpg\" \/>\n\t<meta property=\"og:image:width\" content=\"1080\" \/>\n\t<meta property=\"og:image:height\" content=\"1080\" \/>\n\t<meta property=\"og:image:type\" content=\"image\/jpeg\" \/>\n<meta name=\"twitter:card\" content=\"summary_large_image\" \/>\n<meta name=\"twitter:site\" content=\"@saiga_agro\" \/>\n<meta name=\"twitter:label1\" content=\"Tiempo de lectura\" \/>\n\t<meta name=\"twitter:data1\" content=\"1 minuto\" \/>\n<script type=\"application\/ld+json\" class=\"yoast-schema-graph\">{\"@context\":\"https:\\\/\\\/schema.org\",\"@graph\":[{\"@type\":\"WebPage\",\"@id\":\"https:\\\/\\\/saiga.es\\\/es\\\/producto\\\/gallinero-mod-marsella-de-gaun\\\/\",\"url\":\"https:\\\/\\\/saiga.es\\\/es\\\/producto\\\/gallinero-mod-marsella-de-gaun\\\/\",\"name\":\"Gallinero Mod. Marsella de Gaun | SAIGA\",\"isPartOf\":{\"@id\":\"https:\\\/\\\/saiga.es\\\/es\\\/#website\"},\"primaryImageOfPage\":{\"@id\":\"https:\\\/\\\/saiga.es\\\/es\\\/producto\\\/gallinero-mod-marsella-de-gaun\\\/#primaryimage\"},\"image\":{\"@id\":\"https:\\\/\\\/saiga.es\\\/es\\\/producto\\\/gallinero-mod-marsella-de-gaun\\\/#primaryimage\"},\"thumbnailUrl\":\"https:\\\/\\\/saiga.es\\\/wp-content\\\/uploads\\\/2025\\\/03\\\/Galliner-model-Marsella-Gaun.jpg\",\"datePublished\":\"2025-03-10T08:14:58+00:00\",\"description\":\"El gallinero Mod. Marsella ofrece un espacio ideal para que tus gallinas se sientan c\u00f3modas y seguras.\",\"breadcrumb\":{\"@id\":\"https:\\\/\\\/saiga.es\\\/es\\\/producto\\\/gallinero-mod-marsella-de-gaun\\\/#breadcrumb\"},\"inLanguage\":\"es\",\"potentialAction\":[{\"@type\":\"ReadAction\",\"target\":[\"https:\\\/\\\/saiga.es\\\/es\\\/producto\\\/gallinero-mod-marsella-de-gaun\\\/\"]}]},{\"@type\":\"ImageObject\",\"inLanguage\":\"es\",\"@id\":\"https:\\\/\\\/saiga.es\\\/es\\\/producto\\\/gallinero-mod-marsella-de-gaun\\\/#primaryimage\",\"url\":\"https:\\\/\\\/saiga.es\\\/wp-content\\\/uploads\\\/2025\\\/03\\\/Galliner-model-Marsella-Gaun.jpg\",\"contentUrl\":\"https:\\\/\\\/saiga.es\\\/wp-content\\\/uploads\\\/2025\\\/03\\\/Galliner-model-Marsella-Gaun.jpg\",\"width\":1080,\"height\":1080,\"caption\":\"Gallinero modelo Marsella Gaun\"},{\"@type\":\"BreadcrumbList\",\"@id\":\"https:\\\/\\\/saiga.es\\\/es\\\/producto\\\/gallinero-mod-marsella-de-gaun\\\/#breadcrumb\",\"itemListElement\":[{\"@type\":\"ListItem\",\"position\":1,\"name\":\"Inici\",\"item\":\"https:\\\/\\\/saiga.es\\\/es\\\/\"},{\"@type\":\"ListItem\",\"position\":2,\"name\":\"Tienda\",\"item\":\"https:\\\/\\\/saiga.es\\\/es\\\/tienda\\\/\"},{\"@type\":\"ListItem\",\"position\":3,\"name\":\"Gallinero Mod. Marsella de Gaun\"}]},{\"@type\":\"WebSite\",\"@id\":\"https:\\\/\\\/saiga.es\\\/es\\\/#website\",\"url\":\"https:\\\/\\\/saiga.es\\\/es\\\/\",\"name\":\"SAIGA\",\"description\":\"M\u00e9s de 50 anys al servei de la terra i treballant per a un \u00fas eficient de l\u2019aigua!\",\"publisher\":{\"@id\":\"https:\\\/\\\/saiga.es\\\/es\\\/#organization\"},\"potentialAction\":[{\"@type\":\"SearchAction\",\"target\":{\"@type\":\"EntryPoint\",\"urlTemplate\":\"https:\\\/\\\/saiga.es\\\/es\\\/?s={search_term_string}\"},\"query-input\":{\"@type\":\"PropertyValueSpecification\",\"valueRequired\":true,\"valueName\":\"search_term_string\"}}],\"inLanguage\":\"es\"},{\"@type\":\"Organization\",\"@id\":\"https:\\\/\\\/saiga.es\\\/es\\\/#organization\",\"name\":\"SAIGA\",\"url\":\"https:\\\/\\\/saiga.es\\\/es\\\/\",\"logo\":{\"@type\":\"ImageObject\",\"inLanguage\":\"es\",\"@id\":\"https:\\\/\\\/saiga.es\\\/es\\\/#\\\/schema\\\/logo\\\/image\\\/\",\"url\":\"https:\\\/\\\/saiga.es\\\/wp-content\\\/uploads\\\/2025\\\/07\\\/logo_saiga_baseline_optimitzat.svg\",\"contentUrl\":\"https:\\\/\\\/saiga.es\\\/wp-content\\\/uploads\\\/2025\\\/07\\\/logo_saiga_baseline_optimitzat.svg\",\"caption\":\"SAIGA\"},\"image\":{\"@id\":\"https:\\\/\\\/saiga.es\\\/es\\\/#\\\/schema\\\/logo\\\/image\\\/\"},\"sameAs\":[\"https:\\\/\\\/x.com\\\/saiga_agro\",\"https:\\\/\\\/www.instagram.com\\\/saiga_agro\\\/\"]}]}<\/script>\n<!-- \/ Yoast SEO plugin. -->","yoast_head_json":{"title":"Gallinero Mod. Marsella de Gaun | SAIGA","description":"El gallinero Mod. Marsella ofrece un espacio ideal para que tus gallinas se sientan c\u00f3modas y seguras.","robots":{"index":"index","follow":"follow","max-snippet":"max-snippet:-1","max-image-preview":"max-image-preview:large","max-video-preview":"max-video-preview:-1"},"canonical":"https:\/\/saiga.es\/es\/producto\/gallinero-mod-marsella-de-gaun\/","og_locale":"es_ES","og_type":"article","og_title":"Gallinero Mod. Marsella de Gaun | SAIGA","og_description":"El gallinero Mod. Marsella ofrece un espacio ideal para que tus gallinas se sientan c\u00f3modas y seguras.","og_url":"https:\/\/saiga.es\/es\/producto\/gallinero-mod-marsella-de-gaun\/","og_site_name":"SAIGA","og_image":[{"width":1080,"height":1080,"url":"https:\/\/saiga.es\/wp-content\/uploads\/2025\/03\/Galliner-model-Marsella-Gaun.jpg","type":"image\/jpeg"}],"twitter_card":"summary_large_image","twitter_site":"@saiga_agro","twitter_misc":{"Tiempo de lectura":"1 minuto"},"schema":{"@context":"https:\/\/schema.org","@graph":[{"@type":"WebPage","@id":"https:\/\/saiga.es\/es\/producto\/gallinero-mod-marsella-de-gaun\/","url":"https:\/\/saiga.es\/es\/producto\/gallinero-mod-marsella-de-gaun\/","name":"Gallinero Mod. Marsella de Gaun | SAIGA","isPartOf":{"@id":"https:\/\/saiga.es\/es\/#website"},"primaryImageOfPage":{"@id":"https:\/\/saiga.es\/es\/producto\/gallinero-mod-marsella-de-gaun\/#primaryimage"},"image":{"@id":"https:\/\/saiga.es\/es\/producto\/gallinero-mod-marsella-de-gaun\/#primaryimage"},"thumbnailUrl":"https:\/\/saiga.es\/wp-content\/uploads\/2025\/03\/Galliner-model-Marsella-Gaun.jpg","datePublished":"2025-03-10T08:14:58+00:00","description":"El gallinero Mod. Marsella ofrece un espacio ideal para que tus gallinas se sientan c\u00f3modas y seguras.","breadcrumb":{"@id":"https:\/\/saiga.es\/es\/producto\/gallinero-mod-marsella-de-gaun\/#breadcrumb"},"inLanguage":"es","potentialAction":[{"@type":"ReadAction","target":["https:\/\/saiga.es\/es\/producto\/gallinero-mod-marsella-de-gaun\/"]}]},{"@type":"ImageObject","inLanguage":"es","@id":"https:\/\/saiga.es\/es\/producto\/gallinero-mod-marsella-de-gaun\/#primaryimage","url":"https:\/\/saiga.es\/wp-content\/uploads\/2025\/03\/Galliner-model-Marsella-Gaun.jpg","contentUrl":"https:\/\/saiga.es\/wp-content\/uploads\/2025\/03\/Galliner-model-Marsella-Gaun.jpg","width":1080,"height":1080,"caption":"Gallinero modelo Marsella Gaun"},{"@type":"BreadcrumbList","@id":"https:\/\/saiga.es\/es\/producto\/gallinero-mod-marsella-de-gaun\/#breadcrumb","itemListElement":[{"@type":"ListItem","position":1,"name":"Inici","item":"https:\/\/saiga.es\/es\/"},{"@type":"ListItem","position":2,"name":"Tienda","item":"https:\/\/saiga.es\/es\/tienda\/"},{"@type":"ListItem","position":3,"name":"Gallinero Mod. Marsella de Gaun"}]},{"@type":"WebSite","@id":"https:\/\/saiga.es\/es\/#website","url":"https:\/\/saiga.es\/es\/","name":"SAIGA","description":"M\u00e9s de 50 anys al servei de la terra i treballant per a un \u00fas eficient de l\u2019aigua!","publisher":{"@id":"https:\/\/saiga.es\/es\/#organization"},"potentialAction":[{"@type":"SearchAction","target":{"@type":"EntryPoint","urlTemplate":"https:\/\/saiga.es\/es\/?s={search_term_string}"},"query-input":{"@type":"PropertyValueSpecification","valueRequired":true,"valueName":"search_term_string"}}],"inLanguage":"es"},{"@type":"Organization","@id":"https:\/\/saiga.es\/es\/#organization","name":"SAIGA","url":"https:\/\/saiga.es\/es\/","logo":{"@type":"ImageObject","inLanguage":"es","@id":"https:\/\/saiga.es\/es\/#\/schema\/logo\/image\/","url":"https:\/\/saiga.es\/wp-content\/uploads\/2025\/07\/logo_saiga_baseline_optimitzat.svg","contentUrl":"https:\/\/saiga.es\/wp-content\/uploads\/2025\/07\/logo_saiga_baseline_optimitzat.svg","caption":"SAIGA"},"image":{"@id":"https:\/\/saiga.es\/es\/#\/schema\/logo\/image\/"},"sameAs":["https:\/\/x.com\/saiga_agro","https:\/\/www.instagram.com\/saiga_agro\/"]}]}},"_links":{"self":[{"href":"https:\/\/saiga.es\/es\/wp-json\/wp\/v2\/product\/14140","targetHints":{"allow":["GET"]}}],"collection":[{"href":"https:\/\/saiga.es\/es\/wp-json\/wp\/v2\/product"}],"about":[{"href":"https:\/\/saiga.es\/es\/wp-json\/wp\/v2\/types\/product"}],"replies":[{"embeddable":true,"href":"https:\/\/saiga.es\/es\/wp-json\/wp\/v2\/comments?post=14140"}],"wp:featuredmedia":[{"embeddable":true,"href":"https:\/\/saiga.es\/es\/wp-json\/wp\/v2\/media\/14137"}],"wp:attachment":[{"href":"https:\/\/saiga.es\/es\/wp-json\/wp\/v2\/media?parent=14140"}],"wp:term":[{"taxonomy":"product_brand","embeddable":true,"href":"https:\/\/saiga.es\/es\/wp-json\/wp\/v2\/product_brand?post=14140"},{"taxonomy":"product_cat","embeddable":true,"href":"https:\/\/saiga.es\/es\/wp-json\/wp\/v2\/product_cat?post=14140"},{"taxonomy":"product_tag","embeddable":true,"href":"https:\/\/saiga.es\/es\/wp-json\/wp\/v2\/product_tag?post=14140"}],"curies":[{"name":"wp","href":"https:\/\/api.w.org\/{rel}","templated":true}]}}