{"id":14147,"date":"2025-03-11T08:24:21","date_gmt":"2025-03-11T08:24:21","guid":{"rendered":"https:\/\/botiga.saiga.es\/producte\/parque-universal-no-1\/"},"modified":"2025-10-27T07:54:09","modified_gmt":"2025-10-27T07:54:09","slug":"parque-universal-no-1","status":"publish","type":"product","link":"https:\/\/saiga.es\/es\/producto\/parque-universal-no-1\/","title":{"rendered":"Parque universal n\u00ba 1"},"content":{"rendered":"<p>El Parque Universal N\u00ba 1 est\u00e1 dise\u00f1ado para permitir el contacto directo de tus p\u00e1jaros con el suelo, favoreciendo su crecimiento en un entorno natural y saludable. Fabricado en madera de abeto de alta calidad y tratado para uso exterior, este parque cuenta con una malla met\u00e1lica galvanizada resistente que garantiza la seguridad de tus animales. <\/p>\n<p>Este parque es vers\u00e1til y se adapta a todos los modelos de gallineros, siendo una excelente opci\u00f3n tanto como art\u00edculo independiente como accesorio para otros gallineros, incluyendo el modelo Berl\u00edn. Proporciona un espacio adicional para que tus p\u00e1jaros puedan explorar y disfrutar al aire libre, mejorando su bienestar y calidad de vida. <\/p>\n","protected":false},"excerpt":{"rendered":"<p>El Parque Universal N\u00ba 1 est\u00e1 dise\u00f1ado para permitir el contacto directo de tus p\u00e1jaros con el suelo, favoreciendo su crecimiento en un entorno natural y saludable.<\/p>\n","protected":false},"featured_media":14145,"comment_status":"closed","ping_status":"closed","template":"","meta":[],"product_brand":[1909],"product_cat":[1812],"product_tag":[1826,1938,1939],"class_list":{"0":"post-14147","1":"product","2":"type-product","3":"status-publish","4":"has-post-thumbnail","6":"product_brand-gaun","7":"product_cat-gallineros","8":"product_tag-gallinas","9":"product_tag-gallineros","10":"product_tag-parcque","12":"first","13":"instock","14":"taxable","15":"shipping-taxable","16":"purchasable","17":"product-type-simple"},"yoast_head":"<!-- This site is optimized with the Yoast SEO plugin v27.4 - https:\/\/yoast.com\/product\/yoast-seo-wordpress\/ -->\n<title>Parque universal n\u00ba 1 | SAIGA<\/title>\n<meta name=\"description\" content=\"Este Parque Universal est\u00e1 dise\u00f1ado para permitir el contacto directo de tus p\u00e1jaros con el suelo, favoreciendo su crecimiento en un entorno natural y saludable.\" \/>\n<meta name=\"robots\" content=\"index, follow, max-snippet:-1, max-image-preview:large, max-video-preview:-1\" \/>\n<link rel=\"canonical\" href=\"https:\/\/saiga.es\/es\/producto\/parque-universal-no-1\/\" \/>\n<meta property=\"og:locale\" content=\"es_ES\" \/>\n<meta property=\"og:type\" content=\"article\" \/>\n<meta property=\"og:title\" content=\"Parque universal n\u00ba 1 | SAIGA\" \/>\n<meta property=\"og:description\" content=\"Este Parque Universal est\u00e1 dise\u00f1ado para permitir el contacto directo de tus p\u00e1jaros con el suelo, favoreciendo su crecimiento en un entorno natural y saludable.\" \/>\n<meta property=\"og:url\" content=\"https:\/\/saiga.es\/es\/producto\/parque-universal-no-1\/\" \/>\n<meta property=\"og:site_name\" content=\"SAIGA\" \/>\n<meta property=\"article:modified_time\" content=\"2025-10-27T07:54:09+00:00\" \/>\n<meta property=\"og:image\" content=\"https:\/\/saiga.es\/wp-content\/uploads\/2025\/03\/Parc-universal-1.jpg\" \/>\n\t<meta property=\"og:image:width\" content=\"1080\" \/>\n\t<meta property=\"og:image:height\" content=\"1080\" \/>\n\t<meta property=\"og:image:type\" content=\"image\/jpeg\" \/>\n<meta name=\"twitter:card\" content=\"summary_large_image\" \/>\n<meta name=\"twitter:site\" content=\"@saiga_agro\" \/>\n<meta name=\"twitter:label1\" content=\"Tiempo de lectura\" \/>\n\t<meta name=\"twitter:data1\" content=\"1 minuto\" \/>\n<script type=\"application\/ld+json\" class=\"yoast-schema-graph\">{\"@context\":\"https:\\\/\\\/schema.org\",\"@graph\":[{\"@type\":\"WebPage\",\"@id\":\"https:\\\/\\\/saiga.es\\\/es\\\/producto\\\/parque-universal-no-1\\\/\",\"url\":\"https:\\\/\\\/saiga.es\\\/es\\\/producto\\\/parque-universal-no-1\\\/\",\"name\":\"Parque universal n\u00ba 1 | SAIGA\",\"isPartOf\":{\"@id\":\"https:\\\/\\\/saiga.es\\\/es\\\/#website\"},\"primaryImageOfPage\":{\"@id\":\"https:\\\/\\\/saiga.es\\\/es\\\/producto\\\/parque-universal-no-1\\\/#primaryimage\"},\"image\":{\"@id\":\"https:\\\/\\\/saiga.es\\\/es\\\/producto\\\/parque-universal-no-1\\\/#primaryimage\"},\"thumbnailUrl\":\"https:\\\/\\\/saiga.es\\\/wp-content\\\/uploads\\\/2025\\\/03\\\/Parc-universal-1.jpg\",\"datePublished\":\"2025-03-11T08:24:21+00:00\",\"dateModified\":\"2025-10-27T07:54:09+00:00\",\"description\":\"Este Parque Universal est\u00e1 dise\u00f1ado para permitir el contacto directo de tus p\u00e1jaros con el suelo, favoreciendo su crecimiento en un entorno natural y saludable.\",\"breadcrumb\":{\"@id\":\"https:\\\/\\\/saiga.es\\\/es\\\/producto\\\/parque-universal-no-1\\\/#breadcrumb\"},\"inLanguage\":\"es\",\"potentialAction\":[{\"@type\":\"ReadAction\",\"target\":[\"https:\\\/\\\/saiga.es\\\/es\\\/producto\\\/parque-universal-no-1\\\/\"]}]},{\"@type\":\"ImageObject\",\"inLanguage\":\"es\",\"@id\":\"https:\\\/\\\/saiga.es\\\/es\\\/producto\\\/parque-universal-no-1\\\/#primaryimage\",\"url\":\"https:\\\/\\\/saiga.es\\\/wp-content\\\/uploads\\\/2025\\\/03\\\/Parc-universal-1.jpg\",\"contentUrl\":\"https:\\\/\\\/saiga.es\\\/wp-content\\\/uploads\\\/2025\\\/03\\\/Parc-universal-1.jpg\",\"width\":1080,\"height\":1080,\"caption\":\"Parque universal para gallinas\"},{\"@type\":\"BreadcrumbList\",\"@id\":\"https:\\\/\\\/saiga.es\\\/es\\\/producto\\\/parque-universal-no-1\\\/#breadcrumb\",\"itemListElement\":[{\"@type\":\"ListItem\",\"position\":1,\"name\":\"Inici\",\"item\":\"https:\\\/\\\/saiga.es\\\/es\\\/\"},{\"@type\":\"ListItem\",\"position\":2,\"name\":\"Tienda\",\"item\":\"https:\\\/\\\/saiga.es\\\/es\\\/tienda\\\/\"},{\"@type\":\"ListItem\",\"position\":3,\"name\":\"Parque universal n\u00ba 1\"}]},{\"@type\":\"WebSite\",\"@id\":\"https:\\\/\\\/saiga.es\\\/es\\\/#website\",\"url\":\"https:\\\/\\\/saiga.es\\\/es\\\/\",\"name\":\"SAIGA\",\"description\":\"M\u00e9s de 50 anys al servei de la terra i treballant per a un \u00fas eficient de l\u2019aigua!\",\"publisher\":{\"@id\":\"https:\\\/\\\/saiga.es\\\/es\\\/#organization\"},\"potentialAction\":[{\"@type\":\"SearchAction\",\"target\":{\"@type\":\"EntryPoint\",\"urlTemplate\":\"https:\\\/\\\/saiga.es\\\/es\\\/?s={search_term_string}\"},\"query-input\":{\"@type\":\"PropertyValueSpecification\",\"valueRequired\":true,\"valueName\":\"search_term_string\"}}],\"inLanguage\":\"es\"},{\"@type\":\"Organization\",\"@id\":\"https:\\\/\\\/saiga.es\\\/es\\\/#organization\",\"name\":\"SAIGA\",\"url\":\"https:\\\/\\\/saiga.es\\\/es\\\/\",\"logo\":{\"@type\":\"ImageObject\",\"inLanguage\":\"es\",\"@id\":\"https:\\\/\\\/saiga.es\\\/es\\\/#\\\/schema\\\/logo\\\/image\\\/\",\"url\":\"https:\\\/\\\/saiga.es\\\/wp-content\\\/uploads\\\/2025\\\/07\\\/logo_saiga_baseline_optimitzat.svg\",\"contentUrl\":\"https:\\\/\\\/saiga.es\\\/wp-content\\\/uploads\\\/2025\\\/07\\\/logo_saiga_baseline_optimitzat.svg\",\"caption\":\"SAIGA\"},\"image\":{\"@id\":\"https:\\\/\\\/saiga.es\\\/es\\\/#\\\/schema\\\/logo\\\/image\\\/\"},\"sameAs\":[\"https:\\\/\\\/x.com\\\/saiga_agro\",\"https:\\\/\\\/www.instagram.com\\\/saiga_agro\\\/\"]}]}<\/script>\n<!-- \/ Yoast SEO plugin. -->","yoast_head_json":{"title":"Parque universal n\u00ba 1 | SAIGA","description":"Este Parque Universal est\u00e1 dise\u00f1ado para permitir el contacto directo de tus p\u00e1jaros con el suelo, favoreciendo su crecimiento en un entorno natural y saludable.","robots":{"index":"index","follow":"follow","max-snippet":"max-snippet:-1","max-image-preview":"max-image-preview:large","max-video-preview":"max-video-preview:-1"},"canonical":"https:\/\/saiga.es\/es\/producto\/parque-universal-no-1\/","og_locale":"es_ES","og_type":"article","og_title":"Parque universal n\u00ba 1 | SAIGA","og_description":"Este Parque Universal est\u00e1 dise\u00f1ado para permitir el contacto directo de tus p\u00e1jaros con el suelo, favoreciendo su crecimiento en un entorno natural y saludable.","og_url":"https:\/\/saiga.es\/es\/producto\/parque-universal-no-1\/","og_site_name":"SAIGA","article_modified_time":"2025-10-27T07:54:09+00:00","og_image":[{"width":1080,"height":1080,"url":"https:\/\/saiga.es\/wp-content\/uploads\/2025\/03\/Parc-universal-1.jpg","type":"image\/jpeg"}],"twitter_card":"summary_large_image","twitter_site":"@saiga_agro","twitter_misc":{"Tiempo de lectura":"1 minuto"},"schema":{"@context":"https:\/\/schema.org","@graph":[{"@type":"WebPage","@id":"https:\/\/saiga.es\/es\/producto\/parque-universal-no-1\/","url":"https:\/\/saiga.es\/es\/producto\/parque-universal-no-1\/","name":"Parque universal n\u00ba 1 | SAIGA","isPartOf":{"@id":"https:\/\/saiga.es\/es\/#website"},"primaryImageOfPage":{"@id":"https:\/\/saiga.es\/es\/producto\/parque-universal-no-1\/#primaryimage"},"image":{"@id":"https:\/\/saiga.es\/es\/producto\/parque-universal-no-1\/#primaryimage"},"thumbnailUrl":"https:\/\/saiga.es\/wp-content\/uploads\/2025\/03\/Parc-universal-1.jpg","datePublished":"2025-03-11T08:24:21+00:00","dateModified":"2025-10-27T07:54:09+00:00","description":"Este Parque Universal est\u00e1 dise\u00f1ado para permitir el contacto directo de tus p\u00e1jaros con el suelo, favoreciendo su crecimiento en un entorno natural y saludable.","breadcrumb":{"@id":"https:\/\/saiga.es\/es\/producto\/parque-universal-no-1\/#breadcrumb"},"inLanguage":"es","potentialAction":[{"@type":"ReadAction","target":["https:\/\/saiga.es\/es\/producto\/parque-universal-no-1\/"]}]},{"@type":"ImageObject","inLanguage":"es","@id":"https:\/\/saiga.es\/es\/producto\/parque-universal-no-1\/#primaryimage","url":"https:\/\/saiga.es\/wp-content\/uploads\/2025\/03\/Parc-universal-1.jpg","contentUrl":"https:\/\/saiga.es\/wp-content\/uploads\/2025\/03\/Parc-universal-1.jpg","width":1080,"height":1080,"caption":"Parque universal para gallinas"},{"@type":"BreadcrumbList","@id":"https:\/\/saiga.es\/es\/producto\/parque-universal-no-1\/#breadcrumb","itemListElement":[{"@type":"ListItem","position":1,"name":"Inici","item":"https:\/\/saiga.es\/es\/"},{"@type":"ListItem","position":2,"name":"Tienda","item":"https:\/\/saiga.es\/es\/tienda\/"},{"@type":"ListItem","position":3,"name":"Parque universal n\u00ba 1"}]},{"@type":"WebSite","@id":"https:\/\/saiga.es\/es\/#website","url":"https:\/\/saiga.es\/es\/","name":"SAIGA","description":"M\u00e9s de 50 anys al servei de la terra i treballant per a un \u00fas eficient de l\u2019aigua!","publisher":{"@id":"https:\/\/saiga.es\/es\/#organization"},"potentialAction":[{"@type":"SearchAction","target":{"@type":"EntryPoint","urlTemplate":"https:\/\/saiga.es\/es\/?s={search_term_string}"},"query-input":{"@type":"PropertyValueSpecification","valueRequired":true,"valueName":"search_term_string"}}],"inLanguage":"es"},{"@type":"Organization","@id":"https:\/\/saiga.es\/es\/#organization","name":"SAIGA","url":"https:\/\/saiga.es\/es\/","logo":{"@type":"ImageObject","inLanguage":"es","@id":"https:\/\/saiga.es\/es\/#\/schema\/logo\/image\/","url":"https:\/\/saiga.es\/wp-content\/uploads\/2025\/07\/logo_saiga_baseline_optimitzat.svg","contentUrl":"https:\/\/saiga.es\/wp-content\/uploads\/2025\/07\/logo_saiga_baseline_optimitzat.svg","caption":"SAIGA"},"image":{"@id":"https:\/\/saiga.es\/es\/#\/schema\/logo\/image\/"},"sameAs":["https:\/\/x.com\/saiga_agro","https:\/\/www.instagram.com\/saiga_agro\/"]}]}},"_links":{"self":[{"href":"https:\/\/saiga.es\/es\/wp-json\/wp\/v2\/product\/14147","targetHints":{"allow":["GET"]}}],"collection":[{"href":"https:\/\/saiga.es\/es\/wp-json\/wp\/v2\/product"}],"about":[{"href":"https:\/\/saiga.es\/es\/wp-json\/wp\/v2\/types\/product"}],"replies":[{"embeddable":true,"href":"https:\/\/saiga.es\/es\/wp-json\/wp\/v2\/comments?post=14147"}],"wp:featuredmedia":[{"embeddable":true,"href":"https:\/\/saiga.es\/es\/wp-json\/wp\/v2\/media\/14145"}],"wp:attachment":[{"href":"https:\/\/saiga.es\/es\/wp-json\/wp\/v2\/media?parent=14147"}],"wp:term":[{"taxonomy":"product_brand","embeddable":true,"href":"https:\/\/saiga.es\/es\/wp-json\/wp\/v2\/product_brand?post=14147"},{"taxonomy":"product_cat","embeddable":true,"href":"https:\/\/saiga.es\/es\/wp-json\/wp\/v2\/product_cat?post=14147"},{"taxonomy":"product_tag","embeddable":true,"href":"https:\/\/saiga.es\/es\/wp-json\/wp\/v2\/product_tag?post=14147"}],"curies":[{"name":"wp","href":"https:\/\/api.w.org\/{rel}","templated":true}]}}