{"id":14181,"date":"2025-03-11T11:43:30","date_gmt":"2025-03-11T11:43:30","guid":{"rendered":"https:\/\/botiga.saiga.es\/producte\/ponedero-3-departamentos\/"},"modified":"2025-10-27T07:54:10","modified_gmt":"2025-10-27T07:54:10","slug":"ponedero-3-departamentos","status":"publish","type":"product","link":"https:\/\/saiga.es\/es\/producto\/ponedero-3-departamentos\/","title":{"rendered":"Ponedero 3 departamentos"},"content":{"rendered":"<p>El ponedero de 3 departamentos con fondos de pl\u00e1stico de Gaun est\u00e1 dise\u00f1ado para gallinas y aves de corral, ofreciendo un espacio c\u00f3modo y seguro para la puesta de huevos. Su fondo de pl\u00e1stico, ligeramente inclinado, permite que los huevos se deslicen suavemente hacia una cubeta de pl\u00e1stico independiente, asegurando su limpieza y protecci\u00f3n. <\/p>\n<p>Fabricado en chapa galvanizada y pl\u00e1stico resistente, este ponedero es ligero, duradero y f\u00e1cil de montar. Su dise\u00f1o incluye una caja de nidificaci\u00f3n higi\u00e9nica, f\u00e1cil de limpiar, que proporciona a las aves un ambiente resguardado y tranquilo para anidar. Adem\u00e1s, el tejado inclinado evita que las aves se pongan encima, manteni\u00e9ndolo limpio y en perfectas condiciones.  <\/p>\n","protected":false},"excerpt":{"rendered":"<p>Ponedero con fondo de pl\u00e1stico para mantener los huevos limpios. Puede ser instalado en el suelo o colgado en la pared. Los huevos son f\u00e1ciles de cosechar y el acabado es sublime.  <\/p>\n","protected":false},"featured_media":14178,"comment_status":"closed","ping_status":"closed","template":"","meta":[],"product_brand":[1909],"product_cat":[1955],"product_tag":[1826,1932,715,1956],"class_list":{"0":"post-14181","1":"product","2":"type-product","3":"status-publish","4":"has-post-thumbnail","6":"product_brand-gaun","7":"product_cat-ponederos","8":"product_tag-gallinas","9":"product_tag-gallinero","10":"product_tag-ganaderia","11":"product_tag-ponederos","13":"first","14":"instock","15":"taxable","16":"shipping-taxable","17":"purchasable","18":"product-type-simple"},"yoast_head":"<!-- This site is optimized with the Yoast SEO plugin v27.4 - https:\/\/yoast.com\/product\/yoast-seo-wordpress\/ -->\n<title>Ponedero 3 departamentos | SAIGA<\/title>\n<meta name=\"description\" content=\"Ponedor con fondo de pl\u00e1stico para mantener los huevos limpios. Puede ser instalado en el suelo o colgado en la pared. Los huevos son f\u00e1ciles de cosechar y el acabado es sublime.\" \/>\n<meta name=\"robots\" content=\"index, follow, max-snippet:-1, max-image-preview:large, max-video-preview:-1\" \/>\n<link rel=\"canonical\" href=\"https:\/\/saiga.es\/es\/producto\/ponedero-3-departamentos\/\" \/>\n<meta property=\"og:locale\" content=\"es_ES\" \/>\n<meta property=\"og:type\" content=\"article\" \/>\n<meta property=\"og:title\" content=\"Ponedero 3 departamentos | SAIGA\" \/>\n<meta property=\"og:description\" content=\"Ponedor con fondo de pl\u00e1stico para mantener los huevos limpios. Puede ser instalado en el suelo o colgado en la pared. Los huevos son f\u00e1ciles de cosechar y el acabado es sublime.\" \/>\n<meta property=\"og:url\" content=\"https:\/\/saiga.es\/es\/producto\/ponedero-3-departamentos\/\" \/>\n<meta property=\"og:site_name\" content=\"SAIGA\" \/>\n<meta property=\"article:modified_time\" content=\"2025-10-27T07:54:10+00:00\" \/>\n<meta property=\"og:image\" content=\"https:\/\/saiga.es\/wp-content\/uploads\/2025\/03\/Ponedores-3-departaments.jpg\" \/>\n\t<meta property=\"og:image:width\" content=\"1080\" \/>\n\t<meta property=\"og:image:height\" content=\"1080\" \/>\n\t<meta property=\"og:image:type\" content=\"image\/jpeg\" \/>\n<meta name=\"twitter:card\" content=\"summary_large_image\" \/>\n<meta name=\"twitter:site\" content=\"@saiga_agro\" \/>\n<meta name=\"twitter:label1\" content=\"Tiempo de lectura\" \/>\n\t<meta name=\"twitter:data1\" content=\"1 minuto\" \/>\n<script type=\"application\/ld+json\" class=\"yoast-schema-graph\">{\"@context\":\"https:\\\/\\\/schema.org\",\"@graph\":[{\"@type\":\"WebPage\",\"@id\":\"https:\\\/\\\/saiga.es\\\/es\\\/producto\\\/ponedero-3-departamentos\\\/\",\"url\":\"https:\\\/\\\/saiga.es\\\/es\\\/producto\\\/ponedero-3-departamentos\\\/\",\"name\":\"Ponedero 3 departamentos | SAIGA\",\"isPartOf\":{\"@id\":\"https:\\\/\\\/saiga.es\\\/es\\\/#website\"},\"primaryImageOfPage\":{\"@id\":\"https:\\\/\\\/saiga.es\\\/es\\\/producto\\\/ponedero-3-departamentos\\\/#primaryimage\"},\"image\":{\"@id\":\"https:\\\/\\\/saiga.es\\\/es\\\/producto\\\/ponedero-3-departamentos\\\/#primaryimage\"},\"thumbnailUrl\":\"https:\\\/\\\/saiga.es\\\/wp-content\\\/uploads\\\/2025\\\/03\\\/Ponedores-3-departaments.jpg\",\"datePublished\":\"2025-03-11T11:43:30+00:00\",\"dateModified\":\"2025-10-27T07:54:10+00:00\",\"description\":\"Ponedor con fondo de pl\u00e1stico para mantener los huevos limpios. Puede ser instalado en el suelo o colgado en la pared. Los huevos son f\u00e1ciles de cosechar y el acabado es sublime.\",\"breadcrumb\":{\"@id\":\"https:\\\/\\\/saiga.es\\\/es\\\/producto\\\/ponedero-3-departamentos\\\/#breadcrumb\"},\"inLanguage\":\"es\",\"potentialAction\":[{\"@type\":\"ReadAction\",\"target\":[\"https:\\\/\\\/saiga.es\\\/es\\\/producto\\\/ponedero-3-departamentos\\\/\"]}]},{\"@type\":\"ImageObject\",\"inLanguage\":\"es\",\"@id\":\"https:\\\/\\\/saiga.es\\\/es\\\/producto\\\/ponedero-3-departamentos\\\/#primaryimage\",\"url\":\"https:\\\/\\\/saiga.es\\\/wp-content\\\/uploads\\\/2025\\\/03\\\/Ponedores-3-departaments.jpg\",\"contentUrl\":\"https:\\\/\\\/saiga.es\\\/wp-content\\\/uploads\\\/2025\\\/03\\\/Ponedores-3-departaments.jpg\",\"width\":1080,\"height\":1080,\"caption\":\"Ponederos 3 departamentos\"},{\"@type\":\"BreadcrumbList\",\"@id\":\"https:\\\/\\\/saiga.es\\\/es\\\/producto\\\/ponedero-3-departamentos\\\/#breadcrumb\",\"itemListElement\":[{\"@type\":\"ListItem\",\"position\":1,\"name\":\"Inici\",\"item\":\"https:\\\/\\\/saiga.es\\\/es\\\/\"},{\"@type\":\"ListItem\",\"position\":2,\"name\":\"Tienda\",\"item\":\"https:\\\/\\\/saiga.es\\\/es\\\/tienda\\\/\"},{\"@type\":\"ListItem\",\"position\":3,\"name\":\"Ponedero 3 departamentos\"}]},{\"@type\":\"WebSite\",\"@id\":\"https:\\\/\\\/saiga.es\\\/es\\\/#website\",\"url\":\"https:\\\/\\\/saiga.es\\\/es\\\/\",\"name\":\"SAIGA\",\"description\":\"M\u00e9s de 50 anys al servei de la terra i treballant per a un \u00fas eficient de l\u2019aigua!\",\"publisher\":{\"@id\":\"https:\\\/\\\/saiga.es\\\/es\\\/#organization\"},\"potentialAction\":[{\"@type\":\"SearchAction\",\"target\":{\"@type\":\"EntryPoint\",\"urlTemplate\":\"https:\\\/\\\/saiga.es\\\/es\\\/?s={search_term_string}\"},\"query-input\":{\"@type\":\"PropertyValueSpecification\",\"valueRequired\":true,\"valueName\":\"search_term_string\"}}],\"inLanguage\":\"es\"},{\"@type\":\"Organization\",\"@id\":\"https:\\\/\\\/saiga.es\\\/es\\\/#organization\",\"name\":\"SAIGA\",\"url\":\"https:\\\/\\\/saiga.es\\\/es\\\/\",\"logo\":{\"@type\":\"ImageObject\",\"inLanguage\":\"es\",\"@id\":\"https:\\\/\\\/saiga.es\\\/es\\\/#\\\/schema\\\/logo\\\/image\\\/\",\"url\":\"https:\\\/\\\/saiga.es\\\/wp-content\\\/uploads\\\/2025\\\/07\\\/logo_saiga_baseline_optimitzat.svg\",\"contentUrl\":\"https:\\\/\\\/saiga.es\\\/wp-content\\\/uploads\\\/2025\\\/07\\\/logo_saiga_baseline_optimitzat.svg\",\"caption\":\"SAIGA\"},\"image\":{\"@id\":\"https:\\\/\\\/saiga.es\\\/es\\\/#\\\/schema\\\/logo\\\/image\\\/\"},\"sameAs\":[\"https:\\\/\\\/x.com\\\/saiga_agro\",\"https:\\\/\\\/www.instagram.com\\\/saiga_agro\\\/\"]}]}<\/script>\n<!-- \/ Yoast SEO plugin. -->","yoast_head_json":{"title":"Ponedero 3 departamentos | SAIGA","description":"Ponedor con fondo de pl\u00e1stico para mantener los huevos limpios. Puede ser instalado en el suelo o colgado en la pared. Los huevos son f\u00e1ciles de cosechar y el acabado es sublime.","robots":{"index":"index","follow":"follow","max-snippet":"max-snippet:-1","max-image-preview":"max-image-preview:large","max-video-preview":"max-video-preview:-1"},"canonical":"https:\/\/saiga.es\/es\/producto\/ponedero-3-departamentos\/","og_locale":"es_ES","og_type":"article","og_title":"Ponedero 3 departamentos | SAIGA","og_description":"Ponedor con fondo de pl\u00e1stico para mantener los huevos limpios. Puede ser instalado en el suelo o colgado en la pared. Los huevos son f\u00e1ciles de cosechar y el acabado es sublime.","og_url":"https:\/\/saiga.es\/es\/producto\/ponedero-3-departamentos\/","og_site_name":"SAIGA","article_modified_time":"2025-10-27T07:54:10+00:00","og_image":[{"width":1080,"height":1080,"url":"https:\/\/saiga.es\/wp-content\/uploads\/2025\/03\/Ponedores-3-departaments.jpg","type":"image\/jpeg"}],"twitter_card":"summary_large_image","twitter_site":"@saiga_agro","twitter_misc":{"Tiempo de lectura":"1 minuto"},"schema":{"@context":"https:\/\/schema.org","@graph":[{"@type":"WebPage","@id":"https:\/\/saiga.es\/es\/producto\/ponedero-3-departamentos\/","url":"https:\/\/saiga.es\/es\/producto\/ponedero-3-departamentos\/","name":"Ponedero 3 departamentos | SAIGA","isPartOf":{"@id":"https:\/\/saiga.es\/es\/#website"},"primaryImageOfPage":{"@id":"https:\/\/saiga.es\/es\/producto\/ponedero-3-departamentos\/#primaryimage"},"image":{"@id":"https:\/\/saiga.es\/es\/producto\/ponedero-3-departamentos\/#primaryimage"},"thumbnailUrl":"https:\/\/saiga.es\/wp-content\/uploads\/2025\/03\/Ponedores-3-departaments.jpg","datePublished":"2025-03-11T11:43:30+00:00","dateModified":"2025-10-27T07:54:10+00:00","description":"Ponedor con fondo de pl\u00e1stico para mantener los huevos limpios. Puede ser instalado en el suelo o colgado en la pared. Los huevos son f\u00e1ciles de cosechar y el acabado es sublime.","breadcrumb":{"@id":"https:\/\/saiga.es\/es\/producto\/ponedero-3-departamentos\/#breadcrumb"},"inLanguage":"es","potentialAction":[{"@type":"ReadAction","target":["https:\/\/saiga.es\/es\/producto\/ponedero-3-departamentos\/"]}]},{"@type":"ImageObject","inLanguage":"es","@id":"https:\/\/saiga.es\/es\/producto\/ponedero-3-departamentos\/#primaryimage","url":"https:\/\/saiga.es\/wp-content\/uploads\/2025\/03\/Ponedores-3-departaments.jpg","contentUrl":"https:\/\/saiga.es\/wp-content\/uploads\/2025\/03\/Ponedores-3-departaments.jpg","width":1080,"height":1080,"caption":"Ponederos 3 departamentos"},{"@type":"BreadcrumbList","@id":"https:\/\/saiga.es\/es\/producto\/ponedero-3-departamentos\/#breadcrumb","itemListElement":[{"@type":"ListItem","position":1,"name":"Inici","item":"https:\/\/saiga.es\/es\/"},{"@type":"ListItem","position":2,"name":"Tienda","item":"https:\/\/saiga.es\/es\/tienda\/"},{"@type":"ListItem","position":3,"name":"Ponedero 3 departamentos"}]},{"@type":"WebSite","@id":"https:\/\/saiga.es\/es\/#website","url":"https:\/\/saiga.es\/es\/","name":"SAIGA","description":"M\u00e9s de 50 anys al servei de la terra i treballant per a un \u00fas eficient de l\u2019aigua!","publisher":{"@id":"https:\/\/saiga.es\/es\/#organization"},"potentialAction":[{"@type":"SearchAction","target":{"@type":"EntryPoint","urlTemplate":"https:\/\/saiga.es\/es\/?s={search_term_string}"},"query-input":{"@type":"PropertyValueSpecification","valueRequired":true,"valueName":"search_term_string"}}],"inLanguage":"es"},{"@type":"Organization","@id":"https:\/\/saiga.es\/es\/#organization","name":"SAIGA","url":"https:\/\/saiga.es\/es\/","logo":{"@type":"ImageObject","inLanguage":"es","@id":"https:\/\/saiga.es\/es\/#\/schema\/logo\/image\/","url":"https:\/\/saiga.es\/wp-content\/uploads\/2025\/07\/logo_saiga_baseline_optimitzat.svg","contentUrl":"https:\/\/saiga.es\/wp-content\/uploads\/2025\/07\/logo_saiga_baseline_optimitzat.svg","caption":"SAIGA"},"image":{"@id":"https:\/\/saiga.es\/es\/#\/schema\/logo\/image\/"},"sameAs":["https:\/\/x.com\/saiga_agro","https:\/\/www.instagram.com\/saiga_agro\/"]}]}},"_links":{"self":[{"href":"https:\/\/saiga.es\/es\/wp-json\/wp\/v2\/product\/14181","targetHints":{"allow":["GET"]}}],"collection":[{"href":"https:\/\/saiga.es\/es\/wp-json\/wp\/v2\/product"}],"about":[{"href":"https:\/\/saiga.es\/es\/wp-json\/wp\/v2\/types\/product"}],"replies":[{"embeddable":true,"href":"https:\/\/saiga.es\/es\/wp-json\/wp\/v2\/comments?post=14181"}],"wp:featuredmedia":[{"embeddable":true,"href":"https:\/\/saiga.es\/es\/wp-json\/wp\/v2\/media\/14178"}],"wp:attachment":[{"href":"https:\/\/saiga.es\/es\/wp-json\/wp\/v2\/media?parent=14181"}],"wp:term":[{"taxonomy":"product_brand","embeddable":true,"href":"https:\/\/saiga.es\/es\/wp-json\/wp\/v2\/product_brand?post=14181"},{"taxonomy":"product_cat","embeddable":true,"href":"https:\/\/saiga.es\/es\/wp-json\/wp\/v2\/product_cat?post=14181"},{"taxonomy":"product_tag","embeddable":true,"href":"https:\/\/saiga.es\/es\/wp-json\/wp\/v2\/product_tag?post=14181"}],"curies":[{"name":"wp","href":"https:\/\/api.w.org\/{rel}","templated":true}]}}