{"id":14335,"date":"2025-03-27T12:22:18","date_gmt":"2025-03-27T12:22:18","guid":{"rendered":"https:\/\/botiga.saiga.es\/producte\/terter-nature-herbicida-natural\/"},"modified":"2025-12-10T14:36:30","modified_gmt":"2025-12-10T14:36:30","slug":"terter-nature-herbicida-natural","status":"publish","type":"product","link":"https:\/\/saiga.es\/es\/producto\/terter-nature-herbicida-natural\/","title":{"rendered":"Terter Nature Herbicida Natural"},"content":{"rendered":"<p>Herbicida Natural Terter es un producto eficaz y ecol\u00f3gico dise\u00f1ado para el control de malas hierbas en jardines, huertos y \u00e1reas no cultivadas. Formulado con ingredientes naturales, Terter Nature ofrece una soluci\u00f3n segura y respetuosa con el medio ambiente para mantener tus espacios verdes libres de malas hierbas. <\/p>\n","protected":false},"excerpt":{"rendered":"<p>Herbicida Natural Terter es un producto eficaz y ecol\u00f3gico dise\u00f1ado para el control de malas hierbas en jardines, huertos y \u00e1reas no cultivadas.<\/p>\n","protected":false},"featured_media":14333,"comment_status":"closed","ping_status":"closed","template":"","meta":[],"product_brand":[2201],"product_cat":[1845,1554],"product_tag":[1982,1983,1984],"class_list":{"0":"post-14335","1":"product","2":"type-product","3":"status-publish","4":"has-post-thumbnail","6":"product_brand-sipcam-es","7":"product_cat-herbicidas","8":"product_cat-productos-naturales","9":"product_tag-herbicida-es","10":"product_tag-natural-es","11":"product_tag-producto-ecologico","13":"first","14":"instock","15":"taxable","16":"shipping-taxable","17":"purchasable","18":"product-type-simple"},"yoast_head":"<!-- This site is optimized with the Yoast SEO plugin v27.4 - https:\/\/yoast.com\/product\/yoast-seo-wordpress\/ -->\n<title>Terter Nature Herbicida Natural | SAIGA<\/title>\n<meta name=\"description\" content=\"Herbicida Natural Terter es un producto eficaz y ecol\u00f3gico dise\u00f1ado para el control de malas hierbas en jardines, huertos y \u00e1reas no cultivadas.\" \/>\n<meta name=\"robots\" content=\"index, follow, max-snippet:-1, max-image-preview:large, max-video-preview:-1\" \/>\n<link rel=\"canonical\" href=\"https:\/\/saiga.es\/es\/producto\/terter-nature-herbicida-natural\/\" \/>\n<meta property=\"og:locale\" content=\"es_ES\" \/>\n<meta property=\"og:type\" content=\"article\" \/>\n<meta property=\"og:title\" content=\"Terter Nature Herbicida Natural | SAIGA\" \/>\n<meta property=\"og:description\" content=\"Herbicida Natural Terter es un producto eficaz y ecol\u00f3gico dise\u00f1ado para el control de malas hierbas en jardines, huertos y \u00e1reas no cultivadas.\" \/>\n<meta property=\"og:url\" content=\"https:\/\/saiga.es\/es\/producto\/terter-nature-herbicida-natural\/\" \/>\n<meta property=\"og:site_name\" content=\"SAIGA\" \/>\n<meta property=\"article:modified_time\" content=\"2025-12-10T14:36:30+00:00\" \/>\n<meta property=\"og:image\" content=\"https:\/\/saiga.es\/wp-content\/uploads\/2025\/03\/Terter-Nature.jpg\" \/>\n\t<meta property=\"og:image:width\" content=\"1080\" \/>\n\t<meta property=\"og:image:height\" content=\"1080\" \/>\n\t<meta property=\"og:image:type\" content=\"image\/jpeg\" \/>\n<meta name=\"twitter:card\" content=\"summary_large_image\" \/>\n<meta name=\"twitter:site\" content=\"@saiga_agro\" \/>\n<script type=\"application\/ld+json\" class=\"yoast-schema-graph\">{\"@context\":\"https:\\\/\\\/schema.org\",\"@graph\":[{\"@type\":\"WebPage\",\"@id\":\"https:\\\/\\\/saiga.es\\\/es\\\/producto\\\/terter-nature-herbicida-natural\\\/\",\"url\":\"https:\\\/\\\/saiga.es\\\/es\\\/producto\\\/terter-nature-herbicida-natural\\\/\",\"name\":\"Terter Nature Herbicida Natural | SAIGA\",\"isPartOf\":{\"@id\":\"https:\\\/\\\/saiga.es\\\/es\\\/#website\"},\"primaryImageOfPage\":{\"@id\":\"https:\\\/\\\/saiga.es\\\/es\\\/producto\\\/terter-nature-herbicida-natural\\\/#primaryimage\"},\"image\":{\"@id\":\"https:\\\/\\\/saiga.es\\\/es\\\/producto\\\/terter-nature-herbicida-natural\\\/#primaryimage\"},\"thumbnailUrl\":\"https:\\\/\\\/saiga.es\\\/wp-content\\\/uploads\\\/2025\\\/03\\\/Terter-Nature.jpg\",\"datePublished\":\"2025-03-27T12:22:18+00:00\",\"dateModified\":\"2025-12-10T14:36:30+00:00\",\"description\":\"Herbicida Natural Terter es un producto eficaz y ecol\u00f3gico dise\u00f1ado para el control de malas hierbas en jardines, huertos y \u00e1reas no cultivadas.\",\"breadcrumb\":{\"@id\":\"https:\\\/\\\/saiga.es\\\/es\\\/producto\\\/terter-nature-herbicida-natural\\\/#breadcrumb\"},\"inLanguage\":\"es\",\"potentialAction\":[{\"@type\":\"ReadAction\",\"target\":[\"https:\\\/\\\/saiga.es\\\/es\\\/producto\\\/terter-nature-herbicida-natural\\\/\"]}]},{\"@type\":\"ImageObject\",\"inLanguage\":\"es\",\"@id\":\"https:\\\/\\\/saiga.es\\\/es\\\/producto\\\/terter-nature-herbicida-natural\\\/#primaryimage\",\"url\":\"https:\\\/\\\/saiga.es\\\/wp-content\\\/uploads\\\/2025\\\/03\\\/Terter-Nature.jpg\",\"contentUrl\":\"https:\\\/\\\/saiga.es\\\/wp-content\\\/uploads\\\/2025\\\/03\\\/Terter-Nature.jpg\",\"width\":1080,\"height\":1080,\"caption\":\"Terter Nature\"},{\"@type\":\"BreadcrumbList\",\"@id\":\"https:\\\/\\\/saiga.es\\\/es\\\/producto\\\/terter-nature-herbicida-natural\\\/#breadcrumb\",\"itemListElement\":[{\"@type\":\"ListItem\",\"position\":1,\"name\":\"Inici\",\"item\":\"https:\\\/\\\/saiga.es\\\/es\\\/\"},{\"@type\":\"ListItem\",\"position\":2,\"name\":\"Tienda\",\"item\":\"https:\\\/\\\/saiga.es\\\/es\\\/tienda\\\/\"},{\"@type\":\"ListItem\",\"position\":3,\"name\":\"Terter Nature Herbicida Natural\"}]},{\"@type\":\"WebSite\",\"@id\":\"https:\\\/\\\/saiga.es\\\/es\\\/#website\",\"url\":\"https:\\\/\\\/saiga.es\\\/es\\\/\",\"name\":\"SAIGA\",\"description\":\"M\u00e9s de 50 anys al servei de la terra i treballant per a un \u00fas eficient de l\u2019aigua!\",\"publisher\":{\"@id\":\"https:\\\/\\\/saiga.es\\\/es\\\/#organization\"},\"potentialAction\":[{\"@type\":\"SearchAction\",\"target\":{\"@type\":\"EntryPoint\",\"urlTemplate\":\"https:\\\/\\\/saiga.es\\\/es\\\/?s={search_term_string}\"},\"query-input\":{\"@type\":\"PropertyValueSpecification\",\"valueRequired\":true,\"valueName\":\"search_term_string\"}}],\"inLanguage\":\"es\"},{\"@type\":\"Organization\",\"@id\":\"https:\\\/\\\/saiga.es\\\/es\\\/#organization\",\"name\":\"SAIGA\",\"url\":\"https:\\\/\\\/saiga.es\\\/es\\\/\",\"logo\":{\"@type\":\"ImageObject\",\"inLanguage\":\"es\",\"@id\":\"https:\\\/\\\/saiga.es\\\/es\\\/#\\\/schema\\\/logo\\\/image\\\/\",\"url\":\"https:\\\/\\\/saiga.es\\\/wp-content\\\/uploads\\\/2025\\\/07\\\/logo_saiga_baseline_optimitzat.svg\",\"contentUrl\":\"https:\\\/\\\/saiga.es\\\/wp-content\\\/uploads\\\/2025\\\/07\\\/logo_saiga_baseline_optimitzat.svg\",\"caption\":\"SAIGA\"},\"image\":{\"@id\":\"https:\\\/\\\/saiga.es\\\/es\\\/#\\\/schema\\\/logo\\\/image\\\/\"},\"sameAs\":[\"https:\\\/\\\/x.com\\\/saiga_agro\",\"https:\\\/\\\/www.instagram.com\\\/saiga_agro\\\/\"]}]}<\/script>\n<!-- \/ Yoast SEO plugin. -->","yoast_head_json":{"title":"Terter Nature Herbicida Natural | SAIGA","description":"Herbicida Natural Terter es un producto eficaz y ecol\u00f3gico dise\u00f1ado para el control de malas hierbas en jardines, huertos y \u00e1reas no cultivadas.","robots":{"index":"index","follow":"follow","max-snippet":"max-snippet:-1","max-image-preview":"max-image-preview:large","max-video-preview":"max-video-preview:-1"},"canonical":"https:\/\/saiga.es\/es\/producto\/terter-nature-herbicida-natural\/","og_locale":"es_ES","og_type":"article","og_title":"Terter Nature Herbicida Natural | SAIGA","og_description":"Herbicida Natural Terter es un producto eficaz y ecol\u00f3gico dise\u00f1ado para el control de malas hierbas en jardines, huertos y \u00e1reas no cultivadas.","og_url":"https:\/\/saiga.es\/es\/producto\/terter-nature-herbicida-natural\/","og_site_name":"SAIGA","article_modified_time":"2025-12-10T14:36:30+00:00","og_image":[{"width":1080,"height":1080,"url":"https:\/\/saiga.es\/wp-content\/uploads\/2025\/03\/Terter-Nature.jpg","type":"image\/jpeg"}],"twitter_card":"summary_large_image","twitter_site":"@saiga_agro","schema":{"@context":"https:\/\/schema.org","@graph":[{"@type":"WebPage","@id":"https:\/\/saiga.es\/es\/producto\/terter-nature-herbicida-natural\/","url":"https:\/\/saiga.es\/es\/producto\/terter-nature-herbicida-natural\/","name":"Terter Nature Herbicida Natural | SAIGA","isPartOf":{"@id":"https:\/\/saiga.es\/es\/#website"},"primaryImageOfPage":{"@id":"https:\/\/saiga.es\/es\/producto\/terter-nature-herbicida-natural\/#primaryimage"},"image":{"@id":"https:\/\/saiga.es\/es\/producto\/terter-nature-herbicida-natural\/#primaryimage"},"thumbnailUrl":"https:\/\/saiga.es\/wp-content\/uploads\/2025\/03\/Terter-Nature.jpg","datePublished":"2025-03-27T12:22:18+00:00","dateModified":"2025-12-10T14:36:30+00:00","description":"Herbicida Natural Terter es un producto eficaz y ecol\u00f3gico dise\u00f1ado para el control de malas hierbas en jardines, huertos y \u00e1reas no cultivadas.","breadcrumb":{"@id":"https:\/\/saiga.es\/es\/producto\/terter-nature-herbicida-natural\/#breadcrumb"},"inLanguage":"es","potentialAction":[{"@type":"ReadAction","target":["https:\/\/saiga.es\/es\/producto\/terter-nature-herbicida-natural\/"]}]},{"@type":"ImageObject","inLanguage":"es","@id":"https:\/\/saiga.es\/es\/producto\/terter-nature-herbicida-natural\/#primaryimage","url":"https:\/\/saiga.es\/wp-content\/uploads\/2025\/03\/Terter-Nature.jpg","contentUrl":"https:\/\/saiga.es\/wp-content\/uploads\/2025\/03\/Terter-Nature.jpg","width":1080,"height":1080,"caption":"Terter Nature"},{"@type":"BreadcrumbList","@id":"https:\/\/saiga.es\/es\/producto\/terter-nature-herbicida-natural\/#breadcrumb","itemListElement":[{"@type":"ListItem","position":1,"name":"Inici","item":"https:\/\/saiga.es\/es\/"},{"@type":"ListItem","position":2,"name":"Tienda","item":"https:\/\/saiga.es\/es\/tienda\/"},{"@type":"ListItem","position":3,"name":"Terter Nature Herbicida Natural"}]},{"@type":"WebSite","@id":"https:\/\/saiga.es\/es\/#website","url":"https:\/\/saiga.es\/es\/","name":"SAIGA","description":"M\u00e9s de 50 anys al servei de la terra i treballant per a un \u00fas eficient de l\u2019aigua!","publisher":{"@id":"https:\/\/saiga.es\/es\/#organization"},"potentialAction":[{"@type":"SearchAction","target":{"@type":"EntryPoint","urlTemplate":"https:\/\/saiga.es\/es\/?s={search_term_string}"},"query-input":{"@type":"PropertyValueSpecification","valueRequired":true,"valueName":"search_term_string"}}],"inLanguage":"es"},{"@type":"Organization","@id":"https:\/\/saiga.es\/es\/#organization","name":"SAIGA","url":"https:\/\/saiga.es\/es\/","logo":{"@type":"ImageObject","inLanguage":"es","@id":"https:\/\/saiga.es\/es\/#\/schema\/logo\/image\/","url":"https:\/\/saiga.es\/wp-content\/uploads\/2025\/07\/logo_saiga_baseline_optimitzat.svg","contentUrl":"https:\/\/saiga.es\/wp-content\/uploads\/2025\/07\/logo_saiga_baseline_optimitzat.svg","caption":"SAIGA"},"image":{"@id":"https:\/\/saiga.es\/es\/#\/schema\/logo\/image\/"},"sameAs":["https:\/\/x.com\/saiga_agro","https:\/\/www.instagram.com\/saiga_agro\/"]}]}},"_links":{"self":[{"href":"https:\/\/saiga.es\/es\/wp-json\/wp\/v2\/product\/14335","targetHints":{"allow":["GET"]}}],"collection":[{"href":"https:\/\/saiga.es\/es\/wp-json\/wp\/v2\/product"}],"about":[{"href":"https:\/\/saiga.es\/es\/wp-json\/wp\/v2\/types\/product"}],"replies":[{"embeddable":true,"href":"https:\/\/saiga.es\/es\/wp-json\/wp\/v2\/comments?post=14335"}],"wp:featuredmedia":[{"embeddable":true,"href":"https:\/\/saiga.es\/es\/wp-json\/wp\/v2\/media\/14333"}],"wp:attachment":[{"href":"https:\/\/saiga.es\/es\/wp-json\/wp\/v2\/media?parent=14335"}],"wp:term":[{"taxonomy":"product_brand","embeddable":true,"href":"https:\/\/saiga.es\/es\/wp-json\/wp\/v2\/product_brand?post=14335"},{"taxonomy":"product_cat","embeddable":true,"href":"https:\/\/saiga.es\/es\/wp-json\/wp\/v2\/product_cat?post=14335"},{"taxonomy":"product_tag","embeddable":true,"href":"https:\/\/saiga.es\/es\/wp-json\/wp\/v2\/product_tag?post=14335"}],"curies":[{"name":"wp","href":"https:\/\/api.w.org\/{rel}","templated":true}]}}