{"id":14446,"date":"2025-04-01T09:28:28","date_gmt":"2025-04-01T09:28:28","guid":{"rendered":"https:\/\/botiga.saiga.es\/producte\/bobina-cinta-conductora-10-mm-4-hilos\/"},"modified":"2025-04-01T09:28:28","modified_gmt":"2025-04-01T09:28:28","slug":"bobina-cinta-conductora-10-mm-4-hilos","status":"publish","type":"product","link":"https:\/\/saiga.es\/es\/producto\/bobina-cinta-conductora-10-mm-4-hilos\/","title":{"rendered":"Bobina cinta conductora 10 mm 4 hilos"},"content":{"rendered":"<p>Bobina de Cinta Conductora 10 mm \u2013 Azul \u2013 4 Hilos \u2013 0.16 mm\u00b2 \u2013 200 m<\/p>\n<p>Cinta conductora de 10 mm de ancho, ideal para cercados el\u00e9ctricos y sistemas de contenci\u00f3n para ganado. Fabricada en 4 hilos conductores de 0.16 mm\u00b2, garantiza una excelente conducci\u00f3n el\u00e9ctrica y durabilidad. El color azul mejora su visibilidad, mientras que los materiales resistentes aseguran una larga vida \u00fatil incluso en condiciones clim\u00e1ticas adversas. Con 200 metros por bobina, es perfecta para instalaciones de gran extensi\u00f3n. Compatible con la mayor\u00eda de sistemas de electrificaci\u00f3n para vallas.    <\/p>\n<ul>\n<li>Alta conducci\u00f3n<\/li>\n<li>Resistente a los rayos UV<\/li>\n<li> F\u00e1cil instalaci\u00f3n<\/li>\n<\/ul>\n<p>&nbsp;<\/p>\n","protected":false},"excerpt":{"rendered":"<p>Cinta conductora de 10 mm de ancho, ideal para cercados el\u00e9ctricos y sistemas de contenci\u00f3n para ganado.<\/p>\n","protected":false},"featured_media":14444,"comment_status":"closed","ping_status":"closed","template":"","meta":[],"product_brand":[2012],"product_cat":[2008],"product_tag":[2020,585,593],"class_list":{"0":"post-14446","1":"product","2":"type-product","3":"status-publish","4":"has-post-thumbnail","6":"product_brand-dvf","7":"product_cat-bobinas-de-hilo-electrico","8":"product_tag-bobina-hilos-electrico","9":"product_tag-cinta-conductora-es","10":"product_tag-hilo-electrico","12":"first","13":"instock","14":"taxable","15":"shipping-taxable","16":"purchasable","17":"product-type-simple"},"yoast_head":"<!-- This site is optimized with the Yoast SEO plugin v27.4 - https:\/\/yoast.com\/product\/yoast-seo-wordpress\/ -->\n<title>Bobina cinta conductora 10 mm 4 hilos | SAIGA<\/title>\n<meta name=\"description\" content=\"Cinta conductora de 10 mm de ancho, ideal para cercados el\u00e9ctricos y sistemas de contenci\u00f3n para ganado.\" \/>\n<meta name=\"robots\" content=\"index, follow, max-snippet:-1, max-image-preview:large, max-video-preview:-1\" \/>\n<link rel=\"canonical\" href=\"https:\/\/saiga.es\/es\/producto\/bobina-cinta-conductora-10-mm-4-hilos\/\" \/>\n<meta property=\"og:locale\" content=\"es_ES\" \/>\n<meta property=\"og:type\" content=\"article\" \/>\n<meta property=\"og:title\" content=\"Bobina cinta conductora 10 mm 4 hilos | SAIGA\" \/>\n<meta property=\"og:description\" content=\"Cinta conductora de 10 mm de ancho, ideal para cercados el\u00e9ctricos y sistemas de contenci\u00f3n para ganado.\" \/>\n<meta property=\"og:url\" content=\"https:\/\/saiga.es\/es\/producto\/bobina-cinta-conductora-10-mm-4-hilos\/\" \/>\n<meta property=\"og:site_name\" content=\"SAIGA\" \/>\n<meta property=\"og:image\" content=\"https:\/\/saiga.es\/wp-content\/uploads\/2025\/04\/Bobina-fil-electric-10mm-4fils.jpg\" \/>\n\t<meta property=\"og:image:width\" content=\"1080\" \/>\n\t<meta property=\"og:image:height\" content=\"1080\" \/>\n\t<meta property=\"og:image:type\" content=\"image\/jpeg\" \/>\n<meta name=\"twitter:card\" content=\"summary_large_image\" \/>\n<meta name=\"twitter:site\" content=\"@saiga_agro\" \/>\n<meta name=\"twitter:label1\" content=\"Tiempo de lectura\" \/>\n\t<meta name=\"twitter:data1\" content=\"1 minuto\" \/>\n<script type=\"application\/ld+json\" class=\"yoast-schema-graph\">{\"@context\":\"https:\\\/\\\/schema.org\",\"@graph\":[{\"@type\":\"WebPage\",\"@id\":\"https:\\\/\\\/saiga.es\\\/es\\\/producto\\\/bobina-cinta-conductora-10-mm-4-hilos\\\/\",\"url\":\"https:\\\/\\\/saiga.es\\\/es\\\/producto\\\/bobina-cinta-conductora-10-mm-4-hilos\\\/\",\"name\":\"Bobina cinta conductora 10 mm 4 hilos | SAIGA\",\"isPartOf\":{\"@id\":\"https:\\\/\\\/saiga.es\\\/es\\\/#website\"},\"primaryImageOfPage\":{\"@id\":\"https:\\\/\\\/saiga.es\\\/es\\\/producto\\\/bobina-cinta-conductora-10-mm-4-hilos\\\/#primaryimage\"},\"image\":{\"@id\":\"https:\\\/\\\/saiga.es\\\/es\\\/producto\\\/bobina-cinta-conductora-10-mm-4-hilos\\\/#primaryimage\"},\"thumbnailUrl\":\"https:\\\/\\\/saiga.es\\\/wp-content\\\/uploads\\\/2025\\\/04\\\/Bobina-fil-electric-10mm-4fils.jpg\",\"datePublished\":\"2025-04-01T09:28:28+00:00\",\"description\":\"Cinta conductora de 10 mm de ancho, ideal para cercados el\u00e9ctricos y sistemas de contenci\u00f3n para ganado.\",\"breadcrumb\":{\"@id\":\"https:\\\/\\\/saiga.es\\\/es\\\/producto\\\/bobina-cinta-conductora-10-mm-4-hilos\\\/#breadcrumb\"},\"inLanguage\":\"es\",\"potentialAction\":[{\"@type\":\"ReadAction\",\"target\":[\"https:\\\/\\\/saiga.es\\\/es\\\/producto\\\/bobina-cinta-conductora-10-mm-4-hilos\\\/\"]}]},{\"@type\":\"ImageObject\",\"inLanguage\":\"es\",\"@id\":\"https:\\\/\\\/saiga.es\\\/es\\\/producto\\\/bobina-cinta-conductora-10-mm-4-hilos\\\/#primaryimage\",\"url\":\"https:\\\/\\\/saiga.es\\\/wp-content\\\/uploads\\\/2025\\\/04\\\/Bobina-fil-electric-10mm-4fils.jpg\",\"contentUrl\":\"https:\\\/\\\/saiga.es\\\/wp-content\\\/uploads\\\/2025\\\/04\\\/Bobina-fil-electric-10mm-4fils.jpg\",\"width\":1080,\"height\":1080,\"caption\":\"Bobina hilo el\u00e9ctrico\"},{\"@type\":\"BreadcrumbList\",\"@id\":\"https:\\\/\\\/saiga.es\\\/es\\\/producto\\\/bobina-cinta-conductora-10-mm-4-hilos\\\/#breadcrumb\",\"itemListElement\":[{\"@type\":\"ListItem\",\"position\":1,\"name\":\"Inici\",\"item\":\"https:\\\/\\\/saiga.es\\\/es\\\/\"},{\"@type\":\"ListItem\",\"position\":2,\"name\":\"Tienda\",\"item\":\"https:\\\/\\\/saiga.es\\\/es\\\/tienda\\\/\"},{\"@type\":\"ListItem\",\"position\":3,\"name\":\"Bobina cinta conductora 10 mm 4 hilos\"}]},{\"@type\":\"WebSite\",\"@id\":\"https:\\\/\\\/saiga.es\\\/es\\\/#website\",\"url\":\"https:\\\/\\\/saiga.es\\\/es\\\/\",\"name\":\"SAIGA\",\"description\":\"M\u00e9s de 50 anys al servei de la terra i treballant per a un \u00fas eficient de l\u2019aigua!\",\"publisher\":{\"@id\":\"https:\\\/\\\/saiga.es\\\/es\\\/#organization\"},\"potentialAction\":[{\"@type\":\"SearchAction\",\"target\":{\"@type\":\"EntryPoint\",\"urlTemplate\":\"https:\\\/\\\/saiga.es\\\/es\\\/?s={search_term_string}\"},\"query-input\":{\"@type\":\"PropertyValueSpecification\",\"valueRequired\":true,\"valueName\":\"search_term_string\"}}],\"inLanguage\":\"es\"},{\"@type\":\"Organization\",\"@id\":\"https:\\\/\\\/saiga.es\\\/es\\\/#organization\",\"name\":\"SAIGA\",\"url\":\"https:\\\/\\\/saiga.es\\\/es\\\/\",\"logo\":{\"@type\":\"ImageObject\",\"inLanguage\":\"es\",\"@id\":\"https:\\\/\\\/saiga.es\\\/es\\\/#\\\/schema\\\/logo\\\/image\\\/\",\"url\":\"https:\\\/\\\/saiga.es\\\/wp-content\\\/uploads\\\/2025\\\/07\\\/logo_saiga_baseline_optimitzat.svg\",\"contentUrl\":\"https:\\\/\\\/saiga.es\\\/wp-content\\\/uploads\\\/2025\\\/07\\\/logo_saiga_baseline_optimitzat.svg\",\"caption\":\"SAIGA\"},\"image\":{\"@id\":\"https:\\\/\\\/saiga.es\\\/es\\\/#\\\/schema\\\/logo\\\/image\\\/\"},\"sameAs\":[\"https:\\\/\\\/x.com\\\/saiga_agro\",\"https:\\\/\\\/www.instagram.com\\\/saiga_agro\\\/\"]}]}<\/script>\n<!-- \/ Yoast SEO plugin. -->","yoast_head_json":{"title":"Bobina cinta conductora 10 mm 4 hilos | SAIGA","description":"Cinta conductora de 10 mm de ancho, ideal para cercados el\u00e9ctricos y sistemas de contenci\u00f3n para ganado.","robots":{"index":"index","follow":"follow","max-snippet":"max-snippet:-1","max-image-preview":"max-image-preview:large","max-video-preview":"max-video-preview:-1"},"canonical":"https:\/\/saiga.es\/es\/producto\/bobina-cinta-conductora-10-mm-4-hilos\/","og_locale":"es_ES","og_type":"article","og_title":"Bobina cinta conductora 10 mm 4 hilos | SAIGA","og_description":"Cinta conductora de 10 mm de ancho, ideal para cercados el\u00e9ctricos y sistemas de contenci\u00f3n para ganado.","og_url":"https:\/\/saiga.es\/es\/producto\/bobina-cinta-conductora-10-mm-4-hilos\/","og_site_name":"SAIGA","og_image":[{"width":1080,"height":1080,"url":"https:\/\/saiga.es\/wp-content\/uploads\/2025\/04\/Bobina-fil-electric-10mm-4fils.jpg","type":"image\/jpeg"}],"twitter_card":"summary_large_image","twitter_site":"@saiga_agro","twitter_misc":{"Tiempo de lectura":"1 minuto"},"schema":{"@context":"https:\/\/schema.org","@graph":[{"@type":"WebPage","@id":"https:\/\/saiga.es\/es\/producto\/bobina-cinta-conductora-10-mm-4-hilos\/","url":"https:\/\/saiga.es\/es\/producto\/bobina-cinta-conductora-10-mm-4-hilos\/","name":"Bobina cinta conductora 10 mm 4 hilos | SAIGA","isPartOf":{"@id":"https:\/\/saiga.es\/es\/#website"},"primaryImageOfPage":{"@id":"https:\/\/saiga.es\/es\/producto\/bobina-cinta-conductora-10-mm-4-hilos\/#primaryimage"},"image":{"@id":"https:\/\/saiga.es\/es\/producto\/bobina-cinta-conductora-10-mm-4-hilos\/#primaryimage"},"thumbnailUrl":"https:\/\/saiga.es\/wp-content\/uploads\/2025\/04\/Bobina-fil-electric-10mm-4fils.jpg","datePublished":"2025-04-01T09:28:28+00:00","description":"Cinta conductora de 10 mm de ancho, ideal para cercados el\u00e9ctricos y sistemas de contenci\u00f3n para ganado.","breadcrumb":{"@id":"https:\/\/saiga.es\/es\/producto\/bobina-cinta-conductora-10-mm-4-hilos\/#breadcrumb"},"inLanguage":"es","potentialAction":[{"@type":"ReadAction","target":["https:\/\/saiga.es\/es\/producto\/bobina-cinta-conductora-10-mm-4-hilos\/"]}]},{"@type":"ImageObject","inLanguage":"es","@id":"https:\/\/saiga.es\/es\/producto\/bobina-cinta-conductora-10-mm-4-hilos\/#primaryimage","url":"https:\/\/saiga.es\/wp-content\/uploads\/2025\/04\/Bobina-fil-electric-10mm-4fils.jpg","contentUrl":"https:\/\/saiga.es\/wp-content\/uploads\/2025\/04\/Bobina-fil-electric-10mm-4fils.jpg","width":1080,"height":1080,"caption":"Bobina hilo el\u00e9ctrico"},{"@type":"BreadcrumbList","@id":"https:\/\/saiga.es\/es\/producto\/bobina-cinta-conductora-10-mm-4-hilos\/#breadcrumb","itemListElement":[{"@type":"ListItem","position":1,"name":"Inici","item":"https:\/\/saiga.es\/es\/"},{"@type":"ListItem","position":2,"name":"Tienda","item":"https:\/\/saiga.es\/es\/tienda\/"},{"@type":"ListItem","position":3,"name":"Bobina cinta conductora 10 mm 4 hilos"}]},{"@type":"WebSite","@id":"https:\/\/saiga.es\/es\/#website","url":"https:\/\/saiga.es\/es\/","name":"SAIGA","description":"M\u00e9s de 50 anys al servei de la terra i treballant per a un \u00fas eficient de l\u2019aigua!","publisher":{"@id":"https:\/\/saiga.es\/es\/#organization"},"potentialAction":[{"@type":"SearchAction","target":{"@type":"EntryPoint","urlTemplate":"https:\/\/saiga.es\/es\/?s={search_term_string}"},"query-input":{"@type":"PropertyValueSpecification","valueRequired":true,"valueName":"search_term_string"}}],"inLanguage":"es"},{"@type":"Organization","@id":"https:\/\/saiga.es\/es\/#organization","name":"SAIGA","url":"https:\/\/saiga.es\/es\/","logo":{"@type":"ImageObject","inLanguage":"es","@id":"https:\/\/saiga.es\/es\/#\/schema\/logo\/image\/","url":"https:\/\/saiga.es\/wp-content\/uploads\/2025\/07\/logo_saiga_baseline_optimitzat.svg","contentUrl":"https:\/\/saiga.es\/wp-content\/uploads\/2025\/07\/logo_saiga_baseline_optimitzat.svg","caption":"SAIGA"},"image":{"@id":"https:\/\/saiga.es\/es\/#\/schema\/logo\/image\/"},"sameAs":["https:\/\/x.com\/saiga_agro","https:\/\/www.instagram.com\/saiga_agro\/"]}]}},"_links":{"self":[{"href":"https:\/\/saiga.es\/es\/wp-json\/wp\/v2\/product\/14446","targetHints":{"allow":["GET"]}}],"collection":[{"href":"https:\/\/saiga.es\/es\/wp-json\/wp\/v2\/product"}],"about":[{"href":"https:\/\/saiga.es\/es\/wp-json\/wp\/v2\/types\/product"}],"replies":[{"embeddable":true,"href":"https:\/\/saiga.es\/es\/wp-json\/wp\/v2\/comments?post=14446"}],"wp:featuredmedia":[{"embeddable":true,"href":"https:\/\/saiga.es\/es\/wp-json\/wp\/v2\/media\/14444"}],"wp:attachment":[{"href":"https:\/\/saiga.es\/es\/wp-json\/wp\/v2\/media?parent=14446"}],"wp:term":[{"taxonomy":"product_brand","embeddable":true,"href":"https:\/\/saiga.es\/es\/wp-json\/wp\/v2\/product_brand?post=14446"},{"taxonomy":"product_cat","embeddable":true,"href":"https:\/\/saiga.es\/es\/wp-json\/wp\/v2\/product_cat?post=14446"},{"taxonomy":"product_tag","embeddable":true,"href":"https:\/\/saiga.es\/es\/wp-json\/wp\/v2\/product_tag?post=14446"}],"curies":[{"name":"wp","href":"https:\/\/api.w.org\/{rel}","templated":true}]}}