{"id":14452,"date":"2025-04-01T09:51:35","date_gmt":"2025-04-01T09:51:35","guid":{"rendered":"https:\/\/botiga.saiga.es\/producte\/bobine-de-ruban-conducteur-12-mm-4-fils\/"},"modified":"2025-04-01T09:51:35","modified_gmt":"2025-04-01T09:51:35","slug":"bobine-de-ruban-conducteur-12-mm-4-fils","status":"publish","type":"product","link":"https:\/\/saiga.es\/es\/producto\/bobine-de-ruban-conducteur-12-mm-4-fils\/","title":{"rendered":"Bobine de ruban conducteur 12 mm 4 fils"},"content":{"rendered":"<p>Bobine de Ruban Conducteur 12 mm \u2013 Bleu \u2013 4 Fils \u2013 0,16 mm\u00b2 \u2013 200 m<\/p>\n<p>Ruban conducteur de 12 mm de large, parfait pour les cl\u00f4tures \u00e9lectriques et les syst\u00e8mes de confinement du b\u00e9tail. Equip\u00e9 de 4 fils conducteurs de 0,16 mm\u00b2, il offre une excellente conduction \u00e9lectrique et une grande durabilit\u00e9. Sa couleur bleue am\u00e9liore la visibilit\u00e9, tandis que les mat\u00e9riaux r\u00e9sistants aux UV et aux intemp\u00e9ries garantissent une longue dur\u00e9e de vie. Avec 200 m\u00e8tres par bobine, il est id\u00e9al pour les grandes installations. Compatible avec la plupart des syst\u00e8mes d&#8217;\u00e9lectrification de cl\u00f4ture.    <\/p>\n<p>-Conduite \u00e9lev\u00e9e<br \/>\n-R\u00e9sistant et durable<br \/>\n-Installation facile<\/p>\n<p>&nbsp;<\/p>\n","protected":false},"excerpt":{"rendered":"<p>Ruban conducteur de 12 mm de large, parfait pour les cl\u00f4tures \u00e9lectriques et les syst\u00e8mes de confinement du b\u00e9tail.<\/p>\n","protected":false},"featured_media":14450,"comment_status":"closed","ping_status":"closed","template":"","meta":[],"product_brand":[2012],"product_cat":[2008],"product_tag":[],"class_list":{"0":"post-14452","1":"product","2":"type-product","3":"status-publish","4":"has-post-thumbnail","6":"product_brand-dvf","7":"product_cat-bobinas-de-hilo-electrico","9":"first","10":"instock","11":"taxable","12":"shipping-taxable","13":"purchasable","14":"product-type-simple"},"yoast_head":"<!-- This site is optimized with the Yoast SEO plugin v27.4 - https:\/\/yoast.com\/product\/yoast-seo-wordpress\/ -->\n<title>Bobine de ruban conducteur 12 mm 4 fils | SAIGA<\/title>\n<meta name=\"description\" content=\"Ruban conducteur de 12 mm de large, parfait pour les cl\u00f4tures \u00e9lectriques et les syst\u00e8mes de confinement du b\u00e9tail.\" \/>\n<meta name=\"robots\" content=\"index, follow, max-snippet:-1, max-image-preview:large, max-video-preview:-1\" \/>\n<link rel=\"canonical\" href=\"https:\/\/saiga.es\/es\/producto\/bobine-de-ruban-conducteur-12-mm-4-fils\/\" \/>\n<meta property=\"og:locale\" content=\"es_ES\" \/>\n<meta property=\"og:type\" content=\"article\" \/>\n<meta property=\"og:title\" content=\"Bobine de ruban conducteur 12 mm 4 fils | SAIGA\" \/>\n<meta property=\"og:description\" content=\"Ruban conducteur de 12 mm de large, parfait pour les cl\u00f4tures \u00e9lectriques et les syst\u00e8mes de confinement du b\u00e9tail.\" \/>\n<meta property=\"og:url\" content=\"https:\/\/saiga.es\/es\/producto\/bobine-de-ruban-conducteur-12-mm-4-fils\/\" \/>\n<meta property=\"og:site_name\" content=\"SAIGA\" \/>\n<meta property=\"og:image\" content=\"https:\/\/saiga.es\/wp-content\/uploads\/2025\/04\/BOB.-CINTA-COND.-12-MM.-BL.-4-FILS-0.16-200-M.-DFV.jpg\" \/>\n\t<meta property=\"og:image:width\" content=\"1080\" \/>\n\t<meta property=\"og:image:height\" content=\"1080\" \/>\n\t<meta property=\"og:image:type\" content=\"image\/jpeg\" \/>\n<meta name=\"twitter:card\" content=\"summary_large_image\" \/>\n<meta name=\"twitter:site\" content=\"@saiga_agro\" \/>\n<meta name=\"twitter:label1\" content=\"Tiempo de lectura\" \/>\n\t<meta name=\"twitter:data1\" content=\"1 minuto\" \/>\n<script type=\"application\/ld+json\" class=\"yoast-schema-graph\">{\"@context\":\"https:\\\/\\\/schema.org\",\"@graph\":[{\"@type\":\"WebPage\",\"@id\":\"https:\\\/\\\/saiga.es\\\/es\\\/producto\\\/bobine-de-ruban-conducteur-12-mm-4-fils\\\/\",\"url\":\"https:\\\/\\\/saiga.es\\\/es\\\/producto\\\/bobine-de-ruban-conducteur-12-mm-4-fils\\\/\",\"name\":\"Bobine de ruban conducteur 12 mm 4 fils | SAIGA\",\"isPartOf\":{\"@id\":\"https:\\\/\\\/saiga.es\\\/es\\\/#website\"},\"primaryImageOfPage\":{\"@id\":\"https:\\\/\\\/saiga.es\\\/es\\\/producto\\\/bobine-de-ruban-conducteur-12-mm-4-fils\\\/#primaryimage\"},\"image\":{\"@id\":\"https:\\\/\\\/saiga.es\\\/es\\\/producto\\\/bobine-de-ruban-conducteur-12-mm-4-fils\\\/#primaryimage\"},\"thumbnailUrl\":\"https:\\\/\\\/saiga.es\\\/wp-content\\\/uploads\\\/2025\\\/04\\\/BOB.-CINTA-COND.-12-MM.-BL.-4-FILS-0.16-200-M.-DFV.jpg\",\"datePublished\":\"2025-04-01T09:51:35+00:00\",\"description\":\"Ruban conducteur de 12 mm de large, parfait pour les cl\u00f4tures \u00e9lectriques et les syst\u00e8mes de confinement du b\u00e9tail.\",\"breadcrumb\":{\"@id\":\"https:\\\/\\\/saiga.es\\\/es\\\/producto\\\/bobine-de-ruban-conducteur-12-mm-4-fils\\\/#breadcrumb\"},\"inLanguage\":\"es\",\"potentialAction\":[{\"@type\":\"ReadAction\",\"target\":[\"https:\\\/\\\/saiga.es\\\/es\\\/producto\\\/bobine-de-ruban-conducteur-12-mm-4-fils\\\/\"]}]},{\"@type\":\"ImageObject\",\"inLanguage\":\"es\",\"@id\":\"https:\\\/\\\/saiga.es\\\/es\\\/producto\\\/bobine-de-ruban-conducteur-12-mm-4-fils\\\/#primaryimage\",\"url\":\"https:\\\/\\\/saiga.es\\\/wp-content\\\/uploads\\\/2025\\\/04\\\/BOB.-CINTA-COND.-12-MM.-BL.-4-FILS-0.16-200-M.-DFV.jpg\",\"contentUrl\":\"https:\\\/\\\/saiga.es\\\/wp-content\\\/uploads\\\/2025\\\/04\\\/BOB.-CINTA-COND.-12-MM.-BL.-4-FILS-0.16-200-M.-DFV.jpg\",\"width\":1080,\"height\":1080,\"caption\":\"Bobina hilo el\u00e9ctrico\"},{\"@type\":\"BreadcrumbList\",\"@id\":\"https:\\\/\\\/saiga.es\\\/es\\\/producto\\\/bobine-de-ruban-conducteur-12-mm-4-fils\\\/#breadcrumb\",\"itemListElement\":[{\"@type\":\"ListItem\",\"position\":1,\"name\":\"Inici\",\"item\":\"https:\\\/\\\/saiga.es\\\/es\\\/\"},{\"@type\":\"ListItem\",\"position\":2,\"name\":\"Tienda\",\"item\":\"https:\\\/\\\/saiga.es\\\/es\\\/tienda\\\/\"},{\"@type\":\"ListItem\",\"position\":3,\"name\":\"Bobine de ruban conducteur 12 mm 4 fils\"}]},{\"@type\":\"WebSite\",\"@id\":\"https:\\\/\\\/saiga.es\\\/es\\\/#website\",\"url\":\"https:\\\/\\\/saiga.es\\\/es\\\/\",\"name\":\"SAIGA\",\"description\":\"M\u00e9s de 50 anys al servei de la terra i treballant per a un \u00fas eficient de l\u2019aigua!\",\"publisher\":{\"@id\":\"https:\\\/\\\/saiga.es\\\/es\\\/#organization\"},\"potentialAction\":[{\"@type\":\"SearchAction\",\"target\":{\"@type\":\"EntryPoint\",\"urlTemplate\":\"https:\\\/\\\/saiga.es\\\/es\\\/?s={search_term_string}\"},\"query-input\":{\"@type\":\"PropertyValueSpecification\",\"valueRequired\":true,\"valueName\":\"search_term_string\"}}],\"inLanguage\":\"es\"},{\"@type\":\"Organization\",\"@id\":\"https:\\\/\\\/saiga.es\\\/es\\\/#organization\",\"name\":\"SAIGA\",\"url\":\"https:\\\/\\\/saiga.es\\\/es\\\/\",\"logo\":{\"@type\":\"ImageObject\",\"inLanguage\":\"es\",\"@id\":\"https:\\\/\\\/saiga.es\\\/es\\\/#\\\/schema\\\/logo\\\/image\\\/\",\"url\":\"https:\\\/\\\/saiga.es\\\/wp-content\\\/uploads\\\/2025\\\/07\\\/logo_saiga_baseline_optimitzat.svg\",\"contentUrl\":\"https:\\\/\\\/saiga.es\\\/wp-content\\\/uploads\\\/2025\\\/07\\\/logo_saiga_baseline_optimitzat.svg\",\"caption\":\"SAIGA\"},\"image\":{\"@id\":\"https:\\\/\\\/saiga.es\\\/es\\\/#\\\/schema\\\/logo\\\/image\\\/\"},\"sameAs\":[\"https:\\\/\\\/x.com\\\/saiga_agro\",\"https:\\\/\\\/www.instagram.com\\\/saiga_agro\\\/\"]}]}<\/script>\n<!-- \/ Yoast SEO plugin. -->","yoast_head_json":{"title":"Bobine de ruban conducteur 12 mm 4 fils | SAIGA","description":"Ruban conducteur de 12 mm de large, parfait pour les cl\u00f4tures \u00e9lectriques et les syst\u00e8mes de confinement du b\u00e9tail.","robots":{"index":"index","follow":"follow","max-snippet":"max-snippet:-1","max-image-preview":"max-image-preview:large","max-video-preview":"max-video-preview:-1"},"canonical":"https:\/\/saiga.es\/es\/producto\/bobine-de-ruban-conducteur-12-mm-4-fils\/","og_locale":"es_ES","og_type":"article","og_title":"Bobine de ruban conducteur 12 mm 4 fils | SAIGA","og_description":"Ruban conducteur de 12 mm de large, parfait pour les cl\u00f4tures \u00e9lectriques et les syst\u00e8mes de confinement du b\u00e9tail.","og_url":"https:\/\/saiga.es\/es\/producto\/bobine-de-ruban-conducteur-12-mm-4-fils\/","og_site_name":"SAIGA","og_image":[{"width":1080,"height":1080,"url":"https:\/\/saiga.es\/wp-content\/uploads\/2025\/04\/BOB.-CINTA-COND.-12-MM.-BL.-4-FILS-0.16-200-M.-DFV.jpg","type":"image\/jpeg"}],"twitter_card":"summary_large_image","twitter_site":"@saiga_agro","twitter_misc":{"Tiempo de lectura":"1 minuto"},"schema":{"@context":"https:\/\/schema.org","@graph":[{"@type":"WebPage","@id":"https:\/\/saiga.es\/es\/producto\/bobine-de-ruban-conducteur-12-mm-4-fils\/","url":"https:\/\/saiga.es\/es\/producto\/bobine-de-ruban-conducteur-12-mm-4-fils\/","name":"Bobine de ruban conducteur 12 mm 4 fils | SAIGA","isPartOf":{"@id":"https:\/\/saiga.es\/es\/#website"},"primaryImageOfPage":{"@id":"https:\/\/saiga.es\/es\/producto\/bobine-de-ruban-conducteur-12-mm-4-fils\/#primaryimage"},"image":{"@id":"https:\/\/saiga.es\/es\/producto\/bobine-de-ruban-conducteur-12-mm-4-fils\/#primaryimage"},"thumbnailUrl":"https:\/\/saiga.es\/wp-content\/uploads\/2025\/04\/BOB.-CINTA-COND.-12-MM.-BL.-4-FILS-0.16-200-M.-DFV.jpg","datePublished":"2025-04-01T09:51:35+00:00","description":"Ruban conducteur de 12 mm de large, parfait pour les cl\u00f4tures \u00e9lectriques et les syst\u00e8mes de confinement du b\u00e9tail.","breadcrumb":{"@id":"https:\/\/saiga.es\/es\/producto\/bobine-de-ruban-conducteur-12-mm-4-fils\/#breadcrumb"},"inLanguage":"es","potentialAction":[{"@type":"ReadAction","target":["https:\/\/saiga.es\/es\/producto\/bobine-de-ruban-conducteur-12-mm-4-fils\/"]}]},{"@type":"ImageObject","inLanguage":"es","@id":"https:\/\/saiga.es\/es\/producto\/bobine-de-ruban-conducteur-12-mm-4-fils\/#primaryimage","url":"https:\/\/saiga.es\/wp-content\/uploads\/2025\/04\/BOB.-CINTA-COND.-12-MM.-BL.-4-FILS-0.16-200-M.-DFV.jpg","contentUrl":"https:\/\/saiga.es\/wp-content\/uploads\/2025\/04\/BOB.-CINTA-COND.-12-MM.-BL.-4-FILS-0.16-200-M.-DFV.jpg","width":1080,"height":1080,"caption":"Bobina hilo el\u00e9ctrico"},{"@type":"BreadcrumbList","@id":"https:\/\/saiga.es\/es\/producto\/bobine-de-ruban-conducteur-12-mm-4-fils\/#breadcrumb","itemListElement":[{"@type":"ListItem","position":1,"name":"Inici","item":"https:\/\/saiga.es\/es\/"},{"@type":"ListItem","position":2,"name":"Tienda","item":"https:\/\/saiga.es\/es\/tienda\/"},{"@type":"ListItem","position":3,"name":"Bobine de ruban conducteur 12 mm 4 fils"}]},{"@type":"WebSite","@id":"https:\/\/saiga.es\/es\/#website","url":"https:\/\/saiga.es\/es\/","name":"SAIGA","description":"M\u00e9s de 50 anys al servei de la terra i treballant per a un \u00fas eficient de l\u2019aigua!","publisher":{"@id":"https:\/\/saiga.es\/es\/#organization"},"potentialAction":[{"@type":"SearchAction","target":{"@type":"EntryPoint","urlTemplate":"https:\/\/saiga.es\/es\/?s={search_term_string}"},"query-input":{"@type":"PropertyValueSpecification","valueRequired":true,"valueName":"search_term_string"}}],"inLanguage":"es"},{"@type":"Organization","@id":"https:\/\/saiga.es\/es\/#organization","name":"SAIGA","url":"https:\/\/saiga.es\/es\/","logo":{"@type":"ImageObject","inLanguage":"es","@id":"https:\/\/saiga.es\/es\/#\/schema\/logo\/image\/","url":"https:\/\/saiga.es\/wp-content\/uploads\/2025\/07\/logo_saiga_baseline_optimitzat.svg","contentUrl":"https:\/\/saiga.es\/wp-content\/uploads\/2025\/07\/logo_saiga_baseline_optimitzat.svg","caption":"SAIGA"},"image":{"@id":"https:\/\/saiga.es\/es\/#\/schema\/logo\/image\/"},"sameAs":["https:\/\/x.com\/saiga_agro","https:\/\/www.instagram.com\/saiga_agro\/"]}]}},"_links":{"self":[{"href":"https:\/\/saiga.es\/es\/wp-json\/wp\/v2\/product\/14452","targetHints":{"allow":["GET"]}}],"collection":[{"href":"https:\/\/saiga.es\/es\/wp-json\/wp\/v2\/product"}],"about":[{"href":"https:\/\/saiga.es\/es\/wp-json\/wp\/v2\/types\/product"}],"replies":[{"embeddable":true,"href":"https:\/\/saiga.es\/es\/wp-json\/wp\/v2\/comments?post=14452"}],"wp:featuredmedia":[{"embeddable":true,"href":"https:\/\/saiga.es\/es\/wp-json\/wp\/v2\/media\/14450"}],"wp:attachment":[{"href":"https:\/\/saiga.es\/es\/wp-json\/wp\/v2\/media?parent=14452"}],"wp:term":[{"taxonomy":"product_brand","embeddable":true,"href":"https:\/\/saiga.es\/es\/wp-json\/wp\/v2\/product_brand?post=14452"},{"taxonomy":"product_cat","embeddable":true,"href":"https:\/\/saiga.es\/es\/wp-json\/wp\/v2\/product_cat?post=14452"},{"taxonomy":"product_tag","embeddable":true,"href":"https:\/\/saiga.es\/es\/wp-json\/wp\/v2\/product_tag?post=14452"}],"curies":[{"name":"wp","href":"https:\/\/api.w.org\/{rel}","templated":true}]}}