{"id":14467,"date":"2025-04-01T11:46:56","date_gmt":"2025-04-01T11:46:56","guid":{"rendered":"https:\/\/botiga.saiga.es\/producte\/zerko-solar-12-v\/"},"modified":"2025-04-01T11:46:56","modified_gmt":"2025-04-01T11:46:56","slug":"zerko-solar-12-v","status":"publish","type":"product","link":"https:\/\/saiga.es\/es\/producto\/zerko-solar-12-v\/","title":{"rendered":"Zerko solar 12 V"},"content":{"rendered":"<p>Pastor El\u00e9ctrico Zerko Solar de Zar \u2013 Alimentaci\u00f3n Solar y Bater\u00eda 12V<\/p>\n<p>El Zerko Solar de Zar es un pastor el\u00e9ctrico aut\u00f3nomo, ideal para encerrados para ganado. Funciona con una bater\u00eda de 12V (no incluida) y se carga autom\u00e1ticamente mediante un panel solar de 10 W fijado en la parte superior. Genera una energ\u00eda ajustable de 0,30 a 2 J y una tensi\u00f3n de salida de 10 kV, asegurando una protecci\u00f3n efectiva. Incorpora un luminoso control de bater\u00eda. Para un rendimiento \u00f3ptimo, orientar el panel al sur y mantener el cristal limpio.    <\/p>\n<ul>\n<li>Aut\u00f3nomo y eficiente<\/li>\n<li>Bajo consumo (30-180 mA)<\/li>\n<li>Alta fiabilidad (5 kV sobre 500 \u03a9)<\/li>\n<\/ul>\n<p>&nbsp;<\/p>\n","protected":false},"excerpt":{"rendered":"<p>El Zerko Solar de Zar es un pastor el\u00e9ctrico aut\u00f3nomo, ideal para encerrados para ganado.<\/p>\n","protected":false},"featured_media":14465,"comment_status":"closed","ping_status":"closed","template":"","meta":[],"product_brand":[2021],"product_cat":[2005],"product_tag":[554,2027],"class_list":{"0":"post-14467","1":"product","2":"type-product","3":"status-publish","4":"has-post-thumbnail","6":"product_brand-zarcudeyo","7":"product_cat-pastores-electricos-es","8":"product_tag-pastor-electrico","9":"product_tag-pastor-electrico-solar","11":"first","12":"instock","13":"taxable","14":"shipping-taxable","15":"purchasable","16":"product-type-simple"},"yoast_head":"<!-- This site is optimized with the Yoast SEO plugin v27.4 - https:\/\/yoast.com\/product\/yoast-seo-wordpress\/ -->\n<title>Zerko solar 12 V | SAIGA<\/title>\n<meta name=\"description\" content=\"El Zerko Solar de Zar es un pastor el\u00e9ctrico aut\u00f3nomo, ideal para encerrados para ganado.\" \/>\n<meta name=\"robots\" content=\"index, follow, max-snippet:-1, max-image-preview:large, max-video-preview:-1\" \/>\n<link rel=\"canonical\" href=\"https:\/\/saiga.es\/es\/producto\/zerko-solar-12-v\/\" \/>\n<meta property=\"og:locale\" content=\"es_ES\" \/>\n<meta property=\"og:type\" content=\"article\" \/>\n<meta property=\"og:title\" content=\"Zerko solar 12 V | SAIGA\" \/>\n<meta property=\"og:description\" content=\"El Zerko Solar de Zar es un pastor el\u00e9ctrico aut\u00f3nomo, ideal para encerrados para ganado.\" \/>\n<meta property=\"og:url\" content=\"https:\/\/saiga.es\/es\/producto\/zerko-solar-12-v\/\" \/>\n<meta property=\"og:site_name\" content=\"SAIGA\" \/>\n<meta property=\"og:image\" content=\"https:\/\/saiga.es\/wp-content\/uploads\/2025\/04\/Zerko-solar.jpg\" \/>\n\t<meta property=\"og:image:width\" content=\"1080\" \/>\n\t<meta property=\"og:image:height\" content=\"1080\" \/>\n\t<meta property=\"og:image:type\" content=\"image\/jpeg\" \/>\n<meta name=\"twitter:card\" content=\"summary_large_image\" \/>\n<meta name=\"twitter:site\" content=\"@saiga_agro\" \/>\n<meta name=\"twitter:label1\" content=\"Tiempo de lectura\" \/>\n\t<meta name=\"twitter:data1\" content=\"1 minuto\" \/>\n<script type=\"application\/ld+json\" class=\"yoast-schema-graph\">{\"@context\":\"https:\\\/\\\/schema.org\",\"@graph\":[{\"@type\":\"WebPage\",\"@id\":\"https:\\\/\\\/saiga.es\\\/es\\\/producto\\\/zerko-solar-12-v\\\/\",\"url\":\"https:\\\/\\\/saiga.es\\\/es\\\/producto\\\/zerko-solar-12-v\\\/\",\"name\":\"Zerko solar 12 V | SAIGA\",\"isPartOf\":{\"@id\":\"https:\\\/\\\/saiga.es\\\/es\\\/#website\"},\"primaryImageOfPage\":{\"@id\":\"https:\\\/\\\/saiga.es\\\/es\\\/producto\\\/zerko-solar-12-v\\\/#primaryimage\"},\"image\":{\"@id\":\"https:\\\/\\\/saiga.es\\\/es\\\/producto\\\/zerko-solar-12-v\\\/#primaryimage\"},\"thumbnailUrl\":\"https:\\\/\\\/saiga.es\\\/wp-content\\\/uploads\\\/2025\\\/04\\\/Zerko-solar.jpg\",\"datePublished\":\"2025-04-01T11:46:56+00:00\",\"description\":\"El Zerko Solar de Zar es un pastor el\u00e9ctrico aut\u00f3nomo, ideal para encerrados para ganado.\",\"breadcrumb\":{\"@id\":\"https:\\\/\\\/saiga.es\\\/es\\\/producto\\\/zerko-solar-12-v\\\/#breadcrumb\"},\"inLanguage\":\"es\",\"potentialAction\":[{\"@type\":\"ReadAction\",\"target\":[\"https:\\\/\\\/saiga.es\\\/es\\\/producto\\\/zerko-solar-12-v\\\/\"]}]},{\"@type\":\"ImageObject\",\"inLanguage\":\"es\",\"@id\":\"https:\\\/\\\/saiga.es\\\/es\\\/producto\\\/zerko-solar-12-v\\\/#primaryimage\",\"url\":\"https:\\\/\\\/saiga.es\\\/wp-content\\\/uploads\\\/2025\\\/04\\\/Zerko-solar.jpg\",\"contentUrl\":\"https:\\\/\\\/saiga.es\\\/wp-content\\\/uploads\\\/2025\\\/04\\\/Zerko-solar.jpg\",\"width\":1080,\"height\":1080,\"caption\":\"Zerko Solar\"},{\"@type\":\"BreadcrumbList\",\"@id\":\"https:\\\/\\\/saiga.es\\\/es\\\/producto\\\/zerko-solar-12-v\\\/#breadcrumb\",\"itemListElement\":[{\"@type\":\"ListItem\",\"position\":1,\"name\":\"Inici\",\"item\":\"https:\\\/\\\/saiga.es\\\/es\\\/\"},{\"@type\":\"ListItem\",\"position\":2,\"name\":\"Tienda\",\"item\":\"https:\\\/\\\/saiga.es\\\/es\\\/tienda\\\/\"},{\"@type\":\"ListItem\",\"position\":3,\"name\":\"Zerko solar 12 V\"}]},{\"@type\":\"WebSite\",\"@id\":\"https:\\\/\\\/saiga.es\\\/es\\\/#website\",\"url\":\"https:\\\/\\\/saiga.es\\\/es\\\/\",\"name\":\"SAIGA\",\"description\":\"M\u00e9s de 50 anys al servei de la terra i treballant per a un \u00fas eficient de l\u2019aigua!\",\"publisher\":{\"@id\":\"https:\\\/\\\/saiga.es\\\/es\\\/#organization\"},\"potentialAction\":[{\"@type\":\"SearchAction\",\"target\":{\"@type\":\"EntryPoint\",\"urlTemplate\":\"https:\\\/\\\/saiga.es\\\/es\\\/?s={search_term_string}\"},\"query-input\":{\"@type\":\"PropertyValueSpecification\",\"valueRequired\":true,\"valueName\":\"search_term_string\"}}],\"inLanguage\":\"es\"},{\"@type\":\"Organization\",\"@id\":\"https:\\\/\\\/saiga.es\\\/es\\\/#organization\",\"name\":\"SAIGA\",\"url\":\"https:\\\/\\\/saiga.es\\\/es\\\/\",\"logo\":{\"@type\":\"ImageObject\",\"inLanguage\":\"es\",\"@id\":\"https:\\\/\\\/saiga.es\\\/es\\\/#\\\/schema\\\/logo\\\/image\\\/\",\"url\":\"https:\\\/\\\/saiga.es\\\/wp-content\\\/uploads\\\/2025\\\/07\\\/logo_saiga_baseline_optimitzat.svg\",\"contentUrl\":\"https:\\\/\\\/saiga.es\\\/wp-content\\\/uploads\\\/2025\\\/07\\\/logo_saiga_baseline_optimitzat.svg\",\"caption\":\"SAIGA\"},\"image\":{\"@id\":\"https:\\\/\\\/saiga.es\\\/es\\\/#\\\/schema\\\/logo\\\/image\\\/\"},\"sameAs\":[\"https:\\\/\\\/x.com\\\/saiga_agro\",\"https:\\\/\\\/www.instagram.com\\\/saiga_agro\\\/\"]}]}<\/script>\n<!-- \/ Yoast SEO plugin. -->","yoast_head_json":{"title":"Zerko solar 12 V | SAIGA","description":"El Zerko Solar de Zar es un pastor el\u00e9ctrico aut\u00f3nomo, ideal para encerrados para ganado.","robots":{"index":"index","follow":"follow","max-snippet":"max-snippet:-1","max-image-preview":"max-image-preview:large","max-video-preview":"max-video-preview:-1"},"canonical":"https:\/\/saiga.es\/es\/producto\/zerko-solar-12-v\/","og_locale":"es_ES","og_type":"article","og_title":"Zerko solar 12 V | SAIGA","og_description":"El Zerko Solar de Zar es un pastor el\u00e9ctrico aut\u00f3nomo, ideal para encerrados para ganado.","og_url":"https:\/\/saiga.es\/es\/producto\/zerko-solar-12-v\/","og_site_name":"SAIGA","og_image":[{"width":1080,"height":1080,"url":"https:\/\/saiga.es\/wp-content\/uploads\/2025\/04\/Zerko-solar.jpg","type":"image\/jpeg"}],"twitter_card":"summary_large_image","twitter_site":"@saiga_agro","twitter_misc":{"Tiempo de lectura":"1 minuto"},"schema":{"@context":"https:\/\/schema.org","@graph":[{"@type":"WebPage","@id":"https:\/\/saiga.es\/es\/producto\/zerko-solar-12-v\/","url":"https:\/\/saiga.es\/es\/producto\/zerko-solar-12-v\/","name":"Zerko solar 12 V | SAIGA","isPartOf":{"@id":"https:\/\/saiga.es\/es\/#website"},"primaryImageOfPage":{"@id":"https:\/\/saiga.es\/es\/producto\/zerko-solar-12-v\/#primaryimage"},"image":{"@id":"https:\/\/saiga.es\/es\/producto\/zerko-solar-12-v\/#primaryimage"},"thumbnailUrl":"https:\/\/saiga.es\/wp-content\/uploads\/2025\/04\/Zerko-solar.jpg","datePublished":"2025-04-01T11:46:56+00:00","description":"El Zerko Solar de Zar es un pastor el\u00e9ctrico aut\u00f3nomo, ideal para encerrados para ganado.","breadcrumb":{"@id":"https:\/\/saiga.es\/es\/producto\/zerko-solar-12-v\/#breadcrumb"},"inLanguage":"es","potentialAction":[{"@type":"ReadAction","target":["https:\/\/saiga.es\/es\/producto\/zerko-solar-12-v\/"]}]},{"@type":"ImageObject","inLanguage":"es","@id":"https:\/\/saiga.es\/es\/producto\/zerko-solar-12-v\/#primaryimage","url":"https:\/\/saiga.es\/wp-content\/uploads\/2025\/04\/Zerko-solar.jpg","contentUrl":"https:\/\/saiga.es\/wp-content\/uploads\/2025\/04\/Zerko-solar.jpg","width":1080,"height":1080,"caption":"Zerko Solar"},{"@type":"BreadcrumbList","@id":"https:\/\/saiga.es\/es\/producto\/zerko-solar-12-v\/#breadcrumb","itemListElement":[{"@type":"ListItem","position":1,"name":"Inici","item":"https:\/\/saiga.es\/es\/"},{"@type":"ListItem","position":2,"name":"Tienda","item":"https:\/\/saiga.es\/es\/tienda\/"},{"@type":"ListItem","position":3,"name":"Zerko solar 12 V"}]},{"@type":"WebSite","@id":"https:\/\/saiga.es\/es\/#website","url":"https:\/\/saiga.es\/es\/","name":"SAIGA","description":"M\u00e9s de 50 anys al servei de la terra i treballant per a un \u00fas eficient de l\u2019aigua!","publisher":{"@id":"https:\/\/saiga.es\/es\/#organization"},"potentialAction":[{"@type":"SearchAction","target":{"@type":"EntryPoint","urlTemplate":"https:\/\/saiga.es\/es\/?s={search_term_string}"},"query-input":{"@type":"PropertyValueSpecification","valueRequired":true,"valueName":"search_term_string"}}],"inLanguage":"es"},{"@type":"Organization","@id":"https:\/\/saiga.es\/es\/#organization","name":"SAIGA","url":"https:\/\/saiga.es\/es\/","logo":{"@type":"ImageObject","inLanguage":"es","@id":"https:\/\/saiga.es\/es\/#\/schema\/logo\/image\/","url":"https:\/\/saiga.es\/wp-content\/uploads\/2025\/07\/logo_saiga_baseline_optimitzat.svg","contentUrl":"https:\/\/saiga.es\/wp-content\/uploads\/2025\/07\/logo_saiga_baseline_optimitzat.svg","caption":"SAIGA"},"image":{"@id":"https:\/\/saiga.es\/es\/#\/schema\/logo\/image\/"},"sameAs":["https:\/\/x.com\/saiga_agro","https:\/\/www.instagram.com\/saiga_agro\/"]}]}},"_links":{"self":[{"href":"https:\/\/saiga.es\/es\/wp-json\/wp\/v2\/product\/14467","targetHints":{"allow":["GET"]}}],"collection":[{"href":"https:\/\/saiga.es\/es\/wp-json\/wp\/v2\/product"}],"about":[{"href":"https:\/\/saiga.es\/es\/wp-json\/wp\/v2\/types\/product"}],"replies":[{"embeddable":true,"href":"https:\/\/saiga.es\/es\/wp-json\/wp\/v2\/comments?post=14467"}],"wp:featuredmedia":[{"embeddable":true,"href":"https:\/\/saiga.es\/es\/wp-json\/wp\/v2\/media\/14465"}],"wp:attachment":[{"href":"https:\/\/saiga.es\/es\/wp-json\/wp\/v2\/media?parent=14467"}],"wp:term":[{"taxonomy":"product_brand","embeddable":true,"href":"https:\/\/saiga.es\/es\/wp-json\/wp\/v2\/product_brand?post=14467"},{"taxonomy":"product_cat","embeddable":true,"href":"https:\/\/saiga.es\/es\/wp-json\/wp\/v2\/product_cat?post=14467"},{"taxonomy":"product_tag","embeddable":true,"href":"https:\/\/saiga.es\/es\/wp-json\/wp\/v2\/product_tag?post=14467"}],"curies":[{"name":"wp","href":"https:\/\/api.w.org\/{rel}","templated":true}]}}