{"id":14482,"date":"2025-04-01T12:58:35","date_gmt":"2025-04-01T12:58:35","guid":{"rendered":"https:\/\/botiga.saiga.es\/producte\/impacto-12-v\/"},"modified":"2025-04-01T12:58:35","modified_gmt":"2025-04-01T12:58:35","slug":"impacto-12-v","status":"publish","type":"product","link":"https:\/\/saiga.es\/es\/producto\/impacto-12-v\/","title":{"rendered":"Impacto 12 V"},"content":{"rendered":"<p>El pastor el\u00e9ctrico Impacto 12 V muy vers\u00e1til y potente funciona tanto con bater\u00eda exterior como conectado a la corriente el\u00e9ctrica mediante un adaptador. Con un peso y tama\u00f1o reducidos, facilita el transporte, manejo e instalaci\u00f3n, ideal para cerrados de larga distancia. Compatible con bater\u00eda de 12 V. del tama\u00f1o que deseamos y as\u00ed disponer de una mayor capacidad de amperaje, aumentando considerablemente su autonom\u00eda. Si se conecta a una red el\u00e9ctrica se colocar\u00e1 en el interior de un edificio o caseta, protegidos del agua y alejados de material combustible.   <\/p>\n","protected":false},"excerpt":{"rendered":"<p>El pastor el\u00e9ctrico Impacto 12 V muy vers\u00e1til y potente funciona tanto con bater\u00eda exterior como conectado a la corriente el\u00e9ctrica mediante un adaptador.<\/p>\n","protected":false},"featured_media":14480,"comment_status":"closed","ping_status":"closed","template":"","meta":[],"product_brand":[2021],"product_cat":[2005],"product_tag":[554],"class_list":{"0":"post-14482","1":"product","2":"type-product","3":"status-publish","4":"has-post-thumbnail","6":"product_brand-zarcudeyo","7":"product_cat-pastores-electricos-es","8":"product_tag-pastor-electrico","10":"first","11":"instock","12":"taxable","13":"shipping-taxable","14":"purchasable","15":"product-type-simple"},"yoast_head":"<!-- This site is optimized with the Yoast SEO plugin v27.4 - https:\/\/yoast.com\/product\/yoast-seo-wordpress\/ -->\n<title>Impacto 12 V | SAIGA<\/title>\n<meta name=\"description\" content=\"El pastor el\u00e9ctrico Impacto 12 V muy vers\u00e1til y potente funciona tanto con bater\u00eda exterior como conectado a la corriente el\u00e9ctrica mediante un adaptador.\" \/>\n<meta name=\"robots\" content=\"index, follow, max-snippet:-1, max-image-preview:large, max-video-preview:-1\" \/>\n<link rel=\"canonical\" href=\"https:\/\/saiga.es\/es\/producto\/impacto-12-v\/\" \/>\n<meta property=\"og:locale\" content=\"es_ES\" \/>\n<meta property=\"og:type\" content=\"article\" \/>\n<meta property=\"og:title\" content=\"Impacto 12 V | SAIGA\" \/>\n<meta property=\"og:description\" content=\"El pastor el\u00e9ctrico Impacto 12 V muy vers\u00e1til y potente funciona tanto con bater\u00eda exterior como conectado a la corriente el\u00e9ctrica mediante un adaptador.\" \/>\n<meta property=\"og:url\" content=\"https:\/\/saiga.es\/es\/producto\/impacto-12-v\/\" \/>\n<meta property=\"og:site_name\" content=\"SAIGA\" \/>\n<meta property=\"og:image\" content=\"https:\/\/saiga.es\/wp-content\/uploads\/2025\/04\/Impacto-12-V.jpg\" \/>\n\t<meta property=\"og:image:width\" content=\"1080\" \/>\n\t<meta property=\"og:image:height\" content=\"1080\" \/>\n\t<meta property=\"og:image:type\" content=\"image\/jpeg\" \/>\n<meta name=\"twitter:card\" content=\"summary_large_image\" \/>\n<meta name=\"twitter:site\" content=\"@saiga_agro\" \/>\n<script type=\"application\/ld+json\" class=\"yoast-schema-graph\">{\"@context\":\"https:\\\/\\\/schema.org\",\"@graph\":[{\"@type\":\"WebPage\",\"@id\":\"https:\\\/\\\/saiga.es\\\/es\\\/producto\\\/impacto-12-v\\\/\",\"url\":\"https:\\\/\\\/saiga.es\\\/es\\\/producto\\\/impacto-12-v\\\/\",\"name\":\"Impacto 12 V | SAIGA\",\"isPartOf\":{\"@id\":\"https:\\\/\\\/saiga.es\\\/es\\\/#website\"},\"primaryImageOfPage\":{\"@id\":\"https:\\\/\\\/saiga.es\\\/es\\\/producto\\\/impacto-12-v\\\/#primaryimage\"},\"image\":{\"@id\":\"https:\\\/\\\/saiga.es\\\/es\\\/producto\\\/impacto-12-v\\\/#primaryimage\"},\"thumbnailUrl\":\"https:\\\/\\\/saiga.es\\\/wp-content\\\/uploads\\\/2025\\\/04\\\/Impacto-12-V.jpg\",\"datePublished\":\"2025-04-01T12:58:35+00:00\",\"description\":\"El pastor el\u00e9ctrico Impacto 12 V muy vers\u00e1til y potente funciona tanto con bater\u00eda exterior como conectado a la corriente el\u00e9ctrica mediante un adaptador.\",\"breadcrumb\":{\"@id\":\"https:\\\/\\\/saiga.es\\\/es\\\/producto\\\/impacto-12-v\\\/#breadcrumb\"},\"inLanguage\":\"es\",\"potentialAction\":[{\"@type\":\"ReadAction\",\"target\":[\"https:\\\/\\\/saiga.es\\\/es\\\/producto\\\/impacto-12-v\\\/\"]}]},{\"@type\":\"ImageObject\",\"inLanguage\":\"es\",\"@id\":\"https:\\\/\\\/saiga.es\\\/es\\\/producto\\\/impacto-12-v\\\/#primaryimage\",\"url\":\"https:\\\/\\\/saiga.es\\\/wp-content\\\/uploads\\\/2025\\\/04\\\/Impacto-12-V.jpg\",\"contentUrl\":\"https:\\\/\\\/saiga.es\\\/wp-content\\\/uploads\\\/2025\\\/04\\\/Impacto-12-V.jpg\",\"width\":1080,\"height\":1080,\"caption\":\"Impacto 12 V\"},{\"@type\":\"BreadcrumbList\",\"@id\":\"https:\\\/\\\/saiga.es\\\/es\\\/producto\\\/impacto-12-v\\\/#breadcrumb\",\"itemListElement\":[{\"@type\":\"ListItem\",\"position\":1,\"name\":\"Inici\",\"item\":\"https:\\\/\\\/saiga.es\\\/es\\\/\"},{\"@type\":\"ListItem\",\"position\":2,\"name\":\"Tienda\",\"item\":\"https:\\\/\\\/saiga.es\\\/es\\\/tienda\\\/\"},{\"@type\":\"ListItem\",\"position\":3,\"name\":\"Impacto 12 V\"}]},{\"@type\":\"WebSite\",\"@id\":\"https:\\\/\\\/saiga.es\\\/es\\\/#website\",\"url\":\"https:\\\/\\\/saiga.es\\\/es\\\/\",\"name\":\"SAIGA\",\"description\":\"M\u00e9s de 50 anys al servei de la terra i treballant per a un \u00fas eficient de l\u2019aigua!\",\"publisher\":{\"@id\":\"https:\\\/\\\/saiga.es\\\/es\\\/#organization\"},\"potentialAction\":[{\"@type\":\"SearchAction\",\"target\":{\"@type\":\"EntryPoint\",\"urlTemplate\":\"https:\\\/\\\/saiga.es\\\/es\\\/?s={search_term_string}\"},\"query-input\":{\"@type\":\"PropertyValueSpecification\",\"valueRequired\":true,\"valueName\":\"search_term_string\"}}],\"inLanguage\":\"es\"},{\"@type\":\"Organization\",\"@id\":\"https:\\\/\\\/saiga.es\\\/es\\\/#organization\",\"name\":\"SAIGA\",\"url\":\"https:\\\/\\\/saiga.es\\\/es\\\/\",\"logo\":{\"@type\":\"ImageObject\",\"inLanguage\":\"es\",\"@id\":\"https:\\\/\\\/saiga.es\\\/es\\\/#\\\/schema\\\/logo\\\/image\\\/\",\"url\":\"https:\\\/\\\/saiga.es\\\/wp-content\\\/uploads\\\/2025\\\/07\\\/logo_saiga_baseline_optimitzat.svg\",\"contentUrl\":\"https:\\\/\\\/saiga.es\\\/wp-content\\\/uploads\\\/2025\\\/07\\\/logo_saiga_baseline_optimitzat.svg\",\"caption\":\"SAIGA\"},\"image\":{\"@id\":\"https:\\\/\\\/saiga.es\\\/es\\\/#\\\/schema\\\/logo\\\/image\\\/\"},\"sameAs\":[\"https:\\\/\\\/x.com\\\/saiga_agro\",\"https:\\\/\\\/www.instagram.com\\\/saiga_agro\\\/\"]}]}<\/script>\n<!-- \/ Yoast SEO plugin. -->","yoast_head_json":{"title":"Impacto 12 V | SAIGA","description":"El pastor el\u00e9ctrico Impacto 12 V muy vers\u00e1til y potente funciona tanto con bater\u00eda exterior como conectado a la corriente el\u00e9ctrica mediante un adaptador.","robots":{"index":"index","follow":"follow","max-snippet":"max-snippet:-1","max-image-preview":"max-image-preview:large","max-video-preview":"max-video-preview:-1"},"canonical":"https:\/\/saiga.es\/es\/producto\/impacto-12-v\/","og_locale":"es_ES","og_type":"article","og_title":"Impacto 12 V | SAIGA","og_description":"El pastor el\u00e9ctrico Impacto 12 V muy vers\u00e1til y potente funciona tanto con bater\u00eda exterior como conectado a la corriente el\u00e9ctrica mediante un adaptador.","og_url":"https:\/\/saiga.es\/es\/producto\/impacto-12-v\/","og_site_name":"SAIGA","og_image":[{"width":1080,"height":1080,"url":"https:\/\/saiga.es\/wp-content\/uploads\/2025\/04\/Impacto-12-V.jpg","type":"image\/jpeg"}],"twitter_card":"summary_large_image","twitter_site":"@saiga_agro","schema":{"@context":"https:\/\/schema.org","@graph":[{"@type":"WebPage","@id":"https:\/\/saiga.es\/es\/producto\/impacto-12-v\/","url":"https:\/\/saiga.es\/es\/producto\/impacto-12-v\/","name":"Impacto 12 V | SAIGA","isPartOf":{"@id":"https:\/\/saiga.es\/es\/#website"},"primaryImageOfPage":{"@id":"https:\/\/saiga.es\/es\/producto\/impacto-12-v\/#primaryimage"},"image":{"@id":"https:\/\/saiga.es\/es\/producto\/impacto-12-v\/#primaryimage"},"thumbnailUrl":"https:\/\/saiga.es\/wp-content\/uploads\/2025\/04\/Impacto-12-V.jpg","datePublished":"2025-04-01T12:58:35+00:00","description":"El pastor el\u00e9ctrico Impacto 12 V muy vers\u00e1til y potente funciona tanto con bater\u00eda exterior como conectado a la corriente el\u00e9ctrica mediante un adaptador.","breadcrumb":{"@id":"https:\/\/saiga.es\/es\/producto\/impacto-12-v\/#breadcrumb"},"inLanguage":"es","potentialAction":[{"@type":"ReadAction","target":["https:\/\/saiga.es\/es\/producto\/impacto-12-v\/"]}]},{"@type":"ImageObject","inLanguage":"es","@id":"https:\/\/saiga.es\/es\/producto\/impacto-12-v\/#primaryimage","url":"https:\/\/saiga.es\/wp-content\/uploads\/2025\/04\/Impacto-12-V.jpg","contentUrl":"https:\/\/saiga.es\/wp-content\/uploads\/2025\/04\/Impacto-12-V.jpg","width":1080,"height":1080,"caption":"Impacto 12 V"},{"@type":"BreadcrumbList","@id":"https:\/\/saiga.es\/es\/producto\/impacto-12-v\/#breadcrumb","itemListElement":[{"@type":"ListItem","position":1,"name":"Inici","item":"https:\/\/saiga.es\/es\/"},{"@type":"ListItem","position":2,"name":"Tienda","item":"https:\/\/saiga.es\/es\/tienda\/"},{"@type":"ListItem","position":3,"name":"Impacto 12 V"}]},{"@type":"WebSite","@id":"https:\/\/saiga.es\/es\/#website","url":"https:\/\/saiga.es\/es\/","name":"SAIGA","description":"M\u00e9s de 50 anys al servei de la terra i treballant per a un \u00fas eficient de l\u2019aigua!","publisher":{"@id":"https:\/\/saiga.es\/es\/#organization"},"potentialAction":[{"@type":"SearchAction","target":{"@type":"EntryPoint","urlTemplate":"https:\/\/saiga.es\/es\/?s={search_term_string}"},"query-input":{"@type":"PropertyValueSpecification","valueRequired":true,"valueName":"search_term_string"}}],"inLanguage":"es"},{"@type":"Organization","@id":"https:\/\/saiga.es\/es\/#organization","name":"SAIGA","url":"https:\/\/saiga.es\/es\/","logo":{"@type":"ImageObject","inLanguage":"es","@id":"https:\/\/saiga.es\/es\/#\/schema\/logo\/image\/","url":"https:\/\/saiga.es\/wp-content\/uploads\/2025\/07\/logo_saiga_baseline_optimitzat.svg","contentUrl":"https:\/\/saiga.es\/wp-content\/uploads\/2025\/07\/logo_saiga_baseline_optimitzat.svg","caption":"SAIGA"},"image":{"@id":"https:\/\/saiga.es\/es\/#\/schema\/logo\/image\/"},"sameAs":["https:\/\/x.com\/saiga_agro","https:\/\/www.instagram.com\/saiga_agro\/"]}]}},"_links":{"self":[{"href":"https:\/\/saiga.es\/es\/wp-json\/wp\/v2\/product\/14482","targetHints":{"allow":["GET"]}}],"collection":[{"href":"https:\/\/saiga.es\/es\/wp-json\/wp\/v2\/product"}],"about":[{"href":"https:\/\/saiga.es\/es\/wp-json\/wp\/v2\/types\/product"}],"replies":[{"embeddable":true,"href":"https:\/\/saiga.es\/es\/wp-json\/wp\/v2\/comments?post=14482"}],"wp:featuredmedia":[{"embeddable":true,"href":"https:\/\/saiga.es\/es\/wp-json\/wp\/v2\/media\/14480"}],"wp:attachment":[{"href":"https:\/\/saiga.es\/es\/wp-json\/wp\/v2\/media?parent=14482"}],"wp:term":[{"taxonomy":"product_brand","embeddable":true,"href":"https:\/\/saiga.es\/es\/wp-json\/wp\/v2\/product_brand?post=14482"},{"taxonomy":"product_cat","embeddable":true,"href":"https:\/\/saiga.es\/es\/wp-json\/wp\/v2\/product_cat?post=14482"},{"taxonomy":"product_tag","embeddable":true,"href":"https:\/\/saiga.es\/es\/wp-json\/wp\/v2\/product_tag?post=14482"}],"curies":[{"name":"wp","href":"https:\/\/api.w.org\/{rel}","templated":true}]}}