{"id":14490,"date":"2025-04-08T10:40:18","date_gmt":"2025-04-08T10:40:18","guid":{"rendered":"https:\/\/botiga.saiga.es\/producte\/kb-enfermedades-de-los-rosales\/"},"modified":"2025-10-24T14:41:15","modified_gmt":"2025-10-24T14:41:15","slug":"kb-malalties-dels-rosers","status":"publish","type":"product","link":"https:\/\/saiga.es\/es\/producto\/kb-malalties-dels-rosers\/","title":{"rendered":"KB Malalties dels rosers"},"content":{"rendered":"<p>KB malalties dels rosers \u00e9s un fungicida l\u00edquid polivalent i indicat pel control de l&#8217;o\u00efdi, taques negres i ratlles. Formulat fungicida d&#8217;ampli espectre d&#8217;acci\u00f3 sobre nombroses malalties de les plantes de jard\u00ed, de f\u00e0cil \u00fas i autoritzat a jardineria exterior dom\u00e8stica, mitjan\u00e7ant polvoritzaci\u00f3 foliar despr\u00e9s de ser dilu\u00eft en aigua quan hi ha pres\u00e8ncia en prevenci\u00f3 de les malalties.<\/p>\n","protected":false},"excerpt":{"rendered":"<p>KB malalties dels rosers \u00e9s un fungicida l\u00edquid polivalent i indicat pel control de l&#8217;o\u00efdi, taques negres i ratlles.<\/p>\n","protected":false},"featured_media":14488,"comment_status":"closed","ping_status":"closed","template":"","meta":[],"product_brand":[],"product_cat":[103],"product_tag":[],"class_list":{"0":"post-14490","1":"product","2":"type-product","3":"status-publish","4":"has-post-thumbnail","6":"product_cat-fungicides","8":"first","9":"instock","10":"taxable","11":"shipping-taxable","12":"purchasable","13":"product-type-simple"},"yoast_head":"<!-- This site is optimized with the Yoast SEO plugin v27.4 - https:\/\/yoast.com\/product\/yoast-seo-wordpress\/ -->\n<title>KB Malalties dels rosers | SAIGA<\/title>\n<meta name=\"description\" content=\"KB enfermedades de los rosales es un fungicida l\u00edquido polivalente e indicado por el control del oidio, manchas negras y rayas.\" \/>\n<meta name=\"robots\" content=\"index, follow, max-snippet:-1, max-image-preview:large, max-video-preview:-1\" \/>\n<link rel=\"canonical\" href=\"https:\/\/saiga.es\/es\/producto\/kb-malalties-dels-rosers\/\" \/>\n<meta property=\"og:locale\" content=\"es_ES\" \/>\n<meta property=\"og:type\" content=\"article\" \/>\n<meta property=\"og:title\" content=\"KB Malalties dels rosers | SAIGA\" \/>\n<meta property=\"og:description\" content=\"KB enfermedades de los rosales es un fungicida l\u00edquido polivalente e indicado por el control del oidio, manchas negras y rayas.\" \/>\n<meta property=\"og:url\" content=\"https:\/\/saiga.es\/es\/producto\/kb-malalties-dels-rosers\/\" \/>\n<meta property=\"og:site_name\" content=\"SAIGA\" \/>\n<meta property=\"article:modified_time\" content=\"2025-10-24T14:41:15+00:00\" \/>\n<meta property=\"og:image\" content=\"https:\/\/saiga.es\/wp-content\/uploads\/2025\/04\/KB-enfermedades-de-los-rosales.jpg\" \/>\n\t<meta property=\"og:image:width\" content=\"1080\" \/>\n\t<meta property=\"og:image:height\" content=\"1080\" \/>\n\t<meta property=\"og:image:type\" content=\"image\/jpeg\" \/>\n<meta name=\"twitter:card\" content=\"summary_large_image\" \/>\n<meta name=\"twitter:site\" content=\"@saiga_agro\" \/>\n<meta name=\"twitter:label1\" content=\"Tiempo de lectura\" \/>\n\t<meta name=\"twitter:data1\" content=\"1 minuto\" \/>\n<script type=\"application\/ld+json\" class=\"yoast-schema-graph\">{\"@context\":\"https:\\\/\\\/schema.org\",\"@graph\":[{\"@type\":\"WebPage\",\"@id\":\"https:\\\/\\\/saiga.es\\\/es\\\/producto\\\/kb-malalties-dels-rosers\\\/\",\"url\":\"https:\\\/\\\/saiga.es\\\/es\\\/producto\\\/kb-malalties-dels-rosers\\\/\",\"name\":\"KB Malalties dels rosers | SAIGA\",\"isPartOf\":{\"@id\":\"https:\\\/\\\/saiga.es\\\/es\\\/#website\"},\"primaryImageOfPage\":{\"@id\":\"https:\\\/\\\/saiga.es\\\/es\\\/producto\\\/kb-malalties-dels-rosers\\\/#primaryimage\"},\"image\":{\"@id\":\"https:\\\/\\\/saiga.es\\\/es\\\/producto\\\/kb-malalties-dels-rosers\\\/#primaryimage\"},\"thumbnailUrl\":\"https:\\\/\\\/saiga.es\\\/wp-content\\\/uploads\\\/2025\\\/04\\\/KB-enfermedades-de-los-rosales.jpg\",\"datePublished\":\"2025-04-08T10:40:18+00:00\",\"dateModified\":\"2025-10-24T14:41:15+00:00\",\"description\":\"KB enfermedades de los rosales es un fungicida l\u00edquido polivalente e indicado por el control del oidio, manchas negras y rayas.\",\"breadcrumb\":{\"@id\":\"https:\\\/\\\/saiga.es\\\/es\\\/producto\\\/kb-malalties-dels-rosers\\\/#breadcrumb\"},\"inLanguage\":\"es\",\"potentialAction\":[{\"@type\":\"ReadAction\",\"target\":[\"https:\\\/\\\/saiga.es\\\/es\\\/producto\\\/kb-malalties-dels-rosers\\\/\"]}]},{\"@type\":\"ImageObject\",\"inLanguage\":\"es\",\"@id\":\"https:\\\/\\\/saiga.es\\\/es\\\/producto\\\/kb-malalties-dels-rosers\\\/#primaryimage\",\"url\":\"https:\\\/\\\/saiga.es\\\/wp-content\\\/uploads\\\/2025\\\/04\\\/KB-enfermedades-de-los-rosales.jpg\",\"contentUrl\":\"https:\\\/\\\/saiga.es\\\/wp-content\\\/uploads\\\/2025\\\/04\\\/KB-enfermedades-de-los-rosales.jpg\",\"width\":1080,\"height\":1080,\"caption\":\"KB enfermedades de los rosales\"},{\"@type\":\"BreadcrumbList\",\"@id\":\"https:\\\/\\\/saiga.es\\\/es\\\/producto\\\/kb-malalties-dels-rosers\\\/#breadcrumb\",\"itemListElement\":[{\"@type\":\"ListItem\",\"position\":1,\"name\":\"Inici\",\"item\":\"https:\\\/\\\/saiga.es\\\/es\\\/\"},{\"@type\":\"ListItem\",\"position\":2,\"name\":\"Tienda\",\"item\":\"https:\\\/\\\/saiga.es\\\/es\\\/tienda\\\/\"},{\"@type\":\"ListItem\",\"position\":3,\"name\":\"KB Malalties dels rosers\"}]},{\"@type\":\"WebSite\",\"@id\":\"https:\\\/\\\/saiga.es\\\/es\\\/#website\",\"url\":\"https:\\\/\\\/saiga.es\\\/es\\\/\",\"name\":\"SAIGA\",\"description\":\"M\u00e9s de 50 anys al servei de la terra i treballant per a un \u00fas eficient de l\u2019aigua!\",\"publisher\":{\"@id\":\"https:\\\/\\\/saiga.es\\\/es\\\/#organization\"},\"potentialAction\":[{\"@type\":\"SearchAction\",\"target\":{\"@type\":\"EntryPoint\",\"urlTemplate\":\"https:\\\/\\\/saiga.es\\\/es\\\/?s={search_term_string}\"},\"query-input\":{\"@type\":\"PropertyValueSpecification\",\"valueRequired\":true,\"valueName\":\"search_term_string\"}}],\"inLanguage\":\"es\"},{\"@type\":\"Organization\",\"@id\":\"https:\\\/\\\/saiga.es\\\/es\\\/#organization\",\"name\":\"SAIGA\",\"url\":\"https:\\\/\\\/saiga.es\\\/es\\\/\",\"logo\":{\"@type\":\"ImageObject\",\"inLanguage\":\"es\",\"@id\":\"https:\\\/\\\/saiga.es\\\/es\\\/#\\\/schema\\\/logo\\\/image\\\/\",\"url\":\"https:\\\/\\\/saiga.es\\\/wp-content\\\/uploads\\\/2025\\\/07\\\/logo_saiga_baseline_optimitzat.svg\",\"contentUrl\":\"https:\\\/\\\/saiga.es\\\/wp-content\\\/uploads\\\/2025\\\/07\\\/logo_saiga_baseline_optimitzat.svg\",\"caption\":\"SAIGA\"},\"image\":{\"@id\":\"https:\\\/\\\/saiga.es\\\/es\\\/#\\\/schema\\\/logo\\\/image\\\/\"},\"sameAs\":[\"https:\\\/\\\/x.com\\\/saiga_agro\",\"https:\\\/\\\/www.instagram.com\\\/saiga_agro\\\/\"]}]}<\/script>\n<!-- \/ Yoast SEO plugin. -->","yoast_head_json":{"title":"KB Malalties dels rosers | SAIGA","description":"KB enfermedades de los rosales es un fungicida l\u00edquido polivalente e indicado por el control del oidio, manchas negras y rayas.","robots":{"index":"index","follow":"follow","max-snippet":"max-snippet:-1","max-image-preview":"max-image-preview:large","max-video-preview":"max-video-preview:-1"},"canonical":"https:\/\/saiga.es\/es\/producto\/kb-malalties-dels-rosers\/","og_locale":"es_ES","og_type":"article","og_title":"KB Malalties dels rosers | SAIGA","og_description":"KB enfermedades de los rosales es un fungicida l\u00edquido polivalente e indicado por el control del oidio, manchas negras y rayas.","og_url":"https:\/\/saiga.es\/es\/producto\/kb-malalties-dels-rosers\/","og_site_name":"SAIGA","article_modified_time":"2025-10-24T14:41:15+00:00","og_image":[{"width":1080,"height":1080,"url":"https:\/\/saiga.es\/wp-content\/uploads\/2025\/04\/KB-enfermedades-de-los-rosales.jpg","type":"image\/jpeg"}],"twitter_card":"summary_large_image","twitter_site":"@saiga_agro","twitter_misc":{"Tiempo de lectura":"1 minuto"},"schema":{"@context":"https:\/\/schema.org","@graph":[{"@type":"WebPage","@id":"https:\/\/saiga.es\/es\/producto\/kb-malalties-dels-rosers\/","url":"https:\/\/saiga.es\/es\/producto\/kb-malalties-dels-rosers\/","name":"KB Malalties dels rosers | SAIGA","isPartOf":{"@id":"https:\/\/saiga.es\/es\/#website"},"primaryImageOfPage":{"@id":"https:\/\/saiga.es\/es\/producto\/kb-malalties-dels-rosers\/#primaryimage"},"image":{"@id":"https:\/\/saiga.es\/es\/producto\/kb-malalties-dels-rosers\/#primaryimage"},"thumbnailUrl":"https:\/\/saiga.es\/wp-content\/uploads\/2025\/04\/KB-enfermedades-de-los-rosales.jpg","datePublished":"2025-04-08T10:40:18+00:00","dateModified":"2025-10-24T14:41:15+00:00","description":"KB enfermedades de los rosales es un fungicida l\u00edquido polivalente e indicado por el control del oidio, manchas negras y rayas.","breadcrumb":{"@id":"https:\/\/saiga.es\/es\/producto\/kb-malalties-dels-rosers\/#breadcrumb"},"inLanguage":"es","potentialAction":[{"@type":"ReadAction","target":["https:\/\/saiga.es\/es\/producto\/kb-malalties-dels-rosers\/"]}]},{"@type":"ImageObject","inLanguage":"es","@id":"https:\/\/saiga.es\/es\/producto\/kb-malalties-dels-rosers\/#primaryimage","url":"https:\/\/saiga.es\/wp-content\/uploads\/2025\/04\/KB-enfermedades-de-los-rosales.jpg","contentUrl":"https:\/\/saiga.es\/wp-content\/uploads\/2025\/04\/KB-enfermedades-de-los-rosales.jpg","width":1080,"height":1080,"caption":"KB enfermedades de los rosales"},{"@type":"BreadcrumbList","@id":"https:\/\/saiga.es\/es\/producto\/kb-malalties-dels-rosers\/#breadcrumb","itemListElement":[{"@type":"ListItem","position":1,"name":"Inici","item":"https:\/\/saiga.es\/es\/"},{"@type":"ListItem","position":2,"name":"Tienda","item":"https:\/\/saiga.es\/es\/tienda\/"},{"@type":"ListItem","position":3,"name":"KB Malalties dels rosers"}]},{"@type":"WebSite","@id":"https:\/\/saiga.es\/es\/#website","url":"https:\/\/saiga.es\/es\/","name":"SAIGA","description":"M\u00e9s de 50 anys al servei de la terra i treballant per a un \u00fas eficient de l\u2019aigua!","publisher":{"@id":"https:\/\/saiga.es\/es\/#organization"},"potentialAction":[{"@type":"SearchAction","target":{"@type":"EntryPoint","urlTemplate":"https:\/\/saiga.es\/es\/?s={search_term_string}"},"query-input":{"@type":"PropertyValueSpecification","valueRequired":true,"valueName":"search_term_string"}}],"inLanguage":"es"},{"@type":"Organization","@id":"https:\/\/saiga.es\/es\/#organization","name":"SAIGA","url":"https:\/\/saiga.es\/es\/","logo":{"@type":"ImageObject","inLanguage":"es","@id":"https:\/\/saiga.es\/es\/#\/schema\/logo\/image\/","url":"https:\/\/saiga.es\/wp-content\/uploads\/2025\/07\/logo_saiga_baseline_optimitzat.svg","contentUrl":"https:\/\/saiga.es\/wp-content\/uploads\/2025\/07\/logo_saiga_baseline_optimitzat.svg","caption":"SAIGA"},"image":{"@id":"https:\/\/saiga.es\/es\/#\/schema\/logo\/image\/"},"sameAs":["https:\/\/x.com\/saiga_agro","https:\/\/www.instagram.com\/saiga_agro\/"]}]}},"_links":{"self":[{"href":"https:\/\/saiga.es\/es\/wp-json\/wp\/v2\/product\/14490","targetHints":{"allow":["GET"]}}],"collection":[{"href":"https:\/\/saiga.es\/es\/wp-json\/wp\/v2\/product"}],"about":[{"href":"https:\/\/saiga.es\/es\/wp-json\/wp\/v2\/types\/product"}],"replies":[{"embeddable":true,"href":"https:\/\/saiga.es\/es\/wp-json\/wp\/v2\/comments?post=14490"}],"wp:featuredmedia":[{"embeddable":true,"href":"https:\/\/saiga.es\/es\/wp-json\/wp\/v2\/media\/14488"}],"wp:attachment":[{"href":"https:\/\/saiga.es\/es\/wp-json\/wp\/v2\/media?parent=14490"}],"wp:term":[{"taxonomy":"product_brand","embeddable":true,"href":"https:\/\/saiga.es\/es\/wp-json\/wp\/v2\/product_brand?post=14490"},{"taxonomy":"product_cat","embeddable":true,"href":"https:\/\/saiga.es\/es\/wp-json\/wp\/v2\/product_cat?post=14490"},{"taxonomy":"product_tag","embeddable":true,"href":"https:\/\/saiga.es\/es\/wp-json\/wp\/v2\/product_tag?post=14490"}],"curies":[{"name":"wp","href":"https:\/\/api.w.org\/{rel}","templated":true}]}}