{"id":14496,"date":"2025-04-08T11:55:06","date_gmt":"2025-04-08T11:55:06","guid":{"rendered":"https:\/\/botiga.saiga.es\/producte\/cinta-encolada-antiorugas-y-antihormigas\/"},"modified":"2025-12-10T14:52:31","modified_gmt":"2025-12-10T14:52:31","slug":"cinta-encolada-antiorugas-y-antihormigas","status":"publish","type":"product","link":"https:\/\/saiga.es\/es\/producto\/cinta-encolada-antiorugas-y-antihormigas\/","title":{"rendered":"Cinta encolada anti-orugas y antihormigas"},"content":{"rendered":"<p>Protege los \u00e1rboles frutales y ornamentales contra plagas que suben y descienden por el tronco. Pegatina especial hecha de resinas y ceras naturales. Pegamento respetuoso con los insectos beneficiosos que no se lava con la lluvia ni gotea a altas temperaturas. Sin insecticidas.<x id=\"gid_0\"><\/x>La cinta encolada se puede utilizar durante todo el a\u00f1o contra el pulg\u00f3n lan\u00edfero de finales de septiembre a abril. Contra las hormigas y orugas de principios de marzo a septiembre.    <\/p>\n","protected":false},"excerpt":{"rendered":"<p>Protege los \u00e1rboles frutales y ornamentales contra plagas que suben y descienden por el tronco.<\/p>\n","protected":false},"featured_media":14499,"comment_status":"closed","ping_status":"closed","template":"","meta":[],"product_brand":[2226],"product_cat":[1554,157],"product_tag":[2046,1370,2048,2047],"class_list":{"0":"post-14496","1":"product","2":"type-product","3":"status-publish","4":"has-post-thumbnail","6":"product_brand-neudorff-es-2","7":"product_cat-productos-naturales","8":"product_cat-biocidas","9":"product_tag-anti-orugas","10":"product_tag-biocidas","11":"product_tag-cinta-encolar-es","12":"product_tag-orugas","14":"first","15":"instock","16":"taxable","17":"shipping-taxable","18":"purchasable","19":"product-type-simple"},"yoast_head":"<!-- This site is optimized with the Yoast SEO plugin v27.4 - https:\/\/yoast.com\/product\/yoast-seo-wordpress\/ -->\n<title>Cinta encolada anti-orugas y antihormigas | SAIGA<\/title>\n<meta name=\"description\" content=\"Protege los \u00e1rboles frutales y ornamentales contra plagas que suben y descienden por el tronco.\" \/>\n<meta name=\"robots\" content=\"index, follow, max-snippet:-1, max-image-preview:large, max-video-preview:-1\" \/>\n<link rel=\"canonical\" href=\"https:\/\/saiga.es\/es\/producto\/cinta-encolada-antiorugas-y-antihormigas\/\" \/>\n<meta property=\"og:locale\" content=\"es_ES\" \/>\n<meta property=\"og:type\" content=\"article\" \/>\n<meta property=\"og:title\" content=\"Cinta encolada anti-orugas y antihormigas | SAIGA\" \/>\n<meta property=\"og:description\" content=\"Protege los \u00e1rboles frutales y ornamentales contra plagas que suben y descienden por el tronco.\" \/>\n<meta property=\"og:url\" content=\"https:\/\/saiga.es\/es\/producto\/cinta-encolada-antiorugas-y-antihormigas\/\" \/>\n<meta property=\"og:site_name\" content=\"SAIGA\" \/>\n<meta property=\"article:modified_time\" content=\"2025-12-10T14:52:31+00:00\" \/>\n<meta property=\"og:image\" content=\"https:\/\/saiga.es\/wp-content\/uploads\/2025\/04\/Cinta-encolada-2.jpg\" \/>\n\t<meta property=\"og:image:width\" content=\"1080\" \/>\n\t<meta property=\"og:image:height\" content=\"1080\" \/>\n\t<meta property=\"og:image:type\" content=\"image\/jpeg\" \/>\n<meta name=\"twitter:card\" content=\"summary_large_image\" \/>\n<meta name=\"twitter:site\" content=\"@saiga_agro\" \/>\n<script type=\"application\/ld+json\" class=\"yoast-schema-graph\">{\"@context\":\"https:\\\/\\\/schema.org\",\"@graph\":[{\"@type\":\"WebPage\",\"@id\":\"https:\\\/\\\/saiga.es\\\/es\\\/producto\\\/cinta-encolada-antiorugas-y-antihormigas\\\/\",\"url\":\"https:\\\/\\\/saiga.es\\\/es\\\/producto\\\/cinta-encolada-antiorugas-y-antihormigas\\\/\",\"name\":\"Cinta encolada anti-orugas y antihormigas | SAIGA\",\"isPartOf\":{\"@id\":\"https:\\\/\\\/saiga.es\\\/es\\\/#website\"},\"primaryImageOfPage\":{\"@id\":\"https:\\\/\\\/saiga.es\\\/es\\\/producto\\\/cinta-encolada-antiorugas-y-antihormigas\\\/#primaryimage\"},\"image\":{\"@id\":\"https:\\\/\\\/saiga.es\\\/es\\\/producto\\\/cinta-encolada-antiorugas-y-antihormigas\\\/#primaryimage\"},\"thumbnailUrl\":\"https:\\\/\\\/saiga.es\\\/wp-content\\\/uploads\\\/2025\\\/04\\\/Cinta-encolada-2.jpg\",\"datePublished\":\"2025-04-08T11:55:06+00:00\",\"dateModified\":\"2025-12-10T14:52:31+00:00\",\"description\":\"Protege los \u00e1rboles frutales y ornamentales contra plagas que suben y descienden por el tronco.\",\"breadcrumb\":{\"@id\":\"https:\\\/\\\/saiga.es\\\/es\\\/producto\\\/cinta-encolada-antiorugas-y-antihormigas\\\/#breadcrumb\"},\"inLanguage\":\"es\",\"potentialAction\":[{\"@type\":\"ReadAction\",\"target\":[\"https:\\\/\\\/saiga.es\\\/es\\\/producto\\\/cinta-encolada-antiorugas-y-antihormigas\\\/\"]}]},{\"@type\":\"ImageObject\",\"inLanguage\":\"es\",\"@id\":\"https:\\\/\\\/saiga.es\\\/es\\\/producto\\\/cinta-encolada-antiorugas-y-antihormigas\\\/#primaryimage\",\"url\":\"https:\\\/\\\/saiga.es\\\/wp-content\\\/uploads\\\/2025\\\/04\\\/Cinta-encolada-2.jpg\",\"contentUrl\":\"https:\\\/\\\/saiga.es\\\/wp-content\\\/uploads\\\/2025\\\/04\\\/Cinta-encolada-2.jpg\",\"width\":1080,\"height\":1080,\"caption\":\"Cinta encolada anti-orugas\"},{\"@type\":\"BreadcrumbList\",\"@id\":\"https:\\\/\\\/saiga.es\\\/es\\\/producto\\\/cinta-encolada-antiorugas-y-antihormigas\\\/#breadcrumb\",\"itemListElement\":[{\"@type\":\"ListItem\",\"position\":1,\"name\":\"Inici\",\"item\":\"https:\\\/\\\/saiga.es\\\/es\\\/\"},{\"@type\":\"ListItem\",\"position\":2,\"name\":\"Tienda\",\"item\":\"https:\\\/\\\/saiga.es\\\/es\\\/tienda\\\/\"},{\"@type\":\"ListItem\",\"position\":3,\"name\":\"Cinta encolada anti-orugas y antihormigas\"}]},{\"@type\":\"WebSite\",\"@id\":\"https:\\\/\\\/saiga.es\\\/es\\\/#website\",\"url\":\"https:\\\/\\\/saiga.es\\\/es\\\/\",\"name\":\"SAIGA\",\"description\":\"M\u00e9s de 50 anys al servei de la terra i treballant per a un \u00fas eficient de l\u2019aigua!\",\"publisher\":{\"@id\":\"https:\\\/\\\/saiga.es\\\/es\\\/#organization\"},\"potentialAction\":[{\"@type\":\"SearchAction\",\"target\":{\"@type\":\"EntryPoint\",\"urlTemplate\":\"https:\\\/\\\/saiga.es\\\/es\\\/?s={search_term_string}\"},\"query-input\":{\"@type\":\"PropertyValueSpecification\",\"valueRequired\":true,\"valueName\":\"search_term_string\"}}],\"inLanguage\":\"es\"},{\"@type\":\"Organization\",\"@id\":\"https:\\\/\\\/saiga.es\\\/es\\\/#organization\",\"name\":\"SAIGA\",\"url\":\"https:\\\/\\\/saiga.es\\\/es\\\/\",\"logo\":{\"@type\":\"ImageObject\",\"inLanguage\":\"es\",\"@id\":\"https:\\\/\\\/saiga.es\\\/es\\\/#\\\/schema\\\/logo\\\/image\\\/\",\"url\":\"https:\\\/\\\/saiga.es\\\/wp-content\\\/uploads\\\/2025\\\/07\\\/logo_saiga_baseline_optimitzat.svg\",\"contentUrl\":\"https:\\\/\\\/saiga.es\\\/wp-content\\\/uploads\\\/2025\\\/07\\\/logo_saiga_baseline_optimitzat.svg\",\"caption\":\"SAIGA\"},\"image\":{\"@id\":\"https:\\\/\\\/saiga.es\\\/es\\\/#\\\/schema\\\/logo\\\/image\\\/\"},\"sameAs\":[\"https:\\\/\\\/x.com\\\/saiga_agro\",\"https:\\\/\\\/www.instagram.com\\\/saiga_agro\\\/\"]}]}<\/script>\n<!-- \/ Yoast SEO plugin. -->","yoast_head_json":{"title":"Cinta encolada anti-orugas y antihormigas | SAIGA","description":"Protege los \u00e1rboles frutales y ornamentales contra plagas que suben y descienden por el tronco.","robots":{"index":"index","follow":"follow","max-snippet":"max-snippet:-1","max-image-preview":"max-image-preview:large","max-video-preview":"max-video-preview:-1"},"canonical":"https:\/\/saiga.es\/es\/producto\/cinta-encolada-antiorugas-y-antihormigas\/","og_locale":"es_ES","og_type":"article","og_title":"Cinta encolada anti-orugas y antihormigas | SAIGA","og_description":"Protege los \u00e1rboles frutales y ornamentales contra plagas que suben y descienden por el tronco.","og_url":"https:\/\/saiga.es\/es\/producto\/cinta-encolada-antiorugas-y-antihormigas\/","og_site_name":"SAIGA","article_modified_time":"2025-12-10T14:52:31+00:00","og_image":[{"width":1080,"height":1080,"url":"https:\/\/saiga.es\/wp-content\/uploads\/2025\/04\/Cinta-encolada-2.jpg","type":"image\/jpeg"}],"twitter_card":"summary_large_image","twitter_site":"@saiga_agro","schema":{"@context":"https:\/\/schema.org","@graph":[{"@type":"WebPage","@id":"https:\/\/saiga.es\/es\/producto\/cinta-encolada-antiorugas-y-antihormigas\/","url":"https:\/\/saiga.es\/es\/producto\/cinta-encolada-antiorugas-y-antihormigas\/","name":"Cinta encolada anti-orugas y antihormigas | SAIGA","isPartOf":{"@id":"https:\/\/saiga.es\/es\/#website"},"primaryImageOfPage":{"@id":"https:\/\/saiga.es\/es\/producto\/cinta-encolada-antiorugas-y-antihormigas\/#primaryimage"},"image":{"@id":"https:\/\/saiga.es\/es\/producto\/cinta-encolada-antiorugas-y-antihormigas\/#primaryimage"},"thumbnailUrl":"https:\/\/saiga.es\/wp-content\/uploads\/2025\/04\/Cinta-encolada-2.jpg","datePublished":"2025-04-08T11:55:06+00:00","dateModified":"2025-12-10T14:52:31+00:00","description":"Protege los \u00e1rboles frutales y ornamentales contra plagas que suben y descienden por el tronco.","breadcrumb":{"@id":"https:\/\/saiga.es\/es\/producto\/cinta-encolada-antiorugas-y-antihormigas\/#breadcrumb"},"inLanguage":"es","potentialAction":[{"@type":"ReadAction","target":["https:\/\/saiga.es\/es\/producto\/cinta-encolada-antiorugas-y-antihormigas\/"]}]},{"@type":"ImageObject","inLanguage":"es","@id":"https:\/\/saiga.es\/es\/producto\/cinta-encolada-antiorugas-y-antihormigas\/#primaryimage","url":"https:\/\/saiga.es\/wp-content\/uploads\/2025\/04\/Cinta-encolada-2.jpg","contentUrl":"https:\/\/saiga.es\/wp-content\/uploads\/2025\/04\/Cinta-encolada-2.jpg","width":1080,"height":1080,"caption":"Cinta encolada anti-orugas"},{"@type":"BreadcrumbList","@id":"https:\/\/saiga.es\/es\/producto\/cinta-encolada-antiorugas-y-antihormigas\/#breadcrumb","itemListElement":[{"@type":"ListItem","position":1,"name":"Inici","item":"https:\/\/saiga.es\/es\/"},{"@type":"ListItem","position":2,"name":"Tienda","item":"https:\/\/saiga.es\/es\/tienda\/"},{"@type":"ListItem","position":3,"name":"Cinta encolada anti-orugas y antihormigas"}]},{"@type":"WebSite","@id":"https:\/\/saiga.es\/es\/#website","url":"https:\/\/saiga.es\/es\/","name":"SAIGA","description":"M\u00e9s de 50 anys al servei de la terra i treballant per a un \u00fas eficient de l\u2019aigua!","publisher":{"@id":"https:\/\/saiga.es\/es\/#organization"},"potentialAction":[{"@type":"SearchAction","target":{"@type":"EntryPoint","urlTemplate":"https:\/\/saiga.es\/es\/?s={search_term_string}"},"query-input":{"@type":"PropertyValueSpecification","valueRequired":true,"valueName":"search_term_string"}}],"inLanguage":"es"},{"@type":"Organization","@id":"https:\/\/saiga.es\/es\/#organization","name":"SAIGA","url":"https:\/\/saiga.es\/es\/","logo":{"@type":"ImageObject","inLanguage":"es","@id":"https:\/\/saiga.es\/es\/#\/schema\/logo\/image\/","url":"https:\/\/saiga.es\/wp-content\/uploads\/2025\/07\/logo_saiga_baseline_optimitzat.svg","contentUrl":"https:\/\/saiga.es\/wp-content\/uploads\/2025\/07\/logo_saiga_baseline_optimitzat.svg","caption":"SAIGA"},"image":{"@id":"https:\/\/saiga.es\/es\/#\/schema\/logo\/image\/"},"sameAs":["https:\/\/x.com\/saiga_agro","https:\/\/www.instagram.com\/saiga_agro\/"]}]}},"_links":{"self":[{"href":"https:\/\/saiga.es\/es\/wp-json\/wp\/v2\/product\/14496","targetHints":{"allow":["GET"]}}],"collection":[{"href":"https:\/\/saiga.es\/es\/wp-json\/wp\/v2\/product"}],"about":[{"href":"https:\/\/saiga.es\/es\/wp-json\/wp\/v2\/types\/product"}],"replies":[{"embeddable":true,"href":"https:\/\/saiga.es\/es\/wp-json\/wp\/v2\/comments?post=14496"}],"wp:featuredmedia":[{"embeddable":true,"href":"https:\/\/saiga.es\/es\/wp-json\/wp\/v2\/media\/14499"}],"wp:attachment":[{"href":"https:\/\/saiga.es\/es\/wp-json\/wp\/v2\/media?parent=14496"}],"wp:term":[{"taxonomy":"product_brand","embeddable":true,"href":"https:\/\/saiga.es\/es\/wp-json\/wp\/v2\/product_brand?post=14496"},{"taxonomy":"product_cat","embeddable":true,"href":"https:\/\/saiga.es\/es\/wp-json\/wp\/v2\/product_cat?post=14496"},{"taxonomy":"product_tag","embeddable":true,"href":"https:\/\/saiga.es\/es\/wp-json\/wp\/v2\/product_tag?post=14496"}],"curies":[{"name":"wp","href":"https:\/\/api.w.org\/{rel}","templated":true}]}}