{"id":14557,"date":"2025-04-10T11:18:51","date_gmt":"2025-04-10T11:18:51","guid":{"rendered":"https:\/\/botiga.saiga.es\/producte\/abono-granulado-huerto-y-frutales\/"},"modified":"2025-10-27T07:54:13","modified_gmt":"2025-10-27T07:54:13","slug":"abono-granulado-huerto-y-frutales","status":"publish","type":"product","link":"https:\/\/saiga.es\/es\/producto\/abono-granulado-huerto-y-frutales\/","title":{"rendered":"Abono granulado huerto y frutales"},"content":{"rendered":"<p>El Abono granulado huerto y frutales es una soluci\u00f3n ideal para cultivos de huerta, frutales, c\u00edtricos y plantas ornamentales. Esta f\u00f3rmula granulada est\u00e1 dise\u00f1ada para potenciar el sabor y aspecto de las hortalizas y frutas, garantizando una floraci\u00f3n abundante y un desarrollo robusto de las ra\u00edces. Adem\u00e1s, contribuye a aumentar la resistencia frente al fr\u00edo, la sequ\u00eda y otras situaciones de estr\u00e9s ambiental.  <\/p>\n<p>Para huertos o \u00e1rboles frutales: este abono granuloso es vers\u00e1til y eficiente. Su presentaci\u00f3n en formato compacto permite una aplicaci\u00f3n sencilla y precisa, ideal para aplicarlo directamente en el suelo o en la zona radicular. Con un peso de 1 kg, es f\u00e1cil de manejar y almacenar y ofrece una dosis perfecta para peque\u00f1as y medianas zonas de cultivo.  <\/p>\n<p>Este producto, de la marca Fertiberia, destaca por su capacidad de mejorar la calidad del cultivo: fortalece el arraigo, potencia la floraci\u00f3n y mejora la textura y el sabor de los productos obtenidos, por tanto, es una opci\u00f3n \u00f3ptima tanto para huertos dom\u00e9sticos como para plantaciones de frutales y jardines ornamentales.<\/p>\n<p>Las ventajas clave incluyen:<\/p>\n<ul>\n<li>Mejora visible en el aspecto y el sabor de los cultivos.<\/li>\n<li>Floraci\u00f3n abundante, que facilita una cosecha m\u00e1s rica.<\/li>\n<li>Ra\u00edces m\u00e1s fuertes, cimiento para plantas sanas y productivas.<\/li>\n<li>Protecci\u00f3n contra el estr\u00e9s clim\u00e1tico y otras condiciones adversas.<\/li>\n<\/ul>\n<p>Ideal para agricultores y jardineros que buscan un abono efectivo, pr\u00e1ctico y f\u00e1cil de utilizar.<\/p>\n<p>&nbsp;<\/p>\n","protected":false},"excerpt":{"rendered":"<p>Abono granulado formulado para todo tipo de cultivos de la huerta, frutales, c\u00edtricos, as\u00ed como \u00e1rboles y arbustos ornamentales.<\/p>\n","protected":false},"featured_media":14531,"comment_status":"closed","ping_status":"closed","template":"","meta":[],"product_brand":[1876],"product_cat":[1879,389],"product_tag":[897,2056,2066],"class_list":{"0":"post-14557","1":"product","2":"type-product","3":"status-publish","4":"has-post-thumbnail","6":"product_brand-fertiberia","7":"product_cat-frutales","8":"product_cat-huerto","9":"product_tag-abono-es","10":"product_tag-abono-azul","11":"product_tag-granulado","13":"first","14":"instock","15":"taxable","16":"shipping-taxable","17":"purchasable","18":"product-type-simple"},"yoast_head":"<!-- This site is optimized with the Yoast SEO plugin v27.4 - https:\/\/yoast.com\/product\/yoast-seo-wordpress\/ -->\n<title>Abono granulado huerto y frutales | SAIGA<\/title>\n<meta name=\"description\" content=\"Abono granulado formulado para todo tipo de cultivos de la huerta, frutales, c\u00edtricos, as\u00ed como \u00e1rboles y arbustos ornamentales.\" \/>\n<meta name=\"robots\" content=\"index, follow, max-snippet:-1, max-image-preview:large, max-video-preview:-1\" \/>\n<link rel=\"canonical\" href=\"https:\/\/saiga.es\/es\/producto\/abono-granulado-huerto-y-frutales\/\" \/>\n<meta property=\"og:locale\" content=\"es_ES\" \/>\n<meta property=\"og:type\" content=\"article\" \/>\n<meta property=\"og:title\" content=\"Abono granulado huerto y frutales | SAIGA\" \/>\n<meta property=\"og:description\" content=\"Abono granulado formulado para todo tipo de cultivos de la huerta, frutales, c\u00edtricos, as\u00ed como \u00e1rboles y arbustos ornamentales.\" \/>\n<meta property=\"og:url\" content=\"https:\/\/saiga.es\/es\/producto\/abono-granulado-huerto-y-frutales\/\" \/>\n<meta property=\"og:site_name\" content=\"SAIGA\" \/>\n<meta property=\"article:modified_time\" content=\"2025-10-27T07:54:13+00:00\" \/>\n<meta property=\"og:image\" content=\"https:\/\/saiga.es\/wp-content\/uploads\/2025\/04\/Huerta-y-frutales.jpg\" \/>\n\t<meta property=\"og:image:width\" content=\"1080\" \/>\n\t<meta property=\"og:image:height\" content=\"1080\" \/>\n\t<meta property=\"og:image:type\" content=\"image\/jpeg\" \/>\n<meta name=\"twitter:card\" content=\"summary_large_image\" \/>\n<meta name=\"twitter:site\" content=\"@saiga_agro\" \/>\n<meta name=\"twitter:label1\" content=\"Tiempo de lectura\" \/>\n\t<meta name=\"twitter:data1\" content=\"1 minuto\" \/>\n<script type=\"application\/ld+json\" class=\"yoast-schema-graph\">{\"@context\":\"https:\\\/\\\/schema.org\",\"@graph\":[{\"@type\":\"WebPage\",\"@id\":\"https:\\\/\\\/saiga.es\\\/es\\\/producto\\\/abono-granulado-huerto-y-frutales\\\/\",\"url\":\"https:\\\/\\\/saiga.es\\\/es\\\/producto\\\/abono-granulado-huerto-y-frutales\\\/\",\"name\":\"Abono granulado huerto y frutales | SAIGA\",\"isPartOf\":{\"@id\":\"https:\\\/\\\/saiga.es\\\/es\\\/#website\"},\"primaryImageOfPage\":{\"@id\":\"https:\\\/\\\/saiga.es\\\/es\\\/producto\\\/abono-granulado-huerto-y-frutales\\\/#primaryimage\"},\"image\":{\"@id\":\"https:\\\/\\\/saiga.es\\\/es\\\/producto\\\/abono-granulado-huerto-y-frutales\\\/#primaryimage\"},\"thumbnailUrl\":\"https:\\\/\\\/saiga.es\\\/wp-content\\\/uploads\\\/2025\\\/04\\\/Huerta-y-frutales.jpg\",\"datePublished\":\"2025-04-10T11:18:51+00:00\",\"dateModified\":\"2025-10-27T07:54:13+00:00\",\"description\":\"Abono granulado formulado para todo tipo de cultivos de la huerta, frutales, c\u00edtricos, as\u00ed como \u00e1rboles y arbustos ornamentales.\",\"breadcrumb\":{\"@id\":\"https:\\\/\\\/saiga.es\\\/es\\\/producto\\\/abono-granulado-huerto-y-frutales\\\/#breadcrumb\"},\"inLanguage\":\"es\",\"potentialAction\":[{\"@type\":\"ReadAction\",\"target\":[\"https:\\\/\\\/saiga.es\\\/es\\\/producto\\\/abono-granulado-huerto-y-frutales\\\/\"]}]},{\"@type\":\"ImageObject\",\"inLanguage\":\"es\",\"@id\":\"https:\\\/\\\/saiga.es\\\/es\\\/producto\\\/abono-granulado-huerto-y-frutales\\\/#primaryimage\",\"url\":\"https:\\\/\\\/saiga.es\\\/wp-content\\\/uploads\\\/2025\\\/04\\\/Huerta-y-frutales.jpg\",\"contentUrl\":\"https:\\\/\\\/saiga.es\\\/wp-content\\\/uploads\\\/2025\\\/04\\\/Huerta-y-frutales.jpg\",\"width\":1080,\"height\":1080,\"caption\":\"Huarta y frutales, adob granulat\"},{\"@type\":\"BreadcrumbList\",\"@id\":\"https:\\\/\\\/saiga.es\\\/es\\\/producto\\\/abono-granulado-huerto-y-frutales\\\/#breadcrumb\",\"itemListElement\":[{\"@type\":\"ListItem\",\"position\":1,\"name\":\"Inici\",\"item\":\"https:\\\/\\\/saiga.es\\\/es\\\/\"},{\"@type\":\"ListItem\",\"position\":2,\"name\":\"Tienda\",\"item\":\"https:\\\/\\\/saiga.es\\\/es\\\/tienda\\\/\"},{\"@type\":\"ListItem\",\"position\":3,\"name\":\"Abono granulado huerto y frutales\"}]},{\"@type\":\"WebSite\",\"@id\":\"https:\\\/\\\/saiga.es\\\/es\\\/#website\",\"url\":\"https:\\\/\\\/saiga.es\\\/es\\\/\",\"name\":\"SAIGA\",\"description\":\"M\u00e9s de 50 anys al servei de la terra i treballant per a un \u00fas eficient de l\u2019aigua!\",\"publisher\":{\"@id\":\"https:\\\/\\\/saiga.es\\\/es\\\/#organization\"},\"potentialAction\":[{\"@type\":\"SearchAction\",\"target\":{\"@type\":\"EntryPoint\",\"urlTemplate\":\"https:\\\/\\\/saiga.es\\\/es\\\/?s={search_term_string}\"},\"query-input\":{\"@type\":\"PropertyValueSpecification\",\"valueRequired\":true,\"valueName\":\"search_term_string\"}}],\"inLanguage\":\"es\"},{\"@type\":\"Organization\",\"@id\":\"https:\\\/\\\/saiga.es\\\/es\\\/#organization\",\"name\":\"SAIGA\",\"url\":\"https:\\\/\\\/saiga.es\\\/es\\\/\",\"logo\":{\"@type\":\"ImageObject\",\"inLanguage\":\"es\",\"@id\":\"https:\\\/\\\/saiga.es\\\/es\\\/#\\\/schema\\\/logo\\\/image\\\/\",\"url\":\"https:\\\/\\\/saiga.es\\\/wp-content\\\/uploads\\\/2025\\\/07\\\/logo_saiga_baseline_optimitzat.svg\",\"contentUrl\":\"https:\\\/\\\/saiga.es\\\/wp-content\\\/uploads\\\/2025\\\/07\\\/logo_saiga_baseline_optimitzat.svg\",\"caption\":\"SAIGA\"},\"image\":{\"@id\":\"https:\\\/\\\/saiga.es\\\/es\\\/#\\\/schema\\\/logo\\\/image\\\/\"},\"sameAs\":[\"https:\\\/\\\/x.com\\\/saiga_agro\",\"https:\\\/\\\/www.instagram.com\\\/saiga_agro\\\/\"]}]}<\/script>\n<!-- \/ Yoast SEO plugin. -->","yoast_head_json":{"title":"Abono granulado huerto y frutales | SAIGA","description":"Abono granulado formulado para todo tipo de cultivos de la huerta, frutales, c\u00edtricos, as\u00ed como \u00e1rboles y arbustos ornamentales.","robots":{"index":"index","follow":"follow","max-snippet":"max-snippet:-1","max-image-preview":"max-image-preview:large","max-video-preview":"max-video-preview:-1"},"canonical":"https:\/\/saiga.es\/es\/producto\/abono-granulado-huerto-y-frutales\/","og_locale":"es_ES","og_type":"article","og_title":"Abono granulado huerto y frutales | SAIGA","og_description":"Abono granulado formulado para todo tipo de cultivos de la huerta, frutales, c\u00edtricos, as\u00ed como \u00e1rboles y arbustos ornamentales.","og_url":"https:\/\/saiga.es\/es\/producto\/abono-granulado-huerto-y-frutales\/","og_site_name":"SAIGA","article_modified_time":"2025-10-27T07:54:13+00:00","og_image":[{"width":1080,"height":1080,"url":"https:\/\/saiga.es\/wp-content\/uploads\/2025\/04\/Huerta-y-frutales.jpg","type":"image\/jpeg"}],"twitter_card":"summary_large_image","twitter_site":"@saiga_agro","twitter_misc":{"Tiempo de lectura":"1 minuto"},"schema":{"@context":"https:\/\/schema.org","@graph":[{"@type":"WebPage","@id":"https:\/\/saiga.es\/es\/producto\/abono-granulado-huerto-y-frutales\/","url":"https:\/\/saiga.es\/es\/producto\/abono-granulado-huerto-y-frutales\/","name":"Abono granulado huerto y frutales | SAIGA","isPartOf":{"@id":"https:\/\/saiga.es\/es\/#website"},"primaryImageOfPage":{"@id":"https:\/\/saiga.es\/es\/producto\/abono-granulado-huerto-y-frutales\/#primaryimage"},"image":{"@id":"https:\/\/saiga.es\/es\/producto\/abono-granulado-huerto-y-frutales\/#primaryimage"},"thumbnailUrl":"https:\/\/saiga.es\/wp-content\/uploads\/2025\/04\/Huerta-y-frutales.jpg","datePublished":"2025-04-10T11:18:51+00:00","dateModified":"2025-10-27T07:54:13+00:00","description":"Abono granulado formulado para todo tipo de cultivos de la huerta, frutales, c\u00edtricos, as\u00ed como \u00e1rboles y arbustos ornamentales.","breadcrumb":{"@id":"https:\/\/saiga.es\/es\/producto\/abono-granulado-huerto-y-frutales\/#breadcrumb"},"inLanguage":"es","potentialAction":[{"@type":"ReadAction","target":["https:\/\/saiga.es\/es\/producto\/abono-granulado-huerto-y-frutales\/"]}]},{"@type":"ImageObject","inLanguage":"es","@id":"https:\/\/saiga.es\/es\/producto\/abono-granulado-huerto-y-frutales\/#primaryimage","url":"https:\/\/saiga.es\/wp-content\/uploads\/2025\/04\/Huerta-y-frutales.jpg","contentUrl":"https:\/\/saiga.es\/wp-content\/uploads\/2025\/04\/Huerta-y-frutales.jpg","width":1080,"height":1080,"caption":"Huarta y frutales, adob granulat"},{"@type":"BreadcrumbList","@id":"https:\/\/saiga.es\/es\/producto\/abono-granulado-huerto-y-frutales\/#breadcrumb","itemListElement":[{"@type":"ListItem","position":1,"name":"Inici","item":"https:\/\/saiga.es\/es\/"},{"@type":"ListItem","position":2,"name":"Tienda","item":"https:\/\/saiga.es\/es\/tienda\/"},{"@type":"ListItem","position":3,"name":"Abono granulado huerto y frutales"}]},{"@type":"WebSite","@id":"https:\/\/saiga.es\/es\/#website","url":"https:\/\/saiga.es\/es\/","name":"SAIGA","description":"M\u00e9s de 50 anys al servei de la terra i treballant per a un \u00fas eficient de l\u2019aigua!","publisher":{"@id":"https:\/\/saiga.es\/es\/#organization"},"potentialAction":[{"@type":"SearchAction","target":{"@type":"EntryPoint","urlTemplate":"https:\/\/saiga.es\/es\/?s={search_term_string}"},"query-input":{"@type":"PropertyValueSpecification","valueRequired":true,"valueName":"search_term_string"}}],"inLanguage":"es"},{"@type":"Organization","@id":"https:\/\/saiga.es\/es\/#organization","name":"SAIGA","url":"https:\/\/saiga.es\/es\/","logo":{"@type":"ImageObject","inLanguage":"es","@id":"https:\/\/saiga.es\/es\/#\/schema\/logo\/image\/","url":"https:\/\/saiga.es\/wp-content\/uploads\/2025\/07\/logo_saiga_baseline_optimitzat.svg","contentUrl":"https:\/\/saiga.es\/wp-content\/uploads\/2025\/07\/logo_saiga_baseline_optimitzat.svg","caption":"SAIGA"},"image":{"@id":"https:\/\/saiga.es\/es\/#\/schema\/logo\/image\/"},"sameAs":["https:\/\/x.com\/saiga_agro","https:\/\/www.instagram.com\/saiga_agro\/"]}]}},"_links":{"self":[{"href":"https:\/\/saiga.es\/es\/wp-json\/wp\/v2\/product\/14557","targetHints":{"allow":["GET"]}}],"collection":[{"href":"https:\/\/saiga.es\/es\/wp-json\/wp\/v2\/product"}],"about":[{"href":"https:\/\/saiga.es\/es\/wp-json\/wp\/v2\/types\/product"}],"replies":[{"embeddable":true,"href":"https:\/\/saiga.es\/es\/wp-json\/wp\/v2\/comments?post=14557"}],"wp:featuredmedia":[{"embeddable":true,"href":"https:\/\/saiga.es\/es\/wp-json\/wp\/v2\/media\/14531"}],"wp:attachment":[{"href":"https:\/\/saiga.es\/es\/wp-json\/wp\/v2\/media?parent=14557"}],"wp:term":[{"taxonomy":"product_brand","embeddable":true,"href":"https:\/\/saiga.es\/es\/wp-json\/wp\/v2\/product_brand?post=14557"},{"taxonomy":"product_cat","embeddable":true,"href":"https:\/\/saiga.es\/es\/wp-json\/wp\/v2\/product_cat?post=14557"},{"taxonomy":"product_tag","embeddable":true,"href":"https:\/\/saiga.es\/es\/wp-json\/wp\/v2\/product_tag?post=14557"}],"curies":[{"name":"wp","href":"https:\/\/api.w.org\/{rel}","templated":true}]}}