{"id":14597,"date":"2025-04-15T12:50:51","date_gmt":"2025-04-15T12:50:51","guid":{"rendered":"https:\/\/botiga.saiga.es\/producte\/cola-de-caballo\/"},"modified":"2025-10-27T07:54:14","modified_gmt":"2025-10-27T07:54:14","slug":"cola-de-caballo","status":"publish","type":"product","link":"https:\/\/saiga.es\/es\/producto\/cola-de-caballo\/","title":{"rendered":"Cola de caballo"},"content":{"rendered":"<p>Producto natural elaborado a partir de extracto de Equisetum arvense L. autorizado como Sustancia B\u00e1sica para el control de un amplio abanico de enfermedades f\u00fangicas (oidio, botritis, mildiu, alternar\u00eda entre otros). Posee tambi\u00e9n un efecto estimulador de los mecanismos de defensa de la planta, mejorando la respuesta del cultivo frente al ataque de hongos. Proporciona un mayor engrosamiento de paredes celulares ofreciendo mayor resistencia mec\u00e1nica a la entrada de hongos. Posee adem\u00e1s un efecto secante sobre la superficie del cultivo, evitando excesos de humedad y deshidrata las esporas y micelios del hongo.   <\/p>\n","protected":false},"excerpt":{"rendered":"<p>Producto natural elaborado a partir de extracto de Equisetum arvense L. autorizado como Sustancia B\u00e1sica para el control de un amplio abanico de enfermedades f\u00fangicas (oidio, botritis, mildiu, alternar\u00eda entre otros).<\/p>\n","protected":false},"featured_media":14595,"comment_status":"closed","ping_status":"closed","template":"","meta":[],"product_brand":[2234],"product_cat":[184,1554],"product_tag":[2082,2081,1365],"class_list":{"0":"post-14597","1":"product","2":"type-product","3":"status-publish","4":"has-post-thumbnail","6":"product_brand-seipasa-es","7":"product_cat-fungicidas","8":"product_cat-productos-naturales","9":"product_tag-agricultura-ecologica-es","10":"product_tag-cola-de-caballo","11":"product_tag-ecologico","13":"first","14":"instock","15":"taxable","16":"shipping-taxable","17":"purchasable","18":"product-type-simple"},"yoast_head":"<!-- This site is optimized with the Yoast SEO plugin v27.4 - https:\/\/yoast.com\/product\/yoast-seo-wordpress\/ -->\n<title>Cola de caballo | SAIGA<\/title>\n<meta name=\"description\" content=\"Producto natural elaborado a partir de extracto de Equisetum arvense L. autorizado como Sustancia B\u00e1sica para el control de un amplio abanico de enfermedades f\u00fangicas (oidio, botritis, mildiu, alternar\u00eda entre otros).\" \/>\n<meta name=\"robots\" content=\"index, follow, max-snippet:-1, max-image-preview:large, max-video-preview:-1\" \/>\n<link rel=\"canonical\" href=\"https:\/\/saiga.es\/es\/producto\/cola-de-caballo\/\" \/>\n<meta property=\"og:locale\" content=\"es_ES\" \/>\n<meta property=\"og:type\" content=\"article\" \/>\n<meta property=\"og:title\" content=\"Cola de caballo | SAIGA\" \/>\n<meta property=\"og:description\" content=\"Producto natural elaborado a partir de extracto de Equisetum arvense L. autorizado como Sustancia B\u00e1sica para el control de un amplio abanico de enfermedades f\u00fangicas (oidio, botritis, mildiu, alternar\u00eda entre otros).\" \/>\n<meta property=\"og:url\" content=\"https:\/\/saiga.es\/es\/producto\/cola-de-caballo\/\" \/>\n<meta property=\"og:site_name\" content=\"SAIGA\" \/>\n<meta property=\"article:modified_time\" content=\"2025-10-27T07:54:14+00:00\" \/>\n<meta property=\"og:image\" content=\"https:\/\/saiga.es\/wp-content\/uploads\/2025\/04\/Cua-de-cavall.jpg\" \/>\n\t<meta property=\"og:image:width\" content=\"1080\" \/>\n\t<meta property=\"og:image:height\" content=\"1080\" \/>\n\t<meta property=\"og:image:type\" content=\"image\/jpeg\" \/>\n<meta name=\"twitter:card\" content=\"summary_large_image\" \/>\n<meta name=\"twitter:site\" content=\"@saiga_agro\" \/>\n<script type=\"application\/ld+json\" class=\"yoast-schema-graph\">{\"@context\":\"https:\\\/\\\/schema.org\",\"@graph\":[{\"@type\":\"WebPage\",\"@id\":\"https:\\\/\\\/saiga.es\\\/es\\\/producto\\\/cola-de-caballo\\\/\",\"url\":\"https:\\\/\\\/saiga.es\\\/es\\\/producto\\\/cola-de-caballo\\\/\",\"name\":\"Cola de caballo | SAIGA\",\"isPartOf\":{\"@id\":\"https:\\\/\\\/saiga.es\\\/es\\\/#website\"},\"primaryImageOfPage\":{\"@id\":\"https:\\\/\\\/saiga.es\\\/es\\\/producto\\\/cola-de-caballo\\\/#primaryimage\"},\"image\":{\"@id\":\"https:\\\/\\\/saiga.es\\\/es\\\/producto\\\/cola-de-caballo\\\/#primaryimage\"},\"thumbnailUrl\":\"https:\\\/\\\/saiga.es\\\/wp-content\\\/uploads\\\/2025\\\/04\\\/Cua-de-cavall.jpg\",\"datePublished\":\"2025-04-15T12:50:51+00:00\",\"dateModified\":\"2025-10-27T07:54:14+00:00\",\"description\":\"Producto natural elaborado a partir de extracto de Equisetum arvense L. autorizado como Sustancia B\u00e1sica para el control de un amplio abanico de enfermedades f\u00fangicas (oidio, botritis, mildiu, alternar\u00eda entre otros).\",\"breadcrumb\":{\"@id\":\"https:\\\/\\\/saiga.es\\\/es\\\/producto\\\/cola-de-caballo\\\/#breadcrumb\"},\"inLanguage\":\"es\",\"potentialAction\":[{\"@type\":\"ReadAction\",\"target\":[\"https:\\\/\\\/saiga.es\\\/es\\\/producto\\\/cola-de-caballo\\\/\"]}]},{\"@type\":\"ImageObject\",\"inLanguage\":\"es\",\"@id\":\"https:\\\/\\\/saiga.es\\\/es\\\/producto\\\/cola-de-caballo\\\/#primaryimage\",\"url\":\"https:\\\/\\\/saiga.es\\\/wp-content\\\/uploads\\\/2025\\\/04\\\/Cua-de-cavall.jpg\",\"contentUrl\":\"https:\\\/\\\/saiga.es\\\/wp-content\\\/uploads\\\/2025\\\/04\\\/Cua-de-cavall.jpg\",\"width\":1080,\"height\":1080,\"caption\":\"Cua de cavall\"},{\"@type\":\"BreadcrumbList\",\"@id\":\"https:\\\/\\\/saiga.es\\\/es\\\/producto\\\/cola-de-caballo\\\/#breadcrumb\",\"itemListElement\":[{\"@type\":\"ListItem\",\"position\":1,\"name\":\"Inici\",\"item\":\"https:\\\/\\\/saiga.es\\\/es\\\/\"},{\"@type\":\"ListItem\",\"position\":2,\"name\":\"Tienda\",\"item\":\"https:\\\/\\\/saiga.es\\\/es\\\/tienda\\\/\"},{\"@type\":\"ListItem\",\"position\":3,\"name\":\"Cola de caballo\"}]},{\"@type\":\"WebSite\",\"@id\":\"https:\\\/\\\/saiga.es\\\/es\\\/#website\",\"url\":\"https:\\\/\\\/saiga.es\\\/es\\\/\",\"name\":\"SAIGA\",\"description\":\"M\u00e9s de 50 anys al servei de la terra i treballant per a un \u00fas eficient de l\u2019aigua!\",\"publisher\":{\"@id\":\"https:\\\/\\\/saiga.es\\\/es\\\/#organization\"},\"potentialAction\":[{\"@type\":\"SearchAction\",\"target\":{\"@type\":\"EntryPoint\",\"urlTemplate\":\"https:\\\/\\\/saiga.es\\\/es\\\/?s={search_term_string}\"},\"query-input\":{\"@type\":\"PropertyValueSpecification\",\"valueRequired\":true,\"valueName\":\"search_term_string\"}}],\"inLanguage\":\"es\"},{\"@type\":\"Organization\",\"@id\":\"https:\\\/\\\/saiga.es\\\/es\\\/#organization\",\"name\":\"SAIGA\",\"url\":\"https:\\\/\\\/saiga.es\\\/es\\\/\",\"logo\":{\"@type\":\"ImageObject\",\"inLanguage\":\"es\",\"@id\":\"https:\\\/\\\/saiga.es\\\/es\\\/#\\\/schema\\\/logo\\\/image\\\/\",\"url\":\"https:\\\/\\\/saiga.es\\\/wp-content\\\/uploads\\\/2025\\\/07\\\/logo_saiga_baseline_optimitzat.svg\",\"contentUrl\":\"https:\\\/\\\/saiga.es\\\/wp-content\\\/uploads\\\/2025\\\/07\\\/logo_saiga_baseline_optimitzat.svg\",\"caption\":\"SAIGA\"},\"image\":{\"@id\":\"https:\\\/\\\/saiga.es\\\/es\\\/#\\\/schema\\\/logo\\\/image\\\/\"},\"sameAs\":[\"https:\\\/\\\/x.com\\\/saiga_agro\",\"https:\\\/\\\/www.instagram.com\\\/saiga_agro\\\/\"]}]}<\/script>\n<!-- \/ Yoast SEO plugin. -->","yoast_head_json":{"title":"Cola de caballo | SAIGA","description":"Producto natural elaborado a partir de extracto de Equisetum arvense L. autorizado como Sustancia B\u00e1sica para el control de un amplio abanico de enfermedades f\u00fangicas (oidio, botritis, mildiu, alternar\u00eda entre otros).","robots":{"index":"index","follow":"follow","max-snippet":"max-snippet:-1","max-image-preview":"max-image-preview:large","max-video-preview":"max-video-preview:-1"},"canonical":"https:\/\/saiga.es\/es\/producto\/cola-de-caballo\/","og_locale":"es_ES","og_type":"article","og_title":"Cola de caballo | SAIGA","og_description":"Producto natural elaborado a partir de extracto de Equisetum arvense L. autorizado como Sustancia B\u00e1sica para el control de un amplio abanico de enfermedades f\u00fangicas (oidio, botritis, mildiu, alternar\u00eda entre otros).","og_url":"https:\/\/saiga.es\/es\/producto\/cola-de-caballo\/","og_site_name":"SAIGA","article_modified_time":"2025-10-27T07:54:14+00:00","og_image":[{"width":1080,"height":1080,"url":"https:\/\/saiga.es\/wp-content\/uploads\/2025\/04\/Cua-de-cavall.jpg","type":"image\/jpeg"}],"twitter_card":"summary_large_image","twitter_site":"@saiga_agro","schema":{"@context":"https:\/\/schema.org","@graph":[{"@type":"WebPage","@id":"https:\/\/saiga.es\/es\/producto\/cola-de-caballo\/","url":"https:\/\/saiga.es\/es\/producto\/cola-de-caballo\/","name":"Cola de caballo | SAIGA","isPartOf":{"@id":"https:\/\/saiga.es\/es\/#website"},"primaryImageOfPage":{"@id":"https:\/\/saiga.es\/es\/producto\/cola-de-caballo\/#primaryimage"},"image":{"@id":"https:\/\/saiga.es\/es\/producto\/cola-de-caballo\/#primaryimage"},"thumbnailUrl":"https:\/\/saiga.es\/wp-content\/uploads\/2025\/04\/Cua-de-cavall.jpg","datePublished":"2025-04-15T12:50:51+00:00","dateModified":"2025-10-27T07:54:14+00:00","description":"Producto natural elaborado a partir de extracto de Equisetum arvense L. autorizado como Sustancia B\u00e1sica para el control de un amplio abanico de enfermedades f\u00fangicas (oidio, botritis, mildiu, alternar\u00eda entre otros).","breadcrumb":{"@id":"https:\/\/saiga.es\/es\/producto\/cola-de-caballo\/#breadcrumb"},"inLanguage":"es","potentialAction":[{"@type":"ReadAction","target":["https:\/\/saiga.es\/es\/producto\/cola-de-caballo\/"]}]},{"@type":"ImageObject","inLanguage":"es","@id":"https:\/\/saiga.es\/es\/producto\/cola-de-caballo\/#primaryimage","url":"https:\/\/saiga.es\/wp-content\/uploads\/2025\/04\/Cua-de-cavall.jpg","contentUrl":"https:\/\/saiga.es\/wp-content\/uploads\/2025\/04\/Cua-de-cavall.jpg","width":1080,"height":1080,"caption":"Cua de cavall"},{"@type":"BreadcrumbList","@id":"https:\/\/saiga.es\/es\/producto\/cola-de-caballo\/#breadcrumb","itemListElement":[{"@type":"ListItem","position":1,"name":"Inici","item":"https:\/\/saiga.es\/es\/"},{"@type":"ListItem","position":2,"name":"Tienda","item":"https:\/\/saiga.es\/es\/tienda\/"},{"@type":"ListItem","position":3,"name":"Cola de caballo"}]},{"@type":"WebSite","@id":"https:\/\/saiga.es\/es\/#website","url":"https:\/\/saiga.es\/es\/","name":"SAIGA","description":"M\u00e9s de 50 anys al servei de la terra i treballant per a un \u00fas eficient de l\u2019aigua!","publisher":{"@id":"https:\/\/saiga.es\/es\/#organization"},"potentialAction":[{"@type":"SearchAction","target":{"@type":"EntryPoint","urlTemplate":"https:\/\/saiga.es\/es\/?s={search_term_string}"},"query-input":{"@type":"PropertyValueSpecification","valueRequired":true,"valueName":"search_term_string"}}],"inLanguage":"es"},{"@type":"Organization","@id":"https:\/\/saiga.es\/es\/#organization","name":"SAIGA","url":"https:\/\/saiga.es\/es\/","logo":{"@type":"ImageObject","inLanguage":"es","@id":"https:\/\/saiga.es\/es\/#\/schema\/logo\/image\/","url":"https:\/\/saiga.es\/wp-content\/uploads\/2025\/07\/logo_saiga_baseline_optimitzat.svg","contentUrl":"https:\/\/saiga.es\/wp-content\/uploads\/2025\/07\/logo_saiga_baseline_optimitzat.svg","caption":"SAIGA"},"image":{"@id":"https:\/\/saiga.es\/es\/#\/schema\/logo\/image\/"},"sameAs":["https:\/\/x.com\/saiga_agro","https:\/\/www.instagram.com\/saiga_agro\/"]}]}},"_links":{"self":[{"href":"https:\/\/saiga.es\/es\/wp-json\/wp\/v2\/product\/14597","targetHints":{"allow":["GET"]}}],"collection":[{"href":"https:\/\/saiga.es\/es\/wp-json\/wp\/v2\/product"}],"about":[{"href":"https:\/\/saiga.es\/es\/wp-json\/wp\/v2\/types\/product"}],"replies":[{"embeddable":true,"href":"https:\/\/saiga.es\/es\/wp-json\/wp\/v2\/comments?post=14597"}],"wp:featuredmedia":[{"embeddable":true,"href":"https:\/\/saiga.es\/es\/wp-json\/wp\/v2\/media\/14595"}],"wp:attachment":[{"href":"https:\/\/saiga.es\/es\/wp-json\/wp\/v2\/media?parent=14597"}],"wp:term":[{"taxonomy":"product_brand","embeddable":true,"href":"https:\/\/saiga.es\/es\/wp-json\/wp\/v2\/product_brand?post=14597"},{"taxonomy":"product_cat","embeddable":true,"href":"https:\/\/saiga.es\/es\/wp-json\/wp\/v2\/product_cat?post=14597"},{"taxonomy":"product_tag","embeddable":true,"href":"https:\/\/saiga.es\/es\/wp-json\/wp\/v2\/product_tag?post=14597"}],"curies":[{"name":"wp","href":"https:\/\/api.w.org\/{rel}","templated":true}]}}