{"id":14627,"date":"2025-04-17T13:38:15","date_gmt":"2025-04-17T13:38:15","guid":{"rendered":"https:\/\/botiga.saiga.es\/producte\/gallinero-modelo-amsterdam\/"},"modified":"2025-12-10T12:46:56","modified_gmt":"2025-12-10T12:46:56","slug":"gallinero-modelo-amsterdam","status":"publish","type":"product","link":"https:\/\/saiga.es\/es\/producto\/gallinero-modelo-amsterdam\/","title":{"rendered":"Gallinero modelo \u00c1msterdam"},"content":{"rendered":"<p>El gallinero modelo \u00c1msterdam es una opci\u00f3n popular por su excelente relaci\u00f3n calidad-precio, ideal para los que se inician en el cuidado de gallinas y quieren disfrutar de huevos frescos todos los d\u00edas.<\/p>\n<p>Fabricado en madera de abeto tratada y metal galvanizado, esta casita combina resistencia y est\u00e9tica, con un acabado de madera natural que se adapta a cualquier entorno. Su dise\u00f1o incluye un techo a dos aguas cubierto con tela asf\u00e1ltica para garantizar impermeabilidad y protecci\u00f3n frente a la intemperie. <\/p>\n<p>Cuenta con dos perchas para que las gallinas descansen c\u00f3modamente, ofreciendo un espacio seguro y acogedor. La Caseta Aus modelo \u00c1msterdam es una soluci\u00f3n pr\u00e1ctica y atractiva para peque\u00f1os criadores y entusiastas del cuidado av\u00edcola. <\/p>\n","protected":false},"excerpt":{"rendered":"<p>El gallinero modelo \u00c1msterdam es una opci\u00f3n popular por su excelente relaci\u00f3n calidad-precio, ideal para los que se inician en el cuidado de gallinas y quieren disfrutar de huevos frescos todos los d\u00edas.<\/p>\n","protected":false},"featured_media":14625,"comment_status":"closed","ping_status":"closed","template":"","meta":[],"product_brand":[1909],"product_cat":[1812],"product_tag":[2095,1938],"class_list":{"0":"post-14627","1":"product","2":"type-product","3":"status-publish","4":"has-post-thumbnail","6":"product_brand-gaun","7":"product_cat-gallineros","8":"product_tag-casita-gallinas","9":"product_tag-gallineros","11":"first","12":"instock","13":"taxable","14":"shipping-taxable","15":"purchasable","16":"product-type-simple"},"yoast_head":"<!-- This site is optimized with the Yoast SEO plugin v27.4 - https:\/\/yoast.com\/product\/yoast-seo-wordpress\/ -->\n<title>Gallinero modelo \u00c1msterdam | SAIGA<\/title>\n<meta name=\"description\" content=\"El gallinero modelo \u00c1msterdam es una opci\u00f3n popular por su excelente relaci\u00f3n calidad-precio, ideal para los que se inician en el cuidado de gallinas y quieren disfrutar de huevos frescos todos los d\u00edas.\" \/>\n<meta name=\"robots\" content=\"index, follow, max-snippet:-1, max-image-preview:large, max-video-preview:-1\" \/>\n<link rel=\"canonical\" href=\"https:\/\/saiga.es\/es\/producto\/gallinero-modelo-amsterdam\/\" \/>\n<meta property=\"og:locale\" content=\"es_ES\" \/>\n<meta property=\"og:type\" content=\"article\" \/>\n<meta property=\"og:title\" content=\"Gallinero modelo \u00c1msterdam | SAIGA\" \/>\n<meta property=\"og:description\" content=\"El gallinero modelo \u00c1msterdam es una opci\u00f3n popular por su excelente relaci\u00f3n calidad-precio, ideal para los que se inician en el cuidado de gallinas y quieren disfrutar de huevos frescos todos los d\u00edas.\" \/>\n<meta property=\"og:url\" content=\"https:\/\/saiga.es\/es\/producto\/gallinero-modelo-amsterdam\/\" \/>\n<meta property=\"og:site_name\" content=\"SAIGA\" \/>\n<meta property=\"article:modified_time\" content=\"2025-12-10T12:46:56+00:00\" \/>\n<meta property=\"og:image\" content=\"https:\/\/saiga.es\/wp-content\/uploads\/2025\/04\/Galliner-Amsterdam-1.jpg\" \/>\n\t<meta property=\"og:image:width\" content=\"1080\" \/>\n\t<meta property=\"og:image:height\" content=\"1080\" \/>\n\t<meta property=\"og:image:type\" content=\"image\/jpeg\" \/>\n<meta name=\"twitter:card\" content=\"summary_large_image\" \/>\n<meta name=\"twitter:site\" content=\"@saiga_agro\" \/>\n<meta name=\"twitter:label1\" content=\"Tiempo de lectura\" \/>\n\t<meta name=\"twitter:data1\" content=\"1 minuto\" \/>\n<script type=\"application\/ld+json\" class=\"yoast-schema-graph\">{\"@context\":\"https:\\\/\\\/schema.org\",\"@graph\":[{\"@type\":\"WebPage\",\"@id\":\"https:\\\/\\\/saiga.es\\\/es\\\/producto\\\/gallinero-modelo-amsterdam\\\/\",\"url\":\"https:\\\/\\\/saiga.es\\\/es\\\/producto\\\/gallinero-modelo-amsterdam\\\/\",\"name\":\"Gallinero modelo \u00c1msterdam | SAIGA\",\"isPartOf\":{\"@id\":\"https:\\\/\\\/saiga.es\\\/es\\\/#website\"},\"primaryImageOfPage\":{\"@id\":\"https:\\\/\\\/saiga.es\\\/es\\\/producto\\\/gallinero-modelo-amsterdam\\\/#primaryimage\"},\"image\":{\"@id\":\"https:\\\/\\\/saiga.es\\\/es\\\/producto\\\/gallinero-modelo-amsterdam\\\/#primaryimage\"},\"thumbnailUrl\":\"https:\\\/\\\/saiga.es\\\/wp-content\\\/uploads\\\/2025\\\/04\\\/Galliner-Amsterdam-1.jpg\",\"datePublished\":\"2025-04-17T13:38:15+00:00\",\"dateModified\":\"2025-12-10T12:46:56+00:00\",\"description\":\"El gallinero modelo \u00c1msterdam es una opci\u00f3n popular por su excelente relaci\u00f3n calidad-precio, ideal para los que se inician en el cuidado de gallinas y quieren disfrutar de huevos frescos todos los d\u00edas.\",\"breadcrumb\":{\"@id\":\"https:\\\/\\\/saiga.es\\\/es\\\/producto\\\/gallinero-modelo-amsterdam\\\/#breadcrumb\"},\"inLanguage\":\"es\",\"potentialAction\":[{\"@type\":\"ReadAction\",\"target\":[\"https:\\\/\\\/saiga.es\\\/es\\\/producto\\\/gallinero-modelo-amsterdam\\\/\"]}]},{\"@type\":\"ImageObject\",\"inLanguage\":\"es\",\"@id\":\"https:\\\/\\\/saiga.es\\\/es\\\/producto\\\/gallinero-modelo-amsterdam\\\/#primaryimage\",\"url\":\"https:\\\/\\\/saiga.es\\\/wp-content\\\/uploads\\\/2025\\\/04\\\/Galliner-Amsterdam-1.jpg\",\"contentUrl\":\"https:\\\/\\\/saiga.es\\\/wp-content\\\/uploads\\\/2025\\\/04\\\/Galliner-Amsterdam-1.jpg\",\"width\":1080,\"height\":1080,\"caption\":\"Gallinero \u00c1msterdam\"},{\"@type\":\"BreadcrumbList\",\"@id\":\"https:\\\/\\\/saiga.es\\\/es\\\/producto\\\/gallinero-modelo-amsterdam\\\/#breadcrumb\",\"itemListElement\":[{\"@type\":\"ListItem\",\"position\":1,\"name\":\"Inici\",\"item\":\"https:\\\/\\\/saiga.es\\\/es\\\/\"},{\"@type\":\"ListItem\",\"position\":2,\"name\":\"Tienda\",\"item\":\"https:\\\/\\\/saiga.es\\\/es\\\/tienda\\\/\"},{\"@type\":\"ListItem\",\"position\":3,\"name\":\"Gallinero modelo \u00c1msterdam\"}]},{\"@type\":\"WebSite\",\"@id\":\"https:\\\/\\\/saiga.es\\\/es\\\/#website\",\"url\":\"https:\\\/\\\/saiga.es\\\/es\\\/\",\"name\":\"SAIGA\",\"description\":\"M\u00e9s de 50 anys al servei de la terra i treballant per a un \u00fas eficient de l\u2019aigua!\",\"publisher\":{\"@id\":\"https:\\\/\\\/saiga.es\\\/es\\\/#organization\"},\"potentialAction\":[{\"@type\":\"SearchAction\",\"target\":{\"@type\":\"EntryPoint\",\"urlTemplate\":\"https:\\\/\\\/saiga.es\\\/es\\\/?s={search_term_string}\"},\"query-input\":{\"@type\":\"PropertyValueSpecification\",\"valueRequired\":true,\"valueName\":\"search_term_string\"}}],\"inLanguage\":\"es\"},{\"@type\":\"Organization\",\"@id\":\"https:\\\/\\\/saiga.es\\\/es\\\/#organization\",\"name\":\"SAIGA\",\"url\":\"https:\\\/\\\/saiga.es\\\/es\\\/\",\"logo\":{\"@type\":\"ImageObject\",\"inLanguage\":\"es\",\"@id\":\"https:\\\/\\\/saiga.es\\\/es\\\/#\\\/schema\\\/logo\\\/image\\\/\",\"url\":\"https:\\\/\\\/saiga.es\\\/wp-content\\\/uploads\\\/2025\\\/07\\\/logo_saiga_baseline_optimitzat.svg\",\"contentUrl\":\"https:\\\/\\\/saiga.es\\\/wp-content\\\/uploads\\\/2025\\\/07\\\/logo_saiga_baseline_optimitzat.svg\",\"caption\":\"SAIGA\"},\"image\":{\"@id\":\"https:\\\/\\\/saiga.es\\\/es\\\/#\\\/schema\\\/logo\\\/image\\\/\"},\"sameAs\":[\"https:\\\/\\\/x.com\\\/saiga_agro\",\"https:\\\/\\\/www.instagram.com\\\/saiga_agro\\\/\"]}]}<\/script>\n<!-- \/ Yoast SEO plugin. -->","yoast_head_json":{"title":"Gallinero modelo \u00c1msterdam | SAIGA","description":"El gallinero modelo \u00c1msterdam es una opci\u00f3n popular por su excelente relaci\u00f3n calidad-precio, ideal para los que se inician en el cuidado de gallinas y quieren disfrutar de huevos frescos todos los d\u00edas.","robots":{"index":"index","follow":"follow","max-snippet":"max-snippet:-1","max-image-preview":"max-image-preview:large","max-video-preview":"max-video-preview:-1"},"canonical":"https:\/\/saiga.es\/es\/producto\/gallinero-modelo-amsterdam\/","og_locale":"es_ES","og_type":"article","og_title":"Gallinero modelo \u00c1msterdam | SAIGA","og_description":"El gallinero modelo \u00c1msterdam es una opci\u00f3n popular por su excelente relaci\u00f3n calidad-precio, ideal para los que se inician en el cuidado de gallinas y quieren disfrutar de huevos frescos todos los d\u00edas.","og_url":"https:\/\/saiga.es\/es\/producto\/gallinero-modelo-amsterdam\/","og_site_name":"SAIGA","article_modified_time":"2025-12-10T12:46:56+00:00","og_image":[{"width":1080,"height":1080,"url":"https:\/\/saiga.es\/wp-content\/uploads\/2025\/04\/Galliner-Amsterdam-1.jpg","type":"image\/jpeg"}],"twitter_card":"summary_large_image","twitter_site":"@saiga_agro","twitter_misc":{"Tiempo de lectura":"1 minuto"},"schema":{"@context":"https:\/\/schema.org","@graph":[{"@type":"WebPage","@id":"https:\/\/saiga.es\/es\/producto\/gallinero-modelo-amsterdam\/","url":"https:\/\/saiga.es\/es\/producto\/gallinero-modelo-amsterdam\/","name":"Gallinero modelo \u00c1msterdam | SAIGA","isPartOf":{"@id":"https:\/\/saiga.es\/es\/#website"},"primaryImageOfPage":{"@id":"https:\/\/saiga.es\/es\/producto\/gallinero-modelo-amsterdam\/#primaryimage"},"image":{"@id":"https:\/\/saiga.es\/es\/producto\/gallinero-modelo-amsterdam\/#primaryimage"},"thumbnailUrl":"https:\/\/saiga.es\/wp-content\/uploads\/2025\/04\/Galliner-Amsterdam-1.jpg","datePublished":"2025-04-17T13:38:15+00:00","dateModified":"2025-12-10T12:46:56+00:00","description":"El gallinero modelo \u00c1msterdam es una opci\u00f3n popular por su excelente relaci\u00f3n calidad-precio, ideal para los que se inician en el cuidado de gallinas y quieren disfrutar de huevos frescos todos los d\u00edas.","breadcrumb":{"@id":"https:\/\/saiga.es\/es\/producto\/gallinero-modelo-amsterdam\/#breadcrumb"},"inLanguage":"es","potentialAction":[{"@type":"ReadAction","target":["https:\/\/saiga.es\/es\/producto\/gallinero-modelo-amsterdam\/"]}]},{"@type":"ImageObject","inLanguage":"es","@id":"https:\/\/saiga.es\/es\/producto\/gallinero-modelo-amsterdam\/#primaryimage","url":"https:\/\/saiga.es\/wp-content\/uploads\/2025\/04\/Galliner-Amsterdam-1.jpg","contentUrl":"https:\/\/saiga.es\/wp-content\/uploads\/2025\/04\/Galliner-Amsterdam-1.jpg","width":1080,"height":1080,"caption":"Gallinero \u00c1msterdam"},{"@type":"BreadcrumbList","@id":"https:\/\/saiga.es\/es\/producto\/gallinero-modelo-amsterdam\/#breadcrumb","itemListElement":[{"@type":"ListItem","position":1,"name":"Inici","item":"https:\/\/saiga.es\/es\/"},{"@type":"ListItem","position":2,"name":"Tienda","item":"https:\/\/saiga.es\/es\/tienda\/"},{"@type":"ListItem","position":3,"name":"Gallinero modelo \u00c1msterdam"}]},{"@type":"WebSite","@id":"https:\/\/saiga.es\/es\/#website","url":"https:\/\/saiga.es\/es\/","name":"SAIGA","description":"M\u00e9s de 50 anys al servei de la terra i treballant per a un \u00fas eficient de l\u2019aigua!","publisher":{"@id":"https:\/\/saiga.es\/es\/#organization"},"potentialAction":[{"@type":"SearchAction","target":{"@type":"EntryPoint","urlTemplate":"https:\/\/saiga.es\/es\/?s={search_term_string}"},"query-input":{"@type":"PropertyValueSpecification","valueRequired":true,"valueName":"search_term_string"}}],"inLanguage":"es"},{"@type":"Organization","@id":"https:\/\/saiga.es\/es\/#organization","name":"SAIGA","url":"https:\/\/saiga.es\/es\/","logo":{"@type":"ImageObject","inLanguage":"es","@id":"https:\/\/saiga.es\/es\/#\/schema\/logo\/image\/","url":"https:\/\/saiga.es\/wp-content\/uploads\/2025\/07\/logo_saiga_baseline_optimitzat.svg","contentUrl":"https:\/\/saiga.es\/wp-content\/uploads\/2025\/07\/logo_saiga_baseline_optimitzat.svg","caption":"SAIGA"},"image":{"@id":"https:\/\/saiga.es\/es\/#\/schema\/logo\/image\/"},"sameAs":["https:\/\/x.com\/saiga_agro","https:\/\/www.instagram.com\/saiga_agro\/"]}]}},"_links":{"self":[{"href":"https:\/\/saiga.es\/es\/wp-json\/wp\/v2\/product\/14627","targetHints":{"allow":["GET"]}}],"collection":[{"href":"https:\/\/saiga.es\/es\/wp-json\/wp\/v2\/product"}],"about":[{"href":"https:\/\/saiga.es\/es\/wp-json\/wp\/v2\/types\/product"}],"replies":[{"embeddable":true,"href":"https:\/\/saiga.es\/es\/wp-json\/wp\/v2\/comments?post=14627"}],"wp:featuredmedia":[{"embeddable":true,"href":"https:\/\/saiga.es\/es\/wp-json\/wp\/v2\/media\/14625"}],"wp:attachment":[{"href":"https:\/\/saiga.es\/es\/wp-json\/wp\/v2\/media?parent=14627"}],"wp:term":[{"taxonomy":"product_brand","embeddable":true,"href":"https:\/\/saiga.es\/es\/wp-json\/wp\/v2\/product_brand?post=14627"},{"taxonomy":"product_cat","embeddable":true,"href":"https:\/\/saiga.es\/es\/wp-json\/wp\/v2\/product_cat?post=14627"},{"taxonomy":"product_tag","embeddable":true,"href":"https:\/\/saiga.es\/es\/wp-json\/wp\/v2\/product_tag?post=14627"}],"curies":[{"name":"wp","href":"https:\/\/api.w.org\/{rel}","templated":true}]}}