{"id":14664,"date":"2025-04-30T13:07:28","date_gmt":"2025-04-30T13:07:28","guid":{"rendered":"https:\/\/botiga.saiga.es\/producte\/zas-barrera-olfativa-contra-roedores\/"},"modified":"2025-12-11T09:27:36","modified_gmt":"2025-12-11T09:27:36","slug":"zas-barrera-olfativa-contra-roedores","status":"publish","type":"product","link":"https:\/\/saiga.es\/es\/producto\/zas-barrera-olfativa-contra-roedores\/","title":{"rendered":"Zas! Barrera olfativa contra roedores"},"content":{"rendered":"<p>ZAS! Barrera olfativa para roedores. Los mantiene alejados de cables el\u00e9ctricos, motores, tuber\u00edas, piezas de pl\u00e1stico\u2026 Previene de forma natural la presencia de ratones en garajes, talleres, s\u00f3tanos, f\u00e1bricas, invernaderos, granjas, bodegas, jardines, etc. Producto fabricado con una mezcla de sustancias con olor desagradable para los ratones, que se alejan de la zona tratada.<br \/>\nGracias a la v\u00e1lvula especial de filtro se puede llegar a puntos de dif\u00edcil acceso.<\/p>\n","protected":false},"excerpt":{"rendered":"<p>ZAS! Barrera olfativa para roedores. Los mantiene alejados de cables el\u00e9ctricos, motores, tuber\u00edas, piezas de pl\u00e1stico, etc.  <\/p>\n","protected":false},"featured_media":14662,"comment_status":"closed","ping_status":"closed","template":"","meta":[],"product_brand":[2238],"product_cat":[157],"product_tag":[2107,2108,2109],"class_list":{"0":"post-14664","1":"product","2":"type-product","3":"status-publish","4":"has-post-thumbnail","6":"product_brand-impex-es","7":"product_cat-biocidas","8":"product_tag-ratas","9":"product_tag-ratones","10":"product_tag-roedores","12":"first","13":"instock","14":"taxable","15":"shipping-taxable","16":"purchasable","17":"product-type-simple"},"yoast_head":"<!-- This site is optimized with the Yoast SEO plugin v27.4 - https:\/\/yoast.com\/product\/yoast-seo-wordpress\/ -->\n<title>Zas! Barrera olfativa contra roedores | SAIGA<\/title>\n<meta name=\"description\" content=\"ZAS! Barrera olfativa para roedores. Los mantiene alejados de cables el\u00e9ctricos, motores, tuber\u00edas, piezas de pl\u00e1stico, etc.\" \/>\n<meta name=\"robots\" content=\"index, follow, max-snippet:-1, max-image-preview:large, max-video-preview:-1\" \/>\n<link rel=\"canonical\" href=\"https:\/\/saiga.es\/es\/producto\/zas-barrera-olfativa-contra-roedores\/\" \/>\n<meta property=\"og:locale\" content=\"es_ES\" \/>\n<meta property=\"og:type\" content=\"article\" \/>\n<meta property=\"og:title\" content=\"Zas! Barrera olfativa contra roedores | SAIGA\" \/>\n<meta property=\"og:description\" content=\"ZAS! Barrera olfativa para roedores. Los mantiene alejados de cables el\u00e9ctricos, motores, tuber\u00edas, piezas de pl\u00e1stico, etc.\" \/>\n<meta property=\"og:url\" content=\"https:\/\/saiga.es\/es\/producto\/zas-barrera-olfativa-contra-roedores\/\" \/>\n<meta property=\"og:site_name\" content=\"SAIGA\" \/>\n<meta property=\"article:modified_time\" content=\"2025-12-11T09:27:36+00:00\" \/>\n<meta property=\"og:image\" content=\"https:\/\/saiga.es\/wp-content\/uploads\/2025\/04\/Zas-barrera-olfactiva.jpg\" \/>\n\t<meta property=\"og:image:width\" content=\"1080\" \/>\n\t<meta property=\"og:image:height\" content=\"1080\" \/>\n\t<meta property=\"og:image:type\" content=\"image\/jpeg\" \/>\n<meta name=\"twitter:card\" content=\"summary_large_image\" \/>\n<meta name=\"twitter:site\" content=\"@saiga_agro\" \/>\n<script type=\"application\/ld+json\" class=\"yoast-schema-graph\">{\"@context\":\"https:\\\/\\\/schema.org\",\"@graph\":[{\"@type\":\"WebPage\",\"@id\":\"https:\\\/\\\/saiga.es\\\/es\\\/producto\\\/zas-barrera-olfativa-contra-roedores\\\/\",\"url\":\"https:\\\/\\\/saiga.es\\\/es\\\/producto\\\/zas-barrera-olfativa-contra-roedores\\\/\",\"name\":\"Zas! Barrera olfativa contra roedores | SAIGA\",\"isPartOf\":{\"@id\":\"https:\\\/\\\/saiga.es\\\/es\\\/#website\"},\"primaryImageOfPage\":{\"@id\":\"https:\\\/\\\/saiga.es\\\/es\\\/producto\\\/zas-barrera-olfativa-contra-roedores\\\/#primaryimage\"},\"image\":{\"@id\":\"https:\\\/\\\/saiga.es\\\/es\\\/producto\\\/zas-barrera-olfativa-contra-roedores\\\/#primaryimage\"},\"thumbnailUrl\":\"https:\\\/\\\/saiga.es\\\/wp-content\\\/uploads\\\/2025\\\/04\\\/Zas-barrera-olfactiva.jpg\",\"datePublished\":\"2025-04-30T13:07:28+00:00\",\"dateModified\":\"2025-12-11T09:27:36+00:00\",\"description\":\"ZAS! Barrera olfativa para roedores. Los mantiene alejados de cables el\u00e9ctricos, motores, tuber\u00edas, piezas de pl\u00e1stico, etc.\",\"breadcrumb\":{\"@id\":\"https:\\\/\\\/saiga.es\\\/es\\\/producto\\\/zas-barrera-olfativa-contra-roedores\\\/#breadcrumb\"},\"inLanguage\":\"es\",\"potentialAction\":[{\"@type\":\"ReadAction\",\"target\":[\"https:\\\/\\\/saiga.es\\\/es\\\/producto\\\/zas-barrera-olfativa-contra-roedores\\\/\"]}]},{\"@type\":\"ImageObject\",\"inLanguage\":\"es\",\"@id\":\"https:\\\/\\\/saiga.es\\\/es\\\/producto\\\/zas-barrera-olfativa-contra-roedores\\\/#primaryimage\",\"url\":\"https:\\\/\\\/saiga.es\\\/wp-content\\\/uploads\\\/2025\\\/04\\\/Zas-barrera-olfactiva.jpg\",\"contentUrl\":\"https:\\\/\\\/saiga.es\\\/wp-content\\\/uploads\\\/2025\\\/04\\\/Zas-barrera-olfactiva.jpg\",\"width\":1080,\"height\":1080,\"caption\":\"Zas barrera olfativa ahuyentador roedores\"},{\"@type\":\"BreadcrumbList\",\"@id\":\"https:\\\/\\\/saiga.es\\\/es\\\/producto\\\/zas-barrera-olfativa-contra-roedores\\\/#breadcrumb\",\"itemListElement\":[{\"@type\":\"ListItem\",\"position\":1,\"name\":\"Inici\",\"item\":\"https:\\\/\\\/saiga.es\\\/es\\\/\"},{\"@type\":\"ListItem\",\"position\":2,\"name\":\"Tienda\",\"item\":\"https:\\\/\\\/saiga.es\\\/es\\\/tienda\\\/\"},{\"@type\":\"ListItem\",\"position\":3,\"name\":\"Zas! Barrera olfativa contra roedores\"}]},{\"@type\":\"WebSite\",\"@id\":\"https:\\\/\\\/saiga.es\\\/es\\\/#website\",\"url\":\"https:\\\/\\\/saiga.es\\\/es\\\/\",\"name\":\"SAIGA\",\"description\":\"M\u00e9s de 50 anys al servei de la terra i treballant per a un \u00fas eficient de l\u2019aigua!\",\"publisher\":{\"@id\":\"https:\\\/\\\/saiga.es\\\/es\\\/#organization\"},\"potentialAction\":[{\"@type\":\"SearchAction\",\"target\":{\"@type\":\"EntryPoint\",\"urlTemplate\":\"https:\\\/\\\/saiga.es\\\/es\\\/?s={search_term_string}\"},\"query-input\":{\"@type\":\"PropertyValueSpecification\",\"valueRequired\":true,\"valueName\":\"search_term_string\"}}],\"inLanguage\":\"es\"},{\"@type\":\"Organization\",\"@id\":\"https:\\\/\\\/saiga.es\\\/es\\\/#organization\",\"name\":\"SAIGA\",\"url\":\"https:\\\/\\\/saiga.es\\\/es\\\/\",\"logo\":{\"@type\":\"ImageObject\",\"inLanguage\":\"es\",\"@id\":\"https:\\\/\\\/saiga.es\\\/es\\\/#\\\/schema\\\/logo\\\/image\\\/\",\"url\":\"https:\\\/\\\/saiga.es\\\/wp-content\\\/uploads\\\/2025\\\/07\\\/logo_saiga_baseline_optimitzat.svg\",\"contentUrl\":\"https:\\\/\\\/saiga.es\\\/wp-content\\\/uploads\\\/2025\\\/07\\\/logo_saiga_baseline_optimitzat.svg\",\"caption\":\"SAIGA\"},\"image\":{\"@id\":\"https:\\\/\\\/saiga.es\\\/es\\\/#\\\/schema\\\/logo\\\/image\\\/\"},\"sameAs\":[\"https:\\\/\\\/x.com\\\/saiga_agro\",\"https:\\\/\\\/www.instagram.com\\\/saiga_agro\\\/\"]}]}<\/script>\n<!-- \/ Yoast SEO plugin. -->","yoast_head_json":{"title":"Zas! Barrera olfativa contra roedores | SAIGA","description":"ZAS! Barrera olfativa para roedores. Los mantiene alejados de cables el\u00e9ctricos, motores, tuber\u00edas, piezas de pl\u00e1stico, etc.","robots":{"index":"index","follow":"follow","max-snippet":"max-snippet:-1","max-image-preview":"max-image-preview:large","max-video-preview":"max-video-preview:-1"},"canonical":"https:\/\/saiga.es\/es\/producto\/zas-barrera-olfativa-contra-roedores\/","og_locale":"es_ES","og_type":"article","og_title":"Zas! Barrera olfativa contra roedores | SAIGA","og_description":"ZAS! Barrera olfativa para roedores. Los mantiene alejados de cables el\u00e9ctricos, motores, tuber\u00edas, piezas de pl\u00e1stico, etc.","og_url":"https:\/\/saiga.es\/es\/producto\/zas-barrera-olfativa-contra-roedores\/","og_site_name":"SAIGA","article_modified_time":"2025-12-11T09:27:36+00:00","og_image":[{"width":1080,"height":1080,"url":"https:\/\/saiga.es\/wp-content\/uploads\/2025\/04\/Zas-barrera-olfactiva.jpg","type":"image\/jpeg"}],"twitter_card":"summary_large_image","twitter_site":"@saiga_agro","schema":{"@context":"https:\/\/schema.org","@graph":[{"@type":"WebPage","@id":"https:\/\/saiga.es\/es\/producto\/zas-barrera-olfativa-contra-roedores\/","url":"https:\/\/saiga.es\/es\/producto\/zas-barrera-olfativa-contra-roedores\/","name":"Zas! Barrera olfativa contra roedores | SAIGA","isPartOf":{"@id":"https:\/\/saiga.es\/es\/#website"},"primaryImageOfPage":{"@id":"https:\/\/saiga.es\/es\/producto\/zas-barrera-olfativa-contra-roedores\/#primaryimage"},"image":{"@id":"https:\/\/saiga.es\/es\/producto\/zas-barrera-olfativa-contra-roedores\/#primaryimage"},"thumbnailUrl":"https:\/\/saiga.es\/wp-content\/uploads\/2025\/04\/Zas-barrera-olfactiva.jpg","datePublished":"2025-04-30T13:07:28+00:00","dateModified":"2025-12-11T09:27:36+00:00","description":"ZAS! Barrera olfativa para roedores. Los mantiene alejados de cables el\u00e9ctricos, motores, tuber\u00edas, piezas de pl\u00e1stico, etc.","breadcrumb":{"@id":"https:\/\/saiga.es\/es\/producto\/zas-barrera-olfativa-contra-roedores\/#breadcrumb"},"inLanguage":"es","potentialAction":[{"@type":"ReadAction","target":["https:\/\/saiga.es\/es\/producto\/zas-barrera-olfativa-contra-roedores\/"]}]},{"@type":"ImageObject","inLanguage":"es","@id":"https:\/\/saiga.es\/es\/producto\/zas-barrera-olfativa-contra-roedores\/#primaryimage","url":"https:\/\/saiga.es\/wp-content\/uploads\/2025\/04\/Zas-barrera-olfactiva.jpg","contentUrl":"https:\/\/saiga.es\/wp-content\/uploads\/2025\/04\/Zas-barrera-olfactiva.jpg","width":1080,"height":1080,"caption":"Zas barrera olfativa ahuyentador roedores"},{"@type":"BreadcrumbList","@id":"https:\/\/saiga.es\/es\/producto\/zas-barrera-olfativa-contra-roedores\/#breadcrumb","itemListElement":[{"@type":"ListItem","position":1,"name":"Inici","item":"https:\/\/saiga.es\/es\/"},{"@type":"ListItem","position":2,"name":"Tienda","item":"https:\/\/saiga.es\/es\/tienda\/"},{"@type":"ListItem","position":3,"name":"Zas! Barrera olfativa contra roedores"}]},{"@type":"WebSite","@id":"https:\/\/saiga.es\/es\/#website","url":"https:\/\/saiga.es\/es\/","name":"SAIGA","description":"M\u00e9s de 50 anys al servei de la terra i treballant per a un \u00fas eficient de l\u2019aigua!","publisher":{"@id":"https:\/\/saiga.es\/es\/#organization"},"potentialAction":[{"@type":"SearchAction","target":{"@type":"EntryPoint","urlTemplate":"https:\/\/saiga.es\/es\/?s={search_term_string}"},"query-input":{"@type":"PropertyValueSpecification","valueRequired":true,"valueName":"search_term_string"}}],"inLanguage":"es"},{"@type":"Organization","@id":"https:\/\/saiga.es\/es\/#organization","name":"SAIGA","url":"https:\/\/saiga.es\/es\/","logo":{"@type":"ImageObject","inLanguage":"es","@id":"https:\/\/saiga.es\/es\/#\/schema\/logo\/image\/","url":"https:\/\/saiga.es\/wp-content\/uploads\/2025\/07\/logo_saiga_baseline_optimitzat.svg","contentUrl":"https:\/\/saiga.es\/wp-content\/uploads\/2025\/07\/logo_saiga_baseline_optimitzat.svg","caption":"SAIGA"},"image":{"@id":"https:\/\/saiga.es\/es\/#\/schema\/logo\/image\/"},"sameAs":["https:\/\/x.com\/saiga_agro","https:\/\/www.instagram.com\/saiga_agro\/"]}]}},"_links":{"self":[{"href":"https:\/\/saiga.es\/es\/wp-json\/wp\/v2\/product\/14664","targetHints":{"allow":["GET"]}}],"collection":[{"href":"https:\/\/saiga.es\/es\/wp-json\/wp\/v2\/product"}],"about":[{"href":"https:\/\/saiga.es\/es\/wp-json\/wp\/v2\/types\/product"}],"replies":[{"embeddable":true,"href":"https:\/\/saiga.es\/es\/wp-json\/wp\/v2\/comments?post=14664"}],"wp:featuredmedia":[{"embeddable":true,"href":"https:\/\/saiga.es\/es\/wp-json\/wp\/v2\/media\/14662"}],"wp:attachment":[{"href":"https:\/\/saiga.es\/es\/wp-json\/wp\/v2\/media?parent=14664"}],"wp:term":[{"taxonomy":"product_brand","embeddable":true,"href":"https:\/\/saiga.es\/es\/wp-json\/wp\/v2\/product_brand?post=14664"},{"taxonomy":"product_cat","embeddable":true,"href":"https:\/\/saiga.es\/es\/wp-json\/wp\/v2\/product_cat?post=14664"},{"taxonomy":"product_tag","embeddable":true,"href":"https:\/\/saiga.es\/es\/wp-json\/wp\/v2\/product_tag?post=14664"}],"curies":[{"name":"wp","href":"https:\/\/api.w.org\/{rel}","templated":true}]}}