{"id":14671,"date":"2025-04-30T13:29:27","date_gmt":"2025-04-30T13:29:27","guid":{"rendered":"https:\/\/botiga.saiga.es\/producte\/rodenticida-storm-ultra\/"},"modified":"2026-04-13T05:34:39","modified_gmt":"2026-04-13T05:34:39","slug":"rodenticida-storm-ultra","status":"publish","type":"product","link":"https:\/\/saiga.es\/es\/producto\/rodenticida-storm-ultra\/","title":{"rendered":"Rodenticida Storm Ultra"},"content":{"rendered":"<p>Rodenticida Storm Ultra combina una nueva formulaci\u00f3n m\u00e1s deseable con el ingrediente activo flocumafen a 25 ppm.<br \/>\nNueva formulaci\u00f3n, muy deseable: al menos dos veces m\u00e1s deseable que los bloques de cebos anticoagulantes a causa de la eliminaci\u00f3n de la parafina.<br \/>\nLa formulaci\u00f3n patentada utiliza un agente cohesionante BASF de mayor rendimiento.<br \/>\nMayor estabilidad en condiciones extremas de temperatura, tanto para ambientes urbanos como rurales.<br \/>\nCebo de ingesta \u00fanica muy eficaz contra ratas y ratones y tambi\u00e9n contra razas de roedores resistentes a los anticoagulantes.<br \/>\nAl menos dos veces m\u00e1s deseable que los principales cebos.<\/p>\n","protected":false},"excerpt":{"rendered":"<p>Rodenticida Storm Ultra combina una nueva formulaci\u00f3n m\u00e1s deseable con el ingrediente activo flocumafen a 25 ppm.<\/p>\n","protected":false},"featured_media":14958,"comment_status":"closed","ping_status":"closed","template":"","meta":[],"product_brand":[2240],"product_cat":[157],"product_tag":[1370,2107,2109],"class_list":{"0":"post-14671","1":"product","2":"type-product","3":"status-publish","4":"has-post-thumbnail","6":"product_brand-basf-es","7":"product_cat-biocidas","8":"product_tag-biocidas","9":"product_tag-ratas","10":"product_tag-roedores","12":"first","13":"instock","14":"taxable","15":"shipping-taxable","16":"purchasable","17":"product-type-simple"},"yoast_head":"<!-- This site is optimized with the Yoast SEO plugin v27.4 - https:\/\/yoast.com\/product\/yoast-seo-wordpress\/ -->\n<title>Rodenticida Storm Ultra | SAIGA<\/title>\n<meta name=\"description\" content=\"Rodenticida Storm Ultra combina una nueva formulaci\u00f3n m\u00e1s deseable con el ingrediente activo flocumafen a 25 ppm.\" \/>\n<meta name=\"robots\" content=\"index, follow, max-snippet:-1, max-image-preview:large, max-video-preview:-1\" \/>\n<link rel=\"canonical\" href=\"https:\/\/saiga.es\/es\/producto\/rodenticida-storm-ultra\/\" \/>\n<meta property=\"og:locale\" content=\"es_ES\" \/>\n<meta property=\"og:type\" content=\"article\" \/>\n<meta property=\"og:title\" content=\"Rodenticida Storm Ultra | SAIGA\" \/>\n<meta property=\"og:description\" content=\"Rodenticida Storm Ultra combina una nueva formulaci\u00f3n m\u00e1s deseable con el ingrediente activo flocumafen a 25 ppm.\" \/>\n<meta property=\"og:url\" content=\"https:\/\/saiga.es\/es\/producto\/rodenticida-storm-ultra\/\" \/>\n<meta property=\"og:site_name\" content=\"SAIGA\" \/>\n<meta property=\"article:modified_time\" content=\"2026-04-13T05:34:39+00:00\" \/>\n<meta property=\"og:image\" content=\"https:\/\/saiga.es\/wp-content\/uploads\/2025\/04\/Storm-150-g.jpg\" \/>\n\t<meta property=\"og:image:width\" content=\"1080\" \/>\n\t<meta property=\"og:image:height\" content=\"1080\" \/>\n\t<meta property=\"og:image:type\" content=\"image\/jpeg\" \/>\n<meta name=\"twitter:card\" content=\"summary_large_image\" \/>\n<meta name=\"twitter:site\" content=\"@saiga_agro\" \/>\n<meta name=\"twitter:label1\" content=\"Tiempo de lectura\" \/>\n\t<meta name=\"twitter:data1\" content=\"1 minuto\" \/>\n<script type=\"application\/ld+json\" class=\"yoast-schema-graph\">{\"@context\":\"https:\\\/\\\/schema.org\",\"@graph\":[{\"@type\":\"WebPage\",\"@id\":\"https:\\\/\\\/saiga.es\\\/es\\\/producto\\\/rodenticida-storm-ultra\\\/\",\"url\":\"https:\\\/\\\/saiga.es\\\/es\\\/producto\\\/rodenticida-storm-ultra\\\/\",\"name\":\"Rodenticida Storm Ultra | SAIGA\",\"isPartOf\":{\"@id\":\"https:\\\/\\\/saiga.es\\\/es\\\/#website\"},\"primaryImageOfPage\":{\"@id\":\"https:\\\/\\\/saiga.es\\\/es\\\/producto\\\/rodenticida-storm-ultra\\\/#primaryimage\"},\"image\":{\"@id\":\"https:\\\/\\\/saiga.es\\\/es\\\/producto\\\/rodenticida-storm-ultra\\\/#primaryimage\"},\"thumbnailUrl\":\"https:\\\/\\\/saiga.es\\\/wp-content\\\/uploads\\\/2025\\\/04\\\/Storm-150-g.jpg\",\"datePublished\":\"2025-04-30T13:29:27+00:00\",\"dateModified\":\"2026-04-13T05:34:39+00:00\",\"description\":\"Rodenticida Storm Ultra combina una nueva formulaci\u00f3n m\u00e1s deseable con el ingrediente activo flocumafen a 25 ppm.\",\"breadcrumb\":{\"@id\":\"https:\\\/\\\/saiga.es\\\/es\\\/producto\\\/rodenticida-storm-ultra\\\/#breadcrumb\"},\"inLanguage\":\"es\",\"potentialAction\":[{\"@type\":\"ReadAction\",\"target\":[\"https:\\\/\\\/saiga.es\\\/es\\\/producto\\\/rodenticida-storm-ultra\\\/\"]}]},{\"@type\":\"ImageObject\",\"inLanguage\":\"es\",\"@id\":\"https:\\\/\\\/saiga.es\\\/es\\\/producto\\\/rodenticida-storm-ultra\\\/#primaryimage\",\"url\":\"https:\\\/\\\/saiga.es\\\/wp-content\\\/uploads\\\/2025\\\/04\\\/Storm-150-g.jpg\",\"contentUrl\":\"https:\\\/\\\/saiga.es\\\/wp-content\\\/uploads\\\/2025\\\/04\\\/Storm-150-g.jpg\",\"width\":1080,\"height\":1080,\"caption\":\"Storm\"},{\"@type\":\"BreadcrumbList\",\"@id\":\"https:\\\/\\\/saiga.es\\\/es\\\/producto\\\/rodenticida-storm-ultra\\\/#breadcrumb\",\"itemListElement\":[{\"@type\":\"ListItem\",\"position\":1,\"name\":\"Inici\",\"item\":\"https:\\\/\\\/saiga.es\\\/es\\\/\"},{\"@type\":\"ListItem\",\"position\":2,\"name\":\"Tienda\",\"item\":\"https:\\\/\\\/saiga.es\\\/es\\\/tienda\\\/\"},{\"@type\":\"ListItem\",\"position\":3,\"name\":\"Rodenticida Storm Ultra\"}]},{\"@type\":\"WebSite\",\"@id\":\"https:\\\/\\\/saiga.es\\\/es\\\/#website\",\"url\":\"https:\\\/\\\/saiga.es\\\/es\\\/\",\"name\":\"SAIGA\",\"description\":\"M\u00e9s de 50 anys al servei de la terra i treballant per a un \u00fas eficient de l\u2019aigua!\",\"publisher\":{\"@id\":\"https:\\\/\\\/saiga.es\\\/es\\\/#organization\"},\"potentialAction\":[{\"@type\":\"SearchAction\",\"target\":{\"@type\":\"EntryPoint\",\"urlTemplate\":\"https:\\\/\\\/saiga.es\\\/es\\\/?s={search_term_string}\"},\"query-input\":{\"@type\":\"PropertyValueSpecification\",\"valueRequired\":true,\"valueName\":\"search_term_string\"}}],\"inLanguage\":\"es\"},{\"@type\":\"Organization\",\"@id\":\"https:\\\/\\\/saiga.es\\\/es\\\/#organization\",\"name\":\"SAIGA\",\"url\":\"https:\\\/\\\/saiga.es\\\/es\\\/\",\"logo\":{\"@type\":\"ImageObject\",\"inLanguage\":\"es\",\"@id\":\"https:\\\/\\\/saiga.es\\\/es\\\/#\\\/schema\\\/logo\\\/image\\\/\",\"url\":\"https:\\\/\\\/saiga.es\\\/wp-content\\\/uploads\\\/2025\\\/07\\\/logo_saiga_baseline_optimitzat.svg\",\"contentUrl\":\"https:\\\/\\\/saiga.es\\\/wp-content\\\/uploads\\\/2025\\\/07\\\/logo_saiga_baseline_optimitzat.svg\",\"caption\":\"SAIGA\"},\"image\":{\"@id\":\"https:\\\/\\\/saiga.es\\\/es\\\/#\\\/schema\\\/logo\\\/image\\\/\"},\"sameAs\":[\"https:\\\/\\\/x.com\\\/saiga_agro\",\"https:\\\/\\\/www.instagram.com\\\/saiga_agro\\\/\"]}]}<\/script>\n<!-- \/ Yoast SEO plugin. -->","yoast_head_json":{"title":"Rodenticida Storm Ultra | SAIGA","description":"Rodenticida Storm Ultra combina una nueva formulaci\u00f3n m\u00e1s deseable con el ingrediente activo flocumafen a 25 ppm.","robots":{"index":"index","follow":"follow","max-snippet":"max-snippet:-1","max-image-preview":"max-image-preview:large","max-video-preview":"max-video-preview:-1"},"canonical":"https:\/\/saiga.es\/es\/producto\/rodenticida-storm-ultra\/","og_locale":"es_ES","og_type":"article","og_title":"Rodenticida Storm Ultra | SAIGA","og_description":"Rodenticida Storm Ultra combina una nueva formulaci\u00f3n m\u00e1s deseable con el ingrediente activo flocumafen a 25 ppm.","og_url":"https:\/\/saiga.es\/es\/producto\/rodenticida-storm-ultra\/","og_site_name":"SAIGA","article_modified_time":"2026-04-13T05:34:39+00:00","og_image":[{"width":1080,"height":1080,"url":"https:\/\/saiga.es\/wp-content\/uploads\/2025\/04\/Storm-150-g.jpg","type":"image\/jpeg"}],"twitter_card":"summary_large_image","twitter_site":"@saiga_agro","twitter_misc":{"Tiempo de lectura":"1 minuto"},"schema":{"@context":"https:\/\/schema.org","@graph":[{"@type":"WebPage","@id":"https:\/\/saiga.es\/es\/producto\/rodenticida-storm-ultra\/","url":"https:\/\/saiga.es\/es\/producto\/rodenticida-storm-ultra\/","name":"Rodenticida Storm Ultra | SAIGA","isPartOf":{"@id":"https:\/\/saiga.es\/es\/#website"},"primaryImageOfPage":{"@id":"https:\/\/saiga.es\/es\/producto\/rodenticida-storm-ultra\/#primaryimage"},"image":{"@id":"https:\/\/saiga.es\/es\/producto\/rodenticida-storm-ultra\/#primaryimage"},"thumbnailUrl":"https:\/\/saiga.es\/wp-content\/uploads\/2025\/04\/Storm-150-g.jpg","datePublished":"2025-04-30T13:29:27+00:00","dateModified":"2026-04-13T05:34:39+00:00","description":"Rodenticida Storm Ultra combina una nueva formulaci\u00f3n m\u00e1s deseable con el ingrediente activo flocumafen a 25 ppm.","breadcrumb":{"@id":"https:\/\/saiga.es\/es\/producto\/rodenticida-storm-ultra\/#breadcrumb"},"inLanguage":"es","potentialAction":[{"@type":"ReadAction","target":["https:\/\/saiga.es\/es\/producto\/rodenticida-storm-ultra\/"]}]},{"@type":"ImageObject","inLanguage":"es","@id":"https:\/\/saiga.es\/es\/producto\/rodenticida-storm-ultra\/#primaryimage","url":"https:\/\/saiga.es\/wp-content\/uploads\/2025\/04\/Storm-150-g.jpg","contentUrl":"https:\/\/saiga.es\/wp-content\/uploads\/2025\/04\/Storm-150-g.jpg","width":1080,"height":1080,"caption":"Storm"},{"@type":"BreadcrumbList","@id":"https:\/\/saiga.es\/es\/producto\/rodenticida-storm-ultra\/#breadcrumb","itemListElement":[{"@type":"ListItem","position":1,"name":"Inici","item":"https:\/\/saiga.es\/es\/"},{"@type":"ListItem","position":2,"name":"Tienda","item":"https:\/\/saiga.es\/es\/tienda\/"},{"@type":"ListItem","position":3,"name":"Rodenticida Storm Ultra"}]},{"@type":"WebSite","@id":"https:\/\/saiga.es\/es\/#website","url":"https:\/\/saiga.es\/es\/","name":"SAIGA","description":"M\u00e9s de 50 anys al servei de la terra i treballant per a un \u00fas eficient de l\u2019aigua!","publisher":{"@id":"https:\/\/saiga.es\/es\/#organization"},"potentialAction":[{"@type":"SearchAction","target":{"@type":"EntryPoint","urlTemplate":"https:\/\/saiga.es\/es\/?s={search_term_string}"},"query-input":{"@type":"PropertyValueSpecification","valueRequired":true,"valueName":"search_term_string"}}],"inLanguage":"es"},{"@type":"Organization","@id":"https:\/\/saiga.es\/es\/#organization","name":"SAIGA","url":"https:\/\/saiga.es\/es\/","logo":{"@type":"ImageObject","inLanguage":"es","@id":"https:\/\/saiga.es\/es\/#\/schema\/logo\/image\/","url":"https:\/\/saiga.es\/wp-content\/uploads\/2025\/07\/logo_saiga_baseline_optimitzat.svg","contentUrl":"https:\/\/saiga.es\/wp-content\/uploads\/2025\/07\/logo_saiga_baseline_optimitzat.svg","caption":"SAIGA"},"image":{"@id":"https:\/\/saiga.es\/es\/#\/schema\/logo\/image\/"},"sameAs":["https:\/\/x.com\/saiga_agro","https:\/\/www.instagram.com\/saiga_agro\/"]}]}},"_links":{"self":[{"href":"https:\/\/saiga.es\/es\/wp-json\/wp\/v2\/product\/14671","targetHints":{"allow":["GET"]}}],"collection":[{"href":"https:\/\/saiga.es\/es\/wp-json\/wp\/v2\/product"}],"about":[{"href":"https:\/\/saiga.es\/es\/wp-json\/wp\/v2\/types\/product"}],"replies":[{"embeddable":true,"href":"https:\/\/saiga.es\/es\/wp-json\/wp\/v2\/comments?post=14671"}],"wp:featuredmedia":[{"embeddable":true,"href":"https:\/\/saiga.es\/es\/wp-json\/wp\/v2\/media\/14958"}],"wp:attachment":[{"href":"https:\/\/saiga.es\/es\/wp-json\/wp\/v2\/media?parent=14671"}],"wp:term":[{"taxonomy":"product_brand","embeddable":true,"href":"https:\/\/saiga.es\/es\/wp-json\/wp\/v2\/product_brand?post=14671"},{"taxonomy":"product_cat","embeddable":true,"href":"https:\/\/saiga.es\/es\/wp-json\/wp\/v2\/product_cat?post=14671"},{"taxonomy":"product_tag","embeddable":true,"href":"https:\/\/saiga.es\/es\/wp-json\/wp\/v2\/product_tag?post=14671"}],"curies":[{"name":"wp","href":"https:\/\/api.w.org\/{rel}","templated":true}]}}