{"id":14920,"date":"2025-05-22T11:19:34","date_gmt":"2025-05-22T11:19:34","guid":{"rendered":"https:\/\/botiga.saiga.es\/producte\/horca-forjada-de-6-puas\/"},"modified":"2025-12-10T12:16:38","modified_gmt":"2025-12-10T12:16:38","slug":"horca-forjada-de-6-puas","status":"publish","type":"product","link":"https:\/\/saiga.es\/es\/producto\/horca-forjada-de-6-puas\/","title":{"rendered":"Horca forjada de 6 p\u00faas"},"content":{"rendered":"<p>Horca con 6 p\u00faas forjada en una sola pieza y fabricada en acero especial Bellota. Tratada t\u00e9rmicamente. Te va a durar toda la vida, no se rompe, no se deforma y no se desgasta.   Los dientes son afilados para coger bien los fardos y templados en toda su longitud para aguantar mejor el peso. Est\u00e1n pintados para evitar la oxidaci\u00f3n y facilitar su mantenimiento.<br \/>\nManipular fardos ser\u00e1 m\u00e1s f\u00e1cil. Ay\u00fadate con el mango de madera de fresno que procede de bosques gestionados de forma sostenible y fuentes controladas (PEFC\/14-35-00020) de tacto suave, puedes elegir entre anilla, muleta o largo.  <\/p>\n","protected":false},"excerpt":{"rendered":"<p>Horca con 6 p\u00faas forjada en una sola pieza y fabricada en acero especial Bellota. Tratada t\u00e9rmicamente. Te va a durar toda la vida, no se rompe, no se deforma y no se desgasta.  <\/p>\n","protected":false},"featured_media":14918,"comment_status":"closed","ping_status":"closed","template":"","meta":[],"product_brand":[2220],"product_cat":[2173],"product_tag":[],"class_list":{"0":"post-14920","1":"product","2":"type-product","3":"status-publish","4":"has-post-thumbnail","6":"product_brand-bellota-es","7":"product_cat-horcas","9":"first","10":"instock","11":"taxable","12":"shipping-taxable","13":"purchasable","14":"product-type-simple"},"yoast_head":"<!-- This site is optimized with the Yoast SEO plugin v27.4 - https:\/\/yoast.com\/product\/yoast-seo-wordpress\/ -->\n<title>Horca forjada de 6 p\u00faas | SAIGA<\/title>\n<meta name=\"description\" content=\"Horca con 6 p\u00faas forjada en una sola pieza y fabricada en acero especial Bellota. Tratada t\u00e9rmicamente. Te va a durar toda la vida, no se rompe, no se deforma y no se desgasta.\" \/>\n<meta name=\"robots\" content=\"index, follow, max-snippet:-1, max-image-preview:large, max-video-preview:-1\" \/>\n<link rel=\"canonical\" href=\"https:\/\/saiga.es\/es\/producto\/horca-forjada-de-6-puas\/\" \/>\n<meta property=\"og:locale\" content=\"es_ES\" \/>\n<meta property=\"og:type\" content=\"article\" \/>\n<meta property=\"og:title\" content=\"Horca forjada de 6 p\u00faas | SAIGA\" \/>\n<meta property=\"og:description\" content=\"Horca con 6 p\u00faas forjada en una sola pieza y fabricada en acero especial Bellota. Tratada t\u00e9rmicamente. Te va a durar toda la vida, no se rompe, no se deforma y no se desgasta.\" \/>\n<meta property=\"og:url\" content=\"https:\/\/saiga.es\/es\/producto\/horca-forjada-de-6-puas\/\" \/>\n<meta property=\"og:site_name\" content=\"SAIGA\" \/>\n<meta property=\"article:modified_time\" content=\"2025-12-10T12:16:38+00:00\" \/>\n<meta property=\"og:image\" content=\"https:\/\/saiga.es\/wp-content\/uploads\/2025\/05\/Forca-6-pues.jpg\" \/>\n\t<meta property=\"og:image:width\" content=\"1080\" \/>\n\t<meta property=\"og:image:height\" content=\"1080\" \/>\n\t<meta property=\"og:image:type\" content=\"image\/jpeg\" \/>\n<meta name=\"twitter:card\" content=\"summary_large_image\" \/>\n<meta name=\"twitter:site\" content=\"@saiga_agro\" \/>\n<meta name=\"twitter:label1\" content=\"Tiempo de lectura\" \/>\n\t<meta name=\"twitter:data1\" content=\"1 minuto\" \/>\n<script type=\"application\/ld+json\" class=\"yoast-schema-graph\">{\"@context\":\"https:\\\/\\\/schema.org\",\"@graph\":[{\"@type\":\"WebPage\",\"@id\":\"https:\\\/\\\/saiga.es\\\/es\\\/producto\\\/horca-forjada-de-6-puas\\\/\",\"url\":\"https:\\\/\\\/saiga.es\\\/es\\\/producto\\\/horca-forjada-de-6-puas\\\/\",\"name\":\"Horca forjada de 6 p\u00faas | SAIGA\",\"isPartOf\":{\"@id\":\"https:\\\/\\\/saiga.es\\\/es\\\/#website\"},\"primaryImageOfPage\":{\"@id\":\"https:\\\/\\\/saiga.es\\\/es\\\/producto\\\/horca-forjada-de-6-puas\\\/#primaryimage\"},\"image\":{\"@id\":\"https:\\\/\\\/saiga.es\\\/es\\\/producto\\\/horca-forjada-de-6-puas\\\/#primaryimage\"},\"thumbnailUrl\":\"https:\\\/\\\/saiga.es\\\/wp-content\\\/uploads\\\/2025\\\/05\\\/Forca-6-pues.jpg\",\"datePublished\":\"2025-05-22T11:19:34+00:00\",\"dateModified\":\"2025-12-10T12:16:38+00:00\",\"description\":\"Horca con 6 p\u00faas forjada en una sola pieza y fabricada en acero especial Bellota. Tratada t\u00e9rmicamente. Te va a durar toda la vida, no se rompe, no se deforma y no se desgasta.\",\"breadcrumb\":{\"@id\":\"https:\\\/\\\/saiga.es\\\/es\\\/producto\\\/horca-forjada-de-6-puas\\\/#breadcrumb\"},\"inLanguage\":\"es\",\"potentialAction\":[{\"@type\":\"ReadAction\",\"target\":[\"https:\\\/\\\/saiga.es\\\/es\\\/producto\\\/horca-forjada-de-6-puas\\\/\"]}]},{\"@type\":\"ImageObject\",\"inLanguage\":\"es\",\"@id\":\"https:\\\/\\\/saiga.es\\\/es\\\/producto\\\/horca-forjada-de-6-puas\\\/#primaryimage\",\"url\":\"https:\\\/\\\/saiga.es\\\/wp-content\\\/uploads\\\/2025\\\/05\\\/Forca-6-pues.jpg\",\"contentUrl\":\"https:\\\/\\\/saiga.es\\\/wp-content\\\/uploads\\\/2025\\\/05\\\/Forca-6-pues.jpg\",\"width\":1080,\"height\":1080,\"caption\":\"fourche \u00e0 six dents\"},{\"@type\":\"BreadcrumbList\",\"@id\":\"https:\\\/\\\/saiga.es\\\/es\\\/producto\\\/horca-forjada-de-6-puas\\\/#breadcrumb\",\"itemListElement\":[{\"@type\":\"ListItem\",\"position\":1,\"name\":\"Inici\",\"item\":\"https:\\\/\\\/saiga.es\\\/es\\\/\"},{\"@type\":\"ListItem\",\"position\":2,\"name\":\"Tienda\",\"item\":\"https:\\\/\\\/saiga.es\\\/es\\\/tienda\\\/\"},{\"@type\":\"ListItem\",\"position\":3,\"name\":\"Horca forjada de 6 p\u00faas\"}]},{\"@type\":\"WebSite\",\"@id\":\"https:\\\/\\\/saiga.es\\\/es\\\/#website\",\"url\":\"https:\\\/\\\/saiga.es\\\/es\\\/\",\"name\":\"SAIGA\",\"description\":\"M\u00e9s de 50 anys al servei de la terra i treballant per a un \u00fas eficient de l\u2019aigua!\",\"publisher\":{\"@id\":\"https:\\\/\\\/saiga.es\\\/es\\\/#organization\"},\"potentialAction\":[{\"@type\":\"SearchAction\",\"target\":{\"@type\":\"EntryPoint\",\"urlTemplate\":\"https:\\\/\\\/saiga.es\\\/es\\\/?s={search_term_string}\"},\"query-input\":{\"@type\":\"PropertyValueSpecification\",\"valueRequired\":true,\"valueName\":\"search_term_string\"}}],\"inLanguage\":\"es\"},{\"@type\":\"Organization\",\"@id\":\"https:\\\/\\\/saiga.es\\\/es\\\/#organization\",\"name\":\"SAIGA\",\"url\":\"https:\\\/\\\/saiga.es\\\/es\\\/\",\"logo\":{\"@type\":\"ImageObject\",\"inLanguage\":\"es\",\"@id\":\"https:\\\/\\\/saiga.es\\\/es\\\/#\\\/schema\\\/logo\\\/image\\\/\",\"url\":\"https:\\\/\\\/saiga.es\\\/wp-content\\\/uploads\\\/2025\\\/07\\\/logo_saiga_baseline_optimitzat.svg\",\"contentUrl\":\"https:\\\/\\\/saiga.es\\\/wp-content\\\/uploads\\\/2025\\\/07\\\/logo_saiga_baseline_optimitzat.svg\",\"caption\":\"SAIGA\"},\"image\":{\"@id\":\"https:\\\/\\\/saiga.es\\\/es\\\/#\\\/schema\\\/logo\\\/image\\\/\"},\"sameAs\":[\"https:\\\/\\\/x.com\\\/saiga_agro\",\"https:\\\/\\\/www.instagram.com\\\/saiga_agro\\\/\"]}]}<\/script>\n<!-- \/ Yoast SEO plugin. -->","yoast_head_json":{"title":"Horca forjada de 6 p\u00faas | SAIGA","description":"Horca con 6 p\u00faas forjada en una sola pieza y fabricada en acero especial Bellota. Tratada t\u00e9rmicamente. Te va a durar toda la vida, no se rompe, no se deforma y no se desgasta.","robots":{"index":"index","follow":"follow","max-snippet":"max-snippet:-1","max-image-preview":"max-image-preview:large","max-video-preview":"max-video-preview:-1"},"canonical":"https:\/\/saiga.es\/es\/producto\/horca-forjada-de-6-puas\/","og_locale":"es_ES","og_type":"article","og_title":"Horca forjada de 6 p\u00faas | SAIGA","og_description":"Horca con 6 p\u00faas forjada en una sola pieza y fabricada en acero especial Bellota. Tratada t\u00e9rmicamente. Te va a durar toda la vida, no se rompe, no se deforma y no se desgasta.","og_url":"https:\/\/saiga.es\/es\/producto\/horca-forjada-de-6-puas\/","og_site_name":"SAIGA","article_modified_time":"2025-12-10T12:16:38+00:00","og_image":[{"width":1080,"height":1080,"url":"https:\/\/saiga.es\/wp-content\/uploads\/2025\/05\/Forca-6-pues.jpg","type":"image\/jpeg"}],"twitter_card":"summary_large_image","twitter_site":"@saiga_agro","twitter_misc":{"Tiempo de lectura":"1 minuto"},"schema":{"@context":"https:\/\/schema.org","@graph":[{"@type":"WebPage","@id":"https:\/\/saiga.es\/es\/producto\/horca-forjada-de-6-puas\/","url":"https:\/\/saiga.es\/es\/producto\/horca-forjada-de-6-puas\/","name":"Horca forjada de 6 p\u00faas | SAIGA","isPartOf":{"@id":"https:\/\/saiga.es\/es\/#website"},"primaryImageOfPage":{"@id":"https:\/\/saiga.es\/es\/producto\/horca-forjada-de-6-puas\/#primaryimage"},"image":{"@id":"https:\/\/saiga.es\/es\/producto\/horca-forjada-de-6-puas\/#primaryimage"},"thumbnailUrl":"https:\/\/saiga.es\/wp-content\/uploads\/2025\/05\/Forca-6-pues.jpg","datePublished":"2025-05-22T11:19:34+00:00","dateModified":"2025-12-10T12:16:38+00:00","description":"Horca con 6 p\u00faas forjada en una sola pieza y fabricada en acero especial Bellota. Tratada t\u00e9rmicamente. Te va a durar toda la vida, no se rompe, no se deforma y no se desgasta.","breadcrumb":{"@id":"https:\/\/saiga.es\/es\/producto\/horca-forjada-de-6-puas\/#breadcrumb"},"inLanguage":"es","potentialAction":[{"@type":"ReadAction","target":["https:\/\/saiga.es\/es\/producto\/horca-forjada-de-6-puas\/"]}]},{"@type":"ImageObject","inLanguage":"es","@id":"https:\/\/saiga.es\/es\/producto\/horca-forjada-de-6-puas\/#primaryimage","url":"https:\/\/saiga.es\/wp-content\/uploads\/2025\/05\/Forca-6-pues.jpg","contentUrl":"https:\/\/saiga.es\/wp-content\/uploads\/2025\/05\/Forca-6-pues.jpg","width":1080,"height":1080,"caption":"fourche \u00e0 six dents"},{"@type":"BreadcrumbList","@id":"https:\/\/saiga.es\/es\/producto\/horca-forjada-de-6-puas\/#breadcrumb","itemListElement":[{"@type":"ListItem","position":1,"name":"Inici","item":"https:\/\/saiga.es\/es\/"},{"@type":"ListItem","position":2,"name":"Tienda","item":"https:\/\/saiga.es\/es\/tienda\/"},{"@type":"ListItem","position":3,"name":"Horca forjada de 6 p\u00faas"}]},{"@type":"WebSite","@id":"https:\/\/saiga.es\/es\/#website","url":"https:\/\/saiga.es\/es\/","name":"SAIGA","description":"M\u00e9s de 50 anys al servei de la terra i treballant per a un \u00fas eficient de l\u2019aigua!","publisher":{"@id":"https:\/\/saiga.es\/es\/#organization"},"potentialAction":[{"@type":"SearchAction","target":{"@type":"EntryPoint","urlTemplate":"https:\/\/saiga.es\/es\/?s={search_term_string}"},"query-input":{"@type":"PropertyValueSpecification","valueRequired":true,"valueName":"search_term_string"}}],"inLanguage":"es"},{"@type":"Organization","@id":"https:\/\/saiga.es\/es\/#organization","name":"SAIGA","url":"https:\/\/saiga.es\/es\/","logo":{"@type":"ImageObject","inLanguage":"es","@id":"https:\/\/saiga.es\/es\/#\/schema\/logo\/image\/","url":"https:\/\/saiga.es\/wp-content\/uploads\/2025\/07\/logo_saiga_baseline_optimitzat.svg","contentUrl":"https:\/\/saiga.es\/wp-content\/uploads\/2025\/07\/logo_saiga_baseline_optimitzat.svg","caption":"SAIGA"},"image":{"@id":"https:\/\/saiga.es\/es\/#\/schema\/logo\/image\/"},"sameAs":["https:\/\/x.com\/saiga_agro","https:\/\/www.instagram.com\/saiga_agro\/"]}]}},"_links":{"self":[{"href":"https:\/\/saiga.es\/es\/wp-json\/wp\/v2\/product\/14920","targetHints":{"allow":["GET"]}}],"collection":[{"href":"https:\/\/saiga.es\/es\/wp-json\/wp\/v2\/product"}],"about":[{"href":"https:\/\/saiga.es\/es\/wp-json\/wp\/v2\/types\/product"}],"replies":[{"embeddable":true,"href":"https:\/\/saiga.es\/es\/wp-json\/wp\/v2\/comments?post=14920"}],"wp:featuredmedia":[{"embeddable":true,"href":"https:\/\/saiga.es\/es\/wp-json\/wp\/v2\/media\/14918"}],"wp:attachment":[{"href":"https:\/\/saiga.es\/es\/wp-json\/wp\/v2\/media?parent=14920"}],"wp:term":[{"taxonomy":"product_brand","embeddable":true,"href":"https:\/\/saiga.es\/es\/wp-json\/wp\/v2\/product_brand?post=14920"},{"taxonomy":"product_cat","embeddable":true,"href":"https:\/\/saiga.es\/es\/wp-json\/wp\/v2\/product_cat?post=14920"},{"taxonomy":"product_tag","embeddable":true,"href":"https:\/\/saiga.es\/es\/wp-json\/wp\/v2\/product_tag?post=14920"}],"curies":[{"name":"wp","href":"https:\/\/api.w.org\/{rel}","templated":true}]}}