{"id":14945,"date":"2025-05-22T13:32:25","date_gmt":"2025-05-22T13:32:25","guid":{"rendered":"https:\/\/botiga.saiga.es\/producte\/plantador-hortalizas-reforzado\/"},"modified":"2025-12-10T12:06:26","modified_gmt":"2025-12-10T12:06:26","slug":"plantador-hortalizas-reforzado","status":"publish","type":"product","link":"https:\/\/saiga.es\/es\/producto\/plantador-hortalizas-reforzado\/","title":{"rendered":"Plantador hortalizas reforzado"},"content":{"rendered":"<p>Plantador hortalizas doble mango reforzado. Haz m\u00e1s c\u00f3modo y eficiente tu trabajo en el huerto con esta pr\u00e1ctica plantadora de hortalizas de la marca Sirfran.  Dise\u00f1ada con <strong>doble mango ergon\u00f3mico<\/strong>, permite una mejor sujeci\u00f3n y control, ideal para plantar con precisi\u00f3n sin esfuerzo excesivo. Fabricada con materiales resistentes, es la herramienta perfecta para hortelanos exigentes que valoran la calidad y la funcionalidad. <\/p>\n","protected":false},"excerpt":{"rendered":"<p>Plantador hortalizas doble mango reforzado. Haz m\u00e1s c\u00f3modo y eficiente tu trabajo en el huerto con esta pr\u00e1ctica plantadora de hortalizas de la marca Sirfran. <\/p>\n","protected":false},"featured_media":14942,"comment_status":"closed","ping_status":"closed","template":"","meta":[],"product_brand":[2244],"product_cat":[2154],"product_tag":[],"class_list":{"0":"post-14945","1":"product","2":"type-product","3":"status-publish","4":"has-post-thumbnail","6":"product_brand-sirfran-es","7":"product_cat-varios","9":"first","10":"instock","11":"taxable","12":"shipping-taxable","13":"purchasable","14":"product-type-simple"},"yoast_head":"<!-- This site is optimized with the Yoast SEO plugin v27.4 - https:\/\/yoast.com\/product\/yoast-seo-wordpress\/ -->\n<title>Plantador hortalizas reforzado | SAIGA<\/title>\n<meta name=\"description\" content=\"Plantador hortalizas doble mango reforzado. Haz m\u00e1s c\u00f3modo y eficiente tu trabajo en el huerto con esta pr\u00e1ctica plantadora de hortalizas de la marca Sirfran.\" \/>\n<meta name=\"robots\" content=\"index, follow, max-snippet:-1, max-image-preview:large, max-video-preview:-1\" \/>\n<link rel=\"canonical\" href=\"https:\/\/saiga.es\/es\/producto\/plantador-hortalizas-reforzado\/\" \/>\n<meta property=\"og:locale\" content=\"es_ES\" \/>\n<meta property=\"og:type\" content=\"article\" \/>\n<meta property=\"og:title\" content=\"Plantador hortalizas reforzado | SAIGA\" \/>\n<meta property=\"og:description\" content=\"Plantador hortalizas doble mango reforzado. Haz m\u00e1s c\u00f3modo y eficiente tu trabajo en el huerto con esta pr\u00e1ctica plantadora de hortalizas de la marca Sirfran.\" \/>\n<meta property=\"og:url\" content=\"https:\/\/saiga.es\/es\/producto\/plantador-hortalizas-reforzado\/\" \/>\n<meta property=\"og:site_name\" content=\"SAIGA\" \/>\n<meta property=\"article:modified_time\" content=\"2025-12-10T12:06:26+00:00\" \/>\n<meta property=\"og:image\" content=\"https:\/\/saiga.es\/wp-content\/uploads\/2025\/05\/Plantadora-Sirfran-1.jpg\" \/>\n\t<meta property=\"og:image:width\" content=\"1080\" \/>\n\t<meta property=\"og:image:height\" content=\"1080\" \/>\n\t<meta property=\"og:image:type\" content=\"image\/jpeg\" \/>\n<meta name=\"twitter:card\" content=\"summary_large_image\" \/>\n<meta name=\"twitter:site\" content=\"@saiga_agro\" \/>\n<script type=\"application\/ld+json\" class=\"yoast-schema-graph\">{\"@context\":\"https:\\\/\\\/schema.org\",\"@graph\":[{\"@type\":\"WebPage\",\"@id\":\"https:\\\/\\\/saiga.es\\\/es\\\/producto\\\/plantador-hortalizas-reforzado\\\/\",\"url\":\"https:\\\/\\\/saiga.es\\\/es\\\/producto\\\/plantador-hortalizas-reforzado\\\/\",\"name\":\"Plantador hortalizas reforzado | SAIGA\",\"isPartOf\":{\"@id\":\"https:\\\/\\\/saiga.es\\\/es\\\/#website\"},\"primaryImageOfPage\":{\"@id\":\"https:\\\/\\\/saiga.es\\\/es\\\/producto\\\/plantador-hortalizas-reforzado\\\/#primaryimage\"},\"image\":{\"@id\":\"https:\\\/\\\/saiga.es\\\/es\\\/producto\\\/plantador-hortalizas-reforzado\\\/#primaryimage\"},\"thumbnailUrl\":\"https:\\\/\\\/saiga.es\\\/wp-content\\\/uploads\\\/2025\\\/05\\\/Plantadora-Sirfran-1.jpg\",\"datePublished\":\"2025-05-22T13:32:25+00:00\",\"dateModified\":\"2025-12-10T12:06:26+00:00\",\"description\":\"Plantador hortalizas doble mango reforzado. Haz m\u00e1s c\u00f3modo y eficiente tu trabajo en el huerto con esta pr\u00e1ctica plantadora de hortalizas de la marca Sirfran.\",\"breadcrumb\":{\"@id\":\"https:\\\/\\\/saiga.es\\\/es\\\/producto\\\/plantador-hortalizas-reforzado\\\/#breadcrumb\"},\"inLanguage\":\"es\",\"potentialAction\":[{\"@type\":\"ReadAction\",\"target\":[\"https:\\\/\\\/saiga.es\\\/es\\\/producto\\\/plantador-hortalizas-reforzado\\\/\"]}]},{\"@type\":\"ImageObject\",\"inLanguage\":\"es\",\"@id\":\"https:\\\/\\\/saiga.es\\\/es\\\/producto\\\/plantador-hortalizas-reforzado\\\/#primaryimage\",\"url\":\"https:\\\/\\\/saiga.es\\\/wp-content\\\/uploads\\\/2025\\\/05\\\/Plantadora-Sirfran-1.jpg\",\"contentUrl\":\"https:\\\/\\\/saiga.es\\\/wp-content\\\/uploads\\\/2025\\\/05\\\/Plantadora-Sirfran-1.jpg\",\"width\":1080,\"height\":1080,\"caption\":\"Plantadora Sirfran\"},{\"@type\":\"BreadcrumbList\",\"@id\":\"https:\\\/\\\/saiga.es\\\/es\\\/producto\\\/plantador-hortalizas-reforzado\\\/#breadcrumb\",\"itemListElement\":[{\"@type\":\"ListItem\",\"position\":1,\"name\":\"Inici\",\"item\":\"https:\\\/\\\/saiga.es\\\/es\\\/\"},{\"@type\":\"ListItem\",\"position\":2,\"name\":\"Tienda\",\"item\":\"https:\\\/\\\/saiga.es\\\/es\\\/tienda\\\/\"},{\"@type\":\"ListItem\",\"position\":3,\"name\":\"Plantador hortalizas reforzado\"}]},{\"@type\":\"WebSite\",\"@id\":\"https:\\\/\\\/saiga.es\\\/es\\\/#website\",\"url\":\"https:\\\/\\\/saiga.es\\\/es\\\/\",\"name\":\"SAIGA\",\"description\":\"M\u00e9s de 50 anys al servei de la terra i treballant per a un \u00fas eficient de l\u2019aigua!\",\"publisher\":{\"@id\":\"https:\\\/\\\/saiga.es\\\/es\\\/#organization\"},\"potentialAction\":[{\"@type\":\"SearchAction\",\"target\":{\"@type\":\"EntryPoint\",\"urlTemplate\":\"https:\\\/\\\/saiga.es\\\/es\\\/?s={search_term_string}\"},\"query-input\":{\"@type\":\"PropertyValueSpecification\",\"valueRequired\":true,\"valueName\":\"search_term_string\"}}],\"inLanguage\":\"es\"},{\"@type\":\"Organization\",\"@id\":\"https:\\\/\\\/saiga.es\\\/es\\\/#organization\",\"name\":\"SAIGA\",\"url\":\"https:\\\/\\\/saiga.es\\\/es\\\/\",\"logo\":{\"@type\":\"ImageObject\",\"inLanguage\":\"es\",\"@id\":\"https:\\\/\\\/saiga.es\\\/es\\\/#\\\/schema\\\/logo\\\/image\\\/\",\"url\":\"https:\\\/\\\/saiga.es\\\/wp-content\\\/uploads\\\/2025\\\/07\\\/logo_saiga_baseline_optimitzat.svg\",\"contentUrl\":\"https:\\\/\\\/saiga.es\\\/wp-content\\\/uploads\\\/2025\\\/07\\\/logo_saiga_baseline_optimitzat.svg\",\"caption\":\"SAIGA\"},\"image\":{\"@id\":\"https:\\\/\\\/saiga.es\\\/es\\\/#\\\/schema\\\/logo\\\/image\\\/\"},\"sameAs\":[\"https:\\\/\\\/x.com\\\/saiga_agro\",\"https:\\\/\\\/www.instagram.com\\\/saiga_agro\\\/\"]}]}<\/script>\n<!-- \/ Yoast SEO plugin. -->","yoast_head_json":{"title":"Plantador hortalizas reforzado | SAIGA","description":"Plantador hortalizas doble mango reforzado. Haz m\u00e1s c\u00f3modo y eficiente tu trabajo en el huerto con esta pr\u00e1ctica plantadora de hortalizas de la marca Sirfran.","robots":{"index":"index","follow":"follow","max-snippet":"max-snippet:-1","max-image-preview":"max-image-preview:large","max-video-preview":"max-video-preview:-1"},"canonical":"https:\/\/saiga.es\/es\/producto\/plantador-hortalizas-reforzado\/","og_locale":"es_ES","og_type":"article","og_title":"Plantador hortalizas reforzado | SAIGA","og_description":"Plantador hortalizas doble mango reforzado. Haz m\u00e1s c\u00f3modo y eficiente tu trabajo en el huerto con esta pr\u00e1ctica plantadora de hortalizas de la marca Sirfran.","og_url":"https:\/\/saiga.es\/es\/producto\/plantador-hortalizas-reforzado\/","og_site_name":"SAIGA","article_modified_time":"2025-12-10T12:06:26+00:00","og_image":[{"width":1080,"height":1080,"url":"https:\/\/saiga.es\/wp-content\/uploads\/2025\/05\/Plantadora-Sirfran-1.jpg","type":"image\/jpeg"}],"twitter_card":"summary_large_image","twitter_site":"@saiga_agro","schema":{"@context":"https:\/\/schema.org","@graph":[{"@type":"WebPage","@id":"https:\/\/saiga.es\/es\/producto\/plantador-hortalizas-reforzado\/","url":"https:\/\/saiga.es\/es\/producto\/plantador-hortalizas-reforzado\/","name":"Plantador hortalizas reforzado | SAIGA","isPartOf":{"@id":"https:\/\/saiga.es\/es\/#website"},"primaryImageOfPage":{"@id":"https:\/\/saiga.es\/es\/producto\/plantador-hortalizas-reforzado\/#primaryimage"},"image":{"@id":"https:\/\/saiga.es\/es\/producto\/plantador-hortalizas-reforzado\/#primaryimage"},"thumbnailUrl":"https:\/\/saiga.es\/wp-content\/uploads\/2025\/05\/Plantadora-Sirfran-1.jpg","datePublished":"2025-05-22T13:32:25+00:00","dateModified":"2025-12-10T12:06:26+00:00","description":"Plantador hortalizas doble mango reforzado. Haz m\u00e1s c\u00f3modo y eficiente tu trabajo en el huerto con esta pr\u00e1ctica plantadora de hortalizas de la marca Sirfran.","breadcrumb":{"@id":"https:\/\/saiga.es\/es\/producto\/plantador-hortalizas-reforzado\/#breadcrumb"},"inLanguage":"es","potentialAction":[{"@type":"ReadAction","target":["https:\/\/saiga.es\/es\/producto\/plantador-hortalizas-reforzado\/"]}]},{"@type":"ImageObject","inLanguage":"es","@id":"https:\/\/saiga.es\/es\/producto\/plantador-hortalizas-reforzado\/#primaryimage","url":"https:\/\/saiga.es\/wp-content\/uploads\/2025\/05\/Plantadora-Sirfran-1.jpg","contentUrl":"https:\/\/saiga.es\/wp-content\/uploads\/2025\/05\/Plantadora-Sirfran-1.jpg","width":1080,"height":1080,"caption":"Plantadora Sirfran"},{"@type":"BreadcrumbList","@id":"https:\/\/saiga.es\/es\/producto\/plantador-hortalizas-reforzado\/#breadcrumb","itemListElement":[{"@type":"ListItem","position":1,"name":"Inici","item":"https:\/\/saiga.es\/es\/"},{"@type":"ListItem","position":2,"name":"Tienda","item":"https:\/\/saiga.es\/es\/tienda\/"},{"@type":"ListItem","position":3,"name":"Plantador hortalizas reforzado"}]},{"@type":"WebSite","@id":"https:\/\/saiga.es\/es\/#website","url":"https:\/\/saiga.es\/es\/","name":"SAIGA","description":"M\u00e9s de 50 anys al servei de la terra i treballant per a un \u00fas eficient de l\u2019aigua!","publisher":{"@id":"https:\/\/saiga.es\/es\/#organization"},"potentialAction":[{"@type":"SearchAction","target":{"@type":"EntryPoint","urlTemplate":"https:\/\/saiga.es\/es\/?s={search_term_string}"},"query-input":{"@type":"PropertyValueSpecification","valueRequired":true,"valueName":"search_term_string"}}],"inLanguage":"es"},{"@type":"Organization","@id":"https:\/\/saiga.es\/es\/#organization","name":"SAIGA","url":"https:\/\/saiga.es\/es\/","logo":{"@type":"ImageObject","inLanguage":"es","@id":"https:\/\/saiga.es\/es\/#\/schema\/logo\/image\/","url":"https:\/\/saiga.es\/wp-content\/uploads\/2025\/07\/logo_saiga_baseline_optimitzat.svg","contentUrl":"https:\/\/saiga.es\/wp-content\/uploads\/2025\/07\/logo_saiga_baseline_optimitzat.svg","caption":"SAIGA"},"image":{"@id":"https:\/\/saiga.es\/es\/#\/schema\/logo\/image\/"},"sameAs":["https:\/\/x.com\/saiga_agro","https:\/\/www.instagram.com\/saiga_agro\/"]}]}},"_links":{"self":[{"href":"https:\/\/saiga.es\/es\/wp-json\/wp\/v2\/product\/14945","targetHints":{"allow":["GET"]}}],"collection":[{"href":"https:\/\/saiga.es\/es\/wp-json\/wp\/v2\/product"}],"about":[{"href":"https:\/\/saiga.es\/es\/wp-json\/wp\/v2\/types\/product"}],"replies":[{"embeddable":true,"href":"https:\/\/saiga.es\/es\/wp-json\/wp\/v2\/comments?post=14945"}],"wp:featuredmedia":[{"embeddable":true,"href":"https:\/\/saiga.es\/es\/wp-json\/wp\/v2\/media\/14942"}],"wp:attachment":[{"href":"https:\/\/saiga.es\/es\/wp-json\/wp\/v2\/media?parent=14945"}],"wp:term":[{"taxonomy":"product_brand","embeddable":true,"href":"https:\/\/saiga.es\/es\/wp-json\/wp\/v2\/product_brand?post=14945"},{"taxonomy":"product_cat","embeddable":true,"href":"https:\/\/saiga.es\/es\/wp-json\/wp\/v2\/product_cat?post=14945"},{"taxonomy":"product_tag","embeddable":true,"href":"https:\/\/saiga.es\/es\/wp-json\/wp\/v2\/product_tag?post=14945"}],"curies":[{"name":"wp","href":"https:\/\/api.w.org\/{rel}","templated":true}]}}