{"id":15044,"date":"2025-06-06T09:56:36","date_gmt":"2025-06-06T09:56:36","guid":{"rendered":"https:\/\/botiga.saiga.es\/producte\/zotal-desinfectante-para-granjas-y-establos\/"},"modified":"2025-12-10T12:04:32","modified_gmt":"2025-12-10T12:04:32","slug":"zotal-desinfectante-para-granjas-y-establos","status":"publish","type":"product","link":"https:\/\/saiga.es\/es\/producto\/zotal-desinfectante-para-granjas-y-establos\/","title":{"rendered":"Zotal, desinfectante para granjas y establos"},"content":{"rendered":"<p>ZOTAL es un producto desinfectante destinado a la eliminaci\u00f3n de g\u00e9rmenes. Adem\u00e1s, su acci\u00f3n desodorizante permite eliminar molestos aromas, proporcionando as\u00ed un ambiente de higiene y limpieza. <\/p>\n<p>Su composici\u00f3n (basada principalmente en Bifenil-2-ol 3%, Clorofeno 1,5%, Nafta, disolventes y excipientes c.s.p 100%) favorece la acci\u00f3n desinfectante y bactericida, asegurando la penetraci\u00f3n del producto para conseguir la m\u00e1xima eficacia.<\/p>\n<p>Estos motivos son los que han convertido a ZOTAL\u00ae en un producto casi imprescindible dentro del sector ganadero, ya que permite limpiar completamente estables, gallineros, perreras o manchas, acabando con todos aquellos microbios que pueden alterar el funcionamiento normal de estas instalaciones. Y no s\u00f3lo eso, sino que los olores poco agradables que a menudo nos podemos encontrar en estos sitios, desaparecer\u00e1n. <\/p>\n<p>Pero adem\u00e1s, cabe destacar que \u00e9ste no es el \u00fanico \u00e1mbito donde se puede utilizar, ya que su uso dom\u00e9stico est\u00e1 totalmente permitido, por lo que se puede utilizar para la limpieza y desinfecci\u00f3n de casas, almacenes, patios o recintos, entre otros, se encuentra homologado con el n\u00famero de registro 14-20\/40-0708 <\/p>\n","protected":false},"excerpt":{"rendered":"<p>ZOTAL es un producto desinfectante destinado a la eliminaci\u00f3n de g\u00e9rmenes. Adem\u00e1s, su acci\u00f3n desodorizante permite eliminar molestos aromas, proporcionando as\u00ed un ambiente de higiene y limpieza. <\/p>\n<p>&nbsp;<\/p>\n","protected":false},"featured_media":15042,"comment_status":"closed","ping_status":"closed","template":"","meta":[],"product_brand":[],"product_cat":[395,1812,1970],"product_tag":[],"class_list":{"0":"post-15044","1":"product","2":"type-product","3":"status-publish","4":"has-post-thumbnail","6":"product_cat-biocidas-es","7":"product_cat-gallineros","8":"product_cat-material-diverso","10":"first","11":"instock","12":"taxable","13":"shipping-taxable","14":"purchasable","15":"product-type-simple"},"yoast_head":"<!-- This site is optimized with the Yoast SEO plugin v27.4 - https:\/\/yoast.com\/product\/yoast-seo-wordpress\/ -->\n<title>Zotal, desinfectante para granjas y establos | SAIGA<\/title>\n<meta name=\"description\" content=\"ZOTAL es un producto desinfectante destinado a la eliminaci\u00f3n de g\u00e9rmenes. Adem\u00e1s, su acci\u00f3n desodorizante permite eliminar molestos aromas, proporcionando as\u00ed un ambiente de higiene y limpieza.\" \/>\n<meta name=\"robots\" content=\"index, follow, max-snippet:-1, max-image-preview:large, max-video-preview:-1\" \/>\n<link rel=\"canonical\" href=\"https:\/\/saiga.es\/es\/producto\/zotal-desinfectante-para-granjas-y-establos\/\" \/>\n<meta property=\"og:locale\" content=\"es_ES\" \/>\n<meta property=\"og:type\" content=\"article\" \/>\n<meta property=\"og:title\" content=\"Zotal, desinfectante para granjas y establos | SAIGA\" \/>\n<meta property=\"og:description\" content=\"ZOTAL es un producto desinfectante destinado a la eliminaci\u00f3n de g\u00e9rmenes. Adem\u00e1s, su acci\u00f3n desodorizante permite eliminar molestos aromas, proporcionando as\u00ed un ambiente de higiene y limpieza.\" \/>\n<meta property=\"og:url\" content=\"https:\/\/saiga.es\/es\/producto\/zotal-desinfectante-para-granjas-y-establos\/\" \/>\n<meta property=\"og:site_name\" content=\"SAIGA\" \/>\n<meta property=\"article:modified_time\" content=\"2025-12-10T12:04:32+00:00\" \/>\n<meta property=\"og:image\" content=\"https:\/\/saiga.es\/wp-content\/uploads\/2025\/06\/biotrituradora-honda-bio510-de-lloguer-2.jpg\" \/>\n\t<meta property=\"og:image:width\" content=\"1080\" \/>\n\t<meta property=\"og:image:height\" content=\"1080\" \/>\n\t<meta property=\"og:image:type\" content=\"image\/jpeg\" \/>\n<meta name=\"twitter:card\" content=\"summary_large_image\" \/>\n<meta name=\"twitter:site\" content=\"@saiga_agro\" \/>\n<meta name=\"twitter:label1\" content=\"Tiempo de lectura\" \/>\n\t<meta name=\"twitter:data1\" content=\"1 minuto\" \/>\n<script type=\"application\/ld+json\" class=\"yoast-schema-graph\">{\"@context\":\"https:\\\/\\\/schema.org\",\"@graph\":[{\"@type\":\"WebPage\",\"@id\":\"https:\\\/\\\/saiga.es\\\/es\\\/producto\\\/zotal-desinfectante-para-granjas-y-establos\\\/\",\"url\":\"https:\\\/\\\/saiga.es\\\/es\\\/producto\\\/zotal-desinfectante-para-granjas-y-establos\\\/\",\"name\":\"Zotal, desinfectante para granjas y establos | SAIGA\",\"isPartOf\":{\"@id\":\"https:\\\/\\\/saiga.es\\\/es\\\/#website\"},\"primaryImageOfPage\":{\"@id\":\"https:\\\/\\\/saiga.es\\\/es\\\/producto\\\/zotal-desinfectante-para-granjas-y-establos\\\/#primaryimage\"},\"image\":{\"@id\":\"https:\\\/\\\/saiga.es\\\/es\\\/producto\\\/zotal-desinfectante-para-granjas-y-establos\\\/#primaryimage\"},\"thumbnailUrl\":\"https:\\\/\\\/saiga.es\\\/wp-content\\\/uploads\\\/2025\\\/06\\\/biotrituradora-honda-bio510-de-lloguer-2.jpg\",\"datePublished\":\"2025-06-06T09:56:36+00:00\",\"dateModified\":\"2025-12-10T12:04:32+00:00\",\"description\":\"ZOTAL es un producto desinfectante destinado a la eliminaci\u00f3n de g\u00e9rmenes. Adem\u00e1s, su acci\u00f3n desodorizante permite eliminar molestos aromas, proporcionando as\u00ed un ambiente de higiene y limpieza.\",\"breadcrumb\":{\"@id\":\"https:\\\/\\\/saiga.es\\\/es\\\/producto\\\/zotal-desinfectante-para-granjas-y-establos\\\/#breadcrumb\"},\"inLanguage\":\"es\",\"potentialAction\":[{\"@type\":\"ReadAction\",\"target\":[\"https:\\\/\\\/saiga.es\\\/es\\\/producto\\\/zotal-desinfectante-para-granjas-y-establos\\\/\"]}]},{\"@type\":\"ImageObject\",\"inLanguage\":\"es\",\"@id\":\"https:\\\/\\\/saiga.es\\\/es\\\/producto\\\/zotal-desinfectante-para-granjas-y-establos\\\/#primaryimage\",\"url\":\"https:\\\/\\\/saiga.es\\\/wp-content\\\/uploads\\\/2025\\\/06\\\/biotrituradora-honda-bio510-de-lloguer-2.jpg\",\"contentUrl\":\"https:\\\/\\\/saiga.es\\\/wp-content\\\/uploads\\\/2025\\\/06\\\/biotrituradora-honda-bio510-de-lloguer-2.jpg\",\"width\":1080,\"height\":1080,\"caption\":\"Zotal desinfectante\"},{\"@type\":\"BreadcrumbList\",\"@id\":\"https:\\\/\\\/saiga.es\\\/es\\\/producto\\\/zotal-desinfectante-para-granjas-y-establos\\\/#breadcrumb\",\"itemListElement\":[{\"@type\":\"ListItem\",\"position\":1,\"name\":\"Inici\",\"item\":\"https:\\\/\\\/saiga.es\\\/es\\\/\"},{\"@type\":\"ListItem\",\"position\":2,\"name\":\"Tienda\",\"item\":\"https:\\\/\\\/saiga.es\\\/es\\\/tienda\\\/\"},{\"@type\":\"ListItem\",\"position\":3,\"name\":\"Zotal, desinfectante para granjas y establos\"}]},{\"@type\":\"WebSite\",\"@id\":\"https:\\\/\\\/saiga.es\\\/es\\\/#website\",\"url\":\"https:\\\/\\\/saiga.es\\\/es\\\/\",\"name\":\"SAIGA\",\"description\":\"M\u00e9s de 50 anys al servei de la terra i treballant per a un \u00fas eficient de l\u2019aigua!\",\"publisher\":{\"@id\":\"https:\\\/\\\/saiga.es\\\/es\\\/#organization\"},\"potentialAction\":[{\"@type\":\"SearchAction\",\"target\":{\"@type\":\"EntryPoint\",\"urlTemplate\":\"https:\\\/\\\/saiga.es\\\/es\\\/?s={search_term_string}\"},\"query-input\":{\"@type\":\"PropertyValueSpecification\",\"valueRequired\":true,\"valueName\":\"search_term_string\"}}],\"inLanguage\":\"es\"},{\"@type\":\"Organization\",\"@id\":\"https:\\\/\\\/saiga.es\\\/es\\\/#organization\",\"name\":\"SAIGA\",\"url\":\"https:\\\/\\\/saiga.es\\\/es\\\/\",\"logo\":{\"@type\":\"ImageObject\",\"inLanguage\":\"es\",\"@id\":\"https:\\\/\\\/saiga.es\\\/es\\\/#\\\/schema\\\/logo\\\/image\\\/\",\"url\":\"https:\\\/\\\/saiga.es\\\/wp-content\\\/uploads\\\/2025\\\/07\\\/logo_saiga_baseline_optimitzat.svg\",\"contentUrl\":\"https:\\\/\\\/saiga.es\\\/wp-content\\\/uploads\\\/2025\\\/07\\\/logo_saiga_baseline_optimitzat.svg\",\"caption\":\"SAIGA\"},\"image\":{\"@id\":\"https:\\\/\\\/saiga.es\\\/es\\\/#\\\/schema\\\/logo\\\/image\\\/\"},\"sameAs\":[\"https:\\\/\\\/x.com\\\/saiga_agro\",\"https:\\\/\\\/www.instagram.com\\\/saiga_agro\\\/\"]}]}<\/script>\n<!-- \/ Yoast SEO plugin. -->","yoast_head_json":{"title":"Zotal, desinfectante para granjas y establos | SAIGA","description":"ZOTAL es un producto desinfectante destinado a la eliminaci\u00f3n de g\u00e9rmenes. Adem\u00e1s, su acci\u00f3n desodorizante permite eliminar molestos aromas, proporcionando as\u00ed un ambiente de higiene y limpieza.","robots":{"index":"index","follow":"follow","max-snippet":"max-snippet:-1","max-image-preview":"max-image-preview:large","max-video-preview":"max-video-preview:-1"},"canonical":"https:\/\/saiga.es\/es\/producto\/zotal-desinfectante-para-granjas-y-establos\/","og_locale":"es_ES","og_type":"article","og_title":"Zotal, desinfectante para granjas y establos | SAIGA","og_description":"ZOTAL es un producto desinfectante destinado a la eliminaci\u00f3n de g\u00e9rmenes. Adem\u00e1s, su acci\u00f3n desodorizante permite eliminar molestos aromas, proporcionando as\u00ed un ambiente de higiene y limpieza.","og_url":"https:\/\/saiga.es\/es\/producto\/zotal-desinfectante-para-granjas-y-establos\/","og_site_name":"SAIGA","article_modified_time":"2025-12-10T12:04:32+00:00","og_image":[{"width":1080,"height":1080,"url":"https:\/\/saiga.es\/wp-content\/uploads\/2025\/06\/biotrituradora-honda-bio510-de-lloguer-2.jpg","type":"image\/jpeg"}],"twitter_card":"summary_large_image","twitter_site":"@saiga_agro","twitter_misc":{"Tiempo de lectura":"1 minuto"},"schema":{"@context":"https:\/\/schema.org","@graph":[{"@type":"WebPage","@id":"https:\/\/saiga.es\/es\/producto\/zotal-desinfectante-para-granjas-y-establos\/","url":"https:\/\/saiga.es\/es\/producto\/zotal-desinfectante-para-granjas-y-establos\/","name":"Zotal, desinfectante para granjas y establos | SAIGA","isPartOf":{"@id":"https:\/\/saiga.es\/es\/#website"},"primaryImageOfPage":{"@id":"https:\/\/saiga.es\/es\/producto\/zotal-desinfectante-para-granjas-y-establos\/#primaryimage"},"image":{"@id":"https:\/\/saiga.es\/es\/producto\/zotal-desinfectante-para-granjas-y-establos\/#primaryimage"},"thumbnailUrl":"https:\/\/saiga.es\/wp-content\/uploads\/2025\/06\/biotrituradora-honda-bio510-de-lloguer-2.jpg","datePublished":"2025-06-06T09:56:36+00:00","dateModified":"2025-12-10T12:04:32+00:00","description":"ZOTAL es un producto desinfectante destinado a la eliminaci\u00f3n de g\u00e9rmenes. Adem\u00e1s, su acci\u00f3n desodorizante permite eliminar molestos aromas, proporcionando as\u00ed un ambiente de higiene y limpieza.","breadcrumb":{"@id":"https:\/\/saiga.es\/es\/producto\/zotal-desinfectante-para-granjas-y-establos\/#breadcrumb"},"inLanguage":"es","potentialAction":[{"@type":"ReadAction","target":["https:\/\/saiga.es\/es\/producto\/zotal-desinfectante-para-granjas-y-establos\/"]}]},{"@type":"ImageObject","inLanguage":"es","@id":"https:\/\/saiga.es\/es\/producto\/zotal-desinfectante-para-granjas-y-establos\/#primaryimage","url":"https:\/\/saiga.es\/wp-content\/uploads\/2025\/06\/biotrituradora-honda-bio510-de-lloguer-2.jpg","contentUrl":"https:\/\/saiga.es\/wp-content\/uploads\/2025\/06\/biotrituradora-honda-bio510-de-lloguer-2.jpg","width":1080,"height":1080,"caption":"Zotal desinfectante"},{"@type":"BreadcrumbList","@id":"https:\/\/saiga.es\/es\/producto\/zotal-desinfectante-para-granjas-y-establos\/#breadcrumb","itemListElement":[{"@type":"ListItem","position":1,"name":"Inici","item":"https:\/\/saiga.es\/es\/"},{"@type":"ListItem","position":2,"name":"Tienda","item":"https:\/\/saiga.es\/es\/tienda\/"},{"@type":"ListItem","position":3,"name":"Zotal, desinfectante para granjas y establos"}]},{"@type":"WebSite","@id":"https:\/\/saiga.es\/es\/#website","url":"https:\/\/saiga.es\/es\/","name":"SAIGA","description":"M\u00e9s de 50 anys al servei de la terra i treballant per a un \u00fas eficient de l\u2019aigua!","publisher":{"@id":"https:\/\/saiga.es\/es\/#organization"},"potentialAction":[{"@type":"SearchAction","target":{"@type":"EntryPoint","urlTemplate":"https:\/\/saiga.es\/es\/?s={search_term_string}"},"query-input":{"@type":"PropertyValueSpecification","valueRequired":true,"valueName":"search_term_string"}}],"inLanguage":"es"},{"@type":"Organization","@id":"https:\/\/saiga.es\/es\/#organization","name":"SAIGA","url":"https:\/\/saiga.es\/es\/","logo":{"@type":"ImageObject","inLanguage":"es","@id":"https:\/\/saiga.es\/es\/#\/schema\/logo\/image\/","url":"https:\/\/saiga.es\/wp-content\/uploads\/2025\/07\/logo_saiga_baseline_optimitzat.svg","contentUrl":"https:\/\/saiga.es\/wp-content\/uploads\/2025\/07\/logo_saiga_baseline_optimitzat.svg","caption":"SAIGA"},"image":{"@id":"https:\/\/saiga.es\/es\/#\/schema\/logo\/image\/"},"sameAs":["https:\/\/x.com\/saiga_agro","https:\/\/www.instagram.com\/saiga_agro\/"]}]}},"_links":{"self":[{"href":"https:\/\/saiga.es\/es\/wp-json\/wp\/v2\/product\/15044","targetHints":{"allow":["GET"]}}],"collection":[{"href":"https:\/\/saiga.es\/es\/wp-json\/wp\/v2\/product"}],"about":[{"href":"https:\/\/saiga.es\/es\/wp-json\/wp\/v2\/types\/product"}],"replies":[{"embeddable":true,"href":"https:\/\/saiga.es\/es\/wp-json\/wp\/v2\/comments?post=15044"}],"wp:featuredmedia":[{"embeddable":true,"href":"https:\/\/saiga.es\/es\/wp-json\/wp\/v2\/media\/15042"}],"wp:attachment":[{"href":"https:\/\/saiga.es\/es\/wp-json\/wp\/v2\/media?parent=15044"}],"wp:term":[{"taxonomy":"product_brand","embeddable":true,"href":"https:\/\/saiga.es\/es\/wp-json\/wp\/v2\/product_brand?post=15044"},{"taxonomy":"product_cat","embeddable":true,"href":"https:\/\/saiga.es\/es\/wp-json\/wp\/v2\/product_cat?post=15044"},{"taxonomy":"product_tag","embeddable":true,"href":"https:\/\/saiga.es\/es\/wp-json\/wp\/v2\/product_tag?post=15044"}],"curies":[{"name":"wp","href":"https:\/\/api.w.org\/{rel}","templated":true}]}}