{"id":15297,"date":"2025-07-02T09:08:07","date_gmt":"2025-07-02T09:08:07","guid":{"rendered":"https:\/\/botiga.saiga.es\/producte\/parasital-pro-herbal-antimosquitos-y-garrapatas\/"},"modified":"2025-12-10T12:03:02","modified_gmt":"2025-12-10T12:03:02","slug":"parasital-pro-herbal-antimosquitos-y-garrapatas","status":"publish","type":"product","link":"https:\/\/saiga.es\/es\/producto\/parasital-pro-herbal-antimosquitos-y-garrapatas\/","title":{"rendered":"Parasital Pro Herbal, antimosquitos y garrapatas"},"content":{"rendered":"<p>Parasital Pro Spray Repelente de Insectos de Uso Humano es un producto repelente para evitar las picaduras y otros insectos, sobre la base de citrodiol, activo de origen vegetal que proporciona un per\u00edodo de protecci\u00f3n de hasta 5 horas. Es eficaz incluso frente al mosquito tigre para lo que proporciona hasta 6 horas de protecci\u00f3n. <\/p>\n<p>Aplicar 6-7 pulverizaciones por extremidad y extender uniformemente. No pulverizar directamente en la cara, sino aplicar previamente en las manos. Evitar el contacto con los ojos, mucosas, zonas sensibles o enfermas de la piel y heridas. No aplicar en manos de los ni\u00f1os. No utilizar en ni\u00f1os menores de 3 a\u00f1os. Utilice con precauci\u00f3n en ni\u00f1os menores de 6 a\u00f1os, bajo la supervisi\u00f3n de un adulto. Aplicar el producto cuando las condiciones externas as\u00ed lo aconsejen. La aplicaci\u00f3n frecuente y repetida es innecesaria.       <\/p>\n","protected":false},"excerpt":{"rendered":"<p>Parasital Pro Spray Repelente de Insectos de Uso Humano es un producto repelente para evitar las picaduras y otros insectos como garrapatas, sobre la base de citrodiol, activo de origen vegetal que proporciona un per\u00edodo de protecci\u00f3n de hasta 5 horas.<\/p>\n","protected":false},"featured_media":15295,"comment_status":"closed","ping_status":"closed","template":"","meta":[],"product_brand":[2248],"product_cat":[181,157],"product_tag":[1477,2192,2191],"class_list":{"0":"post-15297","1":"product","2":"type-product","3":"status-publish","4":"has-post-thumbnail","6":"product_brand-zotal-es","7":"product_cat-insecticidas","8":"product_cat-biocidas","9":"product_tag-antimosquitos","10":"product_tag-antipaparras","11":"product_tag-garrapatas","13":"first","14":"instock","15":"taxable","16":"shipping-taxable","17":"purchasable","18":"product-type-simple"},"yoast_head":"<!-- This site is optimized with the Yoast SEO plugin v27.4 - https:\/\/yoast.com\/product\/yoast-seo-wordpress\/ -->\n<title>Parasital Pro Herbal, antimosquitos y garrapatas | SAIGA<\/title>\n<meta name=\"description\" content=\"Parasital Pro Spray Repelente de Insectos de Uso Humano es un producto repelente para evitar las picaduras y otros insectos como garrapatas.\" \/>\n<meta name=\"robots\" content=\"index, follow, max-snippet:-1, max-image-preview:large, max-video-preview:-1\" \/>\n<link rel=\"canonical\" href=\"https:\/\/saiga.es\/es\/producto\/parasital-pro-herbal-antimosquitos-y-garrapatas\/\" \/>\n<meta property=\"og:locale\" content=\"es_ES\" \/>\n<meta property=\"og:type\" content=\"article\" \/>\n<meta property=\"og:title\" content=\"Parasital Pro Herbal, antimosquitos y garrapatas | SAIGA\" \/>\n<meta property=\"og:description\" content=\"Parasital Pro Spray Repelente de Insectos de Uso Humano es un producto repelente para evitar las picaduras y otros insectos como garrapatas.\" \/>\n<meta property=\"og:url\" content=\"https:\/\/saiga.es\/es\/producto\/parasital-pro-herbal-antimosquitos-y-garrapatas\/\" \/>\n<meta property=\"og:site_name\" content=\"SAIGA\" \/>\n<meta property=\"article:modified_time\" content=\"2025-12-10T12:03:02+00:00\" \/>\n<meta property=\"og:image\" content=\"https:\/\/saiga.es\/wp-content\/uploads\/2025\/07\/Parasital-Pro-herbal.jpg\" \/>\n\t<meta property=\"og:image:width\" content=\"1080\" \/>\n\t<meta property=\"og:image:height\" content=\"1080\" \/>\n\t<meta property=\"og:image:type\" content=\"image\/jpeg\" \/>\n<meta name=\"twitter:card\" content=\"summary_large_image\" \/>\n<meta name=\"twitter:site\" content=\"@saiga_agro\" \/>\n<meta name=\"twitter:label1\" content=\"Tiempo de lectura\" \/>\n\t<meta name=\"twitter:data1\" content=\"1 minuto\" \/>\n<script type=\"application\/ld+json\" class=\"yoast-schema-graph\">{\"@context\":\"https:\\\/\\\/schema.org\",\"@graph\":[{\"@type\":\"WebPage\",\"@id\":\"https:\\\/\\\/saiga.es\\\/es\\\/producto\\\/parasital-pro-herbal-antimosquitos-y-garrapatas\\\/\",\"url\":\"https:\\\/\\\/saiga.es\\\/es\\\/producto\\\/parasital-pro-herbal-antimosquitos-y-garrapatas\\\/\",\"name\":\"Parasital Pro Herbal, antimosquitos y garrapatas | SAIGA\",\"isPartOf\":{\"@id\":\"https:\\\/\\\/saiga.es\\\/es\\\/#website\"},\"primaryImageOfPage\":{\"@id\":\"https:\\\/\\\/saiga.es\\\/es\\\/producto\\\/parasital-pro-herbal-antimosquitos-y-garrapatas\\\/#primaryimage\"},\"image\":{\"@id\":\"https:\\\/\\\/saiga.es\\\/es\\\/producto\\\/parasital-pro-herbal-antimosquitos-y-garrapatas\\\/#primaryimage\"},\"thumbnailUrl\":\"https:\\\/\\\/saiga.es\\\/wp-content\\\/uploads\\\/2025\\\/07\\\/Parasital-Pro-herbal.jpg\",\"datePublished\":\"2025-07-02T09:08:07+00:00\",\"dateModified\":\"2025-12-10T12:03:02+00:00\",\"description\":\"Parasital Pro Spray Repelente de Insectos de Uso Humano es un producto repelente para evitar las picaduras y otros insectos como garrapatas.\",\"breadcrumb\":{\"@id\":\"https:\\\/\\\/saiga.es\\\/es\\\/producto\\\/parasital-pro-herbal-antimosquitos-y-garrapatas\\\/#breadcrumb\"},\"inLanguage\":\"es\",\"potentialAction\":[{\"@type\":\"ReadAction\",\"target\":[\"https:\\\/\\\/saiga.es\\\/es\\\/producto\\\/parasital-pro-herbal-antimosquitos-y-garrapatas\\\/\"]}]},{\"@type\":\"ImageObject\",\"inLanguage\":\"es\",\"@id\":\"https:\\\/\\\/saiga.es\\\/es\\\/producto\\\/parasital-pro-herbal-antimosquitos-y-garrapatas\\\/#primaryimage\",\"url\":\"https:\\\/\\\/saiga.es\\\/wp-content\\\/uploads\\\/2025\\\/07\\\/Parasital-Pro-herbal.jpg\",\"contentUrl\":\"https:\\\/\\\/saiga.es\\\/wp-content\\\/uploads\\\/2025\\\/07\\\/Parasital-Pro-herbal.jpg\",\"width\":1080,\"height\":1080,\"caption\":\"Parasital Pro Herbal\"},{\"@type\":\"BreadcrumbList\",\"@id\":\"https:\\\/\\\/saiga.es\\\/es\\\/producto\\\/parasital-pro-herbal-antimosquitos-y-garrapatas\\\/#breadcrumb\",\"itemListElement\":[{\"@type\":\"ListItem\",\"position\":1,\"name\":\"Inici\",\"item\":\"https:\\\/\\\/saiga.es\\\/es\\\/\"},{\"@type\":\"ListItem\",\"position\":2,\"name\":\"Tienda\",\"item\":\"https:\\\/\\\/saiga.es\\\/es\\\/tienda\\\/\"},{\"@type\":\"ListItem\",\"position\":3,\"name\":\"Parasital Pro Herbal, antimosquitos y garrapatas\"}]},{\"@type\":\"WebSite\",\"@id\":\"https:\\\/\\\/saiga.es\\\/es\\\/#website\",\"url\":\"https:\\\/\\\/saiga.es\\\/es\\\/\",\"name\":\"SAIGA\",\"description\":\"M\u00e9s de 50 anys al servei de la terra i treballant per a un \u00fas eficient de l\u2019aigua!\",\"publisher\":{\"@id\":\"https:\\\/\\\/saiga.es\\\/es\\\/#organization\"},\"potentialAction\":[{\"@type\":\"SearchAction\",\"target\":{\"@type\":\"EntryPoint\",\"urlTemplate\":\"https:\\\/\\\/saiga.es\\\/es\\\/?s={search_term_string}\"},\"query-input\":{\"@type\":\"PropertyValueSpecification\",\"valueRequired\":true,\"valueName\":\"search_term_string\"}}],\"inLanguage\":\"es\"},{\"@type\":\"Organization\",\"@id\":\"https:\\\/\\\/saiga.es\\\/es\\\/#organization\",\"name\":\"SAIGA\",\"url\":\"https:\\\/\\\/saiga.es\\\/es\\\/\",\"logo\":{\"@type\":\"ImageObject\",\"inLanguage\":\"es\",\"@id\":\"https:\\\/\\\/saiga.es\\\/es\\\/#\\\/schema\\\/logo\\\/image\\\/\",\"url\":\"https:\\\/\\\/saiga.es\\\/wp-content\\\/uploads\\\/2025\\\/07\\\/logo_saiga_baseline_optimitzat.svg\",\"contentUrl\":\"https:\\\/\\\/saiga.es\\\/wp-content\\\/uploads\\\/2025\\\/07\\\/logo_saiga_baseline_optimitzat.svg\",\"caption\":\"SAIGA\"},\"image\":{\"@id\":\"https:\\\/\\\/saiga.es\\\/es\\\/#\\\/schema\\\/logo\\\/image\\\/\"},\"sameAs\":[\"https:\\\/\\\/x.com\\\/saiga_agro\",\"https:\\\/\\\/www.instagram.com\\\/saiga_agro\\\/\"]}]}<\/script>\n<!-- \/ Yoast SEO plugin. -->","yoast_head_json":{"title":"Parasital Pro Herbal, antimosquitos y garrapatas | SAIGA","description":"Parasital Pro Spray Repelente de Insectos de Uso Humano es un producto repelente para evitar las picaduras y otros insectos como garrapatas.","robots":{"index":"index","follow":"follow","max-snippet":"max-snippet:-1","max-image-preview":"max-image-preview:large","max-video-preview":"max-video-preview:-1"},"canonical":"https:\/\/saiga.es\/es\/producto\/parasital-pro-herbal-antimosquitos-y-garrapatas\/","og_locale":"es_ES","og_type":"article","og_title":"Parasital Pro Herbal, antimosquitos y garrapatas | SAIGA","og_description":"Parasital Pro Spray Repelente de Insectos de Uso Humano es un producto repelente para evitar las picaduras y otros insectos como garrapatas.","og_url":"https:\/\/saiga.es\/es\/producto\/parasital-pro-herbal-antimosquitos-y-garrapatas\/","og_site_name":"SAIGA","article_modified_time":"2025-12-10T12:03:02+00:00","og_image":[{"width":1080,"height":1080,"url":"https:\/\/saiga.es\/wp-content\/uploads\/2025\/07\/Parasital-Pro-herbal.jpg","type":"image\/jpeg"}],"twitter_card":"summary_large_image","twitter_site":"@saiga_agro","twitter_misc":{"Tiempo de lectura":"1 minuto"},"schema":{"@context":"https:\/\/schema.org","@graph":[{"@type":"WebPage","@id":"https:\/\/saiga.es\/es\/producto\/parasital-pro-herbal-antimosquitos-y-garrapatas\/","url":"https:\/\/saiga.es\/es\/producto\/parasital-pro-herbal-antimosquitos-y-garrapatas\/","name":"Parasital Pro Herbal, antimosquitos y garrapatas | SAIGA","isPartOf":{"@id":"https:\/\/saiga.es\/es\/#website"},"primaryImageOfPage":{"@id":"https:\/\/saiga.es\/es\/producto\/parasital-pro-herbal-antimosquitos-y-garrapatas\/#primaryimage"},"image":{"@id":"https:\/\/saiga.es\/es\/producto\/parasital-pro-herbal-antimosquitos-y-garrapatas\/#primaryimage"},"thumbnailUrl":"https:\/\/saiga.es\/wp-content\/uploads\/2025\/07\/Parasital-Pro-herbal.jpg","datePublished":"2025-07-02T09:08:07+00:00","dateModified":"2025-12-10T12:03:02+00:00","description":"Parasital Pro Spray Repelente de Insectos de Uso Humano es un producto repelente para evitar las picaduras y otros insectos como garrapatas.","breadcrumb":{"@id":"https:\/\/saiga.es\/es\/producto\/parasital-pro-herbal-antimosquitos-y-garrapatas\/#breadcrumb"},"inLanguage":"es","potentialAction":[{"@type":"ReadAction","target":["https:\/\/saiga.es\/es\/producto\/parasital-pro-herbal-antimosquitos-y-garrapatas\/"]}]},{"@type":"ImageObject","inLanguage":"es","@id":"https:\/\/saiga.es\/es\/producto\/parasital-pro-herbal-antimosquitos-y-garrapatas\/#primaryimage","url":"https:\/\/saiga.es\/wp-content\/uploads\/2025\/07\/Parasital-Pro-herbal.jpg","contentUrl":"https:\/\/saiga.es\/wp-content\/uploads\/2025\/07\/Parasital-Pro-herbal.jpg","width":1080,"height":1080,"caption":"Parasital Pro Herbal"},{"@type":"BreadcrumbList","@id":"https:\/\/saiga.es\/es\/producto\/parasital-pro-herbal-antimosquitos-y-garrapatas\/#breadcrumb","itemListElement":[{"@type":"ListItem","position":1,"name":"Inici","item":"https:\/\/saiga.es\/es\/"},{"@type":"ListItem","position":2,"name":"Tienda","item":"https:\/\/saiga.es\/es\/tienda\/"},{"@type":"ListItem","position":3,"name":"Parasital Pro Herbal, antimosquitos y garrapatas"}]},{"@type":"WebSite","@id":"https:\/\/saiga.es\/es\/#website","url":"https:\/\/saiga.es\/es\/","name":"SAIGA","description":"M\u00e9s de 50 anys al servei de la terra i treballant per a un \u00fas eficient de l\u2019aigua!","publisher":{"@id":"https:\/\/saiga.es\/es\/#organization"},"potentialAction":[{"@type":"SearchAction","target":{"@type":"EntryPoint","urlTemplate":"https:\/\/saiga.es\/es\/?s={search_term_string}"},"query-input":{"@type":"PropertyValueSpecification","valueRequired":true,"valueName":"search_term_string"}}],"inLanguage":"es"},{"@type":"Organization","@id":"https:\/\/saiga.es\/es\/#organization","name":"SAIGA","url":"https:\/\/saiga.es\/es\/","logo":{"@type":"ImageObject","inLanguage":"es","@id":"https:\/\/saiga.es\/es\/#\/schema\/logo\/image\/","url":"https:\/\/saiga.es\/wp-content\/uploads\/2025\/07\/logo_saiga_baseline_optimitzat.svg","contentUrl":"https:\/\/saiga.es\/wp-content\/uploads\/2025\/07\/logo_saiga_baseline_optimitzat.svg","caption":"SAIGA"},"image":{"@id":"https:\/\/saiga.es\/es\/#\/schema\/logo\/image\/"},"sameAs":["https:\/\/x.com\/saiga_agro","https:\/\/www.instagram.com\/saiga_agro\/"]}]}},"_links":{"self":[{"href":"https:\/\/saiga.es\/es\/wp-json\/wp\/v2\/product\/15297","targetHints":{"allow":["GET"]}}],"collection":[{"href":"https:\/\/saiga.es\/es\/wp-json\/wp\/v2\/product"}],"about":[{"href":"https:\/\/saiga.es\/es\/wp-json\/wp\/v2\/types\/product"}],"replies":[{"embeddable":true,"href":"https:\/\/saiga.es\/es\/wp-json\/wp\/v2\/comments?post=15297"}],"wp:featuredmedia":[{"embeddable":true,"href":"https:\/\/saiga.es\/es\/wp-json\/wp\/v2\/media\/15295"}],"wp:attachment":[{"href":"https:\/\/saiga.es\/es\/wp-json\/wp\/v2\/media?parent=15297"}],"wp:term":[{"taxonomy":"product_brand","embeddable":true,"href":"https:\/\/saiga.es\/es\/wp-json\/wp\/v2\/product_brand?post=15297"},{"taxonomy":"product_cat","embeddable":true,"href":"https:\/\/saiga.es\/es\/wp-json\/wp\/v2\/product_cat?post=15297"},{"taxonomy":"product_tag","embeddable":true,"href":"https:\/\/saiga.es\/es\/wp-json\/wp\/v2\/product_tag?post=15297"}],"curies":[{"name":"wp","href":"https:\/\/api.w.org\/{rel}","templated":true}]}}