{"id":15312,"date":"2025-07-07T14:01:38","date_gmt":"2025-07-07T14:01:38","guid":{"rendered":"https:\/\/botiga.saiga.es\/producte\/trampa-picudo-de-la-palmera\/"},"modified":"2025-12-10T12:02:08","modified_gmt":"2025-12-10T12:02:08","slug":"trampa-picudo-de-la-palmera","status":"publish","type":"product","link":"https:\/\/saiga.es\/es\/producto\/trampa-picudo-de-la-palmera\/","title":{"rendered":"Trampa Picudo de la Palmera"},"content":{"rendered":"<p>La trampa SOSpalm es una herramienta eficaz, ecol\u00f3gica y duradera para el control del picudo rojo de las palmeras (Rhynchophorus ferrugineus). Dise\u00f1ada espec\u00edficamente para la captura masiva de este escarabajo invasor, su forma c\u00f3nica optimiza la entrada de los insectos e impide su salida, maximizando as\u00ed la efectividad del control biot\u00e9cnico. <\/p>\n<p>Caracter\u00edsticas destacadas:<\/p>\n<ul>\n<li>Dise\u00f1o robusto y resistente a la intemperie, fabricada con materiales de calidad para una larga durabilidad en el exterior.<\/li>\n<li>Color negro mate que favorece la atracci\u00f3n visual del picudo rojo.<\/li>\n<li>Tapa superior verde con entradas estrat\u00e9gicas, que permiten una difusi\u00f3n \u00f3ptima de los feromonas y atrayentes alimenticios.<\/li>\n<li>Montaje sencillo y m\u00ednimo mantenimiento.<\/li>\n<\/ul>\n<p>Funcionamiento:<br \/>\nLa trampa se utiliza en combinaci\u00f3n con feromonas espec\u00edficas y atrayentes alimenticios que atraen el picudo rojo en el interior. Una vez dentro, su forma y estructura impiden que pueda escapar. <\/p>\n<p>Aplicaciones principales:<\/p>\n<ul>\n<li>Lucha integrada y ecol\u00f3gica en espacios p\u00fablicos, jardines, parques y zonas agr\u00edcolas.<\/li>\n<li>Complemento ideal a tratamientos fitosanitarios para reducir las poblaciones de picudo rojo de forma selectiva y sin impacto ambiental.<\/li>\n<\/ul>\n<p>Conf\u00eda en SOSPalm para proteger tus palmeras de forma eficiente y sostenible.<\/p>\n","protected":false},"excerpt":{"rendered":"<p>La trampa SOSpalm es una herramienta eficaz, ecol\u00f3gica y duradera para el control del picudo rojo de las palmeras (Rhynchophorus ferrugineus).<\/p>\n","protected":false},"featured_media":15308,"comment_status":"closed","ping_status":"closed","template":"","meta":[],"product_brand":[],"product_cat":[157],"product_tag":[2195,1566],"class_list":{"0":"post-15312","1":"product","2":"type-product","3":"status-publish","4":"has-post-thumbnail","6":"product_cat-biocidas","7":"product_tag-picudo-de-las-palmeras","8":"product_tag-trampa-es","10":"first","11":"instock","12":"taxable","13":"shipping-taxable","14":"purchasable","15":"product-type-simple"},"yoast_head":"<!-- This site is optimized with the Yoast SEO plugin v27.4 - https:\/\/yoast.com\/product\/yoast-seo-wordpress\/ -->\n<title>Trampa Picudo de la Palmera | SAIGA<\/title>\n<meta name=\"description\" content=\"La trampa SOSpalm es una herramienta eficaz, ecol\u00f3gica y duradera para el control del picudo rojo de las palmeras (Rhynchophorus ferrugineus).\" \/>\n<meta name=\"robots\" content=\"index, follow, max-snippet:-1, max-image-preview:large, max-video-preview:-1\" \/>\n<link rel=\"canonical\" href=\"https:\/\/saiga.es\/es\/producto\/trampa-picudo-de-la-palmera\/\" \/>\n<meta property=\"og:locale\" content=\"es_ES\" \/>\n<meta property=\"og:type\" content=\"article\" \/>\n<meta property=\"og:title\" content=\"Trampa Picudo de la Palmera | SAIGA\" \/>\n<meta property=\"og:description\" content=\"La trampa SOSpalm es una herramienta eficaz, ecol\u00f3gica y duradera para el control del picudo rojo de las palmeras (Rhynchophorus ferrugineus).\" \/>\n<meta property=\"og:url\" content=\"https:\/\/saiga.es\/es\/producto\/trampa-picudo-de-la-palmera\/\" \/>\n<meta property=\"og:site_name\" content=\"SAIGA\" \/>\n<meta property=\"article:modified_time\" content=\"2025-12-10T12:02:08+00:00\" \/>\n<meta property=\"og:image\" content=\"https:\/\/saiga.es\/wp-content\/uploads\/2025\/07\/Trampa-morrut.jpg\" \/>\n\t<meta property=\"og:image:width\" content=\"1080\" \/>\n\t<meta property=\"og:image:height\" content=\"1080\" \/>\n\t<meta property=\"og:image:type\" content=\"image\/jpeg\" \/>\n<meta name=\"twitter:card\" content=\"summary_large_image\" \/>\n<meta name=\"twitter:site\" content=\"@saiga_agro\" \/>\n<meta name=\"twitter:label1\" content=\"Tiempo de lectura\" \/>\n\t<meta name=\"twitter:data1\" content=\"1 minuto\" \/>\n<script type=\"application\/ld+json\" class=\"yoast-schema-graph\">{\"@context\":\"https:\\\/\\\/schema.org\",\"@graph\":[{\"@type\":\"WebPage\",\"@id\":\"https:\\\/\\\/saiga.es\\\/es\\\/producto\\\/trampa-picudo-de-la-palmera\\\/\",\"url\":\"https:\\\/\\\/saiga.es\\\/es\\\/producto\\\/trampa-picudo-de-la-palmera\\\/\",\"name\":\"Trampa Picudo de la Palmera | SAIGA\",\"isPartOf\":{\"@id\":\"https:\\\/\\\/saiga.es\\\/es\\\/#website\"},\"primaryImageOfPage\":{\"@id\":\"https:\\\/\\\/saiga.es\\\/es\\\/producto\\\/trampa-picudo-de-la-palmera\\\/#primaryimage\"},\"image\":{\"@id\":\"https:\\\/\\\/saiga.es\\\/es\\\/producto\\\/trampa-picudo-de-la-palmera\\\/#primaryimage\"},\"thumbnailUrl\":\"https:\\\/\\\/saiga.es\\\/wp-content\\\/uploads\\\/2025\\\/07\\\/Trampa-morrut.jpg\",\"datePublished\":\"2025-07-07T14:01:38+00:00\",\"dateModified\":\"2025-12-10T12:02:08+00:00\",\"description\":\"La trampa SOSpalm es una herramienta eficaz, ecol\u00f3gica y duradera para el control del picudo rojo de las palmeras (Rhynchophorus ferrugineus).\",\"breadcrumb\":{\"@id\":\"https:\\\/\\\/saiga.es\\\/es\\\/producto\\\/trampa-picudo-de-la-palmera\\\/#breadcrumb\"},\"inLanguage\":\"es\",\"potentialAction\":[{\"@type\":\"ReadAction\",\"target\":[\"https:\\\/\\\/saiga.es\\\/es\\\/producto\\\/trampa-picudo-de-la-palmera\\\/\"]}]},{\"@type\":\"ImageObject\",\"inLanguage\":\"es\",\"@id\":\"https:\\\/\\\/saiga.es\\\/es\\\/producto\\\/trampa-picudo-de-la-palmera\\\/#primaryimage\",\"url\":\"https:\\\/\\\/saiga.es\\\/wp-content\\\/uploads\\\/2025\\\/07\\\/Trampa-morrut.jpg\",\"contentUrl\":\"https:\\\/\\\/saiga.es\\\/wp-content\\\/uploads\\\/2025\\\/07\\\/Trampa-morrut.jpg\",\"width\":1080,\"height\":1080,\"caption\":\"Trampa Picudo de las palmeras\"},{\"@type\":\"BreadcrumbList\",\"@id\":\"https:\\\/\\\/saiga.es\\\/es\\\/producto\\\/trampa-picudo-de-la-palmera\\\/#breadcrumb\",\"itemListElement\":[{\"@type\":\"ListItem\",\"position\":1,\"name\":\"Inici\",\"item\":\"https:\\\/\\\/saiga.es\\\/es\\\/\"},{\"@type\":\"ListItem\",\"position\":2,\"name\":\"Tienda\",\"item\":\"https:\\\/\\\/saiga.es\\\/es\\\/tienda\\\/\"},{\"@type\":\"ListItem\",\"position\":3,\"name\":\"Trampa Picudo de la Palmera\"}]},{\"@type\":\"WebSite\",\"@id\":\"https:\\\/\\\/saiga.es\\\/es\\\/#website\",\"url\":\"https:\\\/\\\/saiga.es\\\/es\\\/\",\"name\":\"SAIGA\",\"description\":\"M\u00e9s de 50 anys al servei de la terra i treballant per a un \u00fas eficient de l\u2019aigua!\",\"publisher\":{\"@id\":\"https:\\\/\\\/saiga.es\\\/es\\\/#organization\"},\"potentialAction\":[{\"@type\":\"SearchAction\",\"target\":{\"@type\":\"EntryPoint\",\"urlTemplate\":\"https:\\\/\\\/saiga.es\\\/es\\\/?s={search_term_string}\"},\"query-input\":{\"@type\":\"PropertyValueSpecification\",\"valueRequired\":true,\"valueName\":\"search_term_string\"}}],\"inLanguage\":\"es\"},{\"@type\":\"Organization\",\"@id\":\"https:\\\/\\\/saiga.es\\\/es\\\/#organization\",\"name\":\"SAIGA\",\"url\":\"https:\\\/\\\/saiga.es\\\/es\\\/\",\"logo\":{\"@type\":\"ImageObject\",\"inLanguage\":\"es\",\"@id\":\"https:\\\/\\\/saiga.es\\\/es\\\/#\\\/schema\\\/logo\\\/image\\\/\",\"url\":\"https:\\\/\\\/saiga.es\\\/wp-content\\\/uploads\\\/2025\\\/07\\\/logo_saiga_baseline_optimitzat.svg\",\"contentUrl\":\"https:\\\/\\\/saiga.es\\\/wp-content\\\/uploads\\\/2025\\\/07\\\/logo_saiga_baseline_optimitzat.svg\",\"caption\":\"SAIGA\"},\"image\":{\"@id\":\"https:\\\/\\\/saiga.es\\\/es\\\/#\\\/schema\\\/logo\\\/image\\\/\"},\"sameAs\":[\"https:\\\/\\\/x.com\\\/saiga_agro\",\"https:\\\/\\\/www.instagram.com\\\/saiga_agro\\\/\"]}]}<\/script>\n<!-- \/ Yoast SEO plugin. -->","yoast_head_json":{"title":"Trampa Picudo de la Palmera | SAIGA","description":"La trampa SOSpalm es una herramienta eficaz, ecol\u00f3gica y duradera para el control del picudo rojo de las palmeras (Rhynchophorus ferrugineus).","robots":{"index":"index","follow":"follow","max-snippet":"max-snippet:-1","max-image-preview":"max-image-preview:large","max-video-preview":"max-video-preview:-1"},"canonical":"https:\/\/saiga.es\/es\/producto\/trampa-picudo-de-la-palmera\/","og_locale":"es_ES","og_type":"article","og_title":"Trampa Picudo de la Palmera | SAIGA","og_description":"La trampa SOSpalm es una herramienta eficaz, ecol\u00f3gica y duradera para el control del picudo rojo de las palmeras (Rhynchophorus ferrugineus).","og_url":"https:\/\/saiga.es\/es\/producto\/trampa-picudo-de-la-palmera\/","og_site_name":"SAIGA","article_modified_time":"2025-12-10T12:02:08+00:00","og_image":[{"width":1080,"height":1080,"url":"https:\/\/saiga.es\/wp-content\/uploads\/2025\/07\/Trampa-morrut.jpg","type":"image\/jpeg"}],"twitter_card":"summary_large_image","twitter_site":"@saiga_agro","twitter_misc":{"Tiempo de lectura":"1 minuto"},"schema":{"@context":"https:\/\/schema.org","@graph":[{"@type":"WebPage","@id":"https:\/\/saiga.es\/es\/producto\/trampa-picudo-de-la-palmera\/","url":"https:\/\/saiga.es\/es\/producto\/trampa-picudo-de-la-palmera\/","name":"Trampa Picudo de la Palmera | SAIGA","isPartOf":{"@id":"https:\/\/saiga.es\/es\/#website"},"primaryImageOfPage":{"@id":"https:\/\/saiga.es\/es\/producto\/trampa-picudo-de-la-palmera\/#primaryimage"},"image":{"@id":"https:\/\/saiga.es\/es\/producto\/trampa-picudo-de-la-palmera\/#primaryimage"},"thumbnailUrl":"https:\/\/saiga.es\/wp-content\/uploads\/2025\/07\/Trampa-morrut.jpg","datePublished":"2025-07-07T14:01:38+00:00","dateModified":"2025-12-10T12:02:08+00:00","description":"La trampa SOSpalm es una herramienta eficaz, ecol\u00f3gica y duradera para el control del picudo rojo de las palmeras (Rhynchophorus ferrugineus).","breadcrumb":{"@id":"https:\/\/saiga.es\/es\/producto\/trampa-picudo-de-la-palmera\/#breadcrumb"},"inLanguage":"es","potentialAction":[{"@type":"ReadAction","target":["https:\/\/saiga.es\/es\/producto\/trampa-picudo-de-la-palmera\/"]}]},{"@type":"ImageObject","inLanguage":"es","@id":"https:\/\/saiga.es\/es\/producto\/trampa-picudo-de-la-palmera\/#primaryimage","url":"https:\/\/saiga.es\/wp-content\/uploads\/2025\/07\/Trampa-morrut.jpg","contentUrl":"https:\/\/saiga.es\/wp-content\/uploads\/2025\/07\/Trampa-morrut.jpg","width":1080,"height":1080,"caption":"Trampa Picudo de las palmeras"},{"@type":"BreadcrumbList","@id":"https:\/\/saiga.es\/es\/producto\/trampa-picudo-de-la-palmera\/#breadcrumb","itemListElement":[{"@type":"ListItem","position":1,"name":"Inici","item":"https:\/\/saiga.es\/es\/"},{"@type":"ListItem","position":2,"name":"Tienda","item":"https:\/\/saiga.es\/es\/tienda\/"},{"@type":"ListItem","position":3,"name":"Trampa Picudo de la Palmera"}]},{"@type":"WebSite","@id":"https:\/\/saiga.es\/es\/#website","url":"https:\/\/saiga.es\/es\/","name":"SAIGA","description":"M\u00e9s de 50 anys al servei de la terra i treballant per a un \u00fas eficient de l\u2019aigua!","publisher":{"@id":"https:\/\/saiga.es\/es\/#organization"},"potentialAction":[{"@type":"SearchAction","target":{"@type":"EntryPoint","urlTemplate":"https:\/\/saiga.es\/es\/?s={search_term_string}"},"query-input":{"@type":"PropertyValueSpecification","valueRequired":true,"valueName":"search_term_string"}}],"inLanguage":"es"},{"@type":"Organization","@id":"https:\/\/saiga.es\/es\/#organization","name":"SAIGA","url":"https:\/\/saiga.es\/es\/","logo":{"@type":"ImageObject","inLanguage":"es","@id":"https:\/\/saiga.es\/es\/#\/schema\/logo\/image\/","url":"https:\/\/saiga.es\/wp-content\/uploads\/2025\/07\/logo_saiga_baseline_optimitzat.svg","contentUrl":"https:\/\/saiga.es\/wp-content\/uploads\/2025\/07\/logo_saiga_baseline_optimitzat.svg","caption":"SAIGA"},"image":{"@id":"https:\/\/saiga.es\/es\/#\/schema\/logo\/image\/"},"sameAs":["https:\/\/x.com\/saiga_agro","https:\/\/www.instagram.com\/saiga_agro\/"]}]}},"_links":{"self":[{"href":"https:\/\/saiga.es\/es\/wp-json\/wp\/v2\/product\/15312","targetHints":{"allow":["GET"]}}],"collection":[{"href":"https:\/\/saiga.es\/es\/wp-json\/wp\/v2\/product"}],"about":[{"href":"https:\/\/saiga.es\/es\/wp-json\/wp\/v2\/types\/product"}],"replies":[{"embeddable":true,"href":"https:\/\/saiga.es\/es\/wp-json\/wp\/v2\/comments?post=15312"}],"wp:featuredmedia":[{"embeddable":true,"href":"https:\/\/saiga.es\/es\/wp-json\/wp\/v2\/media\/15308"}],"wp:attachment":[{"href":"https:\/\/saiga.es\/es\/wp-json\/wp\/v2\/media?parent=15312"}],"wp:term":[{"taxonomy":"product_brand","embeddable":true,"href":"https:\/\/saiga.es\/es\/wp-json\/wp\/v2\/product_brand?post=15312"},{"taxonomy":"product_cat","embeddable":true,"href":"https:\/\/saiga.es\/es\/wp-json\/wp\/v2\/product_cat?post=15312"},{"taxonomy":"product_tag","embeddable":true,"href":"https:\/\/saiga.es\/es\/wp-json\/wp\/v2\/product_tag?post=15312"}],"curies":[{"name":"wp","href":"https:\/\/api.w.org\/{rel}","templated":true}]}}