{"id":15330,"date":"2025-07-09T09:30:29","date_gmt":"2025-07-09T09:30:29","guid":{"rendered":"https:\/\/botiga.saiga.es\/producte\/abono-granulado-para-citricos\/"},"modified":"2026-02-01T16:41:58","modified_gmt":"2026-02-01T16:41:58","slug":"abono-granulado-para-citricos","status":"publish","type":"product","link":"https:\/\/saiga.es\/es\/producto\/abono-granulado-para-citricos\/","title":{"rendered":"Abono granulado para c\u00edtricos"},"content":{"rendered":"<p data-start=\"211\" data-end=\"452\">El fertilizante granular para c\u00edtricos KB Osmocote (750 g) es un fertilizante de liberaci\u00f3n lenta dise\u00f1ado para satisfacer las necesidades de los \u00e1rboles c\u00edtricos: lim\u00f3n, naranja, mandarina y pomelo.<\/p>\n<p data-start=\"454\" data-end=\"693\">El fertilizante granulado para c\u00edtricos KB Osmocote (750 g) es un fertilizante de liberaci\u00f3n lenta dise\u00f1ado para cubrir las necesidades de los \u00e1rboles c\u00edtricos: lim\u00f3n, naranja, mandarina y pomelo. <\/p>\n<p data-start=\"695\" data-end=\"918\">Gracias a la tecnolog\u00eda de liberaci\u00f3n controlada, los nutrientes se liberan gradualmente a lo largo de varios meses. Esto evita el riesgo de sobrefertilizaci\u00f3n y optimiza la absorci\u00f3n. <\/p>\n<p data-start=\"920\" data-end=\"1302\">Es ideal como fertilizante de mantenimiento o cuando los cultivos m\u00e1s lo necesitan, como despu\u00e9s de la poda, durante las heladas o durante la floraci\u00f3n y la fructificaci\u00f3n. Su aplicaci\u00f3n es muy sencilla: simplemente esparza los gr\u00e1nulos en la base del \u00e1rbol y riegue para integrar los nutrientes en el suelo. <\/p>\n<p data-start=\"1304\" data-end=\"1322\">Beneficios clave<\/p>\n<ul data-start=\"1323\" data-end=\"1554\">\n<li data-start=\"1323\" data-end=\"1404\">\n<p data-start=\"1325\" data-end=\"1404\">Nutrientes constantes durante meses\u2014hasta 6 meses de suministro continuo.<\/p>\n<\/li>\n<li data-start=\"1405\" data-end=\"1440\">\n<p data-start=\"1407\" data-end=\"1440\">Frutos m\u00e1s grandes y sabrosos.<\/p>\n<\/li>\n<li data-start=\"1441\" data-end=\"1481\">\n<p data-start=\"1443\" data-end=\"1481\">\u00c1rboles m\u00e1s vigorosos y resistentes.<\/p>\n<\/li>\n<li data-start=\"1482\" data-end=\"1554\">\n<p data-start=\"1484\" data-end=\"1554\">Aplicaci\u00f3n pr\u00e1ctica y eficaz.<\/p>\n<\/li>\n<\/ul>\n<p data-start=\"1556\" data-end=\"1841\">Este abono se presenta en un bote de 750 g, que resulta pr\u00e1ctico, manejable y duradero. Con Osmocote C\u00edtricos, tus \u00e1rboles recibir\u00e1n todo lo que necesitan para crecer fuertes y saludables. Es una apuesta segura para tu jard\u00edn o huerto dom\u00e9stico  <\/p>\n","protected":false},"excerpt":{"rendered":"<p>El abono granulado para c\u00edtricos Osmocote 750 g de KB es un abono de liberaci\u00f3n lenta, dise\u00f1ado para satisfacer las necesidades nutricionales de los \u00e1rboles c\u00edtricos.<\/p>\n","protected":false},"featured_media":15328,"comment_status":"closed","ping_status":"closed","template":"","meta":[],"product_brand":[],"product_cat":[1879],"product_tag":[],"class_list":{"0":"post-15330","1":"product","2":"type-product","3":"status-publish","4":"has-post-thumbnail","6":"product_cat-frutales","8":"first","9":"instock","10":"taxable","11":"shipping-taxable","12":"purchasable","13":"product-type-simple"},"yoast_head":"<!-- This site is optimized with the Yoast SEO plugin v27.4 - https:\/\/yoast.com\/product\/yoast-seo-wordpress\/ -->\n<title>Abono granulado para c\u00edtricos | SAIGA<\/title>\n<meta name=\"description\" content=\"El abono granulado para c\u00edtricos Osmocote 750 g de KB es un abono de liberaci\u00f3n lenta, dise\u00f1ado para satisfacer las necesidades nutricionales de los \u00e1rboles c\u00edtricos.\" \/>\n<meta name=\"robots\" content=\"index, follow, max-snippet:-1, max-image-preview:large, max-video-preview:-1\" \/>\n<link rel=\"canonical\" href=\"https:\/\/saiga.es\/es\/producto\/abono-granulado-para-citricos\/\" \/>\n<meta property=\"og:locale\" content=\"es_ES\" \/>\n<meta property=\"og:type\" content=\"article\" \/>\n<meta property=\"og:title\" content=\"Abono granulado para c\u00edtricos | SAIGA\" \/>\n<meta property=\"og:description\" content=\"El abono granulado para c\u00edtricos Osmocote 750 g de KB es un abono de liberaci\u00f3n lenta, dise\u00f1ado para satisfacer las necesidades nutricionales de los \u00e1rboles c\u00edtricos.\" \/>\n<meta property=\"og:url\" content=\"https:\/\/saiga.es\/es\/producto\/abono-granulado-para-citricos\/\" \/>\n<meta property=\"og:site_name\" content=\"SAIGA\" \/>\n<meta property=\"article:modified_time\" content=\"2026-02-01T16:41:58+00:00\" \/>\n<meta property=\"og:image\" content=\"https:\/\/saiga.es\/wp-content\/uploads\/2025\/07\/Adob-citrics-KB.jpg\" \/>\n\t<meta property=\"og:image:width\" content=\"1080\" \/>\n\t<meta property=\"og:image:height\" content=\"1080\" \/>\n\t<meta property=\"og:image:type\" content=\"image\/jpeg\" \/>\n<meta name=\"twitter:card\" content=\"summary_large_image\" \/>\n<meta name=\"twitter:site\" content=\"@saiga_agro\" \/>\n<meta name=\"twitter:label1\" content=\"Tiempo de lectura\" \/>\n\t<meta name=\"twitter:data1\" content=\"1 minuto\" \/>\n<script type=\"application\/ld+json\" class=\"yoast-schema-graph\">{\"@context\":\"https:\\\/\\\/schema.org\",\"@graph\":[{\"@type\":\"WebPage\",\"@id\":\"https:\\\/\\\/saiga.es\\\/es\\\/producto\\\/abono-granulado-para-citricos\\\/\",\"url\":\"https:\\\/\\\/saiga.es\\\/es\\\/producto\\\/abono-granulado-para-citricos\\\/\",\"name\":\"Abono granulado para c\u00edtricos | SAIGA\",\"isPartOf\":{\"@id\":\"https:\\\/\\\/saiga.es\\\/es\\\/#website\"},\"primaryImageOfPage\":{\"@id\":\"https:\\\/\\\/saiga.es\\\/es\\\/producto\\\/abono-granulado-para-citricos\\\/#primaryimage\"},\"image\":{\"@id\":\"https:\\\/\\\/saiga.es\\\/es\\\/producto\\\/abono-granulado-para-citricos\\\/#primaryimage\"},\"thumbnailUrl\":\"https:\\\/\\\/saiga.es\\\/wp-content\\\/uploads\\\/2025\\\/07\\\/Adob-citrics-KB.jpg\",\"datePublished\":\"2025-07-09T09:30:29+00:00\",\"dateModified\":\"2026-02-01T16:41:58+00:00\",\"description\":\"El abono granulado para c\u00edtricos Osmocote 750 g de KB es un abono de liberaci\u00f3n lenta, dise\u00f1ado para satisfacer las necesidades nutricionales de los \u00e1rboles c\u00edtricos.\",\"breadcrumb\":{\"@id\":\"https:\\\/\\\/saiga.es\\\/es\\\/producto\\\/abono-granulado-para-citricos\\\/#breadcrumb\"},\"inLanguage\":\"es\",\"potentialAction\":[{\"@type\":\"ReadAction\",\"target\":[\"https:\\\/\\\/saiga.es\\\/es\\\/producto\\\/abono-granulado-para-citricos\\\/\"]}]},{\"@type\":\"ImageObject\",\"inLanguage\":\"es\",\"@id\":\"https:\\\/\\\/saiga.es\\\/es\\\/producto\\\/abono-granulado-para-citricos\\\/#primaryimage\",\"url\":\"https:\\\/\\\/saiga.es\\\/wp-content\\\/uploads\\\/2025\\\/07\\\/Adob-citrics-KB.jpg\",\"contentUrl\":\"https:\\\/\\\/saiga.es\\\/wp-content\\\/uploads\\\/2025\\\/07\\\/Adob-citrics-KB.jpg\",\"width\":1080,\"height\":1080,\"caption\":\"Abono granulado c\u00edtricos KB\"},{\"@type\":\"BreadcrumbList\",\"@id\":\"https:\\\/\\\/saiga.es\\\/es\\\/producto\\\/abono-granulado-para-citricos\\\/#breadcrumb\",\"itemListElement\":[{\"@type\":\"ListItem\",\"position\":1,\"name\":\"Inici\",\"item\":\"https:\\\/\\\/saiga.es\\\/es\\\/\"},{\"@type\":\"ListItem\",\"position\":2,\"name\":\"Tienda\",\"item\":\"https:\\\/\\\/saiga.es\\\/es\\\/tienda\\\/\"},{\"@type\":\"ListItem\",\"position\":3,\"name\":\"Abono granulado para c\u00edtricos\"}]},{\"@type\":\"WebSite\",\"@id\":\"https:\\\/\\\/saiga.es\\\/es\\\/#website\",\"url\":\"https:\\\/\\\/saiga.es\\\/es\\\/\",\"name\":\"SAIGA\",\"description\":\"M\u00e9s de 50 anys al servei de la terra i treballant per a un \u00fas eficient de l\u2019aigua!\",\"publisher\":{\"@id\":\"https:\\\/\\\/saiga.es\\\/es\\\/#organization\"},\"potentialAction\":[{\"@type\":\"SearchAction\",\"target\":{\"@type\":\"EntryPoint\",\"urlTemplate\":\"https:\\\/\\\/saiga.es\\\/es\\\/?s={search_term_string}\"},\"query-input\":{\"@type\":\"PropertyValueSpecification\",\"valueRequired\":true,\"valueName\":\"search_term_string\"}}],\"inLanguage\":\"es\"},{\"@type\":\"Organization\",\"@id\":\"https:\\\/\\\/saiga.es\\\/es\\\/#organization\",\"name\":\"SAIGA\",\"url\":\"https:\\\/\\\/saiga.es\\\/es\\\/\",\"logo\":{\"@type\":\"ImageObject\",\"inLanguage\":\"es\",\"@id\":\"https:\\\/\\\/saiga.es\\\/es\\\/#\\\/schema\\\/logo\\\/image\\\/\",\"url\":\"https:\\\/\\\/saiga.es\\\/wp-content\\\/uploads\\\/2025\\\/07\\\/logo_saiga_baseline_optimitzat.svg\",\"contentUrl\":\"https:\\\/\\\/saiga.es\\\/wp-content\\\/uploads\\\/2025\\\/07\\\/logo_saiga_baseline_optimitzat.svg\",\"caption\":\"SAIGA\"},\"image\":{\"@id\":\"https:\\\/\\\/saiga.es\\\/es\\\/#\\\/schema\\\/logo\\\/image\\\/\"},\"sameAs\":[\"https:\\\/\\\/x.com\\\/saiga_agro\",\"https:\\\/\\\/www.instagram.com\\\/saiga_agro\\\/\"]}]}<\/script>\n<!-- \/ Yoast SEO plugin. -->","yoast_head_json":{"title":"Abono granulado para c\u00edtricos | SAIGA","description":"El abono granulado para c\u00edtricos Osmocote 750 g de KB es un abono de liberaci\u00f3n lenta, dise\u00f1ado para satisfacer las necesidades nutricionales de los \u00e1rboles c\u00edtricos.","robots":{"index":"index","follow":"follow","max-snippet":"max-snippet:-1","max-image-preview":"max-image-preview:large","max-video-preview":"max-video-preview:-1"},"canonical":"https:\/\/saiga.es\/es\/producto\/abono-granulado-para-citricos\/","og_locale":"es_ES","og_type":"article","og_title":"Abono granulado para c\u00edtricos | SAIGA","og_description":"El abono granulado para c\u00edtricos Osmocote 750 g de KB es un abono de liberaci\u00f3n lenta, dise\u00f1ado para satisfacer las necesidades nutricionales de los \u00e1rboles c\u00edtricos.","og_url":"https:\/\/saiga.es\/es\/producto\/abono-granulado-para-citricos\/","og_site_name":"SAIGA","article_modified_time":"2026-02-01T16:41:58+00:00","og_image":[{"width":1080,"height":1080,"url":"https:\/\/saiga.es\/wp-content\/uploads\/2025\/07\/Adob-citrics-KB.jpg","type":"image\/jpeg"}],"twitter_card":"summary_large_image","twitter_site":"@saiga_agro","twitter_misc":{"Tiempo de lectura":"1 minuto"},"schema":{"@context":"https:\/\/schema.org","@graph":[{"@type":"WebPage","@id":"https:\/\/saiga.es\/es\/producto\/abono-granulado-para-citricos\/","url":"https:\/\/saiga.es\/es\/producto\/abono-granulado-para-citricos\/","name":"Abono granulado para c\u00edtricos | SAIGA","isPartOf":{"@id":"https:\/\/saiga.es\/es\/#website"},"primaryImageOfPage":{"@id":"https:\/\/saiga.es\/es\/producto\/abono-granulado-para-citricos\/#primaryimage"},"image":{"@id":"https:\/\/saiga.es\/es\/producto\/abono-granulado-para-citricos\/#primaryimage"},"thumbnailUrl":"https:\/\/saiga.es\/wp-content\/uploads\/2025\/07\/Adob-citrics-KB.jpg","datePublished":"2025-07-09T09:30:29+00:00","dateModified":"2026-02-01T16:41:58+00:00","description":"El abono granulado para c\u00edtricos Osmocote 750 g de KB es un abono de liberaci\u00f3n lenta, dise\u00f1ado para satisfacer las necesidades nutricionales de los \u00e1rboles c\u00edtricos.","breadcrumb":{"@id":"https:\/\/saiga.es\/es\/producto\/abono-granulado-para-citricos\/#breadcrumb"},"inLanguage":"es","potentialAction":[{"@type":"ReadAction","target":["https:\/\/saiga.es\/es\/producto\/abono-granulado-para-citricos\/"]}]},{"@type":"ImageObject","inLanguage":"es","@id":"https:\/\/saiga.es\/es\/producto\/abono-granulado-para-citricos\/#primaryimage","url":"https:\/\/saiga.es\/wp-content\/uploads\/2025\/07\/Adob-citrics-KB.jpg","contentUrl":"https:\/\/saiga.es\/wp-content\/uploads\/2025\/07\/Adob-citrics-KB.jpg","width":1080,"height":1080,"caption":"Abono granulado c\u00edtricos KB"},{"@type":"BreadcrumbList","@id":"https:\/\/saiga.es\/es\/producto\/abono-granulado-para-citricos\/#breadcrumb","itemListElement":[{"@type":"ListItem","position":1,"name":"Inici","item":"https:\/\/saiga.es\/es\/"},{"@type":"ListItem","position":2,"name":"Tienda","item":"https:\/\/saiga.es\/es\/tienda\/"},{"@type":"ListItem","position":3,"name":"Abono granulado para c\u00edtricos"}]},{"@type":"WebSite","@id":"https:\/\/saiga.es\/es\/#website","url":"https:\/\/saiga.es\/es\/","name":"SAIGA","description":"M\u00e9s de 50 anys al servei de la terra i treballant per a un \u00fas eficient de l\u2019aigua!","publisher":{"@id":"https:\/\/saiga.es\/es\/#organization"},"potentialAction":[{"@type":"SearchAction","target":{"@type":"EntryPoint","urlTemplate":"https:\/\/saiga.es\/es\/?s={search_term_string}"},"query-input":{"@type":"PropertyValueSpecification","valueRequired":true,"valueName":"search_term_string"}}],"inLanguage":"es"},{"@type":"Organization","@id":"https:\/\/saiga.es\/es\/#organization","name":"SAIGA","url":"https:\/\/saiga.es\/es\/","logo":{"@type":"ImageObject","inLanguage":"es","@id":"https:\/\/saiga.es\/es\/#\/schema\/logo\/image\/","url":"https:\/\/saiga.es\/wp-content\/uploads\/2025\/07\/logo_saiga_baseline_optimitzat.svg","contentUrl":"https:\/\/saiga.es\/wp-content\/uploads\/2025\/07\/logo_saiga_baseline_optimitzat.svg","caption":"SAIGA"},"image":{"@id":"https:\/\/saiga.es\/es\/#\/schema\/logo\/image\/"},"sameAs":["https:\/\/x.com\/saiga_agro","https:\/\/www.instagram.com\/saiga_agro\/"]}]}},"_links":{"self":[{"href":"https:\/\/saiga.es\/es\/wp-json\/wp\/v2\/product\/15330","targetHints":{"allow":["GET"]}}],"collection":[{"href":"https:\/\/saiga.es\/es\/wp-json\/wp\/v2\/product"}],"about":[{"href":"https:\/\/saiga.es\/es\/wp-json\/wp\/v2\/types\/product"}],"replies":[{"embeddable":true,"href":"https:\/\/saiga.es\/es\/wp-json\/wp\/v2\/comments?post=15330"}],"wp:featuredmedia":[{"embeddable":true,"href":"https:\/\/saiga.es\/es\/wp-json\/wp\/v2\/media\/15328"}],"wp:attachment":[{"href":"https:\/\/saiga.es\/es\/wp-json\/wp\/v2\/media?parent=15330"}],"wp:term":[{"taxonomy":"product_brand","embeddable":true,"href":"https:\/\/saiga.es\/es\/wp-json\/wp\/v2\/product_brand?post=15330"},{"taxonomy":"product_cat","embeddable":true,"href":"https:\/\/saiga.es\/es\/wp-json\/wp\/v2\/product_cat?post=15330"},{"taxonomy":"product_tag","embeddable":true,"href":"https:\/\/saiga.es\/es\/wp-json\/wp\/v2\/product_tag?post=15330"}],"curies":[{"name":"wp","href":"https:\/\/api.w.org\/{rel}","templated":true}]}}