{"id":15337,"date":"2025-07-09T10:49:22","date_gmt":"2025-07-09T10:49:22","guid":{"rendered":"https:\/\/botiga.saiga.es\/producte\/zum-insecticida-aerosol-600-cc\/"},"modified":"2025-12-10T11:47:57","modified_gmt":"2025-12-10T11:47:57","slug":"zum-insecticida-aerosol-600-cc","status":"publish","type":"product","link":"https:\/\/saiga.es\/es\/producto\/zum-insecticida-aerosol-600-cc\/","title":{"rendered":"Zum insecticida aerosol 600 cc."},"content":{"rendered":"<p data-start=\"273\" data-end=\"629\">Zum insecticida aerosol 600cc es una laca de alta eficacia y larga duraci\u00f3n, dise\u00f1ado para eliminar y prevenir la presencia de insectos rastreadores en el interior del hogar. Su potente f\u00f3rmula act\u00faa de manera r\u00e1pida y persistente contra una amplia variedad de plagas habituales como gusanos, hormigas, ara\u00f1as, chinches, escarabajos y cucarachas. Con una sola aplicaci\u00f3n, este producto es capaz de mantener alejados a los insectos hasta 12 meses, ofreciendo una protecci\u00f3n continuada y fiable. Su efecto es casi inmediato, atacando el sistema nervioso de los insectos y elimin\u00e1ndolos en cuesti\u00f3n de minutos, mientras que su acci\u00f3n residual sigue actuando sobre nuevas apariciones.   <\/p>\n<p data-start=\"980\" data-end=\"1331\">ZUM es ideal para uso dom\u00e9stico, y puede aplicarse en zonas de paso o escondrijos habituales de insectos. Esquinas, marcos de puertas y ventanas, detr\u00e1s de los electrodom\u00e9sticos, bajo muebles, garajes, trasteros o s\u00f3tanos. Su aplicaci\u00f3n en spray es c\u00f3moda, precisa y segura, siempre que se respeten las instrucciones de uso indicadas en el producto.  <\/p>\n","protected":false},"excerpt":{"rendered":"<p>Zum insecticida aerosol 600 cc es un insecticida de alta eficacia y larga duraci\u00f3n, dise\u00f1ado para eliminar y prevenir la presencia de insectos rastreadores en el interior del hogar. Su potente f\u00f3rmula act\u00faa de manera r\u00e1pida y persistente contra una amplia variedad de plagas habituales como gusanos, hormigas, ara\u00f1as, chinches, escarabajos y cucarachas. <\/p>\n","protected":false},"featured_media":15334,"comment_status":"closed","ping_status":"closed","template":"","meta":[],"product_brand":[],"product_cat":[181],"product_tag":[],"class_list":{"0":"post-15337","1":"product","2":"type-product","3":"status-publish","4":"has-post-thumbnail","6":"product_cat-insecticidas","8":"first","9":"instock","10":"taxable","11":"shipping-taxable","12":"purchasable","13":"product-type-simple"},"yoast_head":"<!-- This site is optimized with the Yoast SEO plugin v27.4 - https:\/\/yoast.com\/product\/yoast-seo-wordpress\/ -->\n<title>Zum insecticida aerosol 600 cc. | SAIGA<\/title>\n<meta name=\"description\" content=\"Zum insecticida aerosol es una laca de alta eficacia y larga duraci\u00f3n, dise\u00f1ado para eliminar y prevenir la presencia de insectos en el interior del hogar.\" \/>\n<meta name=\"robots\" content=\"index, follow, max-snippet:-1, max-image-preview:large, max-video-preview:-1\" \/>\n<link rel=\"canonical\" href=\"https:\/\/saiga.es\/es\/producto\/zum-insecticida-aerosol-600-cc\/\" \/>\n<meta property=\"og:locale\" content=\"es_ES\" \/>\n<meta property=\"og:type\" content=\"article\" \/>\n<meta property=\"og:title\" content=\"Zum insecticida aerosol 600 cc. | SAIGA\" \/>\n<meta property=\"og:description\" content=\"Zum insecticida aerosol es una laca de alta eficacia y larga duraci\u00f3n, dise\u00f1ado para eliminar y prevenir la presencia de insectos en el interior del hogar.\" \/>\n<meta property=\"og:url\" content=\"https:\/\/saiga.es\/es\/producto\/zum-insecticida-aerosol-600-cc\/\" \/>\n<meta property=\"og:site_name\" content=\"SAIGA\" \/>\n<meta property=\"article:modified_time\" content=\"2025-12-10T11:47:57+00:00\" \/>\n<meta property=\"og:image\" content=\"https:\/\/saiga.es\/wp-content\/uploads\/2025\/07\/Zum-Pro-laca-insecticida.jpg\" \/>\n\t<meta property=\"og:image:width\" content=\"1080\" \/>\n\t<meta property=\"og:image:height\" content=\"1080\" \/>\n\t<meta property=\"og:image:type\" content=\"image\/jpeg\" \/>\n<meta name=\"twitter:card\" content=\"summary_large_image\" \/>\n<meta name=\"twitter:site\" content=\"@saiga_agro\" \/>\n<meta name=\"twitter:label1\" content=\"Tiempo de lectura\" \/>\n\t<meta name=\"twitter:data1\" content=\"1 minuto\" \/>\n<script type=\"application\/ld+json\" class=\"yoast-schema-graph\">{\"@context\":\"https:\\\/\\\/schema.org\",\"@graph\":[{\"@type\":\"WebPage\",\"@id\":\"https:\\\/\\\/saiga.es\\\/es\\\/producto\\\/zum-insecticida-aerosol-600-cc\\\/\",\"url\":\"https:\\\/\\\/saiga.es\\\/es\\\/producto\\\/zum-insecticida-aerosol-600-cc\\\/\",\"name\":\"Zum insecticida aerosol 600 cc. | SAIGA\",\"isPartOf\":{\"@id\":\"https:\\\/\\\/saiga.es\\\/es\\\/#website\"},\"primaryImageOfPage\":{\"@id\":\"https:\\\/\\\/saiga.es\\\/es\\\/producto\\\/zum-insecticida-aerosol-600-cc\\\/#primaryimage\"},\"image\":{\"@id\":\"https:\\\/\\\/saiga.es\\\/es\\\/producto\\\/zum-insecticida-aerosol-600-cc\\\/#primaryimage\"},\"thumbnailUrl\":\"https:\\\/\\\/saiga.es\\\/wp-content\\\/uploads\\\/2025\\\/07\\\/Zum-Pro-laca-insecticida.jpg\",\"datePublished\":\"2025-07-09T10:49:22+00:00\",\"dateModified\":\"2025-12-10T11:47:57+00:00\",\"description\":\"Zum insecticida aerosol es una laca de alta eficacia y larga duraci\u00f3n, dise\u00f1ado para eliminar y prevenir la presencia de insectos en el interior del hogar.\",\"breadcrumb\":{\"@id\":\"https:\\\/\\\/saiga.es\\\/es\\\/producto\\\/zum-insecticida-aerosol-600-cc\\\/#breadcrumb\"},\"inLanguage\":\"es\",\"potentialAction\":[{\"@type\":\"ReadAction\",\"target\":[\"https:\\\/\\\/saiga.es\\\/es\\\/producto\\\/zum-insecticida-aerosol-600-cc\\\/\"]}]},{\"@type\":\"ImageObject\",\"inLanguage\":\"es\",\"@id\":\"https:\\\/\\\/saiga.es\\\/es\\\/producto\\\/zum-insecticida-aerosol-600-cc\\\/#primaryimage\",\"url\":\"https:\\\/\\\/saiga.es\\\/wp-content\\\/uploads\\\/2025\\\/07\\\/Zum-Pro-laca-insecticida.jpg\",\"contentUrl\":\"https:\\\/\\\/saiga.es\\\/wp-content\\\/uploads\\\/2025\\\/07\\\/Zum-Pro-laca-insecticida.jpg\",\"width\":1080,\"height\":1080,\"caption\":\"Zum pro laca insecticida\"},{\"@type\":\"BreadcrumbList\",\"@id\":\"https:\\\/\\\/saiga.es\\\/es\\\/producto\\\/zum-insecticida-aerosol-600-cc\\\/#breadcrumb\",\"itemListElement\":[{\"@type\":\"ListItem\",\"position\":1,\"name\":\"Inici\",\"item\":\"https:\\\/\\\/saiga.es\\\/es\\\/\"},{\"@type\":\"ListItem\",\"position\":2,\"name\":\"Tienda\",\"item\":\"https:\\\/\\\/saiga.es\\\/es\\\/tienda\\\/\"},{\"@type\":\"ListItem\",\"position\":3,\"name\":\"Zum insecticida aerosol 600 cc.\"}]},{\"@type\":\"WebSite\",\"@id\":\"https:\\\/\\\/saiga.es\\\/es\\\/#website\",\"url\":\"https:\\\/\\\/saiga.es\\\/es\\\/\",\"name\":\"SAIGA\",\"description\":\"M\u00e9s de 50 anys al servei de la terra i treballant per a un \u00fas eficient de l\u2019aigua!\",\"publisher\":{\"@id\":\"https:\\\/\\\/saiga.es\\\/es\\\/#organization\"},\"potentialAction\":[{\"@type\":\"SearchAction\",\"target\":{\"@type\":\"EntryPoint\",\"urlTemplate\":\"https:\\\/\\\/saiga.es\\\/es\\\/?s={search_term_string}\"},\"query-input\":{\"@type\":\"PropertyValueSpecification\",\"valueRequired\":true,\"valueName\":\"search_term_string\"}}],\"inLanguage\":\"es\"},{\"@type\":\"Organization\",\"@id\":\"https:\\\/\\\/saiga.es\\\/es\\\/#organization\",\"name\":\"SAIGA\",\"url\":\"https:\\\/\\\/saiga.es\\\/es\\\/\",\"logo\":{\"@type\":\"ImageObject\",\"inLanguage\":\"es\",\"@id\":\"https:\\\/\\\/saiga.es\\\/es\\\/#\\\/schema\\\/logo\\\/image\\\/\",\"url\":\"https:\\\/\\\/saiga.es\\\/wp-content\\\/uploads\\\/2025\\\/07\\\/logo_saiga_baseline_optimitzat.svg\",\"contentUrl\":\"https:\\\/\\\/saiga.es\\\/wp-content\\\/uploads\\\/2025\\\/07\\\/logo_saiga_baseline_optimitzat.svg\",\"caption\":\"SAIGA\"},\"image\":{\"@id\":\"https:\\\/\\\/saiga.es\\\/es\\\/#\\\/schema\\\/logo\\\/image\\\/\"},\"sameAs\":[\"https:\\\/\\\/x.com\\\/saiga_agro\",\"https:\\\/\\\/www.instagram.com\\\/saiga_agro\\\/\"]}]}<\/script>\n<!-- \/ Yoast SEO plugin. -->","yoast_head_json":{"title":"Zum insecticida aerosol 600 cc. | SAIGA","description":"Zum insecticida aerosol es una laca de alta eficacia y larga duraci\u00f3n, dise\u00f1ado para eliminar y prevenir la presencia de insectos en el interior del hogar.","robots":{"index":"index","follow":"follow","max-snippet":"max-snippet:-1","max-image-preview":"max-image-preview:large","max-video-preview":"max-video-preview:-1"},"canonical":"https:\/\/saiga.es\/es\/producto\/zum-insecticida-aerosol-600-cc\/","og_locale":"es_ES","og_type":"article","og_title":"Zum insecticida aerosol 600 cc. | SAIGA","og_description":"Zum insecticida aerosol es una laca de alta eficacia y larga duraci\u00f3n, dise\u00f1ado para eliminar y prevenir la presencia de insectos en el interior del hogar.","og_url":"https:\/\/saiga.es\/es\/producto\/zum-insecticida-aerosol-600-cc\/","og_site_name":"SAIGA","article_modified_time":"2025-12-10T11:47:57+00:00","og_image":[{"width":1080,"height":1080,"url":"https:\/\/saiga.es\/wp-content\/uploads\/2025\/07\/Zum-Pro-laca-insecticida.jpg","type":"image\/jpeg"}],"twitter_card":"summary_large_image","twitter_site":"@saiga_agro","twitter_misc":{"Tiempo de lectura":"1 minuto"},"schema":{"@context":"https:\/\/schema.org","@graph":[{"@type":"WebPage","@id":"https:\/\/saiga.es\/es\/producto\/zum-insecticida-aerosol-600-cc\/","url":"https:\/\/saiga.es\/es\/producto\/zum-insecticida-aerosol-600-cc\/","name":"Zum insecticida aerosol 600 cc. | SAIGA","isPartOf":{"@id":"https:\/\/saiga.es\/es\/#website"},"primaryImageOfPage":{"@id":"https:\/\/saiga.es\/es\/producto\/zum-insecticida-aerosol-600-cc\/#primaryimage"},"image":{"@id":"https:\/\/saiga.es\/es\/producto\/zum-insecticida-aerosol-600-cc\/#primaryimage"},"thumbnailUrl":"https:\/\/saiga.es\/wp-content\/uploads\/2025\/07\/Zum-Pro-laca-insecticida.jpg","datePublished":"2025-07-09T10:49:22+00:00","dateModified":"2025-12-10T11:47:57+00:00","description":"Zum insecticida aerosol es una laca de alta eficacia y larga duraci\u00f3n, dise\u00f1ado para eliminar y prevenir la presencia de insectos en el interior del hogar.","breadcrumb":{"@id":"https:\/\/saiga.es\/es\/producto\/zum-insecticida-aerosol-600-cc\/#breadcrumb"},"inLanguage":"es","potentialAction":[{"@type":"ReadAction","target":["https:\/\/saiga.es\/es\/producto\/zum-insecticida-aerosol-600-cc\/"]}]},{"@type":"ImageObject","inLanguage":"es","@id":"https:\/\/saiga.es\/es\/producto\/zum-insecticida-aerosol-600-cc\/#primaryimage","url":"https:\/\/saiga.es\/wp-content\/uploads\/2025\/07\/Zum-Pro-laca-insecticida.jpg","contentUrl":"https:\/\/saiga.es\/wp-content\/uploads\/2025\/07\/Zum-Pro-laca-insecticida.jpg","width":1080,"height":1080,"caption":"Zum pro laca insecticida"},{"@type":"BreadcrumbList","@id":"https:\/\/saiga.es\/es\/producto\/zum-insecticida-aerosol-600-cc\/#breadcrumb","itemListElement":[{"@type":"ListItem","position":1,"name":"Inici","item":"https:\/\/saiga.es\/es\/"},{"@type":"ListItem","position":2,"name":"Tienda","item":"https:\/\/saiga.es\/es\/tienda\/"},{"@type":"ListItem","position":3,"name":"Zum insecticida aerosol 600 cc."}]},{"@type":"WebSite","@id":"https:\/\/saiga.es\/es\/#website","url":"https:\/\/saiga.es\/es\/","name":"SAIGA","description":"M\u00e9s de 50 anys al servei de la terra i treballant per a un \u00fas eficient de l\u2019aigua!","publisher":{"@id":"https:\/\/saiga.es\/es\/#organization"},"potentialAction":[{"@type":"SearchAction","target":{"@type":"EntryPoint","urlTemplate":"https:\/\/saiga.es\/es\/?s={search_term_string}"},"query-input":{"@type":"PropertyValueSpecification","valueRequired":true,"valueName":"search_term_string"}}],"inLanguage":"es"},{"@type":"Organization","@id":"https:\/\/saiga.es\/es\/#organization","name":"SAIGA","url":"https:\/\/saiga.es\/es\/","logo":{"@type":"ImageObject","inLanguage":"es","@id":"https:\/\/saiga.es\/es\/#\/schema\/logo\/image\/","url":"https:\/\/saiga.es\/wp-content\/uploads\/2025\/07\/logo_saiga_baseline_optimitzat.svg","contentUrl":"https:\/\/saiga.es\/wp-content\/uploads\/2025\/07\/logo_saiga_baseline_optimitzat.svg","caption":"SAIGA"},"image":{"@id":"https:\/\/saiga.es\/es\/#\/schema\/logo\/image\/"},"sameAs":["https:\/\/x.com\/saiga_agro","https:\/\/www.instagram.com\/saiga_agro\/"]}]}},"_links":{"self":[{"href":"https:\/\/saiga.es\/es\/wp-json\/wp\/v2\/product\/15337","targetHints":{"allow":["GET"]}}],"collection":[{"href":"https:\/\/saiga.es\/es\/wp-json\/wp\/v2\/product"}],"about":[{"href":"https:\/\/saiga.es\/es\/wp-json\/wp\/v2\/types\/product"}],"replies":[{"embeddable":true,"href":"https:\/\/saiga.es\/es\/wp-json\/wp\/v2\/comments?post=15337"}],"wp:featuredmedia":[{"embeddable":true,"href":"https:\/\/saiga.es\/es\/wp-json\/wp\/v2\/media\/15334"}],"wp:attachment":[{"href":"https:\/\/saiga.es\/es\/wp-json\/wp\/v2\/media?parent=15337"}],"wp:term":[{"taxonomy":"product_brand","embeddable":true,"href":"https:\/\/saiga.es\/es\/wp-json\/wp\/v2\/product_brand?post=15337"},{"taxonomy":"product_cat","embeddable":true,"href":"https:\/\/saiga.es\/es\/wp-json\/wp\/v2\/product_cat?post=15337"},{"taxonomy":"product_tag","embeddable":true,"href":"https:\/\/saiga.es\/es\/wp-json\/wp\/v2\/product_tag?post=15337"}],"curies":[{"name":"wp","href":"https:\/\/api.w.org\/{rel}","templated":true}]}}