{"id":15344,"date":"2025-07-10T07:32:28","date_gmt":"2025-07-10T07:32:28","guid":{"rendered":"https:\/\/botiga.saiga.es\/producte\/abono-liquido-orquideas\/"},"modified":"2025-12-10T11:47:11","modified_gmt":"2025-12-10T11:47:11","slug":"abono-liquido-orquideas","status":"publish","type":"product","link":"https:\/\/saiga.es\/es\/producto\/abono-liquido-orquideas\/","title":{"rendered":"Abono l\u00edquido orqu\u00eddeas"},"content":{"rendered":"<p>El Abono l\u00edquido para orqu\u00eddeas deFertiberia Jard\u00edn es un fertilizante l\u00edquido especialmente formulado para todo tipo de orqu\u00eddeas, tanto de jard\u00edn como de interior, terraza o invernaderos. Su composici\u00f3n equilibrada con NPK contiene un 4% de nitr\u00f3geno (N), 4% de f\u00f3sforo (P) y 8% de potasio. <\/p>\n<p>Beneficios principales<\/p>\n<ul data-start=\"148\" data-end=\"384\">\n<li data-start=\"148\" data-end=\"226\">\n<p data-start=\"150\" data-end=\"226\"><span class=\"relative -mx-px my-[-0.2rem] rounded px-px py-[0.2rem] transition-colors duration-100 ease-in-out\">Floraci\u00f3n abundante y colores intensos: favorece la formaci\u00f3n de flores y realza su tonalidad natural, haci\u00e9ndolas m\u00e1s vistosas.<\/span><\/p>\n<\/li>\n<li data-start=\"227\" data-end=\"305\">\n<p data-start=\"229\" data-end=\"305\"><span class=\"relative -mx-px my-[-0.2rem] rounded px-px py-[0.2rem] transition-colors duration-100 ease-in-out\">Mejora de la fotos\u00edntesis y crecimiento vegetativo: el extracto de algas aumenta la actividad fotosint\u00e9tica, estimulando el crecimiento de hojas y tallos.<\/span><\/p>\n<\/li>\n<li data-start=\"306\" data-end=\"384\">\n<p data-start=\"308\" data-end=\"384\"><span class=\"relative -mx-px my-[-0.2rem] rounded px-px py-[0.2rem] transition-colors duration-100 ease-in-out\">Mayor resistencia y vitalidad: le ayuda a soportar situaciones de estr\u00e9s, como despu\u00e9s de un trasplante, variaciones de temperatura o sequ\u00eda, gracias a los microelementos y algas.<\/span><\/p>\n<\/li>\n<\/ul>\n<p>Forma de uso<\/p>\n<p data-start=\"402\" data-end=\"480\"><span class=\"relative -mx-px my-[-0.2rem] rounded px-px py-[0.2rem] transition-colors duration-100 ease-in-out\">Debe diluirse 1 tap\u00f3n (aproximadamente 15ml) en 3litros de agua. Se aconseja utilizarlo con moderaci\u00f3n durante la fase de crecimiento y floraci\u00f3n, evit\u00e1ndolo durante la etapa de reposo o en plantas recientemente trasplantadas o divididas <\/span><\/p>\n","protected":false},"excerpt":{"rendered":"<p>El Abono l\u00edquido para orqu\u00eddeas deFertiberia Jard\u00edn es un fertilizante l\u00edquido especialmente formulado para todo tipo de orqu\u00eddeas, tanto de jard\u00edn como de interior, terraza o invernaderos. Su composici\u00f3n equilibrada con NPK contiene un 4% de nitr\u00f3geno (N), 4% de f\u00f3sforo (P) y 8% de potasio. <\/p>\n","protected":false},"featured_media":15341,"comment_status":"closed","ping_status":"closed","template":"","meta":[],"product_brand":[1876],"product_cat":[1899],"product_tag":[],"class_list":{"0":"post-15344","1":"product","2":"type-product","3":"status-publish","4":"has-post-thumbnail","6":"product_brand-fertiberia","7":"product_cat-plantas-ornamentales","9":"first","10":"instock","11":"taxable","12":"shipping-taxable","13":"purchasable","14":"product-type-simple"},"yoast_head":"<!-- This site is optimized with the Yoast SEO plugin v27.4 - https:\/\/yoast.com\/product\/yoast-seo-wordpress\/ -->\n<title>Abono l\u00edquido orqu\u00eddeas | SAIGA<\/title>\n<meta name=\"description\" content=\"El Abono l\u00edquido para orqu\u00eddeas de Fertiberia Jard\u00edn es un fertilizante l\u00edquido especialmente formulado para todo tipo de orqu\u00eddeas.\" \/>\n<meta name=\"robots\" content=\"index, follow, max-snippet:-1, max-image-preview:large, max-video-preview:-1\" \/>\n<link rel=\"canonical\" href=\"https:\/\/saiga.es\/es\/producto\/abono-liquido-orquideas\/\" \/>\n<meta property=\"og:locale\" content=\"es_ES\" \/>\n<meta property=\"og:type\" content=\"article\" \/>\n<meta property=\"og:title\" content=\"Abono l\u00edquido orqu\u00eddeas | SAIGA\" \/>\n<meta property=\"og:description\" content=\"El Abono l\u00edquido para orqu\u00eddeas de Fertiberia Jard\u00edn es un fertilizante l\u00edquido especialmente formulado para todo tipo de orqu\u00eddeas.\" \/>\n<meta property=\"og:url\" content=\"https:\/\/saiga.es\/es\/producto\/abono-liquido-orquideas\/\" \/>\n<meta property=\"og:site_name\" content=\"SAIGA\" \/>\n<meta property=\"article:modified_time\" content=\"2025-12-10T11:47:11+00:00\" \/>\n<meta property=\"og:image\" content=\"https:\/\/saiga.es\/wp-content\/uploads\/2025\/07\/Adob-liquid-orquidies.jpg\" \/>\n\t<meta property=\"og:image:width\" content=\"1080\" \/>\n\t<meta property=\"og:image:height\" content=\"1080\" \/>\n\t<meta property=\"og:image:type\" content=\"image\/jpeg\" \/>\n<meta name=\"twitter:card\" content=\"summary_large_image\" \/>\n<meta name=\"twitter:site\" content=\"@saiga_agro\" \/>\n<meta name=\"twitter:label1\" content=\"Tiempo de lectura\" \/>\n\t<meta name=\"twitter:data1\" content=\"1 minuto\" \/>\n<script type=\"application\/ld+json\" class=\"yoast-schema-graph\">{\"@context\":\"https:\\\/\\\/schema.org\",\"@graph\":[{\"@type\":\"WebPage\",\"@id\":\"https:\\\/\\\/saiga.es\\\/es\\\/producto\\\/abono-liquido-orquideas\\\/\",\"url\":\"https:\\\/\\\/saiga.es\\\/es\\\/producto\\\/abono-liquido-orquideas\\\/\",\"name\":\"Abono l\u00edquido orqu\u00eddeas | SAIGA\",\"isPartOf\":{\"@id\":\"https:\\\/\\\/saiga.es\\\/es\\\/#website\"},\"primaryImageOfPage\":{\"@id\":\"https:\\\/\\\/saiga.es\\\/es\\\/producto\\\/abono-liquido-orquideas\\\/#primaryimage\"},\"image\":{\"@id\":\"https:\\\/\\\/saiga.es\\\/es\\\/producto\\\/abono-liquido-orquideas\\\/#primaryimage\"},\"thumbnailUrl\":\"https:\\\/\\\/saiga.es\\\/wp-content\\\/uploads\\\/2025\\\/07\\\/Adob-liquid-orquidies.jpg\",\"datePublished\":\"2025-07-10T07:32:28+00:00\",\"dateModified\":\"2025-12-10T11:47:11+00:00\",\"description\":\"El Abono l\u00edquido para orqu\u00eddeas de Fertiberia Jard\u00edn es un fertilizante l\u00edquido especialmente formulado para todo tipo de orqu\u00eddeas.\",\"breadcrumb\":{\"@id\":\"https:\\\/\\\/saiga.es\\\/es\\\/producto\\\/abono-liquido-orquideas\\\/#breadcrumb\"},\"inLanguage\":\"es\",\"potentialAction\":[{\"@type\":\"ReadAction\",\"target\":[\"https:\\\/\\\/saiga.es\\\/es\\\/producto\\\/abono-liquido-orquideas\\\/\"]}]},{\"@type\":\"ImageObject\",\"inLanguage\":\"es\",\"@id\":\"https:\\\/\\\/saiga.es\\\/es\\\/producto\\\/abono-liquido-orquideas\\\/#primaryimage\",\"url\":\"https:\\\/\\\/saiga.es\\\/wp-content\\\/uploads\\\/2025\\\/07\\\/Adob-liquid-orquidies.jpg\",\"contentUrl\":\"https:\\\/\\\/saiga.es\\\/wp-content\\\/uploads\\\/2025\\\/07\\\/Adob-liquid-orquidies.jpg\",\"width\":1080,\"height\":1080,\"caption\":\"Abono l\u00edquido orqu\u00eddeas\"},{\"@type\":\"BreadcrumbList\",\"@id\":\"https:\\\/\\\/saiga.es\\\/es\\\/producto\\\/abono-liquido-orquideas\\\/#breadcrumb\",\"itemListElement\":[{\"@type\":\"ListItem\",\"position\":1,\"name\":\"Inici\",\"item\":\"https:\\\/\\\/saiga.es\\\/es\\\/\"},{\"@type\":\"ListItem\",\"position\":2,\"name\":\"Tienda\",\"item\":\"https:\\\/\\\/saiga.es\\\/es\\\/tienda\\\/\"},{\"@type\":\"ListItem\",\"position\":3,\"name\":\"Abono l\u00edquido orqu\u00eddeas\"}]},{\"@type\":\"WebSite\",\"@id\":\"https:\\\/\\\/saiga.es\\\/es\\\/#website\",\"url\":\"https:\\\/\\\/saiga.es\\\/es\\\/\",\"name\":\"SAIGA\",\"description\":\"M\u00e9s de 50 anys al servei de la terra i treballant per a un \u00fas eficient de l\u2019aigua!\",\"publisher\":{\"@id\":\"https:\\\/\\\/saiga.es\\\/es\\\/#organization\"},\"potentialAction\":[{\"@type\":\"SearchAction\",\"target\":{\"@type\":\"EntryPoint\",\"urlTemplate\":\"https:\\\/\\\/saiga.es\\\/es\\\/?s={search_term_string}\"},\"query-input\":{\"@type\":\"PropertyValueSpecification\",\"valueRequired\":true,\"valueName\":\"search_term_string\"}}],\"inLanguage\":\"es\"},{\"@type\":\"Organization\",\"@id\":\"https:\\\/\\\/saiga.es\\\/es\\\/#organization\",\"name\":\"SAIGA\",\"url\":\"https:\\\/\\\/saiga.es\\\/es\\\/\",\"logo\":{\"@type\":\"ImageObject\",\"inLanguage\":\"es\",\"@id\":\"https:\\\/\\\/saiga.es\\\/es\\\/#\\\/schema\\\/logo\\\/image\\\/\",\"url\":\"https:\\\/\\\/saiga.es\\\/wp-content\\\/uploads\\\/2025\\\/07\\\/logo_saiga_baseline_optimitzat.svg\",\"contentUrl\":\"https:\\\/\\\/saiga.es\\\/wp-content\\\/uploads\\\/2025\\\/07\\\/logo_saiga_baseline_optimitzat.svg\",\"caption\":\"SAIGA\"},\"image\":{\"@id\":\"https:\\\/\\\/saiga.es\\\/es\\\/#\\\/schema\\\/logo\\\/image\\\/\"},\"sameAs\":[\"https:\\\/\\\/x.com\\\/saiga_agro\",\"https:\\\/\\\/www.instagram.com\\\/saiga_agro\\\/\"]}]}<\/script>\n<!-- \/ Yoast SEO plugin. -->","yoast_head_json":{"title":"Abono l\u00edquido orqu\u00eddeas | SAIGA","description":"El Abono l\u00edquido para orqu\u00eddeas de Fertiberia Jard\u00edn es un fertilizante l\u00edquido especialmente formulado para todo tipo de orqu\u00eddeas.","robots":{"index":"index","follow":"follow","max-snippet":"max-snippet:-1","max-image-preview":"max-image-preview:large","max-video-preview":"max-video-preview:-1"},"canonical":"https:\/\/saiga.es\/es\/producto\/abono-liquido-orquideas\/","og_locale":"es_ES","og_type":"article","og_title":"Abono l\u00edquido orqu\u00eddeas | SAIGA","og_description":"El Abono l\u00edquido para orqu\u00eddeas de Fertiberia Jard\u00edn es un fertilizante l\u00edquido especialmente formulado para todo tipo de orqu\u00eddeas.","og_url":"https:\/\/saiga.es\/es\/producto\/abono-liquido-orquideas\/","og_site_name":"SAIGA","article_modified_time":"2025-12-10T11:47:11+00:00","og_image":[{"width":1080,"height":1080,"url":"https:\/\/saiga.es\/wp-content\/uploads\/2025\/07\/Adob-liquid-orquidies.jpg","type":"image\/jpeg"}],"twitter_card":"summary_large_image","twitter_site":"@saiga_agro","twitter_misc":{"Tiempo de lectura":"1 minuto"},"schema":{"@context":"https:\/\/schema.org","@graph":[{"@type":"WebPage","@id":"https:\/\/saiga.es\/es\/producto\/abono-liquido-orquideas\/","url":"https:\/\/saiga.es\/es\/producto\/abono-liquido-orquideas\/","name":"Abono l\u00edquido orqu\u00eddeas | SAIGA","isPartOf":{"@id":"https:\/\/saiga.es\/es\/#website"},"primaryImageOfPage":{"@id":"https:\/\/saiga.es\/es\/producto\/abono-liquido-orquideas\/#primaryimage"},"image":{"@id":"https:\/\/saiga.es\/es\/producto\/abono-liquido-orquideas\/#primaryimage"},"thumbnailUrl":"https:\/\/saiga.es\/wp-content\/uploads\/2025\/07\/Adob-liquid-orquidies.jpg","datePublished":"2025-07-10T07:32:28+00:00","dateModified":"2025-12-10T11:47:11+00:00","description":"El Abono l\u00edquido para orqu\u00eddeas de Fertiberia Jard\u00edn es un fertilizante l\u00edquido especialmente formulado para todo tipo de orqu\u00eddeas.","breadcrumb":{"@id":"https:\/\/saiga.es\/es\/producto\/abono-liquido-orquideas\/#breadcrumb"},"inLanguage":"es","potentialAction":[{"@type":"ReadAction","target":["https:\/\/saiga.es\/es\/producto\/abono-liquido-orquideas\/"]}]},{"@type":"ImageObject","inLanguage":"es","@id":"https:\/\/saiga.es\/es\/producto\/abono-liquido-orquideas\/#primaryimage","url":"https:\/\/saiga.es\/wp-content\/uploads\/2025\/07\/Adob-liquid-orquidies.jpg","contentUrl":"https:\/\/saiga.es\/wp-content\/uploads\/2025\/07\/Adob-liquid-orquidies.jpg","width":1080,"height":1080,"caption":"Abono l\u00edquido orqu\u00eddeas"},{"@type":"BreadcrumbList","@id":"https:\/\/saiga.es\/es\/producto\/abono-liquido-orquideas\/#breadcrumb","itemListElement":[{"@type":"ListItem","position":1,"name":"Inici","item":"https:\/\/saiga.es\/es\/"},{"@type":"ListItem","position":2,"name":"Tienda","item":"https:\/\/saiga.es\/es\/tienda\/"},{"@type":"ListItem","position":3,"name":"Abono l\u00edquido orqu\u00eddeas"}]},{"@type":"WebSite","@id":"https:\/\/saiga.es\/es\/#website","url":"https:\/\/saiga.es\/es\/","name":"SAIGA","description":"M\u00e9s de 50 anys al servei de la terra i treballant per a un \u00fas eficient de l\u2019aigua!","publisher":{"@id":"https:\/\/saiga.es\/es\/#organization"},"potentialAction":[{"@type":"SearchAction","target":{"@type":"EntryPoint","urlTemplate":"https:\/\/saiga.es\/es\/?s={search_term_string}"},"query-input":{"@type":"PropertyValueSpecification","valueRequired":true,"valueName":"search_term_string"}}],"inLanguage":"es"},{"@type":"Organization","@id":"https:\/\/saiga.es\/es\/#organization","name":"SAIGA","url":"https:\/\/saiga.es\/es\/","logo":{"@type":"ImageObject","inLanguage":"es","@id":"https:\/\/saiga.es\/es\/#\/schema\/logo\/image\/","url":"https:\/\/saiga.es\/wp-content\/uploads\/2025\/07\/logo_saiga_baseline_optimitzat.svg","contentUrl":"https:\/\/saiga.es\/wp-content\/uploads\/2025\/07\/logo_saiga_baseline_optimitzat.svg","caption":"SAIGA"},"image":{"@id":"https:\/\/saiga.es\/es\/#\/schema\/logo\/image\/"},"sameAs":["https:\/\/x.com\/saiga_agro","https:\/\/www.instagram.com\/saiga_agro\/"]}]}},"_links":{"self":[{"href":"https:\/\/saiga.es\/es\/wp-json\/wp\/v2\/product\/15344","targetHints":{"allow":["GET"]}}],"collection":[{"href":"https:\/\/saiga.es\/es\/wp-json\/wp\/v2\/product"}],"about":[{"href":"https:\/\/saiga.es\/es\/wp-json\/wp\/v2\/types\/product"}],"replies":[{"embeddable":true,"href":"https:\/\/saiga.es\/es\/wp-json\/wp\/v2\/comments?post=15344"}],"wp:featuredmedia":[{"embeddable":true,"href":"https:\/\/saiga.es\/es\/wp-json\/wp\/v2\/media\/15341"}],"wp:attachment":[{"href":"https:\/\/saiga.es\/es\/wp-json\/wp\/v2\/media?parent=15344"}],"wp:term":[{"taxonomy":"product_brand","embeddable":true,"href":"https:\/\/saiga.es\/es\/wp-json\/wp\/v2\/product_brand?post=15344"},{"taxonomy":"product_cat","embeddable":true,"href":"https:\/\/saiga.es\/es\/wp-json\/wp\/v2\/product_cat?post=15344"},{"taxonomy":"product_tag","embeddable":true,"href":"https:\/\/saiga.es\/es\/wp-json\/wp\/v2\/product_tag?post=15344"}],"curies":[{"name":"wp","href":"https:\/\/api.w.org\/{rel}","templated":true}]}}