{"id":15869,"date":"2025-07-25T09:43:39","date_gmt":"2025-07-25T09:43:39","guid":{"rendered":"https:\/\/botiga.saiga.es\/producte\/deposito-120-l\/"},"modified":"2025-12-10T11:39:30","modified_gmt":"2025-12-10T11:39:30","slug":"deposito-120-l","status":"publish","type":"product","link":"https:\/\/saiga.es\/es\/producto\/deposito-120-l\/","title":{"rendered":"Dep\u00f3sito 120 L"},"content":{"rendered":"<p>Nuestro dep\u00f3sito de 120 litros est\u00e1 fabricado en polipropileno de calidad alimentaria, material seguro, resistente e ideal para el almacenamiento de agua y otros l\u00edquidos destinados al consumo humano. Este dep\u00f3sito se ha dise\u00f1ado para ofrecer una soluci\u00f3n fiable y duradera para uso dom\u00e9stico, agr\u00edcola, industrial o en el sector de la alimentaci\u00f3n. <\/p>\n<p>Con una capacidad de 120 litros, este contenedor ofrece un buen equilibrio entre espacio de almacenamiento y facilidad de manipulaci\u00f3n. Sus dimensiones de \u00d8490 mm de di\u00e1metro y 800 mm de altura lo hacen ideal para espacios reducidos, manteniendo una gran capacidad de almacenamiento. <\/p>\n<p>El polipropileno alimenticio es un material altamente resistente a impactos, productos qu\u00edmicos ya la corrosi\u00f3n, y no altera ni el gusto ni las propiedades de los l\u00edquidos almacenados. Adem\u00e1s, es ligero, reciclable y muy f\u00e1cil de limpiar, lo que le convierte en una opci\u00f3n sostenible y pr\u00e1ctica para cualquier entorno. <\/p>\n<p>Este dep\u00f3sito es apto tanto para almacenar agua potable como para otros l\u00edquidos compatibles con pl\u00e1sticos de uso alimenticio. Se puede utilizar como parte de un sistema de recogida de agua de lluvia, en instalaciones de agua potable, para procesos alimenticios, o incluso como dep\u00f3sito auxiliar en entornos industriales. <\/p>\n<p>En resumen, este dep\u00f3sito de 120 litros es una soluci\u00f3n compacta, segura y eficiente para el almacenamiento de agua y otros l\u00edquidos alimenticios. Una elecci\u00f3n inteligente para quien busca calidad, durabilidad y seguridad alimentaria en un solo producto. <\/p>\n","protected":false},"excerpt":{"rendered":"<p>Nuestro dep\u00f3sito de 120 litros est\u00e1 fabricado en polipropileno de calidad alimentaria, material seguro, resistente e ideal para el almacenamiento de agua y otros l\u00edquidos destinados al consumo humano.<\/p>\n","protected":false},"featured_media":15867,"comment_status":"closed","ping_status":"closed","template":"","meta":[],"product_brand":[1909],"product_cat":[2154],"product_tag":[],"class_list":{"0":"post-15869","1":"product","2":"type-product","3":"status-publish","4":"has-post-thumbnail","6":"product_brand-gaun","7":"product_cat-varios","9":"first","10":"instock","11":"taxable","12":"shipping-taxable","13":"purchasable","14":"product-type-simple"},"yoast_head":"<!-- This site is optimized with the Yoast SEO plugin v27.4 - https:\/\/yoast.com\/product\/yoast-seo-wordpress\/ -->\n<title>Dep\u00f3sito 120 L | SAIGA<\/title>\n<meta name=\"description\" content=\"Dep\u00f3sito de 120 litros fabricado en polipropilo, un material seguro, resistente e ideal para el almacenamiento de agua y otros l\u00edquidos destinados al consumo humano.\" \/>\n<meta name=\"robots\" content=\"index, follow, max-snippet:-1, max-image-preview:large, max-video-preview:-1\" \/>\n<link rel=\"canonical\" href=\"https:\/\/saiga.es\/es\/producto\/deposito-120-l\/\" \/>\n<meta property=\"og:locale\" content=\"es_ES\" \/>\n<meta property=\"og:type\" content=\"article\" \/>\n<meta property=\"og:title\" content=\"Dep\u00f3sito 120 L | SAIGA\" \/>\n<meta property=\"og:description\" content=\"Dep\u00f3sito de 120 litros fabricado en polipropilo, un material seguro, resistente e ideal para el almacenamiento de agua y otros l\u00edquidos destinados al consumo humano.\" \/>\n<meta property=\"og:url\" content=\"https:\/\/saiga.es\/es\/producto\/deposito-120-l\/\" \/>\n<meta property=\"og:site_name\" content=\"SAIGA\" \/>\n<meta property=\"article:modified_time\" content=\"2025-12-10T11:39:30+00:00\" \/>\n<meta property=\"og:image\" content=\"https:\/\/saiga.es\/wp-content\/uploads\/2025\/07\/Diposit-120-L.jpg\" \/>\n\t<meta property=\"og:image:width\" content=\"1080\" \/>\n\t<meta property=\"og:image:height\" content=\"1080\" \/>\n\t<meta property=\"og:image:type\" content=\"image\/jpeg\" \/>\n<meta name=\"twitter:card\" content=\"summary_large_image\" \/>\n<meta name=\"twitter:site\" content=\"@saiga_agro\" \/>\n<meta name=\"twitter:label1\" content=\"Tiempo de lectura\" \/>\n\t<meta name=\"twitter:data1\" content=\"1 minuto\" \/>\n<script type=\"application\/ld+json\" class=\"yoast-schema-graph\">{\"@context\":\"https:\\\/\\\/schema.org\",\"@graph\":[{\"@type\":\"WebPage\",\"@id\":\"https:\\\/\\\/saiga.es\\\/es\\\/producto\\\/deposito-120-l\\\/\",\"url\":\"https:\\\/\\\/saiga.es\\\/es\\\/producto\\\/deposito-120-l\\\/\",\"name\":\"Dep\u00f3sito 120 L | SAIGA\",\"isPartOf\":{\"@id\":\"https:\\\/\\\/saiga.es\\\/es\\\/#website\"},\"primaryImageOfPage\":{\"@id\":\"https:\\\/\\\/saiga.es\\\/es\\\/producto\\\/deposito-120-l\\\/#primaryimage\"},\"image\":{\"@id\":\"https:\\\/\\\/saiga.es\\\/es\\\/producto\\\/deposito-120-l\\\/#primaryimage\"},\"thumbnailUrl\":\"https:\\\/\\\/saiga.es\\\/wp-content\\\/uploads\\\/2025\\\/07\\\/Diposit-120-L.jpg\",\"datePublished\":\"2025-07-25T09:43:39+00:00\",\"dateModified\":\"2025-12-10T11:39:30+00:00\",\"description\":\"Dep\u00f3sito de 120 litros fabricado en polipropilo, un material seguro, resistente e ideal para el almacenamiento de agua y otros l\u00edquidos destinados al consumo humano.\",\"breadcrumb\":{\"@id\":\"https:\\\/\\\/saiga.es\\\/es\\\/producto\\\/deposito-120-l\\\/#breadcrumb\"},\"inLanguage\":\"es\",\"potentialAction\":[{\"@type\":\"ReadAction\",\"target\":[\"https:\\\/\\\/saiga.es\\\/es\\\/producto\\\/deposito-120-l\\\/\"]}]},{\"@type\":\"ImageObject\",\"inLanguage\":\"es\",\"@id\":\"https:\\\/\\\/saiga.es\\\/es\\\/producto\\\/deposito-120-l\\\/#primaryimage\",\"url\":\"https:\\\/\\\/saiga.es\\\/wp-content\\\/uploads\\\/2025\\\/07\\\/Diposit-120-L.jpg\",\"contentUrl\":\"https:\\\/\\\/saiga.es\\\/wp-content\\\/uploads\\\/2025\\\/07\\\/Diposit-120-L.jpg\",\"width\":1080,\"height\":1080,\"caption\":\"Dip\u00f2stit 120 L\"},{\"@type\":\"BreadcrumbList\",\"@id\":\"https:\\\/\\\/saiga.es\\\/es\\\/producto\\\/deposito-120-l\\\/#breadcrumb\",\"itemListElement\":[{\"@type\":\"ListItem\",\"position\":1,\"name\":\"Inici\",\"item\":\"https:\\\/\\\/saiga.es\\\/es\\\/\"},{\"@type\":\"ListItem\",\"position\":2,\"name\":\"Tienda\",\"item\":\"https:\\\/\\\/saiga.es\\\/es\\\/tienda\\\/\"},{\"@type\":\"ListItem\",\"position\":3,\"name\":\"Dep\u00f3sito 120 L\"}]},{\"@type\":\"WebSite\",\"@id\":\"https:\\\/\\\/saiga.es\\\/es\\\/#website\",\"url\":\"https:\\\/\\\/saiga.es\\\/es\\\/\",\"name\":\"SAIGA\",\"description\":\"M\u00e9s de 50 anys al servei de la terra i treballant per a un \u00fas eficient de l\u2019aigua!\",\"publisher\":{\"@id\":\"https:\\\/\\\/saiga.es\\\/es\\\/#organization\"},\"potentialAction\":[{\"@type\":\"SearchAction\",\"target\":{\"@type\":\"EntryPoint\",\"urlTemplate\":\"https:\\\/\\\/saiga.es\\\/es\\\/?s={search_term_string}\"},\"query-input\":{\"@type\":\"PropertyValueSpecification\",\"valueRequired\":true,\"valueName\":\"search_term_string\"}}],\"inLanguage\":\"es\"},{\"@type\":\"Organization\",\"@id\":\"https:\\\/\\\/saiga.es\\\/es\\\/#organization\",\"name\":\"SAIGA\",\"url\":\"https:\\\/\\\/saiga.es\\\/es\\\/\",\"logo\":{\"@type\":\"ImageObject\",\"inLanguage\":\"es\",\"@id\":\"https:\\\/\\\/saiga.es\\\/es\\\/#\\\/schema\\\/logo\\\/image\\\/\",\"url\":\"https:\\\/\\\/saiga.es\\\/wp-content\\\/uploads\\\/2025\\\/07\\\/logo_saiga_baseline_optimitzat.svg\",\"contentUrl\":\"https:\\\/\\\/saiga.es\\\/wp-content\\\/uploads\\\/2025\\\/07\\\/logo_saiga_baseline_optimitzat.svg\",\"caption\":\"SAIGA\"},\"image\":{\"@id\":\"https:\\\/\\\/saiga.es\\\/es\\\/#\\\/schema\\\/logo\\\/image\\\/\"},\"sameAs\":[\"https:\\\/\\\/x.com\\\/saiga_agro\",\"https:\\\/\\\/www.instagram.com\\\/saiga_agro\\\/\"]}]}<\/script>\n<!-- \/ Yoast SEO plugin. -->","yoast_head_json":{"title":"Dep\u00f3sito 120 L | SAIGA","description":"Dep\u00f3sito de 120 litros fabricado en polipropilo, un material seguro, resistente e ideal para el almacenamiento de agua y otros l\u00edquidos destinados al consumo humano.","robots":{"index":"index","follow":"follow","max-snippet":"max-snippet:-1","max-image-preview":"max-image-preview:large","max-video-preview":"max-video-preview:-1"},"canonical":"https:\/\/saiga.es\/es\/producto\/deposito-120-l\/","og_locale":"es_ES","og_type":"article","og_title":"Dep\u00f3sito 120 L | SAIGA","og_description":"Dep\u00f3sito de 120 litros fabricado en polipropilo, un material seguro, resistente e ideal para el almacenamiento de agua y otros l\u00edquidos destinados al consumo humano.","og_url":"https:\/\/saiga.es\/es\/producto\/deposito-120-l\/","og_site_name":"SAIGA","article_modified_time":"2025-12-10T11:39:30+00:00","og_image":[{"width":1080,"height":1080,"url":"https:\/\/saiga.es\/wp-content\/uploads\/2025\/07\/Diposit-120-L.jpg","type":"image\/jpeg"}],"twitter_card":"summary_large_image","twitter_site":"@saiga_agro","twitter_misc":{"Tiempo de lectura":"1 minuto"},"schema":{"@context":"https:\/\/schema.org","@graph":[{"@type":"WebPage","@id":"https:\/\/saiga.es\/es\/producto\/deposito-120-l\/","url":"https:\/\/saiga.es\/es\/producto\/deposito-120-l\/","name":"Dep\u00f3sito 120 L | SAIGA","isPartOf":{"@id":"https:\/\/saiga.es\/es\/#website"},"primaryImageOfPage":{"@id":"https:\/\/saiga.es\/es\/producto\/deposito-120-l\/#primaryimage"},"image":{"@id":"https:\/\/saiga.es\/es\/producto\/deposito-120-l\/#primaryimage"},"thumbnailUrl":"https:\/\/saiga.es\/wp-content\/uploads\/2025\/07\/Diposit-120-L.jpg","datePublished":"2025-07-25T09:43:39+00:00","dateModified":"2025-12-10T11:39:30+00:00","description":"Dep\u00f3sito de 120 litros fabricado en polipropilo, un material seguro, resistente e ideal para el almacenamiento de agua y otros l\u00edquidos destinados al consumo humano.","breadcrumb":{"@id":"https:\/\/saiga.es\/es\/producto\/deposito-120-l\/#breadcrumb"},"inLanguage":"es","potentialAction":[{"@type":"ReadAction","target":["https:\/\/saiga.es\/es\/producto\/deposito-120-l\/"]}]},{"@type":"ImageObject","inLanguage":"es","@id":"https:\/\/saiga.es\/es\/producto\/deposito-120-l\/#primaryimage","url":"https:\/\/saiga.es\/wp-content\/uploads\/2025\/07\/Diposit-120-L.jpg","contentUrl":"https:\/\/saiga.es\/wp-content\/uploads\/2025\/07\/Diposit-120-L.jpg","width":1080,"height":1080,"caption":"Dip\u00f2stit 120 L"},{"@type":"BreadcrumbList","@id":"https:\/\/saiga.es\/es\/producto\/deposito-120-l\/#breadcrumb","itemListElement":[{"@type":"ListItem","position":1,"name":"Inici","item":"https:\/\/saiga.es\/es\/"},{"@type":"ListItem","position":2,"name":"Tienda","item":"https:\/\/saiga.es\/es\/tienda\/"},{"@type":"ListItem","position":3,"name":"Dep\u00f3sito 120 L"}]},{"@type":"WebSite","@id":"https:\/\/saiga.es\/es\/#website","url":"https:\/\/saiga.es\/es\/","name":"SAIGA","description":"M\u00e9s de 50 anys al servei de la terra i treballant per a un \u00fas eficient de l\u2019aigua!","publisher":{"@id":"https:\/\/saiga.es\/es\/#organization"},"potentialAction":[{"@type":"SearchAction","target":{"@type":"EntryPoint","urlTemplate":"https:\/\/saiga.es\/es\/?s={search_term_string}"},"query-input":{"@type":"PropertyValueSpecification","valueRequired":true,"valueName":"search_term_string"}}],"inLanguage":"es"},{"@type":"Organization","@id":"https:\/\/saiga.es\/es\/#organization","name":"SAIGA","url":"https:\/\/saiga.es\/es\/","logo":{"@type":"ImageObject","inLanguage":"es","@id":"https:\/\/saiga.es\/es\/#\/schema\/logo\/image\/","url":"https:\/\/saiga.es\/wp-content\/uploads\/2025\/07\/logo_saiga_baseline_optimitzat.svg","contentUrl":"https:\/\/saiga.es\/wp-content\/uploads\/2025\/07\/logo_saiga_baseline_optimitzat.svg","caption":"SAIGA"},"image":{"@id":"https:\/\/saiga.es\/es\/#\/schema\/logo\/image\/"},"sameAs":["https:\/\/x.com\/saiga_agro","https:\/\/www.instagram.com\/saiga_agro\/"]}]}},"_links":{"self":[{"href":"https:\/\/saiga.es\/es\/wp-json\/wp\/v2\/product\/15869","targetHints":{"allow":["GET"]}}],"collection":[{"href":"https:\/\/saiga.es\/es\/wp-json\/wp\/v2\/product"}],"about":[{"href":"https:\/\/saiga.es\/es\/wp-json\/wp\/v2\/types\/product"}],"replies":[{"embeddable":true,"href":"https:\/\/saiga.es\/es\/wp-json\/wp\/v2\/comments?post=15869"}],"wp:featuredmedia":[{"embeddable":true,"href":"https:\/\/saiga.es\/es\/wp-json\/wp\/v2\/media\/15867"}],"wp:attachment":[{"href":"https:\/\/saiga.es\/es\/wp-json\/wp\/v2\/media?parent=15869"}],"wp:term":[{"taxonomy":"product_brand","embeddable":true,"href":"https:\/\/saiga.es\/es\/wp-json\/wp\/v2\/product_brand?post=15869"},{"taxonomy":"product_cat","embeddable":true,"href":"https:\/\/saiga.es\/es\/wp-json\/wp\/v2\/product_cat?post=15869"},{"taxonomy":"product_tag","embeddable":true,"href":"https:\/\/saiga.es\/es\/wp-json\/wp\/v2\/product_tag?post=15869"}],"curies":[{"name":"wp","href":"https:\/\/api.w.org\/{rel}","templated":true}]}}