{"id":15920,"date":"2025-07-25T10:06:04","date_gmt":"2025-07-25T10:06:04","guid":{"rendered":"https:\/\/botiga.saiga.es\/producte\/deposito-220-l\/"},"modified":"2025-12-10T11:38:15","modified_gmt":"2025-12-10T11:38:15","slug":"deposito-220-l","status":"publish","type":"product","link":"https:\/\/saiga.es\/es\/producto\/deposito-220-l\/","title":{"rendered":"Dep\u00f3sito 220 L"},"content":{"rendered":"<p data-start=\"218\" data-end=\"567\">El dep\u00f3sito de 220 litros est\u00e1 fabricado con polipropileno de uso alimenticio, un material seguro, ligero y altamente resistente, apto para el almacenamiento de agua potable y otros l\u00edquidos destinados al consumo humano oa procesos alimenticios. Es una opci\u00f3n excelente para usos dom\u00e9sticos, agr\u00edcolas, industriales o profesionales del sector alimenticio. Con una capacidad de 220 litros, este dep\u00f3sito ofrece un generoso volumen sin comprometer el espacio. Sus dimensiones de \u00d8600 mm de di\u00e1metro y 985 mm de altura lo hacen estable y f\u00e1cil de ubicar en una amplia variedad de entornos.   <\/p>\n<p data-start=\"806\" data-end=\"1137\">El polipropileno alimenticio es un material altamente valorado por su resistencia a productos qu\u00edmicos, a la humedad ya los impactos. No transfiere olores ni sabores al contenido, garantizando as\u00ed la m\u00e1xima seguridad higi\u00e9nica. Adem\u00e1s es 100% reciclable y f\u00e1cil de limpiar, contribuyendo a una gesti\u00f3n m\u00e1s sostenible de los recursos.  <\/p>\n<p data-start=\"1139\" data-end=\"1372\">Este dep\u00f3sito es ideal para la recogida de agua de lluvia, almacenamiento de agua potable, o como parte de un sistema de procesamiento o suministro en entornos donde se requiere cumplimiento con normativas alimentarias.<\/p>\n<p data-start=\"1374\" data-end=\"1575\">Gracias a su gran capacidad ya su dise\u00f1o robusto, este dep\u00f3sito representa una soluci\u00f3n pr\u00e1ctica, segura y duradera para aquellos que buscan un contenedor fiable para l\u00edquidos alimenticios.<\/p>\n","protected":false},"excerpt":{"rendered":"<p>El dep\u00f3sito de 220 litros est\u00e1 fabricado con polipropileno de uso alimenticio, un material seguro, ligero y altamente resistente, apto para el almacenamiento de agua potable y otros l\u00edquidos destinados al consumo humano.<\/p>\n","protected":false},"featured_media":15873,"comment_status":"closed","ping_status":"closed","template":"","meta":[],"product_brand":[1909],"product_cat":[2154],"product_tag":[],"class_list":{"0":"post-15920","1":"product","2":"type-product","3":"status-publish","4":"has-post-thumbnail","6":"product_brand-gaun","7":"product_cat-varios","9":"first","10":"instock","11":"taxable","12":"shipping-taxable","13":"purchasable","14":"product-type-simple"},"yoast_head":"<!-- This site is optimized with the Yoast SEO plugin v27.4 - https:\/\/yoast.com\/product\/yoast-seo-wordpress\/ -->\n<title>Dep\u00f3sito 220 L | SAIGA<\/title>\n<meta name=\"description\" content=\"El dep\u00f3sito de 220 litros est\u00e1 fabricado en polipropileno, material seguro, ligero y altamente resistente, apto para el almacenamiento de agua potable y otros l\u00edquidos destinados al consumo humano.\" \/>\n<meta name=\"robots\" content=\"index, follow, max-snippet:-1, max-image-preview:large, max-video-preview:-1\" \/>\n<link rel=\"canonical\" href=\"https:\/\/saiga.es\/es\/producto\/deposito-220-l\/\" \/>\n<meta property=\"og:locale\" content=\"es_ES\" \/>\n<meta property=\"og:type\" content=\"article\" \/>\n<meta property=\"og:title\" content=\"Dep\u00f3sito 220 L | SAIGA\" \/>\n<meta property=\"og:description\" content=\"El dep\u00f3sito de 220 litros est\u00e1 fabricado en polipropileno, material seguro, ligero y altamente resistente, apto para el almacenamiento de agua potable y otros l\u00edquidos destinados al consumo humano.\" \/>\n<meta property=\"og:url\" content=\"https:\/\/saiga.es\/es\/producto\/deposito-220-l\/\" \/>\n<meta property=\"og:site_name\" content=\"SAIGA\" \/>\n<meta property=\"article:modified_time\" content=\"2025-12-10T11:38:15+00:00\" \/>\n<meta property=\"og:image\" content=\"https:\/\/saiga.es\/wp-content\/uploads\/2025\/07\/Diposit-220-L.jpg\" \/>\n\t<meta property=\"og:image:width\" content=\"1080\" \/>\n\t<meta property=\"og:image:height\" content=\"1080\" \/>\n\t<meta property=\"og:image:type\" content=\"image\/jpeg\" \/>\n<meta name=\"twitter:card\" content=\"summary_large_image\" \/>\n<meta name=\"twitter:site\" content=\"@saiga_agro\" \/>\n<meta name=\"twitter:label1\" content=\"Tiempo de lectura\" \/>\n\t<meta name=\"twitter:data1\" content=\"1 minuto\" \/>\n<script type=\"application\/ld+json\" class=\"yoast-schema-graph\">{\"@context\":\"https:\\\/\\\/schema.org\",\"@graph\":[{\"@type\":\"WebPage\",\"@id\":\"https:\\\/\\\/saiga.es\\\/es\\\/producto\\\/deposito-220-l\\\/\",\"url\":\"https:\\\/\\\/saiga.es\\\/es\\\/producto\\\/deposito-220-l\\\/\",\"name\":\"Dep\u00f3sito 220 L | SAIGA\",\"isPartOf\":{\"@id\":\"https:\\\/\\\/saiga.es\\\/es\\\/#website\"},\"primaryImageOfPage\":{\"@id\":\"https:\\\/\\\/saiga.es\\\/es\\\/producto\\\/deposito-220-l\\\/#primaryimage\"},\"image\":{\"@id\":\"https:\\\/\\\/saiga.es\\\/es\\\/producto\\\/deposito-220-l\\\/#primaryimage\"},\"thumbnailUrl\":\"https:\\\/\\\/saiga.es\\\/wp-content\\\/uploads\\\/2025\\\/07\\\/Diposit-220-L.jpg\",\"datePublished\":\"2025-07-25T10:06:04+00:00\",\"dateModified\":\"2025-12-10T11:38:15+00:00\",\"description\":\"El dep\u00f3sito de 220 litros est\u00e1 fabricado en polipropileno, material seguro, ligero y altamente resistente, apto para el almacenamiento de agua potable y otros l\u00edquidos destinados al consumo humano.\",\"breadcrumb\":{\"@id\":\"https:\\\/\\\/saiga.es\\\/es\\\/producto\\\/deposito-220-l\\\/#breadcrumb\"},\"inLanguage\":\"es\",\"potentialAction\":[{\"@type\":\"ReadAction\",\"target\":[\"https:\\\/\\\/saiga.es\\\/es\\\/producto\\\/deposito-220-l\\\/\"]}]},{\"@type\":\"ImageObject\",\"inLanguage\":\"es\",\"@id\":\"https:\\\/\\\/saiga.es\\\/es\\\/producto\\\/deposito-220-l\\\/#primaryimage\",\"url\":\"https:\\\/\\\/saiga.es\\\/wp-content\\\/uploads\\\/2025\\\/07\\\/Diposit-220-L.jpg\",\"contentUrl\":\"https:\\\/\\\/saiga.es\\\/wp-content\\\/uploads\\\/2025\\\/07\\\/Diposit-220-L.jpg\",\"width\":1080,\"height\":1080,\"caption\":\"Dep\u00f3sito 220 L\"},{\"@type\":\"BreadcrumbList\",\"@id\":\"https:\\\/\\\/saiga.es\\\/es\\\/producto\\\/deposito-220-l\\\/#breadcrumb\",\"itemListElement\":[{\"@type\":\"ListItem\",\"position\":1,\"name\":\"Inici\",\"item\":\"https:\\\/\\\/saiga.es\\\/es\\\/\"},{\"@type\":\"ListItem\",\"position\":2,\"name\":\"Tienda\",\"item\":\"https:\\\/\\\/saiga.es\\\/es\\\/tienda\\\/\"},{\"@type\":\"ListItem\",\"position\":3,\"name\":\"Dep\u00f3sito 220 L\"}]},{\"@type\":\"WebSite\",\"@id\":\"https:\\\/\\\/saiga.es\\\/es\\\/#website\",\"url\":\"https:\\\/\\\/saiga.es\\\/es\\\/\",\"name\":\"SAIGA\",\"description\":\"M\u00e9s de 50 anys al servei de la terra i treballant per a un \u00fas eficient de l\u2019aigua!\",\"publisher\":{\"@id\":\"https:\\\/\\\/saiga.es\\\/es\\\/#organization\"},\"potentialAction\":[{\"@type\":\"SearchAction\",\"target\":{\"@type\":\"EntryPoint\",\"urlTemplate\":\"https:\\\/\\\/saiga.es\\\/es\\\/?s={search_term_string}\"},\"query-input\":{\"@type\":\"PropertyValueSpecification\",\"valueRequired\":true,\"valueName\":\"search_term_string\"}}],\"inLanguage\":\"es\"},{\"@type\":\"Organization\",\"@id\":\"https:\\\/\\\/saiga.es\\\/es\\\/#organization\",\"name\":\"SAIGA\",\"url\":\"https:\\\/\\\/saiga.es\\\/es\\\/\",\"logo\":{\"@type\":\"ImageObject\",\"inLanguage\":\"es\",\"@id\":\"https:\\\/\\\/saiga.es\\\/es\\\/#\\\/schema\\\/logo\\\/image\\\/\",\"url\":\"https:\\\/\\\/saiga.es\\\/wp-content\\\/uploads\\\/2025\\\/07\\\/logo_saiga_baseline_optimitzat.svg\",\"contentUrl\":\"https:\\\/\\\/saiga.es\\\/wp-content\\\/uploads\\\/2025\\\/07\\\/logo_saiga_baseline_optimitzat.svg\",\"caption\":\"SAIGA\"},\"image\":{\"@id\":\"https:\\\/\\\/saiga.es\\\/es\\\/#\\\/schema\\\/logo\\\/image\\\/\"},\"sameAs\":[\"https:\\\/\\\/x.com\\\/saiga_agro\",\"https:\\\/\\\/www.instagram.com\\\/saiga_agro\\\/\"]}]}<\/script>\n<!-- \/ Yoast SEO plugin. -->","yoast_head_json":{"title":"Dep\u00f3sito 220 L | SAIGA","description":"El dep\u00f3sito de 220 litros est\u00e1 fabricado en polipropileno, material seguro, ligero y altamente resistente, apto para el almacenamiento de agua potable y otros l\u00edquidos destinados al consumo humano.","robots":{"index":"index","follow":"follow","max-snippet":"max-snippet:-1","max-image-preview":"max-image-preview:large","max-video-preview":"max-video-preview:-1"},"canonical":"https:\/\/saiga.es\/es\/producto\/deposito-220-l\/","og_locale":"es_ES","og_type":"article","og_title":"Dep\u00f3sito 220 L | SAIGA","og_description":"El dep\u00f3sito de 220 litros est\u00e1 fabricado en polipropileno, material seguro, ligero y altamente resistente, apto para el almacenamiento de agua potable y otros l\u00edquidos destinados al consumo humano.","og_url":"https:\/\/saiga.es\/es\/producto\/deposito-220-l\/","og_site_name":"SAIGA","article_modified_time":"2025-12-10T11:38:15+00:00","og_image":[{"width":1080,"height":1080,"url":"https:\/\/saiga.es\/wp-content\/uploads\/2025\/07\/Diposit-220-L.jpg","type":"image\/jpeg"}],"twitter_card":"summary_large_image","twitter_site":"@saiga_agro","twitter_misc":{"Tiempo de lectura":"1 minuto"},"schema":{"@context":"https:\/\/schema.org","@graph":[{"@type":"WebPage","@id":"https:\/\/saiga.es\/es\/producto\/deposito-220-l\/","url":"https:\/\/saiga.es\/es\/producto\/deposito-220-l\/","name":"Dep\u00f3sito 220 L | SAIGA","isPartOf":{"@id":"https:\/\/saiga.es\/es\/#website"},"primaryImageOfPage":{"@id":"https:\/\/saiga.es\/es\/producto\/deposito-220-l\/#primaryimage"},"image":{"@id":"https:\/\/saiga.es\/es\/producto\/deposito-220-l\/#primaryimage"},"thumbnailUrl":"https:\/\/saiga.es\/wp-content\/uploads\/2025\/07\/Diposit-220-L.jpg","datePublished":"2025-07-25T10:06:04+00:00","dateModified":"2025-12-10T11:38:15+00:00","description":"El dep\u00f3sito de 220 litros est\u00e1 fabricado en polipropileno, material seguro, ligero y altamente resistente, apto para el almacenamiento de agua potable y otros l\u00edquidos destinados al consumo humano.","breadcrumb":{"@id":"https:\/\/saiga.es\/es\/producto\/deposito-220-l\/#breadcrumb"},"inLanguage":"es","potentialAction":[{"@type":"ReadAction","target":["https:\/\/saiga.es\/es\/producto\/deposito-220-l\/"]}]},{"@type":"ImageObject","inLanguage":"es","@id":"https:\/\/saiga.es\/es\/producto\/deposito-220-l\/#primaryimage","url":"https:\/\/saiga.es\/wp-content\/uploads\/2025\/07\/Diposit-220-L.jpg","contentUrl":"https:\/\/saiga.es\/wp-content\/uploads\/2025\/07\/Diposit-220-L.jpg","width":1080,"height":1080,"caption":"Dep\u00f3sito 220 L"},{"@type":"BreadcrumbList","@id":"https:\/\/saiga.es\/es\/producto\/deposito-220-l\/#breadcrumb","itemListElement":[{"@type":"ListItem","position":1,"name":"Inici","item":"https:\/\/saiga.es\/es\/"},{"@type":"ListItem","position":2,"name":"Tienda","item":"https:\/\/saiga.es\/es\/tienda\/"},{"@type":"ListItem","position":3,"name":"Dep\u00f3sito 220 L"}]},{"@type":"WebSite","@id":"https:\/\/saiga.es\/es\/#website","url":"https:\/\/saiga.es\/es\/","name":"SAIGA","description":"M\u00e9s de 50 anys al servei de la terra i treballant per a un \u00fas eficient de l\u2019aigua!","publisher":{"@id":"https:\/\/saiga.es\/es\/#organization"},"potentialAction":[{"@type":"SearchAction","target":{"@type":"EntryPoint","urlTemplate":"https:\/\/saiga.es\/es\/?s={search_term_string}"},"query-input":{"@type":"PropertyValueSpecification","valueRequired":true,"valueName":"search_term_string"}}],"inLanguage":"es"},{"@type":"Organization","@id":"https:\/\/saiga.es\/es\/#organization","name":"SAIGA","url":"https:\/\/saiga.es\/es\/","logo":{"@type":"ImageObject","inLanguage":"es","@id":"https:\/\/saiga.es\/es\/#\/schema\/logo\/image\/","url":"https:\/\/saiga.es\/wp-content\/uploads\/2025\/07\/logo_saiga_baseline_optimitzat.svg","contentUrl":"https:\/\/saiga.es\/wp-content\/uploads\/2025\/07\/logo_saiga_baseline_optimitzat.svg","caption":"SAIGA"},"image":{"@id":"https:\/\/saiga.es\/es\/#\/schema\/logo\/image\/"},"sameAs":["https:\/\/x.com\/saiga_agro","https:\/\/www.instagram.com\/saiga_agro\/"]}]}},"_links":{"self":[{"href":"https:\/\/saiga.es\/es\/wp-json\/wp\/v2\/product\/15920","targetHints":{"allow":["GET"]}}],"collection":[{"href":"https:\/\/saiga.es\/es\/wp-json\/wp\/v2\/product"}],"about":[{"href":"https:\/\/saiga.es\/es\/wp-json\/wp\/v2\/types\/product"}],"replies":[{"embeddable":true,"href":"https:\/\/saiga.es\/es\/wp-json\/wp\/v2\/comments?post=15920"}],"wp:featuredmedia":[{"embeddable":true,"href":"https:\/\/saiga.es\/es\/wp-json\/wp\/v2\/media\/15873"}],"wp:attachment":[{"href":"https:\/\/saiga.es\/es\/wp-json\/wp\/v2\/media?parent=15920"}],"wp:term":[{"taxonomy":"product_brand","embeddable":true,"href":"https:\/\/saiga.es\/es\/wp-json\/wp\/v2\/product_brand?post=15920"},{"taxonomy":"product_cat","embeddable":true,"href":"https:\/\/saiga.es\/es\/wp-json\/wp\/v2\/product_cat?post=15920"},{"taxonomy":"product_tag","embeddable":true,"href":"https:\/\/saiga.es\/es\/wp-json\/wp\/v2\/product_tag?post=15920"}],"curies":[{"name":"wp","href":"https:\/\/api.w.org\/{rel}","templated":true}]}}