{"id":15981,"date":"2025-08-08T11:07:46","date_gmt":"2025-08-08T11:07:46","guid":{"rendered":"https:\/\/botiga.saiga.es\/producte\/zapatos-dune-jaq-verdes-kapriol\/"},"modified":"2025-08-08T11:07:46","modified_gmt":"2025-08-08T11:07:46","slug":"zapatos-dune-jaq-verdes-kapriol","status":"publish","type":"product","link":"https:\/\/saiga.es\/es\/producto\/zapatos-dune-jaq-verdes-kapriol\/","title":{"rendered":"Zapatos Dune Jaq Verdes Kapriol"},"content":{"rendered":"<p>&nbsp;<\/p>\n<p>Los zapatos Dune Jaq verdes de Kapriol combinan seguridad avanzada, comodidad y estilo moderno para el trabajo diario. Su entresuela NHP-Ultra (Nylon High Performances) con mezcla de EVA ofrece amortiguaci\u00f3n superior, gran flexibilidad y un efecto el\u00e1stico que reduce la fatiga al andar. Incluyen gorro de fibra de carbono ultraligero y plantilla antiperforaci\u00f3n High Flex PS, asegurando m\u00e1xima resistencia con peso reducido. La suela de goma es antideslizante y resistente a los hidrocarburos, ofreciendo adherencia \u00f3ptima en superficies dif\u00edciles. Dise\u00f1adas para entornos sensibles, disipan cargas electrost\u00e1ticas, ideales para trabajo con maquinaria electr\u00f3nica, laboratorios o zonas con riesgo de explosi\u00f3n. Con acolchados en tal\u00f3n, tobillo y leng\u00fceta, y la parte superior del pie transpirable con refuerzos de TPU y puntera recubierta de goma, garantizan comodidad y durabilidad incluso en jornadas largas.     <\/p>\n<p>Especificaciones clave de los Zapatos Dune Jaq Verdes Kapriol:<\/p>\n<ul>\n<li>Categor\u00eda de seguridad: S3S, FO, SR, ESD<\/li>\n<li>Norma: EN ISO 20345:2022<\/li>\n<li>Peso aproximado: 450 g<\/li>\n<\/ul>\n<p>Las Dune Jaq verde son la combinaci\u00f3n perfecta de protecci\u00f3n, rendimiento y dise\u00f1o para profesionales que buscan el m\u00e1ximo confort sin renunciar a su seguridad.<\/p>\n","protected":false},"excerpt":{"rendered":"<p>Los zapatos Dune Jaq de color verde, de la marca Kapriol, combinan seguridad avanzada, comodidad y estilo moderno para el trabajo diario.<\/p>\n","protected":false},"featured_media":15972,"comment_status":"open","ping_status":"closed","template":"","meta":[],"product_brand":[2271],"product_cat":[1285],"product_tag":[2279,2277,2278],"class_list":{"0":"post-15981","1":"product","2":"type-product","3":"status-publish","4":"has-post-thumbnail","6":"product_brand-kapriol","7":"product_cat-zapatos-de-trabajo","8":"product_tag-kapriol-es","9":"product_tag-ropa-tecnica","10":"product_tag-zapatos-de-trabajo","12":"first","13":"instock","14":"taxable","15":"shipping-taxable","16":"purchasable","17":"product-type-variable"},"yoast_head":"<!-- This site is optimized with the Yoast SEO plugin v27.4 - https:\/\/yoast.com\/product\/yoast-seo-wordpress\/ -->\n<title>Zapatos Dune Jaq Verdes Kapriol | SAIGA<\/title>\n<meta name=\"description\" content=\"Los zapatos Dune Jaq de color verde, de la marca Kapriol, combinan seguridad avanzada, comodidad y estilo moderno para el trabajo diario.\" \/>\n<meta name=\"robots\" content=\"index, follow, max-snippet:-1, max-image-preview:large, max-video-preview:-1\" \/>\n<link rel=\"canonical\" href=\"https:\/\/saiga.es\/es\/producto\/zapatos-dune-jaq-verdes-kapriol\/\" \/>\n<meta property=\"og:locale\" content=\"es_ES\" \/>\n<meta property=\"og:type\" content=\"article\" \/>\n<meta property=\"og:title\" content=\"Zapatos Dune Jaq Verdes Kapriol | SAIGA\" \/>\n<meta property=\"og:description\" content=\"Los zapatos Dune Jaq de color verde, de la marca Kapriol, combinan seguridad avanzada, comodidad y estilo moderno para el trabajo diario.\" \/>\n<meta property=\"og:url\" content=\"https:\/\/saiga.es\/es\/producto\/zapatos-dune-jaq-verdes-kapriol\/\" \/>\n<meta property=\"og:site_name\" content=\"SAIGA\" \/>\n<meta property=\"og:image\" content=\"https:\/\/saiga.es\/wp-content\/uploads\/2025\/08\/Sabtes-Dune-Jaq-Kapriol.jpg\" \/>\n\t<meta property=\"og:image:width\" content=\"1080\" \/>\n\t<meta property=\"og:image:height\" content=\"1080\" \/>\n\t<meta property=\"og:image:type\" content=\"image\/jpeg\" \/>\n<meta name=\"twitter:card\" content=\"summary_large_image\" \/>\n<meta name=\"twitter:site\" content=\"@saiga_agro\" \/>\n<meta name=\"twitter:label1\" content=\"Tiempo de lectura\" \/>\n\t<meta name=\"twitter:data1\" content=\"1 minuto\" \/>\n<script type=\"application\/ld+json\" class=\"yoast-schema-graph\">{\"@context\":\"https:\\\/\\\/schema.org\",\"@graph\":[{\"@type\":\"WebPage\",\"@id\":\"https:\\\/\\\/saiga.es\\\/es\\\/producto\\\/zapatos-dune-jaq-verdes-kapriol\\\/\",\"url\":\"https:\\\/\\\/saiga.es\\\/es\\\/producto\\\/zapatos-dune-jaq-verdes-kapriol\\\/\",\"name\":\"Zapatos Dune Jaq Verdes Kapriol | SAIGA\",\"isPartOf\":{\"@id\":\"https:\\\/\\\/saiga.es\\\/es\\\/#website\"},\"primaryImageOfPage\":{\"@id\":\"https:\\\/\\\/saiga.es\\\/es\\\/producto\\\/zapatos-dune-jaq-verdes-kapriol\\\/#primaryimage\"},\"image\":{\"@id\":\"https:\\\/\\\/saiga.es\\\/es\\\/producto\\\/zapatos-dune-jaq-verdes-kapriol\\\/#primaryimage\"},\"thumbnailUrl\":\"https:\\\/\\\/saiga.es\\\/wp-content\\\/uploads\\\/2025\\\/08\\\/Sabtes-Dune-Jaq-Kapriol.jpg\",\"datePublished\":\"2025-08-08T11:07:46+00:00\",\"description\":\"Los zapatos Dune Jaq de color verde, de la marca Kapriol, combinan seguridad avanzada, comodidad y estilo moderno para el trabajo diario.\",\"breadcrumb\":{\"@id\":\"https:\\\/\\\/saiga.es\\\/es\\\/producto\\\/zapatos-dune-jaq-verdes-kapriol\\\/#breadcrumb\"},\"inLanguage\":\"es\",\"potentialAction\":[{\"@type\":\"ReadAction\",\"target\":[\"https:\\\/\\\/saiga.es\\\/es\\\/producto\\\/zapatos-dune-jaq-verdes-kapriol\\\/\"]}]},{\"@type\":\"ImageObject\",\"inLanguage\":\"es\",\"@id\":\"https:\\\/\\\/saiga.es\\\/es\\\/producto\\\/zapatos-dune-jaq-verdes-kapriol\\\/#primaryimage\",\"url\":\"https:\\\/\\\/saiga.es\\\/wp-content\\\/uploads\\\/2025\\\/08\\\/Sabtes-Dune-Jaq-Kapriol.jpg\",\"contentUrl\":\"https:\\\/\\\/saiga.es\\\/wp-content\\\/uploads\\\/2025\\\/08\\\/Sabtes-Dune-Jaq-Kapriol.jpg\",\"width\":1080,\"height\":1080,\"caption\":\"Zapatos Dune Jaq Verdes Kapriol\"},{\"@type\":\"BreadcrumbList\",\"@id\":\"https:\\\/\\\/saiga.es\\\/es\\\/producto\\\/zapatos-dune-jaq-verdes-kapriol\\\/#breadcrumb\",\"itemListElement\":[{\"@type\":\"ListItem\",\"position\":1,\"name\":\"Inici\",\"item\":\"https:\\\/\\\/saiga.es\\\/es\\\/\"},{\"@type\":\"ListItem\",\"position\":2,\"name\":\"Tienda\",\"item\":\"https:\\\/\\\/saiga.es\\\/es\\\/tienda\\\/\"},{\"@type\":\"ListItem\",\"position\":3,\"name\":\"Zapatos Dune Jaq Verdes Kapriol\"}]},{\"@type\":\"WebSite\",\"@id\":\"https:\\\/\\\/saiga.es\\\/es\\\/#website\",\"url\":\"https:\\\/\\\/saiga.es\\\/es\\\/\",\"name\":\"SAIGA\",\"description\":\"M\u00e9s de 50 anys al servei de la terra i treballant per a un \u00fas eficient de l\u2019aigua!\",\"publisher\":{\"@id\":\"https:\\\/\\\/saiga.es\\\/es\\\/#organization\"},\"potentialAction\":[{\"@type\":\"SearchAction\",\"target\":{\"@type\":\"EntryPoint\",\"urlTemplate\":\"https:\\\/\\\/saiga.es\\\/es\\\/?s={search_term_string}\"},\"query-input\":{\"@type\":\"PropertyValueSpecification\",\"valueRequired\":true,\"valueName\":\"search_term_string\"}}],\"inLanguage\":\"es\"},{\"@type\":\"Organization\",\"@id\":\"https:\\\/\\\/saiga.es\\\/es\\\/#organization\",\"name\":\"SAIGA\",\"url\":\"https:\\\/\\\/saiga.es\\\/es\\\/\",\"logo\":{\"@type\":\"ImageObject\",\"inLanguage\":\"es\",\"@id\":\"https:\\\/\\\/saiga.es\\\/es\\\/#\\\/schema\\\/logo\\\/image\\\/\",\"url\":\"https:\\\/\\\/saiga.es\\\/wp-content\\\/uploads\\\/2025\\\/07\\\/logo_saiga_baseline_optimitzat.svg\",\"contentUrl\":\"https:\\\/\\\/saiga.es\\\/wp-content\\\/uploads\\\/2025\\\/07\\\/logo_saiga_baseline_optimitzat.svg\",\"caption\":\"SAIGA\"},\"image\":{\"@id\":\"https:\\\/\\\/saiga.es\\\/es\\\/#\\\/schema\\\/logo\\\/image\\\/\"},\"sameAs\":[\"https:\\\/\\\/x.com\\\/saiga_agro\",\"https:\\\/\\\/www.instagram.com\\\/saiga_agro\\\/\"]}]}<\/script>\n<!-- \/ Yoast SEO plugin. -->","yoast_head_json":{"title":"Zapatos Dune Jaq Verdes Kapriol | SAIGA","description":"Los zapatos Dune Jaq de color verde, de la marca Kapriol, combinan seguridad avanzada, comodidad y estilo moderno para el trabajo diario.","robots":{"index":"index","follow":"follow","max-snippet":"max-snippet:-1","max-image-preview":"max-image-preview:large","max-video-preview":"max-video-preview:-1"},"canonical":"https:\/\/saiga.es\/es\/producto\/zapatos-dune-jaq-verdes-kapriol\/","og_locale":"es_ES","og_type":"article","og_title":"Zapatos Dune Jaq Verdes Kapriol | SAIGA","og_description":"Los zapatos Dune Jaq de color verde, de la marca Kapriol, combinan seguridad avanzada, comodidad y estilo moderno para el trabajo diario.","og_url":"https:\/\/saiga.es\/es\/producto\/zapatos-dune-jaq-verdes-kapriol\/","og_site_name":"SAIGA","og_image":[{"width":1080,"height":1080,"url":"https:\/\/saiga.es\/wp-content\/uploads\/2025\/08\/Sabtes-Dune-Jaq-Kapriol.jpg","type":"image\/jpeg"}],"twitter_card":"summary_large_image","twitter_site":"@saiga_agro","twitter_misc":{"Tiempo de lectura":"1 minuto"},"schema":{"@context":"https:\/\/schema.org","@graph":[{"@type":"WebPage","@id":"https:\/\/saiga.es\/es\/producto\/zapatos-dune-jaq-verdes-kapriol\/","url":"https:\/\/saiga.es\/es\/producto\/zapatos-dune-jaq-verdes-kapriol\/","name":"Zapatos Dune Jaq Verdes Kapriol | SAIGA","isPartOf":{"@id":"https:\/\/saiga.es\/es\/#website"},"primaryImageOfPage":{"@id":"https:\/\/saiga.es\/es\/producto\/zapatos-dune-jaq-verdes-kapriol\/#primaryimage"},"image":{"@id":"https:\/\/saiga.es\/es\/producto\/zapatos-dune-jaq-verdes-kapriol\/#primaryimage"},"thumbnailUrl":"https:\/\/saiga.es\/wp-content\/uploads\/2025\/08\/Sabtes-Dune-Jaq-Kapriol.jpg","datePublished":"2025-08-08T11:07:46+00:00","description":"Los zapatos Dune Jaq de color verde, de la marca Kapriol, combinan seguridad avanzada, comodidad y estilo moderno para el trabajo diario.","breadcrumb":{"@id":"https:\/\/saiga.es\/es\/producto\/zapatos-dune-jaq-verdes-kapriol\/#breadcrumb"},"inLanguage":"es","potentialAction":[{"@type":"ReadAction","target":["https:\/\/saiga.es\/es\/producto\/zapatos-dune-jaq-verdes-kapriol\/"]}]},{"@type":"ImageObject","inLanguage":"es","@id":"https:\/\/saiga.es\/es\/producto\/zapatos-dune-jaq-verdes-kapriol\/#primaryimage","url":"https:\/\/saiga.es\/wp-content\/uploads\/2025\/08\/Sabtes-Dune-Jaq-Kapriol.jpg","contentUrl":"https:\/\/saiga.es\/wp-content\/uploads\/2025\/08\/Sabtes-Dune-Jaq-Kapriol.jpg","width":1080,"height":1080,"caption":"Zapatos Dune Jaq Verdes Kapriol"},{"@type":"BreadcrumbList","@id":"https:\/\/saiga.es\/es\/producto\/zapatos-dune-jaq-verdes-kapriol\/#breadcrumb","itemListElement":[{"@type":"ListItem","position":1,"name":"Inici","item":"https:\/\/saiga.es\/es\/"},{"@type":"ListItem","position":2,"name":"Tienda","item":"https:\/\/saiga.es\/es\/tienda\/"},{"@type":"ListItem","position":3,"name":"Zapatos Dune Jaq Verdes Kapriol"}]},{"@type":"WebSite","@id":"https:\/\/saiga.es\/es\/#website","url":"https:\/\/saiga.es\/es\/","name":"SAIGA","description":"M\u00e9s de 50 anys al servei de la terra i treballant per a un \u00fas eficient de l\u2019aigua!","publisher":{"@id":"https:\/\/saiga.es\/es\/#organization"},"potentialAction":[{"@type":"SearchAction","target":{"@type":"EntryPoint","urlTemplate":"https:\/\/saiga.es\/es\/?s={search_term_string}"},"query-input":{"@type":"PropertyValueSpecification","valueRequired":true,"valueName":"search_term_string"}}],"inLanguage":"es"},{"@type":"Organization","@id":"https:\/\/saiga.es\/es\/#organization","name":"SAIGA","url":"https:\/\/saiga.es\/es\/","logo":{"@type":"ImageObject","inLanguage":"es","@id":"https:\/\/saiga.es\/es\/#\/schema\/logo\/image\/","url":"https:\/\/saiga.es\/wp-content\/uploads\/2025\/07\/logo_saiga_baseline_optimitzat.svg","contentUrl":"https:\/\/saiga.es\/wp-content\/uploads\/2025\/07\/logo_saiga_baseline_optimitzat.svg","caption":"SAIGA"},"image":{"@id":"https:\/\/saiga.es\/es\/#\/schema\/logo\/image\/"},"sameAs":["https:\/\/x.com\/saiga_agro","https:\/\/www.instagram.com\/saiga_agro\/"]}]}},"_links":{"self":[{"href":"https:\/\/saiga.es\/es\/wp-json\/wp\/v2\/product\/15981","targetHints":{"allow":["GET"]}}],"collection":[{"href":"https:\/\/saiga.es\/es\/wp-json\/wp\/v2\/product"}],"about":[{"href":"https:\/\/saiga.es\/es\/wp-json\/wp\/v2\/types\/product"}],"replies":[{"embeddable":true,"href":"https:\/\/saiga.es\/es\/wp-json\/wp\/v2\/comments?post=15981"}],"wp:featuredmedia":[{"embeddable":true,"href":"https:\/\/saiga.es\/es\/wp-json\/wp\/v2\/media\/15972"}],"wp:attachment":[{"href":"https:\/\/saiga.es\/es\/wp-json\/wp\/v2\/media?parent=15981"}],"wp:term":[{"taxonomy":"product_brand","embeddable":true,"href":"https:\/\/saiga.es\/es\/wp-json\/wp\/v2\/product_brand?post=15981"},{"taxonomy":"product_cat","embeddable":true,"href":"https:\/\/saiga.es\/es\/wp-json\/wp\/v2\/product_cat?post=15981"},{"taxonomy":"product_tag","embeddable":true,"href":"https:\/\/saiga.es\/es\/wp-json\/wp\/v2\/product_tag?post=15981"}],"curies":[{"name":"wp","href":"https:\/\/api.w.org\/{rel}","templated":true}]}}