{"id":16128,"date":"2025-08-13T08:24:45","date_gmt":"2025-08-13T08:24:45","guid":{"rendered":"https:\/\/botiga.saiga.es\/producte\/enlace-tres-piezas-laton-m-f\/"},"modified":"2025-08-13T08:24:45","modified_gmt":"2025-08-13T08:24:45","slug":"enlace-tres-piezas-laton-m-f","status":"publish","type":"product","link":"https:\/\/saiga.es\/es\/producto\/enlace-tres-piezas-laton-m-f\/","title":{"rendered":"Enlace tres piezas lat\u00f3n M F"},"content":{"rendered":"<p data-start=\"61\" data-end=\"479\">Enlace tres piezas de lat\u00f3n M F Macho-Hembre (Racor Uni\u00f3 C\u00f2nic)<br data-start=\"115\" data-end=\"118\">Este enlace de lat\u00f3n macho-hembra, tambi\u00e9n conocido como<em data-start=\"178\" data-end=\"196\"> racor uni\u00f3n c\u00f3nico<\/em>, es una pieza robusta y resistente dise\u00f1ada para unir dos tramos de tuber\u00eda o accesorios con facilidad y seguridad. Su dise\u00f1o desmontable permite realizar mantenimientos, reparaciones o modificaciones en la instalaci\u00f3n sin necesidad de cortar o desmontar la tuber\u00eda entera. <\/p>\n<p data-start=\"481\" data-end=\"775\">Fabricado en lat\u00f3n de alta calidad, garantiza una excelente resistencia a la corrosi\u00f3n y larga durabilidad, incluso en condiciones de uso intensivas o en ambientes h\u00famedos. La conexi\u00f3n c\u00f3nico-macho-hembra asegura un ajuste firme y estanco, evitando fugas y manteniendo la presi\u00f3n del sistema. <\/p>\n<p data-start=\"777\" data-end=\"806\">Aplicaciones principales:<\/p>\n<ul data-start=\"807\" data-end=\"965\">\n<li data-start=\"807\" data-end=\"862\">\n<p data-start=\"809\" data-end=\"862\">Instalaciones de fontaner\u00eda dom\u00e9stica e industrial<\/p>\n<\/li>\n<li data-start=\"863\" data-end=\"897\">\n<p data-start=\"865\" data-end=\"897\">Redes de agua fr\u00eda y caliente<\/p>\n<\/li>\n<li data-start=\"898\" data-end=\"924\">\n<p data-start=\"900\" data-end=\"924\">Sistemas de calefacci\u00f3n<\/p>\n<\/li>\n<li data-start=\"925\" data-end=\"965\">\n<p data-start=\"927\" data-end=\"965\">Conexiones para fluidos no corrosivos<\/p>\n<\/li>\n<\/ul>\n<p>Se puede encontrar en diferentes tama\u00f1os.<\/p>\n","protected":false},"excerpt":{"rendered":"<p>Este enlace de lat\u00f3n macho-hembra, tambi\u00e9n conocido como <em data-start=\"178\" data-end=\"196\">racor uni\u00f3n c\u00f3nico<\/em>, es una pieza robusta y resistente dise\u00f1ada para unir dos tramos de tuber\u00eda o accesorios con facilidad y seguridad.<\/p>\n","protected":false},"featured_media":16110,"comment_status":"closed","ping_status":"closed","template":"","meta":[],"product_brand":[],"product_cat":[2286],"product_tag":[],"class_list":{"0":"post-16128","1":"product","2":"type-product","3":"status-publish","4":"has-post-thumbnail","6":"product_cat-accesorios-de-laton","8":"first","9":"instock","10":"taxable","11":"shipping-taxable","12":"purchasable","13":"product-type-variable"},"yoast_head":"<!-- This site is optimized with the Yoast SEO plugin v27.3 - https:\/\/yoast.com\/product\/yoast-seo-wordpress\/ -->\n<title>Enlace tres piezas lat\u00f3n M F | SAIGA<\/title>\n<meta name=\"description\" content=\"Este enlace tres piezas de lat\u00f3n M F, es una prenda robusta y resistente dise\u00f1ada para unir dos tramos de tuber\u00eda o accesorios con facilidad y seguridad.\" \/>\n<meta name=\"robots\" content=\"index, follow, max-snippet:-1, max-image-preview:large, max-video-preview:-1\" \/>\n<link rel=\"canonical\" href=\"https:\/\/saiga.es\/es\/producto\/enlace-tres-piezas-laton-m-f\/\" \/>\n<meta property=\"og:locale\" content=\"es_ES\" \/>\n<meta property=\"og:type\" content=\"article\" \/>\n<meta property=\"og:title\" content=\"Enlace tres piezas lat\u00f3n M F | SAIGA\" \/>\n<meta property=\"og:description\" content=\"Este enlace tres piezas de lat\u00f3n M F, es una prenda robusta y resistente dise\u00f1ada para unir dos tramos de tuber\u00eda o accesorios con facilidad y seguridad.\" \/>\n<meta property=\"og:url\" content=\"https:\/\/saiga.es\/es\/producto\/enlace-tres-piezas-laton-m-f\/\" \/>\n<meta property=\"og:site_name\" content=\"SAIGA\" \/>\n<meta property=\"og:image\" content=\"https:\/\/saiga.es\/wp-content\/uploads\/2025\/08\/Enllac-unio-llauto-M-F.jpg\" \/>\n\t<meta property=\"og:image:width\" content=\"1080\" \/>\n\t<meta property=\"og:image:height\" content=\"1080\" \/>\n\t<meta property=\"og:image:type\" content=\"image\/jpeg\" \/>\n<meta name=\"twitter:card\" content=\"summary_large_image\" \/>\n<meta name=\"twitter:site\" content=\"@saiga_agro\" \/>\n<meta name=\"twitter:label1\" content=\"Tiempo de lectura\" \/>\n\t<meta name=\"twitter:data1\" content=\"1 minuto\" \/>\n<script type=\"application\/ld+json\" class=\"yoast-schema-graph\">{\"@context\":\"https:\\\/\\\/schema.org\",\"@graph\":[{\"@type\":\"WebPage\",\"@id\":\"https:\\\/\\\/saiga.es\\\/es\\\/producto\\\/enlace-tres-piezas-laton-m-f\\\/\",\"url\":\"https:\\\/\\\/saiga.es\\\/es\\\/producto\\\/enlace-tres-piezas-laton-m-f\\\/\",\"name\":\"Enlace tres piezas lat\u00f3n M F | SAIGA\",\"isPartOf\":{\"@id\":\"https:\\\/\\\/saiga.es\\\/es\\\/#website\"},\"primaryImageOfPage\":{\"@id\":\"https:\\\/\\\/saiga.es\\\/es\\\/producto\\\/enlace-tres-piezas-laton-m-f\\\/#primaryimage\"},\"image\":{\"@id\":\"https:\\\/\\\/saiga.es\\\/es\\\/producto\\\/enlace-tres-piezas-laton-m-f\\\/#primaryimage\"},\"thumbnailUrl\":\"https:\\\/\\\/saiga.es\\\/wp-content\\\/uploads\\\/2025\\\/08\\\/Enllac-unio-llauto-M-F.jpg\",\"datePublished\":\"2025-08-13T08:24:45+00:00\",\"description\":\"Este enlace tres piezas de lat\u00f3n M F, es una prenda robusta y resistente dise\u00f1ada para unir dos tramos de tuber\u00eda o accesorios con facilidad y seguridad.\",\"breadcrumb\":{\"@id\":\"https:\\\/\\\/saiga.es\\\/es\\\/producto\\\/enlace-tres-piezas-laton-m-f\\\/#breadcrumb\"},\"inLanguage\":\"es\",\"potentialAction\":[{\"@type\":\"ReadAction\",\"target\":[\"https:\\\/\\\/saiga.es\\\/es\\\/producto\\\/enlace-tres-piezas-laton-m-f\\\/\"]}]},{\"@type\":\"ImageObject\",\"inLanguage\":\"es\",\"@id\":\"https:\\\/\\\/saiga.es\\\/es\\\/producto\\\/enlace-tres-piezas-laton-m-f\\\/#primaryimage\",\"url\":\"https:\\\/\\\/saiga.es\\\/wp-content\\\/uploads\\\/2025\\\/08\\\/Enllac-unio-llauto-M-F.jpg\",\"contentUrl\":\"https:\\\/\\\/saiga.es\\\/wp-content\\\/uploads\\\/2025\\\/08\\\/Enllac-unio-llauto-M-F.jpg\",\"width\":1080,\"height\":1080,\"caption\":\"Enlace uni\u00f3n lat\u00f3n\"},{\"@type\":\"BreadcrumbList\",\"@id\":\"https:\\\/\\\/saiga.es\\\/es\\\/producto\\\/enlace-tres-piezas-laton-m-f\\\/#breadcrumb\",\"itemListElement\":[{\"@type\":\"ListItem\",\"position\":1,\"name\":\"Inici\",\"item\":\"https:\\\/\\\/saiga.es\\\/es\\\/\"},{\"@type\":\"ListItem\",\"position\":2,\"name\":\"Tienda\",\"item\":\"https:\\\/\\\/saiga.es\\\/es\\\/tienda\\\/\"},{\"@type\":\"ListItem\",\"position\":3,\"name\":\"Enlace tres piezas lat\u00f3n M F\"}]},{\"@type\":\"WebSite\",\"@id\":\"https:\\\/\\\/saiga.es\\\/es\\\/#website\",\"url\":\"https:\\\/\\\/saiga.es\\\/es\\\/\",\"name\":\"SAIGA\",\"description\":\"M\u00e9s de 50 anys al servei de la terra i treballant per a un \u00fas eficient de l\u2019aigua!\",\"publisher\":{\"@id\":\"https:\\\/\\\/saiga.es\\\/es\\\/#organization\"},\"potentialAction\":[{\"@type\":\"SearchAction\",\"target\":{\"@type\":\"EntryPoint\",\"urlTemplate\":\"https:\\\/\\\/saiga.es\\\/es\\\/?s={search_term_string}\"},\"query-input\":{\"@type\":\"PropertyValueSpecification\",\"valueRequired\":true,\"valueName\":\"search_term_string\"}}],\"inLanguage\":\"es\"},{\"@type\":\"Organization\",\"@id\":\"https:\\\/\\\/saiga.es\\\/es\\\/#organization\",\"name\":\"SAIGA\",\"url\":\"https:\\\/\\\/saiga.es\\\/es\\\/\",\"logo\":{\"@type\":\"ImageObject\",\"inLanguage\":\"es\",\"@id\":\"https:\\\/\\\/saiga.es\\\/es\\\/#\\\/schema\\\/logo\\\/image\\\/\",\"url\":\"https:\\\/\\\/saiga.es\\\/wp-content\\\/uploads\\\/2025\\\/07\\\/logo_saiga_baseline_optimitzat.svg\",\"contentUrl\":\"https:\\\/\\\/saiga.es\\\/wp-content\\\/uploads\\\/2025\\\/07\\\/logo_saiga_baseline_optimitzat.svg\",\"caption\":\"SAIGA\"},\"image\":{\"@id\":\"https:\\\/\\\/saiga.es\\\/es\\\/#\\\/schema\\\/logo\\\/image\\\/\"},\"sameAs\":[\"https:\\\/\\\/x.com\\\/saiga_agro\",\"https:\\\/\\\/www.instagram.com\\\/saiga_agro\\\/\"]}]}<\/script>\n<!-- \/ Yoast SEO plugin. -->","yoast_head_json":{"title":"Enlace tres piezas lat\u00f3n M F | SAIGA","description":"Este enlace tres piezas de lat\u00f3n M F, es una prenda robusta y resistente dise\u00f1ada para unir dos tramos de tuber\u00eda o accesorios con facilidad y seguridad.","robots":{"index":"index","follow":"follow","max-snippet":"max-snippet:-1","max-image-preview":"max-image-preview:large","max-video-preview":"max-video-preview:-1"},"canonical":"https:\/\/saiga.es\/es\/producto\/enlace-tres-piezas-laton-m-f\/","og_locale":"es_ES","og_type":"article","og_title":"Enlace tres piezas lat\u00f3n M F | SAIGA","og_description":"Este enlace tres piezas de lat\u00f3n M F, es una prenda robusta y resistente dise\u00f1ada para unir dos tramos de tuber\u00eda o accesorios con facilidad y seguridad.","og_url":"https:\/\/saiga.es\/es\/producto\/enlace-tres-piezas-laton-m-f\/","og_site_name":"SAIGA","og_image":[{"width":1080,"height":1080,"url":"https:\/\/saiga.es\/wp-content\/uploads\/2025\/08\/Enllac-unio-llauto-M-F.jpg","type":"image\/jpeg"}],"twitter_card":"summary_large_image","twitter_site":"@saiga_agro","twitter_misc":{"Tiempo de lectura":"1 minuto"},"schema":{"@context":"https:\/\/schema.org","@graph":[{"@type":"WebPage","@id":"https:\/\/saiga.es\/es\/producto\/enlace-tres-piezas-laton-m-f\/","url":"https:\/\/saiga.es\/es\/producto\/enlace-tres-piezas-laton-m-f\/","name":"Enlace tres piezas lat\u00f3n M F | SAIGA","isPartOf":{"@id":"https:\/\/saiga.es\/es\/#website"},"primaryImageOfPage":{"@id":"https:\/\/saiga.es\/es\/producto\/enlace-tres-piezas-laton-m-f\/#primaryimage"},"image":{"@id":"https:\/\/saiga.es\/es\/producto\/enlace-tres-piezas-laton-m-f\/#primaryimage"},"thumbnailUrl":"https:\/\/saiga.es\/wp-content\/uploads\/2025\/08\/Enllac-unio-llauto-M-F.jpg","datePublished":"2025-08-13T08:24:45+00:00","description":"Este enlace tres piezas de lat\u00f3n M F, es una prenda robusta y resistente dise\u00f1ada para unir dos tramos de tuber\u00eda o accesorios con facilidad y seguridad.","breadcrumb":{"@id":"https:\/\/saiga.es\/es\/producto\/enlace-tres-piezas-laton-m-f\/#breadcrumb"},"inLanguage":"es","potentialAction":[{"@type":"ReadAction","target":["https:\/\/saiga.es\/es\/producto\/enlace-tres-piezas-laton-m-f\/"]}]},{"@type":"ImageObject","inLanguage":"es","@id":"https:\/\/saiga.es\/es\/producto\/enlace-tres-piezas-laton-m-f\/#primaryimage","url":"https:\/\/saiga.es\/wp-content\/uploads\/2025\/08\/Enllac-unio-llauto-M-F.jpg","contentUrl":"https:\/\/saiga.es\/wp-content\/uploads\/2025\/08\/Enllac-unio-llauto-M-F.jpg","width":1080,"height":1080,"caption":"Enlace uni\u00f3n lat\u00f3n"},{"@type":"BreadcrumbList","@id":"https:\/\/saiga.es\/es\/producto\/enlace-tres-piezas-laton-m-f\/#breadcrumb","itemListElement":[{"@type":"ListItem","position":1,"name":"Inici","item":"https:\/\/saiga.es\/es\/"},{"@type":"ListItem","position":2,"name":"Tienda","item":"https:\/\/saiga.es\/es\/tienda\/"},{"@type":"ListItem","position":3,"name":"Enlace tres piezas lat\u00f3n M F"}]},{"@type":"WebSite","@id":"https:\/\/saiga.es\/es\/#website","url":"https:\/\/saiga.es\/es\/","name":"SAIGA","description":"M\u00e9s de 50 anys al servei de la terra i treballant per a un \u00fas eficient de l\u2019aigua!","publisher":{"@id":"https:\/\/saiga.es\/es\/#organization"},"potentialAction":[{"@type":"SearchAction","target":{"@type":"EntryPoint","urlTemplate":"https:\/\/saiga.es\/es\/?s={search_term_string}"},"query-input":{"@type":"PropertyValueSpecification","valueRequired":true,"valueName":"search_term_string"}}],"inLanguage":"es"},{"@type":"Organization","@id":"https:\/\/saiga.es\/es\/#organization","name":"SAIGA","url":"https:\/\/saiga.es\/es\/","logo":{"@type":"ImageObject","inLanguage":"es","@id":"https:\/\/saiga.es\/es\/#\/schema\/logo\/image\/","url":"https:\/\/saiga.es\/wp-content\/uploads\/2025\/07\/logo_saiga_baseline_optimitzat.svg","contentUrl":"https:\/\/saiga.es\/wp-content\/uploads\/2025\/07\/logo_saiga_baseline_optimitzat.svg","caption":"SAIGA"},"image":{"@id":"https:\/\/saiga.es\/es\/#\/schema\/logo\/image\/"},"sameAs":["https:\/\/x.com\/saiga_agro","https:\/\/www.instagram.com\/saiga_agro\/"]}]}},"_links":{"self":[{"href":"https:\/\/saiga.es\/es\/wp-json\/wp\/v2\/product\/16128","targetHints":{"allow":["GET"]}}],"collection":[{"href":"https:\/\/saiga.es\/es\/wp-json\/wp\/v2\/product"}],"about":[{"href":"https:\/\/saiga.es\/es\/wp-json\/wp\/v2\/types\/product"}],"replies":[{"embeddable":true,"href":"https:\/\/saiga.es\/es\/wp-json\/wp\/v2\/comments?post=16128"}],"wp:featuredmedia":[{"embeddable":true,"href":"https:\/\/saiga.es\/es\/wp-json\/wp\/v2\/media\/16110"}],"wp:attachment":[{"href":"https:\/\/saiga.es\/es\/wp-json\/wp\/v2\/media?parent=16128"}],"wp:term":[{"taxonomy":"product_brand","embeddable":true,"href":"https:\/\/saiga.es\/es\/wp-json\/wp\/v2\/product_brand?post=16128"},{"taxonomy":"product_cat","embeddable":true,"href":"https:\/\/saiga.es\/es\/wp-json\/wp\/v2\/product_cat?post=16128"},{"taxonomy":"product_tag","embeddable":true,"href":"https:\/\/saiga.es\/es\/wp-json\/wp\/v2\/product_tag?post=16128"}],"curies":[{"name":"wp","href":"https:\/\/api.w.org\/{rel}","templated":true}]}}