{"id":16160,"date":"2025-08-13T09:09:29","date_gmt":"2025-08-13T09:09:29","guid":{"rendered":"https:\/\/botiga.saiga.es\/producte\/manguito-laton-f-f\/"},"modified":"2025-08-13T09:09:29","modified_gmt":"2025-08-13T09:09:29","slug":"manguito-laton-f-f","status":"publish","type":"product","link":"https:\/\/saiga.es\/es\/producto\/manguito-laton-f-f\/","title":{"rendered":"Manguito lat\u00f3n F F"},"content":{"rendered":"<p data-start=\"95\" data-end=\"433\">Manguito de Lat\u00f3n Hembra-Hembre (F F)<br data-start=\"133\" data-end=\"136\">El manguito de lat\u00f3n hembra-hembra es un accesorio de conexi\u00f3n robusto y fiable, dise\u00f1ado para unir dos tramos de tuber\u00eda o accesorios con rosca macho de forma sencilla y segura. Su cuerpo compacto y resistente permite instalaciones limpias y duraderas, con un ajuste perfecto que evita fugas. <\/p>\n<p data-start=\"435\" data-end=\"648\">Fabricado en lat\u00f3n macizo de alta calidad, este manguito ofrece una excelente resistencia a la corrosi\u00f3n y al uso continuado, siendo apto para sistemas de agua fr\u00eda, agua caliente y otros fluidos no corrosivos.<\/p>\n<p data-start=\"650\" data-end=\"679\">Aplicaciones principales:<\/p>\n<ul data-start=\"680\" data-end=\"854\">\n<li data-start=\"680\" data-end=\"749\">\n<p data-start=\"682\" data-end=\"749\">Conexiones en instalaciones de fontaner\u00eda dom\u00e9stica e industrial<\/p>\n<\/li>\n<li data-start=\"750\" data-end=\"791\">\n<p data-start=\"752\" data-end=\"791\">Sistemas de calefacci\u00f3n y refrigeraci\u00f3n<\/p>\n<\/li>\n<li data-start=\"792\" data-end=\"820\">\n<p data-start=\"794\" data-end=\"820\">Circuitos de agua potable<\/p>\n<\/li>\n<li data-start=\"821\" data-end=\"854\">\n<p data-start=\"823\" data-end=\"854\">Redes de fluidos no corrosivos<\/p>\n<\/li>\n<\/ul>\n","protected":false},"excerpt":{"rendered":"<p>Manguito de Lat\u00f3n Hembra-Hembre (F F)El manguito de lat\u00f3n hembra-hembra es un accesorio de conexi\u00f3n robusto y fiable, dise\u00f1ado para unir dos tramos de tuber\u00eda o accesorios con rosca macho de forma sencilla y segura. Su cuerpo compacto y resistente permite instalaciones limpias y duraderas, con un ajuste perfecto que evita fugas. Fabricado en lat\u00f3n&#8230;<\/p>\n","protected":false},"featured_media":16140,"comment_status":"open","ping_status":"closed","template":"","meta":[],"product_brand":[],"product_cat":[2286],"product_tag":[],"class_list":{"0":"post-16160","1":"product","2":"type-product","3":"status-publish","4":"has-post-thumbnail","6":"product_cat-accesorios-de-laton","8":"first","9":"instock","10":"taxable","11":"shipping-taxable","12":"purchasable","13":"product-type-variable"},"yoast_head":"<!-- This site is optimized with the Yoast SEO plugin v27.4 - https:\/\/yoast.com\/product\/yoast-seo-wordpress\/ -->\n<title>Manguito lat\u00f3n F F | SAIGA<\/title>\n<meta name=\"description\" content=\"El manguito de lat\u00f3n F F es un accesorio de conexi\u00f3n robusto y fiable, dise\u00f1ado para unir dos tramos de tuber\u00eda o accesorios con rosca macho de forma sencilla y segura.\" \/>\n<meta name=\"robots\" content=\"index, follow, max-snippet:-1, max-image-preview:large, max-video-preview:-1\" \/>\n<link rel=\"canonical\" href=\"https:\/\/saiga.es\/es\/producto\/manguito-laton-f-f\/\" \/>\n<meta property=\"og:locale\" content=\"es_ES\" \/>\n<meta property=\"og:type\" content=\"article\" \/>\n<meta property=\"og:title\" content=\"Manguito lat\u00f3n F F | SAIGA\" \/>\n<meta property=\"og:description\" content=\"El manguito de lat\u00f3n F F es un accesorio de conexi\u00f3n robusto y fiable, dise\u00f1ado para unir dos tramos de tuber\u00eda o accesorios con rosca macho de forma sencilla y segura.\" \/>\n<meta property=\"og:url\" content=\"https:\/\/saiga.es\/es\/producto\/manguito-laton-f-f\/\" \/>\n<meta property=\"og:site_name\" content=\"SAIGA\" \/>\n<meta property=\"og:image\" content=\"https:\/\/saiga.es\/wp-content\/uploads\/2025\/08\/Maneguet-llauto-M-M.jpg\" \/>\n\t<meta property=\"og:image:width\" content=\"1080\" \/>\n\t<meta property=\"og:image:height\" content=\"1080\" \/>\n\t<meta property=\"og:image:type\" content=\"image\/jpeg\" \/>\n<meta name=\"twitter:card\" content=\"summary_large_image\" \/>\n<meta name=\"twitter:site\" content=\"@saiga_agro\" \/>\n<meta name=\"twitter:label1\" content=\"Tiempo de lectura\" \/>\n\t<meta name=\"twitter:data1\" content=\"1 minuto\" \/>\n<script type=\"application\/ld+json\" class=\"yoast-schema-graph\">{\"@context\":\"https:\\\/\\\/schema.org\",\"@graph\":[{\"@type\":\"WebPage\",\"@id\":\"https:\\\/\\\/saiga.es\\\/es\\\/producto\\\/manguito-laton-f-f\\\/\",\"url\":\"https:\\\/\\\/saiga.es\\\/es\\\/producto\\\/manguito-laton-f-f\\\/\",\"name\":\"Manguito lat\u00f3n F F | SAIGA\",\"isPartOf\":{\"@id\":\"https:\\\/\\\/saiga.es\\\/es\\\/#website\"},\"primaryImageOfPage\":{\"@id\":\"https:\\\/\\\/saiga.es\\\/es\\\/producto\\\/manguito-laton-f-f\\\/#primaryimage\"},\"image\":{\"@id\":\"https:\\\/\\\/saiga.es\\\/es\\\/producto\\\/manguito-laton-f-f\\\/#primaryimage\"},\"thumbnailUrl\":\"https:\\\/\\\/saiga.es\\\/wp-content\\\/uploads\\\/2025\\\/08\\\/Maneguet-llauto-M-M.jpg\",\"datePublished\":\"2025-08-13T09:09:29+00:00\",\"description\":\"El manguito de lat\u00f3n F F es un accesorio de conexi\u00f3n robusto y fiable, dise\u00f1ado para unir dos tramos de tuber\u00eda o accesorios con rosca macho de forma sencilla y segura.\",\"breadcrumb\":{\"@id\":\"https:\\\/\\\/saiga.es\\\/es\\\/producto\\\/manguito-laton-f-f\\\/#breadcrumb\"},\"inLanguage\":\"es\",\"potentialAction\":[{\"@type\":\"ReadAction\",\"target\":[\"https:\\\/\\\/saiga.es\\\/es\\\/producto\\\/manguito-laton-f-f\\\/\"]}]},{\"@type\":\"ImageObject\",\"inLanguage\":\"es\",\"@id\":\"https:\\\/\\\/saiga.es\\\/es\\\/producto\\\/manguito-laton-f-f\\\/#primaryimage\",\"url\":\"https:\\\/\\\/saiga.es\\\/wp-content\\\/uploads\\\/2025\\\/08\\\/Maneguet-llauto-M-M.jpg\",\"contentUrl\":\"https:\\\/\\\/saiga.es\\\/wp-content\\\/uploads\\\/2025\\\/08\\\/Maneguet-llauto-M-M.jpg\",\"width\":1080,\"height\":1080,\"caption\":\"Manguito lat\u00f3n\"},{\"@type\":\"BreadcrumbList\",\"@id\":\"https:\\\/\\\/saiga.es\\\/es\\\/producto\\\/manguito-laton-f-f\\\/#breadcrumb\",\"itemListElement\":[{\"@type\":\"ListItem\",\"position\":1,\"name\":\"Inici\",\"item\":\"https:\\\/\\\/saiga.es\\\/es\\\/\"},{\"@type\":\"ListItem\",\"position\":2,\"name\":\"Tienda\",\"item\":\"https:\\\/\\\/saiga.es\\\/es\\\/tienda\\\/\"},{\"@type\":\"ListItem\",\"position\":3,\"name\":\"Manguito lat\u00f3n F F\"}]},{\"@type\":\"WebSite\",\"@id\":\"https:\\\/\\\/saiga.es\\\/es\\\/#website\",\"url\":\"https:\\\/\\\/saiga.es\\\/es\\\/\",\"name\":\"SAIGA\",\"description\":\"M\u00e9s de 50 anys al servei de la terra i treballant per a un \u00fas eficient de l\u2019aigua!\",\"publisher\":{\"@id\":\"https:\\\/\\\/saiga.es\\\/es\\\/#organization\"},\"potentialAction\":[{\"@type\":\"SearchAction\",\"target\":{\"@type\":\"EntryPoint\",\"urlTemplate\":\"https:\\\/\\\/saiga.es\\\/es\\\/?s={search_term_string}\"},\"query-input\":{\"@type\":\"PropertyValueSpecification\",\"valueRequired\":true,\"valueName\":\"search_term_string\"}}],\"inLanguage\":\"es\"},{\"@type\":\"Organization\",\"@id\":\"https:\\\/\\\/saiga.es\\\/es\\\/#organization\",\"name\":\"SAIGA\",\"url\":\"https:\\\/\\\/saiga.es\\\/es\\\/\",\"logo\":{\"@type\":\"ImageObject\",\"inLanguage\":\"es\",\"@id\":\"https:\\\/\\\/saiga.es\\\/es\\\/#\\\/schema\\\/logo\\\/image\\\/\",\"url\":\"https:\\\/\\\/saiga.es\\\/wp-content\\\/uploads\\\/2025\\\/07\\\/logo_saiga_baseline_optimitzat.svg\",\"contentUrl\":\"https:\\\/\\\/saiga.es\\\/wp-content\\\/uploads\\\/2025\\\/07\\\/logo_saiga_baseline_optimitzat.svg\",\"caption\":\"SAIGA\"},\"image\":{\"@id\":\"https:\\\/\\\/saiga.es\\\/es\\\/#\\\/schema\\\/logo\\\/image\\\/\"},\"sameAs\":[\"https:\\\/\\\/x.com\\\/saiga_agro\",\"https:\\\/\\\/www.instagram.com\\\/saiga_agro\\\/\"]}]}<\/script>\n<!-- \/ Yoast SEO plugin. -->","yoast_head_json":{"title":"Manguito lat\u00f3n F F | SAIGA","description":"El manguito de lat\u00f3n F F es un accesorio de conexi\u00f3n robusto y fiable, dise\u00f1ado para unir dos tramos de tuber\u00eda o accesorios con rosca macho de forma sencilla y segura.","robots":{"index":"index","follow":"follow","max-snippet":"max-snippet:-1","max-image-preview":"max-image-preview:large","max-video-preview":"max-video-preview:-1"},"canonical":"https:\/\/saiga.es\/es\/producto\/manguito-laton-f-f\/","og_locale":"es_ES","og_type":"article","og_title":"Manguito lat\u00f3n F F | SAIGA","og_description":"El manguito de lat\u00f3n F F es un accesorio de conexi\u00f3n robusto y fiable, dise\u00f1ado para unir dos tramos de tuber\u00eda o accesorios con rosca macho de forma sencilla y segura.","og_url":"https:\/\/saiga.es\/es\/producto\/manguito-laton-f-f\/","og_site_name":"SAIGA","og_image":[{"width":1080,"height":1080,"url":"https:\/\/saiga.es\/wp-content\/uploads\/2025\/08\/Maneguet-llauto-M-M.jpg","type":"image\/jpeg"}],"twitter_card":"summary_large_image","twitter_site":"@saiga_agro","twitter_misc":{"Tiempo de lectura":"1 minuto"},"schema":{"@context":"https:\/\/schema.org","@graph":[{"@type":"WebPage","@id":"https:\/\/saiga.es\/es\/producto\/manguito-laton-f-f\/","url":"https:\/\/saiga.es\/es\/producto\/manguito-laton-f-f\/","name":"Manguito lat\u00f3n F F | SAIGA","isPartOf":{"@id":"https:\/\/saiga.es\/es\/#website"},"primaryImageOfPage":{"@id":"https:\/\/saiga.es\/es\/producto\/manguito-laton-f-f\/#primaryimage"},"image":{"@id":"https:\/\/saiga.es\/es\/producto\/manguito-laton-f-f\/#primaryimage"},"thumbnailUrl":"https:\/\/saiga.es\/wp-content\/uploads\/2025\/08\/Maneguet-llauto-M-M.jpg","datePublished":"2025-08-13T09:09:29+00:00","description":"El manguito de lat\u00f3n F F es un accesorio de conexi\u00f3n robusto y fiable, dise\u00f1ado para unir dos tramos de tuber\u00eda o accesorios con rosca macho de forma sencilla y segura.","breadcrumb":{"@id":"https:\/\/saiga.es\/es\/producto\/manguito-laton-f-f\/#breadcrumb"},"inLanguage":"es","potentialAction":[{"@type":"ReadAction","target":["https:\/\/saiga.es\/es\/producto\/manguito-laton-f-f\/"]}]},{"@type":"ImageObject","inLanguage":"es","@id":"https:\/\/saiga.es\/es\/producto\/manguito-laton-f-f\/#primaryimage","url":"https:\/\/saiga.es\/wp-content\/uploads\/2025\/08\/Maneguet-llauto-M-M.jpg","contentUrl":"https:\/\/saiga.es\/wp-content\/uploads\/2025\/08\/Maneguet-llauto-M-M.jpg","width":1080,"height":1080,"caption":"Manguito lat\u00f3n"},{"@type":"BreadcrumbList","@id":"https:\/\/saiga.es\/es\/producto\/manguito-laton-f-f\/#breadcrumb","itemListElement":[{"@type":"ListItem","position":1,"name":"Inici","item":"https:\/\/saiga.es\/es\/"},{"@type":"ListItem","position":2,"name":"Tienda","item":"https:\/\/saiga.es\/es\/tienda\/"},{"@type":"ListItem","position":3,"name":"Manguito lat\u00f3n F F"}]},{"@type":"WebSite","@id":"https:\/\/saiga.es\/es\/#website","url":"https:\/\/saiga.es\/es\/","name":"SAIGA","description":"M\u00e9s de 50 anys al servei de la terra i treballant per a un \u00fas eficient de l\u2019aigua!","publisher":{"@id":"https:\/\/saiga.es\/es\/#organization"},"potentialAction":[{"@type":"SearchAction","target":{"@type":"EntryPoint","urlTemplate":"https:\/\/saiga.es\/es\/?s={search_term_string}"},"query-input":{"@type":"PropertyValueSpecification","valueRequired":true,"valueName":"search_term_string"}}],"inLanguage":"es"},{"@type":"Organization","@id":"https:\/\/saiga.es\/es\/#organization","name":"SAIGA","url":"https:\/\/saiga.es\/es\/","logo":{"@type":"ImageObject","inLanguage":"es","@id":"https:\/\/saiga.es\/es\/#\/schema\/logo\/image\/","url":"https:\/\/saiga.es\/wp-content\/uploads\/2025\/07\/logo_saiga_baseline_optimitzat.svg","contentUrl":"https:\/\/saiga.es\/wp-content\/uploads\/2025\/07\/logo_saiga_baseline_optimitzat.svg","caption":"SAIGA"},"image":{"@id":"https:\/\/saiga.es\/es\/#\/schema\/logo\/image\/"},"sameAs":["https:\/\/x.com\/saiga_agro","https:\/\/www.instagram.com\/saiga_agro\/"]}]}},"_links":{"self":[{"href":"https:\/\/saiga.es\/es\/wp-json\/wp\/v2\/product\/16160","targetHints":{"allow":["GET"]}}],"collection":[{"href":"https:\/\/saiga.es\/es\/wp-json\/wp\/v2\/product"}],"about":[{"href":"https:\/\/saiga.es\/es\/wp-json\/wp\/v2\/types\/product"}],"replies":[{"embeddable":true,"href":"https:\/\/saiga.es\/es\/wp-json\/wp\/v2\/comments?post=16160"}],"wp:featuredmedia":[{"embeddable":true,"href":"https:\/\/saiga.es\/es\/wp-json\/wp\/v2\/media\/16140"}],"wp:attachment":[{"href":"https:\/\/saiga.es\/es\/wp-json\/wp\/v2\/media?parent=16160"}],"wp:term":[{"taxonomy":"product_brand","embeddable":true,"href":"https:\/\/saiga.es\/es\/wp-json\/wp\/v2\/product_brand?post=16160"},{"taxonomy":"product_cat","embeddable":true,"href":"https:\/\/saiga.es\/es\/wp-json\/wp\/v2\/product_cat?post=16160"},{"taxonomy":"product_tag","embeddable":true,"href":"https:\/\/saiga.es\/es\/wp-json\/wp\/v2\/product_tag?post=16160"}],"curies":[{"name":"wp","href":"https:\/\/api.w.org\/{rel}","templated":true}]}}