{"id":16267,"date":"2025-08-14T10:28:22","date_gmt":"2025-08-14T10:28:22","guid":{"rendered":"https:\/\/botiga.saiga.es\/producte\/maillon-de-reduction-en-laiton-m-m\/"},"modified":"2025-08-14T10:28:22","modified_gmt":"2025-08-14T10:28:22","slug":"maillon-de-reduction-en-laiton-m-m","status":"publish","type":"product","link":"https:\/\/saiga.es\/es\/producto\/maillon-de-reduction-en-laiton-m-m\/","title":{"rendered":"Maillon de r\u00e9duction en laiton M M"},"content":{"rendered":"<p data-start=\"114\" data-end=\"365\">Le raccord de r\u00e9duction M M en laiton massif de haute qualit\u00e9 se distingue par sa durabilit\u00e9 et sa r\u00e9sistance \u00e0 la corrosion, ce qui le rend id\u00e9al pour la plomberie, le chauffage, les syst\u00e8mes d&#8217;irrigation et les circuits de fluides non corrosifs. Son format compact et sa conception \u00e0 contre-filetage facilitent le montage et le d\u00e9montage. Le raccord de r\u00e9duction en laiton \u00e0 contre-filetage m\u00e2le-m\u00e2le (M M) est un accessoire permettant d&#8217;assembler deux pi\u00e8ces \u00e0 filetage interne (femelle) de diam\u00e8tres diff\u00e9rents, garantissant ainsi une connexion s\u00fbre, \u00e9tanche et r\u00e9sistante.  <\/p>\n<p data-start=\"705\" data-end=\"734\">Principales applications du raccord r\u00e9ducteur en laiton M M :<\/p>\n<ul data-start=\"735\" data-end=\"912\">\n<li data-start=\"735\" data-end=\"787\">\n<p data-start=\"737\" data-end=\"787\">Adaptation des diam\u00e8tres des tuyaux et accessoires<\/p>\n<\/li>\n<li data-start=\"788\" data-end=\"830\">\n<p data-start=\"790\" data-end=\"830\">Instalaciones de agua fr\u00eda y caliente<\/p>\n<\/li>\n<li data-start=\"831\" data-end=\"872\">\n<p data-start=\"833\" data-end=\"872\">Sistemas de calefacci\u00f3n y refrigeraci\u00f3n<\/p>\n<\/li>\n<li data-start=\"873\" data-end=\"912\">\n<p data-start=\"875\" data-end=\"912\">R\u00e9seaux d&#8217;irrigation et fluides non agressifs<\/p>\n<\/li>\n<\/ul>\n","protected":false},"excerpt":{"rendered":"<p>La r\u00e9duction en laiton contre-filet\u00e9e m\u00e2le-m\u00e2le (M M) est un accessoire utilis\u00e9 pour joindre deux pi\u00e8ces avec des filetages internes (femelles) de diam\u00e8tres diff\u00e9rents, assurant une connexion s\u00fbre, \u00e9tanche et r\u00e9sistante.<\/p>\n","protected":false},"featured_media":16225,"comment_status":"open","ping_status":"closed","template":"","meta":[],"product_brand":[],"product_cat":[2286],"product_tag":[],"class_list":{"0":"post-16267","1":"product","2":"type-product","3":"status-publish","4":"has-post-thumbnail","6":"product_cat-accesorios-de-laton","8":"first","9":"instock","10":"taxable","11":"shipping-taxable","12":"purchasable","13":"product-type-variable"},"yoast_head":"<!-- This site is optimized with the Yoast SEO plugin v27.4 - https:\/\/yoast.com\/product\/yoast-seo-wordpress\/ -->\n<title>Maillon de r\u00e9duction en laiton M M | SAIGA<\/title>\n<meta name=\"description\" content=\"Le raccord r\u00e9ducteur en laiton M M est un accessoire permettant de joindre deux pi\u00e8ces avec filetage int\u00e9rieur (femelle) de diam\u00e8tres diff\u00e9rents.\" \/>\n<meta name=\"robots\" content=\"index, follow, max-snippet:-1, max-image-preview:large, max-video-preview:-1\" \/>\n<link rel=\"canonical\" href=\"https:\/\/saiga.es\/es\/producto\/maillon-de-reduction-en-laiton-m-m\/\" \/>\n<meta property=\"og:locale\" content=\"es_ES\" \/>\n<meta property=\"og:type\" content=\"article\" \/>\n<meta property=\"og:title\" content=\"Maillon de r\u00e9duction en laiton M M | SAIGA\" \/>\n<meta property=\"og:description\" content=\"Le raccord r\u00e9ducteur en laiton M M est un accessoire permettant de joindre deux pi\u00e8ces avec filetage int\u00e9rieur (femelle) de diam\u00e8tres diff\u00e9rents.\" \/>\n<meta property=\"og:url\" content=\"https:\/\/saiga.es\/es\/producto\/maillon-de-reduction-en-laiton-m-m\/\" \/>\n<meta property=\"og:site_name\" content=\"SAIGA\" \/>\n<meta property=\"og:image\" content=\"https:\/\/saiga.es\/wp-content\/uploads\/2025\/08\/Enllac-contrarosca-reduccio-MM.jpg\" \/>\n\t<meta property=\"og:image:width\" content=\"1080\" \/>\n\t<meta property=\"og:image:height\" content=\"1080\" \/>\n\t<meta property=\"og:image:type\" content=\"image\/jpeg\" \/>\n<meta name=\"twitter:card\" content=\"summary_large_image\" \/>\n<meta name=\"twitter:site\" content=\"@saiga_agro\" \/>\n<meta name=\"twitter:label1\" content=\"Tiempo de lectura\" \/>\n\t<meta name=\"twitter:data1\" content=\"1 minuto\" \/>\n<script type=\"application\/ld+json\" class=\"yoast-schema-graph\">{\"@context\":\"https:\\\/\\\/schema.org\",\"@graph\":[{\"@type\":\"WebPage\",\"@id\":\"https:\\\/\\\/saiga.es\\\/es\\\/producto\\\/maillon-de-reduction-en-laiton-m-m\\\/\",\"url\":\"https:\\\/\\\/saiga.es\\\/es\\\/producto\\\/maillon-de-reduction-en-laiton-m-m\\\/\",\"name\":\"Maillon de r\u00e9duction en laiton M M | SAIGA\",\"isPartOf\":{\"@id\":\"https:\\\/\\\/saiga.es\\\/es\\\/#website\"},\"primaryImageOfPage\":{\"@id\":\"https:\\\/\\\/saiga.es\\\/es\\\/producto\\\/maillon-de-reduction-en-laiton-m-m\\\/#primaryimage\"},\"image\":{\"@id\":\"https:\\\/\\\/saiga.es\\\/es\\\/producto\\\/maillon-de-reduction-en-laiton-m-m\\\/#primaryimage\"},\"thumbnailUrl\":\"https:\\\/\\\/saiga.es\\\/wp-content\\\/uploads\\\/2025\\\/08\\\/Enllac-contrarosca-reduccio-MM.jpg\",\"datePublished\":\"2025-08-14T10:28:22+00:00\",\"description\":\"Le raccord r\u00e9ducteur en laiton M M est un accessoire permettant de joindre deux pi\u00e8ces avec filetage int\u00e9rieur (femelle) de diam\u00e8tres diff\u00e9rents.\",\"breadcrumb\":{\"@id\":\"https:\\\/\\\/saiga.es\\\/es\\\/producto\\\/maillon-de-reduction-en-laiton-m-m\\\/#breadcrumb\"},\"inLanguage\":\"es\",\"potentialAction\":[{\"@type\":\"ReadAction\",\"target\":[\"https:\\\/\\\/saiga.es\\\/es\\\/producto\\\/maillon-de-reduction-en-laiton-m-m\\\/\"]}]},{\"@type\":\"ImageObject\",\"inLanguage\":\"es\",\"@id\":\"https:\\\/\\\/saiga.es\\\/es\\\/producto\\\/maillon-de-reduction-en-laiton-m-m\\\/#primaryimage\",\"url\":\"https:\\\/\\\/saiga.es\\\/wp-content\\\/uploads\\\/2025\\\/08\\\/Enllac-contrarosca-reduccio-MM.jpg\",\"contentUrl\":\"https:\\\/\\\/saiga.es\\\/wp-content\\\/uploads\\\/2025\\\/08\\\/Enllac-contrarosca-reduccio-MM.jpg\",\"width\":1080,\"height\":1080,\"caption\":\"R\u00e9duction de la connexion du contre-filetage M M\"},{\"@type\":\"BreadcrumbList\",\"@id\":\"https:\\\/\\\/saiga.es\\\/es\\\/producto\\\/maillon-de-reduction-en-laiton-m-m\\\/#breadcrumb\",\"itemListElement\":[{\"@type\":\"ListItem\",\"position\":1,\"name\":\"Inici\",\"item\":\"https:\\\/\\\/saiga.es\\\/es\\\/\"},{\"@type\":\"ListItem\",\"position\":2,\"name\":\"Tienda\",\"item\":\"https:\\\/\\\/saiga.es\\\/es\\\/tienda\\\/\"},{\"@type\":\"ListItem\",\"position\":3,\"name\":\"Maillon de r\u00e9duction en laiton M M\"}]},{\"@type\":\"WebSite\",\"@id\":\"https:\\\/\\\/saiga.es\\\/es\\\/#website\",\"url\":\"https:\\\/\\\/saiga.es\\\/es\\\/\",\"name\":\"SAIGA\",\"description\":\"M\u00e9s de 50 anys al servei de la terra i treballant per a un \u00fas eficient de l\u2019aigua!\",\"publisher\":{\"@id\":\"https:\\\/\\\/saiga.es\\\/es\\\/#organization\"},\"potentialAction\":[{\"@type\":\"SearchAction\",\"target\":{\"@type\":\"EntryPoint\",\"urlTemplate\":\"https:\\\/\\\/saiga.es\\\/es\\\/?s={search_term_string}\"},\"query-input\":{\"@type\":\"PropertyValueSpecification\",\"valueRequired\":true,\"valueName\":\"search_term_string\"}}],\"inLanguage\":\"es\"},{\"@type\":\"Organization\",\"@id\":\"https:\\\/\\\/saiga.es\\\/es\\\/#organization\",\"name\":\"SAIGA\",\"url\":\"https:\\\/\\\/saiga.es\\\/es\\\/\",\"logo\":{\"@type\":\"ImageObject\",\"inLanguage\":\"es\",\"@id\":\"https:\\\/\\\/saiga.es\\\/es\\\/#\\\/schema\\\/logo\\\/image\\\/\",\"url\":\"https:\\\/\\\/saiga.es\\\/wp-content\\\/uploads\\\/2025\\\/07\\\/logo_saiga_baseline_optimitzat.svg\",\"contentUrl\":\"https:\\\/\\\/saiga.es\\\/wp-content\\\/uploads\\\/2025\\\/07\\\/logo_saiga_baseline_optimitzat.svg\",\"caption\":\"SAIGA\"},\"image\":{\"@id\":\"https:\\\/\\\/saiga.es\\\/es\\\/#\\\/schema\\\/logo\\\/image\\\/\"},\"sameAs\":[\"https:\\\/\\\/x.com\\\/saiga_agro\",\"https:\\\/\\\/www.instagram.com\\\/saiga_agro\\\/\"]}]}<\/script>\n<!-- \/ Yoast SEO plugin. -->","yoast_head_json":{"title":"Maillon de r\u00e9duction en laiton M M | SAIGA","description":"Le raccord r\u00e9ducteur en laiton M M est un accessoire permettant de joindre deux pi\u00e8ces avec filetage int\u00e9rieur (femelle) de diam\u00e8tres diff\u00e9rents.","robots":{"index":"index","follow":"follow","max-snippet":"max-snippet:-1","max-image-preview":"max-image-preview:large","max-video-preview":"max-video-preview:-1"},"canonical":"https:\/\/saiga.es\/es\/producto\/maillon-de-reduction-en-laiton-m-m\/","og_locale":"es_ES","og_type":"article","og_title":"Maillon de r\u00e9duction en laiton M M | SAIGA","og_description":"Le raccord r\u00e9ducteur en laiton M M est un accessoire permettant de joindre deux pi\u00e8ces avec filetage int\u00e9rieur (femelle) de diam\u00e8tres diff\u00e9rents.","og_url":"https:\/\/saiga.es\/es\/producto\/maillon-de-reduction-en-laiton-m-m\/","og_site_name":"SAIGA","og_image":[{"width":1080,"height":1080,"url":"https:\/\/saiga.es\/wp-content\/uploads\/2025\/08\/Enllac-contrarosca-reduccio-MM.jpg","type":"image\/jpeg"}],"twitter_card":"summary_large_image","twitter_site":"@saiga_agro","twitter_misc":{"Tiempo de lectura":"1 minuto"},"schema":{"@context":"https:\/\/schema.org","@graph":[{"@type":"WebPage","@id":"https:\/\/saiga.es\/es\/producto\/maillon-de-reduction-en-laiton-m-m\/","url":"https:\/\/saiga.es\/es\/producto\/maillon-de-reduction-en-laiton-m-m\/","name":"Maillon de r\u00e9duction en laiton M M | SAIGA","isPartOf":{"@id":"https:\/\/saiga.es\/es\/#website"},"primaryImageOfPage":{"@id":"https:\/\/saiga.es\/es\/producto\/maillon-de-reduction-en-laiton-m-m\/#primaryimage"},"image":{"@id":"https:\/\/saiga.es\/es\/producto\/maillon-de-reduction-en-laiton-m-m\/#primaryimage"},"thumbnailUrl":"https:\/\/saiga.es\/wp-content\/uploads\/2025\/08\/Enllac-contrarosca-reduccio-MM.jpg","datePublished":"2025-08-14T10:28:22+00:00","description":"Le raccord r\u00e9ducteur en laiton M M est un accessoire permettant de joindre deux pi\u00e8ces avec filetage int\u00e9rieur (femelle) de diam\u00e8tres diff\u00e9rents.","breadcrumb":{"@id":"https:\/\/saiga.es\/es\/producto\/maillon-de-reduction-en-laiton-m-m\/#breadcrumb"},"inLanguage":"es","potentialAction":[{"@type":"ReadAction","target":["https:\/\/saiga.es\/es\/producto\/maillon-de-reduction-en-laiton-m-m\/"]}]},{"@type":"ImageObject","inLanguage":"es","@id":"https:\/\/saiga.es\/es\/producto\/maillon-de-reduction-en-laiton-m-m\/#primaryimage","url":"https:\/\/saiga.es\/wp-content\/uploads\/2025\/08\/Enllac-contrarosca-reduccio-MM.jpg","contentUrl":"https:\/\/saiga.es\/wp-content\/uploads\/2025\/08\/Enllac-contrarosca-reduccio-MM.jpg","width":1080,"height":1080,"caption":"R\u00e9duction de la connexion du contre-filetage M M"},{"@type":"BreadcrumbList","@id":"https:\/\/saiga.es\/es\/producto\/maillon-de-reduction-en-laiton-m-m\/#breadcrumb","itemListElement":[{"@type":"ListItem","position":1,"name":"Inici","item":"https:\/\/saiga.es\/es\/"},{"@type":"ListItem","position":2,"name":"Tienda","item":"https:\/\/saiga.es\/es\/tienda\/"},{"@type":"ListItem","position":3,"name":"Maillon de r\u00e9duction en laiton M M"}]},{"@type":"WebSite","@id":"https:\/\/saiga.es\/es\/#website","url":"https:\/\/saiga.es\/es\/","name":"SAIGA","description":"M\u00e9s de 50 anys al servei de la terra i treballant per a un \u00fas eficient de l\u2019aigua!","publisher":{"@id":"https:\/\/saiga.es\/es\/#organization"},"potentialAction":[{"@type":"SearchAction","target":{"@type":"EntryPoint","urlTemplate":"https:\/\/saiga.es\/es\/?s={search_term_string}"},"query-input":{"@type":"PropertyValueSpecification","valueRequired":true,"valueName":"search_term_string"}}],"inLanguage":"es"},{"@type":"Organization","@id":"https:\/\/saiga.es\/es\/#organization","name":"SAIGA","url":"https:\/\/saiga.es\/es\/","logo":{"@type":"ImageObject","inLanguage":"es","@id":"https:\/\/saiga.es\/es\/#\/schema\/logo\/image\/","url":"https:\/\/saiga.es\/wp-content\/uploads\/2025\/07\/logo_saiga_baseline_optimitzat.svg","contentUrl":"https:\/\/saiga.es\/wp-content\/uploads\/2025\/07\/logo_saiga_baseline_optimitzat.svg","caption":"SAIGA"},"image":{"@id":"https:\/\/saiga.es\/es\/#\/schema\/logo\/image\/"},"sameAs":["https:\/\/x.com\/saiga_agro","https:\/\/www.instagram.com\/saiga_agro\/"]}]}},"_links":{"self":[{"href":"https:\/\/saiga.es\/es\/wp-json\/wp\/v2\/product\/16267","targetHints":{"allow":["GET"]}}],"collection":[{"href":"https:\/\/saiga.es\/es\/wp-json\/wp\/v2\/product"}],"about":[{"href":"https:\/\/saiga.es\/es\/wp-json\/wp\/v2\/types\/product"}],"replies":[{"embeddable":true,"href":"https:\/\/saiga.es\/es\/wp-json\/wp\/v2\/comments?post=16267"}],"wp:featuredmedia":[{"embeddable":true,"href":"https:\/\/saiga.es\/es\/wp-json\/wp\/v2\/media\/16225"}],"wp:attachment":[{"href":"https:\/\/saiga.es\/es\/wp-json\/wp\/v2\/media?parent=16267"}],"wp:term":[{"taxonomy":"product_brand","embeddable":true,"href":"https:\/\/saiga.es\/es\/wp-json\/wp\/v2\/product_brand?post=16267"},{"taxonomy":"product_cat","embeddable":true,"href":"https:\/\/saiga.es\/es\/wp-json\/wp\/v2\/product_cat?post=16267"},{"taxonomy":"product_tag","embeddable":true,"href":"https:\/\/saiga.es\/es\/wp-json\/wp\/v2\/product_tag?post=16267"}],"curies":[{"name":"wp","href":"https:\/\/api.w.org\/{rel}","templated":true}]}}