{"id":16291,"date":"2025-08-14T13:11:24","date_gmt":"2025-08-14T13:11:24","guid":{"rendered":"https:\/\/botiga.saiga.es\/producte\/insectibys-avispas-evolution\/"},"modified":"2025-12-09T15:02:37","modified_gmt":"2025-12-09T15:02:37","slug":"insectibys-avispas-evolution","status":"publish","type":"product","link":"https:\/\/saiga.es\/es\/producto\/insectibys-avispas-evolution\/","title":{"rendered":"Insectibys Avispas Evolution"},"content":{"rendered":"<p>&nbsp;<\/p>\n<p>Insectibys Avispas Evolution \u2013 Tu aliado para combatir avispas y avispones<\/p>\n<p>Insectibys Avispas Evolution es un insecticida aerosol de gran potencia dise\u00f1ado para eliminar de forma fulminante y segura las avispas, avispones y sus nidos. Con una v\u00e1lvula difusora de alta tecnolog\u00eda, permite proyectar el producto hasta m\u00e1s de 4 metros, asegurando una aplicaci\u00f3n precisa y protecci\u00f3n para el usuario even en zonas de dif\u00edcil acceso como \u00e1ngulos, falsos techos o buhardilla. <\/p>\n<p>Su f\u00f3rmula bicomponente combina cipermetrina (\u22480,271%) y praletrina (\u22480,053%), resultados de alta efectividad. Esta combinaci\u00f3n ofrece un efecto choque inmediato junto con una acci\u00f3n residual que prolonga la protecci\u00f3n sobre el nido tratado. Los estudios muestran un \u201cknock-down\u201d completo en tan s\u00f3lo 2,2 segundos en especies como <em>Polistas gallicus<\/em>, con mortalidad del 100%.  <\/p>\n<p>Instrucciones de uso:<\/p>\n<ul>\n<li>Agita bien antes de utilizar.<\/li>\n<li>Pulveriza directamente sobre el nido durante 7\u201312 segundos, hasta humedecerlo completamente.<\/li>\n<li>Recomendado aplicar a primera hora de la ma\u00f1ana o al anochecer, cuando las avispas son menos activas y hay m\u00e1s actividad para garantizar m\u00e1xima eficacia. Se puede repetir la aplicaci\u00f3n pasados unos 7 d\u00edas, si se considera necesario. <\/li>\n<\/ul>\n<p>Otras caracter\u00edsticas destacables:<\/p>\n<ul>\n<li>Presentaci\u00f3n en aerosol de 750 ml, autorizado para el p\u00fablico general con n\u00famero de registro 23-30-11948.<\/li>\n<li>Seguridad y limpieza: no mancha, no deja residuos visibles y facilita una aplicaci\u00f3n limpia y segura.<\/li>\n<li>Proporciona mucha seguridad gracias al chorro direccional de largo alcance, reduciendo riesgos durante el tratamiento.<\/li>\n<\/ul>\n<p>&nbsp;<\/p>\n","protected":false},"excerpt":{"rendered":"<p>Insectibys Avispas Evolution es un insecticida aerosol de gran potencia dise\u00f1ado para eliminar de forma fulminante y segura las avispas, avispones y sus nidos.<\/p>\n","protected":false},"featured_media":16295,"comment_status":"closed","ping_status":"closed","template":"","meta":[],"product_brand":[],"product_cat":[395,1285],"product_tag":[],"class_list":{"0":"post-16291","1":"product","2":"type-product","3":"status-publish","4":"has-post-thumbnail","6":"product_cat-biocidas-es","7":"product_cat-zapatos-de-trabajo","9":"first","10":"instock","11":"taxable","12":"shipping-taxable","13":"purchasable","14":"product-type-simple"},"yoast_head":"<!-- This site is optimized with the Yoast SEO plugin v27.4 - https:\/\/yoast.com\/product\/yoast-seo-wordpress\/ -->\n<title>Insectibys Avispas Evolution | SAIGA<\/title>\n<meta name=\"description\" content=\"Insectibys Avispas Evolution es un insecticida aerosol de gran potencia dise\u00f1ado para eliminar de manera fulminante las avispas, avispones y sus nidos.\" \/>\n<meta name=\"robots\" content=\"index, follow, max-snippet:-1, max-image-preview:large, max-video-preview:-1\" \/>\n<link rel=\"canonical\" href=\"https:\/\/saiga.es\/es\/producto\/insectibys-avispas-evolution\/\" \/>\n<meta property=\"og:locale\" content=\"es_ES\" \/>\n<meta property=\"og:type\" content=\"article\" \/>\n<meta property=\"og:title\" content=\"Insectibys Avispas Evolution | SAIGA\" \/>\n<meta property=\"og:description\" content=\"Insectibys Avispas Evolution es un insecticida aerosol de gran potencia dise\u00f1ado para eliminar de manera fulminante las avispas, avispones y sus nidos.\" \/>\n<meta property=\"og:url\" content=\"https:\/\/saiga.es\/es\/producto\/insectibys-avispas-evolution\/\" \/>\n<meta property=\"og:site_name\" content=\"SAIGA\" \/>\n<meta property=\"article:modified_time\" content=\"2025-12-09T15:02:37+00:00\" \/>\n<meta property=\"og:image\" content=\"https:\/\/saiga.es\/wp-content\/uploads\/2025\/08\/Insectibys.jpg\" \/>\n\t<meta property=\"og:image:width\" content=\"1080\" \/>\n\t<meta property=\"og:image:height\" content=\"1080\" \/>\n\t<meta property=\"og:image:type\" content=\"image\/jpeg\" \/>\n<meta name=\"twitter:card\" content=\"summary_large_image\" \/>\n<meta name=\"twitter:site\" content=\"@saiga_agro\" \/>\n<meta name=\"twitter:label1\" content=\"Tiempo de lectura\" \/>\n\t<meta name=\"twitter:data1\" content=\"1 minuto\" \/>\n<script type=\"application\/ld+json\" class=\"yoast-schema-graph\">{\"@context\":\"https:\\\/\\\/schema.org\",\"@graph\":[{\"@type\":\"WebPage\",\"@id\":\"https:\\\/\\\/saiga.es\\\/es\\\/producto\\\/insectibys-avispas-evolution\\\/\",\"url\":\"https:\\\/\\\/saiga.es\\\/es\\\/producto\\\/insectibys-avispas-evolution\\\/\",\"name\":\"Insectibys Avispas Evolution | SAIGA\",\"isPartOf\":{\"@id\":\"https:\\\/\\\/saiga.es\\\/es\\\/#website\"},\"primaryImageOfPage\":{\"@id\":\"https:\\\/\\\/saiga.es\\\/es\\\/producto\\\/insectibys-avispas-evolution\\\/#primaryimage\"},\"image\":{\"@id\":\"https:\\\/\\\/saiga.es\\\/es\\\/producto\\\/insectibys-avispas-evolution\\\/#primaryimage\"},\"thumbnailUrl\":\"https:\\\/\\\/saiga.es\\\/wp-content\\\/uploads\\\/2025\\\/08\\\/Insectibys.jpg\",\"datePublished\":\"2025-08-14T13:11:24+00:00\",\"dateModified\":\"2025-12-09T15:02:37+00:00\",\"description\":\"Insectibys Avispas Evolution es un insecticida aerosol de gran potencia dise\u00f1ado para eliminar de manera fulminante las avispas, avispones y sus nidos.\",\"breadcrumb\":{\"@id\":\"https:\\\/\\\/saiga.es\\\/es\\\/producto\\\/insectibys-avispas-evolution\\\/#breadcrumb\"},\"inLanguage\":\"es\",\"potentialAction\":[{\"@type\":\"ReadAction\",\"target\":[\"https:\\\/\\\/saiga.es\\\/es\\\/producto\\\/insectibys-avispas-evolution\\\/\"]}]},{\"@type\":\"ImageObject\",\"inLanguage\":\"es\",\"@id\":\"https:\\\/\\\/saiga.es\\\/es\\\/producto\\\/insectibys-avispas-evolution\\\/#primaryimage\",\"url\":\"https:\\\/\\\/saiga.es\\\/wp-content\\\/uploads\\\/2025\\\/08\\\/Insectibys.jpg\",\"contentUrl\":\"https:\\\/\\\/saiga.es\\\/wp-content\\\/uploads\\\/2025\\\/08\\\/Insectibys.jpg\",\"width\":1080,\"height\":1080,\"caption\":\"Insectibys Avispas Evolution\"},{\"@type\":\"BreadcrumbList\",\"@id\":\"https:\\\/\\\/saiga.es\\\/es\\\/producto\\\/insectibys-avispas-evolution\\\/#breadcrumb\",\"itemListElement\":[{\"@type\":\"ListItem\",\"position\":1,\"name\":\"Inici\",\"item\":\"https:\\\/\\\/saiga.es\\\/es\\\/\"},{\"@type\":\"ListItem\",\"position\":2,\"name\":\"Tienda\",\"item\":\"https:\\\/\\\/saiga.es\\\/es\\\/tienda\\\/\"},{\"@type\":\"ListItem\",\"position\":3,\"name\":\"Insectibys Avispas Evolution\"}]},{\"@type\":\"WebSite\",\"@id\":\"https:\\\/\\\/saiga.es\\\/es\\\/#website\",\"url\":\"https:\\\/\\\/saiga.es\\\/es\\\/\",\"name\":\"SAIGA\",\"description\":\"M\u00e9s de 50 anys al servei de la terra i treballant per a un \u00fas eficient de l\u2019aigua!\",\"publisher\":{\"@id\":\"https:\\\/\\\/saiga.es\\\/es\\\/#organization\"},\"potentialAction\":[{\"@type\":\"SearchAction\",\"target\":{\"@type\":\"EntryPoint\",\"urlTemplate\":\"https:\\\/\\\/saiga.es\\\/es\\\/?s={search_term_string}\"},\"query-input\":{\"@type\":\"PropertyValueSpecification\",\"valueRequired\":true,\"valueName\":\"search_term_string\"}}],\"inLanguage\":\"es\"},{\"@type\":\"Organization\",\"@id\":\"https:\\\/\\\/saiga.es\\\/es\\\/#organization\",\"name\":\"SAIGA\",\"url\":\"https:\\\/\\\/saiga.es\\\/es\\\/\",\"logo\":{\"@type\":\"ImageObject\",\"inLanguage\":\"es\",\"@id\":\"https:\\\/\\\/saiga.es\\\/es\\\/#\\\/schema\\\/logo\\\/image\\\/\",\"url\":\"https:\\\/\\\/saiga.es\\\/wp-content\\\/uploads\\\/2025\\\/07\\\/logo_saiga_baseline_optimitzat.svg\",\"contentUrl\":\"https:\\\/\\\/saiga.es\\\/wp-content\\\/uploads\\\/2025\\\/07\\\/logo_saiga_baseline_optimitzat.svg\",\"caption\":\"SAIGA\"},\"image\":{\"@id\":\"https:\\\/\\\/saiga.es\\\/es\\\/#\\\/schema\\\/logo\\\/image\\\/\"},\"sameAs\":[\"https:\\\/\\\/x.com\\\/saiga_agro\",\"https:\\\/\\\/www.instagram.com\\\/saiga_agro\\\/\"]}]}<\/script>\n<!-- \/ Yoast SEO plugin. -->","yoast_head_json":{"title":"Insectibys Avispas Evolution | SAIGA","description":"Insectibys Avispas Evolution es un insecticida aerosol de gran potencia dise\u00f1ado para eliminar de manera fulminante las avispas, avispones y sus nidos.","robots":{"index":"index","follow":"follow","max-snippet":"max-snippet:-1","max-image-preview":"max-image-preview:large","max-video-preview":"max-video-preview:-1"},"canonical":"https:\/\/saiga.es\/es\/producto\/insectibys-avispas-evolution\/","og_locale":"es_ES","og_type":"article","og_title":"Insectibys Avispas Evolution | SAIGA","og_description":"Insectibys Avispas Evolution es un insecticida aerosol de gran potencia dise\u00f1ado para eliminar de manera fulminante las avispas, avispones y sus nidos.","og_url":"https:\/\/saiga.es\/es\/producto\/insectibys-avispas-evolution\/","og_site_name":"SAIGA","article_modified_time":"2025-12-09T15:02:37+00:00","og_image":[{"width":1080,"height":1080,"url":"https:\/\/saiga.es\/wp-content\/uploads\/2025\/08\/Insectibys.jpg","type":"image\/jpeg"}],"twitter_card":"summary_large_image","twitter_site":"@saiga_agro","twitter_misc":{"Tiempo de lectura":"1 minuto"},"schema":{"@context":"https:\/\/schema.org","@graph":[{"@type":"WebPage","@id":"https:\/\/saiga.es\/es\/producto\/insectibys-avispas-evolution\/","url":"https:\/\/saiga.es\/es\/producto\/insectibys-avispas-evolution\/","name":"Insectibys Avispas Evolution | SAIGA","isPartOf":{"@id":"https:\/\/saiga.es\/es\/#website"},"primaryImageOfPage":{"@id":"https:\/\/saiga.es\/es\/producto\/insectibys-avispas-evolution\/#primaryimage"},"image":{"@id":"https:\/\/saiga.es\/es\/producto\/insectibys-avispas-evolution\/#primaryimage"},"thumbnailUrl":"https:\/\/saiga.es\/wp-content\/uploads\/2025\/08\/Insectibys.jpg","datePublished":"2025-08-14T13:11:24+00:00","dateModified":"2025-12-09T15:02:37+00:00","description":"Insectibys Avispas Evolution es un insecticida aerosol de gran potencia dise\u00f1ado para eliminar de manera fulminante las avispas, avispones y sus nidos.","breadcrumb":{"@id":"https:\/\/saiga.es\/es\/producto\/insectibys-avispas-evolution\/#breadcrumb"},"inLanguage":"es","potentialAction":[{"@type":"ReadAction","target":["https:\/\/saiga.es\/es\/producto\/insectibys-avispas-evolution\/"]}]},{"@type":"ImageObject","inLanguage":"es","@id":"https:\/\/saiga.es\/es\/producto\/insectibys-avispas-evolution\/#primaryimage","url":"https:\/\/saiga.es\/wp-content\/uploads\/2025\/08\/Insectibys.jpg","contentUrl":"https:\/\/saiga.es\/wp-content\/uploads\/2025\/08\/Insectibys.jpg","width":1080,"height":1080,"caption":"Insectibys Avispas Evolution"},{"@type":"BreadcrumbList","@id":"https:\/\/saiga.es\/es\/producto\/insectibys-avispas-evolution\/#breadcrumb","itemListElement":[{"@type":"ListItem","position":1,"name":"Inici","item":"https:\/\/saiga.es\/es\/"},{"@type":"ListItem","position":2,"name":"Tienda","item":"https:\/\/saiga.es\/es\/tienda\/"},{"@type":"ListItem","position":3,"name":"Insectibys Avispas Evolution"}]},{"@type":"WebSite","@id":"https:\/\/saiga.es\/es\/#website","url":"https:\/\/saiga.es\/es\/","name":"SAIGA","description":"M\u00e9s de 50 anys al servei de la terra i treballant per a un \u00fas eficient de l\u2019aigua!","publisher":{"@id":"https:\/\/saiga.es\/es\/#organization"},"potentialAction":[{"@type":"SearchAction","target":{"@type":"EntryPoint","urlTemplate":"https:\/\/saiga.es\/es\/?s={search_term_string}"},"query-input":{"@type":"PropertyValueSpecification","valueRequired":true,"valueName":"search_term_string"}}],"inLanguage":"es"},{"@type":"Organization","@id":"https:\/\/saiga.es\/es\/#organization","name":"SAIGA","url":"https:\/\/saiga.es\/es\/","logo":{"@type":"ImageObject","inLanguage":"es","@id":"https:\/\/saiga.es\/es\/#\/schema\/logo\/image\/","url":"https:\/\/saiga.es\/wp-content\/uploads\/2025\/07\/logo_saiga_baseline_optimitzat.svg","contentUrl":"https:\/\/saiga.es\/wp-content\/uploads\/2025\/07\/logo_saiga_baseline_optimitzat.svg","caption":"SAIGA"},"image":{"@id":"https:\/\/saiga.es\/es\/#\/schema\/logo\/image\/"},"sameAs":["https:\/\/x.com\/saiga_agro","https:\/\/www.instagram.com\/saiga_agro\/"]}]}},"_links":{"self":[{"href":"https:\/\/saiga.es\/es\/wp-json\/wp\/v2\/product\/16291","targetHints":{"allow":["GET"]}}],"collection":[{"href":"https:\/\/saiga.es\/es\/wp-json\/wp\/v2\/product"}],"about":[{"href":"https:\/\/saiga.es\/es\/wp-json\/wp\/v2\/types\/product"}],"replies":[{"embeddable":true,"href":"https:\/\/saiga.es\/es\/wp-json\/wp\/v2\/comments?post=16291"}],"wp:featuredmedia":[{"embeddable":true,"href":"https:\/\/saiga.es\/es\/wp-json\/wp\/v2\/media\/16295"}],"wp:attachment":[{"href":"https:\/\/saiga.es\/es\/wp-json\/wp\/v2\/media?parent=16291"}],"wp:term":[{"taxonomy":"product_brand","embeddable":true,"href":"https:\/\/saiga.es\/es\/wp-json\/wp\/v2\/product_brand?post=16291"},{"taxonomy":"product_cat","embeddable":true,"href":"https:\/\/saiga.es\/es\/wp-json\/wp\/v2\/product_cat?post=16291"},{"taxonomy":"product_tag","embeddable":true,"href":"https:\/\/saiga.es\/es\/wp-json\/wp\/v2\/product_tag?post=16291"}],"curies":[{"name":"wp","href":"https:\/\/api.w.org\/{rel}","templated":true}]}}