{"id":16798,"date":"2025-09-26T13:53:58","date_gmt":"2025-09-26T13:53:58","guid":{"rendered":"https:\/\/saiga.es\/producte\/curane-evo-fungicida-sistemico\/"},"modified":"2026-03-07T22:40:44","modified_gmt":"2026-03-07T22:40:44","slug":"curane-evo-fungicida-sistemico","status":"publish","type":"product","link":"https:\/\/saiga.es\/es\/producto\/curane-evo-fungicida-sistemico\/","title":{"rendered":"Curane Evo Fungicida Sist\u00e9mico"},"content":{"rendered":"<p data-start=\"226\" data-end=\"499\">Curane EVO es un fungicida sist\u00e9mico de alta eficacia basado en fosfonato pot\u00e1sico (51 % p\/v), con acci\u00f3n preventiva y curativa. Est\u00e1 formulado para el control de enfermedades f\u00fangicas como el mildiu y otros pat\u00f3genos de Peronosporaceae y Phytophthora en diversos cultivos agr\u00edcolas. <\/p>\n<p data-start=\"501\" data-end=\"526\">Ventajas principales<\/p>\n<ul data-start=\"528\" data-end=\"1223\">\n<li data-start=\"528\" data-end=\"697\">\n<p data-start=\"530\" data-end=\"697\">Amplia cobertura de cultivos: recomendado para vi\u00f1a, c\u00edtricos, \u00e1rboles frutales, fresales, hortalizas (tomate, berenjena, etc.), olivar, patata, pimiento, etc.<\/p>\n<\/li>\n<li data-start=\"698\" data-end=\"797\">\n<p data-start=\"700\" data-end=\"797\">Eficacia contrastada contra mildiu y otros hongos fitopat\u00f3genos como Phytophthora y Alternaria.<\/p>\n<\/li>\n<li data-start=\"798\" data-end=\"927\">\n<p data-start=\"800\" data-end=\"927\">Acci\u00f3n sist\u00e9mica y local: penetra en el tejido vegetal y se distribuye internamente, aportando protecci\u00f3n interna al follaje.<\/p>\n<\/li>\n<li data-start=\"928\" data-end=\"1081\">\n<p data-start=\"930\" data-end=\"1081\">Seguridad y adaptabilidad: tolerado por los cultivos en condiciones climatol\u00f3gicas diversas, siempre que se aplique dentro de los m\u00e1rgenes de dosis recomendada.<\/p>\n<\/li>\n<li data-start=\"1082\" data-end=\"1223\">\n<p data-start=\"1084\" data-end=\"1223\">Flexible en n\u00famero de aplicaciones: seg\u00fan el cultivo y la enfermedad, se puede aplicar entre 1 y 3 veces (o m\u00e1s si la situaci\u00f3n lo exige).<\/p>\n<\/li>\n<\/ul>\n<p data-start=\"1225\" data-end=\"1267\">Cultivos y dosis recomendadas (ejemplos)<\/p>\n<div class=\"_tableContainer_1rjym_1\">\n<div class=\"group _tableWrapper_1rjym_13 flex w-fit flex-col-reverse\" tabindex=\"-1\">\n<table class=\"w-fit min-w-(--thread-content-width)\" data-start=\"1269\" data-end=\"1860\">\n<thead data-start=\"1269\" data-end=\"1381\">\n<tr data-start=\"1269\" data-end=\"1381\">\n<th data-start=\"1269\" data-end=\"1289\" data-col-size=\"sm\">Cultivo \/ enfermedad<\/th>\n<th data-start=\"1289\" data-end=\"1304\" data-col-size=\"sm\">Dosis (ml\/hl)<\/th>\n<th data-start=\"1304\" data-end=\"1330\" data-col-size=\"sm\">N\u00famero m\u00e1x. aplicaciones <\/th>\n<th data-start=\"1330\" data-end=\"1341\" data-col-size=\"sm\">Intervalo<\/th>\n<th data-start=\"1341\" data-end=\"1365\" data-col-size=\"sm\">Volumen de caldo (l\/ha)<\/th>\n<th data-start=\"1365\" data-end=\"1381\" data-col-size=\"sm\">Observaciones<\/th>\n<\/tr>\n<\/thead>\n<tbody data-start=\"1501\" data-end=\"1860\">\n<tr data-start=\"1501\" data-end=\"1591\">\n<td data-start=\"1501\" data-end=\"1526\" data-col-size=\"sm\">C\u00edtricos (Phytophthora)<\/td>\n<td data-start=\"1526\" data-end=\"1536\" data-col-size=\"sm\">150-250<\/td>\n<td data-start=\"1536\" data-end=\"1540\" data-col-size=\"sm\">2<\/td>\n<td data-start=\"1540\" data-end=\"1550\" data-col-size=\"sm\">20 d\u00edas<\/td>\n<td data-col-size=\"sm\" data-start=\"1550\" data-end=\"1564\">1 000-3 500<\/td>\n<td data-col-size=\"sm\" data-start=\"1564\" data-end=\"1591\">A partir de BBCH &gt; 40<\/td>\n<\/tr>\n<tr data-start=\"1592\" data-end=\"1696\">\n<td data-start=\"1592\" data-end=\"1621\" data-col-size=\"sm\">Manzano \/ peral (moteado)<\/td>\n<td data-col-size=\"sm\" data-start=\"1621\" data-end=\"1631\">150-250<\/td>\n<td data-col-size=\"sm\" data-start=\"1631\" data-end=\"1635\">3<\/td>\n<td data-col-size=\"sm\" data-start=\"1635\" data-end=\"1644\">5 d\u00edas<\/td>\n<td data-col-size=\"sm\" data-start=\"1644\" data-end=\"1656\">500-1 000<\/td>\n<td data-col-size=\"sm\" data-start=\"1656\" data-end=\"1696\">Aplicar durante floraci\u00f3n BBCH 69-81<\/td>\n<\/tr>\n<tr data-start=\"1697\" data-end=\"1777\">\n<td data-start=\"1697\" data-end=\"1714\" data-col-size=\"sm\">Vi\u00f1a (mildiu)<\/td>\n<td data-col-size=\"sm\" data-start=\"1714\" data-end=\"1724\">150-250<\/td>\n<td data-col-size=\"sm\" data-start=\"1724\" data-end=\"1728\">3<\/td>\n<td data-col-size=\"sm\" data-start=\"1728\" data-end=\"1738\">10 d\u00edas<\/td>\n<td data-col-size=\"sm\" data-start=\"1738\" data-end=\"1750\">500-1 000<\/td>\n<td data-col-size=\"sm\" data-start=\"1750\" data-end=\"1777\">A partir de BBCH &gt; 20<\/td>\n<\/tr>\n<tr data-start=\"1778\" data-end=\"1860\">\n<td data-start=\"1778\" data-end=\"1797\" data-col-size=\"sm\">Olivar (repilo)<\/td>\n<td data-col-size=\"sm\" data-start=\"1797\" data-end=\"1807\">150-250<\/td>\n<td data-col-size=\"sm\" data-start=\"1807\" data-end=\"1811\">2<\/td>\n<td data-col-size=\"sm\" data-start=\"1811\" data-end=\"1821\">10 d\u00edas<\/td>\n<td data-col-size=\"sm\" data-start=\"1821\" data-end=\"1833\">800-1 000<\/td>\n<td data-col-size=\"sm\" data-start=\"1833\" data-end=\"1860\">Aplicar de BBCH 11-81<\/td>\n<\/tr>\n<\/tbody>\n<\/table>\n<\/div>\n<\/div>\n<p data-start=\"1862\" data-end=\"2013\"><em data-start=\"1862\" data-end=\"1973\">Nota: estos son datos orientativos. <\/em><br data-start=\"1973\" data-end=\"1976\"><span class=\"\" data-state=\"closed\"><span class=\"ms-1 inline-flex max-w-full items-center relative top-[-0.094rem] animate-[show_150ms_ease-in]\" data-testid=\"webpage-citation-pill\"><br \/>\n<\/span><\/span><\/p>\n<p data-start=\"2015\" data-end=\"2049\">Recomendaciones de uso y seguridad<\/p>\n<ul data-start=\"2051\" data-end=\"2621\">\n<li data-start=\"2051\" data-end=\"2159\">\n<p data-start=\"2053\" data-end=\"2159\">No est\u00e1 indicado para cultivos en estructuras abiertas de protecci\u00f3n (microt\u00faneles, mangas, mallas, etc.).<\/p>\n<\/li>\n<li data-start=\"2160\" data-end=\"2243\">\n<p data-start=\"2162\" data-end=\"2243\">En cultivos rotacionales, respetar un margen m\u00ednimo de 30 d\u00edas antes de replantar.<\/p>\n<\/li>\n<li data-start=\"2244\" data-end=\"2407\">\n<p data-start=\"2246\" data-end=\"2407\">Sigue estrictamente las instrucciones de seguridad, dosis y per\u00edodos de seguridad que figuran en la etiqueta del producto.<span class=\"\" data-state=\"closed\"><span class=\"ms-1 inline-flex max-w-full items-center relative top-[-0.094rem] animate-[show_150ms_ease-in]\" data-testid=\"webpage-citation-pill\"><br \/>\n<\/span><\/span><\/p>\n<\/li>\n<li data-start=\"2408\" data-end=\"2538\">\n<p data-start=\"2410\" data-end=\"2538\">Manipula con cuidado, utilizando el equipo de protecci\u00f3n adecuado (guantes, gafas, ropa protectora) y cumpliendo la normativa vigente.<\/p>\n<\/li>\n<li data-start=\"2539\" data-end=\"2621\">\n<p data-start=\"2541\" data-end=\"2621\">Mantener el producto bien sellado y fuera del alcance de personas no autorizadas.<\/p>\n<\/li>\n<\/ul>\n","protected":false},"excerpt":{"rendered":"<p>Curane EVO es un fungicida sist\u00e9mico de alta eficacia basado en fosfonato pot\u00e1sico (51 % p\/v), con acci\u00f3n preventiva y curativa. Est\u00e1 formulado para el control de enfermedades f\u00fangicas como el mildiu y otros pat\u00f3genos de Peronosporaceae y Phytophthora en diversos cultivos agr\u00edcolas. <\/p>\n","protected":false},"featured_media":16796,"comment_status":"closed","ping_status":"closed","template":"","meta":[],"product_brand":[2201],"product_cat":[184],"product_tag":[],"class_list":{"0":"post-16798","1":"product","2":"type-product","3":"status-publish","4":"has-post-thumbnail","6":"product_brand-sipcam-es","7":"product_cat-fungicidas","9":"first","10":"instock","11":"taxable","12":"shipping-taxable","13":"purchasable","14":"product-type-simple"},"yoast_head":"<!-- This site is optimized with the Yoast SEO plugin v27.4 - https:\/\/yoast.com\/product\/yoast-seo-wordpress\/ -->\n<title>Curane Evo Fungicida Sist\u00e9mico | SAIGA<\/title>\n<meta name=\"description\" content=\"Curane EVO es un fungicida sist\u00e9mico a base de fosfonato pot\u00e1sico, dise\u00f1ado para el control eficiente de mildiu y hongos en vi\u00f1a, c\u00edtricos y frutales.\" \/>\n<meta name=\"robots\" content=\"index, follow, max-snippet:-1, max-image-preview:large, max-video-preview:-1\" \/>\n<link rel=\"canonical\" href=\"https:\/\/saiga.es\/es\/producto\/curane-evo-fungicida-sistemico\/\" \/>\n<meta property=\"og:locale\" content=\"es_ES\" \/>\n<meta property=\"og:type\" content=\"article\" \/>\n<meta property=\"og:title\" content=\"Curane Evo Fungicida Sist\u00e9mico | SAIGA\" \/>\n<meta property=\"og:description\" content=\"Curane EVO es un fungicida sist\u00e9mico a base de fosfonato pot\u00e1sico, dise\u00f1ado para el control eficiente de mildiu y hongos en vi\u00f1a, c\u00edtricos y frutales.\" \/>\n<meta property=\"og:url\" content=\"https:\/\/saiga.es\/es\/producto\/curane-evo-fungicida-sistemico\/\" \/>\n<meta property=\"og:site_name\" content=\"SAIGA\" \/>\n<meta property=\"article:modified_time\" content=\"2026-03-07T22:40:44+00:00\" \/>\n<meta property=\"og:image\" content=\"https:\/\/saiga.es\/wp-content\/uploads\/2025\/09\/Curane-Evo.jpg\" \/>\n\t<meta property=\"og:image:width\" content=\"1080\" \/>\n\t<meta property=\"og:image:height\" content=\"1080\" \/>\n\t<meta property=\"og:image:type\" content=\"image\/jpeg\" \/>\n<meta name=\"twitter:card\" content=\"summary_large_image\" \/>\n<meta name=\"twitter:site\" content=\"@saiga_agro\" \/>\n<meta name=\"twitter:label1\" content=\"Tiempo de lectura\" \/>\n\t<meta name=\"twitter:data1\" content=\"2 minutos\" \/>\n<script type=\"application\/ld+json\" class=\"yoast-schema-graph\">{\"@context\":\"https:\\\/\\\/schema.org\",\"@graph\":[{\"@type\":\"WebPage\",\"@id\":\"https:\\\/\\\/saiga.es\\\/es\\\/producto\\\/curane-evo-fungicida-sistemico\\\/\",\"url\":\"https:\\\/\\\/saiga.es\\\/es\\\/producto\\\/curane-evo-fungicida-sistemico\\\/\",\"name\":\"Curane Evo Fungicida Sist\u00e9mico | SAIGA\",\"isPartOf\":{\"@id\":\"https:\\\/\\\/saiga.es\\\/es\\\/#website\"},\"primaryImageOfPage\":{\"@id\":\"https:\\\/\\\/saiga.es\\\/es\\\/producto\\\/curane-evo-fungicida-sistemico\\\/#primaryimage\"},\"image\":{\"@id\":\"https:\\\/\\\/saiga.es\\\/es\\\/producto\\\/curane-evo-fungicida-sistemico\\\/#primaryimage\"},\"thumbnailUrl\":\"https:\\\/\\\/saiga.es\\\/wp-content\\\/uploads\\\/2025\\\/09\\\/Curane-Evo.jpg\",\"datePublished\":\"2025-09-26T13:53:58+00:00\",\"dateModified\":\"2026-03-07T22:40:44+00:00\",\"description\":\"Curane EVO es un fungicida sist\u00e9mico a base de fosfonato pot\u00e1sico, dise\u00f1ado para el control eficiente de mildiu y hongos en vi\u00f1a, c\u00edtricos y frutales.\",\"breadcrumb\":{\"@id\":\"https:\\\/\\\/saiga.es\\\/es\\\/producto\\\/curane-evo-fungicida-sistemico\\\/#breadcrumb\"},\"inLanguage\":\"es\",\"potentialAction\":[{\"@type\":\"ReadAction\",\"target\":[\"https:\\\/\\\/saiga.es\\\/es\\\/producto\\\/curane-evo-fungicida-sistemico\\\/\"]}]},{\"@type\":\"ImageObject\",\"inLanguage\":\"es\",\"@id\":\"https:\\\/\\\/saiga.es\\\/es\\\/producto\\\/curane-evo-fungicida-sistemico\\\/#primaryimage\",\"url\":\"https:\\\/\\\/saiga.es\\\/wp-content\\\/uploads\\\/2025\\\/09\\\/Curane-Evo.jpg\",\"contentUrl\":\"https:\\\/\\\/saiga.es\\\/wp-content\\\/uploads\\\/2025\\\/09\\\/Curane-Evo.jpg\",\"width\":1080,\"height\":1080,\"caption\":\"Curane Evo\"},{\"@type\":\"BreadcrumbList\",\"@id\":\"https:\\\/\\\/saiga.es\\\/es\\\/producto\\\/curane-evo-fungicida-sistemico\\\/#breadcrumb\",\"itemListElement\":[{\"@type\":\"ListItem\",\"position\":1,\"name\":\"Inici\",\"item\":\"https:\\\/\\\/saiga.es\\\/es\\\/\"},{\"@type\":\"ListItem\",\"position\":2,\"name\":\"Tienda\",\"item\":\"https:\\\/\\\/saiga.es\\\/es\\\/tienda\\\/\"},{\"@type\":\"ListItem\",\"position\":3,\"name\":\"Curane Evo Fungicida Sist\u00e9mico\"}]},{\"@type\":\"WebSite\",\"@id\":\"https:\\\/\\\/saiga.es\\\/es\\\/#website\",\"url\":\"https:\\\/\\\/saiga.es\\\/es\\\/\",\"name\":\"SAIGA\",\"description\":\"M\u00e9s de 50 anys al servei de la terra i treballant per a un \u00fas eficient de l\u2019aigua!\",\"publisher\":{\"@id\":\"https:\\\/\\\/saiga.es\\\/es\\\/#organization\"},\"potentialAction\":[{\"@type\":\"SearchAction\",\"target\":{\"@type\":\"EntryPoint\",\"urlTemplate\":\"https:\\\/\\\/saiga.es\\\/es\\\/?s={search_term_string}\"},\"query-input\":{\"@type\":\"PropertyValueSpecification\",\"valueRequired\":true,\"valueName\":\"search_term_string\"}}],\"inLanguage\":\"es\"},{\"@type\":\"Organization\",\"@id\":\"https:\\\/\\\/saiga.es\\\/es\\\/#organization\",\"name\":\"SAIGA\",\"url\":\"https:\\\/\\\/saiga.es\\\/es\\\/\",\"logo\":{\"@type\":\"ImageObject\",\"inLanguage\":\"es\",\"@id\":\"https:\\\/\\\/saiga.es\\\/es\\\/#\\\/schema\\\/logo\\\/image\\\/\",\"url\":\"https:\\\/\\\/saiga.es\\\/wp-content\\\/uploads\\\/2025\\\/07\\\/logo_saiga_baseline_optimitzat.svg\",\"contentUrl\":\"https:\\\/\\\/saiga.es\\\/wp-content\\\/uploads\\\/2025\\\/07\\\/logo_saiga_baseline_optimitzat.svg\",\"caption\":\"SAIGA\"},\"image\":{\"@id\":\"https:\\\/\\\/saiga.es\\\/es\\\/#\\\/schema\\\/logo\\\/image\\\/\"},\"sameAs\":[\"https:\\\/\\\/x.com\\\/saiga_agro\",\"https:\\\/\\\/www.instagram.com\\\/saiga_agro\\\/\"]}]}<\/script>\n<!-- \/ Yoast SEO plugin. -->","yoast_head_json":{"title":"Curane Evo Fungicida Sist\u00e9mico | SAIGA","description":"Curane EVO es un fungicida sist\u00e9mico a base de fosfonato pot\u00e1sico, dise\u00f1ado para el control eficiente de mildiu y hongos en vi\u00f1a, c\u00edtricos y frutales.","robots":{"index":"index","follow":"follow","max-snippet":"max-snippet:-1","max-image-preview":"max-image-preview:large","max-video-preview":"max-video-preview:-1"},"canonical":"https:\/\/saiga.es\/es\/producto\/curane-evo-fungicida-sistemico\/","og_locale":"es_ES","og_type":"article","og_title":"Curane Evo Fungicida Sist\u00e9mico | SAIGA","og_description":"Curane EVO es un fungicida sist\u00e9mico a base de fosfonato pot\u00e1sico, dise\u00f1ado para el control eficiente de mildiu y hongos en vi\u00f1a, c\u00edtricos y frutales.","og_url":"https:\/\/saiga.es\/es\/producto\/curane-evo-fungicida-sistemico\/","og_site_name":"SAIGA","article_modified_time":"2026-03-07T22:40:44+00:00","og_image":[{"width":1080,"height":1080,"url":"https:\/\/saiga.es\/wp-content\/uploads\/2025\/09\/Curane-Evo.jpg","type":"image\/jpeg"}],"twitter_card":"summary_large_image","twitter_site":"@saiga_agro","twitter_misc":{"Tiempo de lectura":"2 minutos"},"schema":{"@context":"https:\/\/schema.org","@graph":[{"@type":"WebPage","@id":"https:\/\/saiga.es\/es\/producto\/curane-evo-fungicida-sistemico\/","url":"https:\/\/saiga.es\/es\/producto\/curane-evo-fungicida-sistemico\/","name":"Curane Evo Fungicida Sist\u00e9mico | SAIGA","isPartOf":{"@id":"https:\/\/saiga.es\/es\/#website"},"primaryImageOfPage":{"@id":"https:\/\/saiga.es\/es\/producto\/curane-evo-fungicida-sistemico\/#primaryimage"},"image":{"@id":"https:\/\/saiga.es\/es\/producto\/curane-evo-fungicida-sistemico\/#primaryimage"},"thumbnailUrl":"https:\/\/saiga.es\/wp-content\/uploads\/2025\/09\/Curane-Evo.jpg","datePublished":"2025-09-26T13:53:58+00:00","dateModified":"2026-03-07T22:40:44+00:00","description":"Curane EVO es un fungicida sist\u00e9mico a base de fosfonato pot\u00e1sico, dise\u00f1ado para el control eficiente de mildiu y hongos en vi\u00f1a, c\u00edtricos y frutales.","breadcrumb":{"@id":"https:\/\/saiga.es\/es\/producto\/curane-evo-fungicida-sistemico\/#breadcrumb"},"inLanguage":"es","potentialAction":[{"@type":"ReadAction","target":["https:\/\/saiga.es\/es\/producto\/curane-evo-fungicida-sistemico\/"]}]},{"@type":"ImageObject","inLanguage":"es","@id":"https:\/\/saiga.es\/es\/producto\/curane-evo-fungicida-sistemico\/#primaryimage","url":"https:\/\/saiga.es\/wp-content\/uploads\/2025\/09\/Curane-Evo.jpg","contentUrl":"https:\/\/saiga.es\/wp-content\/uploads\/2025\/09\/Curane-Evo.jpg","width":1080,"height":1080,"caption":"Curane Evo"},{"@type":"BreadcrumbList","@id":"https:\/\/saiga.es\/es\/producto\/curane-evo-fungicida-sistemico\/#breadcrumb","itemListElement":[{"@type":"ListItem","position":1,"name":"Inici","item":"https:\/\/saiga.es\/es\/"},{"@type":"ListItem","position":2,"name":"Tienda","item":"https:\/\/saiga.es\/es\/tienda\/"},{"@type":"ListItem","position":3,"name":"Curane Evo Fungicida Sist\u00e9mico"}]},{"@type":"WebSite","@id":"https:\/\/saiga.es\/es\/#website","url":"https:\/\/saiga.es\/es\/","name":"SAIGA","description":"M\u00e9s de 50 anys al servei de la terra i treballant per a un \u00fas eficient de l\u2019aigua!","publisher":{"@id":"https:\/\/saiga.es\/es\/#organization"},"potentialAction":[{"@type":"SearchAction","target":{"@type":"EntryPoint","urlTemplate":"https:\/\/saiga.es\/es\/?s={search_term_string}"},"query-input":{"@type":"PropertyValueSpecification","valueRequired":true,"valueName":"search_term_string"}}],"inLanguage":"es"},{"@type":"Organization","@id":"https:\/\/saiga.es\/es\/#organization","name":"SAIGA","url":"https:\/\/saiga.es\/es\/","logo":{"@type":"ImageObject","inLanguage":"es","@id":"https:\/\/saiga.es\/es\/#\/schema\/logo\/image\/","url":"https:\/\/saiga.es\/wp-content\/uploads\/2025\/07\/logo_saiga_baseline_optimitzat.svg","contentUrl":"https:\/\/saiga.es\/wp-content\/uploads\/2025\/07\/logo_saiga_baseline_optimitzat.svg","caption":"SAIGA"},"image":{"@id":"https:\/\/saiga.es\/es\/#\/schema\/logo\/image\/"},"sameAs":["https:\/\/x.com\/saiga_agro","https:\/\/www.instagram.com\/saiga_agro\/"]}]}},"_links":{"self":[{"href":"https:\/\/saiga.es\/es\/wp-json\/wp\/v2\/product\/16798","targetHints":{"allow":["GET"]}}],"collection":[{"href":"https:\/\/saiga.es\/es\/wp-json\/wp\/v2\/product"}],"about":[{"href":"https:\/\/saiga.es\/es\/wp-json\/wp\/v2\/types\/product"}],"replies":[{"embeddable":true,"href":"https:\/\/saiga.es\/es\/wp-json\/wp\/v2\/comments?post=16798"}],"wp:featuredmedia":[{"embeddable":true,"href":"https:\/\/saiga.es\/es\/wp-json\/wp\/v2\/media\/16796"}],"wp:attachment":[{"href":"https:\/\/saiga.es\/es\/wp-json\/wp\/v2\/media?parent=16798"}],"wp:term":[{"taxonomy":"product_brand","embeddable":true,"href":"https:\/\/saiga.es\/es\/wp-json\/wp\/v2\/product_brand?post=16798"},{"taxonomy":"product_cat","embeddable":true,"href":"https:\/\/saiga.es\/es\/wp-json\/wp\/v2\/product_cat?post=16798"},{"taxonomy":"product_tag","embeddable":true,"href":"https:\/\/saiga.es\/es\/wp-json\/wp\/v2\/product_tag?post=16798"}],"curies":[{"name":"wp","href":"https:\/\/api.w.org\/{rel}","templated":true}]}}