{"id":16844,"date":"2025-09-30T07:12:42","date_gmt":"2025-09-30T07:12:42","guid":{"rendered":"https:\/\/saiga.es\/producte\/pantalones-de-trabajo-slick-de-kapriol\/"},"modified":"2025-09-30T07:12:42","modified_gmt":"2025-09-30T07:12:42","slug":"pantalones-de-trabajo-slick-de-kapriol","status":"publish","type":"product","link":"https:\/\/saiga.es\/es\/producto\/pantalones-de-trabajo-slick-de-kapriol\/","title":{"rendered":"Pantalones de trabajo Slick de Kapriol"},"content":{"rendered":"<p data-start=\"264\" data-end=\"588\">Los pantalones t\u00e9cnicos de trabajo Slick est\u00e1n dise\u00f1ados para profesionales que trabajan al aire libre y necesitan una prenda robusta, c\u00f3moda y funcional. Fabricado con materiales de alta resistencia y dise\u00f1ado con m\u00faltiples bolsillos y refuerzos, este pantal\u00f3n ofrece durabilidad y comodidad en las condiciones exigentes del d\u00eda a d\u00eda. <\/p>\n<p data-start=\"590\" data-end=\"621\">Caracter\u00edsticas destacadas<\/p>\n<p>-Multi-bolsillos: dos amplios bolsillos delanteros con fuelle, bolsillos con solapa y fuelle, bolsillo para herramientas y tel\u00e9fono, y bolsillos para rodilleras.<br \/>\n-Refuerzos: refuerzos posteriores en la parte inferior de la pierna para aumentar la resistencia y proteger zonas vulnerables.<br \/>\n-Cintura el\u00e1stica: proporciona un ajuste c\u00f3modo y adaptaci\u00f3n al movimiento.<br \/>\n-Tejido t\u00e9cnico: composici\u00f3n de 65% poli\u00e9ster \/ 32% algod\u00f3n \/ 3% elastano, con un peso de 260 g\/m, que combina resistencia y flexibilidad.<br \/>\n-Refuerzos: 100% poli\u00e9ster en zonas de mayor desgaste.<br \/>\n-Tecnolog\u00eda Kflex HD: tejidos de textura flexible (sin elastano) que aseguran estabilidad, robustez y confort durante el uso continuado.<\/p>\n<p data-start=\"1547\" data-end=\"1565\">Rendimiento y uso<\/p>\n<p data-start=\"1711\" data-end=\"1952\">En primer lugar, ofrece alta durabilidad gracias a las costuras reforzadas y la resistencia al lavado a altas temperaturas. Adem\u00e1s, su ajuste Regular Fit evita que el pantal\u00f3n se caiga al agacharse y garantiza libertad de movimiento. <\/p>\n<p data-start=\"1954\" data-end=\"2149\">Finalmente, la gama de tallas en la web desde la M hasta la XXXL permite adaptar el pantal\u00f3n a cualquier necesidad profesional o estilo.<\/p>\n","protected":false},"excerpt":{"rendered":"<p>Los pantalones t\u00e9cnicos de trabajo Slick est\u00e1n dise\u00f1ados para profesionales que trabajan al aire libre y necesitan una prenda robusta, c\u00f3moda y funcional. Fabricado con materiales de alta resistencia y dise\u00f1ado con m\u00faltiples bolsillos y refuerzos, este pantal\u00f3n ofrece durabilidad y comodidad en las condiciones exigentes del d\u00eda a d\u00eda. <\/p>\n","protected":false},"featured_media":16832,"comment_status":"open","ping_status":"closed","template":"","meta":[],"product_brand":[2271],"product_cat":[2310],"product_tag":[],"class_list":{"0":"post-16844","1":"product","2":"type-product","3":"status-publish","4":"has-post-thumbnail","6":"product_brand-kapriol","7":"product_cat-pantalones-de-trabajo","9":"first","10":"instock","11":"taxable","12":"shipping-taxable","13":"purchasable","14":"product-type-variable"},"yoast_head":"<!-- This site is optimized with the Yoast SEO plugin v27.4 - https:\/\/yoast.com\/product\/yoast-seo-wordpress\/ -->\n<title>Pantalones de trabajo Slick de Kapriol | SAIGA<\/title>\n<meta name=\"description\" content=\"Pantalones Slick Kapriol: robustos, vers\u00e1tiles. Multi-bolsillos, refuerzos, Kflex HD, ajuste regular.\" \/>\n<meta name=\"robots\" content=\"index, follow, max-snippet:-1, max-image-preview:large, max-video-preview:-1\" \/>\n<link rel=\"canonical\" href=\"https:\/\/saiga.es\/es\/producto\/pantalones-de-trabajo-slick-de-kapriol\/\" \/>\n<meta property=\"og:locale\" content=\"es_ES\" \/>\n<meta property=\"og:type\" content=\"article\" \/>\n<meta property=\"og:title\" content=\"Pantalones de trabajo Slick de Kapriol | SAIGA\" \/>\n<meta property=\"og:description\" content=\"Pantalones Slick Kapriol: robustos, vers\u00e1tiles. Multi-bolsillos, refuerzos, Kflex HD, ajuste regular.\" \/>\n<meta property=\"og:url\" content=\"https:\/\/saiga.es\/es\/producto\/pantalones-de-trabajo-slick-de-kapriol\/\" \/>\n<meta property=\"og:site_name\" content=\"SAIGA\" \/>\n<meta property=\"og:image\" content=\"https:\/\/saiga.es\/wp-content\/uploads\/2025\/09\/Pantalons-de-treball-Slick.jpg\" \/>\n\t<meta property=\"og:image:width\" content=\"1080\" \/>\n\t<meta property=\"og:image:height\" content=\"1080\" \/>\n\t<meta property=\"og:image:type\" content=\"image\/jpeg\" \/>\n<meta name=\"twitter:card\" content=\"summary_large_image\" \/>\n<meta name=\"twitter:site\" content=\"@saiga_agro\" \/>\n<meta name=\"twitter:label1\" content=\"Tiempo de lectura\" \/>\n\t<meta name=\"twitter:data1\" content=\"1 minuto\" \/>\n<script type=\"application\/ld+json\" class=\"yoast-schema-graph\">{\"@context\":\"https:\\\/\\\/schema.org\",\"@graph\":[{\"@type\":\"WebPage\",\"@id\":\"https:\\\/\\\/saiga.es\\\/es\\\/producto\\\/pantalones-de-trabajo-slick-de-kapriol\\\/\",\"url\":\"https:\\\/\\\/saiga.es\\\/es\\\/producto\\\/pantalones-de-trabajo-slick-de-kapriol\\\/\",\"name\":\"Pantalones de trabajo Slick de Kapriol | SAIGA\",\"isPartOf\":{\"@id\":\"https:\\\/\\\/saiga.es\\\/es\\\/#website\"},\"primaryImageOfPage\":{\"@id\":\"https:\\\/\\\/saiga.es\\\/es\\\/producto\\\/pantalones-de-trabajo-slick-de-kapriol\\\/#primaryimage\"},\"image\":{\"@id\":\"https:\\\/\\\/saiga.es\\\/es\\\/producto\\\/pantalones-de-trabajo-slick-de-kapriol\\\/#primaryimage\"},\"thumbnailUrl\":\"https:\\\/\\\/saiga.es\\\/wp-content\\\/uploads\\\/2025\\\/09\\\/Pantalons-de-treball-Slick.jpg\",\"datePublished\":\"2025-09-30T07:12:42+00:00\",\"description\":\"Pantalones Slick Kapriol: robustos, vers\u00e1tiles. Multi-bolsillos, refuerzos, Kflex HD, ajuste regular.\",\"breadcrumb\":{\"@id\":\"https:\\\/\\\/saiga.es\\\/es\\\/producto\\\/pantalones-de-trabajo-slick-de-kapriol\\\/#breadcrumb\"},\"inLanguage\":\"es\",\"potentialAction\":[{\"@type\":\"ReadAction\",\"target\":[\"https:\\\/\\\/saiga.es\\\/es\\\/producto\\\/pantalones-de-trabajo-slick-de-kapriol\\\/\"]}]},{\"@type\":\"ImageObject\",\"inLanguage\":\"es\",\"@id\":\"https:\\\/\\\/saiga.es\\\/es\\\/producto\\\/pantalones-de-trabajo-slick-de-kapriol\\\/#primaryimage\",\"url\":\"https:\\\/\\\/saiga.es\\\/wp-content\\\/uploads\\\/2025\\\/09\\\/Pantalons-de-treball-Slick.jpg\",\"contentUrl\":\"https:\\\/\\\/saiga.es\\\/wp-content\\\/uploads\\\/2025\\\/09\\\/Pantalons-de-treball-Slick.jpg\",\"width\":1080,\"height\":1080,\"caption\":\"Pantalones de trabajo Slick\"},{\"@type\":\"BreadcrumbList\",\"@id\":\"https:\\\/\\\/saiga.es\\\/es\\\/producto\\\/pantalones-de-trabajo-slick-de-kapriol\\\/#breadcrumb\",\"itemListElement\":[{\"@type\":\"ListItem\",\"position\":1,\"name\":\"Inici\",\"item\":\"https:\\\/\\\/saiga.es\\\/es\\\/\"},{\"@type\":\"ListItem\",\"position\":2,\"name\":\"Tienda\",\"item\":\"https:\\\/\\\/saiga.es\\\/es\\\/tienda\\\/\"},{\"@type\":\"ListItem\",\"position\":3,\"name\":\"Pantalones de trabajo Slick de Kapriol\"}]},{\"@type\":\"WebSite\",\"@id\":\"https:\\\/\\\/saiga.es\\\/es\\\/#website\",\"url\":\"https:\\\/\\\/saiga.es\\\/es\\\/\",\"name\":\"SAIGA\",\"description\":\"M\u00e9s de 50 anys al servei de la terra i treballant per a un \u00fas eficient de l\u2019aigua!\",\"publisher\":{\"@id\":\"https:\\\/\\\/saiga.es\\\/es\\\/#organization\"},\"potentialAction\":[{\"@type\":\"SearchAction\",\"target\":{\"@type\":\"EntryPoint\",\"urlTemplate\":\"https:\\\/\\\/saiga.es\\\/es\\\/?s={search_term_string}\"},\"query-input\":{\"@type\":\"PropertyValueSpecification\",\"valueRequired\":true,\"valueName\":\"search_term_string\"}}],\"inLanguage\":\"es\"},{\"@type\":\"Organization\",\"@id\":\"https:\\\/\\\/saiga.es\\\/es\\\/#organization\",\"name\":\"SAIGA\",\"url\":\"https:\\\/\\\/saiga.es\\\/es\\\/\",\"logo\":{\"@type\":\"ImageObject\",\"inLanguage\":\"es\",\"@id\":\"https:\\\/\\\/saiga.es\\\/es\\\/#\\\/schema\\\/logo\\\/image\\\/\",\"url\":\"https:\\\/\\\/saiga.es\\\/wp-content\\\/uploads\\\/2025\\\/07\\\/logo_saiga_baseline_optimitzat.svg\",\"contentUrl\":\"https:\\\/\\\/saiga.es\\\/wp-content\\\/uploads\\\/2025\\\/07\\\/logo_saiga_baseline_optimitzat.svg\",\"caption\":\"SAIGA\"},\"image\":{\"@id\":\"https:\\\/\\\/saiga.es\\\/es\\\/#\\\/schema\\\/logo\\\/image\\\/\"},\"sameAs\":[\"https:\\\/\\\/x.com\\\/saiga_agro\",\"https:\\\/\\\/www.instagram.com\\\/saiga_agro\\\/\"]}]}<\/script>\n<!-- \/ Yoast SEO plugin. -->","yoast_head_json":{"title":"Pantalones de trabajo Slick de Kapriol | SAIGA","description":"Pantalones Slick Kapriol: robustos, vers\u00e1tiles. Multi-bolsillos, refuerzos, Kflex HD, ajuste regular.","robots":{"index":"index","follow":"follow","max-snippet":"max-snippet:-1","max-image-preview":"max-image-preview:large","max-video-preview":"max-video-preview:-1"},"canonical":"https:\/\/saiga.es\/es\/producto\/pantalones-de-trabajo-slick-de-kapriol\/","og_locale":"es_ES","og_type":"article","og_title":"Pantalones de trabajo Slick de Kapriol | SAIGA","og_description":"Pantalones Slick Kapriol: robustos, vers\u00e1tiles. Multi-bolsillos, refuerzos, Kflex HD, ajuste regular.","og_url":"https:\/\/saiga.es\/es\/producto\/pantalones-de-trabajo-slick-de-kapriol\/","og_site_name":"SAIGA","og_image":[{"width":1080,"height":1080,"url":"https:\/\/saiga.es\/wp-content\/uploads\/2025\/09\/Pantalons-de-treball-Slick.jpg","type":"image\/jpeg"}],"twitter_card":"summary_large_image","twitter_site":"@saiga_agro","twitter_misc":{"Tiempo de lectura":"1 minuto"},"schema":{"@context":"https:\/\/schema.org","@graph":[{"@type":"WebPage","@id":"https:\/\/saiga.es\/es\/producto\/pantalones-de-trabajo-slick-de-kapriol\/","url":"https:\/\/saiga.es\/es\/producto\/pantalones-de-trabajo-slick-de-kapriol\/","name":"Pantalones de trabajo Slick de Kapriol | SAIGA","isPartOf":{"@id":"https:\/\/saiga.es\/es\/#website"},"primaryImageOfPage":{"@id":"https:\/\/saiga.es\/es\/producto\/pantalones-de-trabajo-slick-de-kapriol\/#primaryimage"},"image":{"@id":"https:\/\/saiga.es\/es\/producto\/pantalones-de-trabajo-slick-de-kapriol\/#primaryimage"},"thumbnailUrl":"https:\/\/saiga.es\/wp-content\/uploads\/2025\/09\/Pantalons-de-treball-Slick.jpg","datePublished":"2025-09-30T07:12:42+00:00","description":"Pantalones Slick Kapriol: robustos, vers\u00e1tiles. Multi-bolsillos, refuerzos, Kflex HD, ajuste regular.","breadcrumb":{"@id":"https:\/\/saiga.es\/es\/producto\/pantalones-de-trabajo-slick-de-kapriol\/#breadcrumb"},"inLanguage":"es","potentialAction":[{"@type":"ReadAction","target":["https:\/\/saiga.es\/es\/producto\/pantalones-de-trabajo-slick-de-kapriol\/"]}]},{"@type":"ImageObject","inLanguage":"es","@id":"https:\/\/saiga.es\/es\/producto\/pantalones-de-trabajo-slick-de-kapriol\/#primaryimage","url":"https:\/\/saiga.es\/wp-content\/uploads\/2025\/09\/Pantalons-de-treball-Slick.jpg","contentUrl":"https:\/\/saiga.es\/wp-content\/uploads\/2025\/09\/Pantalons-de-treball-Slick.jpg","width":1080,"height":1080,"caption":"Pantalones de trabajo Slick"},{"@type":"BreadcrumbList","@id":"https:\/\/saiga.es\/es\/producto\/pantalones-de-trabajo-slick-de-kapriol\/#breadcrumb","itemListElement":[{"@type":"ListItem","position":1,"name":"Inici","item":"https:\/\/saiga.es\/es\/"},{"@type":"ListItem","position":2,"name":"Tienda","item":"https:\/\/saiga.es\/es\/tienda\/"},{"@type":"ListItem","position":3,"name":"Pantalones de trabajo Slick de Kapriol"}]},{"@type":"WebSite","@id":"https:\/\/saiga.es\/es\/#website","url":"https:\/\/saiga.es\/es\/","name":"SAIGA","description":"M\u00e9s de 50 anys al servei de la terra i treballant per a un \u00fas eficient de l\u2019aigua!","publisher":{"@id":"https:\/\/saiga.es\/es\/#organization"},"potentialAction":[{"@type":"SearchAction","target":{"@type":"EntryPoint","urlTemplate":"https:\/\/saiga.es\/es\/?s={search_term_string}"},"query-input":{"@type":"PropertyValueSpecification","valueRequired":true,"valueName":"search_term_string"}}],"inLanguage":"es"},{"@type":"Organization","@id":"https:\/\/saiga.es\/es\/#organization","name":"SAIGA","url":"https:\/\/saiga.es\/es\/","logo":{"@type":"ImageObject","inLanguage":"es","@id":"https:\/\/saiga.es\/es\/#\/schema\/logo\/image\/","url":"https:\/\/saiga.es\/wp-content\/uploads\/2025\/07\/logo_saiga_baseline_optimitzat.svg","contentUrl":"https:\/\/saiga.es\/wp-content\/uploads\/2025\/07\/logo_saiga_baseline_optimitzat.svg","caption":"SAIGA"},"image":{"@id":"https:\/\/saiga.es\/es\/#\/schema\/logo\/image\/"},"sameAs":["https:\/\/x.com\/saiga_agro","https:\/\/www.instagram.com\/saiga_agro\/"]}]}},"_links":{"self":[{"href":"https:\/\/saiga.es\/es\/wp-json\/wp\/v2\/product\/16844","targetHints":{"allow":["GET"]}}],"collection":[{"href":"https:\/\/saiga.es\/es\/wp-json\/wp\/v2\/product"}],"about":[{"href":"https:\/\/saiga.es\/es\/wp-json\/wp\/v2\/types\/product"}],"replies":[{"embeddable":true,"href":"https:\/\/saiga.es\/es\/wp-json\/wp\/v2\/comments?post=16844"}],"wp:featuredmedia":[{"embeddable":true,"href":"https:\/\/saiga.es\/es\/wp-json\/wp\/v2\/media\/16832"}],"wp:attachment":[{"href":"https:\/\/saiga.es\/es\/wp-json\/wp\/v2\/media?parent=16844"}],"wp:term":[{"taxonomy":"product_brand","embeddable":true,"href":"https:\/\/saiga.es\/es\/wp-json\/wp\/v2\/product_brand?post=16844"},{"taxonomy":"product_cat","embeddable":true,"href":"https:\/\/saiga.es\/es\/wp-json\/wp\/v2\/product_cat?post=16844"},{"taxonomy":"product_tag","embeddable":true,"href":"https:\/\/saiga.es\/es\/wp-json\/wp\/v2\/product_tag?post=16844"}],"curies":[{"name":"wp","href":"https:\/\/api.w.org\/{rel}","templated":true}]}}