{"id":17100,"date":"2025-10-14T07:38:58","date_gmt":"2025-10-14T07:38:58","guid":{"rendered":"https:\/\/saiga.es\/producte\/tijera-arvipo-ps32\/"},"modified":"2025-10-14T07:38:58","modified_gmt":"2025-10-14T07:38:58","slug":"tijera-arvipo-ps32","status":"publish","type":"product","link":"https:\/\/saiga.es\/es\/producto\/tijera-arvipo-ps32\/","title":{"rendered":"Tijera Arvipo PS32"},"content":{"rendered":"<div class=\"text-blue\">\n<p>El ARVIPO PS32 EVO2 incorpora una electr\u00f3nica de \u00faltima generaci\u00f3n que le confiere una velocidad excepcional y un exquisito tacto en la funci\u00f3n de movimiento en progresivo.<\/p>\n<p>Esto se traduce en una herramienta de manejo de nivel superior que alcanza unos l\u00edmites cada vez m\u00e1s insuperables.<\/p>\n<p>Cabe destacar la novedad de la regulaci\u00f3n por software del cruce de la hoja en la posici\u00f3n de cierre. Esto permite ajustar tanto la calidad del corte como el aprovechamiento de la hoja.<\/p>\n<p>Precio: <strong>25 \u20ac <\/strong>\/ d\u00eda (IVA no incl.)<\/p>\n<p>Recogida en las tiendas de Santa Llogaia d&#8217;\u00c0lguema y Girona.<\/p>\n<p><a href=\"https:\/\/saiga.es\/es\/contacto\/\">M\u00e1s informaci\u00f3n sobre el alquiler<\/a><\/p>\n<\/div>\n","protected":false},"excerpt":{"rendered":"<p>El ARVIPO PS32 EVO2 incorpora una electr\u00f3nica de \u00faltima generaci\u00f3n que le confiere una velocidad excepcional y un exquisito tacto en la funci\u00f3n de movimiento en progresivo. Esto se traduce en una herramienta de manejo de nivel superior que alcanza unos l\u00edmites cada vez m\u00e1s insuperables. Cabe destacar la novedad de la regulaci\u00f3n por software&#8230;<\/p>\n","protected":false},"featured_media":17046,"comment_status":"open","ping_status":"closed","template":"","meta":[],"product_brand":[],"product_cat":[2316],"product_tag":[],"class_list":{"0":"post-17100","1":"product","2":"type-product","3":"status-publish","4":"has-post-thumbnail","6":"product_cat-alquiler-de-maquinaria","8":"first","9":"instock","10":"taxable","11":"shipping-taxable","12":"product-type-simple"},"yoast_head":"<!-- This site is optimized with the Yoast SEO plugin v27.5 - https:\/\/yoast.com\/product\/yoast-seo-wordpress\/ -->\n<title>Tijera Arvipo PS32 | SAIGA<\/title>\n<meta name=\"robots\" content=\"index, follow, max-snippet:-1, max-image-preview:large, max-video-preview:-1\" \/>\n<link rel=\"canonical\" href=\"https:\/\/saiga.es\/es\/producto\/tijera-arvipo-ps32\/\" \/>\n<meta property=\"og:locale\" content=\"es_ES\" \/>\n<meta property=\"og:type\" content=\"article\" \/>\n<meta property=\"og:title\" content=\"Tijera Arvipo PS32 | SAIGA\" \/>\n<meta property=\"og:description\" content=\"El ARVIPO PS32 EVO2 incorpora una electr\u00f3nica de \u00faltima generaci\u00f3n que le confiere una velocidad excepcional y un exquisito tacto en la funci\u00f3n de movimiento en progresivo. Esto se traduce en una herramienta de manejo de nivel superior que alcanza unos l\u00edmites cada vez m\u00e1s insuperables. Cabe destacar la novedad de la regulaci\u00f3n por software...\" \/>\n<meta property=\"og:url\" content=\"https:\/\/saiga.es\/es\/producto\/tijera-arvipo-ps32\/\" \/>\n<meta property=\"og:site_name\" content=\"SAIGA\" \/>\n<meta property=\"og:image\" content=\"https:\/\/saiga.es\/wp-content\/uploads\/2025\/10\/TisoraArvipoPS32.png\" \/>\n\t<meta property=\"og:image:width\" content=\"400\" \/>\n\t<meta property=\"og:image:height\" content=\"400\" \/>\n\t<meta property=\"og:image:type\" content=\"image\/png\" \/>\n<meta name=\"twitter:card\" content=\"summary_large_image\" \/>\n<meta name=\"twitter:site\" content=\"@saiga_agro\" \/>\n<meta name=\"twitter:label1\" content=\"Tiempo de lectura\" \/>\n\t<meta name=\"twitter:data1\" content=\"1 minuto\" \/>\n<script type=\"application\/ld+json\" class=\"yoast-schema-graph\">{\"@context\":\"https:\\\/\\\/schema.org\",\"@graph\":[{\"@type\":\"WebPage\",\"@id\":\"https:\\\/\\\/saiga.es\\\/es\\\/producto\\\/tijera-arvipo-ps32\\\/\",\"url\":\"https:\\\/\\\/saiga.es\\\/es\\\/producto\\\/tijera-arvipo-ps32\\\/\",\"name\":\"Tijera Arvipo PS32 | SAIGA\",\"isPartOf\":{\"@id\":\"https:\\\/\\\/saiga.es\\\/es\\\/#website\"},\"primaryImageOfPage\":{\"@id\":\"https:\\\/\\\/saiga.es\\\/es\\\/producto\\\/tijera-arvipo-ps32\\\/#primaryimage\"},\"image\":{\"@id\":\"https:\\\/\\\/saiga.es\\\/es\\\/producto\\\/tijera-arvipo-ps32\\\/#primaryimage\"},\"thumbnailUrl\":\"https:\\\/\\\/saiga.es\\\/wp-content\\\/uploads\\\/2025\\\/10\\\/TisoraArvipoPS32.png\",\"datePublished\":\"2025-10-14T07:38:58+00:00\",\"breadcrumb\":{\"@id\":\"https:\\\/\\\/saiga.es\\\/es\\\/producto\\\/tijera-arvipo-ps32\\\/#breadcrumb\"},\"inLanguage\":\"es\",\"potentialAction\":[{\"@type\":\"ReadAction\",\"target\":[\"https:\\\/\\\/saiga.es\\\/es\\\/producto\\\/tijera-arvipo-ps32\\\/\"]}]},{\"@type\":\"ImageObject\",\"inLanguage\":\"es\",\"@id\":\"https:\\\/\\\/saiga.es\\\/es\\\/producto\\\/tijera-arvipo-ps32\\\/#primaryimage\",\"url\":\"https:\\\/\\\/saiga.es\\\/wp-content\\\/uploads\\\/2025\\\/10\\\/TisoraArvipoPS32.png\",\"contentUrl\":\"https:\\\/\\\/saiga.es\\\/wp-content\\\/uploads\\\/2025\\\/10\\\/TisoraArvipoPS32.png\",\"width\":400,\"height\":400},{\"@type\":\"BreadcrumbList\",\"@id\":\"https:\\\/\\\/saiga.es\\\/es\\\/producto\\\/tijera-arvipo-ps32\\\/#breadcrumb\",\"itemListElement\":[{\"@type\":\"ListItem\",\"position\":1,\"name\":\"Inici\",\"item\":\"https:\\\/\\\/saiga.es\\\/es\\\/\"},{\"@type\":\"ListItem\",\"position\":2,\"name\":\"Tienda\",\"item\":\"https:\\\/\\\/saiga.es\\\/es\\\/tienda\\\/\"},{\"@type\":\"ListItem\",\"position\":3,\"name\":\"Tijera Arvipo PS32\"}]},{\"@type\":\"WebSite\",\"@id\":\"https:\\\/\\\/saiga.es\\\/es\\\/#website\",\"url\":\"https:\\\/\\\/saiga.es\\\/es\\\/\",\"name\":\"SAIGA\",\"description\":\"M\u00e9s de 50 anys al servei de la terra i treballant per a un \u00fas eficient de l\u2019aigua!\",\"publisher\":{\"@id\":\"https:\\\/\\\/saiga.es\\\/es\\\/#organization\"},\"potentialAction\":[{\"@type\":\"SearchAction\",\"target\":{\"@type\":\"EntryPoint\",\"urlTemplate\":\"https:\\\/\\\/saiga.es\\\/es\\\/?s={search_term_string}\"},\"query-input\":{\"@type\":\"PropertyValueSpecification\",\"valueRequired\":true,\"valueName\":\"search_term_string\"}}],\"inLanguage\":\"es\"},{\"@type\":\"Organization\",\"@id\":\"https:\\\/\\\/saiga.es\\\/es\\\/#organization\",\"name\":\"SAIGA\",\"url\":\"https:\\\/\\\/saiga.es\\\/es\\\/\",\"logo\":{\"@type\":\"ImageObject\",\"inLanguage\":\"es\",\"@id\":\"https:\\\/\\\/saiga.es\\\/es\\\/#\\\/schema\\\/logo\\\/image\\\/\",\"url\":\"https:\\\/\\\/saiga.es\\\/wp-content\\\/uploads\\\/2025\\\/07\\\/logo_saiga_baseline_optimitzat.svg\",\"contentUrl\":\"https:\\\/\\\/saiga.es\\\/wp-content\\\/uploads\\\/2025\\\/07\\\/logo_saiga_baseline_optimitzat.svg\",\"caption\":\"SAIGA\"},\"image\":{\"@id\":\"https:\\\/\\\/saiga.es\\\/es\\\/#\\\/schema\\\/logo\\\/image\\\/\"},\"sameAs\":[\"https:\\\/\\\/x.com\\\/saiga_agro\",\"https:\\\/\\\/www.instagram.com\\\/saiga_agro\\\/\"]}]}<\/script>\n<!-- \/ Yoast SEO plugin. -->","yoast_head_json":{"title":"Tijera Arvipo PS32 | SAIGA","robots":{"index":"index","follow":"follow","max-snippet":"max-snippet:-1","max-image-preview":"max-image-preview:large","max-video-preview":"max-video-preview:-1"},"canonical":"https:\/\/saiga.es\/es\/producto\/tijera-arvipo-ps32\/","og_locale":"es_ES","og_type":"article","og_title":"Tijera Arvipo PS32 | SAIGA","og_description":"El ARVIPO PS32 EVO2 incorpora una electr\u00f3nica de \u00faltima generaci\u00f3n que le confiere una velocidad excepcional y un exquisito tacto en la funci\u00f3n de movimiento en progresivo. Esto se traduce en una herramienta de manejo de nivel superior que alcanza unos l\u00edmites cada vez m\u00e1s insuperables. Cabe destacar la novedad de la regulaci\u00f3n por software...","og_url":"https:\/\/saiga.es\/es\/producto\/tijera-arvipo-ps32\/","og_site_name":"SAIGA","og_image":[{"width":400,"height":400,"url":"https:\/\/saiga.es\/wp-content\/uploads\/2025\/10\/TisoraArvipoPS32.png","type":"image\/png"}],"twitter_card":"summary_large_image","twitter_site":"@saiga_agro","twitter_misc":{"Tiempo de lectura":"1 minuto"},"schema":{"@context":"https:\/\/schema.org","@graph":[{"@type":"WebPage","@id":"https:\/\/saiga.es\/es\/producto\/tijera-arvipo-ps32\/","url":"https:\/\/saiga.es\/es\/producto\/tijera-arvipo-ps32\/","name":"Tijera Arvipo PS32 | SAIGA","isPartOf":{"@id":"https:\/\/saiga.es\/es\/#website"},"primaryImageOfPage":{"@id":"https:\/\/saiga.es\/es\/producto\/tijera-arvipo-ps32\/#primaryimage"},"image":{"@id":"https:\/\/saiga.es\/es\/producto\/tijera-arvipo-ps32\/#primaryimage"},"thumbnailUrl":"https:\/\/saiga.es\/wp-content\/uploads\/2025\/10\/TisoraArvipoPS32.png","datePublished":"2025-10-14T07:38:58+00:00","breadcrumb":{"@id":"https:\/\/saiga.es\/es\/producto\/tijera-arvipo-ps32\/#breadcrumb"},"inLanguage":"es","potentialAction":[{"@type":"ReadAction","target":["https:\/\/saiga.es\/es\/producto\/tijera-arvipo-ps32\/"]}]},{"@type":"ImageObject","inLanguage":"es","@id":"https:\/\/saiga.es\/es\/producto\/tijera-arvipo-ps32\/#primaryimage","url":"https:\/\/saiga.es\/wp-content\/uploads\/2025\/10\/TisoraArvipoPS32.png","contentUrl":"https:\/\/saiga.es\/wp-content\/uploads\/2025\/10\/TisoraArvipoPS32.png","width":400,"height":400},{"@type":"BreadcrumbList","@id":"https:\/\/saiga.es\/es\/producto\/tijera-arvipo-ps32\/#breadcrumb","itemListElement":[{"@type":"ListItem","position":1,"name":"Inici","item":"https:\/\/saiga.es\/es\/"},{"@type":"ListItem","position":2,"name":"Tienda","item":"https:\/\/saiga.es\/es\/tienda\/"},{"@type":"ListItem","position":3,"name":"Tijera Arvipo PS32"}]},{"@type":"WebSite","@id":"https:\/\/saiga.es\/es\/#website","url":"https:\/\/saiga.es\/es\/","name":"SAIGA","description":"M\u00e9s de 50 anys al servei de la terra i treballant per a un \u00fas eficient de l\u2019aigua!","publisher":{"@id":"https:\/\/saiga.es\/es\/#organization"},"potentialAction":[{"@type":"SearchAction","target":{"@type":"EntryPoint","urlTemplate":"https:\/\/saiga.es\/es\/?s={search_term_string}"},"query-input":{"@type":"PropertyValueSpecification","valueRequired":true,"valueName":"search_term_string"}}],"inLanguage":"es"},{"@type":"Organization","@id":"https:\/\/saiga.es\/es\/#organization","name":"SAIGA","url":"https:\/\/saiga.es\/es\/","logo":{"@type":"ImageObject","inLanguage":"es","@id":"https:\/\/saiga.es\/es\/#\/schema\/logo\/image\/","url":"https:\/\/saiga.es\/wp-content\/uploads\/2025\/07\/logo_saiga_baseline_optimitzat.svg","contentUrl":"https:\/\/saiga.es\/wp-content\/uploads\/2025\/07\/logo_saiga_baseline_optimitzat.svg","caption":"SAIGA"},"image":{"@id":"https:\/\/saiga.es\/es\/#\/schema\/logo\/image\/"},"sameAs":["https:\/\/x.com\/saiga_agro","https:\/\/www.instagram.com\/saiga_agro\/"]}]}},"_links":{"self":[{"href":"https:\/\/saiga.es\/es\/wp-json\/wp\/v2\/product\/17100","targetHints":{"allow":["GET"]}}],"collection":[{"href":"https:\/\/saiga.es\/es\/wp-json\/wp\/v2\/product"}],"about":[{"href":"https:\/\/saiga.es\/es\/wp-json\/wp\/v2\/types\/product"}],"replies":[{"embeddable":true,"href":"https:\/\/saiga.es\/es\/wp-json\/wp\/v2\/comments?post=17100"}],"wp:featuredmedia":[{"embeddable":true,"href":"https:\/\/saiga.es\/es\/wp-json\/wp\/v2\/media\/17046"}],"wp:attachment":[{"href":"https:\/\/saiga.es\/es\/wp-json\/wp\/v2\/media?parent=17100"}],"wp:term":[{"taxonomy":"product_brand","embeddable":true,"href":"https:\/\/saiga.es\/es\/wp-json\/wp\/v2\/product_brand?post=17100"},{"taxonomy":"product_cat","embeddable":true,"href":"https:\/\/saiga.es\/es\/wp-json\/wp\/v2\/product_cat?post=17100"},{"taxonomy":"product_tag","embeddable":true,"href":"https:\/\/saiga.es\/es\/wp-json\/wp\/v2\/product_tag?post=17100"}],"curies":[{"name":"wp","href":"https:\/\/api.w.org\/{rel}","templated":true}]}}