{"id":17103,"date":"2025-10-14T07:35:13","date_gmt":"2025-10-14T07:35:13","guid":{"rendered":"https:\/\/saiga.es\/producte\/cortacesped-a-bateria-echo-eclm-58-v\/"},"modified":"2026-03-25T12:51:03","modified_gmt":"2026-03-25T12:51:03","slug":"cortacesped-a-bateria-echo-eclm-58-v","status":"publish","type":"product","link":"https:\/\/saiga.es\/es\/producto\/cortacesped-a-bateria-echo-eclm-58-v\/","title":{"rendered":"Cortac\u00e9sped HRN 536 VKE"},"content":{"rendered":"<div class=\"text-blue\">\n<p>Cortac\u00e9sped HONDA 536 VKE mOTOR GCVx170. Cortac\u00e9sped Honda HRN536 VKE muy f\u00e1cil de usar, autopropulsado, sistema de avance Smart Drive, mulching Versamow, est\u00e1rtero autom\u00e1tico, chasis de acero, excelente corte y recogida. <\/p>\n<p>Precio: <strong>35 \u20ac <\/strong>\/ d\u00eda (IVA no incl.)<\/p>\n<p>Recogida en las tiendas de Santa Llogaia d&#8217;\u00c0lguema y Girona.<\/p>\n<p><a href=\"https:\/\/saiga.es\/es\/contacto\/\">M\u00e1s informaci\u00f3n sobre el alquiler<\/a><\/p>\n<\/div>\n","protected":false},"excerpt":{"rendered":"<p>Cortac\u00e9sped HONDA 536 VKE mOTOR GCVx170. Cortac\u00e9sped Honda HRN536 VKE muy f\u00e1cil de usar, autopropulsado, sistema de avance Smart Drive, mulching Versamow, est\u00e1rtero autom\u00e1tico, chasis de acero, excelente corte y recogida. Precio: 35 \u20ac \/ d\u00eda (IVA no incl.) Recogida en las tiendas de Santa Llogaia d&#8217;\u00c0lguema y Girona. M\u00e1s informaci\u00f3n sobre el alquiler<\/p>\n","protected":false},"featured_media":18447,"comment_status":"closed","ping_status":"closed","template":"","meta":[],"product_brand":[],"product_cat":[2316],"product_tag":[],"class_list":{"0":"post-17103","1":"product","2":"type-product","3":"status-publish","4":"has-post-thumbnail","6":"product_cat-alquiler-de-maquinaria","8":"first","9":"instock","10":"taxable","11":"shipping-taxable","12":"product-type-simple"},"yoast_head":"<!-- This site is optimized with the Yoast SEO plugin v27.5 - https:\/\/yoast.com\/product\/yoast-seo-wordpress\/ -->\n<title>Cortac\u00e9sped HRN 536 VKE | SAIGA<\/title>\n<meta name=\"robots\" content=\"index, follow, max-snippet:-1, max-image-preview:large, max-video-preview:-1\" \/>\n<link rel=\"canonical\" href=\"https:\/\/saiga.es\/es\/producto\/cortacesped-a-bateria-echo-eclm-58-v\/\" \/>\n<meta property=\"og:locale\" content=\"es_ES\" \/>\n<meta property=\"og:type\" content=\"article\" \/>\n<meta property=\"og:title\" content=\"Cortac\u00e9sped HRN 536 VKE | SAIGA\" \/>\n<meta property=\"og:description\" content=\"Cortac\u00e9sped HONDA 536 VKE mOTOR GCVx170. Cortac\u00e9sped Honda HRN536 VKE muy f\u00e1cil de usar, autopropulsado, sistema de avance Smart Drive, mulching Versamow, est\u00e1rtero autom\u00e1tico, chasis de acero, excelente corte y recogida. Precio: 35 \u20ac \/ d\u00eda (IVA no incl.) Recogida en las tiendas de Santa Llogaia d&#8217;\u00c0lguema y Girona. M\u00e1s informaci\u00f3n sobre el alquiler\" \/>\n<meta property=\"og:url\" content=\"https:\/\/saiga.es\/es\/producto\/cortacesped-a-bateria-echo-eclm-58-v\/\" \/>\n<meta property=\"og:site_name\" content=\"SAIGA\" \/>\n<meta property=\"article:modified_time\" content=\"2026-03-25T12:51:03+00:00\" \/>\n<meta property=\"og:image\" content=\"https:\/\/saiga.es\/wp-content\/uploads\/2025\/10\/tallagespa.png\" \/>\n\t<meta property=\"og:image:width\" content=\"1080\" \/>\n\t<meta property=\"og:image:height\" content=\"1080\" \/>\n\t<meta property=\"og:image:type\" content=\"image\/png\" \/>\n<meta name=\"twitter:card\" content=\"summary_large_image\" \/>\n<meta name=\"twitter:site\" content=\"@saiga_agro\" \/>\n<script type=\"application\/ld+json\" class=\"yoast-schema-graph\">{\"@context\":\"https:\\\/\\\/schema.org\",\"@graph\":[{\"@type\":\"WebPage\",\"@id\":\"https:\\\/\\\/saiga.es\\\/es\\\/producto\\\/cortacesped-a-bateria-echo-eclm-58-v\\\/\",\"url\":\"https:\\\/\\\/saiga.es\\\/es\\\/producto\\\/cortacesped-a-bateria-echo-eclm-58-v\\\/\",\"name\":\"Cortac\u00e9sped HRN 536 VKE | SAIGA\",\"isPartOf\":{\"@id\":\"https:\\\/\\\/saiga.es\\\/es\\\/#website\"},\"primaryImageOfPage\":{\"@id\":\"https:\\\/\\\/saiga.es\\\/es\\\/producto\\\/cortacesped-a-bateria-echo-eclm-58-v\\\/#primaryimage\"},\"image\":{\"@id\":\"https:\\\/\\\/saiga.es\\\/es\\\/producto\\\/cortacesped-a-bateria-echo-eclm-58-v\\\/#primaryimage\"},\"thumbnailUrl\":\"https:\\\/\\\/saiga.es\\\/wp-content\\\/uploads\\\/2025\\\/10\\\/tallagespa.png\",\"datePublished\":\"2025-10-14T07:35:13+00:00\",\"dateModified\":\"2026-03-25T12:51:03+00:00\",\"breadcrumb\":{\"@id\":\"https:\\\/\\\/saiga.es\\\/es\\\/producto\\\/cortacesped-a-bateria-echo-eclm-58-v\\\/#breadcrumb\"},\"inLanguage\":\"es\",\"potentialAction\":[{\"@type\":\"ReadAction\",\"target\":[\"https:\\\/\\\/saiga.es\\\/es\\\/producto\\\/cortacesped-a-bateria-echo-eclm-58-v\\\/\"]}]},{\"@type\":\"ImageObject\",\"inLanguage\":\"es\",\"@id\":\"https:\\\/\\\/saiga.es\\\/es\\\/producto\\\/cortacesped-a-bateria-echo-eclm-58-v\\\/#primaryimage\",\"url\":\"https:\\\/\\\/saiga.es\\\/wp-content\\\/uploads\\\/2025\\\/10\\\/tallagespa.png\",\"contentUrl\":\"https:\\\/\\\/saiga.es\\\/wp-content\\\/uploads\\\/2025\\\/10\\\/tallagespa.png\",\"width\":1080,\"height\":1080,\"caption\":\"Cortac\u00e9sped\"},{\"@type\":\"BreadcrumbList\",\"@id\":\"https:\\\/\\\/saiga.es\\\/es\\\/producto\\\/cortacesped-a-bateria-echo-eclm-58-v\\\/#breadcrumb\",\"itemListElement\":[{\"@type\":\"ListItem\",\"position\":1,\"name\":\"Inici\",\"item\":\"https:\\\/\\\/saiga.es\\\/es\\\/\"},{\"@type\":\"ListItem\",\"position\":2,\"name\":\"Tienda\",\"item\":\"https:\\\/\\\/saiga.es\\\/es\\\/tienda\\\/\"},{\"@type\":\"ListItem\",\"position\":3,\"name\":\"Cortac\u00e9sped HRN 536 VKE\"}]},{\"@type\":\"WebSite\",\"@id\":\"https:\\\/\\\/saiga.es\\\/es\\\/#website\",\"url\":\"https:\\\/\\\/saiga.es\\\/es\\\/\",\"name\":\"SAIGA\",\"description\":\"M\u00e9s de 50 anys al servei de la terra i treballant per a un \u00fas eficient de l\u2019aigua!\",\"publisher\":{\"@id\":\"https:\\\/\\\/saiga.es\\\/es\\\/#organization\"},\"potentialAction\":[{\"@type\":\"SearchAction\",\"target\":{\"@type\":\"EntryPoint\",\"urlTemplate\":\"https:\\\/\\\/saiga.es\\\/es\\\/?s={search_term_string}\"},\"query-input\":{\"@type\":\"PropertyValueSpecification\",\"valueRequired\":true,\"valueName\":\"search_term_string\"}}],\"inLanguage\":\"es\"},{\"@type\":\"Organization\",\"@id\":\"https:\\\/\\\/saiga.es\\\/es\\\/#organization\",\"name\":\"SAIGA\",\"url\":\"https:\\\/\\\/saiga.es\\\/es\\\/\",\"logo\":{\"@type\":\"ImageObject\",\"inLanguage\":\"es\",\"@id\":\"https:\\\/\\\/saiga.es\\\/es\\\/#\\\/schema\\\/logo\\\/image\\\/\",\"url\":\"https:\\\/\\\/saiga.es\\\/wp-content\\\/uploads\\\/2025\\\/07\\\/logo_saiga_baseline_optimitzat.svg\",\"contentUrl\":\"https:\\\/\\\/saiga.es\\\/wp-content\\\/uploads\\\/2025\\\/07\\\/logo_saiga_baseline_optimitzat.svg\",\"caption\":\"SAIGA\"},\"image\":{\"@id\":\"https:\\\/\\\/saiga.es\\\/es\\\/#\\\/schema\\\/logo\\\/image\\\/\"},\"sameAs\":[\"https:\\\/\\\/x.com\\\/saiga_agro\",\"https:\\\/\\\/www.instagram.com\\\/saiga_agro\\\/\"]}]}<\/script>\n<!-- \/ Yoast SEO plugin. -->","yoast_head_json":{"title":"Cortac\u00e9sped HRN 536 VKE | SAIGA","robots":{"index":"index","follow":"follow","max-snippet":"max-snippet:-1","max-image-preview":"max-image-preview:large","max-video-preview":"max-video-preview:-1"},"canonical":"https:\/\/saiga.es\/es\/producto\/cortacesped-a-bateria-echo-eclm-58-v\/","og_locale":"es_ES","og_type":"article","og_title":"Cortac\u00e9sped HRN 536 VKE | SAIGA","og_description":"Cortac\u00e9sped HONDA 536 VKE mOTOR GCVx170. Cortac\u00e9sped Honda HRN536 VKE muy f\u00e1cil de usar, autopropulsado, sistema de avance Smart Drive, mulching Versamow, est\u00e1rtero autom\u00e1tico, chasis de acero, excelente corte y recogida. Precio: 35 \u20ac \/ d\u00eda (IVA no incl.) Recogida en las tiendas de Santa Llogaia d&#8217;\u00c0lguema y Girona. M\u00e1s informaci\u00f3n sobre el alquiler","og_url":"https:\/\/saiga.es\/es\/producto\/cortacesped-a-bateria-echo-eclm-58-v\/","og_site_name":"SAIGA","article_modified_time":"2026-03-25T12:51:03+00:00","og_image":[{"width":1080,"height":1080,"url":"https:\/\/saiga.es\/wp-content\/uploads\/2025\/10\/tallagespa.png","type":"image\/png"}],"twitter_card":"summary_large_image","twitter_site":"@saiga_agro","schema":{"@context":"https:\/\/schema.org","@graph":[{"@type":"WebPage","@id":"https:\/\/saiga.es\/es\/producto\/cortacesped-a-bateria-echo-eclm-58-v\/","url":"https:\/\/saiga.es\/es\/producto\/cortacesped-a-bateria-echo-eclm-58-v\/","name":"Cortac\u00e9sped HRN 536 VKE | SAIGA","isPartOf":{"@id":"https:\/\/saiga.es\/es\/#website"},"primaryImageOfPage":{"@id":"https:\/\/saiga.es\/es\/producto\/cortacesped-a-bateria-echo-eclm-58-v\/#primaryimage"},"image":{"@id":"https:\/\/saiga.es\/es\/producto\/cortacesped-a-bateria-echo-eclm-58-v\/#primaryimage"},"thumbnailUrl":"https:\/\/saiga.es\/wp-content\/uploads\/2025\/10\/tallagespa.png","datePublished":"2025-10-14T07:35:13+00:00","dateModified":"2026-03-25T12:51:03+00:00","breadcrumb":{"@id":"https:\/\/saiga.es\/es\/producto\/cortacesped-a-bateria-echo-eclm-58-v\/#breadcrumb"},"inLanguage":"es","potentialAction":[{"@type":"ReadAction","target":["https:\/\/saiga.es\/es\/producto\/cortacesped-a-bateria-echo-eclm-58-v\/"]}]},{"@type":"ImageObject","inLanguage":"es","@id":"https:\/\/saiga.es\/es\/producto\/cortacesped-a-bateria-echo-eclm-58-v\/#primaryimage","url":"https:\/\/saiga.es\/wp-content\/uploads\/2025\/10\/tallagespa.png","contentUrl":"https:\/\/saiga.es\/wp-content\/uploads\/2025\/10\/tallagespa.png","width":1080,"height":1080,"caption":"Cortac\u00e9sped"},{"@type":"BreadcrumbList","@id":"https:\/\/saiga.es\/es\/producto\/cortacesped-a-bateria-echo-eclm-58-v\/#breadcrumb","itemListElement":[{"@type":"ListItem","position":1,"name":"Inici","item":"https:\/\/saiga.es\/es\/"},{"@type":"ListItem","position":2,"name":"Tienda","item":"https:\/\/saiga.es\/es\/tienda\/"},{"@type":"ListItem","position":3,"name":"Cortac\u00e9sped HRN 536 VKE"}]},{"@type":"WebSite","@id":"https:\/\/saiga.es\/es\/#website","url":"https:\/\/saiga.es\/es\/","name":"SAIGA","description":"M\u00e9s de 50 anys al servei de la terra i treballant per a un \u00fas eficient de l\u2019aigua!","publisher":{"@id":"https:\/\/saiga.es\/es\/#organization"},"potentialAction":[{"@type":"SearchAction","target":{"@type":"EntryPoint","urlTemplate":"https:\/\/saiga.es\/es\/?s={search_term_string}"},"query-input":{"@type":"PropertyValueSpecification","valueRequired":true,"valueName":"search_term_string"}}],"inLanguage":"es"},{"@type":"Organization","@id":"https:\/\/saiga.es\/es\/#organization","name":"SAIGA","url":"https:\/\/saiga.es\/es\/","logo":{"@type":"ImageObject","inLanguage":"es","@id":"https:\/\/saiga.es\/es\/#\/schema\/logo\/image\/","url":"https:\/\/saiga.es\/wp-content\/uploads\/2025\/07\/logo_saiga_baseline_optimitzat.svg","contentUrl":"https:\/\/saiga.es\/wp-content\/uploads\/2025\/07\/logo_saiga_baseline_optimitzat.svg","caption":"SAIGA"},"image":{"@id":"https:\/\/saiga.es\/es\/#\/schema\/logo\/image\/"},"sameAs":["https:\/\/x.com\/saiga_agro","https:\/\/www.instagram.com\/saiga_agro\/"]}]}},"_links":{"self":[{"href":"https:\/\/saiga.es\/es\/wp-json\/wp\/v2\/product\/17103","targetHints":{"allow":["GET"]}}],"collection":[{"href":"https:\/\/saiga.es\/es\/wp-json\/wp\/v2\/product"}],"about":[{"href":"https:\/\/saiga.es\/es\/wp-json\/wp\/v2\/types\/product"}],"replies":[{"embeddable":true,"href":"https:\/\/saiga.es\/es\/wp-json\/wp\/v2\/comments?post=17103"}],"wp:featuredmedia":[{"embeddable":true,"href":"https:\/\/saiga.es\/es\/wp-json\/wp\/v2\/media\/18447"}],"wp:attachment":[{"href":"https:\/\/saiga.es\/es\/wp-json\/wp\/v2\/media?parent=17103"}],"wp:term":[{"taxonomy":"product_brand","embeddable":true,"href":"https:\/\/saiga.es\/es\/wp-json\/wp\/v2\/product_brand?post=17103"},{"taxonomy":"product_cat","embeddable":true,"href":"https:\/\/saiga.es\/es\/wp-json\/wp\/v2\/product_cat?post=17103"},{"taxonomy":"product_tag","embeddable":true,"href":"https:\/\/saiga.es\/es\/wp-json\/wp\/v2\/product_tag?post=17103"}],"curies":[{"name":"wp","href":"https:\/\/api.w.org\/{rel}","templated":true}]}}