{"id":17122,"date":"2025-10-14T07:24:15","date_gmt":"2025-10-14T07:24:15","guid":{"rendered":"https:\/\/saiga.es\/producte\/soplador-echo-ecplb-58v\/"},"modified":"2025-10-14T07:24:15","modified_gmt":"2025-10-14T07:24:15","slug":"soplador-echo-ecplb-58v","status":"publish","type":"product","link":"https:\/\/saiga.es\/es\/producto\/soplador-echo-ecplb-58v\/","title":{"rendered":"Soplador ECHO ECPLB-58V"},"content":{"rendered":"<div class=\"text-blue\">\n<p>Soplador de bater\u00eda ECHO ECPLB-58V con cargador r\u00e1pido ECBC-58V y bater\u00eda de 2Ah ECBP-58V2AH incluidos. Potencia 58V. Silencioso, sin vibraciones ni emisiones, econ\u00f3mico y f\u00e1cil de usar.  <\/p>\n<p>Precio: <strong>30 \u20ac<\/strong>\/d\u00eda (IVA no incl.)<\/p>\n<p>Recogida en las tiendas de Santa Llogaia d&#8217;\u00c0lguema y Girona.<\/p>\n<p><a href=\"https:\/\/saiga.es\/es\/contacto\/\">M\u00e1s informaci\u00f3n sobre el alquiler<\/a><\/p>\n<\/div>\n","protected":false},"excerpt":{"rendered":"<p>Soplador de bater\u00eda ECHO ECPLB-58V con cargador r\u00e1pido ECBC-58V y bater\u00eda de 2Ah ECBP-58V2AH incluidos. Potencia 58V. Silencioso, sin vibraciones ni emisiones, econ\u00f3mico y f\u00e1cil de usar. Precio: 30 \u20ac\/d\u00eda (IVA no incl.) Recogida en las tiendas de Santa Llogaia d&#8217;\u00c0lguema y Girona. M\u00e1s informaci\u00f3n sobre el alquiler<\/p>\n","protected":false},"featured_media":16993,"comment_status":"open","ping_status":"closed","template":"","meta":[],"product_brand":[],"product_cat":[2316],"product_tag":[],"class_list":{"0":"post-17122","1":"product","2":"type-product","3":"status-publish","4":"has-post-thumbnail","6":"product_cat-alquiler-de-maquinaria","8":"first","9":"instock","10":"taxable","11":"shipping-taxable","12":"product-type-simple"},"yoast_head":"<!-- This site is optimized with the Yoast SEO plugin v27.5 - https:\/\/yoast.com\/product\/yoast-seo-wordpress\/ -->\n<title>Soplador ECHO ECPLB-58V | SAIGA<\/title>\n<meta name=\"robots\" content=\"index, follow, max-snippet:-1, max-image-preview:large, max-video-preview:-1\" \/>\n<link rel=\"canonical\" href=\"https:\/\/saiga.es\/es\/producto\/soplador-echo-ecplb-58v\/\" \/>\n<meta property=\"og:locale\" content=\"es_ES\" \/>\n<meta property=\"og:type\" content=\"article\" \/>\n<meta property=\"og:title\" content=\"Soplador ECHO ECPLB-58V | SAIGA\" \/>\n<meta property=\"og:description\" content=\"Soplador de bater\u00eda ECHO ECPLB-58V con cargador r\u00e1pido ECBC-58V y bater\u00eda de 2Ah ECBP-58V2AH incluidos. Potencia 58V. Silencioso, sin vibraciones ni emisiones, econ\u00f3mico y f\u00e1cil de usar. Precio: 30 \u20ac\/d\u00eda (IVA no incl.) Recogida en las tiendas de Santa Llogaia d&#8217;\u00c0lguema y Girona. M\u00e1s informaci\u00f3n sobre el alquiler\" \/>\n<meta property=\"og:url\" content=\"https:\/\/saiga.es\/es\/producto\/soplador-echo-ecplb-58v\/\" \/>\n<meta property=\"og:site_name\" content=\"SAIGA\" \/>\n<meta property=\"og:image\" content=\"https:\/\/saiga.es\/wp-content\/uploads\/2025\/10\/bufador.png\" \/>\n\t<meta property=\"og:image:width\" content=\"540\" \/>\n\t<meta property=\"og:image:height\" content=\"540\" \/>\n\t<meta property=\"og:image:type\" content=\"image\/png\" \/>\n<meta name=\"twitter:card\" content=\"summary_large_image\" \/>\n<meta name=\"twitter:site\" content=\"@saiga_agro\" \/>\n<script type=\"application\/ld+json\" class=\"yoast-schema-graph\">{\"@context\":\"https:\\\/\\\/schema.org\",\"@graph\":[{\"@type\":\"WebPage\",\"@id\":\"https:\\\/\\\/saiga.es\\\/es\\\/producto\\\/soplador-echo-ecplb-58v\\\/\",\"url\":\"https:\\\/\\\/saiga.es\\\/es\\\/producto\\\/soplador-echo-ecplb-58v\\\/\",\"name\":\"Soplador ECHO ECPLB-58V | SAIGA\",\"isPartOf\":{\"@id\":\"https:\\\/\\\/saiga.es\\\/es\\\/#website\"},\"primaryImageOfPage\":{\"@id\":\"https:\\\/\\\/saiga.es\\\/es\\\/producto\\\/soplador-echo-ecplb-58v\\\/#primaryimage\"},\"image\":{\"@id\":\"https:\\\/\\\/saiga.es\\\/es\\\/producto\\\/soplador-echo-ecplb-58v\\\/#primaryimage\"},\"thumbnailUrl\":\"https:\\\/\\\/saiga.es\\\/wp-content\\\/uploads\\\/2025\\\/10\\\/bufador.png\",\"datePublished\":\"2025-10-14T07:24:15+00:00\",\"breadcrumb\":{\"@id\":\"https:\\\/\\\/saiga.es\\\/es\\\/producto\\\/soplador-echo-ecplb-58v\\\/#breadcrumb\"},\"inLanguage\":\"es\",\"potentialAction\":[{\"@type\":\"ReadAction\",\"target\":[\"https:\\\/\\\/saiga.es\\\/es\\\/producto\\\/soplador-echo-ecplb-58v\\\/\"]}]},{\"@type\":\"ImageObject\",\"inLanguage\":\"es\",\"@id\":\"https:\\\/\\\/saiga.es\\\/es\\\/producto\\\/soplador-echo-ecplb-58v\\\/#primaryimage\",\"url\":\"https:\\\/\\\/saiga.es\\\/wp-content\\\/uploads\\\/2025\\\/10\\\/bufador.png\",\"contentUrl\":\"https:\\\/\\\/saiga.es\\\/wp-content\\\/uploads\\\/2025\\\/10\\\/bufador.png\",\"width\":540,\"height\":540},{\"@type\":\"BreadcrumbList\",\"@id\":\"https:\\\/\\\/saiga.es\\\/es\\\/producto\\\/soplador-echo-ecplb-58v\\\/#breadcrumb\",\"itemListElement\":[{\"@type\":\"ListItem\",\"position\":1,\"name\":\"Inici\",\"item\":\"https:\\\/\\\/saiga.es\\\/es\\\/\"},{\"@type\":\"ListItem\",\"position\":2,\"name\":\"Tienda\",\"item\":\"https:\\\/\\\/saiga.es\\\/es\\\/tienda\\\/\"},{\"@type\":\"ListItem\",\"position\":3,\"name\":\"Soplador ECHO ECPLB-58V\"}]},{\"@type\":\"WebSite\",\"@id\":\"https:\\\/\\\/saiga.es\\\/es\\\/#website\",\"url\":\"https:\\\/\\\/saiga.es\\\/es\\\/\",\"name\":\"SAIGA\",\"description\":\"M\u00e9s de 50 anys al servei de la terra i treballant per a un \u00fas eficient de l\u2019aigua!\",\"publisher\":{\"@id\":\"https:\\\/\\\/saiga.es\\\/es\\\/#organization\"},\"potentialAction\":[{\"@type\":\"SearchAction\",\"target\":{\"@type\":\"EntryPoint\",\"urlTemplate\":\"https:\\\/\\\/saiga.es\\\/es\\\/?s={search_term_string}\"},\"query-input\":{\"@type\":\"PropertyValueSpecification\",\"valueRequired\":true,\"valueName\":\"search_term_string\"}}],\"inLanguage\":\"es\"},{\"@type\":\"Organization\",\"@id\":\"https:\\\/\\\/saiga.es\\\/es\\\/#organization\",\"name\":\"SAIGA\",\"url\":\"https:\\\/\\\/saiga.es\\\/es\\\/\",\"logo\":{\"@type\":\"ImageObject\",\"inLanguage\":\"es\",\"@id\":\"https:\\\/\\\/saiga.es\\\/es\\\/#\\\/schema\\\/logo\\\/image\\\/\",\"url\":\"https:\\\/\\\/saiga.es\\\/wp-content\\\/uploads\\\/2025\\\/07\\\/logo_saiga_baseline_optimitzat.svg\",\"contentUrl\":\"https:\\\/\\\/saiga.es\\\/wp-content\\\/uploads\\\/2025\\\/07\\\/logo_saiga_baseline_optimitzat.svg\",\"caption\":\"SAIGA\"},\"image\":{\"@id\":\"https:\\\/\\\/saiga.es\\\/es\\\/#\\\/schema\\\/logo\\\/image\\\/\"},\"sameAs\":[\"https:\\\/\\\/x.com\\\/saiga_agro\",\"https:\\\/\\\/www.instagram.com\\\/saiga_agro\\\/\"]}]}<\/script>\n<!-- \/ Yoast SEO plugin. -->","yoast_head_json":{"title":"Soplador ECHO ECPLB-58V | SAIGA","robots":{"index":"index","follow":"follow","max-snippet":"max-snippet:-1","max-image-preview":"max-image-preview:large","max-video-preview":"max-video-preview:-1"},"canonical":"https:\/\/saiga.es\/es\/producto\/soplador-echo-ecplb-58v\/","og_locale":"es_ES","og_type":"article","og_title":"Soplador ECHO ECPLB-58V | SAIGA","og_description":"Soplador de bater\u00eda ECHO ECPLB-58V con cargador r\u00e1pido ECBC-58V y bater\u00eda de 2Ah ECBP-58V2AH incluidos. Potencia 58V. Silencioso, sin vibraciones ni emisiones, econ\u00f3mico y f\u00e1cil de usar. Precio: 30 \u20ac\/d\u00eda (IVA no incl.) Recogida en las tiendas de Santa Llogaia d&#8217;\u00c0lguema y Girona. M\u00e1s informaci\u00f3n sobre el alquiler","og_url":"https:\/\/saiga.es\/es\/producto\/soplador-echo-ecplb-58v\/","og_site_name":"SAIGA","og_image":[{"width":540,"height":540,"url":"https:\/\/saiga.es\/wp-content\/uploads\/2025\/10\/bufador.png","type":"image\/png"}],"twitter_card":"summary_large_image","twitter_site":"@saiga_agro","schema":{"@context":"https:\/\/schema.org","@graph":[{"@type":"WebPage","@id":"https:\/\/saiga.es\/es\/producto\/soplador-echo-ecplb-58v\/","url":"https:\/\/saiga.es\/es\/producto\/soplador-echo-ecplb-58v\/","name":"Soplador ECHO ECPLB-58V | SAIGA","isPartOf":{"@id":"https:\/\/saiga.es\/es\/#website"},"primaryImageOfPage":{"@id":"https:\/\/saiga.es\/es\/producto\/soplador-echo-ecplb-58v\/#primaryimage"},"image":{"@id":"https:\/\/saiga.es\/es\/producto\/soplador-echo-ecplb-58v\/#primaryimage"},"thumbnailUrl":"https:\/\/saiga.es\/wp-content\/uploads\/2025\/10\/bufador.png","datePublished":"2025-10-14T07:24:15+00:00","breadcrumb":{"@id":"https:\/\/saiga.es\/es\/producto\/soplador-echo-ecplb-58v\/#breadcrumb"},"inLanguage":"es","potentialAction":[{"@type":"ReadAction","target":["https:\/\/saiga.es\/es\/producto\/soplador-echo-ecplb-58v\/"]}]},{"@type":"ImageObject","inLanguage":"es","@id":"https:\/\/saiga.es\/es\/producto\/soplador-echo-ecplb-58v\/#primaryimage","url":"https:\/\/saiga.es\/wp-content\/uploads\/2025\/10\/bufador.png","contentUrl":"https:\/\/saiga.es\/wp-content\/uploads\/2025\/10\/bufador.png","width":540,"height":540},{"@type":"BreadcrumbList","@id":"https:\/\/saiga.es\/es\/producto\/soplador-echo-ecplb-58v\/#breadcrumb","itemListElement":[{"@type":"ListItem","position":1,"name":"Inici","item":"https:\/\/saiga.es\/es\/"},{"@type":"ListItem","position":2,"name":"Tienda","item":"https:\/\/saiga.es\/es\/tienda\/"},{"@type":"ListItem","position":3,"name":"Soplador ECHO ECPLB-58V"}]},{"@type":"WebSite","@id":"https:\/\/saiga.es\/es\/#website","url":"https:\/\/saiga.es\/es\/","name":"SAIGA","description":"M\u00e9s de 50 anys al servei de la terra i treballant per a un \u00fas eficient de l\u2019aigua!","publisher":{"@id":"https:\/\/saiga.es\/es\/#organization"},"potentialAction":[{"@type":"SearchAction","target":{"@type":"EntryPoint","urlTemplate":"https:\/\/saiga.es\/es\/?s={search_term_string}"},"query-input":{"@type":"PropertyValueSpecification","valueRequired":true,"valueName":"search_term_string"}}],"inLanguage":"es"},{"@type":"Organization","@id":"https:\/\/saiga.es\/es\/#organization","name":"SAIGA","url":"https:\/\/saiga.es\/es\/","logo":{"@type":"ImageObject","inLanguage":"es","@id":"https:\/\/saiga.es\/es\/#\/schema\/logo\/image\/","url":"https:\/\/saiga.es\/wp-content\/uploads\/2025\/07\/logo_saiga_baseline_optimitzat.svg","contentUrl":"https:\/\/saiga.es\/wp-content\/uploads\/2025\/07\/logo_saiga_baseline_optimitzat.svg","caption":"SAIGA"},"image":{"@id":"https:\/\/saiga.es\/es\/#\/schema\/logo\/image\/"},"sameAs":["https:\/\/x.com\/saiga_agro","https:\/\/www.instagram.com\/saiga_agro\/"]}]}},"_links":{"self":[{"href":"https:\/\/saiga.es\/es\/wp-json\/wp\/v2\/product\/17122","targetHints":{"allow":["GET"]}}],"collection":[{"href":"https:\/\/saiga.es\/es\/wp-json\/wp\/v2\/product"}],"about":[{"href":"https:\/\/saiga.es\/es\/wp-json\/wp\/v2\/types\/product"}],"replies":[{"embeddable":true,"href":"https:\/\/saiga.es\/es\/wp-json\/wp\/v2\/comments?post=17122"}],"wp:featuredmedia":[{"embeddable":true,"href":"https:\/\/saiga.es\/es\/wp-json\/wp\/v2\/media\/16993"}],"wp:attachment":[{"href":"https:\/\/saiga.es\/es\/wp-json\/wp\/v2\/media?parent=17122"}],"wp:term":[{"taxonomy":"product_brand","embeddable":true,"href":"https:\/\/saiga.es\/es\/wp-json\/wp\/v2\/product_brand?post=17122"},{"taxonomy":"product_cat","embeddable":true,"href":"https:\/\/saiga.es\/es\/wp-json\/wp\/v2\/product_cat?post=17122"},{"taxonomy":"product_tag","embeddable":true,"href":"https:\/\/saiga.es\/es\/wp-json\/wp\/v2\/product_tag?post=17122"}],"curies":[{"name":"wp","href":"https:\/\/api.w.org\/{rel}","templated":true}]}}