{"id":17132,"date":"2025-10-14T07:47:07","date_gmt":"2025-10-14T07:47:07","guid":{"rendered":"https:\/\/saiga.es\/producte\/zanjadora\/"},"modified":"2025-10-14T07:47:07","modified_gmt":"2025-10-14T07:47:07","slug":"zanjadora","status":"publish","type":"product","link":"https:\/\/saiga.es\/es\/producto\/zanjadora\/","title":{"rendered":"Zanjadora"},"content":{"rendered":"<div class=\"text-blue\">\n<p>Zanjadora sin tracci\u00f3n Camon modelo TR12 con motor B&amp;S Vanguard de 6,5 cv. Es una de las m\u00e1s compactas en la actualidad. Permite al operario excavar una zanja en cualquier lugar. La zanjadora ideal para abrir zanjas para cables, tuber\u00edas, desag\u00fces, etc. Cuenta con 3 profundidades de trabajo, compacta, eficaz y f\u00e1cil de trabajar.    <\/p>\n<p>Precio: <strong>125 \u20ac<\/strong> \/ d\u00eda (IVA no incl.)<\/p>\n<p>Precio: <strong>25 \u20ac<\/strong> \/ d\u00eda (IVA no incl.)<\/p>\n<p>Recogida en las tiendas de Santa Llogaia d&#8217;\u00c0lguema y Girona.<\/p>\n<p><a href=\"https:\/\/saiga.es\/es\/contacto\/\">M\u00e1s informaci\u00f3n sobre el alquiler<\/a><\/p>\n<\/div>\n<p>* En estos momentos, no est\u00e1 disponible.<\/p>\n","protected":false},"excerpt":{"rendered":"<p>Zanjadora sin tracci\u00f3n Camon modelo TR12 con motor B&amp;S Vanguard de 6,5 cv. Es una de las m\u00e1s compactas en la actualidad. Permite al operario excavar una zanja en cualquier lugar. La zanjadora ideal para abrir zanjas para cables, tuber\u00edas, desag\u00fces, etc. Cuenta con 3 profundidades de trabajo, compacta, eficaz y f\u00e1cil de trabajar. Precio:&#8230;<\/p>\n","protected":false},"featured_media":17079,"comment_status":"open","ping_status":"closed","template":"","meta":[],"product_brand":[],"product_cat":[2316],"product_tag":[],"class_list":{"0":"post-17132","1":"product","2":"type-product","3":"status-publish","4":"has-post-thumbnail","6":"product_cat-alquiler-de-maquinaria","8":"first","9":"instock","10":"taxable","11":"shipping-taxable","12":"product-type-simple"},"yoast_head":"<!-- This site is optimized with the Yoast SEO plugin v27.5 - https:\/\/yoast.com\/product\/yoast-seo-wordpress\/ -->\n<title>Zanjadora | SAIGA<\/title>\n<meta name=\"robots\" content=\"index, follow, max-snippet:-1, max-image-preview:large, max-video-preview:-1\" \/>\n<link rel=\"canonical\" href=\"https:\/\/saiga.es\/es\/producto\/zanjadora\/\" \/>\n<meta property=\"og:locale\" content=\"es_ES\" \/>\n<meta property=\"og:type\" content=\"article\" \/>\n<meta property=\"og:title\" content=\"Zanjadora | SAIGA\" \/>\n<meta property=\"og:description\" content=\"Zanjadora sin tracci\u00f3n Camon modelo TR12 con motor B&amp;S Vanguard de 6,5 cv. Es una de las m\u00e1s compactas en la actualidad. Permite al operario excavar una zanja en cualquier lugar. La zanjadora ideal para abrir zanjas para cables, tuber\u00edas, desag\u00fces, etc. Cuenta con 3 profundidades de trabajo, compacta, eficaz y f\u00e1cil de trabajar. Precio:...\" \/>\n<meta property=\"og:url\" content=\"https:\/\/saiga.es\/es\/producto\/zanjadora\/\" \/>\n<meta property=\"og:site_name\" content=\"SAIGA\" \/>\n<meta property=\"og:image\" content=\"https:\/\/saiga.es\/wp-content\/uploads\/2025\/10\/maquina-de-fer-rases.jpg\" \/>\n\t<meta property=\"og:image:width\" content=\"680\" \/>\n\t<meta property=\"og:image:height\" content=\"680\" \/>\n\t<meta property=\"og:image:type\" content=\"image\/jpeg\" \/>\n<meta name=\"twitter:card\" content=\"summary_large_image\" \/>\n<meta name=\"twitter:site\" content=\"@saiga_agro\" \/>\n<script type=\"application\/ld+json\" class=\"yoast-schema-graph\">{\"@context\":\"https:\\\/\\\/schema.org\",\"@graph\":[{\"@type\":\"WebPage\",\"@id\":\"https:\\\/\\\/saiga.es\\\/es\\\/producto\\\/zanjadora\\\/\",\"url\":\"https:\\\/\\\/saiga.es\\\/es\\\/producto\\\/zanjadora\\\/\",\"name\":\"Zanjadora | SAIGA\",\"isPartOf\":{\"@id\":\"https:\\\/\\\/saiga.es\\\/es\\\/#website\"},\"primaryImageOfPage\":{\"@id\":\"https:\\\/\\\/saiga.es\\\/es\\\/producto\\\/zanjadora\\\/#primaryimage\"},\"image\":{\"@id\":\"https:\\\/\\\/saiga.es\\\/es\\\/producto\\\/zanjadora\\\/#primaryimage\"},\"thumbnailUrl\":\"https:\\\/\\\/saiga.es\\\/wp-content\\\/uploads\\\/2025\\\/10\\\/maquina-de-fer-rases.jpg\",\"datePublished\":\"2025-10-14T07:47:07+00:00\",\"breadcrumb\":{\"@id\":\"https:\\\/\\\/saiga.es\\\/es\\\/producto\\\/zanjadora\\\/#breadcrumb\"},\"inLanguage\":\"es\",\"potentialAction\":[{\"@type\":\"ReadAction\",\"target\":[\"https:\\\/\\\/saiga.es\\\/es\\\/producto\\\/zanjadora\\\/\"]}]},{\"@type\":\"ImageObject\",\"inLanguage\":\"es\",\"@id\":\"https:\\\/\\\/saiga.es\\\/es\\\/producto\\\/zanjadora\\\/#primaryimage\",\"url\":\"https:\\\/\\\/saiga.es\\\/wp-content\\\/uploads\\\/2025\\\/10\\\/maquina-de-fer-rases.jpg\",\"contentUrl\":\"https:\\\/\\\/saiga.es\\\/wp-content\\\/uploads\\\/2025\\\/10\\\/maquina-de-fer-rases.jpg\",\"width\":680,\"height\":680,\"caption\":\"xr:d:DAFyKduIq74:11,j:3894894882906886152,t:23102510\"},{\"@type\":\"BreadcrumbList\",\"@id\":\"https:\\\/\\\/saiga.es\\\/es\\\/producto\\\/zanjadora\\\/#breadcrumb\",\"itemListElement\":[{\"@type\":\"ListItem\",\"position\":1,\"name\":\"Inici\",\"item\":\"https:\\\/\\\/saiga.es\\\/es\\\/\"},{\"@type\":\"ListItem\",\"position\":2,\"name\":\"Tienda\",\"item\":\"https:\\\/\\\/saiga.es\\\/es\\\/tienda\\\/\"},{\"@type\":\"ListItem\",\"position\":3,\"name\":\"Zanjadora\"}]},{\"@type\":\"WebSite\",\"@id\":\"https:\\\/\\\/saiga.es\\\/es\\\/#website\",\"url\":\"https:\\\/\\\/saiga.es\\\/es\\\/\",\"name\":\"SAIGA\",\"description\":\"M\u00e9s de 50 anys al servei de la terra i treballant per a un \u00fas eficient de l\u2019aigua!\",\"publisher\":{\"@id\":\"https:\\\/\\\/saiga.es\\\/es\\\/#organization\"},\"potentialAction\":[{\"@type\":\"SearchAction\",\"target\":{\"@type\":\"EntryPoint\",\"urlTemplate\":\"https:\\\/\\\/saiga.es\\\/es\\\/?s={search_term_string}\"},\"query-input\":{\"@type\":\"PropertyValueSpecification\",\"valueRequired\":true,\"valueName\":\"search_term_string\"}}],\"inLanguage\":\"es\"},{\"@type\":\"Organization\",\"@id\":\"https:\\\/\\\/saiga.es\\\/es\\\/#organization\",\"name\":\"SAIGA\",\"url\":\"https:\\\/\\\/saiga.es\\\/es\\\/\",\"logo\":{\"@type\":\"ImageObject\",\"inLanguage\":\"es\",\"@id\":\"https:\\\/\\\/saiga.es\\\/es\\\/#\\\/schema\\\/logo\\\/image\\\/\",\"url\":\"https:\\\/\\\/saiga.es\\\/wp-content\\\/uploads\\\/2025\\\/07\\\/logo_saiga_baseline_optimitzat.svg\",\"contentUrl\":\"https:\\\/\\\/saiga.es\\\/wp-content\\\/uploads\\\/2025\\\/07\\\/logo_saiga_baseline_optimitzat.svg\",\"caption\":\"SAIGA\"},\"image\":{\"@id\":\"https:\\\/\\\/saiga.es\\\/es\\\/#\\\/schema\\\/logo\\\/image\\\/\"},\"sameAs\":[\"https:\\\/\\\/x.com\\\/saiga_agro\",\"https:\\\/\\\/www.instagram.com\\\/saiga_agro\\\/\"]}]}<\/script>\n<!-- \/ Yoast SEO plugin. -->","yoast_head_json":{"title":"Zanjadora | SAIGA","robots":{"index":"index","follow":"follow","max-snippet":"max-snippet:-1","max-image-preview":"max-image-preview:large","max-video-preview":"max-video-preview:-1"},"canonical":"https:\/\/saiga.es\/es\/producto\/zanjadora\/","og_locale":"es_ES","og_type":"article","og_title":"Zanjadora | SAIGA","og_description":"Zanjadora sin tracci\u00f3n Camon modelo TR12 con motor B&amp;S Vanguard de 6,5 cv. Es una de las m\u00e1s compactas en la actualidad. Permite al operario excavar una zanja en cualquier lugar. La zanjadora ideal para abrir zanjas para cables, tuber\u00edas, desag\u00fces, etc. Cuenta con 3 profundidades de trabajo, compacta, eficaz y f\u00e1cil de trabajar. Precio:...","og_url":"https:\/\/saiga.es\/es\/producto\/zanjadora\/","og_site_name":"SAIGA","og_image":[{"width":680,"height":680,"url":"https:\/\/saiga.es\/wp-content\/uploads\/2025\/10\/maquina-de-fer-rases.jpg","type":"image\/jpeg"}],"twitter_card":"summary_large_image","twitter_site":"@saiga_agro","schema":{"@context":"https:\/\/schema.org","@graph":[{"@type":"WebPage","@id":"https:\/\/saiga.es\/es\/producto\/zanjadora\/","url":"https:\/\/saiga.es\/es\/producto\/zanjadora\/","name":"Zanjadora | SAIGA","isPartOf":{"@id":"https:\/\/saiga.es\/es\/#website"},"primaryImageOfPage":{"@id":"https:\/\/saiga.es\/es\/producto\/zanjadora\/#primaryimage"},"image":{"@id":"https:\/\/saiga.es\/es\/producto\/zanjadora\/#primaryimage"},"thumbnailUrl":"https:\/\/saiga.es\/wp-content\/uploads\/2025\/10\/maquina-de-fer-rases.jpg","datePublished":"2025-10-14T07:47:07+00:00","breadcrumb":{"@id":"https:\/\/saiga.es\/es\/producto\/zanjadora\/#breadcrumb"},"inLanguage":"es","potentialAction":[{"@type":"ReadAction","target":["https:\/\/saiga.es\/es\/producto\/zanjadora\/"]}]},{"@type":"ImageObject","inLanguage":"es","@id":"https:\/\/saiga.es\/es\/producto\/zanjadora\/#primaryimage","url":"https:\/\/saiga.es\/wp-content\/uploads\/2025\/10\/maquina-de-fer-rases.jpg","contentUrl":"https:\/\/saiga.es\/wp-content\/uploads\/2025\/10\/maquina-de-fer-rases.jpg","width":680,"height":680,"caption":"xr:d:DAFyKduIq74:11,j:3894894882906886152,t:23102510"},{"@type":"BreadcrumbList","@id":"https:\/\/saiga.es\/es\/producto\/zanjadora\/#breadcrumb","itemListElement":[{"@type":"ListItem","position":1,"name":"Inici","item":"https:\/\/saiga.es\/es\/"},{"@type":"ListItem","position":2,"name":"Tienda","item":"https:\/\/saiga.es\/es\/tienda\/"},{"@type":"ListItem","position":3,"name":"Zanjadora"}]},{"@type":"WebSite","@id":"https:\/\/saiga.es\/es\/#website","url":"https:\/\/saiga.es\/es\/","name":"SAIGA","description":"M\u00e9s de 50 anys al servei de la terra i treballant per a un \u00fas eficient de l\u2019aigua!","publisher":{"@id":"https:\/\/saiga.es\/es\/#organization"},"potentialAction":[{"@type":"SearchAction","target":{"@type":"EntryPoint","urlTemplate":"https:\/\/saiga.es\/es\/?s={search_term_string}"},"query-input":{"@type":"PropertyValueSpecification","valueRequired":true,"valueName":"search_term_string"}}],"inLanguage":"es"},{"@type":"Organization","@id":"https:\/\/saiga.es\/es\/#organization","name":"SAIGA","url":"https:\/\/saiga.es\/es\/","logo":{"@type":"ImageObject","inLanguage":"es","@id":"https:\/\/saiga.es\/es\/#\/schema\/logo\/image\/","url":"https:\/\/saiga.es\/wp-content\/uploads\/2025\/07\/logo_saiga_baseline_optimitzat.svg","contentUrl":"https:\/\/saiga.es\/wp-content\/uploads\/2025\/07\/logo_saiga_baseline_optimitzat.svg","caption":"SAIGA"},"image":{"@id":"https:\/\/saiga.es\/es\/#\/schema\/logo\/image\/"},"sameAs":["https:\/\/x.com\/saiga_agro","https:\/\/www.instagram.com\/saiga_agro\/"]}]}},"_links":{"self":[{"href":"https:\/\/saiga.es\/es\/wp-json\/wp\/v2\/product\/17132","targetHints":{"allow":["GET"]}}],"collection":[{"href":"https:\/\/saiga.es\/es\/wp-json\/wp\/v2\/product"}],"about":[{"href":"https:\/\/saiga.es\/es\/wp-json\/wp\/v2\/types\/product"}],"replies":[{"embeddable":true,"href":"https:\/\/saiga.es\/es\/wp-json\/wp\/v2\/comments?post=17132"}],"wp:featuredmedia":[{"embeddable":true,"href":"https:\/\/saiga.es\/es\/wp-json\/wp\/v2\/media\/17079"}],"wp:attachment":[{"href":"https:\/\/saiga.es\/es\/wp-json\/wp\/v2\/media?parent=17132"}],"wp:term":[{"taxonomy":"product_brand","embeddable":true,"href":"https:\/\/saiga.es\/es\/wp-json\/wp\/v2\/product_brand?post=17132"},{"taxonomy":"product_cat","embeddable":true,"href":"https:\/\/saiga.es\/es\/wp-json\/wp\/v2\/product_cat?post=17132"},{"taxonomy":"product_tag","embeddable":true,"href":"https:\/\/saiga.es\/es\/wp-json\/wp\/v2\/product_tag?post=17132"}],"curies":[{"name":"wp","href":"https:\/\/api.w.org\/{rel}","templated":true}]}}